{"id":16888,"date":"2025-01-21T06:10:42","date_gmt":"2025-01-21T06:10:42","guid":{"rendered":"https:\/\/www.hydraulic-cylinders.net\/product\/arm-cylinder-for-baoding-sc240sd-8\/"},"modified":"2025-01-21T06:10:44","modified_gmt":"2025-01-21T06:10:44","slug":"arm-cylinder-for-baoding-sc240sd-8","status":"publish","type":"product","link":"https:\/\/www.hydraulic-cylinders.net\/da\/vare\/arm-cylinder-for-baoding-sc240sd-8\/","title":{"rendered":"Armcylinder til Baoding SC240SD.8"},"content":{"rendered":"<h1>Armcylinder til Baoding SC240SD.8<\/h1>\n<h2>Indledning<\/h2>\n<p>Armcylinderen er en specialdesignet hydraulisk cylinder, der prim\u00e6rt bruges til at give line\u00e6r bev\u00e6gelse og kraft til armene p\u00e5 forskellige typer maskiner s\u00e5som gravemaskiner, kraner og mekaniske arme. Armcylinderen spiller en afg\u00f8rende rolle i hydrauliske systemer, da den g\u00f8r det muligt for redskaber eller tilbeh\u00f8r at bev\u00e6ge sig og styres effektivt. Disse cylindre giver ikke kun j\u00e6vn bev\u00e6gelse, men kan ogs\u00e5 modst\u00e5 tunge belastninger, hvilket sikrer effektiv drift og p\u00e5lidelighed af maskineriet under forskellige arbejdsforhold.<\/p>\n<p><img decoding=\"async\" src=\"https:\/\/www.hydraulic-cylinders.net\/wp-content\/uploads\/2025\/01\/songte-company-2.webp\"><\/p>\n<h2>Funktioner<\/h2>\n<ul>\n<li>Effektiv kraftoverf\u00f8rsel: Armcylinderen kan give st\u00e6rk line\u00e6r bev\u00e6gelse og kraft, hvilket sikrer den mekaniske arms h\u00f8je effektivitet i forskellige operationer.<\/li>\n<li>Pr\u00e6cis styring: Gennem hydrauliske systemer kan armcylinderen opn\u00e5 pr\u00e6cis bev\u00e6gelseskontrol, hvilket g\u00f8r betjeningen af \u200b\u200b\u200b\u200bredskaber mere fleksibel og pr\u00e6cis.<\/li>\n<li>St\u00e6rk holdbarhed: Armcylinderen er normalt lavet af h\u00f8jstyrkematerialer og har god slid- og korrosionsbestandighed, egnet til langvarig brug i barske milj\u00f8er.<\/li>\n<li>Multifunktionel tilpasningsevne: Disse cylindre kan anvendes i vid udstr\u00e6kning i forskellige mekaniske udstyr s\u00e5som gravemaskiner, kraner og mekaniske arme og tilpasser sig forskellige arbejdskrav.<\/li>\n<li>Nem vedligeholdelse: Designet tager h\u00f8jde for nem vedligeholdelse og udskiftning, hvilket g\u00f8r regelm\u00e6ssig inspektion og vedligeholdelse mere bekvem og reducerer udstyrets nedetid.<\/li>\n<\/ul>\n<p>Vi kan producere dette produkt, og vores produkter kan perfekt erstatte disse hydrauliske cylindre.<\/p>\n<p><img decoding=\"async\" src=\"https:\/\/www.hydraulic-cylinders.net\/wp-content\/uploads\/2025\/01\/songte-oil-pipes-and-spare-parts.webp\"><\/p>\n<h2>Applikationer<\/h2>\n<p>Armcylinderen bruges i vid udstr\u00e6kning i forskellige brancher s\u00e5som:<\/p>\n<ul>\n<li>Konstruktion: I gravemaskiner og kraner bruges armcylinderen til at styre skovlens eller bommens bev\u00e6gelse til jordflytning, materialeh\u00e5ndtering og montering af strukturer.<\/li>\n<li>Fremstilling: I automatiserede produktionslinjer bruges armcylinderen til bev\u00e6gelse af mekaniske arme, til montering, svejsning og h\u00e5ndteringsprocesser, hvilket forbedrer produktionseffektiviteten og n\u00f8jagtigheden.<\/li>\n<li>Landbrugsmaskiner: I landbrugsmaskiner s\u00e5som mejet\u00e6rskere og s\u00e5maskiner styrer armcylinderen bev\u00e6gelsen af \u200b\u200b\u200b\u200barmen og udf\u00f8rer opgaver som s\u00e5ning, g\u00f8dning og h\u00f8st.<\/li>\n<li>Minedrift: I minedriftsudstyr bruges armcylinderen til at styre armbev\u00e6gelsen p\u00e5 minedriftsudstyr til minedrift og transport af malm.<\/li>\n<li>Logistik og transport: I gaffeltrucks og h\u00e5ndteringsrobotter bruges armcylinderen til at styre gaffelens l\u00f8ft og bev\u00e6gelse, hvilket muligg\u00f8r materialeh\u00e5ndtering og stabling.<\/li>\n<\/ul>\n<h2>Designovervejelser og udv\u00e6lgelseskriterier<\/h2>\n<p>Fra et designperspektiv skal armcylinderen tage f\u00f8lgende i betragtning:<\/p>\n<h3>B\u00e6reevne<\/h3>\n<p>Armcylinderen skal kunne b\u00e6re belastningen og yde den n\u00f8dvendige kraft til operationen. Cylinderens diameter og slagl\u00e6ngde skal tages i betragtning ved valg af cylinder.<\/p>\n<h3>Forsegling<\/h3>\n<p>Armcylinderen skal have god t\u00e6tningsevne for at forhindre l\u00e6kage. Forskellige t\u00e6tningskomponenter s\u00e5som stempelt\u00e6tninger og stangt\u00e6tninger anvendes til at sikre t\u00e6tningsevnen. T\u00e6tningskomponenterne er lavet af slidst\u00e6rke materialer s\u00e5som polyurethan og nitrilgummi.<\/p>\n<h3>Holdbarhed<\/h3>\n<p>Armcylinderen skal v\u00e6re holdbar og have god slid- og korrosionsbestandighed. H\u00f8jstyrkematerialer, overfladebehandlinger og bel\u00e6gninger kan bruges til at forbedre holdbarheden.<\/p>\n<h3>Sikkerhed<\/h3>\n<p>Armcylinderen skal v\u00e6re sikker og p\u00e5lidelig med funktioner som overbelastningsbeskyttelse og n\u00f8dstopfunktioner.<\/p>\n<h3>Vedligeholdelsesevne<\/h3>\n<p>Armcylinderen skal v\u00e6re nem at vedligeholde og reparere. Cylinderens design skal v\u00e6re let at skille ad og samle, og udskiftning af komponenter skal v\u00e6re enkel.<\/p>\n<p><img decoding=\"async\" src=\"https:\/\/www.hydraulic-cylinders.net\/wp-content\/uploads\/2025\/01\/songte-cylinder-head-with-all-kinds-excavator-models.webp\"><\/p>\n<h2>T\u00e6tning og sm\u00f8ring<\/h2>\n<p>Armcylinderen bruger forskellige t\u00e6tningskomponenter s\u00e5som stempelt\u00e6tninger og stangt\u00e6tninger for at sikre t\u00e6tningsevnen. T\u00e6tningskomponenterne er lavet af slidst\u00e6rke materialer s\u00e5som polyurethan og nitrilgummi. Cylinderhuset og gevindenden er fint forarbejdet for at forbedre slidstyrken. Regelm\u00e6ssig sm\u00f8ring med hydraulikolie er n\u00f8dvendig for at sikre cylinderens problemfri drift.<\/p>\n<h2>Regelm\u00e6ssig inspektion og forebyggende vedligeholdelse<\/h2>\n<p>For at sikre armcylinderens langsigtede p\u00e5lidelighed og sikkerhed er regelm\u00e6ssig inspektion og forebyggende vedligeholdelse afg\u00f8rende. F\u00f8lgende foranstaltninger b\u00f8r tr\u00e6ffes:<\/p>\n<ul>\n<li>Inspicer regelm\u00e6ssigt cylinderhuset, stempelstangen og t\u00e6tningskomponenterne for slid og skader.<\/li>\n<li>Udskift t\u00e6tningskomponenterne regelm\u00e6ssigt for at sikre t\u00e6tningsydelsen.<\/li>\n<li>Kontroller og udskift hydraulikolien regelm\u00e6ssigt.<\/li>\n<li>Kontroller og sp\u00e6nd regelm\u00e6ssigt fastg\u00f8relseselementerne.<\/li>\n<li>Inspicer og udskift filterelementet regelm\u00e6ssigt.<\/li>\n<\/ul>\n<p><img decoding=\"async\" src=\"https:\/\/www.hydraulic-cylinders.net\/wp-content\/uploads\/2025\/01\/songte-chushion-collar.webp\"><\/p>\n<h2>Installationsvejledning<\/h2>\n<p>Monteringen af \u200b\u200barmcylinderen skal udf\u00f8res i henhold til instruktionerne:<\/p>\n<ol>\n<li>S\u00f8rg for, at installationsfladen er plan og ren.<\/li>\n<li>Installer cylinderen i henhold til pilens retning p\u00e5 cylinderhuset.<\/li>\n<li>V\u00e6r opm\u00e6rksom p\u00e5 cylinderens monteringsposition, og undg\u00e5 at stempelstangen rammes af eksterne genstande.<\/li>\n<li>S\u00f8rg for, at fastg\u00f8relseselementerne er sp\u00e6ndt til det angivne moment.<\/li>\n<li>Kontroll\u00e9r cylinderens funktion efter installation for at sikre, at cylinderen fungerer gnidningsl\u00f8st og korrekt.<\/li>\n<\/ol>\n<p><img decoding=\"async\" src=\"https:\/\/www.hydraulic-cylinders.net\/wp-content\/uploads\/2025\/01\/songte-bushings-with-all-kinds-of-excavator-models.webp\"><\/p>\n<h2>Sikkerhedshensyn og milj\u00f8faktorer<\/h2>\n<p>Ved brug af armcylinderen skal der tr\u00e6ffes sikkerhedsforanstaltninger for at forhindre ulykker. F\u00f8lgende sikkerhedsforanstaltninger skal tages i betragtning:<\/p>\n<ul>\n<li>S\u00f8rg for, at cylinderen er installeret og brugt i henhold til instruktionerne.<\/li>\n<li>V\u00e6r opm\u00e6rksom p\u00e5 cylinderens lasteevne, og overskrid ikke den angivne gr\u00e6nse.<\/li>\n<li>Kontroller regelm\u00e6ssigt cylinderen for slid og skader, og udskift komponenterne i tide.<\/li>\n<li>Brug beskyttelsesudstyr for at forhindre ulykker for\u00e5rsaget af olieudslip.<\/li>\n<\/ul>\n<h2>Fejlfinding og almindelige problemer<\/h2>\n<p>Almindelige problemer med armcylinderen omfatter oliel\u00e6kage, utilstr\u00e6kkelig effekt og unormal st\u00f8j. F\u00f8lgende tips og l\u00f8sninger kan hj\u00e6lpe med at diagnosticere og l\u00f8se problemer:<\/p>\n<ul>\n<li>Hvis der er oliel\u00e6kage i cylinderhuset, skal t\u00e6tningskomponenterne kontrolleres og udskiftes om n\u00f8dvendigt.<\/li>\n<li>Hvis effekten er utilstr\u00e6kkelig, skal du kontrollere lasteevnen og justere hydrauliksystemet i overensstemmelse hermed.<\/li>\n<li>Hvis der er unormal st\u00f8j, skal du kontrollere fastg\u00f8relseselementer og t\u00e6tningskomponenter og sp\u00e6nde dem om n\u00f8dvendigt.<\/li>\n<\/ul>\n<p>Forebyggende foranstaltninger s\u00e5som regelm\u00e6ssig inspektion, vedligeholdelse og udskiftning af komponenter kan reducere potentielle problemer og sikre armcylinderens langsigtede p\u00e5lidelighed.<\/p>\n<p><img decoding=\"async\" src=\"https:\/\/www.hydraulic-cylinders.net\/wp-content\/uploads\/2025\/01\/songte-company-4.webp\"><br \/>\n<img decoding=\"async\" src=\"https:\/\/www.hydraulic-cylinders.net\/wp-content\/uploads\/2025\/01\/songte-company-3.webp\"><\/p>\n<h2>Om os<\/h2>\n<p>Vi er en professionel producent af hydrauliske udskiftningscylindre med en bred vifte af produkter. Vi er blevet en af \u200b\u200bde f\u00f8rende producenter og grossister af hydrauliske cylindre p\u00e5 det indenlandske og internationale marked. Vi overholder altid princippet om fremragende kvalitet og bruger strategier for industriel produktionsstyring i pr\u00e6cisionsproduktionsv\u00e6rksteder til l\u00f8bende at forbedre det tekniske niveau og produktionseffektiviteten. Ved at introducere avanceret digitalt produktionsudstyr og professionelle testsystemer optimerer vi l\u00f8bende produktionsplatformen, forbedrer produktkvalitetskontrolprocessen og har st\u00e6rke innovationsevner. Vores m\u00e5l er at im\u00f8dekomme kundernes forskellige behov med effektive, pr\u00e6cise og h\u00f8jkvalitetsprincipper.<\/p>\n<h3>Professionalitet<\/h3>\n<p>Vi er et team af erfarne fagfolk, der er dedikeret til at levere produkter og tjenester af den bedste kvalitet til vores kunder. Vi har en dyb forst\u00e5else af hydrauliske cylindre og kan tilbyde professionel r\u00e5dgivning og l\u00f8sninger, der im\u00f8dekommer forskellige kunders behov.<\/p>\n<h3>International certificering<\/h3>\n<p>Vores produkter har best\u00e5et forskellige internationale certificeringer s\u00e5som ISO9001, CE og SGS, og vi kontrollerer strengt kvaliteten af \u200b\u200bprodukterne i henhold til internationale standarder.<\/p>\n<h3>Tilpasningstjenester<\/h3>\n<p>Vi kan tilbyde tilpasningstjenester i henhold til kundernes specifikke behov, s\u00e5som specielle st\u00f8rrelser, former og materialer.<\/p>\n<h3>Produktionsudstyr<\/h3>\n<p>Vi har avanceret produktionsudstyr s\u00e5som CNC-bearbejdningscentre, pr\u00e6cisionsslibemaskiner og automatiske svejsemaskiner for at sikre h\u00f8j pr\u00e6cision og automatisering af produktionen.<\/p>\n<h3>Eftersalgsservice<\/h3>\n<p>Vi tilbyder omfattende eftersalgsservice, herunder teknisk support, vedligeholdelse og reparation, for at sikre, at kunderne kan bruge vores produkter med tillid.<\/p>\n<p>Forfatter: lyl<\/p>","protected":false},"excerpt":{"rendered":"<p>Arm Cylinder For Baoding SC240SD.8 Introduction The arm cylinder is a specially designed hydraulic cylinder that is primarily used to provide linear motion and power to the arms of various types of machinery such as excavators, cranes, and mechanical arms. The arm cylinder plays a crucial role in hydraulic systems, enabling attachments or accessories to [&hellip;]<\/p>","protected":false},"featured_media":14786,"comment_status":"open","ping_status":"closed","template":"","meta":{"_et_pb_use_builder":"","_et_pb_old_content":"","_et_gb_content_width":""},"product_brand":[],"product_cat":[1497],"product_tag":[1498,1496],"class_list":{"0":"post-16888","1":"product","2":"type-product","3":"status-publish","4":"has-post-thumbnail","6":"product_cat-arm-cylinders","7":"product_tag-arm-cylinders","8":"product_tag-hydraulic-cylinders","10":"first","11":"instock","12":"shipping-taxable","13":"product-type-simple"},"amp_enabled":true,"_links":{"self":[{"href":"https:\/\/www.hydraulic-cylinders.net\/da\/wp-json\/wp\/v2\/product\/16888","targetHints":{"allow":["GET"]}}],"collection":[{"href":"https:\/\/www.hydraulic-cylinders.net\/da\/wp-json\/wp\/v2\/product"}],"about":[{"href":"https:\/\/www.hydraulic-cylinders.net\/da\/wp-json\/wp\/v2\/types\/product"}],"replies":[{"embeddable":true,"href":"https:\/\/www.hydraulic-cylinders.net\/da\/wp-json\/wp\/v2\/comments?post=16888"}],"wp:featuredmedia":[{"embeddable":true,"href":"https:\/\/www.hydraulic-cylinders.net\/da\/wp-json\/wp\/v2\/media\/14786"}],"wp:attachment":[{"href":"https:\/\/www.hydraulic-cylinders.net\/da\/wp-json\/wp\/v2\/media?parent=16888"}],"wp:term":[{"taxonomy":"product_brand","embeddable":true,"href":"https:\/\/www.hydraulic-cylinders.net\/da\/wp-json\/wp\/v2\/product_brand?post=16888"},{"taxonomy":"product_cat","embeddable":true,"href":"https:\/\/www.hydraulic-cylinders.net\/da\/wp-json\/wp\/v2\/product_cat?post=16888"},{"taxonomy":"product_tag","embeddable":true,"href":"https:\/\/www.hydraulic-cylinders.net\/da\/wp-json\/wp\/v2\/product_tag?post=16888"}],"curies":[{"name":"wp","href":"https:\/\/api.w.org\/{rel}","templated":true}]}}