{"id":16937,"date":"2025-01-21T06:14:10","date_gmt":"2025-01-21T06:14:10","guid":{"rendered":"https:\/\/www.hydraulic-cylinders.net\/product\/arm-cylinder-for-xiniu-xn120-l\/"},"modified":"2025-01-21T06:14:12","modified_gmt":"2025-01-21T06:14:12","slug":"arm-cylinder-for-xiniu-xn120-l","status":"publish","type":"product","link":"https:\/\/www.hydraulic-cylinders.net\/da\/vare\/arm-cylinder-for-xiniu-xn120-l\/","title":{"rendered":"Armcylinder til Xiniu XN120-L"},"content":{"rendered":"<h2>Armcylinder til Xiniu XN120-L<\/h2>\n<p>Armcylinderen, ogs\u00e5 kendt som den hydrauliske cylinder, er en specialiseret cylinder designet til at give line\u00e6r bev\u00e6gelse og kraft til armen p\u00e5 forskellige maskiner s\u00e5som gravemaskiner, kraner og robotarme. I hydrauliske systemer spiller armcylinderen en afg\u00f8rende rolle i at muligg\u00f8re j\u00e6vn bev\u00e6gelse og kontrol af p\u00e5monterede v\u00e6rkt\u00f8jer eller tilbeh\u00f8r. Disse cylindre muligg\u00f8r ikke kun problemfri bev\u00e6gelse, men kan ogs\u00e5 modst\u00e5 tunge belastninger, hvilket sikrer effektiv drift og p\u00e5lidelighed af maskineriet under forskellige arbejdsforhold.<\/p>\n<p><img decoding=\"async\" src=\"https:\/\/www.hydraulic-cylinders.net\/wp-content\/uploads\/2025\/01\/songte-company-2.webp\" alt=\"Armcylinderbillede\" \/><\/p>\n<h2>Funktioner ved armcylinder til Xiniu XN120-L<\/h2>\n<ul>\n<li><strong>H\u00f8jeffektiv transmission:<\/strong> Armcylinderen giver kraftig line\u00e6r bev\u00e6gelse og kraft, hvilket sikrer den mekaniske arms h\u00f8je ydeevne i forskellige operationer.<\/li>\n<li><strong>Pr\u00e6cisionskontrol:<\/strong> Gennem det hydrauliske system muligg\u00f8r armcylinderen pr\u00e6cis bev\u00e6gelseskontrol, hvilket g\u00f8r betjeningen af \u200b\u200b\u200b\u200btilkoblede v\u00e6rkt\u00f8jer mere fleksibel og pr\u00e6cis.<\/li>\n<li><strong>Holdbarhed:<\/strong> Armcylindre er typisk fremstillet af h\u00f8jstyrkematerialer, der tilbyder fremragende slid- og korrosionsbestandighed, hvilket g\u00f8r dem velegnede til langvarig brug i barske milj\u00f8er.<\/li>\n<li><strong>Multifunktionel tilpasningsevne:<\/strong> Disse cylindre finder omfattende anvendelser i forskellige maskiner, herunder gravemaskiner, kraner og robotarme, hvilket g\u00f8r dem tilpasningsdygtige til forskellige jobkrav.<\/li>\n<li><strong>Nem vedligeholdelse:<\/strong> Armcylindre er designet med nem vedligeholdelse og udskiftning i tankerne og muligg\u00f8r praktisk periodisk inspektion og vedligeholdelse, hvilket minimerer udstyrets nedetid.<\/li>\n<\/ul>\n<p><img decoding=\"async\" src=\"https:\/\/www.hydraulic-cylinders.net\/wp-content\/uploads\/2025\/01\/songte-oil-pipes-and-spare-parts.webp\" alt=\"Reservedele til armcylinder\" \/><\/p>\n<h2>Anvendelser af armcylinder<\/h2>\n<p>Armcylindre har forskellige anvendelser i forskellige brancher:<\/p>\n<ul>\n<li><strong>Byggeriteknik:<\/strong> I gravemaskiner og kraner styrer armcylindre bev\u00e6gelsen af \u200b\u200bskovle eller bomme til jordarbejde, materialeh\u00e5ndtering og strukturel installation.<\/li>\n<li><strong>Fremstillingsindustri:<\/strong> I automatiserede produktionslinjer muligg\u00f8r armcylindre bev\u00e6gelse af robotarme til processer som montering, svejsning og materialeh\u00e5ndtering, hvilket forbedrer produktivitet og pr\u00e6cision.<\/li>\n<li><strong>Landbrugsmaskiner:<\/strong> I landbrugsmaskiner som mejet\u00e6rskere og s\u00e5maskiner styrer armcylindre bev\u00e6gelsen af \u200b\u200b\u200b\u200bbetjeningsarmene til opgaver som plantning, g\u00f8dning og h\u00f8st.<\/li>\n<li><strong>Minedrift:<\/strong> I minedriftsudstyr styrer armcylindre armbev\u00e6gelsen af \u200b\u200bminedriftsmaskiner til malmudvinding og transport.<\/li>\n<li><strong>Logistik og transport:<\/strong> I gaffeltrucks og h\u00e5ndteringsrobotter styrer armcylindre l\u00f8ft og bev\u00e6gelse af gafler, hvilket muligg\u00f8r materialeh\u00e5ndtering og stabling.<\/li>\n<\/ul>\n<h2>Designovervejelser og udv\u00e6lgelseskriterier<\/h2>\n<p>Ved design af armcylindre skal flere n\u00f8glefaktorer tages i betragtning:<\/p>\n<ul>\n<li><strong>B\u00e6reevne:<\/strong> Armcylinderen skal v\u00e6re konstrueret til at modst\u00e5 de forventede belastninger og kr\u00e6fter, der opst\u00e5r i den specifikke applikation.<\/li>\n<li><strong>Forsegling:<\/strong> Forskellige t\u00e6tningselementer, s\u00e5som stempelt\u00e6tninger og stangt\u00e6tninger lavet af slidst\u00e6rke materialer som polyurethan og nitrilgummi, anvendes for at sikre optimal t\u00e6tningsydelse.<\/li>\n<li><strong>Holdbarhed:<\/strong> Cylinderhuset og gevindenderne gennemg\u00e5r pr\u00e6cise behandlinger for at forbedre slidstyrken og sikre langvarig ydeevne.<\/li>\n<li><strong>Sikkerhed:<\/strong> Sikkerhedsaspekter tages i betragtning under designprocessen for at forhindre ulykker eller funktionsfejl, der kan bringe personale eller udstyr i fare.<\/li>\n<li><strong>Vedligeholdelsesevne:<\/strong> Funktioner til nem vedligeholdelse og reparation er indarbejdet i designet, hvilket g\u00f8r regelm\u00e6ssige inspektioner og vedligeholdelse praktisk og minimerer nedetid.<\/li>\n<\/ul>\n<p><img decoding=\"async\" src=\"https:\/\/www.hydraulic-cylinders.net\/wp-content\/uploads\/2025\/01\/songte-cylinder-head-with-all-kinds-excavator-models.webp\" alt=\"Arm topstykke\" \/><\/p>\n<h2>T\u00e6tning og sm\u00f8ring af armcylinder<\/h2>\n<p>Armcylinderen har forskellige pakninger og kr\u00e6ver periodisk sm\u00f8ring:<\/p>\n<ul>\n<li>T\u00e6tninger: Stempelt\u00e6tninger, stangt\u00e6tninger og andre t\u00e6tningskomponenter lavet af slidst\u00e6rke materialer anvendes til at opretholde optimal hydraulisk ydeevne.<\/li>\n<li>Sm\u00f8ring: Regelm\u00e6ssig sm\u00f8ring med den passende hydraulikolie sikrer problemfri drift og forl\u00e6nger cylinderens levetid.<\/li>\n<\/ul>\n<h2>Regelm\u00e6ssig inspektion og forebyggende vedligeholdelsesforanstaltninger<\/h2>\n<p>For at sikre optimal ydeevne og levetid for armcylinderen b\u00f8r f\u00f8lgende foranstaltninger tr\u00e6ffes:<\/p>\n<ul>\n<li>Inspicer regelm\u00e6ssigt cylinderen for tegn p\u00e5 slid, l\u00e6kage eller skader.<\/li>\n<li>Kontroll\u00e9r hydraulikolieniveauet og -kvaliteten for at sikre korrekt sm\u00f8ring og forhindre kontaminering.<\/li>\n<li>Sp\u00e6nd alle l\u00f8se forbindelser eller fittings for at bevare det hydrauliske systems integritet.<\/li>\n<li>Udskift slidte pakninger eller komponenter omg\u00e5ende for at forhindre yderligere skader eller fejl.<\/li>\n<\/ul>\n<h2>Retningslinjer for produktinstallation<\/h2>\n<p>Korrekt installation af armcylinderen er afg\u00f8rende for dens optimale ydeevne. F\u00f8lg disse retningslinjer:<\/p>\n<ul>\n<li>S\u00f8rg for korrekt justering og orientering af cylinderen under installationen.<\/li>\n<li>Fastg\u00f8r alle forbindelser forsvarligt, s\u00f8rg for korrekt t\u00e6tning og forebyg l\u00e6kager.<\/li>\n<li>Kontroller og juster det hydrauliske systems tryk og flowhastighed i henhold til producentens specifikationer.<\/li>\n<li>Udf\u00f8r en grundig inspektion efter installationen for at sikre korrekt funktionalitet.<\/li>\n<\/ul>\n<p><img decoding=\"async\" src=\"https:\/\/www.hydraulic-cylinders.net\/wp-content\/uploads\/2025\/01\/songte-bushings-with-all-kinds-of-excavator-models.webp\" alt=\"Armcylinderb\u00f8sninger\" \/><\/p>\n<h2>Sikkerhedshensyn og milj\u00f8faktorer<\/h2>\n<p>N\u00e5r man bruger armcylindre, er det afg\u00f8rende at prioritere sikkerhedsforanstaltninger p\u00e5 grund af den kritiske rolle, de spiller. Sikkerhedsfunktioner og forholdsregler b\u00f8r implementeres for at forhindre ulykker eller skader p\u00e5 personale og udstyr. Derudover er det vigtigt at overveje milj\u00f8faktorer s\u00e5som korrekt affaldsbortskaffelse og overholdelse af relevante regler.<\/p>\n<h2>Fejlfinding og almindelige problemer<\/h2>\n<p>Fejlfinding af armcylinder og l\u00f8sning af almindelige problemer kan omfatte:<\/p>\n<ul>\n<li>Identificering og diagnosticering af problemer s\u00e5som l\u00e6kage, uregelm\u00e6ssig bev\u00e6gelse eller utilstr\u00e6kkelig kraft.<\/li>\n<li>Kontrol og justering af hydrauliske systemparametre, herunder tryk og flowhastighed.<\/li>\n<li>Inspicering af t\u00e6tninger og komponenter for slid eller beskadigelse og udskiftning om n\u00f8dvendigt.<\/li>\n<\/ul>\n<p>Korrekt vedligeholdelse og forebyggende foranstaltninger kan hj\u00e6lpe med at minimere potentielle problemer og sikre armcylinderens fortsatte ydeevne.<\/p>\n<p><img decoding=\"async\" src=\"https:\/\/www.hydraulic-cylinders.net\/wp-content\/uploads\/2025\/01\/songte-chushion-collar.webp\" alt=\"Armcylinderpudekrave\" \/><\/p>\n<p>Afslutningsvis er vi en professionel producent, der specialiserer sig i produktion af udskiftningscylindre til arm. Med en bred vifte af produkter er vi blevet en af \u200b\u200bde f\u00f8rende producenter og grossistdistribut\u00f8rer af hydrauliske cylindre p\u00e5 b\u00e5de indenlandske og internationale markeder. Vores engagement i ekspertise og industrialiseret produktionsstyring, underst\u00f8ttet af avancerede produktionsfaciliteter og professionelle testsystemer, giver os mulighed for l\u00f8bende at forbedre vores tekniske kapaciteter og produktionseffektivitet. Vi er stolte af vores innovative evner og sigter mod at im\u00f8dekomme forskellige kunders behov med effektivitet, pr\u00e6cision og produkter af h\u00f8j kvalitet.<\/p>\n<p><img decoding=\"async\" src=\"https:\/\/www.hydraulic-cylinders.net\/wp-content\/uploads\/2025\/01\/songte-company-4.webp\" alt=\"Virksomhedens image\" \/><br \/>\n<img decoding=\"async\" src=\"https:\/\/www.hydraulic-cylinders.net\/wp-content\/uploads\/2025\/01\/songte-company-3.webp\" alt=\"Virksomhedens image\" \/><\/p>\n<p>Som virksomhed l\u00e6gger vi v\u00e6gt p\u00e5 vores professionalisme, internationale certificeringer, skr\u00e6ddersyede tjenester, produktionsudstyr og eftersalgsservice. Vi str\u00e6ber efter at levere de bedste l\u00f8sninger til vores kunder og opretholde langvarige partnerskaber.<\/p>\n<p>Forfatter: lyl<\/p>","protected":false},"excerpt":{"rendered":"<p>Arm Cylinder For Xiniu XN120-L The arm cylinder, also known as the hydraulic cylinder, is a specialized cylinder designed to provide linear motion and power to the arm of various machinery such as excavators, cranes, and robotic arms. In hydraulic systems, the arm cylinder plays a crucial role in enabling the smooth movement and control [&hellip;]<\/p>","protected":false},"featured_media":14759,"comment_status":"open","ping_status":"closed","template":"","meta":{"_et_pb_use_builder":"","_et_pb_old_content":"","_et_gb_content_width":""},"product_brand":[],"product_cat":[1497],"product_tag":[1498,1496],"class_list":{"0":"post-16937","1":"product","2":"type-product","3":"status-publish","4":"has-post-thumbnail","6":"product_cat-arm-cylinders","7":"product_tag-arm-cylinders","8":"product_tag-hydraulic-cylinders","10":"first","11":"instock","12":"shipping-taxable","13":"product-type-simple"},"amp_enabled":true,"_links":{"self":[{"href":"https:\/\/www.hydraulic-cylinders.net\/da\/wp-json\/wp\/v2\/product\/16937","targetHints":{"allow":["GET"]}}],"collection":[{"href":"https:\/\/www.hydraulic-cylinders.net\/da\/wp-json\/wp\/v2\/product"}],"about":[{"href":"https:\/\/www.hydraulic-cylinders.net\/da\/wp-json\/wp\/v2\/types\/product"}],"replies":[{"embeddable":true,"href":"https:\/\/www.hydraulic-cylinders.net\/da\/wp-json\/wp\/v2\/comments?post=16937"}],"wp:featuredmedia":[{"embeddable":true,"href":"https:\/\/www.hydraulic-cylinders.net\/da\/wp-json\/wp\/v2\/media\/14759"}],"wp:attachment":[{"href":"https:\/\/www.hydraulic-cylinders.net\/da\/wp-json\/wp\/v2\/media?parent=16937"}],"wp:term":[{"taxonomy":"product_brand","embeddable":true,"href":"https:\/\/www.hydraulic-cylinders.net\/da\/wp-json\/wp\/v2\/product_brand?post=16937"},{"taxonomy":"product_cat","embeddable":true,"href":"https:\/\/www.hydraulic-cylinders.net\/da\/wp-json\/wp\/v2\/product_cat?post=16937"},{"taxonomy":"product_tag","embeddable":true,"href":"https:\/\/www.hydraulic-cylinders.net\/da\/wp-json\/wp\/v2\/product_tag?post=16937"}],"curies":[{"name":"wp","href":"https:\/\/api.w.org\/{rel}","templated":true}]}}