{"id":16982,"date":"2025-01-21T08:46:17","date_gmt":"2025-01-21T08:46:17","guid":{"rendered":"https:\/\/www.hydraulic-cylinders.net\/?post_type=product&#038;p=16982"},"modified":"2025-04-11T03:15:39","modified_gmt":"2025-04-11T03:15:39","slug":"hcyy11112002-forklift-steering-cylinder","status":"publish","type":"product","link":"https:\/\/www.hydraulic-cylinders.net\/da\/vare\/hcyy11112002-forklift-steering-cylinder\/","title":{"rendered":"HCYY11112002 Gaffeltruck Styrecylinder"},"content":{"rendered":"<h1 style=\"text-align: center;\"><strong>HCYY11112002 Gaffeltruck Styrecylinder\u00a0<\/strong><\/h1>\n<h1 style=\"text-align: center;\"><strong><img loading=\"lazy\" decoding=\"async\" class=\"alignnone size-full wp-image-16984\" src=\"https:\/\/www.hydraulic-cylinders.net\/wp-content\/uploads\/2025\/01\/hcyy11112002-forklift-lifting-cylinder-2.webp\" alt=\"\" width=\"1496\" height=\"517\" srcset=\"https:\/\/www.hydraulic-cylinders.net\/wp-content\/uploads\/2025\/01\/hcyy11112002-forklift-lifting-cylinder-2.webp 1496w, https:\/\/www.hydraulic-cylinders.net\/wp-content\/uploads\/2025\/01\/hcyy11112002-forklift-lifting-cylinder-2-1280x442.webp 1280w, https:\/\/www.hydraulic-cylinders.net\/wp-content\/uploads\/2025\/01\/hcyy11112002-forklift-lifting-cylinder-2-980x339.webp 980w, https:\/\/www.hydraulic-cylinders.net\/wp-content\/uploads\/2025\/01\/hcyy11112002-forklift-lifting-cylinder-2-480x166.webp 480w\" sizes=\"(min-width: 0px) and (max-width: 480px) 480px, (min-width: 481px) and (max-width: 980px) 980px, (min-width: 981px) and (max-width: 1280px) 1280px, (min-width: 1281px) 1496px, 100vw\" \/> <\/strong><\/h1>\n<p>HCYY11112002 gaffeltrucks styrecylinder er en vigtig komponent, der forbedrer gaffeltrucks man\u00f8vredygtighed og kontrol betydeligt i forskellige driftsmilj\u00f8er. Denne styrecylinder er konstrueret til b\u00e5de effektivitet og p\u00e5lidelighed og giver f\u00f8reren mulighed for at navigere i trange rum og h\u00e5ndtere tunge l\u00e6s uden besv\u00e6r.<\/p>\n<p>Som en essentiel del af enhver gaffeltruckoperation tilbyder HCYY11112002 robust konstruktion, exceptionel responsivitet og nem vedligeholdelse, hvilket g\u00f8r den til et ideelt valg for virksomheder, der sigter mod at forbedre deres materialeh\u00e5ndteringskapaciteter. Ved at overholde korrekt brugs- og vedligeholdelsespraksis kan du sikre, at styrecylinderen fungerer problemfrit og effektivt, hvilket f\u00f8rer til sikrere og mere effektive operationer.<\/p>\n<p>Investering i komponenter af h\u00f8j kvalitet som HCYY11112002 \u00f8ger ikke kun produktiviteten, men forbedrer ogs\u00e5 den samlede sikkerhed for dine medarbejdere. Oplev den forskel, som p\u00e5lidelig styring kan g\u00f8re, og transformer din driftseffektivitet i dag!<\/p>\n<h2><strong>HCYY11112002 Gaffeltrucks styrecylinder Parameter:<\/strong><\/h2>\n<h1 style=\"text-align: center;\"><strong><img loading=\"lazy\" decoding=\"async\" class=\"alignnone size-full wp-image-16983\" src=\"https:\/\/www.hydraulic-cylinders.net\/wp-content\/uploads\/2025\/01\/hcyy11112002-forklift-lifting-cylinder-1.webp\" alt=\"\" width=\"1514\" height=\"142\" srcset=\"https:\/\/www.hydraulic-cylinders.net\/wp-content\/uploads\/2025\/01\/hcyy11112002-forklift-lifting-cylinder-1.webp 1514w, https:\/\/www.hydraulic-cylinders.net\/wp-content\/uploads\/2025\/01\/hcyy11112002-forklift-lifting-cylinder-1-1280x120.webp 1280w, https:\/\/www.hydraulic-cylinders.net\/wp-content\/uploads\/2025\/01\/hcyy11112002-forklift-lifting-cylinder-1-980x92.webp 980w, https:\/\/www.hydraulic-cylinders.net\/wp-content\/uploads\/2025\/01\/hcyy11112002-forklift-lifting-cylinder-1-480x45.webp 480w\" sizes=\"(min-width: 0px) and (max-width: 480px) 480px, (min-width: 481px) and (max-width: 980px) 980px, (min-width: 981px) and (max-width: 1280px) 1280px, (min-width: 1281px) 1514px, 100vw\" \/><\/strong><\/h1>\n<h1 style=\"text-align: center;\"><strong><img loading=\"lazy\" decoding=\"async\" class=\"alignnone size-full wp-image-16985\" src=\"https:\/\/www.hydraulic-cylinders.net\/wp-content\/uploads\/2025\/01\/hcyy11112002-forklift-lifting-cylinder-3.webp\" alt=\"\" width=\"1479\" height=\"707\" srcset=\"https:\/\/www.hydraulic-cylinders.net\/wp-content\/uploads\/2025\/01\/hcyy11112002-forklift-lifting-cylinder-3.webp 1479w, https:\/\/www.hydraulic-cylinders.net\/wp-content\/uploads\/2025\/01\/hcyy11112002-forklift-lifting-cylinder-3-1280x612.webp 1280w, https:\/\/www.hydraulic-cylinders.net\/wp-content\/uploads\/2025\/01\/hcyy11112002-forklift-lifting-cylinder-3-980x468.webp 980w, https:\/\/www.hydraulic-cylinders.net\/wp-content\/uploads\/2025\/01\/hcyy11112002-forklift-lifting-cylinder-3-480x229.webp 480w\" sizes=\"(min-width: 0px) and (max-width: 480px) 480px, (min-width: 481px) and (max-width: 980px) 980px, (min-width: 981px) and (max-width: 1280px) 1280px, (min-width: 1281px) 1479px, 100vw\" \/> <img loading=\"lazy\" decoding=\"async\" class=\"alignnone size-full wp-image-16986\" src=\"https:\/\/www.hydraulic-cylinders.net\/wp-content\/uploads\/2025\/01\/hcyy11112002-forklift-lifting-cylinder-4.webp\" alt=\"\" width=\"1477\" height=\"710\" srcset=\"https:\/\/www.hydraulic-cylinders.net\/wp-content\/uploads\/2025\/01\/hcyy11112002-forklift-lifting-cylinder-4.webp 1477w, https:\/\/www.hydraulic-cylinders.net\/wp-content\/uploads\/2025\/01\/hcyy11112002-forklift-lifting-cylinder-4-1280x615.webp 1280w, https:\/\/www.hydraulic-cylinders.net\/wp-content\/uploads\/2025\/01\/hcyy11112002-forklift-lifting-cylinder-4-980x471.webp 980w, https:\/\/www.hydraulic-cylinders.net\/wp-content\/uploads\/2025\/01\/hcyy11112002-forklift-lifting-cylinder-4-480x231.webp 480w\" sizes=\"(min-width: 0px) and (max-width: 480px) 480px, (min-width: 481px) and (max-width: 980px) 980px, (min-width: 981px) and (max-width: 1280px) 1280px, (min-width: 1281px) 1477px, 100vw\" \/> <img loading=\"lazy\" decoding=\"async\" class=\"alignnone size-full wp-image-16987\" src=\"https:\/\/www.hydraulic-cylinders.net\/wp-content\/uploads\/2025\/01\/hcyy11112002-forklift-lifting-cylinder-5.webp\" alt=\"\" width=\"1495\" height=\"730\" srcset=\"https:\/\/www.hydraulic-cylinders.net\/wp-content\/uploads\/2025\/01\/hcyy11112002-forklift-lifting-cylinder-5.webp 1495w, https:\/\/www.hydraulic-cylinders.net\/wp-content\/uploads\/2025\/01\/hcyy11112002-forklift-lifting-cylinder-5-1280x625.webp 1280w, https:\/\/www.hydraulic-cylinders.net\/wp-content\/uploads\/2025\/01\/hcyy11112002-forklift-lifting-cylinder-5-980x479.webp 980w, https:\/\/www.hydraulic-cylinders.net\/wp-content\/uploads\/2025\/01\/hcyy11112002-forklift-lifting-cylinder-5-480x234.webp 480w\" sizes=\"(min-width: 0px) and (max-width: 480px) 480px, (min-width: 481px) and (max-width: 980px) 980px, (min-width: 981px) and (max-width: 1280px) 1280px, (min-width: 1281px) 1495px, 100vw\" \/><\/strong><\/h1>\n<h1 style=\"text-align: center;\"><\/h1>\n<h2>\u00a0<strong>Gaffeltruckcylinderserie:\u00a0<\/strong><\/h2>\n<h2><img loading=\"lazy\" decoding=\"async\" class=\"alignnone size-full wp-image-16971\" src=\"https:\/\/www.hydraulic-cylinders.net\/wp-content\/uploads\/2025\/01\/fork-lift-cylinder.webp\" alt=\"\" width=\"2004\" height=\"2529\" srcset=\"https:\/\/www.hydraulic-cylinders.net\/wp-content\/uploads\/2025\/01\/fork-lift-cylinder.webp 2004w, https:\/\/www.hydraulic-cylinders.net\/wp-content\/uploads\/2025\/01\/fork-lift-cylinder-1280x1615.webp 1280w, https:\/\/www.hydraulic-cylinders.net\/wp-content\/uploads\/2025\/01\/fork-lift-cylinder-980x1237.webp 980w, https:\/\/www.hydraulic-cylinders.net\/wp-content\/uploads\/2025\/01\/fork-lift-cylinder-480x606.webp 480w\" sizes=\"(min-width: 0px) and (max-width: 480px) 480px, (min-width: 481px) and (max-width: 980px) 980px, (min-width: 981px) and (max-width: 1280px) 1280px, (min-width: 1281px) 2004px, 100vw\" \/><\/h2>\n<h2><strong>N\u00f8glefunktioner ved HCYY11112002 gaffeltrucks styrecylinder:<\/strong><\/h2>\n<ul>\n<li><strong>Holdbar konstruktion<\/strong>HCYY11112002 er fremstillet af materialer af h\u00f8j kvalitet og bygget til at modst\u00e5 kravene fra kr\u00e6vende opgaver og barske arbejdsforhold. Dens robuste design sikrer enest\u00e5ende levetid og p\u00e5lidelighed, hvilket minimerer behovet for hyppige udskiftninger.<\/li>\n<li><strong>H\u00f8j responsivitet<\/strong>Oplev uovertruffen kontrol med denne styrecylinder, der leverer hurtige og pr\u00e6cise styreresponser. F\u00f8rere kan ubesv\u00e6ret navigere i sn\u00e6vre sving og komplekse konstruktioner, hvilket resulterer i mere j\u00e6vne sving og forbedret h\u00e5ndtering af laster. Denne respons forbedrer ikke kun effektiviteten, men \u00f8ger ogs\u00e5 den samlede sikkerhed.<\/li>\n<li><strong>Korrosionsbestandighed<\/strong>: The HCYY11112002 features specially treated surfaces that resist rust and deterioration. This corrosion-resistant property extends the cylinder&#8217;s lifespan and maintains optimal performance, even in environments exposed to moisture or harsh chemicals.<\/li>\n<li><strong>Nem installation<\/strong>HCYY11112002 er designet med brugervenlighed i tankerne og muligg\u00f8r nem installation. Den intuitive ops\u00e6tningsproces minimerer nedetid og muligg\u00f8r hurtige udskiftninger og reparationer. Denne funktion betyder mindre forstyrrelser i din drift og mere tid til produktivitet.<\/li>\n<li><strong>Bred kompatibilitet<\/strong>Alsidighed er et kendetegn ved HCYY11112002. Denne styrecylinder er konstrueret til at passe til forskellige gaffeltruckmodeller og tilpasser sig problemfrit til forskellige systemer, hvilket g\u00f8r den til et ideelt valg til forskellige virksomheder. Uanset om du bruger en enkelt type gaffeltruck eller en fl\u00e5de, opfylder denne komponent nemt dine forskellige behov.<\/li>\n<li><strong>Forbedrede sikkerhedsfunktioner<\/strong>Med avancerede sikkerhedsmekanismer sikrer HCYY11112002 stabil drift under forskellige forhold. Dette ekstra sikkerhedslag beskytter b\u00e5de operat\u00f8rer og laster og forbedrer dermed det samlede arbejdsmilj\u00f8 yderligere.<\/li>\n<li><strong>Lav vedligeholdelseskrav<\/strong>HCYY11112002 er designet til holdbarhed og effektivitet og kr\u00e6ver minimal vedligeholdelse. Regelm\u00e6ssig kontrol og lejlighedsvis sm\u00f8ring sikrer, at den yder sit bedste, s\u00e5 dit team kan fokusere p\u00e5 deres opgaver uden at bekymre sig om hyppig service.<\/li>\n<\/ul>\n<p>Ved at v\u00e6lge HCYY11112002 gaffeltrucks styrecylinder investerer du i et produkt, der forbedrer driftseffektiviteten og bidrager til en sikrere og mere produktiv arbejdsplads. Oplev den forskel, disse avancerede funktioner kan g\u00f8re i dine materialeh\u00e5ndteringsoperationer!<\/p>\n<h2><strong>Hvad er tegnene p\u00e5, at en gaffeltrucks styrecylinder skal udskiftes?<\/strong><\/h2>\n<p>En velfungerende styrecylinder er afg\u00f8rende for sikker betjening af din gaffeltruck. Her er nogle tydelige tegn p\u00e5, at det kan v\u00e6re tid til en udskiftning:<\/p>\n<ol>\n<li><strong>Hydraulisk v\u00e6skel\u00e6kage<\/strong><br \/>\nIf you notice puddles of hydraulic fluid beneath your forklift, it\u2019s a red flag. Leaks indicate that the seals within the steering cylinder may be worn or damaged, compromising the system&#8217;s integrity.<\/li>\n<li><strong>Styringsvanskeligheder<\/strong><br \/>\nHvis du har sv\u00e6rt ved at dreje rattet eller m\u00e6rker en kraftig modstand, kan det v\u00e6re tegn p\u00e5 underliggende problemer. Et responsivt styresystem er afg\u00f8rende for effektivitet og sikkerhed, s\u00e5 ignorer ikke disse symptomer.<\/li>\n<li><strong>Us\u00e6dvanlige lyde<\/strong><br \/>\nV\u00e6r opm\u00e6rksom p\u00e5 eventuelle skurrende, knirkende eller klonkende lyde under drift. Disse lyde kan indikere mekanisk slid eller forkert justering i styrecylinderen, hvilket kan f\u00f8re til mere alvorlige problemer, hvis det ikke g\u00f8res.<\/li>\n<li><strong>Slidte pakninger og b\u00f8sninger<\/strong><br \/>\nUnders\u00f8g regelm\u00e6ssigt pakninger og b\u00f8sninger for tegn p\u00e5 slid. Revner eller flosning kan f\u00f8re til l\u00e6kager og reduceret ydeevne, hvilket g\u00f8r rettidig udskiftning afg\u00f8rende.<\/li>\n<li><strong>Inkonsekvent bev\u00e6gelse<\/strong><br \/>\nIf your forklift&#8217;s steering feels jerky or unsteady, it may indicate hydraulic issues within the cylinder. Smooth steering is vital for precise maneuvering, especially in tight spaces.<\/li>\n<li><strong>Overdreven leg<\/strong><br \/>\nEn m\u00e6rkbar for\u00f8gelse af sl\u00f8r eller l\u00f8shed i rattet kan v\u00e6re tegn p\u00e5, at styrecylinderen er ved at svigte. Dette kan p\u00e5virke din kontrol og \u00f8ge risikoen for ulykker.<\/li>\n<li><strong>Advarselslamper<\/strong><br \/>\nMange moderne gaffeltrucks har diagnosesystemer, der advarer dig om potentielle problemer. Hvis du ser en advarselslampe relateret til styringen, skal du tage det alvorligt og straks unders\u00f8ge sagen.<\/li>\n<\/ol>\n<p>Ved at v\u00e6re proaktiv omkring disse tegn kan du spare dig for dyre reparationer og usikre driftsforhold. Regelm\u00e6ssig vedligeholdelse og rettidig udskiftning sikrer, at din gaffeltruck forbliver p\u00e5lidelig og effektiv. Hvis du bem\u00e6rker nogen af \u200b\u200bdisse symptomer, skal du kontakte en professionel for at vurdere situationen og overveje at udskifte din styrecylinder for optimal ydeevne. Din sikkerhed og produktivitet afh\u00e6nger af det!<\/p>\n<h2><strong>Produktionsomr\u00e5de for gaffeltruckcylinder:<\/strong><\/h2>\n<h2><img loading=\"lazy\" decoding=\"async\" class=\"alignnone size-full wp-image-16972\" src=\"https:\/\/www.hydraulic-cylinders.net\/wp-content\/uploads\/2025\/01\/hydraulic-cylinder-factory-1-scaled.webp\" alt=\"\" width=\"2016\" height=\"2560\" srcset=\"https:\/\/www.hydraulic-cylinders.net\/wp-content\/uploads\/2025\/01\/hydraulic-cylinder-factory-1-scaled.webp 2016w, https:\/\/www.hydraulic-cylinders.net\/wp-content\/uploads\/2025\/01\/hydraulic-cylinder-factory-1-1280x1625.webp 1280w, https:\/\/www.hydraulic-cylinders.net\/wp-content\/uploads\/2025\/01\/hydraulic-cylinder-factory-1-980x1244.webp 980w, https:\/\/www.hydraulic-cylinders.net\/wp-content\/uploads\/2025\/01\/hydraulic-cylinder-factory-1-480x610.webp 480w\" sizes=\"(min-width: 0px) and (max-width: 480px) 480px, (min-width: 481px) and (max-width: 980px) 980px, (min-width: 981px) and (max-width: 1280px) 1280px, (min-width: 1281px) 2016px, 100vw\" \/><\/h2>\n<p>Vi har en f\u00f8rsteklasses uafh\u00e6ngig R&amp;D-platform til montering. Gaffeltruckcylinderproduktionsv\u00e6rkstedet har fire halvautomatiske l\u00f8ftecylindermonteringslinjer og en fuldautomatisk vippecylindermonteringslinje med en designm\u00e6ssig \u00e5rlig produktionskapacitet p\u00e5 millioner af enheder. Specialcylinderv\u00e6rkstedet har halvautomatiske reng\u00f8rings- og monteringssystemer med forskellige specifikationer med en designm\u00e6ssig \u00e5rlig produktionskapacitet p\u00e5 200.000 enheder. Det er udstyret med CNC-bearbejdningsudstyr fra kendte m\u00e6rker, bearbejdningscentre, specialudstyr til h\u00f8jpr\u00e6cisionscylinderbearbejdning, robotsvejsemaskiner, automatiske reng\u00f8ringsmaskiner, automatiske cylindermonteringsmaskiner og automatiske malingsproduktionslinjer. Vi har mere end 300 s\u00e6t n\u00f8gleudstyr i drift. Den optimerede allokering og effektive udnyttelse af udstyrsressourcer sikrer pr\u00e6cisionskravene til produkterne og opfylder produkternes h\u00f8je kvalitetskrav.<\/p>\n<p>Bearbejdningsv\u00e6rkstedet er udstyret med specialfremstillede drejecentre til tilt-f\u00f8ringsskinne, bearbejdningscentre, h\u00f8jhastigheds-honemaskiner, svejserobotter og andet relevant udstyr, der kan h\u00e5ndtere bearbejdning af cylinderr\u00f8r med en maksimal inderdiameter p\u00e5 400 mm og en maksimal l\u00e6ngde p\u00e5 6 meter.<\/p>\n<h2><img loading=\"lazy\" decoding=\"async\" class=\"alignnone size-full wp-image-16973\" src=\"https:\/\/www.hydraulic-cylinders.net\/wp-content\/uploads\/2025\/01\/hydraulic-cylinder-factory-2-scaled.webp\" alt=\"\" width=\"2011\" height=\"2560\" srcset=\"https:\/\/www.hydraulic-cylinders.net\/wp-content\/uploads\/2025\/01\/hydraulic-cylinder-factory-2-scaled.webp 2011w, https:\/\/www.hydraulic-cylinders.net\/wp-content\/uploads\/2025\/01\/hydraulic-cylinder-factory-2-1280x1629.webp 1280w, https:\/\/www.hydraulic-cylinders.net\/wp-content\/uploads\/2025\/01\/hydraulic-cylinder-factory-2-980x1248.webp 980w, https:\/\/www.hydraulic-cylinders.net\/wp-content\/uploads\/2025\/01\/hydraulic-cylinder-factory-2-480x611.webp 480w\" sizes=\"(min-width: 0px) and (max-width: 480px) 480px, (min-width: 481px) and (max-width: 980px) 980px, (min-width: 981px) and (max-width: 1280px) 1280px, (min-width: 1281px) 2011px, 100vw\" \/><\/h2>\n<p>Vi har en fuldautomatisk vandbaseret malingslinje til sm\u00e5 og mellemstore cylindre, som realiserer automatisk p\u00e5- og afl\u00e6sning samt automatiske spr\u00f8jterobotter med en designkapacitet p\u00e5 4000 pladser pr. skift. Vi har en anden halvautomatisk malelinje til store cylindre, der drives af en kabelk\u00e6de, og den designm\u00e6ssige kapacitet er 60 kasser pr. skift.<\/p>\n<p>For yderligere at forbedre produkternes ydeevne og etablere vores hydrauliske cylindres f\u00f8rende position i branchen, har vores virksomhed og zjimee i f\u00e6llesskab etableret et omfattende ydeevnelaboratorium for hydrauliske cylindre, hydrauliske ventiler og hydrauliske pumper. Laboratoriet udf\u00f8rer computerassisteret test ved hj\u00e6lp af elektrohydraulisk teknologi, og testbetingelserne forudindstilles af en computer, hvilket forbedrer testn\u00f8jagtigheden og systemets alsidighed samt de eksperimentelle data.<\/p>\n<p>Den automatiske indsamling sker ved hj\u00e6lp af sensorer, og outputdataene, s\u00e5som intern l\u00e6kage og belastningseffektivitet for cylinderen eller ventilen, behandles direkte af computeren og konverteres til standardenheder (ml\/min%). Samtidig udf\u00f8res tilstandsoverv\u00e5gningsfunktionen for n\u00f8glepr\u00e6stationsparametre s\u00e5som \"olietemperaturoverv\u00e5gning, v\u00e6skeniveauoverv\u00e5gning, filterenhedsoverv\u00e5gning\" osv. for at sikre det hydrauliske systems driftssikkerhed. Blandt disse kan den hydrauliske cylinders teststand teste ydeevnen af \u200b\u200b\"belastningen\".<br \/>\neffektivitet \"og\" intern l\u00e6kage\" ved afl\u00e6sninger. Samtidig er den udstyret med et gitterlinealm\u00e5leinstrument, der opfylder kravene til alle testelementer af hydrauliske cylinderprodukter i henhold til den nationale standard.<\/p>","protected":false},"excerpt":{"rendered":"<p>HCYY11112002 Forklift Steering Cylinder\u00a0 The HCYY11112002 Forklift Steering Cylinder stands as a vital component that significantly boosts the maneuverability and control of forklifts across diverse operational environments. Crafted for both efficiency and reliability, this steering cylinder empowers operators to navigate tight spaces and manage heavy loads effortlessly. As an essential part of any forklift operation, [&hellip;]<\/p>","protected":false},"featured_media":16988,"comment_status":"open","ping_status":"closed","template":"","meta":{"_et_pb_use_builder":"","_et_pb_old_content":"","_et_gb_content_width":""},"product_brand":[],"product_cat":[1550,1484,1376],"product_tag":[],"class_list":{"0":"post-16982","1":"product","2":"type-product","3":"status-publish","4":"has-post-thumbnail","6":"product_cat-double-acting-hydraulic-cylinder","7":"product_cat-forklift-hydraulic-cylinders","8":"product_cat-hydraulic-cylinder","10":"first","11":"instock","12":"shipping-taxable","13":"product-type-simple"},"amp_enabled":true,"_links":{"self":[{"href":"https:\/\/www.hydraulic-cylinders.net\/da\/wp-json\/wp\/v2\/product\/16982","targetHints":{"allow":["GET"]}}],"collection":[{"href":"https:\/\/www.hydraulic-cylinders.net\/da\/wp-json\/wp\/v2\/product"}],"about":[{"href":"https:\/\/www.hydraulic-cylinders.net\/da\/wp-json\/wp\/v2\/types\/product"}],"replies":[{"embeddable":true,"href":"https:\/\/www.hydraulic-cylinders.net\/da\/wp-json\/wp\/v2\/comments?post=16982"}],"wp:featuredmedia":[{"embeddable":true,"href":"https:\/\/www.hydraulic-cylinders.net\/da\/wp-json\/wp\/v2\/media\/16988"}],"wp:attachment":[{"href":"https:\/\/www.hydraulic-cylinders.net\/da\/wp-json\/wp\/v2\/media?parent=16982"}],"wp:term":[{"taxonomy":"product_brand","embeddable":true,"href":"https:\/\/www.hydraulic-cylinders.net\/da\/wp-json\/wp\/v2\/product_brand?post=16982"},{"taxonomy":"product_cat","embeddable":true,"href":"https:\/\/www.hydraulic-cylinders.net\/da\/wp-json\/wp\/v2\/product_cat?post=16982"},{"taxonomy":"product_tag","embeddable":true,"href":"https:\/\/www.hydraulic-cylinders.net\/da\/wp-json\/wp\/v2\/product_tag?post=16982"}],"curies":[{"name":"wp","href":"https:\/\/api.w.org\/{rel}","templated":true}]}}