{"id":17047,"date":"2025-02-05T02:02:28","date_gmt":"2025-02-05T02:02:28","guid":{"rendered":"https:\/\/www.hydraulic-cylinders.net\/?post_type=product&#038;p=17047"},"modified":"2025-04-02T08:28:41","modified_gmt":"2025-04-02T08:28:41","slug":"lift-cylinder-for-crawler-crane","status":"publish","type":"product","link":"https:\/\/www.hydraulic-cylinders.net\/da\/vare\/lift-cylinder-for-crawler-crane\/","title":{"rendered":"L\u00f8ftecylinder til b\u00e6ltekran"},"content":{"rendered":"<h1 style=\"text-align: center;\"><strong>L\u00f8ftecylinder til b\u00e6ltekran<\/strong><\/h1>\n<h1 style=\"text-align: center;\"><img loading=\"lazy\" decoding=\"async\" class=\"alignnone size-full wp-image-17048\" src=\"https:\/\/www.hydraulic-cylinders.net\/wp-content\/uploads\/2025\/02\/hcyy11112018-lift-cylinder-2.webp\" alt=\"\" width=\"1524\" height=\"539\" srcset=\"https:\/\/www.hydraulic-cylinders.net\/wp-content\/uploads\/2025\/02\/hcyy11112018-lift-cylinder-2.webp 1524w, https:\/\/www.hydraulic-cylinders.net\/wp-content\/uploads\/2025\/02\/hcyy11112018-lift-cylinder-2-1280x453.webp 1280w, https:\/\/www.hydraulic-cylinders.net\/wp-content\/uploads\/2025\/02\/hcyy11112018-lift-cylinder-2-980x347.webp 980w, https:\/\/www.hydraulic-cylinders.net\/wp-content\/uploads\/2025\/02\/hcyy11112018-lift-cylinder-2-480x170.webp 480w\" sizes=\"(min-width: 0px) and (max-width: 480px) 480px, (min-width: 481px) and (max-width: 980px) 980px, (min-width: 981px) and (max-width: 1280px) 1280px, (min-width: 1281px) 1524px, 100vw\" \/><\/h1>\n<p>Vores l\u00f8ftecylindre til b\u00e6ltekraner er designet til at levere kraftfuld og p\u00e5lidelig l\u00f8fteevne til tunge applikationer. Disse hydrauliske cylindre er specielt konstrueret til b\u00e6ltekraner og leverer den n\u00f8dvendige kraft til at l\u00f8fte kranarme (bomme) med pr\u00e6cision og underst\u00f8tte belastninger p\u00e5 op til 590 tons i kr\u00e6vende milj\u00f8er s\u00e5som byggepladser, brobygning og minedrift. Vores l\u00f8ftecylindre er konstrueret med h\u00f8jstyrkest\u00e5l og har avancerede t\u00e6tningssystemer, der sikrer holdbarhed og l\u00e6kagefri drift, selv under ekstreme dynamiske belastninger og barske forhold.<\/p>\n<p>Med en trykklassificering p\u00e5 op til 35 MPa og valgfri korrosionsbestandige bel\u00e6gninger er de bygget til langvarig p\u00e5lidelighed i barskt terr\u00e6n. Uanset om du hejser st\u00e5lbj\u00e6lker eller placerer tungt udstyr, garanterer vores l\u00f8ftecylindre til b\u00e6ltekraner sikkerhed, effektivitet og uovertruffen ydeevne til dine l\u00f8ftebehov.<\/p>\n<h2><strong>L\u00f8ftecylinder til b\u00e6ltekranparameter:<\/strong><\/h2>\n<h1 style=\"text-align: center;\"><img loading=\"lazy\" decoding=\"async\" class=\"alignnone size-full wp-image-17049\" src=\"https:\/\/www.hydraulic-cylinders.net\/wp-content\/uploads\/2025\/02\/hcyy11112018-lift-cylinder-1.webp\" alt=\"\" width=\"1515\" height=\"147\" srcset=\"https:\/\/www.hydraulic-cylinders.net\/wp-content\/uploads\/2025\/02\/hcyy11112018-lift-cylinder-1.webp 1515w, https:\/\/www.hydraulic-cylinders.net\/wp-content\/uploads\/2025\/02\/hcyy11112018-lift-cylinder-1-1280x124.webp 1280w, https:\/\/www.hydraulic-cylinders.net\/wp-content\/uploads\/2025\/02\/hcyy11112018-lift-cylinder-1-980x95.webp 980w, https:\/\/www.hydraulic-cylinders.net\/wp-content\/uploads\/2025\/02\/hcyy11112018-lift-cylinder-1-480x47.webp 480w\" sizes=\"(min-width: 0px) and (max-width: 480px) 480px, (min-width: 481px) and (max-width: 980px) 980px, (min-width: 981px) and (max-width: 1280px) 1280px, (min-width: 1281px) 1515px, 100vw\" \/> <img loading=\"lazy\" decoding=\"async\" class=\"alignnone size-full wp-image-17051\" src=\"https:\/\/www.hydraulic-cylinders.net\/wp-content\/uploads\/2025\/02\/hcyy11112018-lift-cylinder-3.webp\" alt=\"\" width=\"1477\" height=\"707\" srcset=\"https:\/\/www.hydraulic-cylinders.net\/wp-content\/uploads\/2025\/02\/hcyy11112018-lift-cylinder-3.webp 1477w, https:\/\/www.hydraulic-cylinders.net\/wp-content\/uploads\/2025\/02\/hcyy11112018-lift-cylinder-3-1280x613.webp 1280w, https:\/\/www.hydraulic-cylinders.net\/wp-content\/uploads\/2025\/02\/hcyy11112018-lift-cylinder-3-980x469.webp 980w, https:\/\/www.hydraulic-cylinders.net\/wp-content\/uploads\/2025\/02\/hcyy11112018-lift-cylinder-3-480x230.webp 480w\" sizes=\"(min-width: 0px) and (max-width: 480px) 480px, (min-width: 481px) and (max-width: 980px) 980px, (min-width: 981px) and (max-width: 1280px) 1280px, (min-width: 1281px) 1477px, 100vw\" \/> <img loading=\"lazy\" decoding=\"async\" class=\"alignnone size-full wp-image-17052\" src=\"https:\/\/www.hydraulic-cylinders.net\/wp-content\/uploads\/2025\/02\/hcyy11112018-lift-cylinder-4.webp\" alt=\"\" width=\"1475\" height=\"711\" srcset=\"https:\/\/www.hydraulic-cylinders.net\/wp-content\/uploads\/2025\/02\/hcyy11112018-lift-cylinder-4.webp 1475w, https:\/\/www.hydraulic-cylinders.net\/wp-content\/uploads\/2025\/02\/hcyy11112018-lift-cylinder-4-1280x617.webp 1280w, https:\/\/www.hydraulic-cylinders.net\/wp-content\/uploads\/2025\/02\/hcyy11112018-lift-cylinder-4-980x472.webp 980w, https:\/\/www.hydraulic-cylinders.net\/wp-content\/uploads\/2025\/02\/hcyy11112018-lift-cylinder-4-480x231.webp 480w\" sizes=\"(min-width: 0px) and (max-width: 480px) 480px, (min-width: 481px) and (max-width: 980px) 980px, (min-width: 981px) and (max-width: 1280px) 1280px, (min-width: 1281px) 1475px, 100vw\" \/> <img loading=\"lazy\" decoding=\"async\" class=\"alignnone size-full wp-image-17053\" src=\"https:\/\/www.hydraulic-cylinders.net\/wp-content\/uploads\/2025\/02\/hcyy11112018-lift-cylinder-5.webp\" alt=\"\" width=\"1451\" height=\"696\" srcset=\"https:\/\/www.hydraulic-cylinders.net\/wp-content\/uploads\/2025\/02\/hcyy11112018-lift-cylinder-5.webp 1451w, https:\/\/www.hydraulic-cylinders.net\/wp-content\/uploads\/2025\/02\/hcyy11112018-lift-cylinder-5-1280x614.webp 1280w, https:\/\/www.hydraulic-cylinders.net\/wp-content\/uploads\/2025\/02\/hcyy11112018-lift-cylinder-5-980x470.webp 980w, https:\/\/www.hydraulic-cylinders.net\/wp-content\/uploads\/2025\/02\/hcyy11112018-lift-cylinder-5-480x230.webp 480w\" sizes=\"(min-width: 0px) and (max-width: 480px) 480px, (min-width: 481px) and (max-width: 980px) 980px, (min-width: 981px) and (max-width: 1280px) 1280px, (min-width: 1281px) 1451px, 100vw\" \/><\/h1>\n<h2><strong>Cylinderserie af b\u00e6ltekran:<\/strong><\/h2>\n<h2><img loading=\"lazy\" decoding=\"async\" class=\"alignnone size-full wp-image-17054 aligncenter\" src=\"https:\/\/www.hydraulic-cylinders.net\/wp-content\/uploads\/2025\/02\/cylinder-series-of-crawler-crane-1.webp\" alt=\"\" width=\"709\" height=\"791\" srcset=\"https:\/\/www.hydraulic-cylinders.net\/wp-content\/uploads\/2025\/02\/cylinder-series-of-crawler-crane-1.webp 709w, https:\/\/www.hydraulic-cylinders.net\/wp-content\/uploads\/2025\/02\/cylinder-series-of-crawler-crane-1-480x536.webp 480w\" sizes=\"(min-width: 0px) and (max-width: 480px) 480px, (min-width: 481px) 709px, 100vw\" \/><\/h2>\n<h2><strong>N\u00f8glefunktioner ved l\u00f8ftecylinder til b\u00e6ltekran:<\/strong><\/h2>\n<h4><strong>H\u00f8j holdbarhed<\/strong><\/h4>\n<p>L\u00f8ftecylinderen er konstrueret af f\u00f8rsteklasses materialer, der er specielt udvalgt for deres styrke og robusthed. Dette robuste design g\u00f8r det muligt for cylinderen at modst\u00e5 barske arbejdsforhold og tunge belastninger, hvilket g\u00f8r den til et ideelt valg til kr\u00e6vende byggemilj\u00f8er. Brugere kan stole p\u00e5 dens langvarige ydeevne, hvilket reducerer behovet for hyppige udskiftninger og sikrer uafbrudt drift, selv i de mest udfordrende scenarier.<\/p>\n<h4><strong>Pr\u00e6cisionsteknik<\/strong><\/h4>\n<p>Den er konstrueret med omhyggelig sans for detaljer og har pr\u00e6cise produktionstolerancer. Dette pr\u00e6cisionsniveau muligg\u00f8r j\u00e6vn drift og forbedrer l\u00f8ftepr\u00e6cisionen, s\u00e5 operat\u00f8rerne kan h\u00e5ndtere laster med sikkerhed. Uanset om der l\u00f8ftes sarte materialer eller tunge maskiner, sikrer denne cylinder, at hver bev\u00e6gelse er kontrolleret og p\u00e5lidelig, hvilket minimerer risikoen for ulykker og forbedrer den samlede effektivitet.<\/p>\n<h4><strong>Korrosionsbestandighed<\/strong><\/h4>\n<p>For at bek\u00e6mpe virkningerne af fugt og barske elementer gennemg\u00e5r l\u00f8ftecylinderen en specialiseret overfladebehandling. Dette beskyttende lag beskytter mod rust og korrosion, hvilket forl\u00e6nger cylinderens levetid betydeligt. Ved at opretholde optimal ydeevne over tid forbedrer denne funktion ikke kun cylinderens p\u00e5lidelighed, men bidrager ogs\u00e5 til lavere vedligeholdelsesomkostninger og \u00f8get driftseffektivitet.<\/p>\n<h4><strong>Kompakt design<\/strong><\/h4>\n<p>L\u00f8ftecylinderens kompakte design adskiller den fra andre modeller, da den er nem at installere og problemfrit kan integreres i forskellige larveb\u00e5ndskranmodeller. Dens pladsbesparende dimensioner g\u00f8r det muligt for operat\u00f8rer at maksimere effektiviteten af \u200b\u200bderes maskineri uden at g\u00e5 p\u00e5 kompromis med kraften. Denne alsidighed g\u00f8r den til et fremragende valg til projekter med begr\u00e6nset plads, hvilket sikrer, at tunge l\u00f8fteevner aldrig kompromitteres.<\/p>\n<h4><strong>H\u00f8jtrykskapacitet<\/strong><\/h4>\n<p>L\u00f8ftecylinderen er designet til at h\u00e5ndtere h\u00f8je hydrauliske tryk og udm\u00e6rker sig ved at levere effektive l\u00f8fteoperationer. Denne funktion sikrer, at cylinderen kan h\u00e5ndtere betydelige belastninger sikkert og effektivt, hvilket giver operat\u00f8rerne ro i sindet. Ved at prioritere sikkerhed og samtidig maksimere ydeevnen underst\u00f8tter denne cylinder en bred vifte af anvendelser, fra byggeri til industrielle l\u00f8fteopgaver, hvilket g\u00f8r den til et p\u00e5lideligt valg til enhver tung operation.<\/p>\n<h2><strong>Hvad g\u00f8r l\u00f8ftecylinderen egnet til tunge l\u00f8ft?<\/strong><\/h2>\n<p>Her er en uddybende forklaring p\u00e5, hvorfor l\u00f8ftecylinderen er egnet til tunge l\u00f8ft:<\/p>\n<ol>\n<li><strong>Enest\u00e5ende holdbarhed<\/strong>:<br \/>\nL\u00f8ftecylinderen er konstrueret af materialer af h\u00f8j kvalitet, der er specielt udvalgt for deres styrke og modstandsdygtighed. Denne robusthed g\u00f8r det muligt for cylinderen at modst\u00e5 ekstreme forhold, s\u00e5som kraftige vibrationer, st\u00f8dbelastninger og barske milj\u00f8faktorer, der er typiske i byggeri og industri. Holdbarheden minimerer slitage, hvilket f\u00f8rer til f\u00e6rre nedbrud og reduceret nedetid, hvilket er afg\u00f8rende for at opretholde produktiviteten p\u00e5 arbejdspladser.<\/li>\n<li><strong>H\u00f8jtrykskapacitet<\/strong>:<br \/>\nDenne l\u00f8ftecylinder er konstrueret til at h\u00e5ndtere h\u00f8je hydrauliske tryk, hvilket er afg\u00f8rende for at l\u00f8fte betydelige v\u00e6gte sikkert og effektivt. Dens design inkorporerer avancerede ingeni\u00f8rprincipper, der g\u00f8r det muligt for den at fungere under intens belastning uden at g\u00e5 p\u00e5 kompromis med den strukturelle integritet. Denne h\u00f8je trykkapacitet sikrer, at cylinderen kan l\u00f8fte tunge maskiner og materialer p\u00e5lideligt, hvilket g\u00f8r den velegnet til forskellige anvendelser fra byggeri til tung produktion.<\/li>\n<li><strong>Pr\u00e6cisionsteknik<\/strong>:<br \/>\nFunktionerne har avancerede produktionstolerancer, der sikrer pr\u00e6cis justering og betjening. Dette pr\u00e6cisionsniveau er afg\u00f8rende for opgaver, der kr\u00e6ver delikat h\u00e5ndtering eller pr\u00e6cis positionering, da det minimerer risikoen for ulykker og forbedrer den samlede l\u00f8ftepr\u00e6cision. Operat\u00f8rer kan stole p\u00e5, at cylinderen vil fungere ensartet, hvilket f\u00f8rer til \u00f8get tillid til l\u00f8fteoperationer og forbedret sikkerhed for b\u00e5de personale og udstyr.<\/li>\n<li><strong>Overlegen korrosionsbestandighed<\/strong>:<br \/>\nFor at bek\u00e6mpe virkningerne af fugt, kemikalier og andre \u00e6tsende elementer gennemg\u00e5r den en specialiseret overfladebehandling. Dette beskyttende lag reducerer risikoen for rust og korrosion betydeligt, hvilket ellers kan f\u00f8re til mekaniske fejl. Ved at forbedre cylinderens modstandsdygtighed over for milj\u00f8faktorer sikrer denne funktion langsigtet p\u00e5lidelighed og ydeevne, hvilket i sidste ende s\u00e6nker vedligeholdelsesomkostningerne og forl\u00e6nger udstyrets levetid.<\/li>\n<li><strong>Kompakt design<\/strong>:<br \/>\nL\u00f8ftecylinderens kompakte design muligg\u00f8r nem installation og integration i forskellige larveb\u00e5ndskranmodeller. Denne pladsbesparende funktion er is\u00e6r fordelagtig i milj\u00f8er med begr\u00e6nset plads, hvor det er afg\u00f8rende at maksimere kranens driftskapacitet. Det str\u00f8mlinede design g\u00e5r ikke p\u00e5 kompromis med l\u00f8ftekraften, hvilket sikrer, at operat\u00f8rer effektivt kan h\u00e5ndtere tunge belastninger uden den st\u00f8rrelse, der er forbundet med traditionelle cylindre.<\/li>\n<\/ol>\n<p>Disse forbedrede funktioner g\u00f8r tilsammen l\u00f8ftecylinderen til et f\u00f8rsteklasses valg til tunge l\u00f8fteopgaver, hvilket sikrer p\u00e5lidelighed, effektivitet og sikkerhed p\u00e5 jobbet.<\/p>\n<h2><strong>Produktionsomr\u00e5de for gaffeltruckcylinder:<\/strong><\/h2>\n<h2><img loading=\"lazy\" decoding=\"async\" class=\"alignnone size-full wp-image-16972\" src=\"https:\/\/www.hydraulic-cylinders.net\/wp-content\/uploads\/2025\/01\/hydraulic-cylinder-factory-1-scaled.webp\" alt=\"\" width=\"2016\" height=\"2560\" srcset=\"https:\/\/www.hydraulic-cylinders.net\/wp-content\/uploads\/2025\/01\/hydraulic-cylinder-factory-1-scaled.webp 2016w, https:\/\/www.hydraulic-cylinders.net\/wp-content\/uploads\/2025\/01\/hydraulic-cylinder-factory-1-1280x1625.webp 1280w, https:\/\/www.hydraulic-cylinders.net\/wp-content\/uploads\/2025\/01\/hydraulic-cylinder-factory-1-980x1244.webp 980w, https:\/\/www.hydraulic-cylinders.net\/wp-content\/uploads\/2025\/01\/hydraulic-cylinder-factory-1-480x610.webp 480w\" sizes=\"(min-width: 0px) and (max-width: 480px) 480px, (min-width: 481px) and (max-width: 980px) 980px, (min-width: 981px) and (max-width: 1280px) 1280px, (min-width: 1281px) 2016px, 100vw\" \/><\/h2>\n<p>Vi kan prale af en topmoderne, uafh\u00e6ngig forsknings- og udviklingsplatform dedikeret til montering, hvilket sikrer innovation og kvalitet i topklasse i vores fremstillingsprocesser. Vores v\u00e6rksted til produktion af gaffeltruckcylindre har fire halvautomatiske l\u00f8ftecylindre-monteringslinjer og en fuldautomatisk vippecylindre-monteringslinje, der tilsammen er designet til at producere op til en million enheder \u00e5rligt.<\/p>\n<p>Derudover er vores specialiserede cylinderv\u00e6rksted udstyret med halvautomatiske reng\u00f8rings- og monteringssystemer, der er skr\u00e6ddersyet til forskellige specifikationer, med en \u00e5rlig produktionskapacitet p\u00e5 200.000 enheder. Vi anvender anerkendt CNC-udstyr, bearbejdningscentre og specialv\u00e6rkt\u00f8j til h\u00f8jpr\u00e6cisions cylinderbearbejdning. Vores faciliteter omfatter ogs\u00e5 avancerede robotsvejsemaskiner, automatiske reng\u00f8ringssystemer og fuldautomatiske cylindermonterings- og lakeringslinjer. Med over 300 n\u00f8gleudstyrsdele i drift optimerer vi ressourceallokering og sikrer effektiv udnyttelse, idet vi opfylder strenge pr\u00e6cisions- og kvalitetsstandarder.<\/p>\n<p>Vores maskinv\u00e6rksted har specialfremstillede drejecentre til styreskinnebearbejdning, bearbejdningscentre, h\u00f8jhastigheds-honemaskiner, svejserobotter og andet vigtigt udstyr. Denne ops\u00e6tning giver os mulighed for at h\u00e5ndtere bearbejdning af cylinderr\u00f8r med en maksimal indvendig diameter p\u00e5 400 mm og l\u00e6ngder p\u00e5 op til 6 meter, hvilket yderligere forbedrer vores produktionskapacitet.<\/p>\n<h2><img loading=\"lazy\" decoding=\"async\" class=\"alignnone size-full wp-image-16973\" src=\"https:\/\/www.hydraulic-cylinders.net\/wp-content\/uploads\/2025\/01\/hydraulic-cylinder-factory-2-scaled.webp\" alt=\"\" width=\"2011\" height=\"2560\" srcset=\"https:\/\/www.hydraulic-cylinders.net\/wp-content\/uploads\/2025\/01\/hydraulic-cylinder-factory-2-scaled.webp 2011w, https:\/\/www.hydraulic-cylinders.net\/wp-content\/uploads\/2025\/01\/hydraulic-cylinder-factory-2-1280x1629.webp 1280w, https:\/\/www.hydraulic-cylinders.net\/wp-content\/uploads\/2025\/01\/hydraulic-cylinder-factory-2-980x1248.webp 980w, https:\/\/www.hydraulic-cylinders.net\/wp-content\/uploads\/2025\/01\/hydraulic-cylinder-factory-2-480x611.webp 480w\" sizes=\"(min-width: 0px) and (max-width: 480px) 480px, (min-width: 481px) and (max-width: 980px) 980px, (min-width: 981px) and (max-width: 1280px) 1280px, (min-width: 1281px) 2011px, 100vw\" \/><\/h2>\n<p>Vi driver en fuldautomatisk vandbaseret malingslinje, der er specielt designet til sm\u00e5 og mellemstore cylindre, med automatiserede l\u00e6sse-, afl\u00e6sse- og spr\u00f8jterobotter. Dette topmoderne system kan prale af en produktionskapacitet p\u00e5 4.000 enheder pr. skift. Derudover har vi en halvautomatisk malelinje til store cylindre, drevet af et k\u00e6detr\u00e6k, med en designkapacitet p\u00e5 60 kasser pr. skift.<\/p>\n<p>For at forbedre produkternes ydeevne og styrke vores f\u00f8rende position inden for hydrauliske cylindere har vi indg\u00e5et et partnerskab med ZJIMEE for at etablere et omfattende ydeevnelaboratorium dedikeret til hydrauliske cylindre, ventiler og pumper. Dette avancerede laboratorium anvender computerassisteret testning med elektrohydraulisk teknologi, hvilket muligg\u00f8r forudindstillede testbetingelser, der forbedrer n\u00f8jagtighed og systemets alsidighed. Den automatiserede dataindsamlingsproces anvender sensorer til at indsamle outputdata, s\u00e5som intern l\u00e6kage og belastningseffektivitet, som derefter behandles af en computer og konverteres til standardenheder (ml\/min%).<\/p>\n<p>For at sikre sikkerheden af \u200b\u200bvores hydrauliske systemer implementerer vi desuden tilstandsoverv\u00e5gning af vigtige ydelsesparametre, herunder olietemperatur, v\u00e6skeniveau og filterenhedsstatus. Vores teststand til hydrauliske cylindere er i stand til at vurdere \"belastningseffektivitet\" og \"intern l\u00e6kage\" gennem pr\u00e6cise afl\u00e6sninger. Den er ogs\u00e5 udstyret med et gitterm\u00e5leinstrument, der opfylder nationale standarder, hvilket sikrer overholdelse af alle testkrav til hydrauliske cylinderprodukter.<\/p>\n<p>&nbsp;<\/p>","protected":false},"excerpt":{"rendered":"<p>Lift Cylinder For Crawler Crane Our Lift Cylinders for Crawler Cranes are designed to deliver powerful and reliable lifting performance for heavy-duty applications. Engineered specifically for crawler cranes, these hydraulic cylinders provide the force needed to elevate crane arms (booms) with precision, supporting loads up to 590 tons in demanding environments such as construction sites, [&hellip;]<\/p>","protected":false},"featured_media":17055,"comment_status":"open","ping_status":"closed","template":"","meta":{"_et_pb_use_builder":"","_et_pb_old_content":"","_et_gb_content_width":""},"product_brand":[],"product_cat":[1376,1514],"product_tag":[],"class_list":{"0":"post-17047","1":"product","2":"type-product","3":"status-publish","4":"has-post-thumbnail","6":"product_cat-hydraulic-cylinder","7":"product_cat-mobile-crane-hydraulic-cylinders","9":"first","10":"instock","11":"shipping-taxable","12":"product-type-simple"},"amp_enabled":true,"_links":{"self":[{"href":"https:\/\/www.hydraulic-cylinders.net\/da\/wp-json\/wp\/v2\/product\/17047","targetHints":{"allow":["GET"]}}],"collection":[{"href":"https:\/\/www.hydraulic-cylinders.net\/da\/wp-json\/wp\/v2\/product"}],"about":[{"href":"https:\/\/www.hydraulic-cylinders.net\/da\/wp-json\/wp\/v2\/types\/product"}],"replies":[{"embeddable":true,"href":"https:\/\/www.hydraulic-cylinders.net\/da\/wp-json\/wp\/v2\/comments?post=17047"}],"wp:featuredmedia":[{"embeddable":true,"href":"https:\/\/www.hydraulic-cylinders.net\/da\/wp-json\/wp\/v2\/media\/17055"}],"wp:attachment":[{"href":"https:\/\/www.hydraulic-cylinders.net\/da\/wp-json\/wp\/v2\/media?parent=17047"}],"wp:term":[{"taxonomy":"product_brand","embeddable":true,"href":"https:\/\/www.hydraulic-cylinders.net\/da\/wp-json\/wp\/v2\/product_brand?post=17047"},{"taxonomy":"product_cat","embeddable":true,"href":"https:\/\/www.hydraulic-cylinders.net\/da\/wp-json\/wp\/v2\/product_cat?post=17047"},{"taxonomy":"product_tag","embeddable":true,"href":"https:\/\/www.hydraulic-cylinders.net\/da\/wp-json\/wp\/v2\/product_tag?post=17047"}],"curies":[{"name":"wp","href":"https:\/\/api.w.org\/{rel}","templated":true}]}}