{"id":17065,"date":"2025-02-05T07:37:55","date_gmt":"2025-02-05T07:37:55","guid":{"rendered":"https:\/\/www.hydraulic-cylinders.net\/?post_type=product&#038;p=17065"},"modified":"2025-04-11T01:53:48","modified_gmt":"2025-04-11T01:53:48","slug":"support-hydraulic-cylinders-for-crawler-crane","status":"publish","type":"product","link":"https:\/\/www.hydraulic-cylinders.net\/da\/vare\/support-hydraulic-cylinders-for-crawler-crane\/","title":{"rendered":"St\u00f8ttehydrauliske cylindre til b\u00e6ltekran"},"content":{"rendered":"<h1 style=\"text-align: center;\"><strong>St\u00f8ttehydrauliske cylindre til b\u00e6ltekran<\/strong><\/h1>\n<h1 style=\"text-align: center;\"><img loading=\"lazy\" decoding=\"async\" class=\"alignnone size-full wp-image-17068\" src=\"https:\/\/www.hydraulic-cylinders.net\/wp-content\/uploads\/2025\/02\/hcyy11112020-cylinder-for-frame-support-2.webp\" alt=\"\" width=\"1497\" height=\"520\" srcset=\"https:\/\/www.hydraulic-cylinders.net\/wp-content\/uploads\/2025\/02\/hcyy11112020-cylinder-for-frame-support-2.webp 1497w, https:\/\/www.hydraulic-cylinders.net\/wp-content\/uploads\/2025\/02\/hcyy11112020-cylinder-for-frame-support-2-1280x445.webp 1280w, https:\/\/www.hydraulic-cylinders.net\/wp-content\/uploads\/2025\/02\/hcyy11112020-cylinder-for-frame-support-2-980x340.webp 980w, https:\/\/www.hydraulic-cylinders.net\/wp-content\/uploads\/2025\/02\/hcyy11112020-cylinder-for-frame-support-2-480x167.webp 480w\" sizes=\"(min-width: 0px) and (max-width: 480px) 480px, (min-width: 481px) and (max-width: 980px) 980px, (min-width: 981px) and (max-width: 1280px) 1280px, (min-width: 1281px) 1497px, 100vw\" \/><\/h1>\n<div>Vores <strong>st\u00f8ttehydrauliske cylindre til b\u00e6ltekraner<\/strong> er konstrueret til tung l\u00f8ftning og stabilisering i kr\u00e6vende milj\u00f8er. Disse cylindre er designet til at underst\u00f8tte bindingsarmens struktur og sikrer optimal stabilitet og sikkerhed under h\u00f8jbelastning, hvilket g\u00f8r dem ideelle til b\u00e6ltekraner, der anvendes i byggeri, havnedrift og industrielle projekter. Med fokus p\u00e5 holdbarhed og pr\u00e6cision er vores hydrauliske cylindre bygget til at modst\u00e5 dynamiske belastninger og barske forhold og leverer p\u00e5lidelig ydeevne til din b\u00e6ltekran.<\/div>\n<h2><strong>St\u00f8ttehydrauliske cylindre til b\u00e6ltekranparameter:<\/strong><\/h2>\n<h1 style=\"text-align: center;\"><img loading=\"lazy\" decoding=\"async\" class=\"alignnone size-full wp-image-17067\" src=\"https:\/\/www.hydraulic-cylinders.net\/wp-content\/uploads\/2025\/02\/hcyy11112020-cylinder-for-frame-support-1.webp\" alt=\"\" width=\"1512\" height=\"150\" srcset=\"https:\/\/www.hydraulic-cylinders.net\/wp-content\/uploads\/2025\/02\/hcyy11112020-cylinder-for-frame-support-1.webp 1512w, https:\/\/www.hydraulic-cylinders.net\/wp-content\/uploads\/2025\/02\/hcyy11112020-cylinder-for-frame-support-1-1280x127.webp 1280w, https:\/\/www.hydraulic-cylinders.net\/wp-content\/uploads\/2025\/02\/hcyy11112020-cylinder-for-frame-support-1-980x97.webp 980w, https:\/\/www.hydraulic-cylinders.net\/wp-content\/uploads\/2025\/02\/hcyy11112020-cylinder-for-frame-support-1-480x48.webp 480w\" sizes=\"(min-width: 0px) and (max-width: 480px) 480px, (min-width: 481px) and (max-width: 980px) 980px, (min-width: 981px) and (max-width: 1280px) 1280px, (min-width: 1281px) 1512px, 100vw\" \/><img loading=\"lazy\" decoding=\"async\" class=\"alignnone size-full wp-image-17069\" src=\"https:\/\/www.hydraulic-cylinders.net\/wp-content\/uploads\/2025\/02\/hcyy11112020-cylinder-for-frame-support-3.webp\" alt=\"\" width=\"1475\" height=\"710\" srcset=\"https:\/\/www.hydraulic-cylinders.net\/wp-content\/uploads\/2025\/02\/hcyy11112020-cylinder-for-frame-support-3.webp 1475w, https:\/\/www.hydraulic-cylinders.net\/wp-content\/uploads\/2025\/02\/hcyy11112020-cylinder-for-frame-support-3-1280x616.webp 1280w, https:\/\/www.hydraulic-cylinders.net\/wp-content\/uploads\/2025\/02\/hcyy11112020-cylinder-for-frame-support-3-980x472.webp 980w, https:\/\/www.hydraulic-cylinders.net\/wp-content\/uploads\/2025\/02\/hcyy11112020-cylinder-for-frame-support-3-480x231.webp 480w\" sizes=\"(min-width: 0px) and (max-width: 480px) 480px, (min-width: 481px) and (max-width: 980px) 980px, (min-width: 981px) and (max-width: 1280px) 1280px, (min-width: 1281px) 1475px, 100vw\" \/> <img loading=\"lazy\" decoding=\"async\" class=\"alignnone size-full wp-image-17070\" src=\"https:\/\/www.hydraulic-cylinders.net\/wp-content\/uploads\/2025\/02\/hcyy11112020-cylinder-for-frame-support-4.webp\" alt=\"\" width=\"1479\" height=\"717\" srcset=\"https:\/\/www.hydraulic-cylinders.net\/wp-content\/uploads\/2025\/02\/hcyy11112020-cylinder-for-frame-support-4.webp 1479w, https:\/\/www.hydraulic-cylinders.net\/wp-content\/uploads\/2025\/02\/hcyy11112020-cylinder-for-frame-support-4-1280x621.webp 1280w, https:\/\/www.hydraulic-cylinders.net\/wp-content\/uploads\/2025\/02\/hcyy11112020-cylinder-for-frame-support-4-980x475.webp 980w, https:\/\/www.hydraulic-cylinders.net\/wp-content\/uploads\/2025\/02\/hcyy11112020-cylinder-for-frame-support-4-480x233.webp 480w\" sizes=\"(min-width: 0px) and (max-width: 480px) 480px, (min-width: 481px) and (max-width: 980px) 980px, (min-width: 981px) and (max-width: 1280px) 1280px, (min-width: 1281px) 1479px, 100vw\" \/> <img loading=\"lazy\" decoding=\"async\" class=\"alignnone size-full wp-image-17071\" src=\"https:\/\/www.hydraulic-cylinders.net\/wp-content\/uploads\/2025\/02\/hcyy11112020-cylinder-for-frame-support-5.webp\" alt=\"\" width=\"1421\" height=\"704\" srcset=\"https:\/\/www.hydraulic-cylinders.net\/wp-content\/uploads\/2025\/02\/hcyy11112020-cylinder-for-frame-support-5.webp 1421w, https:\/\/www.hydraulic-cylinders.net\/wp-content\/uploads\/2025\/02\/hcyy11112020-cylinder-for-frame-support-5-1280x634.webp 1280w, https:\/\/www.hydraulic-cylinders.net\/wp-content\/uploads\/2025\/02\/hcyy11112020-cylinder-for-frame-support-5-980x486.webp 980w, https:\/\/www.hydraulic-cylinders.net\/wp-content\/uploads\/2025\/02\/hcyy11112020-cylinder-for-frame-support-5-480x238.webp 480w\" sizes=\"(min-width: 0px) and (max-width: 480px) 480px, (min-width: 481px) and (max-width: 980px) 980px, (min-width: 981px) and (max-width: 1280px) 1280px, (min-width: 1281px) 1421px, 100vw\" \/><\/h1>\n<h2><strong>Cylinderserie af b\u00e6ltekran:<\/strong><\/h2>\n<h2><img loading=\"lazy\" decoding=\"async\" class=\"alignnone size-full wp-image-17054 aligncenter\" src=\"https:\/\/www.hydraulic-cylinders.net\/wp-content\/uploads\/2025\/02\/cylinder-series-of-crawler-crane-1.webp\" alt=\"\" width=\"709\" height=\"791\" srcset=\"https:\/\/www.hydraulic-cylinders.net\/wp-content\/uploads\/2025\/02\/cylinder-series-of-crawler-crane-1.webp 709w, https:\/\/www.hydraulic-cylinders.net\/wp-content\/uploads\/2025\/02\/cylinder-series-of-crawler-crane-1-480x536.webp 480w\" sizes=\"(min-width: 0px) and (max-width: 480px) 480px, (min-width: 481px) 709px, 100vw\" \/><\/h2>\n<h2><strong>N\u00f8glefunktioner ved hydrauliske st\u00f8ttecylindre til b\u00e6ltekran med gitterarm:<\/strong><\/h2>\n<h4><strong>H\u00f8j lasteevne<\/strong><\/h4>\n<p>De <strong>St\u00f8ttecylinder<\/strong> Udm\u00e6rker sig ved sin imponerende lasteevne, der g\u00f8r den i stand til ubesv\u00e6ret at b\u00e6re betydelige v\u00e6gte. Denne funktion g\u00f8r den ideel til tunge applikationer, s\u00e5som store byggeprojekter og infrastrukturudvikling. Operat\u00f8rer kan trygt l\u00f8fte og man\u00f8vrere betydelige laster, velvidende at de har en p\u00e5lidelig komponent, der opfylder kravene til deres mest udfordrende opgaver. Denne evne maksimerer ikke kun produktiviteten, men forbedrer ogs\u00e5 den samlede effektivitet af kranoperationer.<\/p>\n<h4><strong>Holdbar konstruktion<\/strong><\/h4>\n<p>St\u00f8ttecylinderen er konstrueret af h\u00f8jstyrkematerialer og er konstrueret til at modst\u00e5 p\u00e5virkningerne i kr\u00e6vende milj\u00f8er. Dens holdbare konstruktion modst\u00e5r slid og sikrer, at den fungerer p\u00e5lideligt over tid. Denne robusthed betyder f\u00e6rre udskiftninger og reparationer, hvilket giver byggeholdene mulighed for at fokusere p\u00e5 deres arbejde i stedet for vedligeholdelsesproblemer. Denne cylinders lange levetid bidrager til reduceret nedetid, hvilket g\u00f8r den til en smart investering til enhver drift.<\/p>\n<h4><strong>Korrosionsbestandighed<\/strong><\/h4>\n<p>Korrosion kan udg\u00f8re en betydelig trussel mod hydrauliske komponenter, men st\u00f8ttecylinderen har avancerede overfladebehandlinger, der beskytter den mod rust og korrosion. Dette ekstra lag af beskyttelse sikrer, at cylinderen forbliver i fremragende stand, selv under barske vejrforhold eller aggressive milj\u00f8er. Ved at forl\u00e6nge dens levetid forbedrer denne korrosionsbestandighed ikke kun p\u00e5lideligheden, men minimerer ogs\u00e5 behovet for dyre reparationer eller udskiftninger, hvilket i sidste ende \u00f8ger driftseffektiviteten.<\/p>\n<h4><strong>Kompakt design<\/strong><\/h4>\n<p>St\u00f8ttecylinderens kompakte design \u00f8ger dens alsidighed og muligg\u00f8r nem integration i forskellige b\u00e6ltekranmodeller. Denne pladsbesparende funktion betyder, at operat\u00f8rer kan maksimere deres krans kapacitet uden un\u00f8dvendig fylde. Det str\u00f8mlinede design muligg\u00f8r hurtig installation og betjening, hvilket g\u00f8r det muligt for teams at tilpasse sig forskellige projektkrav problemfrit. Denne tilpasningsevne fremmer st\u00f8rre fleksibilitet p\u00e5 arbejdsstedet, hvilket g\u00f8r det lettere at h\u00e5ndtere en bred vifte af l\u00f8fteopgaver.<\/p>\n<h4><strong>Pr\u00e6cisionsteknik<\/strong><\/h4>\n<p>Pr\u00e6cision er afg\u00f8rende i l\u00f8fteoperationer, og st\u00f8ttecylinderen er omhyggeligt konstrueret til at give j\u00e6vn drift og pr\u00e6cis lastpositionering. Med sn\u00e6vre produktionstolerancer sikrer denne cylinder, at hvert l\u00f8ft udf\u00f8res med den st\u00f8rste pr\u00e6cision, hvilket forbedrer den samlede sikkerhed betydeligt. Operat\u00f8rer kan stole p\u00e5, at deres laster placeres pr\u00e6cist, hvilket minimerer risikoen for ulykker og forbedrer arbejdsgangens effektivitet. Dette pr\u00e6cisionsniveau beskytter ikke kun v\u00e6rdifuldt udstyr, men bidrager ogs\u00e5 til et mere sikkert arbejdsmilj\u00f8 for alle.<\/p>\n<p>Kort sagt skiller st\u00f8ttecylinderen sig ud med sin exceptionelle lasteevne, holdbare konstruktion, korrosionsbestandighed, kompakte design og pr\u00e6cisionsteknik. Hver af disse funktioner kombineres for at levere en p\u00e5lidelig og effektiv l\u00f8sning til byggeprojekter, hvilket g\u00f8r den til et uundv\u00e6rligt aktiv for professionelle i branchen.<\/p>\n<h2><strong>Hvordan forbedrer cylinderen til forebyggelse af bagtiltning sikkerheden ved b\u00e6ltekranoperationer?<\/strong><\/h2>\n<p>Designet af <strong>St\u00f8tte<\/strong> <strong>Cylinder<\/strong> er et mesterv\u00e6rk inden for ingeni\u00f8rkunst, der forbedrer stabiliteten betydeligt under tunge l\u00f8fteoperationer. S\u00e5dan bidrager hver funktion til dens enest\u00e5ende ydeevne:<\/p>\n<h4><strong>1. Imponerende lasteevne<\/strong><\/h4>\n<p>St\u00f8ttecylinderen er specielt konstrueret til at underst\u00f8tte betydelige v\u00e6gte, hvilket g\u00f8r den ideel til kr\u00e6vende opgaver. Denne imponerende lastekapacitet sikrer, at selv de tungeste l\u00e6s kan l\u00f8ftes med sikkerhed, hvilket reducerer risikoen for v\u00e6ltning eller svajning betydeligt. Ved at give et solidt fundament giver denne cylinder f\u00f8reren mulighed for at fokusere p\u00e5 deres opgaver uden konstant bekymring for stabilitet, hvilket forbedrer den samlede produktivitet.<\/p>\n<h4><strong>2. Robust konstruktion<\/strong><\/h4>\n<p>Cylinderen er fremstillet af h\u00f8jstyrkematerialer og designet til at modst\u00e5 p\u00e5virkningerne i kr\u00e6vende milj\u00f8er. Denne robuste konstruktion sikrer, at den bevarer sin strukturelle integritet under intenst tryk, hvilket giver et p\u00e5lideligt st\u00f8ttesystem, der kan h\u00e5ndtere dynamiske kr\u00e6fter under l\u00f8fteoperationer. Holdbarheden af \u200b\u200bde anvendte materialer forl\u00e6nger ikke kun cylinderens levetid, men forbedrer ogs\u00e5 dens evne til at yde ensartet, selv i de mest udfordrende situationer.<\/p>\n<h4><strong>3. Kompakt design<\/strong><\/h4>\n<p>En af de mest bem\u00e6rkelsesv\u00e6rdige egenskaber ved st\u00f8ttecylinderen er dens kompakte design, som muligg\u00f8r optimal placering i kranens ramme. Denne strategiske placering s\u00e6nker tyngdepunktet, hvilket forbedrer den samlede stabilitet betydeligt under drift. Et lavere tyngdepunkt reducerer sandsynligheden for tipping, is\u00e6r ved man\u00f8vrering af tunge l\u00e6s, hvilket g\u00f8r cylinderen til en essentiel komponent for sikker og effektiv l\u00f8ftning.<\/p>\n<h4><strong>4. Pr\u00e6cisionsteknik<\/strong><\/h4>\n<p>Pr\u00e6cision er altafg\u00f8rende i l\u00f8fteoperationer, og st\u00f8ttecylinderen udm\u00e6rker sig i denne henseende. Med sn\u00e6vre produktionstolerancer garanterer denne cylinder j\u00e6vne og kontrollerede bev\u00e6gelser. Denne pr\u00e6cision forbedrer ikke kun n\u00f8jagtigheden af \u200b\u200blastpositioneringen, men minimerer ogs\u00e5 risikoen for pludselige forskydninger, der kan kompromittere stabiliteten. Operat\u00f8rer kan stole p\u00e5, at deres laster h\u00e5ndteres forsigtigt og pr\u00e6cist, hvilket \u00f8ger sikkerheden p\u00e5 arbejdspladsen.<\/p>\n<h4><strong>5. Korrosionsbestandighed<\/strong><\/h4>\n<p>Korrosion kan v\u00e6re en betydelig bekymring for hydrauliske komponenter, is\u00e6r i barske milj\u00f8er. St\u00f8ttecylinderen har avancerede overfladebehandlinger, der beskytter den mod rust og nedbrydning. Denne korrosionsbestandighed sikrer, at cylinderen opretholder sin ydeevne over tid, selv under ugunstige forhold. Ved at forhindre slid forbedrer denne funktion p\u00e5lideligheden og forl\u00e6nger cylinderens levetid, hvilket bidrager til vedvarende stabilitet under tunge l\u00f8fteopgaver.<\/p>\n<p>Kort sagt, den <strong>St\u00f8ttecylinder<\/strong> skiller sig ud som en hj\u00f8rnesten inden for stabilitet og p\u00e5lidelighed i tunge l\u00f8fteoperationer. Dens imponerende lasteevne, robuste konstruktion, kompakte design, pr\u00e6cisionsteknik og korrosionsbestandighed skaber et kraftfuldt st\u00f8ttesystem. Denne cylinder forbedrer ikke kun sikkerheden, men \u00f8ger ogs\u00e5 effektiviteten, hvilket g\u00f8r den til et uvurderligt aktiv for byggefagfolk. Ved at investere i st\u00f8ttecylinderen kan operat\u00f8rer med sikkerhed forbedre deres ydeevne og tackle selv de mest kr\u00e6vende projekter.<\/p>\n<h2><strong>Produktionsomr\u00e5de for gaffeltruckcylinder:<\/strong><\/h2>\n<h2><img loading=\"lazy\" decoding=\"async\" class=\"alignnone size-full wp-image-16972\" src=\"https:\/\/www.hydraulic-cylinders.net\/wp-content\/uploads\/2025\/01\/hydraulic-cylinder-factory-1-scaled.webp\" alt=\"\" width=\"2016\" height=\"2560\" srcset=\"https:\/\/www.hydraulic-cylinders.net\/wp-content\/uploads\/2025\/01\/hydraulic-cylinder-factory-1-scaled.webp 2016w, https:\/\/www.hydraulic-cylinders.net\/wp-content\/uploads\/2025\/01\/hydraulic-cylinder-factory-1-1280x1625.webp 1280w, https:\/\/www.hydraulic-cylinders.net\/wp-content\/uploads\/2025\/01\/hydraulic-cylinder-factory-1-980x1244.webp 980w, https:\/\/www.hydraulic-cylinders.net\/wp-content\/uploads\/2025\/01\/hydraulic-cylinder-factory-1-480x610.webp 480w\" sizes=\"(min-width: 0px) and (max-width: 480px) 480px, (min-width: 481px) and (max-width: 980px) 980px, (min-width: 981px) and (max-width: 1280px) 1280px, (min-width: 1281px) 2016px, 100vw\" \/><\/h2>\n<p>Vi kan prale af en topmoderne, uafh\u00e6ngig forsknings- og udviklingsplatform dedikeret til montering, hvilket sikrer innovation og kvalitet i topklasse i vores fremstillingsprocesser. Vores v\u00e6rksted til produktion af gaffeltruckcylindre har fire halvautomatiske l\u00f8ftecylindre-monteringslinjer og en fuldautomatisk vippecylindre-monteringslinje, der tilsammen er designet til at producere op til en million enheder \u00e5rligt.<\/p>\n<p>Derudover er vores specialiserede cylinderv\u00e6rksted udstyret med halvautomatiske reng\u00f8rings- og monteringssystemer, der er skr\u00e6ddersyet til forskellige specifikationer, med en \u00e5rlig produktionskapacitet p\u00e5 200.000 enheder. Vi anvender anerkendt CNC-udstyr, bearbejdningscentre og specialv\u00e6rkt\u00f8j til h\u00f8jpr\u00e6cisions cylinderbearbejdning. Vores faciliteter omfatter ogs\u00e5 avancerede robotsvejsemaskiner, automatiske reng\u00f8ringssystemer og fuldautomatiske cylindermonterings- og lakeringslinjer. Med over 300 n\u00f8gleudstyrsdele i drift optimerer vi ressourceallokering og sikrer effektiv udnyttelse, idet vi opfylder strenge pr\u00e6cisions- og kvalitetsstandarder.<\/p>\n<p>Vores maskinv\u00e6rksted har specialfremstillede drejecentre til styreskinnebearbejdning, bearbejdningscentre, h\u00f8jhastigheds-honemaskiner, svejserobotter og andet vigtigt udstyr. Denne ops\u00e6tning giver os mulighed for at h\u00e5ndtere bearbejdning af cylinderr\u00f8r med en maksimal indvendig diameter p\u00e5 400 mm og l\u00e6ngder p\u00e5 op til 6 meter, hvilket yderligere forbedrer vores produktionskapacitet.<\/p>\n<h2><img loading=\"lazy\" decoding=\"async\" class=\"alignnone size-full wp-image-16973\" src=\"https:\/\/www.hydraulic-cylinders.net\/wp-content\/uploads\/2025\/01\/hydraulic-cylinder-factory-2-scaled.webp\" alt=\"\" width=\"2011\" height=\"2560\" srcset=\"https:\/\/www.hydraulic-cylinders.net\/wp-content\/uploads\/2025\/01\/hydraulic-cylinder-factory-2-scaled.webp 2011w, https:\/\/www.hydraulic-cylinders.net\/wp-content\/uploads\/2025\/01\/hydraulic-cylinder-factory-2-1280x1629.webp 1280w, https:\/\/www.hydraulic-cylinders.net\/wp-content\/uploads\/2025\/01\/hydraulic-cylinder-factory-2-980x1248.webp 980w, https:\/\/www.hydraulic-cylinders.net\/wp-content\/uploads\/2025\/01\/hydraulic-cylinder-factory-2-480x611.webp 480w\" sizes=\"(min-width: 0px) and (max-width: 480px) 480px, (min-width: 481px) and (max-width: 980px) 980px, (min-width: 981px) and (max-width: 1280px) 1280px, (min-width: 1281px) 2011px, 100vw\" \/><\/h2>\n<p>Vi driver en fuldautomatisk vandbaseret malingslinje, der er specielt designet til sm\u00e5 og mellemstore cylindre, med automatiserede l\u00e6sse-, afl\u00e6sse- og spr\u00f8jterobotter. Dette topmoderne system kan prale af en produktionskapacitet p\u00e5 4.000 enheder pr. skift. Derudover har vi en halvautomatisk malelinje til store cylindre, drevet af et k\u00e6detr\u00e6k, med en designkapacitet p\u00e5 60 kasser pr. skift.<\/p>\n<p>For at forbedre produkternes ydeevne og styrke vores f\u00f8rende position inden for hydrauliske cylindere har vi indg\u00e5et et partnerskab med ZJIMEE for at etablere et omfattende ydeevnelaboratorium dedikeret til hydrauliske cylindre, ventiler og pumper. Dette avancerede laboratorium anvender computerassisteret testning med elektrohydraulisk teknologi, hvilket muligg\u00f8r forudindstillede testbetingelser, der forbedrer n\u00f8jagtighed og systemets alsidighed. Den automatiserede dataindsamlingsproces anvender sensorer til at indsamle outputdata, s\u00e5som intern l\u00e6kage og belastningseffektivitet, som derefter behandles af en computer og konverteres til standardenheder (ml\/min%).<\/p>\n<p>For at sikre sikkerheden af \u200b\u200bvores hydrauliske systemer implementerer vi desuden tilstandsoverv\u00e5gning af vigtige ydelsesparametre, herunder olietemperatur, v\u00e6skeniveau og filterenhedsstatus. Vores teststand til hydrauliske cylindere er i stand til at vurdere \"belastningseffektivitet\" og \"intern l\u00e6kage\" gennem pr\u00e6cise afl\u00e6sninger. Den er ogs\u00e5 udstyret med et gitterm\u00e5leinstrument, der opfylder nationale standarder, hvilket sikrer overholdelse af alle testkrav til hydrauliske cylinderprodukter.<\/p>\n<p>&nbsp;<\/p>","protected":false},"excerpt":{"rendered":"<p>Support Hydraulic Cylinders For Crawler Crane Our support hydraulic cylinders for crawler cranes are engineered for heavy-duty lifting and stabilization in demanding environments. Designed to support the truss arm structure, these cylinders ensure optimal stability and safety during high-load operations, making them ideal for crawler cranes used in construction, port operations, and industrial projects. With [&hellip;]<\/p>","protected":false},"featured_media":17072,"comment_status":"open","ping_status":"closed","template":"","meta":{"_et_pb_use_builder":"","_et_pb_old_content":"","_et_gb_content_width":""},"product_brand":[],"product_cat":[1514,1549,1376],"product_tag":[],"class_list":{"0":"post-17065","1":"product","2":"type-product","3":"status-publish","4":"has-post-thumbnail","6":"product_cat-mobile-crane-hydraulic-cylinders","7":"product_cat-single-acting-hydraulic-cylinder","8":"product_cat-hydraulic-cylinder","10":"first","11":"instock","12":"shipping-taxable","13":"product-type-simple"},"amp_enabled":true,"_links":{"self":[{"href":"https:\/\/www.hydraulic-cylinders.net\/da\/wp-json\/wp\/v2\/product\/17065","targetHints":{"allow":["GET"]}}],"collection":[{"href":"https:\/\/www.hydraulic-cylinders.net\/da\/wp-json\/wp\/v2\/product"}],"about":[{"href":"https:\/\/www.hydraulic-cylinders.net\/da\/wp-json\/wp\/v2\/types\/product"}],"replies":[{"embeddable":true,"href":"https:\/\/www.hydraulic-cylinders.net\/da\/wp-json\/wp\/v2\/comments?post=17065"}],"wp:featuredmedia":[{"embeddable":true,"href":"https:\/\/www.hydraulic-cylinders.net\/da\/wp-json\/wp\/v2\/media\/17072"}],"wp:attachment":[{"href":"https:\/\/www.hydraulic-cylinders.net\/da\/wp-json\/wp\/v2\/media?parent=17065"}],"wp:term":[{"taxonomy":"product_brand","embeddable":true,"href":"https:\/\/www.hydraulic-cylinders.net\/da\/wp-json\/wp\/v2\/product_brand?post=17065"},{"taxonomy":"product_cat","embeddable":true,"href":"https:\/\/www.hydraulic-cylinders.net\/da\/wp-json\/wp\/v2\/product_cat?post=17065"},{"taxonomy":"product_tag","embeddable":true,"href":"https:\/\/www.hydraulic-cylinders.net\/da\/wp-json\/wp\/v2\/product_tag?post=17065"}],"curies":[{"name":"wp","href":"https:\/\/api.w.org\/{rel}","templated":true}]}}