{"id":17093,"date":"2025-02-06T06:35:22","date_gmt":"2025-02-06T06:35:22","guid":{"rendered":"https:\/\/www.hydraulic-cylinders.net\/?post_type=product&#038;p=17093"},"modified":"2025-04-11T03:28:17","modified_gmt":"2025-04-11T03:28:17","slug":"hcyy11112021-main-boom-angle-cylinder-for-truck-cranes","status":"publish","type":"product","link":"https:\/\/www.hydraulic-cylinders.net\/da\/vare\/hcyy11112021-main-boom-angle-cylinder-for-truck-cranes\/","title":{"rendered":"HCYY11112021 Hovedbomvinkelcylinder til lastbilkraner"},"content":{"rendered":"<h1 style=\"text-align: center;\"><strong>HCYY11112021 Hovedbomvinkelcylinder til lastbilkraner<\/strong><\/h1>\n<h1 style=\"text-align: center;\"><img loading=\"lazy\" decoding=\"async\" class=\"alignnone size-full wp-image-17095\" src=\"https:\/\/www.hydraulic-cylinders.net\/wp-content\/uploads\/2025\/02\/hcyy11112021-main-boom-angle-cylinder-2.webp\" alt=\"\" width=\"1496\" height=\"520\" srcset=\"https:\/\/www.hydraulic-cylinders.net\/wp-content\/uploads\/2025\/02\/hcyy11112021-main-boom-angle-cylinder-2.webp 1496w, https:\/\/www.hydraulic-cylinders.net\/wp-content\/uploads\/2025\/02\/hcyy11112021-main-boom-angle-cylinder-2-1280x445.webp 1280w, https:\/\/www.hydraulic-cylinders.net\/wp-content\/uploads\/2025\/02\/hcyy11112021-main-boom-angle-cylinder-2-980x341.webp 980w, https:\/\/www.hydraulic-cylinders.net\/wp-content\/uploads\/2025\/02\/hcyy11112021-main-boom-angle-cylinder-2-480x167.webp 480w\" sizes=\"(min-width: 0px) and (max-width: 480px) 480px, (min-width: 481px) and (max-width: 980px) 980px, (min-width: 981px) and (max-width: 1280px) 1280px, (min-width: 1281px) 1496px, 100vw\" \/><\/h1>\n<p>De <strong>HCYY11112021 Hovedbomvinkelcylinder<\/strong> er en essentiel komponent, der er specielt designet til lastbilkraner, hvilket forbedrer deres l\u00f8ftekapacitet og driftseffektivitet betydeligt. Denne cylinder styrer hovedbommens vinkel og sikrer pr\u00e6cis man\u00f8vredygtighed p\u00e5 tv\u00e6rs af en r\u00e6kke l\u00f8fteopgaver. HCYY11112021 er konstrueret til at modst\u00e5 kravene fra tunge applikationer og giver uovertruffen p\u00e5lidelighed og holdbarhed, hvilket g\u00f8r den til en afg\u00f8rende tilf\u00f8jelse til enhver kranfl\u00e5de.<\/p>\n<p>HCYY11112021 udm\u00e6rker sig is\u00e6r ved ydeevne og lang levetid inden for tunge l\u00f8fteoperationer. Med sin imponerende lastekapacitet, robuste konstruktion og pr\u00e6cise konstruktion \u00f8ger denne cylinder b\u00e5de effektiviteten og sikkerheden ved kranoperationer. Ved at overholde korrekte brugs- og vedligeholdelsesprotokoller kan brugerne stole p\u00e5, at HCYY11112021 leverer ensartet og p\u00e5lidelig service i \u00e5revis. Investering i denne vigtige komponent optimerer ikke kun din lastbilkrans kapacitet, men sikrer ogs\u00e5 overlegen l\u00f8fteydelse i enhver opgave.<\/p>\n<h2><strong>HCYY11112021 Hovedbomvinkelcylinder til lastbilkraner Parameter:<\/strong><\/h2>\n<h1 style=\"text-align: center;\"><img loading=\"lazy\" decoding=\"async\" class=\"alignnone size-full wp-image-17094\" src=\"https:\/\/www.hydraulic-cylinders.net\/wp-content\/uploads\/2025\/02\/hcyy11112021-main-boom-angle-cylinder-1.webp\" alt=\"\" width=\"1516\" height=\"145\" srcset=\"https:\/\/www.hydraulic-cylinders.net\/wp-content\/uploads\/2025\/02\/hcyy11112021-main-boom-angle-cylinder-1.webp 1516w, https:\/\/www.hydraulic-cylinders.net\/wp-content\/uploads\/2025\/02\/hcyy11112021-main-boom-angle-cylinder-1-1280x122.webp 1280w, https:\/\/www.hydraulic-cylinders.net\/wp-content\/uploads\/2025\/02\/hcyy11112021-main-boom-angle-cylinder-1-980x94.webp 980w, https:\/\/www.hydraulic-cylinders.net\/wp-content\/uploads\/2025\/02\/hcyy11112021-main-boom-angle-cylinder-1-480x46.webp 480w\" sizes=\"(min-width: 0px) and (max-width: 480px) 480px, (min-width: 481px) and (max-width: 980px) 980px, (min-width: 981px) and (max-width: 1280px) 1280px, (min-width: 1281px) 1516px, 100vw\" \/><img loading=\"lazy\" decoding=\"async\" class=\"alignnone size-full wp-image-17096\" src=\"https:\/\/www.hydraulic-cylinders.net\/wp-content\/uploads\/2025\/02\/hcyy11112021-main-boom-angle-cylinder-3.webp\" alt=\"\" width=\"1476\" height=\"705\" srcset=\"https:\/\/www.hydraulic-cylinders.net\/wp-content\/uploads\/2025\/02\/hcyy11112021-main-boom-angle-cylinder-3.webp 1476w, https:\/\/www.hydraulic-cylinders.net\/wp-content\/uploads\/2025\/02\/hcyy11112021-main-boom-angle-cylinder-3-1280x611.webp 1280w, https:\/\/www.hydraulic-cylinders.net\/wp-content\/uploads\/2025\/02\/hcyy11112021-main-boom-angle-cylinder-3-980x468.webp 980w, https:\/\/www.hydraulic-cylinders.net\/wp-content\/uploads\/2025\/02\/hcyy11112021-main-boom-angle-cylinder-3-480x229.webp 480w\" sizes=\"(min-width: 0px) and (max-width: 480px) 480px, (min-width: 481px) and (max-width: 980px) 980px, (min-width: 981px) and (max-width: 1280px) 1280px, (min-width: 1281px) 1476px, 100vw\" \/> <img loading=\"lazy\" decoding=\"async\" class=\"alignnone size-full wp-image-17097\" src=\"https:\/\/www.hydraulic-cylinders.net\/wp-content\/uploads\/2025\/02\/hcyy11112021-main-boom-angle-cylinder-4.webp\" alt=\"\" width=\"1474\" height=\"710\" srcset=\"https:\/\/www.hydraulic-cylinders.net\/wp-content\/uploads\/2025\/02\/hcyy11112021-main-boom-angle-cylinder-4.webp 1474w, https:\/\/www.hydraulic-cylinders.net\/wp-content\/uploads\/2025\/02\/hcyy11112021-main-boom-angle-cylinder-4-1280x617.webp 1280w, https:\/\/www.hydraulic-cylinders.net\/wp-content\/uploads\/2025\/02\/hcyy11112021-main-boom-angle-cylinder-4-980x472.webp 980w, https:\/\/www.hydraulic-cylinders.net\/wp-content\/uploads\/2025\/02\/hcyy11112021-main-boom-angle-cylinder-4-480x231.webp 480w\" sizes=\"(min-width: 0px) and (max-width: 480px) 480px, (min-width: 481px) and (max-width: 980px) 980px, (min-width: 981px) and (max-width: 1280px) 1280px, (min-width: 1281px) 1474px, 100vw\" \/> <img loading=\"lazy\" decoding=\"async\" class=\"alignnone size-full wp-image-17098\" src=\"https:\/\/www.hydraulic-cylinders.net\/wp-content\/uploads\/2025\/02\/hcyy11112021-main-boom-angle-cylinder-5.webp\" alt=\"\" width=\"1401\" height=\"666\" srcset=\"https:\/\/www.hydraulic-cylinders.net\/wp-content\/uploads\/2025\/02\/hcyy11112021-main-boom-angle-cylinder-5.webp 1401w, https:\/\/www.hydraulic-cylinders.net\/wp-content\/uploads\/2025\/02\/hcyy11112021-main-boom-angle-cylinder-5-1280x608.webp 1280w, https:\/\/www.hydraulic-cylinders.net\/wp-content\/uploads\/2025\/02\/hcyy11112021-main-boom-angle-cylinder-5-980x466.webp 980w, https:\/\/www.hydraulic-cylinders.net\/wp-content\/uploads\/2025\/02\/hcyy11112021-main-boom-angle-cylinder-5-480x228.webp 480w\" sizes=\"(min-width: 0px) and (max-width: 480px) 480px, (min-width: 481px) and (max-width: 980px) 980px, (min-width: 981px) and (max-width: 1280px) 1280px, (min-width: 1281px) 1401px, 100vw\" \/><\/h1>\n<h2><strong>Cylinderserie til lastbilkraner:<\/strong><\/h2>\n<h2><img loading=\"lazy\" decoding=\"async\" class=\"alignnone size-full wp-image-17099\" src=\"https:\/\/www.hydraulic-cylinders.net\/wp-content\/uploads\/2025\/02\/cylinder-series-for-truck-cranes-1.webp\" alt=\"\" width=\"1246\" height=\"671\" srcset=\"https:\/\/www.hydraulic-cylinders.net\/wp-content\/uploads\/2025\/02\/cylinder-series-for-truck-cranes-1.webp 1246w, https:\/\/www.hydraulic-cylinders.net\/wp-content\/uploads\/2025\/02\/cylinder-series-for-truck-cranes-1-980x528.webp 980w, https:\/\/www.hydraulic-cylinders.net\/wp-content\/uploads\/2025\/02\/cylinder-series-for-truck-cranes-1-480x258.webp 480w\" sizes=\"(min-width: 0px) and (max-width: 480px) 480px, (min-width: 481px) and (max-width: 980px) 980px, (min-width: 981px) 1246px, 100vw\" \/><\/h2>\n<h2><strong>N\u00f8glefunktioner ved HCYY11112021 hovedbomvinkelcylinder til lastbilkraner:<\/strong><\/h2>\n<p>De <strong>HCYY11112021 Hovedbomvinkelcylinder<\/strong> er en uundv\u00e6rlig komponent, der er specielt konstrueret til lastbilkraner og spiller en afg\u00f8rende rolle i at forbedre deres l\u00f8ftekapacitet og driftseffektivitet betydeligt. Denne avancerede cylinder styrer professionelt vinklen p\u00e5 hovedbommen og giver operat\u00f8rerne pr\u00e6cis man\u00f8vredygtighed, der er afg\u00f8rende for en bred vifte af l\u00f8fteopgaver. HCYY11112021 er designet til at modst\u00e5 de strenge krav fra tunge applikationer og leverer uovertruffen p\u00e5lidelighed og holdbarhed, hvilket g\u00f8r den til et vigtigt aktiv for enhver kranfl\u00e5de.<\/p>\n<h4><strong>Enest\u00e5ende ydeevne<\/strong><\/h4>\n<p>HCYY11112021 udm\u00e6rker sig ved sin ydeevne og lange levetid, is\u00e6r inden for kr\u00e6vende tunge l\u00f8fteoperationer. Dens imponerende lasteevne g\u00f8r det muligt for den at h\u00e5ndtere betydelige v\u00e6gte med lethed, hvilket sikrer, at operat\u00f8rer kan tackle udfordrende opgaver uden t\u00f8ven. Denne robuste konstruktion forbedrer ikke kun cylinderens styrke, men reducerer ogs\u00e5 risikoen for fejl, hvilket \u00f8ger sikkerheden under drift.<\/p>\n<h4><strong>Pr\u00e6cisionsteknik<\/strong><\/h4>\n<p>HCYY11112021 er konstrueret med omhyggelig opm\u00e6rksomhed p\u00e5 detaljer og har avancerede designelementer, der bidrager til dens samlede effektivitet. Den pr\u00e6cise konstruktion sikrer problemfri drift og pr\u00e6cis bompositionering, hvilket muligg\u00f8r komplicerede man\u00f8vrer i trange rum. Dette pr\u00e6cisionsniveau \u00f8ger b\u00e5de effektiviteten og sikkerheden og giver operat\u00f8rerne tillid til at udf\u00f8re komplekse l\u00f8ft med pr\u00e6cision.<\/p>\n<h4><strong>P\u00e5lidelig service<\/strong><\/h4>\n<p>Ved at overholde de anbefalede brugs- og vedligeholdelsesprotokoller kan brugerne stole p\u00e5, at HCYY11112021 leverer ensartet og p\u00e5lidelig service i \u00e5revis. Regelm\u00e6ssige inspektioner og korrekt pleje hj\u00e6lper med at opretholde dens ydeevne og sikrer, at den fungerer optimalt, n\u00e5r du har mest brug for det. Denne p\u00e5lidelighed resulterer i reduceret nedetid og \u00f8get produktivitet, hvilket g\u00f8r den til en klog investering til enhver kranoperation.<\/p>\n<h4><strong>Optimal investering<\/strong><\/h4>\n<p>At investere i HCYY11112021 er mere end blot at tilf\u00f8je en komponent til din kran; det handler om at optimere hele din l\u00f8fteoperation. Denne vigtige cylinder forbedrer din lastbilkrans samlede kapacitet og giver dig mulighed for at h\u00e5ndtere en bredere vifte af opgaver med selvtillid. Med overlegen l\u00f8fteevne lige ved h\u00e5nden kan du p\u00e5tage dig projekter, der kr\u00e6ver pr\u00e6cision og styrke, hvilket i sidste ende er drivkraften bag din succes i branchen.<\/p>\n<p>Kort sagt er HCYY11112021 hovedbomvinkelcylinderen ikke bare en komponent \u2013 \u200b\u200bden er revolutionerende inden for lastbilkrandrift. Dens blanding af exceptionel ydeevne, robust konstruktion og pr\u00e6cis konstruktion g\u00f8r den til et vigtigt element for at opn\u00e5 overlegne l\u00f8fteresultater. Med den rette pleje vil denne cylinder fortsat tjene dig p\u00e5lideligt, transformere dine l\u00f8ftekapaciteter og sikre, at hver opgave udf\u00f8res med fremragende kvalitet.<\/p>\n<h2><strong>Hvordan forbedrer hovedbomvinkelcylinderen man\u00f8vredygtigheden af \u200b\u200blastbilkraner?<\/strong><\/h2>\n<p>De <strong>Hovedbomvinkelcylinder<\/strong> forbedrer lastbilkranernes man\u00f8vredygtighed betydeligt gennem flere n\u00f8glemekanismer, der hver is\u00e6r bidrager til sikrere og mere effektive operationer.<\/p>\n<h4><strong>1. Pr\u00e6cis bomstyring<\/strong><\/h4>\n<p>Cylinderen giver f\u00f8reren mulighed for at justere hovedbommens vinkel med bem\u00e6rkelsesv\u00e6rdig n\u00f8jagtighed. Denne pr\u00e6cision betyder, at selv de mest komplicerede l\u00f8ft kan udf\u00f8res med sikkerhed, hvilket minimerer risikoen for fejl. Uanset om man placerer en last p\u00e5 et overfyldt arbejdssted eller man\u00f8vrerer uden om forhindringer, sikrer evnen til at finjustere bomvinklen, at hver bev\u00e6gelse er bevidst og kontrolleret.<\/p>\n<h4><strong>2. Forbedret bev\u00e6gelsesomr\u00e5de<\/strong><\/h4>\n<p>Ved at muligg\u00f8re et bredere udvalg af bomvinkler udvider hovedbomvinkelcylinderen kranens driftsmuligheder. Denne alsidighed er afg\u00f8rende, n\u00e5r man arbejder i udfordrende milj\u00f8er, s\u00e5som byggepladser med forhindringer over hovedet eller trange pladser. Operat\u00f8rer kan nemt n\u00e5 forh\u00f8jede omr\u00e5der eller navigere uden om barrierer, hvilket g\u00f8r tidligere komplekse opgaver mere h\u00e5ndterbare og effektive.<\/p>\n<h4><strong>3. Stabilitet under drift<\/strong><\/h4>\n<p>Et af de mest kritiske aspekter ved kranbetjening er stabilitet. Hovedbomvinkelcylinderen hj\u00e6lper med at opretholde kranens balance under justering af bommen, hvilket reducerer risikoen for v\u00e6ltning betydeligt. Denne stabilitet er is\u00e6r vigtig ved l\u00f8ft af tunge l\u00e6s eller arbejde p\u00e5 uj\u00e6vnt terr\u00e6n, da den sikrer b\u00e5de f\u00f8rerens og det omgivende personales sikkerhed.<\/p>\n<h4><strong>4. Responsiv handling<\/strong><\/h4>\n<p>Hurtige justeringer af bomvinklen f\u00f8rer til hurtigere responstider, hvilket g\u00f8r det muligt for f\u00f8reren at tilpasse sig skiftende forhold p\u00e5 arbejdsstedet problemfrit. Denne reaktionsevne er afg\u00f8rende i dynamiske milj\u00f8er, hvor forholdene kan \u00e6ndre sig hurtigt. Med hovedbomvinkelcylinderen kan f\u00f8reren reagere hurtigt, hvilket forbedrer produktiviteten og minimerer nedetid.<\/p>\n<h4><strong>5. Forbedret synlighed<\/strong><\/h4>\n<p>Bedre kontrol over bomvinklen kan forbedre f\u00f8rerens udsyn betydeligt. Denne klarhed g\u00f8r det muligt for f\u00f8rere at man\u00f8vrere laster med st\u00f8rre pr\u00e6cision og sikre, at hvert l\u00f8ft udf\u00f8res sikkert. Forbedret udsyn \u00f8ger ikke kun selvtilliden, men fremmer ogs\u00e5 et mere sikkert arbejdsmilj\u00f8, da f\u00f8rere bedre kan vurdere deres omgivelser, mens de udf\u00f8rer l\u00f8ft.<\/p>\n<p>Kort sagt er hovedbomvinkelcylinderen en transformerende komponent til lastbilkraner, der forbedrer deres man\u00f8vredygtighed og driftseffektivitet. Med sin evne til at give pr\u00e6cis kontrol, udvide bev\u00e6gelsesomr\u00e5det, forbedre stabiliteten, sikre responsiv handling og forbedre udsynet, giver denne cylinder operat\u00f8rerne mulighed for at h\u00e5ndtere selv de mest udfordrende l\u00f8fteopgaver med lethed og selvtillid. Investering i denne teknologi optimerer ikke kun kranens ydeevne, men forbedrer ogs\u00e5 den samlede sikkerhed og produktivitet p\u00e5 arbejdspladsen.<\/p>\n<h2><strong>Produktionsomr\u00e5de for gaffeltruckcylinder:<\/strong><\/h2>\n<h2><img loading=\"lazy\" decoding=\"async\" class=\"alignnone size-full wp-image-16972\" src=\"https:\/\/www.hydraulic-cylinders.net\/wp-content\/uploads\/2025\/01\/hydraulic-cylinder-factory-1-scaled.webp\" alt=\"\" width=\"2016\" height=\"2560\" srcset=\"https:\/\/www.hydraulic-cylinders.net\/wp-content\/uploads\/2025\/01\/hydraulic-cylinder-factory-1-scaled.webp 2016w, https:\/\/www.hydraulic-cylinders.net\/wp-content\/uploads\/2025\/01\/hydraulic-cylinder-factory-1-1280x1625.webp 1280w, https:\/\/www.hydraulic-cylinders.net\/wp-content\/uploads\/2025\/01\/hydraulic-cylinder-factory-1-980x1244.webp 980w, https:\/\/www.hydraulic-cylinders.net\/wp-content\/uploads\/2025\/01\/hydraulic-cylinder-factory-1-480x610.webp 480w\" sizes=\"(min-width: 0px) and (max-width: 480px) 480px, (min-width: 481px) and (max-width: 980px) 980px, (min-width: 981px) and (max-width: 1280px) 1280px, (min-width: 1281px) 2016px, 100vw\" \/><\/h2>\n<p>Vi kan prale af en topmoderne, uafh\u00e6ngig forsknings- og udviklingsplatform dedikeret til montering, hvilket sikrer innovation og kvalitet i topklasse i vores fremstillingsprocesser. Vores v\u00e6rksted til produktion af gaffeltruckcylindre har fire halvautomatiske l\u00f8ftecylindre-monteringslinjer og en fuldautomatisk vippecylindre-monteringslinje, der tilsammen er designet til at producere op til en million enheder \u00e5rligt.<\/p>\n<p>Derudover er vores specialiserede cylinderv\u00e6rksted udstyret med halvautomatiske reng\u00f8rings- og monteringssystemer, der er skr\u00e6ddersyet til forskellige specifikationer, med en \u00e5rlig produktionskapacitet p\u00e5 200.000 enheder. Vi anvender anerkendt CNC-udstyr, bearbejdningscentre og specialv\u00e6rkt\u00f8j til h\u00f8jpr\u00e6cisions cylinderbearbejdning. Vores faciliteter omfatter ogs\u00e5 avancerede robotsvejsemaskiner, automatiske reng\u00f8ringssystemer og fuldautomatiske cylindermonterings- og lakeringslinjer. Med over 300 n\u00f8gleudstyrsdele i drift optimerer vi ressourceallokering og sikrer effektiv udnyttelse, idet vi opfylder strenge pr\u00e6cisions- og kvalitetsstandarder.<\/p>\n<p>Vores maskinv\u00e6rksted har specialfremstillede drejecentre til styreskinnebearbejdning, bearbejdningscentre, h\u00f8jhastigheds-honemaskiner, svejserobotter og andet vigtigt udstyr. Denne ops\u00e6tning giver os mulighed for at h\u00e5ndtere bearbejdning af cylinderr\u00f8r med en maksimal indvendig diameter p\u00e5 400 mm og l\u00e6ngder p\u00e5 op til 6 meter, hvilket yderligere forbedrer vores produktionskapacitet.<\/p>\n<h2><img loading=\"lazy\" decoding=\"async\" class=\"alignnone size-full wp-image-16973\" src=\"https:\/\/www.hydraulic-cylinders.net\/wp-content\/uploads\/2025\/01\/hydraulic-cylinder-factory-2-scaled.webp\" alt=\"\" width=\"2011\" height=\"2560\" srcset=\"https:\/\/www.hydraulic-cylinders.net\/wp-content\/uploads\/2025\/01\/hydraulic-cylinder-factory-2-scaled.webp 2011w, https:\/\/www.hydraulic-cylinders.net\/wp-content\/uploads\/2025\/01\/hydraulic-cylinder-factory-2-1280x1629.webp 1280w, https:\/\/www.hydraulic-cylinders.net\/wp-content\/uploads\/2025\/01\/hydraulic-cylinder-factory-2-980x1248.webp 980w, https:\/\/www.hydraulic-cylinders.net\/wp-content\/uploads\/2025\/01\/hydraulic-cylinder-factory-2-480x611.webp 480w\" sizes=\"(min-width: 0px) and (max-width: 480px) 480px, (min-width: 481px) and (max-width: 980px) 980px, (min-width: 981px) and (max-width: 1280px) 1280px, (min-width: 1281px) 2011px, 100vw\" \/><\/h2>\n<p>Vi driver en fuldautomatisk vandbaseret malingslinje, der er specielt designet til sm\u00e5 og mellemstore cylindre, med automatiserede l\u00e6sse-, afl\u00e6sse- og spr\u00f8jterobotter. Dette topmoderne system kan prale af en produktionskapacitet p\u00e5 4.000 enheder pr. skift. Derudover har vi en halvautomatisk malelinje til store cylindre, drevet af et k\u00e6detr\u00e6k, med en designkapacitet p\u00e5 60 kasser pr. skift.<\/p>\n<p>For at forbedre produkternes ydeevne og styrke vores f\u00f8rende position inden for hydrauliske cylindere har vi indg\u00e5et et partnerskab med ZJIMEE for at etablere et omfattende ydeevnelaboratorium dedikeret til hydrauliske cylindre, ventiler og pumper. Dette avancerede laboratorium anvender computerassisteret testning med elektrohydraulisk teknologi, hvilket muligg\u00f8r forudindstillede testbetingelser, der forbedrer n\u00f8jagtighed og systemets alsidighed. Den automatiserede dataindsamlingsproces anvender sensorer til at indsamle outputdata, s\u00e5som intern l\u00e6kage og belastningseffektivitet, som derefter behandles af en computer og konverteres til standardenheder (ml\/min%).<\/p>\n<p>For at sikre sikkerheden af \u200b\u200bvores hydrauliske systemer implementerer vi desuden tilstandsoverv\u00e5gning af vigtige ydelsesparametre, herunder olietemperatur, v\u00e6skeniveau og filterenhedsstatus. Vores teststand til hydrauliske cylindere er i stand til at vurdere \"belastningseffektivitet\" og \"intern l\u00e6kage\" gennem pr\u00e6cise afl\u00e6sninger. Den er ogs\u00e5 udstyret med et gitterm\u00e5leinstrument, der opfylder nationale standarder, hvilket sikrer overholdelse af alle testkrav til hydrauliske cylinderprodukter.<\/p>\n<p>&nbsp;<\/p>","protected":false},"excerpt":{"rendered":"<p>HCYY11112021 Main Boom Angle Cylinder For Truck Cranes The HCYY11112021 Main Boom Angle Cylinder is an essential component specifically designed for truck cranes, significantly enhancing their lifting capabilities and operational efficiency. This cylinder controls the angle of the main boom, ensuring precise maneuverability across a range of lifting tasks. Engineered to endure the demands of [&hellip;]<\/p>","protected":false},"featured_media":17100,"comment_status":"open","ping_status":"closed","template":"","meta":{"_et_pb_use_builder":"","_et_pb_old_content":"","_et_gb_content_width":""},"product_brand":[],"product_cat":[1550,1514,1376],"product_tag":[],"class_list":{"0":"post-17093","1":"product","2":"type-product","3":"status-publish","4":"has-post-thumbnail","6":"product_cat-double-acting-hydraulic-cylinder","7":"product_cat-mobile-crane-hydraulic-cylinders","8":"product_cat-hydraulic-cylinder","10":"first","11":"instock","12":"shipping-taxable","13":"product-type-simple"},"amp_enabled":true,"_links":{"self":[{"href":"https:\/\/www.hydraulic-cylinders.net\/da\/wp-json\/wp\/v2\/product\/17093","targetHints":{"allow":["GET"]}}],"collection":[{"href":"https:\/\/www.hydraulic-cylinders.net\/da\/wp-json\/wp\/v2\/product"}],"about":[{"href":"https:\/\/www.hydraulic-cylinders.net\/da\/wp-json\/wp\/v2\/types\/product"}],"replies":[{"embeddable":true,"href":"https:\/\/www.hydraulic-cylinders.net\/da\/wp-json\/wp\/v2\/comments?post=17093"}],"wp:featuredmedia":[{"embeddable":true,"href":"https:\/\/www.hydraulic-cylinders.net\/da\/wp-json\/wp\/v2\/media\/17100"}],"wp:attachment":[{"href":"https:\/\/www.hydraulic-cylinders.net\/da\/wp-json\/wp\/v2\/media?parent=17093"}],"wp:term":[{"taxonomy":"product_brand","embeddable":true,"href":"https:\/\/www.hydraulic-cylinders.net\/da\/wp-json\/wp\/v2\/product_brand?post=17093"},{"taxonomy":"product_cat","embeddable":true,"href":"https:\/\/www.hydraulic-cylinders.net\/da\/wp-json\/wp\/v2\/product_cat?post=17093"},{"taxonomy":"product_tag","embeddable":true,"href":"https:\/\/www.hydraulic-cylinders.net\/da\/wp-json\/wp\/v2\/product_tag?post=17093"}],"curies":[{"name":"wp","href":"https:\/\/api.w.org\/{rel}","templated":true}]}}