{"id":17102,"date":"2025-02-06T08:41:36","date_gmt":"2025-02-06T08:41:36","guid":{"rendered":"https:\/\/www.hydraulic-cylinders.net\/?post_type=product&#038;p=17102"},"modified":"2025-04-11T01:52:16","modified_gmt":"2025-04-11T01:52:16","slug":"hcyy11112023-cylinder-for-frame-support-for-truck-cranes","status":"publish","type":"product","link":"https:\/\/www.hydraulic-cylinders.net\/da\/vare\/hcyy11112023-cylinder-for-frame-support-for-truck-cranes\/","title":{"rendered":"HCYY11112023 Cylinder til rammest\u00f8tte til lastbilkraner"},"content":{"rendered":"<h1 style=\"text-align: center;\"><strong>HCYY11112023 Cylinder til rammest\u00f8tte til lastbilkraner<\/strong><\/h1>\n<h1 style=\"text-align: center;\"><img loading=\"lazy\" decoding=\"async\" class=\"alignnone size-full wp-image-17111\" src=\"https:\/\/www.hydraulic-cylinders.net\/wp-content\/uploads\/2025\/02\/hcyy11112023-cylinder-for-frame-support-2.webp\" alt=\"\" width=\"1492\" height=\"511\" srcset=\"https:\/\/www.hydraulic-cylinders.net\/wp-content\/uploads\/2025\/02\/hcyy11112023-cylinder-for-frame-support-2.webp 1492w, https:\/\/www.hydraulic-cylinders.net\/wp-content\/uploads\/2025\/02\/hcyy11112023-cylinder-for-frame-support-2-1280x438.webp 1280w, https:\/\/www.hydraulic-cylinders.net\/wp-content\/uploads\/2025\/02\/hcyy11112023-cylinder-for-frame-support-2-980x336.webp 980w, https:\/\/www.hydraulic-cylinders.net\/wp-content\/uploads\/2025\/02\/hcyy11112023-cylinder-for-frame-support-2-480x164.webp 480w\" sizes=\"(min-width: 0px) and (max-width: 480px) 480px, (min-width: 481px) and (max-width: 980px) 980px, (min-width: 981px) and (max-width: 1280px) 1280px, (min-width: 1281px) 1492px, 100vw\" \/><\/h1>\n<p>De <strong>HCYY11112023 Cylinder til rammest\u00f8tte<\/strong> er afg\u00f8rende for at forbedre stabiliteten og sikkerheden af \u200b\u200blastbilkraner. Denne cylinder er konstrueret til robust ydeevne og underst\u00f8tter kranens ramme under drift, hvilket sikrer, at den opretholder sin strukturelle integritet under forskellige belastninger. Dens p\u00e5lidelighed g\u00f8r den til en essentiel komponent i enhver kranfl\u00e5de.<\/p>\n<p>Denne cylinder skiller sig ud ved sin evne til at give stabilitet og sikkerhed under l\u00f8fteoperationer. Dens holdbare design, enkle installation og lave vedligeholdelseskrav g\u00f8r den til et godt valg for operat\u00f8rer, der s\u00f8ger b\u00e5de p\u00e5lidelighed og effektivitet. Ved at overholde de anbefalede brugs- og vedligeholdelsespraksis kan brugerne maksimere ydeevnen og levetiden for denne afg\u00f8rende komponent og sikre, at deres lastbilkraner fungerer problemfrit og sikkert i mange \u00e5r fremover.<\/p>\n<h2><strong>HCYY11112023 Cylinder til rammest\u00f8tte til lastbilkraner Parameter:<\/strong><\/h2>\n<h1 style=\"text-align: center;\"><img loading=\"lazy\" decoding=\"async\" class=\"alignnone size-full wp-image-17110\" src=\"https:\/\/www.hydraulic-cylinders.net\/wp-content\/uploads\/2025\/02\/hcyy11112023-cylinder-for-frame-support-1.webp\" alt=\"\" width=\"1512\" height=\"146\" srcset=\"https:\/\/www.hydraulic-cylinders.net\/wp-content\/uploads\/2025\/02\/hcyy11112023-cylinder-for-frame-support-1.webp 1512w, https:\/\/www.hydraulic-cylinders.net\/wp-content\/uploads\/2025\/02\/hcyy11112023-cylinder-for-frame-support-1-1280x124.webp 1280w, https:\/\/www.hydraulic-cylinders.net\/wp-content\/uploads\/2025\/02\/hcyy11112023-cylinder-for-frame-support-1-980x95.webp 980w, https:\/\/www.hydraulic-cylinders.net\/wp-content\/uploads\/2025\/02\/hcyy11112023-cylinder-for-frame-support-1-480x46.webp 480w\" sizes=\"(min-width: 0px) and (max-width: 480px) 480px, (min-width: 481px) and (max-width: 980px) 980px, (min-width: 981px) and (max-width: 1280px) 1280px, (min-width: 1281px) 1512px, 100vw\" \/><img loading=\"lazy\" decoding=\"async\" class=\"alignnone size-full wp-image-17112\" src=\"https:\/\/www.hydraulic-cylinders.net\/wp-content\/uploads\/2025\/02\/hcyy11112023-cylinder-for-frame-support-3.webp\" alt=\"\" width=\"1480\" height=\"705\" srcset=\"https:\/\/www.hydraulic-cylinders.net\/wp-content\/uploads\/2025\/02\/hcyy11112023-cylinder-for-frame-support-3.webp 1480w, https:\/\/www.hydraulic-cylinders.net\/wp-content\/uploads\/2025\/02\/hcyy11112023-cylinder-for-frame-support-3-1280x610.webp 1280w, https:\/\/www.hydraulic-cylinders.net\/wp-content\/uploads\/2025\/02\/hcyy11112023-cylinder-for-frame-support-3-980x467.webp 980w, https:\/\/www.hydraulic-cylinders.net\/wp-content\/uploads\/2025\/02\/hcyy11112023-cylinder-for-frame-support-3-480x229.webp 480w\" sizes=\"(min-width: 0px) and (max-width: 480px) 480px, (min-width: 481px) and (max-width: 980px) 980px, (min-width: 981px) and (max-width: 1280px) 1280px, (min-width: 1281px) 1480px, 100vw\" \/> <img loading=\"lazy\" decoding=\"async\" class=\"alignnone size-full wp-image-17113\" src=\"https:\/\/www.hydraulic-cylinders.net\/wp-content\/uploads\/2025\/02\/hcyy11112023-cylinder-for-frame-support-4.webp\" alt=\"\" width=\"1471\" height=\"711\" srcset=\"https:\/\/www.hydraulic-cylinders.net\/wp-content\/uploads\/2025\/02\/hcyy11112023-cylinder-for-frame-support-4.webp 1471w, https:\/\/www.hydraulic-cylinders.net\/wp-content\/uploads\/2025\/02\/hcyy11112023-cylinder-for-frame-support-4-1280x619.webp 1280w, https:\/\/www.hydraulic-cylinders.net\/wp-content\/uploads\/2025\/02\/hcyy11112023-cylinder-for-frame-support-4-980x474.webp 980w, https:\/\/www.hydraulic-cylinders.net\/wp-content\/uploads\/2025\/02\/hcyy11112023-cylinder-for-frame-support-4-480x232.webp 480w\" sizes=\"(min-width: 0px) and (max-width: 480px) 480px, (min-width: 481px) and (max-width: 980px) 980px, (min-width: 981px) and (max-width: 1280px) 1280px, (min-width: 1281px) 1471px, 100vw\" \/> <img loading=\"lazy\" decoding=\"async\" class=\"alignnone size-full wp-image-17114\" src=\"https:\/\/www.hydraulic-cylinders.net\/wp-content\/uploads\/2025\/02\/hcyy11112023-cylinder-for-frame-support-5.webp\" alt=\"\" width=\"1146\" height=\"541\" srcset=\"https:\/\/www.hydraulic-cylinders.net\/wp-content\/uploads\/2025\/02\/hcyy11112023-cylinder-for-frame-support-5.webp 1146w, https:\/\/www.hydraulic-cylinders.net\/wp-content\/uploads\/2025\/02\/hcyy11112023-cylinder-for-frame-support-5-980x463.webp 980w, https:\/\/www.hydraulic-cylinders.net\/wp-content\/uploads\/2025\/02\/hcyy11112023-cylinder-for-frame-support-5-480x227.webp 480w\" sizes=\"(min-width: 0px) and (max-width: 480px) 480px, (min-width: 481px) and (max-width: 980px) 980px, (min-width: 981px) 1146px, 100vw\" \/><\/h1>\n<h2><strong>Cylinderserie til lastbilkraner:<\/strong><\/h2>\n<h2><img loading=\"lazy\" decoding=\"async\" class=\"alignnone size-full wp-image-17099\" src=\"https:\/\/www.hydraulic-cylinders.net\/wp-content\/uploads\/2025\/02\/cylinder-series-for-truck-cranes-1.webp\" alt=\"\" width=\"1246\" height=\"671\" srcset=\"https:\/\/www.hydraulic-cylinders.net\/wp-content\/uploads\/2025\/02\/cylinder-series-for-truck-cranes-1.webp 1246w, https:\/\/www.hydraulic-cylinders.net\/wp-content\/uploads\/2025\/02\/cylinder-series-for-truck-cranes-1-980x528.webp 980w, https:\/\/www.hydraulic-cylinders.net\/wp-content\/uploads\/2025\/02\/cylinder-series-for-truck-cranes-1-480x258.webp 480w\" sizes=\"(min-width: 0px) and (max-width: 480px) 480px, (min-width: 481px) and (max-width: 980px) 980px, (min-width: 981px) 1246px, 100vw\" \/><\/h2>\n<h2><strong>N\u00f8glefunktioner ved HCYY11112023 cylinder til rammest\u00f8tte til lastbilkraner:<\/strong><\/h2>\n<h4><strong>H\u00f8j lasteevne<\/strong><\/h4>\n<p>De <strong>HCYY11112023 Cylinder<\/strong> er konstrueret til at h\u00e5ndtere betydelig v\u00e6gt, hvilket g\u00f8r den ideel til tunge l\u00f8fteopgaver. Dens robuste design g\u00f8r det muligt for den at b\u00e6re lasten uden at g\u00e5 p\u00e5 kompromis med sikkerhed eller ydeevne. Uanset om der l\u00f8ftes byggematerialer, udstyr eller andre tunge genstande, sikrer denne cylinder, at driften forl\u00f8ber problemfrit, hvilket giver operat\u00f8rerne ro i sindet og forbedrer den samlede produktivitet.<\/p>\n<h4><strong>Holdbar konstruktion<\/strong><\/h4>\n<p>HCYY11112023-cylinderen er fremstillet af materialer af h\u00f8j kvalitet og er bygget til at modst\u00e5 p\u00e5virkningerne i kr\u00e6vende arbejdsmilj\u00f8er. Dens holdbare konstruktion modst\u00e5r slid og sikrer lang levetid, selv under ekstreme forhold. Denne robusthed resulterer i f\u00e6rre udskiftninger og reparationer, hvilket f\u00f8rer til omkostningsbesparelser og uafbrudt drift over tid.<\/p>\n<h4><strong>Korrosionsbestandighed<\/strong><\/h4>\n<p>HCYY11112023-cylinderen er udstyret med en beskyttende bel\u00e6gning og forhindrer effektivt rust og korrosion. Denne funktion er afg\u00f8rende for at opretholde cylinderens ydeevne og forl\u00e6nge dens levetid, is\u00e6r under barske vejrforhold eller milj\u00f8er med udbredt fugt. Ved at modst\u00e5 korrosion bevarer cylinderen sin strukturelle integritet, hvilket sikrer p\u00e5lidelig funktionalitet i hele dens levetid.<\/p>\n<h4><strong>Nem installation<\/strong><\/h4>\n<p>HCYY11112023-cylinderen er designet til nem integration i eksisterende kransystemer, hvilket minimerer nedetid under installationen betydeligt. Dens brugervenlige design g\u00f8r det muligt for operat\u00f8rer hurtigt at s\u00e6tte den op uden at kr\u00e6ve omfattende \u00e6ndringer eller specialv\u00e6rkt\u00f8j. Denne nemme installation betyder, at kraner hurtigt kan v\u00e6re tilbage i drift, hvilket maksimerer produktiviteten og reducerer forsinkelser i projekter.<\/p>\n<h4><strong>Pr\u00e6cisionsteknik<\/strong><\/h4>\n<p>HCYY11112023-cylinderen er fremstillet med n\u00f8jagtige specifikationer og garanterer optimal ydeevne og kompatibilitet med forskellige lastbilkranmodeller. Denne pr\u00e6cisionsteknik sikrer, at cylinderen fungerer effektivt og dermed minimerer risikoen for mekaniske fejl. Ved at v\u00e6lge denne cylinder kan operat\u00f8rer stole p\u00e5, at de bruger et produkt, der er designet til at opfylde de h\u00f8jeste standarder for kvalitet og p\u00e5lidelighed, hvilket forbedrer den samlede driftseffektivitet.<\/p>\n<h2><strong>Hvordan forbedrer Hcyy11112023-cylinderen stabiliteten af \u200b\u200blastbilkraner under drift?<\/strong><\/h2>\n<p>De <strong>HCYY11112023 Cylinder<\/strong> forbedrer stabiliteten af \u200b\u200blastbilkraner betydeligt under drift gennem flere n\u00f8glemekanismer:<\/p>\n<h4><strong>1. V\u00e6gtfordeling<\/strong><\/h4>\n<p>Cylinderen spiller en afg\u00f8rende rolle i at fordele lasten j\u00e6vnt over kranens ramme. Denne afbalancerede v\u00e6gtfordeling er afg\u00f8rende for at forhindre v\u00e6ltning, is\u00e6r n\u00e5r man l\u00f8fter tunge eller uj\u00e6vnt fordelte laster. Ved at sikre, at tyngdepunktet forbliver lavt og stabilt, giver cylinderen operat\u00f8rerne mulighed for at udf\u00f8re komplekse man\u00f8vrer med sikkerhed, velvidende at kranen er sikker og mindre tilb\u00f8jelig til at v\u00e6lte. Denne funktion forbedrer ikke kun sikkerheden, men \u00f8ger ogs\u00e5 driftseffektiviteten, hvilket muligg\u00f8r mere ambiti\u00f8se l\u00f8fteopgaver.<\/p>\n<h4><strong>2. Robust design<\/strong><\/h4>\n<p>HCYY11112023-cylinderen er konstrueret til h\u00f8j ydeevne og har et robust design, der kan modst\u00e5 betydelig belastning og belastning. Denne holdbarhed betyder, at cylinderen kan h\u00e5ndtere tunge l\u00f8fteopgaver uden at b\u00f8je eller kn\u00e6kke, hvilket er afg\u00f8rende for at opretholde kranens stabilitet under kr\u00e6vende operationer. Cylinderens evne til at modst\u00e5 barske forhold og tunge belastninger minimerer risikoen for mekaniske fejl, hvilket sikrer, at driften kan forts\u00e6tte problemfrit. Operat\u00f8rer drager fordel af reduceret nedetid og lavere vedligeholdelsesomkostninger, hvilket g\u00f8r den til en smart investering.<\/p>\n<h4><strong>3. Modstandsdygtighed over for milj\u00f8faktorer<\/strong><\/h4>\n<p>Cylinderen har avanceret korrosionsbestandighed, hvilket er afg\u00f8rende for at opretholde den strukturelle integritet under forskellige vejrforhold. Ved at forhindre rust og forringelse sikrer cylinderen, at den forbliver p\u00e5lidelig og effektiv, uanset om den uds\u00e6ttes for regn, sne eller ekstreme temperaturer. Denne modstandsdygtighed er is\u00e6r vigtig for kraner, der opererer i udfordrende milj\u00f8er, da den garanterer ensartet ydeevne og sikkerhed. Operat\u00f8rer kan stole p\u00e5, at deres udstyr vil fungere optimalt, uanset eksterne faktorer, hvilket f\u00f8rer til \u00f8get tillid til deres l\u00f8fteoperationer.<\/p>\n<h4><strong>4. Pr\u00e6cisionsteknik<\/strong><\/h4>\n<p>HCYY11112023-cylinderen er fremstillet med omhyggelig sans for detaljer og designet til pr\u00e6cis kompatibilitet med forskellige lastbilkranmodeller. Denne pr\u00e6cisionsteknik sikrer, at cylinderen passer problemfrit ind i kranens system, hvilket reducerer ethvert sl\u00f8r eller bev\u00e6gelse, der kan kompromittere stabiliteten. En veltilpasset cylinder minimerer risikoen for ustabilitet for\u00e5rsaget af l\u00f8se eller forkert justerede komponenter, hvilket muligg\u00f8r en mere j\u00e6vn drift. Denne sans for detaljer forbedrer kranens samlede ydeevne og g\u00f8r den til et p\u00e5lideligt valg for operat\u00f8rer, der kr\u00e6ver effektivitet og sikkerhed.<\/p>\n<h4><strong>5. St\u00f8tte under bev\u00e6gelse<\/strong><\/h4>\n<p>N\u00e5r lastbilkraner man\u00f8vrerer og justerer vinkler under l\u00f8ft, yder HCYY11112023-cylinderen kontinuerlig st\u00f8tte og modvirker eventuelle kr\u00e6fter, der kan f\u00f8re til ustabilitet. Denne dynamiske st\u00f8tte er afg\u00f8rende for sikre l\u00f8fteoperationer, is\u00e6r n\u00e5r man navigerer i trange rum eller skifter lastpositioner. Ved at tilbyde ensartet stabilitet gennem hele l\u00f8fteprocessen g\u00f8r cylinderen det muligt for operat\u00f8rer at udf\u00f8re komplekse opgaver med pr\u00e6cision og lethed. Denne funktion forbedrer ikke kun sikkerheden, men \u00f8ger ogs\u00e5 produktiviteten, hvilket muligg\u00f8r hurtigere f\u00e6rdigg\u00f8relse af projekter.<\/p>\n<p>Kort sagt forbedrer HCYY11112023-cylinderen lastbilkranens stabilitet gennem afbalanceret v\u00e6gtfordeling, robust design, milj\u00f8bestandighed, pr\u00e6cisionsteknik og dynamisk st\u00f8tte under bev\u00e6gelse. Disse funktioner arbejder sammen for at sikre sikker, effektiv og p\u00e5lidelig drift, hvilket g\u00f8r den til en uundv\u00e6rlig komponent i ethvert kransystem.<\/p>\n<h2><strong>Produktionsomr\u00e5de for gaffeltruckcylinder:<\/strong><\/h2>\n<h2><img loading=\"lazy\" decoding=\"async\" class=\"alignnone size-full wp-image-16972\" src=\"https:\/\/www.hydraulic-cylinders.net\/wp-content\/uploads\/2025\/01\/hydraulic-cylinder-factory-1-scaled.webp\" alt=\"\" width=\"2016\" height=\"2560\" srcset=\"https:\/\/www.hydraulic-cylinders.net\/wp-content\/uploads\/2025\/01\/hydraulic-cylinder-factory-1-scaled.webp 2016w, https:\/\/www.hydraulic-cylinders.net\/wp-content\/uploads\/2025\/01\/hydraulic-cylinder-factory-1-1280x1625.webp 1280w, https:\/\/www.hydraulic-cylinders.net\/wp-content\/uploads\/2025\/01\/hydraulic-cylinder-factory-1-980x1244.webp 980w, https:\/\/www.hydraulic-cylinders.net\/wp-content\/uploads\/2025\/01\/hydraulic-cylinder-factory-1-480x610.webp 480w\" sizes=\"(min-width: 0px) and (max-width: 480px) 480px, (min-width: 481px) and (max-width: 980px) 980px, (min-width: 981px) and (max-width: 1280px) 1280px, (min-width: 1281px) 2016px, 100vw\" \/><\/h2>\n<p>Vi kan prale af en topmoderne, uafh\u00e6ngig forsknings- og udviklingsplatform dedikeret til montering, hvilket sikrer innovation og kvalitet i topklasse i vores fremstillingsprocesser. Vores v\u00e6rksted til produktion af gaffeltruckcylindre har fire halvautomatiske l\u00f8ftecylindre-monteringslinjer og en fuldautomatisk vippecylindre-monteringslinje, der tilsammen er designet til at producere op til en million enheder \u00e5rligt.<\/p>\n<p>Derudover er vores specialiserede cylinderv\u00e6rksted udstyret med halvautomatiske reng\u00f8rings- og monteringssystemer, der er skr\u00e6ddersyet til forskellige specifikationer, med en \u00e5rlig produktionskapacitet p\u00e5 200.000 enheder. Vi anvender anerkendt CNC-udstyr, bearbejdningscentre og specialv\u00e6rkt\u00f8j til h\u00f8jpr\u00e6cisions cylinderbearbejdning. Vores faciliteter omfatter ogs\u00e5 avancerede robotsvejsemaskiner, automatiske reng\u00f8ringssystemer og fuldautomatiske cylindermonterings- og lakeringslinjer. Med over 300 n\u00f8gleudstyrsdele i drift optimerer vi ressourceallokering og sikrer effektiv udnyttelse, idet vi opfylder strenge pr\u00e6cisions- og kvalitetsstandarder.<\/p>\n<p>Vores maskinv\u00e6rksted har specialfremstillede drejecentre til styreskinnebearbejdning, bearbejdningscentre, h\u00f8jhastigheds-honemaskiner, svejserobotter og andet vigtigt udstyr. Denne ops\u00e6tning giver os mulighed for at h\u00e5ndtere bearbejdning af cylinderr\u00f8r med en maksimal indvendig diameter p\u00e5 400 mm og l\u00e6ngder p\u00e5 op til 6 meter, hvilket yderligere forbedrer vores produktionskapacitet.<\/p>\n<h2><img loading=\"lazy\" decoding=\"async\" class=\"alignnone size-full wp-image-16973\" src=\"https:\/\/www.hydraulic-cylinders.net\/wp-content\/uploads\/2025\/01\/hydraulic-cylinder-factory-2-scaled.webp\" alt=\"\" width=\"2011\" height=\"2560\" srcset=\"https:\/\/www.hydraulic-cylinders.net\/wp-content\/uploads\/2025\/01\/hydraulic-cylinder-factory-2-scaled.webp 2011w, https:\/\/www.hydraulic-cylinders.net\/wp-content\/uploads\/2025\/01\/hydraulic-cylinder-factory-2-1280x1629.webp 1280w, https:\/\/www.hydraulic-cylinders.net\/wp-content\/uploads\/2025\/01\/hydraulic-cylinder-factory-2-980x1248.webp 980w, https:\/\/www.hydraulic-cylinders.net\/wp-content\/uploads\/2025\/01\/hydraulic-cylinder-factory-2-480x611.webp 480w\" sizes=\"(min-width: 0px) and (max-width: 480px) 480px, (min-width: 481px) and (max-width: 980px) 980px, (min-width: 981px) and (max-width: 1280px) 1280px, (min-width: 1281px) 2011px, 100vw\" \/><\/h2>\n<p>Vi driver en fuldautomatisk vandbaseret malingslinje, der er specielt designet til sm\u00e5 og mellemstore cylindre, med automatiserede l\u00e6sse-, afl\u00e6sse- og spr\u00f8jterobotter. Dette topmoderne system kan prale af en produktionskapacitet p\u00e5 4.000 enheder pr. skift. Derudover har vi en halvautomatisk malelinje til store cylindre, drevet af et k\u00e6detr\u00e6k, med en designkapacitet p\u00e5 60 kasser pr. skift.<\/p>\n<p>For at forbedre produkternes ydeevne og styrke vores f\u00f8rende position inden for hydrauliske cylindere har vi indg\u00e5et et partnerskab med ZJIMEE for at etablere et omfattende ydeevnelaboratorium dedikeret til hydrauliske cylindre, ventiler og pumper. Dette avancerede laboratorium anvender computerassisteret testning med elektrohydraulisk teknologi, hvilket muligg\u00f8r forudindstillede testbetingelser, der forbedrer n\u00f8jagtighed og systemets alsidighed. Den automatiserede dataindsamlingsproces anvender sensorer til at indsamle outputdata, s\u00e5som intern l\u00e6kage og belastningseffektivitet, som derefter behandles af en computer og konverteres til standardenheder (ml\/min%).<\/p>\n<p>For at sikre sikkerheden af \u200b\u200bvores hydrauliske systemer implementerer vi desuden tilstandsoverv\u00e5gning af vigtige ydelsesparametre, herunder olietemperatur, v\u00e6skeniveau og filterenhedsstatus. Vores teststand til hydrauliske cylindere er i stand til at vurdere \"belastningseffektivitet\" og \"intern l\u00e6kage\" gennem pr\u00e6cise afl\u00e6sninger. Den er ogs\u00e5 udstyret med et gitterm\u00e5leinstrument, der opfylder nationale standarder, hvilket sikrer overholdelse af alle testkrav til hydrauliske cylinderprodukter.<\/p>\n<p>&nbsp;<\/p>","protected":false},"excerpt":{"rendered":"<p>HCYY11112023 Cylinder For Frame Support For Truck Cranes The HCYY11112023 Cylinder for Frame Support is vital for enhancing the stability and safety of truck cranes. Engineered for robust performance, this cylinder supports the crane&#8217;s frame during operations, ensuring it maintains structural integrity under various loads. Its reliability makes it an essential component for any fleet [&hellip;]<\/p>","protected":false},"featured_media":17115,"comment_status":"open","ping_status":"closed","template":"","meta":{"_et_pb_use_builder":"","_et_pb_old_content":"","_et_gb_content_width":""},"product_brand":[],"product_cat":[1514,1549,1376],"product_tag":[],"class_list":{"0":"post-17102","1":"product","2":"type-product","3":"status-publish","4":"has-post-thumbnail","6":"product_cat-mobile-crane-hydraulic-cylinders","7":"product_cat-single-acting-hydraulic-cylinder","8":"product_cat-hydraulic-cylinder","10":"first","11":"instock","12":"shipping-taxable","13":"product-type-simple"},"amp_enabled":true,"_links":{"self":[{"href":"https:\/\/www.hydraulic-cylinders.net\/da\/wp-json\/wp\/v2\/product\/17102","targetHints":{"allow":["GET"]}}],"collection":[{"href":"https:\/\/www.hydraulic-cylinders.net\/da\/wp-json\/wp\/v2\/product"}],"about":[{"href":"https:\/\/www.hydraulic-cylinders.net\/da\/wp-json\/wp\/v2\/types\/product"}],"replies":[{"embeddable":true,"href":"https:\/\/www.hydraulic-cylinders.net\/da\/wp-json\/wp\/v2\/comments?post=17102"}],"wp:featuredmedia":[{"embeddable":true,"href":"https:\/\/www.hydraulic-cylinders.net\/da\/wp-json\/wp\/v2\/media\/17115"}],"wp:attachment":[{"href":"https:\/\/www.hydraulic-cylinders.net\/da\/wp-json\/wp\/v2\/media?parent=17102"}],"wp:term":[{"taxonomy":"product_brand","embeddable":true,"href":"https:\/\/www.hydraulic-cylinders.net\/da\/wp-json\/wp\/v2\/product_brand?post=17102"},{"taxonomy":"product_cat","embeddable":true,"href":"https:\/\/www.hydraulic-cylinders.net\/da\/wp-json\/wp\/v2\/product_cat?post=17102"},{"taxonomy":"product_tag","embeddable":true,"href":"https:\/\/www.hydraulic-cylinders.net\/da\/wp-json\/wp\/v2\/product_tag?post=17102"}],"curies":[{"name":"wp","href":"https:\/\/api.w.org\/{rel}","templated":true}]}}