{"id":17116,"date":"2025-02-06T08:54:50","date_gmt":"2025-02-06T08:54:50","guid":{"rendered":"https:\/\/www.hydraulic-cylinders.net\/?post_type=product&#038;p=17116"},"modified":"2025-04-11T01:52:13","modified_gmt":"2025-04-11T01:52:13","slug":"hcyy11112024-front-cylinder-for-opening-rack-support-for-truck-cranes","status":"publish","type":"product","link":"https:\/\/www.hydraulic-cylinders.net\/da\/vare\/hcyy11112024-front-cylinder-for-opening-rack-support-for-truck-cranes\/","title":{"rendered":"HCYY11112024 Frontcylinder til \u00e5bning af reolst\u00f8tte til lastbilkraner"},"content":{"rendered":"<h1 style=\"text-align: center;\"><strong>HCYY11112024 Frontcylinder til \u00e5bning af reolst\u00f8tte til lastbilkraner\u00a0<\/strong><\/h1>\n<h1 style=\"text-align: center;\"><strong><img loading=\"lazy\" decoding=\"async\" class=\"alignnone size-full wp-image-17118\" src=\"https:\/\/www.hydraulic-cylinders.net\/wp-content\/uploads\/2025\/02\/hcyy11112024-front-cylinder-for-opening-rack-support-2.webp\" alt=\"\" width=\"1495\" height=\"519\" srcset=\"https:\/\/www.hydraulic-cylinders.net\/wp-content\/uploads\/2025\/02\/hcyy11112024-front-cylinder-for-opening-rack-support-2.webp 1495w, https:\/\/www.hydraulic-cylinders.net\/wp-content\/uploads\/2025\/02\/hcyy11112024-front-cylinder-for-opening-rack-support-2-1280x444.webp 1280w, https:\/\/www.hydraulic-cylinders.net\/wp-content\/uploads\/2025\/02\/hcyy11112024-front-cylinder-for-opening-rack-support-2-980x340.webp 980w, https:\/\/www.hydraulic-cylinders.net\/wp-content\/uploads\/2025\/02\/hcyy11112024-front-cylinder-for-opening-rack-support-2-480x167.webp 480w\" sizes=\"(min-width: 0px) and (max-width: 480px) 480px, (min-width: 481px) and (max-width: 980px) 980px, (min-width: 981px) and (max-width: 1280px) 1280px, (min-width: 1281px) 1495px, 100vw\" \/><\/strong><\/h1>\n<p>De <strong>HCYY11112024 Forreste cylinder<\/strong> er en vital komponent, der er specielt konstrueret til lastbilkraner. Denne h\u00f8jtydende cylinder tilbyder robust st\u00f8tte til \u00e5bningsreolen, hvilket forbedrer b\u00e5de driftseffektiviteten og sikkerheden betydeligt. Med sin avancerede ingeni\u00f8rkunst im\u00f8dekommer HCYY11112024 de kr\u00e6vende udfordringer ved tunge l\u00f8fteopgaver, hvilket g\u00f8r den til et p\u00e5lideligt valg for operat\u00f8rer p\u00e5 tv\u00e6rs af forskellige industrisektorer.<\/p>\n<p>N\u00f8glefunktioner ved HCYY11112024 inkluderer dens h\u00f8je lasteevne, holdbare konstruktion og pr\u00e6cisionsteknik. Cylinderens korrosionsbestandige egenskaber sikrer lang levetid, mens den nemme installationsproces g\u00f8r den til et vigtigt aktiv for enhver lastbilkranoperation.<\/p>\n<p>For at maksimere ydeevnen og forl\u00e6nge levetiden for denne kritiske komponent b\u00f8r operat\u00f8rer indarbejde regelm\u00e6ssig vedligeholdelse og inspektioner. Ved at v\u00e6lge HCYY11112024 forbedrer du din krans kapacitet og sikrer p\u00e5lidelig ydeevne i marken.<\/p>\n<h2><strong>HCYY11112024 Frontcylinder til \u00e5bning af reolst\u00f8tte til lastbilkraner Parameter:<\/strong><\/h2>\n<h1 style=\"text-align: center;\"><strong><img loading=\"lazy\" decoding=\"async\" class=\"alignnone size-full wp-image-17117\" src=\"https:\/\/www.hydraulic-cylinders.net\/wp-content\/uploads\/2025\/02\/hcyy11112024-front-cylinder-for-opening-rack-support-1.webp\" alt=\"\" width=\"1514\" height=\"147\" srcset=\"https:\/\/www.hydraulic-cylinders.net\/wp-content\/uploads\/2025\/02\/hcyy11112024-front-cylinder-for-opening-rack-support-1.webp 1514w, https:\/\/www.hydraulic-cylinders.net\/wp-content\/uploads\/2025\/02\/hcyy11112024-front-cylinder-for-opening-rack-support-1-1280x124.webp 1280w, https:\/\/www.hydraulic-cylinders.net\/wp-content\/uploads\/2025\/02\/hcyy11112024-front-cylinder-for-opening-rack-support-1-980x95.webp 980w, https:\/\/www.hydraulic-cylinders.net\/wp-content\/uploads\/2025\/02\/hcyy11112024-front-cylinder-for-opening-rack-support-1-480x47.webp 480w\" sizes=\"(min-width: 0px) and (max-width: 480px) 480px, (min-width: 481px) and (max-width: 980px) 980px, (min-width: 981px) and (max-width: 1280px) 1280px, (min-width: 1281px) 1514px, 100vw\" \/><\/strong><\/h1>\n<h1 style=\"text-align: center;\"><strong> <img loading=\"lazy\" decoding=\"async\" class=\"alignnone size-full wp-image-17119\" src=\"https:\/\/www.hydraulic-cylinders.net\/wp-content\/uploads\/2025\/02\/hcyy11112024-front-cylinder-for-opening-rack-support-3.webp\" alt=\"\" width=\"1481\" height=\"710\" srcset=\"https:\/\/www.hydraulic-cylinders.net\/wp-content\/uploads\/2025\/02\/hcyy11112024-front-cylinder-for-opening-rack-support-3.webp 1481w, https:\/\/www.hydraulic-cylinders.net\/wp-content\/uploads\/2025\/02\/hcyy11112024-front-cylinder-for-opening-rack-support-3-1280x614.webp 1280w, https:\/\/www.hydraulic-cylinders.net\/wp-content\/uploads\/2025\/02\/hcyy11112024-front-cylinder-for-opening-rack-support-3-980x470.webp 980w, https:\/\/www.hydraulic-cylinders.net\/wp-content\/uploads\/2025\/02\/hcyy11112024-front-cylinder-for-opening-rack-support-3-480x230.webp 480w\" sizes=\"(min-width: 0px) and (max-width: 480px) 480px, (min-width: 481px) and (max-width: 980px) 980px, (min-width: 981px) and (max-width: 1280px) 1280px, (min-width: 1281px) 1481px, 100vw\" \/> <img loading=\"lazy\" decoding=\"async\" class=\"alignnone size-full wp-image-17120\" src=\"https:\/\/www.hydraulic-cylinders.net\/wp-content\/uploads\/2025\/02\/hcyy11112024-front-cylinder-for-opening-rack-support-4.webp\" alt=\"\" width=\"1477\" height=\"707\" srcset=\"https:\/\/www.hydraulic-cylinders.net\/wp-content\/uploads\/2025\/02\/hcyy11112024-front-cylinder-for-opening-rack-support-4.webp 1477w, https:\/\/www.hydraulic-cylinders.net\/wp-content\/uploads\/2025\/02\/hcyy11112024-front-cylinder-for-opening-rack-support-4-1280x613.webp 1280w, https:\/\/www.hydraulic-cylinders.net\/wp-content\/uploads\/2025\/02\/hcyy11112024-front-cylinder-for-opening-rack-support-4-980x469.webp 980w, https:\/\/www.hydraulic-cylinders.net\/wp-content\/uploads\/2025\/02\/hcyy11112024-front-cylinder-for-opening-rack-support-4-480x230.webp 480w\" sizes=\"(min-width: 0px) and (max-width: 480px) 480px, (min-width: 481px) and (max-width: 980px) 980px, (min-width: 981px) and (max-width: 1280px) 1280px, (min-width: 1281px) 1477px, 100vw\" \/> <img loading=\"lazy\" decoding=\"async\" class=\"alignnone size-full wp-image-17121\" src=\"https:\/\/www.hydraulic-cylinders.net\/wp-content\/uploads\/2025\/02\/hcyy11112024-front-cylinder-for-opening-rack-support-5.webp\" alt=\"\" width=\"1381\" height=\"712\" srcset=\"https:\/\/www.hydraulic-cylinders.net\/wp-content\/uploads\/2025\/02\/hcyy11112024-front-cylinder-for-opening-rack-support-5.webp 1381w, https:\/\/www.hydraulic-cylinders.net\/wp-content\/uploads\/2025\/02\/hcyy11112024-front-cylinder-for-opening-rack-support-5-1280x660.webp 1280w, https:\/\/www.hydraulic-cylinders.net\/wp-content\/uploads\/2025\/02\/hcyy11112024-front-cylinder-for-opening-rack-support-5-980x505.webp 980w, https:\/\/www.hydraulic-cylinders.net\/wp-content\/uploads\/2025\/02\/hcyy11112024-front-cylinder-for-opening-rack-support-5-480x247.webp 480w\" sizes=\"(min-width: 0px) and (max-width: 480px) 480px, (min-width: 481px) and (max-width: 980px) 980px, (min-width: 981px) and (max-width: 1280px) 1280px, (min-width: 1281px) 1381px, 100vw\" \/><\/strong><\/h1>\n<h2><strong>Cylinderserie til lastbilkraner:<\/strong><\/h2>\n<h2><img loading=\"lazy\" decoding=\"async\" class=\"alignnone size-full wp-image-17123\" src=\"https:\/\/www.hydraulic-cylinders.net\/wp-content\/uploads\/2025\/02\/cylinder-series-for-truck-cranes-2.webp\" alt=\"\" width=\"1240\" height=\"825\" srcset=\"https:\/\/www.hydraulic-cylinders.net\/wp-content\/uploads\/2025\/02\/cylinder-series-for-truck-cranes-2.webp 1240w, https:\/\/www.hydraulic-cylinders.net\/wp-content\/uploads\/2025\/02\/cylinder-series-for-truck-cranes-2-980x652.webp 980w, https:\/\/www.hydraulic-cylinders.net\/wp-content\/uploads\/2025\/02\/cylinder-series-for-truck-cranes-2-480x319.webp 480w\" sizes=\"(min-width: 0px) and (max-width: 480px) 480px, (min-width: 481px) and (max-width: 980px) 980px, (min-width: 981px) 1240px, 100vw\" \/><\/h2>\n<h2><strong>N\u00f8glefunktioner ved HCYY11112024 frontcylinder til \u00e5bning af reolst\u00f8tte til lastbilkraner:<\/strong><\/h2>\n<h4><strong>H\u00f8j lasteevne<\/strong><\/h4>\n<p>De <strong>HCYY11112024<\/strong> er omhyggeligt konstrueret til at h\u00e5ndtere betydelige v\u00e6gte, hvilket g\u00f8r den ideel til kr\u00e6vende l\u00f8ftescenarier. Dens imponerende lasteevne giver operat\u00f8rer mulighed for at h\u00e5ndtere tunge materialer med selvtillid og sikrer sikker og effektiv drift. Uanset om der l\u00f8ftes byggematerialer eller industrielt udstyr, fungerer denne cylinder p\u00e5lideligt under tryk, hvilket reducerer risikoen for driftsfejl.<\/p>\n<h4><strong>Holdbar konstruktion<\/strong><\/h4>\n<p>HCYY11112024 er fremstillet af materialer af h\u00f8j kvalitet og kan prale af enest\u00e5ende holdbarhed, der modst\u00e5r slid selv i de mest barske milj\u00f8er. Denne robuste konstruktion garanterer langvarig p\u00e5lidelighed, s\u00e5 cylinderen kan modst\u00e5 de daglige p\u00e5virkninger, herunder eksponering for tunge belastninger og ekstreme vejrforhold. Operat\u00f8rer kan stole p\u00e5, at denne komponent vil bevare sin integritet, hvilket bidrager til kranens samlede ydeevne og levetid.<\/p>\n<h4><strong>Korrosionsbestandighed<\/strong><\/h4>\n<p>HCYY11112024 er udstyret med en beskyttende bel\u00e6gning og forhindrer effektivt rust og korrosion, hvilket er afg\u00f8rende for at opretholde ensartet ydeevne over tid. Denne funktion er is\u00e6r fordelagtig for kraner, der opererer under udfordrende forhold, s\u00e5som fugtige eller kystn\u00e6re milj\u00f8er. Ved at beskytte cylinderen mod \u00e6tsende elementer kan operat\u00f8rerne nyde ro i sindet, velvidende at deres udstyr forbliver funktionelt og sikkert, hvilket forbedrer den samlede driftseffektivitet.<\/p>\n<h4><strong>Nem installation<\/strong><\/h4>\n<p>HCYY11112024 er designet til nem integration og minimerer nedetid under installationen. Det brugervenlige design muligg\u00f8r hurtig ops\u00e6tning i eksisterende kransystemer, s\u00e5 operat\u00f8rerne hurtigt kan vende tilbage til arbejdet. Denne nemme installation reducerer l\u00f8nomkostningerne og \u00f8ger produktiviteten, hvilket g\u00f8r den til en attraktiv mulighed for virksomheder, der \u00f8nsker at str\u00f8mline deres drift uden at g\u00e5 p\u00e5 kompromis med kvaliteten.<\/p>\n<h4><strong>Pr\u00e6cisionsteknik<\/strong><\/h4>\n<p>HCYY11112024 er fremstillet efter n\u00f8jagtige specifikationer og sikrer optimal ydeevne og kompatibilitet med en bred vifte af lastbilkranmodeller. Denne pr\u00e6cisionsteknik resulterer i mere j\u00e6vn drift og st\u00f8rre p\u00e5lidelighed, da cylinderen passer problemfrit ind i kranens hydrauliske system. Operat\u00f8rer kan stole p\u00e5, at hvert l\u00f8ft udf\u00f8res pr\u00e6cist, hvilket forbedrer b\u00e5de sikkerhed og effektivitet p\u00e5 arbejdspladsen.<\/p>\n<p>Ved at inkorporere disse enest\u00e5ende funktioner forbedrer HCYY11112024 frontcylinderen ikke blot lastbilkranernes kapacitet, men bidrager ogs\u00e5 til sikrere og mere effektive l\u00f8fteoperationer p\u00e5 tv\u00e6rs af forskellige brancher.<\/p>\n<h2><strong>Hvordan forbedrer korrosionsbestandigheden af \u200b\u200bHcyy11112024 forcylinderen dens ydeevne i udfordrende milj\u00f8er?<\/strong><\/h2>\n<p>Korrosionsbestandigheden af <strong>HCYY11112024 Forreste cylinder<\/strong> forbedrer dens ydeevne i udfordrende milj\u00f8er betydeligt p\u00e5 flere m\u00e5der:<\/p>\n<h4><strong>1. Lang levetid og holdbarhed<\/strong><\/h4>\n<ul>\n<li>Den beskyttende bel\u00e6gning forhindrer rust og forringelse, hvilket g\u00f8r det muligt for cylinderen at bevare sin strukturelle integritet over tid. Denne holdbarhed er afg\u00f8rende under barske forhold, s\u00e5som kyst- eller industrielle omgivelser, hvor eksponering for fugt og \u00e6tsende stoffer er almindelig.<\/li>\n<\/ul>\n<h4><strong>2. Konsekvent ydeevne<\/strong><\/h4>\n<ul>\n<li>Med korrosionsbestandighed fungerer cylinderen problemfrit uden risiko for korrosionsrelaterede fejl. Denne p\u00e5lidelighed sikrer, at kranen kan yde ensartet, selv i kr\u00e6vende l\u00f8ftesituationer, hvilket reducerer sandsynligheden for driftsstop.<\/li>\n<\/ul>\n<h4><strong>3. Reducerede vedligeholdelsesomkostninger<\/strong><\/h4>\n<ul>\n<li>Korrosionsbestandige materialer kr\u00e6ver mindre hyppig vedligeholdelse og udskiftning. Denne omkostningseffektivitet gavner operat\u00f8rerne ved at minimere reparationsomkostninger og forl\u00e6nge komponentens samlede levetid.<\/li>\n<\/ul>\n<h4><strong>4. Forbedret sikkerhed<\/strong><\/h4>\n<ul>\n<li>Ved at forhindre korrosion bevarer cylinderen sin styrke og funktionalitet. Denne p\u00e5lidelighed er afg\u00f8rende for at sikre sikre l\u00f8fteoperationer, da kompromitterede komponenter kan f\u00f8re til fejl og ulykker.<\/li>\n<\/ul>\n<h4><strong>5. Forbedret effektivitet<\/strong><\/h4>\n<ul>\n<li>En korrosionsbestandig cylinder bidrager til kransystemets samlede effektivitet. Operat\u00f8rer kan fokusere p\u00e5 deres opgaver uden at bekymre sig om potentielle udstyrsfejl, hvilket muligg\u00f8r en mere j\u00e6vn og produktiv drift.<\/li>\n<\/ul>\n<p>Kort sagt forbedrer korrosionsbestandigheden af \u200b\u200bHCYY11112024 frontcylinderen ikke kun dens holdbarhed og ydeevne, men fremmer ogs\u00e5 sikkerhed og effektivitet i udfordrende arbejdsmilj\u00f8er.<\/p>\n<h2><strong>Produktionsomr\u00e5de for gaffeltruckcylinder:<\/strong><\/h2>\n<h2><img loading=\"lazy\" decoding=\"async\" class=\"alignnone size-full wp-image-16972\" src=\"https:\/\/www.hydraulic-cylinders.net\/wp-content\/uploads\/2025\/01\/hydraulic-cylinder-factory-1-scaled.webp\" alt=\"\" width=\"2016\" height=\"2560\" srcset=\"https:\/\/www.hydraulic-cylinders.net\/wp-content\/uploads\/2025\/01\/hydraulic-cylinder-factory-1-scaled.webp 2016w, https:\/\/www.hydraulic-cylinders.net\/wp-content\/uploads\/2025\/01\/hydraulic-cylinder-factory-1-1280x1625.webp 1280w, https:\/\/www.hydraulic-cylinders.net\/wp-content\/uploads\/2025\/01\/hydraulic-cylinder-factory-1-980x1244.webp 980w, https:\/\/www.hydraulic-cylinders.net\/wp-content\/uploads\/2025\/01\/hydraulic-cylinder-factory-1-480x610.webp 480w\" sizes=\"(min-width: 0px) and (max-width: 480px) 480px, (min-width: 481px) and (max-width: 980px) 980px, (min-width: 981px) and (max-width: 1280px) 1280px, (min-width: 1281px) 2016px, 100vw\" \/><\/h2>\n<p>Vi kan prale af en topmoderne, uafh\u00e6ngig forsknings- og udviklingsplatform dedikeret til montering, hvilket sikrer innovation og kvalitet i topklasse i vores fremstillingsprocesser. Vores v\u00e6rksted til produktion af gaffeltruckcylindre har fire halvautomatiske l\u00f8ftecylindre-monteringslinjer og en fuldautomatisk vippecylindre-monteringslinje, der tilsammen er designet til at producere op til en million enheder \u00e5rligt.<\/p>\n<p>Derudover er vores specialiserede cylinderv\u00e6rksted udstyret med halvautomatiske reng\u00f8rings- og monteringssystemer, der er skr\u00e6ddersyet til forskellige specifikationer, med en \u00e5rlig produktionskapacitet p\u00e5 200.000 enheder. Vi anvender anerkendt CNC-udstyr, bearbejdningscentre og specialv\u00e6rkt\u00f8j til h\u00f8jpr\u00e6cisions cylinderbearbejdning. Vores faciliteter omfatter ogs\u00e5 avancerede robotsvejsemaskiner, automatiske reng\u00f8ringssystemer og fuldautomatiske cylindermonterings- og lakeringslinjer. Med over 300 n\u00f8gleudstyrsdele i drift optimerer vi ressourceallokering og sikrer effektiv udnyttelse, idet vi opfylder strenge pr\u00e6cisions- og kvalitetsstandarder.<\/p>\n<p>Vores maskinv\u00e6rksted har specialfremstillede drejecentre til styreskinnebearbejdning, bearbejdningscentre, h\u00f8jhastigheds-honemaskiner, svejserobotter og andet vigtigt udstyr. Denne ops\u00e6tning giver os mulighed for at h\u00e5ndtere bearbejdning af cylinderr\u00f8r med en maksimal indvendig diameter p\u00e5 400 mm og l\u00e6ngder p\u00e5 op til 6 meter, hvilket yderligere forbedrer vores produktionskapacitet.<\/p>\n<h2><img loading=\"lazy\" decoding=\"async\" class=\"alignnone size-full wp-image-16973\" src=\"https:\/\/www.hydraulic-cylinders.net\/wp-content\/uploads\/2025\/01\/hydraulic-cylinder-factory-2-scaled.webp\" alt=\"\" width=\"2011\" height=\"2560\" srcset=\"https:\/\/www.hydraulic-cylinders.net\/wp-content\/uploads\/2025\/01\/hydraulic-cylinder-factory-2-scaled.webp 2011w, https:\/\/www.hydraulic-cylinders.net\/wp-content\/uploads\/2025\/01\/hydraulic-cylinder-factory-2-1280x1629.webp 1280w, https:\/\/www.hydraulic-cylinders.net\/wp-content\/uploads\/2025\/01\/hydraulic-cylinder-factory-2-980x1248.webp 980w, https:\/\/www.hydraulic-cylinders.net\/wp-content\/uploads\/2025\/01\/hydraulic-cylinder-factory-2-480x611.webp 480w\" sizes=\"(min-width: 0px) and (max-width: 480px) 480px, (min-width: 481px) and (max-width: 980px) 980px, (min-width: 981px) and (max-width: 1280px) 1280px, (min-width: 1281px) 2011px, 100vw\" \/><\/h2>\n<p>Vi driver en fuldautomatisk vandbaseret malingslinje, der er specielt designet til sm\u00e5 og mellemstore cylindre, med automatiserede l\u00e6sse-, afl\u00e6sse- og spr\u00f8jterobotter. Dette topmoderne system kan prale af en produktionskapacitet p\u00e5 4.000 enheder pr. skift. Derudover har vi en halvautomatisk malelinje til store cylindre, drevet af et k\u00e6detr\u00e6k, med en designkapacitet p\u00e5 60 kasser pr. skift.<\/p>\n<p>For at forbedre produkternes ydeevne og styrke vores f\u00f8rende position inden for hydrauliske cylindere har vi indg\u00e5et et partnerskab med ZJIMEE for at etablere et omfattende ydeevnelaboratorium dedikeret til hydrauliske cylindre, ventiler og pumper. Dette avancerede laboratorium anvender computerassisteret testning med elektrohydraulisk teknologi, hvilket muligg\u00f8r forudindstillede testbetingelser, der forbedrer n\u00f8jagtighed og systemets alsidighed. Den automatiserede dataindsamlingsproces anvender sensorer til at indsamle outputdata, s\u00e5som intern l\u00e6kage og belastningseffektivitet, som derefter behandles af en computer og konverteres til standardenheder (ml\/min%).<\/p>\n<p>For at sikre sikkerheden af \u200b\u200bvores hydrauliske systemer implementerer vi desuden tilstandsoverv\u00e5gning af vigtige ydelsesparametre, herunder olietemperatur, v\u00e6skeniveau og filterenhedsstatus. Vores teststand til hydrauliske cylindere er i stand til at vurdere \"belastningseffektivitet\" og \"intern l\u00e6kage\" gennem pr\u00e6cise afl\u00e6sninger. Den er ogs\u00e5 udstyret med et gitterm\u00e5leinstrument, der opfylder nationale standarder, hvilket sikrer overholdelse af alle testkrav til hydrauliske cylinderprodukter.<\/p>\n<p>&nbsp;<\/p>","protected":false},"excerpt":{"rendered":"<p>HCYY11112024 Front Cylinder For Opening Rack Support For Truck Cranes\u00a0 The HCYY11112024 Front Cylinder is a vital component specifically engineered for truck cranes. This high-performance cylinder offers robust support for the opening rack, significantly enhancing both operational efficiency and safety. With its advanced engineering, the HCYY11112024 meets the demanding challenges of heavy lifting tasks, making [&hellip;]<\/p>","protected":false},"featured_media":17124,"comment_status":"open","ping_status":"closed","template":"","meta":{"_et_pb_use_builder":"","_et_pb_old_content":"","_et_gb_content_width":""},"product_brand":[],"product_cat":[1514,1549,1376],"product_tag":[],"class_list":{"0":"post-17116","1":"product","2":"type-product","3":"status-publish","4":"has-post-thumbnail","6":"product_cat-mobile-crane-hydraulic-cylinders","7":"product_cat-single-acting-hydraulic-cylinder","8":"product_cat-hydraulic-cylinder","10":"first","11":"instock","12":"shipping-taxable","13":"product-type-simple"},"amp_enabled":true,"_links":{"self":[{"href":"https:\/\/www.hydraulic-cylinders.net\/da\/wp-json\/wp\/v2\/product\/17116","targetHints":{"allow":["GET"]}}],"collection":[{"href":"https:\/\/www.hydraulic-cylinders.net\/da\/wp-json\/wp\/v2\/product"}],"about":[{"href":"https:\/\/www.hydraulic-cylinders.net\/da\/wp-json\/wp\/v2\/types\/product"}],"replies":[{"embeddable":true,"href":"https:\/\/www.hydraulic-cylinders.net\/da\/wp-json\/wp\/v2\/comments?post=17116"}],"wp:featuredmedia":[{"embeddable":true,"href":"https:\/\/www.hydraulic-cylinders.net\/da\/wp-json\/wp\/v2\/media\/17124"}],"wp:attachment":[{"href":"https:\/\/www.hydraulic-cylinders.net\/da\/wp-json\/wp\/v2\/media?parent=17116"}],"wp:term":[{"taxonomy":"product_brand","embeddable":true,"href":"https:\/\/www.hydraulic-cylinders.net\/da\/wp-json\/wp\/v2\/product_brand?post=17116"},{"taxonomy":"product_cat","embeddable":true,"href":"https:\/\/www.hydraulic-cylinders.net\/da\/wp-json\/wp\/v2\/product_cat?post=17116"},{"taxonomy":"product_tag","embeddable":true,"href":"https:\/\/www.hydraulic-cylinders.net\/da\/wp-json\/wp\/v2\/product_tag?post=17116"}],"curies":[{"name":"wp","href":"https:\/\/api.w.org\/{rel}","templated":true}]}}