{"id":17125,"date":"2025-02-06T09:03:34","date_gmt":"2025-02-06T09:03:34","guid":{"rendered":"https:\/\/www.hydraulic-cylinders.net\/?post_type=product&#038;p=17125"},"modified":"2025-04-11T01:52:08","modified_gmt":"2025-04-11T01:52:08","slug":"hcyy11112025-front-cylinder-for-frame-support-for-truck-cranes","status":"publish","type":"product","link":"https:\/\/www.hydraulic-cylinders.net\/da\/vare\/hcyy11112025-front-cylinder-for-frame-support-for-truck-cranes\/","title":{"rendered":"HCYY11112025 Frontcylinder til rammest\u00f8tte til lastbilkraner"},"content":{"rendered":"<h1 style=\"text-align: center;\"><strong>HCYY11112025 Frontcylinder til rammest\u00f8tte til lastbilkraner<\/strong><\/h1>\n<h1 style=\"text-align: center;\"><img loading=\"lazy\" decoding=\"async\" class=\"alignnone size-full wp-image-17127\" src=\"https:\/\/www.hydraulic-cylinders.net\/wp-content\/uploads\/2025\/02\/hcyy11112025-front-cylinder-for-frame-support-2.webp\" alt=\"\" width=\"1499\" height=\"515\" srcset=\"https:\/\/www.hydraulic-cylinders.net\/wp-content\/uploads\/2025\/02\/hcyy11112025-front-cylinder-for-frame-support-2.webp 1499w, https:\/\/www.hydraulic-cylinders.net\/wp-content\/uploads\/2025\/02\/hcyy11112025-front-cylinder-for-frame-support-2-1280x440.webp 1280w, https:\/\/www.hydraulic-cylinders.net\/wp-content\/uploads\/2025\/02\/hcyy11112025-front-cylinder-for-frame-support-2-980x337.webp 980w, https:\/\/www.hydraulic-cylinders.net\/wp-content\/uploads\/2025\/02\/hcyy11112025-front-cylinder-for-frame-support-2-480x165.webp 480w\" sizes=\"(min-width: 0px) and (max-width: 480px) 480px, (min-width: 481px) and (max-width: 980px) 980px, (min-width: 981px) and (max-width: 1280px) 1280px, (min-width: 1281px) 1499px, 100vw\" \/><\/h1>\n<p>De <strong>HCYY11112025 Forreste cylinder<\/strong> er en essentiel komponent, der forbedrer den strukturelle integritet og driftseffektiviteten af \u200b\u200blastbilkraner betydeligt. Denne h\u00f8jtydende cylinder leverer robust st\u00f8tte til kranens ramme og sikrer stabilitet under l\u00f8fteoperationer. HCYY11112025 er konstrueret til at opfylde de strenge krav fra forskellige industrielle applikationer og er et vigtigt aktiv for operat\u00f8rer.<\/p>\n<p>Det, der adskiller HCYY11112025, er dens imponerende lasteevne, holdbare konstruktion og pr\u00e6cisionsteknik. Dens korrosionsbestandige egenskaber sikrer lang levetid, mens den enkle installationsproces g\u00f8r den uundv\u00e6rlig til enhver lastbilkranoperation.<\/p>\n<p>Ved at implementere regelm\u00e6ssig vedligeholdelse og inspektioner kan operat\u00f8rer optimere ydeevnen og forl\u00e6nge levetiden for denne kritiske komponent, hvilket sikrer sikre og effektive l\u00f8fteoperationer. Investering i HCYY11112025 forbedrer ikke kun din krans kapacitet, men \u00f8ger ogs\u00e5 p\u00e5lideligheden i marken, hvilket g\u00f8r den til et smart valg til enhver operation.<\/p>\n<h2><strong>HCYY11112025 Frontcylinder til rammest\u00f8tte til lastbilkraner Parameter:<\/strong><\/h2>\n<h1 style=\"text-align: center;\"><img loading=\"lazy\" decoding=\"async\" class=\"alignnone size-full wp-image-17126\" src=\"https:\/\/www.hydraulic-cylinders.net\/wp-content\/uploads\/2025\/02\/hcyy11112025-front-cylinder-for-frame-support-1.webp\" alt=\"\" width=\"1512\" height=\"145\" srcset=\"https:\/\/www.hydraulic-cylinders.net\/wp-content\/uploads\/2025\/02\/hcyy11112025-front-cylinder-for-frame-support-1.webp 1512w, https:\/\/www.hydraulic-cylinders.net\/wp-content\/uploads\/2025\/02\/hcyy11112025-front-cylinder-for-frame-support-1-1280x123.webp 1280w, https:\/\/www.hydraulic-cylinders.net\/wp-content\/uploads\/2025\/02\/hcyy11112025-front-cylinder-for-frame-support-1-980x94.webp 980w, https:\/\/www.hydraulic-cylinders.net\/wp-content\/uploads\/2025\/02\/hcyy11112025-front-cylinder-for-frame-support-1-480x46.webp 480w\" sizes=\"(min-width: 0px) and (max-width: 480px) 480px, (min-width: 481px) and (max-width: 980px) 980px, (min-width: 981px) and (max-width: 1280px) 1280px, (min-width: 1281px) 1512px, 100vw\" \/><img loading=\"lazy\" decoding=\"async\" class=\"alignnone size-full wp-image-17128\" src=\"https:\/\/www.hydraulic-cylinders.net\/wp-content\/uploads\/2025\/02\/hcyy11112025-front-cylinder-for-frame-support-3.webp\" alt=\"\" width=\"1471\" height=\"704\" srcset=\"https:\/\/www.hydraulic-cylinders.net\/wp-content\/uploads\/2025\/02\/hcyy11112025-front-cylinder-for-frame-support-3.webp 1471w, https:\/\/www.hydraulic-cylinders.net\/wp-content\/uploads\/2025\/02\/hcyy11112025-front-cylinder-for-frame-support-3-1280x613.webp 1280w, https:\/\/www.hydraulic-cylinders.net\/wp-content\/uploads\/2025\/02\/hcyy11112025-front-cylinder-for-frame-support-3-980x469.webp 980w, https:\/\/www.hydraulic-cylinders.net\/wp-content\/uploads\/2025\/02\/hcyy11112025-front-cylinder-for-frame-support-3-480x230.webp 480w\" sizes=\"(min-width: 0px) and (max-width: 480px) 480px, (min-width: 481px) and (max-width: 980px) 980px, (min-width: 981px) and (max-width: 1280px) 1280px, (min-width: 1281px) 1471px, 100vw\" \/> <img loading=\"lazy\" decoding=\"async\" class=\"alignnone size-full wp-image-17129\" src=\"https:\/\/www.hydraulic-cylinders.net\/wp-content\/uploads\/2025\/02\/hcyy11112025-front-cylinder-for-frame-support-4.webp\" alt=\"\" width=\"1476\" height=\"701\" srcset=\"https:\/\/www.hydraulic-cylinders.net\/wp-content\/uploads\/2025\/02\/hcyy11112025-front-cylinder-for-frame-support-4.webp 1476w, https:\/\/www.hydraulic-cylinders.net\/wp-content\/uploads\/2025\/02\/hcyy11112025-front-cylinder-for-frame-support-4-1280x608.webp 1280w, https:\/\/www.hydraulic-cylinders.net\/wp-content\/uploads\/2025\/02\/hcyy11112025-front-cylinder-for-frame-support-4-980x465.webp 980w, https:\/\/www.hydraulic-cylinders.net\/wp-content\/uploads\/2025\/02\/hcyy11112025-front-cylinder-for-frame-support-4-480x228.webp 480w\" sizes=\"(min-width: 0px) and (max-width: 480px) 480px, (min-width: 481px) and (max-width: 980px) 980px, (min-width: 981px) and (max-width: 1280px) 1280px, (min-width: 1281px) 1476px, 100vw\" \/> <img loading=\"lazy\" decoding=\"async\" class=\"alignnone size-full wp-image-17130\" src=\"https:\/\/www.hydraulic-cylinders.net\/wp-content\/uploads\/2025\/02\/hcyy11112025-front-cylinder-for-frame-support-5.webp\" alt=\"\" width=\"1410\" height=\"676\" srcset=\"https:\/\/www.hydraulic-cylinders.net\/wp-content\/uploads\/2025\/02\/hcyy11112025-front-cylinder-for-frame-support-5.webp 1410w, https:\/\/www.hydraulic-cylinders.net\/wp-content\/uploads\/2025\/02\/hcyy11112025-front-cylinder-for-frame-support-5-1280x614.webp 1280w, https:\/\/www.hydraulic-cylinders.net\/wp-content\/uploads\/2025\/02\/hcyy11112025-front-cylinder-for-frame-support-5-980x470.webp 980w, https:\/\/www.hydraulic-cylinders.net\/wp-content\/uploads\/2025\/02\/hcyy11112025-front-cylinder-for-frame-support-5-480x230.webp 480w\" sizes=\"(min-width: 0px) and (max-width: 480px) 480px, (min-width: 481px) and (max-width: 980px) 980px, (min-width: 981px) and (max-width: 1280px) 1280px, (min-width: 1281px) 1410px, 100vw\" \/><\/h1>\n<h2><strong>Cylinderserie til lastbilkraner:<\/strong><\/h2>\n<h2><img loading=\"lazy\" decoding=\"async\" class=\"alignnone size-full wp-image-17123\" src=\"https:\/\/www.hydraulic-cylinders.net\/wp-content\/uploads\/2025\/02\/cylinder-series-for-truck-cranes-2.webp\" alt=\"\" width=\"1240\" height=\"825\" srcset=\"https:\/\/www.hydraulic-cylinders.net\/wp-content\/uploads\/2025\/02\/cylinder-series-for-truck-cranes-2.webp 1240w, https:\/\/www.hydraulic-cylinders.net\/wp-content\/uploads\/2025\/02\/cylinder-series-for-truck-cranes-2-980x652.webp 980w, https:\/\/www.hydraulic-cylinders.net\/wp-content\/uploads\/2025\/02\/cylinder-series-for-truck-cranes-2-480x319.webp 480w\" sizes=\"(min-width: 0px) and (max-width: 480px) 480px, (min-width: 481px) and (max-width: 980px) 980px, (min-width: 981px) 1240px, 100vw\" \/><\/h2>\n<h2><strong>N\u00f8glefunktioner ved HCYY11112025 frontcylinder til rammest\u00f8tte til lastbilkraner:<\/strong><\/h2>\n<h4><strong>H\u00f8j lasteevne<\/strong><\/h4>\n<p>De <strong>HCYY11112025<\/strong> er omhyggeligt konstrueret til at modst\u00e5 betydelige v\u00e6gte, hvilket g\u00f8r den til det perfekte valg til kr\u00e6vende tunge l\u00f8ftescenarier. Denne h\u00f8je lastekapacitet sikrer, at operat\u00f8rer trygt kan h\u00e5ndtere store materialer, fra entrepren\u00f8rudstyr til industrielle komponenter, uden at g\u00e5 p\u00e5 kompromis med sikkerhed eller ydeevne. Dens robuste design minimerer risikoen for fejl, hvilket muligg\u00f8r mere effektiv drift i milj\u00f8er med h\u00f8jt tryk.<\/p>\n<h4><strong>Holdbar konstruktion<\/strong><\/h4>\n<p>HCYY11112025 er fremstillet af materialer af h\u00f8j kvalitet og har en konstruktion, der modst\u00e5r slid, hvilket sikrer enest\u00e5ende lang levetid, selv under de mest udfordrende forhold. Denne holdbarhed betyder f\u00e6rre hyppige udskiftninger og reparationer, hvilket resulterer i lavere driftsomkostninger for virksomheder. Denne cylinder er bygget til at modst\u00e5 ekstreme temperaturer, tunge belastninger og barske milj\u00f8faktorer og er bygget til at fungere p\u00e5lideligt dag ud og dag ind.<\/p>\n<h4><strong>Korrosionsbestandighed<\/strong><\/h4>\n<p>HCYY11112025 er udstyret med en specialiseret beskyttende bel\u00e6gning og forhindrer effektivt rust og korrosion, hvilket er afg\u00f8rende for at opretholde ensartet ydeevne over tid. Denne funktion er is\u00e6r fordelagtig for kraner, der opererer i fugtige eller \u00e6tsende milj\u00f8er, s\u00e5som kystomr\u00e5der eller industriomr\u00e5der. Ved at beskytte cylinderen mod elementernes skadelige virkninger kan operat\u00f8rerne nyde ro i sindet, velvidende at deres udstyr vil bevare sin integritet og funktionalitet, hvilket forbedrer den samlede driftseffektivitet.<\/p>\n<h4><strong>Nem installation<\/strong><\/h4>\n<p>HCYY11112025 er designet til nem integration i eksisterende kransystemer, hvilket minimerer nedetid betydeligt under installationen. Operat\u00f8rer kan hurtigt udskifte gamle cylindre med HCYY11112025, s\u00e5 de kan vende tilbage til arbejdet uden lange afbrydelser. Denne brugervenlige installationsproces sparer ikke kun tid, men reducerer ogs\u00e5 l\u00f8nomkostningerne, hvilket g\u00f8r den til en attraktiv mulighed for virksomheder, der sigter mod at str\u00f8mline deres drift.<\/p>\n<h4><strong>Pr\u00e6cisionsteknik<\/strong><\/h4>\n<p>HCYY11112025 er fremstillet efter n\u00f8jagtige specifikationer og sikrer optimal ydeevne og kompatibilitet med en bred vifte af lastbilkranmodeller. Denne pr\u00e6cisionsteknik resulterer i mere j\u00e6vn drift og st\u00f8rre p\u00e5lidelighed, da cylinderen passer problemfrit ind i kranens hydrauliske system. Operat\u00f8rer kan stole p\u00e5, at hvert l\u00f8ft udf\u00f8res pr\u00e6cist, hvilket forbedrer b\u00e5de sikkerhed og effektivitet p\u00e5 arbejdsstedet. Ved at investere i en omhyggeligt konstrueret komponent som HCYY11112025 kan virksomheder h\u00e6ve deres driftsstandarder og opn\u00e5 overlegne resultater.<\/p>\n<h2><strong>Hvilken rolle spiller den forreste cylinder til rammest\u00f8tte i at forbedre stabiliteten af \u200b\u200blastbilkraner under l\u00f8fteoperationer?<\/strong><\/h2>\n<p>De <strong>Forreste cylinder til rammest\u00f8tte<\/strong> er en central komponent, der forbedrer stabiliteten af \u200b\u200blastbilkraner betydeligt under l\u00f8fteoperationer. Dens indflydelse kan unders\u00f8ges gennem flere kritiske funktioner:<\/p>\n<h4><strong>1. V\u00e6gtfordeling<\/strong><\/h4>\n<ul>\n<li>Den forreste cylinder spiller en afg\u00f8rende rolle i at fordele lasten j\u00e6vnt p\u00e5 tv\u00e6rs af kranens ramme. Denne afbalancerede fordeling er afg\u00f8rende, is\u00e6r ved h\u00e5ndtering af tunge eller uj\u00e6vne belastninger, da den forhindrer overdreven belastning p\u00e5 et enkelt punkt. Ved at opretholde ligev\u00e6gt hj\u00e6lper cylinderen kranen med at fungere effektivt og reducerer risikoen for strukturfejl.<\/li>\n<\/ul>\n<h4><strong>2. Strukturel forst\u00e6rkning<\/strong><\/h4>\n<ul>\n<li>Den forreste cylinder fungerer som et centralt strukturelt element og forst\u00e6rker kranens rammes samlede integritet. Denne forst\u00e6rkning er afg\u00f8rende for at forhindre b\u00f8jning eller b\u00f8jning under belastning, hvilket kan f\u00f8re til ustabilitet. Med en robust ramme kan kranen h\u00e5ndtere forskellige l\u00f8fteopgaver med sikkerhed, hvilket sikrer p\u00e5lidelighed og lang levetid.<\/li>\n<\/ul>\n<h4><strong>3. St\u00f8dabsorbering<\/strong><\/h4>\n<ul>\n<li>En af cylinderens v\u00e6sentlige funktioner er dens evne til at absorbere st\u00f8d og vibrationer, der genereres under l\u00f8fte- og s\u00e6nkeoperationer. Ved at d\u00e6mpe disse kr\u00e6fter minimerer cylinderen deres p\u00e5virkning af kranens struktur. Denne st\u00f8dabsorbering forbedrer ikke kun stabiliteten, men bidrager ogs\u00e5 til mere j\u00e6vn drift og reducerer slitage p\u00e5 udstyret.<\/li>\n<\/ul>\n<h4><strong>4. Forbedret kontrol<\/strong><\/h4>\n<ul>\n<li>Den p\u00e5lidelige st\u00f8tte fra den forreste cylinder forbedrer kranens kontrol under l\u00f8fteman\u00f8vrer. Operat\u00f8rerne drager fordel af \u00f8get pr\u00e6cision, s\u00e5 de kan udf\u00f8re fine bev\u00e6gelser uden risiko for at v\u00e6lte eller miste balancen. Denne forbedrede kontrol er is\u00e6r fordelagtig i komplekse l\u00f8ftescenarier, hvor pr\u00e6cision er altafg\u00f8rende.<\/li>\n<\/ul>\n<h4><strong>5. Forbedret sikkerhed<\/strong><\/h4>\n<ul>\n<li>Stabilitet er direkte forbundet med sikkerhed p\u00e5 arbejdspladsen. En velst\u00f8ttet kran reducerer risikoen for ulykker og skader betydeligt og beskytter b\u00e5de operat\u00f8rer og tilskuere. Den forreste cylinders afg\u00f8rende rolle i at opretholde stabilitet sikrer, at l\u00f8fteoperationer kan udf\u00f8res med sikkerhed og fremmer et mere sikkert arbejdsmilj\u00f8.<\/li>\n<\/ul>\n<h4><strong>6. Operationel effektivitet<\/strong><\/h4>\n<ul>\n<li>Ved at sikre stabilitet og kontrol bidrager den forreste cylinder til st\u00f8rre driftseffektivitet. Kraner kan udf\u00f8re l\u00f8fteopgaver hurtigere og mere pr\u00e6cist, hvilket resulterer i forbedret produktivitet. Denne effektivitet sparer ikke kun tid, men reducerer ogs\u00e5 driftsomkostningerne, hvilket g\u00f8r den til en v\u00e6rdifuld investering til enhver kranoperation.<\/li>\n<\/ul>\n<p>Kort sagt, den <strong>Forreste cylinder til rammest\u00f8tte<\/strong> er uundv\u00e6rlig for at forbedre stabiliteten og sikkerheden af \u200b\u200blastbilkraner under l\u00f8fteoperationer. Dens funktioner - v\u00e6gtfordeling, strukturel forst\u00e6rkning, st\u00f8dabsorbering, forbedret kontrol og generel driftseffektivitet - skaber tilsammen en p\u00e5lidelig l\u00f8ftel\u00f8sning. Investering i en frontcylinder af h\u00f8j kvalitet optimerer ikke kun ydeevnen, men sikrer ogs\u00e5 en mere sikker og produktiv arbejdsplads.<\/p>\n<h2><strong>Produktionsomr\u00e5de for gaffeltruckcylinder:<\/strong><\/h2>\n<h2><img loading=\"lazy\" decoding=\"async\" class=\"alignnone size-full wp-image-16972\" src=\"https:\/\/www.hydraulic-cylinders.net\/wp-content\/uploads\/2025\/01\/hydraulic-cylinder-factory-1-scaled.webp\" alt=\"\" width=\"2016\" height=\"2560\" srcset=\"https:\/\/www.hydraulic-cylinders.net\/wp-content\/uploads\/2025\/01\/hydraulic-cylinder-factory-1-scaled.webp 2016w, https:\/\/www.hydraulic-cylinders.net\/wp-content\/uploads\/2025\/01\/hydraulic-cylinder-factory-1-1280x1625.webp 1280w, https:\/\/www.hydraulic-cylinders.net\/wp-content\/uploads\/2025\/01\/hydraulic-cylinder-factory-1-980x1244.webp 980w, https:\/\/www.hydraulic-cylinders.net\/wp-content\/uploads\/2025\/01\/hydraulic-cylinder-factory-1-480x610.webp 480w\" sizes=\"(min-width: 0px) and (max-width: 480px) 480px, (min-width: 481px) and (max-width: 980px) 980px, (min-width: 981px) and (max-width: 1280px) 1280px, (min-width: 1281px) 2016px, 100vw\" \/><\/h2>\n<p>Vi kan prale af en topmoderne, uafh\u00e6ngig forsknings- og udviklingsplatform dedikeret til montering, hvilket sikrer innovation og kvalitet i topklasse i vores fremstillingsprocesser. Vores v\u00e6rksted til produktion af gaffeltruckcylindre har fire halvautomatiske l\u00f8ftecylindre-monteringslinjer og en fuldautomatisk vippecylindre-monteringslinje, der tilsammen er designet til at producere op til en million enheder \u00e5rligt.<\/p>\n<p>Derudover er vores specialiserede cylinderv\u00e6rksted udstyret med halvautomatiske reng\u00f8rings- og monteringssystemer, der er skr\u00e6ddersyet til forskellige specifikationer, med en \u00e5rlig produktionskapacitet p\u00e5 200.000 enheder. Vi anvender anerkendt CNC-udstyr, bearbejdningscentre og specialv\u00e6rkt\u00f8j til h\u00f8jpr\u00e6cisions cylinderbearbejdning. Vores faciliteter omfatter ogs\u00e5 avancerede robotsvejsemaskiner, automatiske reng\u00f8ringssystemer og fuldautomatiske cylindermonterings- og lakeringslinjer. Med over 300 n\u00f8gleudstyrsdele i drift optimerer vi ressourceallokering og sikrer effektiv udnyttelse, idet vi opfylder strenge pr\u00e6cisions- og kvalitetsstandarder.<\/p>\n<p>Vores maskinv\u00e6rksted har specialfremstillede drejecentre til styreskinnebearbejdning, bearbejdningscentre, h\u00f8jhastigheds-honemaskiner, svejserobotter og andet vigtigt udstyr. Denne ops\u00e6tning giver os mulighed for at h\u00e5ndtere bearbejdning af cylinderr\u00f8r med en maksimal indvendig diameter p\u00e5 400 mm og l\u00e6ngder p\u00e5 op til 6 meter, hvilket yderligere forbedrer vores produktionskapacitet.<\/p>\n<h2><img loading=\"lazy\" decoding=\"async\" class=\"alignnone size-full wp-image-16973\" src=\"https:\/\/www.hydraulic-cylinders.net\/wp-content\/uploads\/2025\/01\/hydraulic-cylinder-factory-2-scaled.webp\" alt=\"\" width=\"2011\" height=\"2560\" srcset=\"https:\/\/www.hydraulic-cylinders.net\/wp-content\/uploads\/2025\/01\/hydraulic-cylinder-factory-2-scaled.webp 2011w, https:\/\/www.hydraulic-cylinders.net\/wp-content\/uploads\/2025\/01\/hydraulic-cylinder-factory-2-1280x1629.webp 1280w, https:\/\/www.hydraulic-cylinders.net\/wp-content\/uploads\/2025\/01\/hydraulic-cylinder-factory-2-980x1248.webp 980w, https:\/\/www.hydraulic-cylinders.net\/wp-content\/uploads\/2025\/01\/hydraulic-cylinder-factory-2-480x611.webp 480w\" sizes=\"(min-width: 0px) and (max-width: 480px) 480px, (min-width: 481px) and (max-width: 980px) 980px, (min-width: 981px) and (max-width: 1280px) 1280px, (min-width: 1281px) 2011px, 100vw\" \/><\/h2>\n<p>Vi driver en fuldautomatisk vandbaseret malingslinje, der er specielt designet til sm\u00e5 og mellemstore cylindre, med automatiserede l\u00e6sse-, afl\u00e6sse- og spr\u00f8jterobotter. Dette topmoderne system kan prale af en produktionskapacitet p\u00e5 4.000 enheder pr. skift. Derudover har vi en halvautomatisk malelinje til store cylindre, drevet af et k\u00e6detr\u00e6k, med en designkapacitet p\u00e5 60 kasser pr. skift.<\/p>\n<p>For at forbedre produkternes ydeevne og styrke vores f\u00f8rende position inden for hydrauliske cylindere har vi indg\u00e5et et partnerskab med ZJIMEE for at etablere et omfattende ydeevnelaboratorium dedikeret til hydrauliske cylindre, ventiler og pumper. Dette avancerede laboratorium anvender computerassisteret testning med elektrohydraulisk teknologi, hvilket muligg\u00f8r forudindstillede testbetingelser, der forbedrer n\u00f8jagtighed og systemets alsidighed. Den automatiserede dataindsamlingsproces anvender sensorer til at indsamle outputdata, s\u00e5som intern l\u00e6kage og belastningseffektivitet, som derefter behandles af en computer og konverteres til standardenheder (ml\/min%).<\/p>\n<p>For at sikre sikkerheden af \u200b\u200bvores hydrauliske systemer implementerer vi desuden tilstandsoverv\u00e5gning af vigtige ydelsesparametre, herunder olietemperatur, v\u00e6skeniveau og filterenhedsstatus. Vores teststand til hydrauliske cylindere er i stand til at vurdere \"belastningseffektivitet\" og \"intern l\u00e6kage\" gennem pr\u00e6cise afl\u00e6sninger. Den er ogs\u00e5 udstyret med et gitterm\u00e5leinstrument, der opfylder nationale standarder, hvilket sikrer overholdelse af alle testkrav til hydrauliske cylinderprodukter.<\/p>\n<p>&nbsp;<\/p>","protected":false},"excerpt":{"rendered":"<p>HCYY11112025 Front Cylinder For Frame Support For Truck Cranes The HCYY11112025 Front Cylinder is an essential component that significantly enhances the structural integrity and operational efficiency of truck cranes. This high-performance cylinder delivers robust support for the crane&#8217;s frame, ensuring stability during lifting operations. Engineered to meet the stringent demands of various industrial applications, the [&hellip;]<\/p>","protected":false},"featured_media":17131,"comment_status":"open","ping_status":"closed","template":"","meta":{"_et_pb_use_builder":"","_et_pb_old_content":"","_et_gb_content_width":""},"product_brand":[],"product_cat":[1514,1549,1376],"product_tag":[],"class_list":{"0":"post-17125","1":"product","2":"type-product","3":"status-publish","4":"has-post-thumbnail","6":"product_cat-mobile-crane-hydraulic-cylinders","7":"product_cat-single-acting-hydraulic-cylinder","8":"product_cat-hydraulic-cylinder","10":"first","11":"instock","12":"shipping-taxable","13":"product-type-simple"},"amp_enabled":true,"_links":{"self":[{"href":"https:\/\/www.hydraulic-cylinders.net\/da\/wp-json\/wp\/v2\/product\/17125","targetHints":{"allow":["GET"]}}],"collection":[{"href":"https:\/\/www.hydraulic-cylinders.net\/da\/wp-json\/wp\/v2\/product"}],"about":[{"href":"https:\/\/www.hydraulic-cylinders.net\/da\/wp-json\/wp\/v2\/types\/product"}],"replies":[{"embeddable":true,"href":"https:\/\/www.hydraulic-cylinders.net\/da\/wp-json\/wp\/v2\/comments?post=17125"}],"wp:featuredmedia":[{"embeddable":true,"href":"https:\/\/www.hydraulic-cylinders.net\/da\/wp-json\/wp\/v2\/media\/17131"}],"wp:attachment":[{"href":"https:\/\/www.hydraulic-cylinders.net\/da\/wp-json\/wp\/v2\/media?parent=17125"}],"wp:term":[{"taxonomy":"product_brand","embeddable":true,"href":"https:\/\/www.hydraulic-cylinders.net\/da\/wp-json\/wp\/v2\/product_brand?post=17125"},{"taxonomy":"product_cat","embeddable":true,"href":"https:\/\/www.hydraulic-cylinders.net\/da\/wp-json\/wp\/v2\/product_cat?post=17125"},{"taxonomy":"product_tag","embeddable":true,"href":"https:\/\/www.hydraulic-cylinders.net\/da\/wp-json\/wp\/v2\/product_tag?post=17125"}],"curies":[{"name":"wp","href":"https:\/\/api.w.org\/{rel}","templated":true}]}}