{"id":17209,"date":"2025-02-23T08:05:46","date_gmt":"2025-02-23T08:05:46","guid":{"rendered":"https:\/\/www.hydraulic-cylinders.net\/?post_type=product&#038;p=17209"},"modified":"2025-04-30T08:46:08","modified_gmt":"2025-04-30T08:46:08","slug":"steering-cylinder-for-mast-type-aerial-work-vehicles","status":"publish","type":"product","link":"https:\/\/www.hydraulic-cylinders.net\/da\/vare\/steering-cylinder-for-mast-type-aerial-work-vehicles\/","title":{"rendered":"Styrecylinder til masttype luftarbejdsk\u00f8ret\u00f8jer"},"content":{"rendered":"<h1 style=\"text-align: center;\"><strong>Styrecylinder til masttype luftarbejdsk\u00f8ret\u00f8jer<\/strong><\/h1>\n<h1 style=\"text-align: center;\"><img loading=\"lazy\" decoding=\"async\" class=\"alignnone size-full wp-image-17218\" src=\"https:\/\/www.hydraulic-cylinders.net\/wp-content\/uploads\/2025\/02\/hcyy11112007-steering-cylinder-2.webp\" alt=\"\" width=\"1499\" height=\"521\" srcset=\"https:\/\/www.hydraulic-cylinders.net\/wp-content\/uploads\/2025\/02\/hcyy11112007-steering-cylinder-2.webp 1499w, https:\/\/www.hydraulic-cylinders.net\/wp-content\/uploads\/2025\/02\/hcyy11112007-steering-cylinder-2-1280x445.webp 1280w, https:\/\/www.hydraulic-cylinders.net\/wp-content\/uploads\/2025\/02\/hcyy11112007-steering-cylinder-2-980x341.webp 980w, https:\/\/www.hydraulic-cylinders.net\/wp-content\/uploads\/2025\/02\/hcyy11112007-steering-cylinder-2-480x167.webp 480w\" sizes=\"(min-width: 0px) and (max-width: 480px) 480px, (min-width: 481px) and (max-width: 980px) 980px, (min-width: 981px) and (max-width: 1280px) 1280px, (min-width: 1281px) 1499px, 100vw\" \/><\/h1>\n<p>Styrecylinderen til mastlignende arbejdsk\u00f8ret\u00f8jer er en vigtig komponent, der er specielt designet til arbejdsk\u00f8ret\u00f8jer. Dette h\u00f8jtydende styresystem forbedrer man\u00f8vredygtighed og kontrol betydeligt, s\u00e5 operat\u00f8rer kan navigere i komplekse milj\u00f8er med selvtillid.<\/p>\n<p>Styrecylinderen til mastelignende arbejdsk\u00f8ret\u00f8jer er kendt for sin holdbarhed, pr\u00e6cision og h\u00f8je lasteevne og sikrer p\u00e5lidelig ydeevne under kr\u00e6vende forhold. Ved at overholde anbefalede brugs- og vedligeholdelsespraksisser kan operat\u00f8rer maksimere fordelene ved denne vigtige komponent.<\/p>\n<p>Med sit robuste design og p\u00e5lidelige funktionalitet forbedrer styrecylinderen til mastelignende arbejdsk\u00f8ret\u00f8jer sikkerheden og driftseffektiviteten betydeligt, hvilket g\u00f8r den til et uundv\u00e6rligt aktiv til enhver arbejdsapplikation i luften.<\/p>\n<h2><strong>Styrecylinder til masttype luftarbejdsk\u00f8ret\u00f8jer Parameter:<\/strong><\/h2>\n<h1 style=\"text-align: center;\"><img loading=\"lazy\" decoding=\"async\" class=\"alignnone size-full wp-image-17217\" src=\"https:\/\/www.hydraulic-cylinders.net\/wp-content\/uploads\/2025\/02\/hcyy11112007-steering-cylinder-1.webp\" alt=\"\" width=\"1516\" height=\"145\" srcset=\"https:\/\/www.hydraulic-cylinders.net\/wp-content\/uploads\/2025\/02\/hcyy11112007-steering-cylinder-1.webp 1516w, https:\/\/www.hydraulic-cylinders.net\/wp-content\/uploads\/2025\/02\/hcyy11112007-steering-cylinder-1-1280x122.webp 1280w, https:\/\/www.hydraulic-cylinders.net\/wp-content\/uploads\/2025\/02\/hcyy11112007-steering-cylinder-1-980x94.webp 980w, https:\/\/www.hydraulic-cylinders.net\/wp-content\/uploads\/2025\/02\/hcyy11112007-steering-cylinder-1-480x46.webp 480w\" sizes=\"(min-width: 0px) and (max-width: 480px) 480px, (min-width: 481px) and (max-width: 980px) 980px, (min-width: 981px) and (max-width: 1280px) 1280px, (min-width: 1281px) 1516px, 100vw\" \/> \u00a0<img loading=\"lazy\" decoding=\"async\" class=\"alignnone size-full wp-image-17219\" src=\"https:\/\/www.hydraulic-cylinders.net\/wp-content\/uploads\/2025\/02\/hcyy11112007-steering-cylinder-3.webp\" alt=\"\" width=\"1479\" height=\"710\" srcset=\"https:\/\/www.hydraulic-cylinders.net\/wp-content\/uploads\/2025\/02\/hcyy11112007-steering-cylinder-3.webp 1479w, https:\/\/www.hydraulic-cylinders.net\/wp-content\/uploads\/2025\/02\/hcyy11112007-steering-cylinder-3-1280x614.webp 1280w, https:\/\/www.hydraulic-cylinders.net\/wp-content\/uploads\/2025\/02\/hcyy11112007-steering-cylinder-3-980x470.webp 980w, https:\/\/www.hydraulic-cylinders.net\/wp-content\/uploads\/2025\/02\/hcyy11112007-steering-cylinder-3-480x230.webp 480w\" sizes=\"(min-width: 0px) and (max-width: 480px) 480px, (min-width: 481px) and (max-width: 980px) 980px, (min-width: 981px) and (max-width: 1280px) 1280px, (min-width: 1281px) 1479px, 100vw\" \/> <img loading=\"lazy\" decoding=\"async\" class=\"alignnone size-full wp-image-17220\" src=\"https:\/\/www.hydraulic-cylinders.net\/wp-content\/uploads\/2025\/02\/hcyy11112007-steering-cylinder-4.webp\" alt=\"\" width=\"1476\" height=\"710\" srcset=\"https:\/\/www.hydraulic-cylinders.net\/wp-content\/uploads\/2025\/02\/hcyy11112007-steering-cylinder-4.webp 1476w, https:\/\/www.hydraulic-cylinders.net\/wp-content\/uploads\/2025\/02\/hcyy11112007-steering-cylinder-4-1280x616.webp 1280w, https:\/\/www.hydraulic-cylinders.net\/wp-content\/uploads\/2025\/02\/hcyy11112007-steering-cylinder-4-980x471.webp 980w, https:\/\/www.hydraulic-cylinders.net\/wp-content\/uploads\/2025\/02\/hcyy11112007-steering-cylinder-4-480x231.webp 480w\" sizes=\"(min-width: 0px) and (max-width: 480px) 480px, (min-width: 481px) and (max-width: 980px) 980px, (min-width: 981px) and (max-width: 1280px) 1280px, (min-width: 1281px) 1476px, 100vw\" \/> <img loading=\"lazy\" decoding=\"async\" class=\"alignnone size-full wp-image-17221\" src=\"https:\/\/www.hydraulic-cylinders.net\/wp-content\/uploads\/2025\/02\/hcyy11112007-steering-cylinder-5.webp\" alt=\"\" width=\"1491\" height=\"769\" srcset=\"https:\/\/www.hydraulic-cylinders.net\/wp-content\/uploads\/2025\/02\/hcyy11112007-steering-cylinder-5.webp 1491w, https:\/\/www.hydraulic-cylinders.net\/wp-content\/uploads\/2025\/02\/hcyy11112007-steering-cylinder-5-1280x660.webp 1280w, https:\/\/www.hydraulic-cylinders.net\/wp-content\/uploads\/2025\/02\/hcyy11112007-steering-cylinder-5-980x505.webp 980w, https:\/\/www.hydraulic-cylinders.net\/wp-content\/uploads\/2025\/02\/hcyy11112007-steering-cylinder-5-480x248.webp 480w\" sizes=\"(min-width: 0px) and (max-width: 480px) 480px, (min-width: 481px) and (max-width: 980px) 980px, (min-width: 981px) and (max-width: 1280px) 1280px, (min-width: 1281px) 1491px, 100vw\" \/><\/h1>\n<h2><strong>Cylinderserie til luftarbejdsk\u00f8ret\u00f8jer:<\/strong><\/h2>\n<h2><img loading=\"lazy\" decoding=\"async\" class=\"wp-image-1044652 size-full aligncenter\" src=\"https:\/\/images.hzpt.com\/2025\/02\/cylinder-series-for-aerial-work-vehicles.webp\" alt=\"\" width=\"751\" height=\"850\" \/><\/h2>\n<h2><strong>N\u00f8glefunktioner ved styrecylinder til masttype luftarbejdsk\u00f8ret\u00f8jer:<\/strong><\/h2>\n<h4><strong>Pr\u00e6cisionsteknik<\/strong><\/h4>\n<p>Styrecylinderen til mastelignende arbejdsk\u00f8ret\u00f8jer er udstyret med avanceret pr\u00e6cisionsteknik, der sikrer enest\u00e5ende j\u00e6vnhed og respons i styringen. Denne omhyggelige konstruktion muligg\u00f8r finjusteret kontrol, hvilket g\u00f8r det lettere for f\u00f8rere at navigere i trange rum og udf\u00f8re komplicerede man\u00f8vrer. Resultatet er en problemfri k\u00f8reoplevelse, der forbedrer den samlede driftseffektivitet og sikkerhed under opgaver i luften.<\/p>\n<h4><strong>Holdbare materialer<\/strong><\/h4>\n<p>Styrecylinderen til mastelignende arbejdsk\u00f8ret\u00f8jer er bygget med korrosionsbestandige materialer af h\u00f8j kvalitet og designet til at modst\u00e5 barske milj\u00f8forhold. Dens robuste konstruktion forhindrer slitage fra uds\u00e6ttelse for elementer som fugt, st\u00f8v og ekstreme temperaturer. Denne holdbarhed garanterer lang levetid og p\u00e5lidelighed, hvilket reducerer hyppigheden af \u200b\u200breparationer og udskiftninger, hvilket i sidste ende s\u00e6nker driftsomkostningerne for brugerne.<\/p>\n<h4><strong>H\u00f8j lasteevne<\/strong><\/h4>\n<p>Styrecylinderen til mastelignende arbejdsk\u00f8ret\u00f8jer er konstrueret til at underst\u00f8tte betydelige belastninger og tilbyder enest\u00e5ende stabilitet og kontrol, selv n\u00e5r man l\u00f8fter tungt udstyr eller personale. Denne h\u00f8je lastekapacitet sikrer, at operat\u00f8rer trygt kan h\u00e5ndtere kr\u00e6vende opgaver uden at g\u00e5 p\u00e5 kompromis med sikkerheden. Cylinderens evne til at opretholde ydeevne under pres g\u00f8r den til en essentiel komponent til enhver arbejdsapplikation i luften.<\/p>\n<h4><strong>Kompatibilitet<\/strong><\/h4>\n<p>Styrecylinderen til mastlignende arbejdsk\u00f8ret\u00f8jer er kompatibel med en bred vifte af arbejdsk\u00f8ret\u00f8jer, hvilket forbedrer dens alsidighed p\u00e5 tv\u00e6rs af forskellige anvendelser. Denne brede kompatibilitet giver operat\u00f8rer mulighed for at bruge cylinderen i forskellige indstillinger uden behov for specialudstyr. Ved at tilbyde en p\u00e5lidelig l\u00f8sning til flere k\u00f8ret\u00f8jstyper forenkler den vedligeholdelsen og str\u00f8mliner driften, hvilket g\u00f8r den til en smart investering for enhver fl\u00e5de.<\/p>\n<h2><strong>Hvordan p\u00e5virker styrecylinderens holdbarhed din vedligeholdelsesplan?<\/strong><\/h2>\n<p>Styrecylinderens holdbarhed er revolutionerende for din vedligeholdelsesplan og bringer en r\u00e6kke fordele, der vil engagere og inspirere f\u00f8rere. Denne styrecylinder er fremstillet af korrosionsbestandige materialer af h\u00f8jeste kvalitet og konstrueret til at modst\u00e5 selv de h\u00e5rdeste forhold. Det betyder, at den kan klare det slid, der ofte plager udstyr i kr\u00e6vende milj\u00f8er, s\u00e5 du kan fokusere p\u00e5 dine opgaver i stedet for at bekymre dig om potentielle nedbrud.<\/p>\n<p>Med dens exceptionelle holdbarhed kan du nyde godt af betydeligt l\u00e6ngere intervaller mellem vedligeholdelsestjek. Dette betyder ikke kun f\u00e6rre forstyrrelser i din arbejdsgang, men f\u00f8rer ogs\u00e5 til betydelige omkostningsbesparelser over tid. Forestil dig effekten af \u200b\u200breducerede reparationsudgifter og friheden til at allokere ressourcer mere effektivt!<\/p>\n<p>Endnu vigtigere er det, at styrecylinderen giver dig mulighed for at opretholde maksimal produktivitet. N\u00e5r dine luftarbejdsk\u00f8ret\u00f8jer er konstant operationelle, kan dit team tackle projekter med tillid, velvidende at de har p\u00e5lideligt udstyr, der bakker dem op. Den ro i sindet, der f\u00f8lger med et p\u00e5lideligt styresystem, forbedrer dine operationelle muligheder, s\u00e5 du kan n\u00e5 nye h\u00f8jder i dit arbejde.<\/p>\n<p>Ved at investere i styrecylinderen v\u00e6lger du ikke bare en styrecylinder; du omfavner en forpligtelse til p\u00e5lidelighed og effektivitet, der kan transformere hele din drift. Oplev forskellen og frig\u00f8r det sande potentiale i dine luftarbejdsk\u00f8ret\u00f8jer i dag!<\/p>\n<h2><strong>Produktionsomr\u00e5de for cylinder til luftarbejdsk\u00f8ret\u00f8jer:<\/strong><\/h2>\n<h2><img loading=\"lazy\" decoding=\"async\" class=\"alignnone size-full wp-image-16972\" src=\"https:\/\/www.hydraulic-cylinders.net\/wp-content\/uploads\/2025\/01\/hydraulic-cylinder-factory-1-scaled.webp\" alt=\"\" width=\"2016\" height=\"2560\" srcset=\"https:\/\/www.hydraulic-cylinders.net\/wp-content\/uploads\/2025\/01\/hydraulic-cylinder-factory-1-scaled.webp 2016w, https:\/\/www.hydraulic-cylinders.net\/wp-content\/uploads\/2025\/01\/hydraulic-cylinder-factory-1-1280x1625.webp 1280w, https:\/\/www.hydraulic-cylinders.net\/wp-content\/uploads\/2025\/01\/hydraulic-cylinder-factory-1-980x1244.webp 980w, https:\/\/www.hydraulic-cylinders.net\/wp-content\/uploads\/2025\/01\/hydraulic-cylinder-factory-1-480x610.webp 480w\" sizes=\"(min-width: 0px) and (max-width: 480px) 480px, (min-width: 481px) and (max-width: 980px) 980px, (min-width: 981px) and (max-width: 1280px) 1280px, (min-width: 1281px) 2016px, 100vw\" \/><\/h2>\n<p>Vi kan prale af en topmoderne, uafh\u00e6ngig forsknings- og udviklingsplatform dedikeret til montering, hvilket sikrer innovation og kvalitet i topklasse i vores fremstillingsprocesser. Vores v\u00e6rksted til produktion af gaffeltruckcylindre har fire halvautomatiske l\u00f8ftecylindre-monteringslinjer og en fuldautomatisk vippecylindre-monteringslinje, der tilsammen er designet til at producere op til en million enheder \u00e5rligt.<\/p>\n<p>Derudover er vores specialiserede cylinderv\u00e6rksted udstyret med halvautomatiske reng\u00f8rings- og monteringssystemer, der er skr\u00e6ddersyet til forskellige specifikationer, med en \u00e5rlig produktionskapacitet p\u00e5 200.000 enheder. Vi anvender anerkendt CNC-udstyr, bearbejdningscentre og specialv\u00e6rkt\u00f8j til h\u00f8jpr\u00e6cisions cylinderbearbejdning. Vores faciliteter omfatter ogs\u00e5 avancerede robotsvejsemaskiner, automatiske reng\u00f8ringssystemer og fuldautomatiske cylindermonterings- og lakeringslinjer. Med over 300 n\u00f8gleudstyrsdele i drift optimerer vi ressourceallokering og sikrer effektiv udnyttelse, idet vi opfylder strenge pr\u00e6cisions- og kvalitetsstandarder.<\/p>\n<p>Vores maskinv\u00e6rksted har specialfremstillede drejecentre til styreskinnebearbejdning, bearbejdningscentre, h\u00f8jhastigheds-honemaskiner, svejserobotter og andet vigtigt udstyr. Denne ops\u00e6tning giver os mulighed for at h\u00e5ndtere bearbejdning af cylinderr\u00f8r med en maksimal indvendig diameter p\u00e5 400 mm og l\u00e6ngder p\u00e5 op til 6 meter, hvilket yderligere forbedrer vores produktionskapacitet.<\/p>\n<h2><img loading=\"lazy\" decoding=\"async\" class=\"alignnone size-full wp-image-16973\" src=\"https:\/\/www.hydraulic-cylinders.net\/wp-content\/uploads\/2025\/01\/hydraulic-cylinder-factory-2-scaled.webp\" alt=\"\" width=\"2011\" height=\"2560\" srcset=\"https:\/\/www.hydraulic-cylinders.net\/wp-content\/uploads\/2025\/01\/hydraulic-cylinder-factory-2-scaled.webp 2011w, https:\/\/www.hydraulic-cylinders.net\/wp-content\/uploads\/2025\/01\/hydraulic-cylinder-factory-2-1280x1629.webp 1280w, https:\/\/www.hydraulic-cylinders.net\/wp-content\/uploads\/2025\/01\/hydraulic-cylinder-factory-2-980x1248.webp 980w, https:\/\/www.hydraulic-cylinders.net\/wp-content\/uploads\/2025\/01\/hydraulic-cylinder-factory-2-480x611.webp 480w\" sizes=\"(min-width: 0px) and (max-width: 480px) 480px, (min-width: 481px) and (max-width: 980px) 980px, (min-width: 981px) and (max-width: 1280px) 1280px, (min-width: 1281px) 2011px, 100vw\" \/><\/h2>\n<p>Vi driver en fuldautomatisk vandbaseret malingslinje, der er specielt designet til sm\u00e5 og mellemstore cylindre, med automatiserede l\u00e6sse-, afl\u00e6sse- og spr\u00f8jterobotter. Dette topmoderne system kan prale af en produktionskapacitet p\u00e5 4.000 enheder pr. skift. Derudover har vi en halvautomatisk malelinje til store cylindre, drevet af et k\u00e6detr\u00e6k, med en designkapacitet p\u00e5 60 kasser pr. skift.<\/p>\n<p>For at forbedre produkternes ydeevne og styrke vores f\u00f8rende position inden for hydrauliske cylindere har vi indg\u00e5et et partnerskab med ZJIMEE for at etablere et omfattende ydeevnelaboratorium dedikeret til hydrauliske cylindre, ventiler og pumper. Dette avancerede laboratorium anvender computerassisteret testning med elektrohydraulisk teknologi, hvilket muligg\u00f8r forudindstillede testbetingelser, der forbedrer n\u00f8jagtighed og systemets alsidighed. Den automatiserede dataindsamlingsproces anvender sensorer til at indsamle outputdata, s\u00e5som intern l\u00e6kage og belastningseffektivitet, som derefter behandles af en computer og konverteres til standardenheder (ml\/min%).<\/p>\n<p>For at sikre sikkerheden af \u200b\u200bvores hydrauliske systemer implementerer vi desuden tilstandsoverv\u00e5gning af vigtige ydelsesparametre, herunder olietemperatur, v\u00e6skeniveau og filterenhedsstatus. Vores teststand til hydrauliske cylindere er i stand til at vurdere \"belastningseffektivitet\" og \"intern l\u00e6kage\" gennem pr\u00e6cise afl\u00e6sninger. Den er ogs\u00e5 udstyret med et gitterm\u00e5leinstrument, der opfylder nationale standarder, hvilket sikrer overholdelse af alle testkrav til hydrauliske cylinderprodukter.<\/p>\n<p>&nbsp;<\/p>","protected":false},"excerpt":{"rendered":"<p>Steering Cylinder For Mast Type Aerial Work Vehicles The steering cylinder for mast type aerial work vehicles is a vital component specifically designed for aerial work vehicles. This high-performance steering system greatly enhances maneuverability and control, enabling operators to navigate complex environments with confidence. Notable for its durability, precision, and high load capacity, the steering [&hellip;]<\/p>","protected":false},"featured_media":17493,"comment_status":"open","ping_status":"closed","template":"","meta":{"_et_pb_use_builder":"","_et_pb_old_content":"","_et_gb_content_width":""},"product_brand":[],"product_cat":[1500,1550,1376],"product_tag":[],"class_list":{"0":"post-17209","1":"product","2":"type-product","3":"status-publish","4":"has-post-thumbnail","6":"product_cat-aerial-work-vehicle-hydraulic-cylinder","7":"product_cat-double-acting-hydraulic-cylinder","8":"product_cat-hydraulic-cylinder","10":"first","11":"instock","12":"shipping-taxable","13":"product-type-simple"},"amp_enabled":true,"_links":{"self":[{"href":"https:\/\/www.hydraulic-cylinders.net\/da\/wp-json\/wp\/v2\/product\/17209","targetHints":{"allow":["GET"]}}],"collection":[{"href":"https:\/\/www.hydraulic-cylinders.net\/da\/wp-json\/wp\/v2\/product"}],"about":[{"href":"https:\/\/www.hydraulic-cylinders.net\/da\/wp-json\/wp\/v2\/types\/product"}],"replies":[{"embeddable":true,"href":"https:\/\/www.hydraulic-cylinders.net\/da\/wp-json\/wp\/v2\/comments?post=17209"}],"wp:featuredmedia":[{"embeddable":true,"href":"https:\/\/www.hydraulic-cylinders.net\/da\/wp-json\/wp\/v2\/media\/17493"}],"wp:attachment":[{"href":"https:\/\/www.hydraulic-cylinders.net\/da\/wp-json\/wp\/v2\/media?parent=17209"}],"wp:term":[{"taxonomy":"product_brand","embeddable":true,"href":"https:\/\/www.hydraulic-cylinders.net\/da\/wp-json\/wp\/v2\/product_brand?post=17209"},{"taxonomy":"product_cat","embeddable":true,"href":"https:\/\/www.hydraulic-cylinders.net\/da\/wp-json\/wp\/v2\/product_cat?post=17209"},{"taxonomy":"product_tag","embeddable":true,"href":"https:\/\/www.hydraulic-cylinders.net\/da\/wp-json\/wp\/v2\/product_tag?post=17209"}],"curies":[{"name":"wp","href":"https:\/\/api.w.org\/{rel}","templated":true}]}}