{"id":17210,"date":"2025-02-23T07:51:23","date_gmt":"2025-02-23T07:51:23","guid":{"rendered":"https:\/\/www.hydraulic-cylinders.net\/?post_type=product&#038;p=17210"},"modified":"2025-04-30T08:48:08","modified_gmt":"2025-04-30T08:48:08","slug":"lifting-cylinder-for-mast-type-aerial-work-vehicles","status":"publish","type":"product","link":"https:\/\/www.hydraulic-cylinders.net\/da\/vare\/lifting-cylinder-for-mast-type-aerial-work-vehicles\/","title":{"rendered":"L\u00f8ftecylinder til masttype luftarbejdsk\u00f8ret\u00f8jer"},"content":{"rendered":"<h1 style=\"text-align: center;\"><strong>L\u00f8ftecylinder til masttype luftarbejdsk\u00f8ret\u00f8jer<\/strong><\/h1>\n<h1 style=\"text-align: center;\"><img loading=\"lazy\" decoding=\"async\" class=\"alignnone size-full wp-image-17212\" src=\"https:\/\/www.hydraulic-cylinders.net\/wp-content\/uploads\/2025\/02\/hcyy11112006-lift-cylinder-2.webp\" alt=\"\" width=\"1499\" height=\"519\" srcset=\"https:\/\/www.hydraulic-cylinders.net\/wp-content\/uploads\/2025\/02\/hcyy11112006-lift-cylinder-2.webp 1499w, https:\/\/www.hydraulic-cylinders.net\/wp-content\/uploads\/2025\/02\/hcyy11112006-lift-cylinder-2-1280x443.webp 1280w, https:\/\/www.hydraulic-cylinders.net\/wp-content\/uploads\/2025\/02\/hcyy11112006-lift-cylinder-2-980x339.webp 980w, https:\/\/www.hydraulic-cylinders.net\/wp-content\/uploads\/2025\/02\/hcyy11112006-lift-cylinder-2-480x166.webp 480w\" sizes=\"(min-width: 0px) and (max-width: 480px) 480px, (min-width: 481px) and (max-width: 980px) 980px, (min-width: 981px) and (max-width: 1280px) 1280px, (min-width: 1281px) 1499px, 100vw\" \/><\/h1>\n<p>L\u00f8ftecylinderen til mastlignende arbejdsk\u00f8ret\u00f8jer er en vigtig komponent i arbejdsk\u00f8ret\u00f8jer, der er konstrueret til at levere p\u00e5lidelig l\u00f8ftekraft p\u00e5 tv\u00e6rs af en r\u00e6kke anvendelser. Denne cylinder er designet med fokus p\u00e5 ydeevne og sikkerhed og giver operat\u00f8rer mulighed for at udf\u00f8re opgaver i h\u00f8jden med selvtillid og effektivitet.<\/p>\n<p>L\u00f8ftecylinderen kombinerer exceptionel holdbarhed, pr\u00e6cision og bred kompatibilitet og er essentiel til ethvert arbejdsmilj\u00f8 i luften. Dens imponerende lasteevne og korrosionsbestandige design forbedrer sikkerheden og driftseffektiviteten betydeligt. Ved at overholde korrekte brugs- og vedligeholdelsesretningslinjer kan operat\u00f8rer optimere ydeevnen og forl\u00e6nge levetiden for dette kritiske udstyr. L\u00f8ft dine arbejdsmilj\u00f8operationer med sikkerheden ved at have en p\u00e5lidelig l\u00f8ftel\u00f8sning lige ved h\u00e5nden.<\/p>\n<h2><strong>L\u00f8ftecylinder til masttype luftarbejdsk\u00f8ret\u00f8jer Parameter:<\/strong><\/h2>\n<h1 style=\"text-align: center;\"><img loading=\"lazy\" decoding=\"async\" class=\"alignnone size-full wp-image-17211\" src=\"https:\/\/www.hydraulic-cylinders.net\/wp-content\/uploads\/2025\/02\/hcyy11112006-lift-cylinder-1.webp\" alt=\"\" width=\"1516\" height=\"146\" srcset=\"https:\/\/www.hydraulic-cylinders.net\/wp-content\/uploads\/2025\/02\/hcyy11112006-lift-cylinder-1.webp 1516w, https:\/\/www.hydraulic-cylinders.net\/wp-content\/uploads\/2025\/02\/hcyy11112006-lift-cylinder-1-1280x123.webp 1280w, https:\/\/www.hydraulic-cylinders.net\/wp-content\/uploads\/2025\/02\/hcyy11112006-lift-cylinder-1-980x94.webp 980w, https:\/\/www.hydraulic-cylinders.net\/wp-content\/uploads\/2025\/02\/hcyy11112006-lift-cylinder-1-480x46.webp 480w\" sizes=\"(min-width: 0px) and (max-width: 480px) 480px, (min-width: 481px) and (max-width: 980px) 980px, (min-width: 981px) and (max-width: 1280px) 1280px, (min-width: 1281px) 1516px, 100vw\" \/><img loading=\"lazy\" decoding=\"async\" class=\"alignnone size-full wp-image-17213\" src=\"https:\/\/www.hydraulic-cylinders.net\/wp-content\/uploads\/2025\/02\/hcyy11112006-lift-cylinder-3.webp\" alt=\"\" width=\"1477\" height=\"709\" srcset=\"https:\/\/www.hydraulic-cylinders.net\/wp-content\/uploads\/2025\/02\/hcyy11112006-lift-cylinder-3.webp 1477w, https:\/\/www.hydraulic-cylinders.net\/wp-content\/uploads\/2025\/02\/hcyy11112006-lift-cylinder-3-1280x614.webp 1280w, https:\/\/www.hydraulic-cylinders.net\/wp-content\/uploads\/2025\/02\/hcyy11112006-lift-cylinder-3-980x470.webp 980w, https:\/\/www.hydraulic-cylinders.net\/wp-content\/uploads\/2025\/02\/hcyy11112006-lift-cylinder-3-480x230.webp 480w\" sizes=\"(min-width: 0px) and (max-width: 480px) 480px, (min-width: 481px) and (max-width: 980px) 980px, (min-width: 981px) and (max-width: 1280px) 1280px, (min-width: 1281px) 1477px, 100vw\" \/> <img loading=\"lazy\" decoding=\"async\" class=\"alignnone size-full wp-image-17214\" src=\"https:\/\/www.hydraulic-cylinders.net\/wp-content\/uploads\/2025\/02\/hcyy11112006-lift-cylinder-4.webp\" alt=\"\" width=\"1476\" height=\"702\" srcset=\"https:\/\/www.hydraulic-cylinders.net\/wp-content\/uploads\/2025\/02\/hcyy11112006-lift-cylinder-4.webp 1476w, https:\/\/www.hydraulic-cylinders.net\/wp-content\/uploads\/2025\/02\/hcyy11112006-lift-cylinder-4-1280x609.webp 1280w, https:\/\/www.hydraulic-cylinders.net\/wp-content\/uploads\/2025\/02\/hcyy11112006-lift-cylinder-4-980x466.webp 980w, https:\/\/www.hydraulic-cylinders.net\/wp-content\/uploads\/2025\/02\/hcyy11112006-lift-cylinder-4-480x228.webp 480w\" sizes=\"(min-width: 0px) and (max-width: 480px) 480px, (min-width: 481px) and (max-width: 980px) 980px, (min-width: 981px) and (max-width: 1280px) 1280px, (min-width: 1281px) 1476px, 100vw\" \/> <img loading=\"lazy\" decoding=\"async\" class=\"alignnone size-full wp-image-17215\" src=\"https:\/\/www.hydraulic-cylinders.net\/wp-content\/uploads\/2025\/02\/hcyy11112006-lift-cylinder-5.webp\" alt=\"\" width=\"1476\" height=\"724\" srcset=\"https:\/\/www.hydraulic-cylinders.net\/wp-content\/uploads\/2025\/02\/hcyy11112006-lift-cylinder-5.webp 1476w, https:\/\/www.hydraulic-cylinders.net\/wp-content\/uploads\/2025\/02\/hcyy11112006-lift-cylinder-5-1280x628.webp 1280w, https:\/\/www.hydraulic-cylinders.net\/wp-content\/uploads\/2025\/02\/hcyy11112006-lift-cylinder-5-980x481.webp 980w, https:\/\/www.hydraulic-cylinders.net\/wp-content\/uploads\/2025\/02\/hcyy11112006-lift-cylinder-5-480x235.webp 480w\" sizes=\"(min-width: 0px) and (max-width: 480px) 480px, (min-width: 481px) and (max-width: 980px) 980px, (min-width: 981px) and (max-width: 1280px) 1280px, (min-width: 1281px) 1476px, 100vw\" \/><\/h1>\n<h2><strong>Cylinderserie til luftarbejdsk\u00f8ret\u00f8jer:<\/strong><\/h2>\n<h2><img loading=\"lazy\" decoding=\"async\" class=\"wp-image-1044652 size-full aligncenter\" src=\"https:\/\/images.hzpt.com\/2025\/02\/cylinder-series-for-aerial-work-vehicles.webp\" alt=\"\" width=\"751\" height=\"850\" \/><\/h2>\n<h2><strong>N\u00f8glefunktioner ved l\u00f8ftecylinder til masttype luftarbejdsk\u00f8ret\u00f8jer:<\/strong><\/h2>\n<h4><strong>H\u00f8j lasteevne<\/strong><\/h4>\n<p>L\u00f8ftecylinderen kan prale af en imponerende lastekapacitet, der er ekspertkonstrueret til at underst\u00f8tte betydelige v\u00e6gte. Denne kapacitet g\u00f8r den ideel til kr\u00e6vende luftanvendelser, hvor p\u00e5lidelighed og styrke er altafg\u00f8rende. Uanset om man l\u00f8fter tungt udstyr eller personale, sikrer denne cylinder sikker og effektiv drift, hvilket giver operat\u00f8rerne ro i sindet, n\u00e5r de arbejder i h\u00f8jden.<\/p>\n<h4><strong>Holdbar konstruktion<\/strong><\/h4>\n<p>L\u00f8ftecylinderen er fremstillet af materialer af h\u00f8j kvalitet og er bygget til at modst\u00e5 barske milj\u00f8er og tung brug. Dens robuste konstruktion minimerer slid, hvilket resulterer i en lang levetid, der reducerer hyppigheden af \u200b\u200budskiftninger. Denne holdbarhed garanterer, at cylinderen opretholder optimal ydeevne over tid, selv under de mest udfordrende forhold, hvilket forbedrer den samlede p\u00e5lidelighed af dit luftarbejdsk\u00f8ret\u00f8j.<\/p>\n<h4><strong>Pr\u00e6cisionsteknik<\/strong><\/h4>\n<p>L\u00f8ftecylinderen er konstrueret til problemfri og p\u00e5lidelig drift og er udstyret med avanceret pr\u00e6cisionsteknik. Dette design giver fremragende respons, hvilket muligg\u00f8r j\u00e6vne justeringer under drift. Forbedret effektivitet resulterer i hurtigere l\u00f8ftetider, hvilket g\u00f8r det muligt for operat\u00f8rer at udf\u00f8re opgaver mere effektivt. Cylinderens pr\u00e6cise ydeevne bidrager til at opretholde stabilitet og sikkerhed, hvilket er afg\u00f8rende for arbejde i luften.<\/p>\n<h4><strong>Korrosionsbestandighed<\/strong><\/h4>\n<p>L\u00f8ftecylinderen er udstyret med avancerede beskyttende bel\u00e6gninger, der effektivt modst\u00e5r rust og korrosion. Denne funktion er is\u00e6r fordelagtig i udend\u00f8rs og udfordrende milj\u00f8er, hvor fugt og barske vejrforhold kan f\u00f8re til forringelse. Ved at beskytte mod korrosion forl\u00e6nger denne cylinder ikke kun dens levetid, men sikrer ogs\u00e5, at den konsekvent yder optimalt, hvilket reducerer vedligeholdelsesomkostningerne over tid.<\/p>\n<h4><strong>Kompatibilitet<\/strong><\/h4>\n<p>L\u00f8ftecylinderen er designet til at v\u00e6re kompatibel med en bred vifte af arbejdsk\u00f8ret\u00f8jer, hvilket g\u00f8r den til en alsidig l\u00f8sning for forskellige producenter og modeller. Denne tilpasningsevne forenkler lagerstyring for fl\u00e5deoperat\u00f8rer, da en enkelt cylinder kan bruges p\u00e5 tv\u00e6rs af flere udstyrstyper. Den nemme kompatibilitet muligg\u00f8r problemfri integration i eksisterende systemer, hvilket maksimerer driftseffektiviteten og minimerer nedetid under udskiftninger.<\/p>\n<h2><strong>Hvilke vedligeholdelsespraksis anbefales for l\u00f8ftecylinderen for at sikre optimal ydeevne?<\/strong><\/h2>\n<p>For at sikre optimal ydeevne af l\u00f8ftecylinderen anbefales f\u00f8lgende vedligeholdelsespraksis:<\/p>\n<h3><strong>Regelm\u00e6ssige inspektioner<\/strong><\/h3>\n<p>Udf\u00f8r rutinem\u00e6ssige inspektioner af cylinderen for tegn p\u00e5 slid, skader eller l\u00e6kager. Kontroller pakninger, slanger og fittings for integritet. Tidlig opdagelse af problemer kan forhindre mere alvorlige problemer og sikre sikker drift.<\/p>\n<h3><strong>Rensning<\/strong><\/h3>\n<p>Hold cylinderen ren og fri for snavs, affald og \u00e6tsende stoffer. T\u00f8r regelm\u00e6ssigt ydersiden af \u200b\u200bmed en bl\u00f8d klud og et mildt reng\u00f8ringsmiddel, is\u00e6r efter uds\u00e6ttelse for barske milj\u00f8er. Dette hj\u00e6lper med at forhindre korrosion og bevarer komponenternes integritet.<\/p>\n<h3><strong>Sm\u00f8ring<\/strong><\/h3>\n<p>S\u00f8rg for, at alle bev\u00e6gelige dele er tilstr\u00e6kkeligt smurt i henhold til producentens anvisninger. Korrekt sm\u00f8ring reducerer friktion, minimerer slid og forbedrer cylinderens driftseffektivitet.<\/p>\n<h3><strong>Kontroller af hydraulisk v\u00e6ske<\/strong><\/h3>\n<p>Kontroll\u00e9r regelm\u00e6ssigt hydraulikv\u00e6skeniveauet og -kvaliteten. Oprethold den anbefalede v\u00e6sketype, og udskift den efter behov for at forhindre kontaminering, der kan forringe ydeevnen.<\/p>\n<h3><strong>Momentkontroller<\/strong><\/h3>\n<p>Kontroll\u00e9r regelm\u00e6ssigt, at alle bolte og forbindelser er sikre og tilsp\u00e6ndt i henhold til producentens specifikationer. L\u00f8se beslag kan f\u00f8re til l\u00e6kager og driftsfejl.<\/p>\n<h3><strong>Funktionalitetstestning<\/strong><\/h3>\n<p>Udf\u00f8r funktionstests for at sikre, at cylinderen fungerer problemfrit. Kontroller for us\u00e6dvanlige lyde, vibrationer eller \u00e6ndringer i ydeevnen under drift, som kan indikere underliggende problemer.<\/p>\n<h3><strong>Dokumentation<\/strong><\/h3>\n<p>Vedligehold en detaljeret vedligeholdelseslog, der registrerer inspektioner, reparationer og eventuelle h\u00e6ndelser. Denne dokumentation hj\u00e6lper med at spore pr\u00e6stationstendenser og planl\u00e6gge fremtidig vedligeholdelse.<\/p>\n<h4><strong>Professionel service<\/strong><\/h4>\n<p>Planl\u00e6g regelm\u00e6ssig professionel service eller vurderinger foretaget af kvalificerede teknikere. De kan tilbyde ekspertise i at identificere potentielle problemer og sikre overholdelse af sikkerhedsstandarder.<\/p>\n<p>Ved at f\u00f8lge disse vedligeholdelsespraksis kan operat\u00f8rer sikre, at l\u00f8ftecylinderen forbliver i optimal stand, hvilket forbedrer sikkerheden og p\u00e5lideligheden under operationer i luften.<\/p>\n<h2><strong>Produktionsomr\u00e5de for gaffeltruckcylinder:<\/strong><\/h2>\n<h2><img loading=\"lazy\" decoding=\"async\" class=\"alignnone size-full wp-image-16972\" src=\"https:\/\/www.hydraulic-cylinders.net\/wp-content\/uploads\/2025\/01\/hydraulic-cylinder-factory-1-scaled.webp\" alt=\"\" width=\"2016\" height=\"2560\" srcset=\"https:\/\/www.hydraulic-cylinders.net\/wp-content\/uploads\/2025\/01\/hydraulic-cylinder-factory-1-scaled.webp 2016w, https:\/\/www.hydraulic-cylinders.net\/wp-content\/uploads\/2025\/01\/hydraulic-cylinder-factory-1-1280x1625.webp 1280w, https:\/\/www.hydraulic-cylinders.net\/wp-content\/uploads\/2025\/01\/hydraulic-cylinder-factory-1-980x1244.webp 980w, https:\/\/www.hydraulic-cylinders.net\/wp-content\/uploads\/2025\/01\/hydraulic-cylinder-factory-1-480x610.webp 480w\" sizes=\"(min-width: 0px) and (max-width: 480px) 480px, (min-width: 481px) and (max-width: 980px) 980px, (min-width: 981px) and (max-width: 1280px) 1280px, (min-width: 1281px) 2016px, 100vw\" \/><\/h2>\n<p>Vi kan prale af en topmoderne, uafh\u00e6ngig forsknings- og udviklingsplatform dedikeret til montering, hvilket sikrer innovation og kvalitet i topklasse i vores fremstillingsprocesser. Vores v\u00e6rksted til produktion af gaffeltruckcylindre har fire halvautomatiske l\u00f8ftecylindre-monteringslinjer og en fuldautomatisk vippecylindre-monteringslinje, der tilsammen er designet til at producere op til en million enheder \u00e5rligt.<\/p>\n<p>Derudover er vores specialiserede cylinderv\u00e6rksted udstyret med halvautomatiske reng\u00f8rings- og monteringssystemer, der er skr\u00e6ddersyet til forskellige specifikationer, med en \u00e5rlig produktionskapacitet p\u00e5 200.000 enheder. Vi anvender anerkendt CNC-udstyr, bearbejdningscentre og specialv\u00e6rkt\u00f8j til h\u00f8jpr\u00e6cisions cylinderbearbejdning. Vores faciliteter omfatter ogs\u00e5 avancerede robotsvejsemaskiner, automatiske reng\u00f8ringssystemer og fuldautomatiske cylindermonterings- og lakeringslinjer. Med over 300 n\u00f8gleudstyrsdele i drift optimerer vi ressourceallokering og sikrer effektiv udnyttelse, idet vi opfylder strenge pr\u00e6cisions- og kvalitetsstandarder.<\/p>\n<p>Vores maskinv\u00e6rksted har specialfremstillede drejecentre til styreskinnebearbejdning, bearbejdningscentre, h\u00f8jhastigheds-honemaskiner, svejserobotter og andet vigtigt udstyr. Denne ops\u00e6tning giver os mulighed for at h\u00e5ndtere bearbejdning af cylinderr\u00f8r med en maksimal indvendig diameter p\u00e5 400 mm og l\u00e6ngder p\u00e5 op til 6 meter, hvilket yderligere forbedrer vores produktionskapacitet.<\/p>\n<h2><img loading=\"lazy\" decoding=\"async\" class=\"alignnone size-full wp-image-16973\" src=\"https:\/\/www.hydraulic-cylinders.net\/wp-content\/uploads\/2025\/01\/hydraulic-cylinder-factory-2-scaled.webp\" alt=\"\" width=\"2011\" height=\"2560\" srcset=\"https:\/\/www.hydraulic-cylinders.net\/wp-content\/uploads\/2025\/01\/hydraulic-cylinder-factory-2-scaled.webp 2011w, https:\/\/www.hydraulic-cylinders.net\/wp-content\/uploads\/2025\/01\/hydraulic-cylinder-factory-2-1280x1629.webp 1280w, https:\/\/www.hydraulic-cylinders.net\/wp-content\/uploads\/2025\/01\/hydraulic-cylinder-factory-2-980x1248.webp 980w, https:\/\/www.hydraulic-cylinders.net\/wp-content\/uploads\/2025\/01\/hydraulic-cylinder-factory-2-480x611.webp 480w\" sizes=\"(min-width: 0px) and (max-width: 480px) 480px, (min-width: 481px) and (max-width: 980px) 980px, (min-width: 981px) and (max-width: 1280px) 1280px, (min-width: 1281px) 2011px, 100vw\" \/><\/h2>\n<p>Vi driver en fuldautomatisk vandbaseret malingslinje, der er specielt designet til sm\u00e5 og mellemstore cylindre, med automatiserede l\u00e6sse-, afl\u00e6sse- og spr\u00f8jterobotter. Dette topmoderne system kan prale af en produktionskapacitet p\u00e5 4.000 enheder pr. skift. Derudover har vi en halvautomatisk malelinje til store cylindre, drevet af et k\u00e6detr\u00e6k, med en designkapacitet p\u00e5 60 kasser pr. skift.<\/p>\n<p>For at forbedre produkternes ydeevne og styrke vores f\u00f8rende position inden for hydrauliske cylindere har vi indg\u00e5et et partnerskab med ZJIMEE for at etablere et omfattende ydeevnelaboratorium dedikeret til hydrauliske cylindre, ventiler og pumper. Dette avancerede laboratorium anvender computerassisteret testning med elektrohydraulisk teknologi, hvilket muligg\u00f8r forudindstillede testbetingelser, der forbedrer n\u00f8jagtighed og systemets alsidighed. Den automatiserede dataindsamlingsproces anvender sensorer til at indsamle outputdata, s\u00e5som intern l\u00e6kage og belastningseffektivitet, som derefter behandles af en computer og konverteres til standardenheder (ml\/min%).<\/p>\n<p>For at sikre sikkerheden af \u200b\u200bvores hydrauliske systemer implementerer vi desuden tilstandsoverv\u00e5gning af vigtige ydelsesparametre, herunder olietemperatur, v\u00e6skeniveau og filterenhedsstatus. Vores teststand til hydrauliske cylindere er i stand til at vurdere \"belastningseffektivitet\" og \"intern l\u00e6kage\" gennem pr\u00e6cise afl\u00e6sninger. Den er ogs\u00e5 udstyret med et gitterm\u00e5leinstrument, der opfylder nationale standarder, hvilket sikrer overholdelse af alle testkrav til hydrauliske cylinderprodukter.<\/p>\n<p>&nbsp;<\/p>","protected":false},"excerpt":{"rendered":"<p>Lifting Cylinder For Mast Type Aerial Work Vehicles The lifting cylinder for mast type aerial work vehicles is a vital component for aerial work vehicles, engineered to deliver reliable lifting power across a range of applications. Designed with a focus on performance and safety, this cylinder empowers operators to carry out tasks at height with [&hellip;]<\/p>","protected":false},"featured_media":17492,"comment_status":"open","ping_status":"closed","template":"","meta":{"_et_pb_use_builder":"","_et_pb_old_content":"","_et_gb_content_width":""},"product_brand":[],"product_cat":[1500,1549,1376],"product_tag":[],"class_list":{"0":"post-17210","1":"product","2":"type-product","3":"status-publish","4":"has-post-thumbnail","6":"product_cat-aerial-work-vehicle-hydraulic-cylinder","7":"product_cat-single-acting-hydraulic-cylinder","8":"product_cat-hydraulic-cylinder","10":"first","11":"instock","12":"shipping-taxable","13":"product-type-simple"},"amp_enabled":true,"_links":{"self":[{"href":"https:\/\/www.hydraulic-cylinders.net\/da\/wp-json\/wp\/v2\/product\/17210","targetHints":{"allow":["GET"]}}],"collection":[{"href":"https:\/\/www.hydraulic-cylinders.net\/da\/wp-json\/wp\/v2\/product"}],"about":[{"href":"https:\/\/www.hydraulic-cylinders.net\/da\/wp-json\/wp\/v2\/types\/product"}],"replies":[{"embeddable":true,"href":"https:\/\/www.hydraulic-cylinders.net\/da\/wp-json\/wp\/v2\/comments?post=17210"}],"wp:featuredmedia":[{"embeddable":true,"href":"https:\/\/www.hydraulic-cylinders.net\/da\/wp-json\/wp\/v2\/media\/17492"}],"wp:attachment":[{"href":"https:\/\/www.hydraulic-cylinders.net\/da\/wp-json\/wp\/v2\/media?parent=17210"}],"wp:term":[{"taxonomy":"product_brand","embeddable":true,"href":"https:\/\/www.hydraulic-cylinders.net\/da\/wp-json\/wp\/v2\/product_brand?post=17210"},{"taxonomy":"product_cat","embeddable":true,"href":"https:\/\/www.hydraulic-cylinders.net\/da\/wp-json\/wp\/v2\/product_cat?post=17210"},{"taxonomy":"product_tag","embeddable":true,"href":"https:\/\/www.hydraulic-cylinders.net\/da\/wp-json\/wp\/v2\/product_tag?post=17210"}],"curies":[{"name":"wp","href":"https:\/\/api.w.org\/{rel}","templated":true}]}}