{"id":1724,"date":"2023-10-12T03:00:38","date_gmt":"2023-10-12T03:00:38","guid":{"rendered":"https:\/\/hydraulic-cylinders.net\/?post_type=product&#038;p=1724"},"modified":"2025-04-11T02:53:46","modified_gmt":"2025-04-11T02:53:46","slug":"equipment-roller-press-cement-cylinder","status":"publish","type":"product","link":"https:\/\/www.hydraulic-cylinders.net\/da\/vare\/equipment-roller-press-cement-cylinder\/","title":{"rendered":"Udstyrsvalsepresse Cementcylinder"},"content":{"rendered":"<h1 style=\"text-align: center;\"><strong>Udstyrsvalsepresse Cementcylinder<\/strong><\/h1>\n<p><img loading=\"lazy\" decoding=\"async\" class=\"aligncenter wp-image-1726\" src=\"https:\/\/hydraulic-cylinders.net\/wp-content\/uploads\/2023\/10\/roller-press-cylinder-1-300x300.webp\" alt=\"\" width=\"400\" height=\"400\" \/><\/p>\n<p>Cementcylinderen til rullepressen er en vigtig komponent i cementproduktion og er specielt designet til at \u00f8ge effektiviteten og produktiviteten i produktionsanl\u00e6g. Dens exceptionelle egenskaber og robuste konstruktion g\u00f8r den uundv\u00e6rlig for effektiv drift af rullepressemaskiner.<\/p>\n<p>With its high-pressure resistance, precision manufacturing, and advanced sealing technology, the equipment roller press cement cylinder ensures reliable and efficient performance. You can maximize the cylinder&#8217;s performance and longevity by adhering to recommended usage methods and maintenance practices. This not only enhances the efficiency of your cement operations but also contributes to overall productivity and profitability.<\/p>\n<h2><strong>Cementudstyrsvalsepressecylinderparameter:<\/strong><\/h2>\n<table border=\"1\" cellspacing=\"0\" cellpadding=\"0\">\n<tbody>\n<tr>\n<td>Produktnavn<\/td>\n<td>Udstyrsvalsepresse Cementcylinder<\/td>\n<\/tr>\n<tr>\n<td>Funktioner:<\/td>\n<td>S\u00f8rg for klemmehovedets midterste position<\/td>\n<\/tr>\n<tr>\n<td>Borediameter:<\/td>\n<td>200 mm\uff5e700 mm<\/td>\n<\/tr>\n<tr>\n<td>Stangdiameter:<\/td>\n<td>130 mm ~ 500 mm<br \/>\nSlagl\u00e6ngde: \u2264500 mm<\/td>\n<\/tr>\n<tr>\n<td>Trykkraft:<\/td>\n<td>Maks. 5387 kN<br \/>\n(Cylinderdiameter 700 mm\/tryk 14 MPa)<\/td>\n<\/tr>\n<tr>\n<td>Anvendelser af cementudstyrsvalsepressecylinder:<\/td>\n<td>Cementudstyr<\/td>\n<\/tr>\n<\/tbody>\n<\/table>\n<div><\/div>\n<div class=\"txtboxR\">\n<div class=\"txtboxL\">\n<div class=\"txtboxL\">\n<div class=\"txtboxL\">\n<div class=\"txtboxL\">\n<div class=\"txtboxL\">\n<div class=\"txtboxL\">\n<div class=\"youhangitem\">\n<div class=\"youhangitem3\">\n<div class=\"txtbox clearfix\">\n<div class=\"txtboxL\"><strong>Funktioner: <\/strong>S\u00f8rg for mellemrum mellem tryk\/kontrolrulle<\/div>\n<div class=\"txtboxL\"><strong>Specifikation:<\/strong><\/div>\n<div class=\"txtboxR\"><strong>Borediameter:<\/strong> 200 mm\uff5e700 mm<br \/>\n<strong>Stangdiameter:<\/strong> 130 mm ~ 500 mm<br \/>\n<strong>Slagtilf\u00e6lde:<\/strong> \u2264500 mm<\/div>\n<div class=\"txtboxL\"><strong>Trykkraft: <\/strong>Maks. 5387 kN<br \/>\n(Cylinderdiameter 700 mm\/tryk 14 MPa)<\/div>\n<\/div>\n<\/div>\n<\/div>\n<\/div>\n<\/div>\n<\/div>\n<div><\/div>\n<div><strong style=\"color: #333333; font-size: 26px;\">Cementudstyrsvalsepressecylinderens n\u00f8gleegenskaber:<\/strong><\/div>\n<\/div>\n<\/div>\n<\/div>\n<\/div>\n<h3><strong>Robust konstruktion<\/strong><\/h3>\n<p>Cementcylinderen til udstyrsvalsen er fremstillet af materialer af h\u00f8j kvalitet, hvilket sikrer enest\u00e5ende holdbarhed og lang levetid, selv i cementfabrikkernes kr\u00e6vende milj\u00f8er. Dens robuste design g\u00f8r det muligt at h\u00e5ndtere tunge belastninger, samtidig med at den opretholder optimal ydeevne under kontinuerlig drift.<\/p>\n<h3><strong>H\u00f8jtryksmodstand<\/strong><\/h3>\n<p>Denne cylinder er specielt konstrueret til h\u00f8jtryksapplikationer og udm\u00e6rker sig under de intense forhold, der er typiske for cementvalsepressemaskiner. Den h\u00e5ndterer effektivt de betydelige kr\u00e6fter, der genereres under formaling og knusning af r\u00e5materialer, hvilket sikrer p\u00e5lidelig og effektiv drift.<\/p>\n<h3><strong>Pr\u00e6cisionsproduktion<\/strong><\/h3>\n<p>Hver cementpressecylinder er omhyggeligt fremstillet for at opn\u00e5 pr\u00e6cise dimensioner og sn\u00e6vre tolerancer. Dette pr\u00e6cisionsniveau muligg\u00f8r j\u00e6vn og pr\u00e6cis bev\u00e6gelse, hvilket forbedrer rullepressens ydeevne og ydelse betydeligt.<\/p>\n<h3><strong>Avanceret forseglingsteknologi<\/strong><\/h3>\n<p>Med den nyeste t\u00e6tningsteknologi forhindrer denne cylinder effektivt l\u00e6kage af hydraulisk v\u00e6ske. Den p\u00e5lidelige t\u00e6tningsmekanisme minimerer ikke kun nedetid, men reducerer ogs\u00e5 vedligeholdelsesomkostningerne, hvilket \u00f8ger den samlede effektivitet af cementproduktionsprocessen.<\/p>\n<h2><strong>Elektrisk ovn <\/strong><strong> Cylinderfabrik:<\/strong><\/h2>\n<p><img loading=\"lazy\" decoding=\"async\" class=\"alignnone wp-image-1697 size-full\" src=\"https:\/\/hydraulic-cylinders.net\/wp-content\/uploads\/2023\/10\/filter-press-cylinder-1.webp\" alt=\"\" width=\"1418\" height=\"946\" srcset=\"https:\/\/hydraulic-cylinders.net\/wp-content\/uploads\/2023\/10\/filter-press-cylinder-1.webp 1418w, https:\/\/hydraulic-cylinders.net\/wp-content\/uploads\/2023\/10\/filter-press-cylinder-1-1280x854.webp 1280w, https:\/\/hydraulic-cylinders.net\/wp-content\/uploads\/2023\/10\/filter-press-cylinder-1-980x654.webp 980w, https:\/\/hydraulic-cylinders.net\/wp-content\/uploads\/2023\/10\/filter-press-cylinder-1-480x320.webp 480w\" sizes=\"(min-width: 0px) and (max-width: 480px) 480px, (min-width: 481px) and (max-width: 980px) 980px, (min-width: 981px) and (max-width: 1280px) 1280px, (min-width: 1281px) 1418px, 100vw\" \/><\/p>\n<h2><strong>Brugsmetode for cementudstyrsrullepressecylinder<\/strong><strong>:<\/strong><\/h2>\n<h3><strong>Installation<\/strong><\/h3>\n<p>Start med at f\u00f8lge producentens anvisninger for at installere den sikkert <strong>udstyrsvalsepresse cementcylinder<\/strong> p\u00e5 rullepressemaskinen. S\u00f8rg for korrekt justering og fastg\u00f8relse for at garantere stabil og sikker drift.<\/p>\n<h3><strong>Hydraulisk tilslutning<\/strong><\/h3>\n<p>Tilslut derefter cylinderen til valsepressens hydrauliske system ved hj\u00e6lp af de passende hydrauliske fittings og slanger. Det er vigtigt at kontrollere, at alle forbindelser er sikre og fri for l\u00e6kager for at opretholde systemets integritet.<\/p>\n<h3><strong>Systemkalibrering<\/strong><\/h3>\n<p><img loading=\"lazy\" decoding=\"async\" class=\"size-full wp-image-8207 aligncenter\" src=\"https:\/\/www.hydraulic-cylinders.net\/wp-content\/uploads\/2023\/10\/hydraulic-system.webp\" alt=\"\" width=\"800\" height=\"450\" srcset=\"https:\/\/www.hydraulic-cylinders.net\/wp-content\/uploads\/2023\/10\/hydraulic-system.webp 800w, https:\/\/www.hydraulic-cylinders.net\/wp-content\/uploads\/2023\/10\/hydraulic-system-480x270.webp 480w\" sizes=\"(min-width: 0px) and (max-width: 480px) 480px, (min-width: 481px) 800px, 100vw\" \/><\/p>\n<p>Kalibrer det hydrauliske system for at sikre optimal ydeevne fra <strong>udstyrsvalsepresse cementcylinder<\/strong>Juster trykindstillingerne og flowhastighederne i henhold til producentens anbefalinger for at opn\u00e5 de \u00f8nskede driftsparametre.<\/p>\n<h3><strong>Betjening og kontrol<\/strong><\/h3>\n<p>Aktiver det hydrauliske system for at starte valsepressemaskinens drift. <strong>udstyrsvalsepresse cementcylinder<\/strong> vil gribe ind i trykrullerne og ud\u00f8ve den n\u00f8dvendige kraft til effektivt at male og knuse r\u00e5materialer. Brug kontrolpanelet eller gr\u00e6nsefladen til at overv\u00e5ge og justere cylinderens position, tryk og hastighed, hvilket sikrer pr\u00e6cis og effektiv drift.<\/p>\n<h2 id=\"the-pasted-async\"><strong>Hvordan forbedrer cementcylindre til rullepresse effektiviteten i cementproduktion?<\/strong><\/h2>\n<h3 id=\"the-pasted-async\"><strong>Forbedret materialeslibning<\/strong><\/h3>\n<p><strong>H\u00f8jtryksanvendelse:<\/strong> Cylindrene ud\u00f8ver et betydeligt tryk p\u00e5 r\u00e5materialerne, hvilket hj\u00e6lper med at nedbryde partiklerne mere effektivt end konventionelle formalingsmetoder. Denne proces resulterer i et finere produkt, der forbedrer kvaliteten af \u200b\u200bden endelige cement.<br \/>\n<strong>Forbedret partikelfordeling:<\/strong> Formalingen skaber en mere ensartet partikelst\u00f8rrelsesfordeling, hvilket er afg\u00f8rende for at opn\u00e5 ensartede cementegenskaber.<\/p>\n<h3><strong>Reduceret energiforbrug<\/strong><\/h3>\n<p><strong>Lavere energiomkostninger:<\/strong> P\u00e5 grund af deres effektive slibeevne forbruger disse cylindre mindre energi, hvilket reducerer driftsomkostningerne. Energibesparelserne kan v\u00e6re betydelige over lange produktionsperioder.<br \/>\n<strong>Mindre slid p\u00e5 udstyr:<\/strong> Effektiv formaling reducerer belastningen p\u00e5 andre komponenter i produktionslinjen, hvilket f\u00f8rer til lavere energibehov for den samlede drift.<\/p>\n<h3><strong>Kontinuerlig drift<\/strong><\/h3>\n<p><strong>Robust design:<\/strong> Cementcylindere til rullepresser er bygget til at modst\u00e5 barske forhold og kan fungere kontinuerligt uden hyppige nedbrud. Denne lange levetid er afg\u00f8rende for at opretholde h\u00f8je produktionsrater.<br \/>\n<strong>Minimeret nedetid:<\/strong> Med f\u00e6rre hyppige vedligeholdelsesbehov og muligheden for kontinuerlig drift reduceres produktionsnedetiden betydeligt, hvilket giver mulighed for en mere ensartet produktion.<\/p>\n<h3><strong>Pr\u00e6cisionskontrol<\/strong><\/h3>\n<p><img loading=\"lazy\" decoding=\"async\" class=\"size-full wp-image-8213 aligncenter\" src=\"https:\/\/www.hydraulic-cylinders.net\/wp-content\/uploads\/2023\/10\/Hydraulic-Cylinder-for-Cement-Roller.webp\" alt=\"\" width=\"550\" height=\"550\" srcset=\"https:\/\/www.hydraulic-cylinders.net\/wp-content\/uploads\/2023\/10\/Hydraulic-Cylinder-for-Cement-Roller.webp 550w, https:\/\/www.hydraulic-cylinders.net\/wp-content\/uploads\/2023\/10\/Hydraulic-Cylinder-for-Cement-Roller-480x480.webp 480w\" sizes=\"(min-width: 0px) and (max-width: 480px) 480px, (min-width: 481px) 550px, 100vw\" \/><\/p>\n<p><strong>Skr\u00e6ddersyet behandling:<\/strong> Operat\u00f8rer kan justere parametre som tryk og flowhastigheder, s\u00e5 de passer til specifikke materialer og produktionskrav. Denne fleksibilitet hj\u00e6lper med at optimere formalingsprocessen for forskellige typer cement.<br \/>\n<strong>Kvalitetskonsistens:<\/strong> Pr\u00e6cis kontrol over formalingsprocessen sikrer, at cementens kvalitet forbliver ensartet, hvilket er afg\u00f8rende for at opfylde branchestandarder og kundernes forventninger.<\/p>\n<h3><strong>Pladseffektivitet<\/strong><\/h3>\n<p><strong>Kompakt design:<\/strong> Det mindre fodaftryk, som rullepressecylindere har sammenlignet med traditionelle m\u00f8ller, muligg\u00f8r en mere effektiv udnyttelse af pladsen i produktionsanl\u00e6gget. Dette kan f\u00f8re til bedre arbejdsgange og procesintegration.<br \/>\n<strong>Fleksible layouts:<\/strong> Deres design giver mulighed for fleksibilitet i fabrikslayout, hvilket g\u00f8r det muligt for producenter at tilpasse sig skiftende produktionsbehov eller udvide uden v\u00e6sentlige strukturelle \u00e6ndringer.<\/p>\n<h3><strong>Milj\u00f8m\u00e6ssige fordele<\/strong><\/h3>\n<p><strong>Lavere CO2-udledning:<\/strong> Ved at forbruge mindre energi og forbedre effektiviteten af \u200b\u200b\u200b\u200bformalingsprocessen bidrager cementcylindre til lavere CO2-udledning forbundet med cementproduktion.<br \/>\n<strong>Ressourcebevarelse:<\/strong> Effektiv forarbejdning betyder mindre spild af r\u00e5materialer, hvilket underst\u00f8tter mere b\u00e6redygtige produktionspraksisser.<\/p>\n<h3><strong>Integration med moderne teknologi<\/strong><\/h3>\n<p><strong>Automatisering og overv\u00e5gning:<\/strong> Mange moderne valsepressesystemer har avancerede overv\u00e5gnings- og kontrolsystemer, der muligg\u00f8r dataanalyse og justeringer i realtid. Denne integration forbedrer driftseffektiviteten og responsen p\u00e5 produktionsbehov.<br \/>\n<strong>Kompatibilitet med andre teknologier:<\/strong> Disse cylindre kan nemt integreres i eksisterende produktionslinjer, hvilket muligg\u00f8r opgraderinger uden komplette systemeftersyn.<\/p>\n<h2><strong>Fabrikkens kapacitet og kapacitet:<\/strong><\/h2>\n<h3><strong>(1) Samling<\/strong><\/h3>\n<p>Vores anl\u00e6g kan prale af en uafh\u00e6ngig forsknings- og udviklingsplatform i topklasse, der er dedikeret til produktion af hydrauliske cylindre. Vi driver fire halvautomatiske l\u00f8ftecylindre-monteringslinjer og en fuldautomatisk vippecylindre-monteringslinje med en imponerende \u00e5rlig produktionskapacitet p\u00e5 1 million cylindre.<img loading=\"lazy\" decoding=\"async\" class=\"aligncenter wp-image-626\" src=\"https:\/\/hydraulic-cylinders.net\/wp-content\/uploads\/2023\/08\/hydraulic-cylinder-product-1-300x158.webp\" alt=\"\" width=\"500\" height=\"263\" srcset=\"https:\/\/hydraulic-cylinders.net\/wp-content\/uploads\/2023\/08\/hydraulic-cylinder-product-1-300x158.webp 500w, https:\/\/hydraulic-cylinders.net\/wp-content\/uploads\/2023\/08\/hydraulic-cylinder-product-1-480x252.webp 480w\" sizes=\"(min-width: 0px) and (max-width: 480px) 480px, (min-width: 481px) 500px, 100vw\" \/><\/p>\n<p>I vores specialiserede cylinderv\u00e6rksted anvender vi et halvautomatisk reng\u00f8ringssystem, der er designet til forskellige specifikationer og kan producere 200.000 cylindre \u00e5rligt. Vores v\u00e6rksted er udstyret med avanceret CNC-bearbejdningsudstyr, et bearbejdningscenter, h\u00f8jpr\u00e6cisionsv\u00e6rkt\u00f8jer til cylinderbearbejdning, robotsvejsemaskiner, automatiske reng\u00f8ringssystemer og en automatiseret cylindermonteringslinje. Derudover har vi en fuldautomatisk produktionslinje til maling.<\/p>\n<p>Med over 300 kritiske enheder sikrer vores optimale ressourceallokering, at vi opfylder de strenge n\u00f8jagtigheds- og kvalitetsstandarder, som vores kunder kr\u00e6ver. Denne forpligtelse til effektivitet og pr\u00e6cision positionerer os som f\u00f8rende inden for hydrauliske cylinderindustrien.<\/p>\n<p><img loading=\"lazy\" decoding=\"async\" class=\"aligncenter wp-image-627\" src=\"https:\/\/hydraulic-cylinders.net\/wp-content\/uploads\/2023\/08\/hydraulic-cylinder-product-2-300x189.webp\" alt=\"\" width=\"500\" height=\"315\" srcset=\"https:\/\/hydraulic-cylinders.net\/wp-content\/uploads\/2023\/08\/hydraulic-cylinder-product-2-300x189.webp 500w, https:\/\/hydraulic-cylinders.net\/wp-content\/uploads\/2023\/08\/hydraulic-cylinder-product-2-480x302.webp 480w\" sizes=\"(min-width: 0px) and (max-width: 480px) 480px, (min-width: 481px) 500px, 100vw\" \/><\/p>\n<h3><strong>(2) Maskinbearbejdning<\/strong><\/h3>\n<p>Vores maskinv\u00e6rksted har topmoderne udstyr, herunder et specialfremstillet drejecenter til skr\u00e5 skinner, et pr\u00e6cisionsbearbejdningscenter, en h\u00f8jhastigheds-honemaskine og avancerede svejserobotter. Denne sofistikerede ops\u00e6tning g\u00f8r det muligt for os effektivt at bearbejde cylinderr\u00f8r med en maksimal indre diameter p\u00e5 400 mm og en l\u00e6ngde p\u00e5 op til 6 meter.<\/p>\n<p><img loading=\"lazy\" decoding=\"async\" class=\"wp-image-628 size-large aligncenter\" src=\"https:\/\/hydraulic-cylinders.net\/wp-content\/uploads\/2023\/08\/hydraulic-cylinder-product-3-1024x391.webp\" alt=\"\" width=\"1024\" height=\"391\" srcset=\"https:\/\/hydraulic-cylinders.net\/wp-content\/uploads\/2023\/08\/hydraulic-cylinder-product-3-980x374.webp 980w, https:\/\/hydraulic-cylinders.net\/wp-content\/uploads\/2023\/08\/hydraulic-cylinder-product-3-480x183.webp 480w\" sizes=\"(min-width: 0px) and (max-width: 480px) 480px, (min-width: 481px) and (max-width: 980px) 980px, (min-width: 981px) 1024px, 100vw\" \/><\/p>\n<p>Med vores banebrydende teknologi sikrer vi bearbejdning af h\u00f8j kvalitet, der opfylder de forskellige behov inden for produktion af hydrauliske cylindre.<\/p>\n<h3><strong>(3) Svejsning<\/strong><\/h3>\n<p><img loading=\"lazy\" decoding=\"async\" class=\"wp-image-629 size-large aligncenter\" src=\"https:\/\/hydraulic-cylinders.net\/wp-content\/uploads\/2023\/08\/hydraulic-cylinder-product-4-1024x510.webp\" alt=\"\" width=\"1024\" height=\"510\" srcset=\"https:\/\/hydraulic-cylinders.net\/wp-content\/uploads\/2023\/08\/hydraulic-cylinder-product-4-980x488.webp 980w, https:\/\/hydraulic-cylinders.net\/wp-content\/uploads\/2023\/08\/hydraulic-cylinder-product-4-480x239.webp 480w\" sizes=\"(min-width: 0px) and (max-width: 480px) 480px, (min-width: 481px) and (max-width: 980px) 980px, (min-width: 981px) 1024px, 100vw\" \/><\/p>\n<h3><strong>(4) Maling og overfladebehandling<\/strong><\/h3>\n<p><img loading=\"lazy\" decoding=\"async\" class=\"wp-image-630 aligncenter\" src=\"https:\/\/hydraulic-cylinders.net\/wp-content\/uploads\/2023\/08\/hydraulic-cylinder-product-5-300x213.webp\" alt=\"\" width=\"500\" height=\"355\" \/><\/p>\n<p>Vores anl\u00e6g har avancerede automatiske vandbaserede malingslinjer, der er specielt designet til sm\u00e5 og mellemstore cylindre. Disse linjer bruger robotteknologi til effektiv p\u00e5fyldning, afl\u00e6sning og spr\u00f8jtning, hvilket opn\u00e5r en bem\u00e6rkelsesv\u00e6rdig produktionskapacitet p\u00e5 4.000 stykker pr. skift.<\/p>\n<p><img loading=\"lazy\" decoding=\"async\" class=\"wp-image-631 aligncenter\" src=\"https:\/\/hydraulic-cylinders.net\/wp-content\/uploads\/2023\/08\/hydraulic-cylinder-product-6-300x225.webp\" alt=\"\" width=\"500\" height=\"375\" srcset=\"https:\/\/hydraulic-cylinders.net\/wp-content\/uploads\/2023\/08\/hydraulic-cylinder-product-6-300x225.webp 500w, https:\/\/hydraulic-cylinders.net\/wp-content\/uploads\/2023\/08\/hydraulic-cylinder-product-6-480x360.webp 480w\" sizes=\"(min-width: 0px) and (max-width: 480px) 480px, (min-width: 481px) 500px, 100vw\" \/><\/p>\n<p>Derudover driver vi en halvautomatisk produktionslinje til maling af store cylindre, drevet af en robust str\u00f8mk\u00e6de, med en designkapacitet p\u00e5 60 kasser pr. skift. Denne kombination af automatisering og effektivitet sikrer finish af h\u00f8j kvalitet for alle vores hydrauliske cylindre.<\/p>\n<h3><strong>(5) Testning<\/strong><\/h3>\n<p>Vi har f\u00f8rsteklasses inspektionsfaciliteter og testb\u00e6nke for at sikre, at cylinderens ydeevne opfylder kravene.<\/p>\n<p><img loading=\"lazy\" decoding=\"async\" class=\"wp-image-632 aligncenter\" src=\"https:\/\/hydraulic-cylinders.net\/wp-content\/uploads\/2023\/08\/hydraulic-cylinder-product-8-300x200.webp\" alt=\"\" width=\"389\" height=\"260\" \/><\/p>\n<p>Vi er en anerkendt producent af <a href=\"https:\/\/hzpt.com\/mobile-machinery-hydraulic-cylinder\/\" target=\"_blank\" rel=\"noopener\">hydrauliske cylindre<\/a>, anerkendt som en af \u200b\u200bde bedste i branchen. Vores omfattende produktsortiment omfatter et bredt udvalg af hydrauliske cylindre, der er skr\u00e6ddersyet til at im\u00f8dekomme forskellige anvendelser. Ud over hydrauliske cylindre tilbyder vi ogs\u00e5 landbrugsgearkasser af h\u00f8j kvalitet, hvilket sikrer, at vores kunder har adgang til omfattende l\u00f8sninger til deres maskinbehov.<\/p>\n<p>Med en forpligtelse til ekspertise har vi med succes eksporteret vores produkter til kunder over hele verden og opbygget et st\u00e6rkt ry for overlegen produktkvalitet og exceptionel eftersalgsservice. Vores dedikation til kundetilfredshed har positioneret os som en betroet partner p\u00e5 b\u00e5de indenlandske og internationale markeder.<\/p>\n<h2><strong>Hvorfor v\u00e6lge os?<\/strong><\/h2>\n<p><img loading=\"lazy\" decoding=\"async\" class=\"size-full wp-image-7201 aligncenter\" src=\"https:\/\/www.hydraulic-cylinders.net\/wp-content\/uploads\/2024\/09\/mining-dump-steering-cylinder-hydraulics-on-trucks-8.webp\" alt=\"\" width=\"1110\" height=\"735\" srcset=\"https:\/\/www.hydraulic-cylinders.net\/wp-content\/uploads\/2024\/09\/mining-dump-steering-cylinder-hydraulics-on-trucks-8.webp 1110w, https:\/\/www.hydraulic-cylinders.net\/wp-content\/uploads\/2024\/09\/mining-dump-steering-cylinder-hydraulics-on-trucks-8-980x649.webp 980w, https:\/\/www.hydraulic-cylinders.net\/wp-content\/uploads\/2024\/09\/mining-dump-steering-cylinder-hydraulics-on-trucks-8-480x318.webp 480w\" sizes=\"(min-width: 0px) and (max-width: 480px) 480px, (min-width: 481px) and (max-width: 980px) 980px, (min-width: 981px) 1110px, 100vw\" \/><\/p>\n<p><strong>Professionel ekspertise:<\/strong> Vores team best\u00e5r af branchefolk med omfattende viden og erfaring inden for hydrauliske systemer, hvilket sikrer, at vi leverer produkter og tjenester i topklasse.<\/p>\n<p><strong>Internationale certificeringer:<\/strong> Vi overholder strenge kvalitetsstandarder og har forskellige internationale certificeringer, hvilket demonstrerer vores engagement i at levere p\u00e5lidelige og sikre hydrauliske l\u00f8sninger.<\/p>\n<p><strong>Tilpassede l\u00f8sninger:<\/strong> Vi forst\u00e5r, at hver kundes behov er unikke. Derfor tilbyder vi skr\u00e6ddersyede hydrauliske cylindre og gearkasser, der er skr\u00e6ddersyet til at opfylde specifikke krav.<\/p>\n<p><strong>Avanceret produktionsudstyr:<\/strong> Vores topmoderne produktionsfaciliteter anvender den nyeste teknologi og udstyr, hvilket g\u00f8r os i stand til at producere produkter af h\u00f8j kvalitet effektivt.<\/p>\n<p><strong>Omfattende eftersalgssupport:<\/strong> Vores engagement over for vores kunder r\u00e6kker ud over salget. Vi tilbyder l\u00f8bende support og vedligeholdelse for at sikre optimal ydeevne for vores produkter.<\/p>\n<p>Vi inviterer kunder fra hele verden til at kontakte os for forretningsforhandlinger, informationsudveksling og samarbejdsmuligheder. Sammen kan vi opn\u00e5 st\u00f8rre succes i hydraulikindustrien!<\/p>","protected":false},"excerpt":{"rendered":"<p>Equipment Roller Press Cement Cylinder The equipment roller press cement cylinder is a vital component in cement production, specifically designed to boost efficiency and productivity in manufacturing plants. Its exceptional characteristics and robust construction make it indispensable for effectively operating roller press machines. With its high-pressure resistance, precision manufacturing, and advanced sealing technology, the equipment [&hellip;]<\/p>","protected":false},"featured_media":1727,"comment_status":"open","ping_status":"closed","template":"","meta":{"_et_pb_use_builder":"","_et_pb_old_content":"","_et_gb_content_width":""},"product_brand":[],"product_cat":[1520,1549],"product_tag":[1380],"class_list":{"0":"post-1724","1":"product","2":"type-product","3":"status-publish","4":"has-post-thumbnail","6":"product_cat-concrete-equipment-hydraulic-cylinders","7":"product_cat-single-acting-hydraulic-cylinder","8":"product_tag-hydraulic-cylinder","10":"first","11":"instock","12":"shipping-taxable","13":"product-type-simple"},"amp_enabled":true,"_links":{"self":[{"href":"https:\/\/www.hydraulic-cylinders.net\/da\/wp-json\/wp\/v2\/product\/1724","targetHints":{"allow":["GET"]}}],"collection":[{"href":"https:\/\/www.hydraulic-cylinders.net\/da\/wp-json\/wp\/v2\/product"}],"about":[{"href":"https:\/\/www.hydraulic-cylinders.net\/da\/wp-json\/wp\/v2\/types\/product"}],"replies":[{"embeddable":true,"href":"https:\/\/www.hydraulic-cylinders.net\/da\/wp-json\/wp\/v2\/comments?post=1724"}],"wp:featuredmedia":[{"embeddable":true,"href":"https:\/\/www.hydraulic-cylinders.net\/da\/wp-json\/wp\/v2\/media\/1727"}],"wp:attachment":[{"href":"https:\/\/www.hydraulic-cylinders.net\/da\/wp-json\/wp\/v2\/media?parent=1724"}],"wp:term":[{"taxonomy":"product_brand","embeddable":true,"href":"https:\/\/www.hydraulic-cylinders.net\/da\/wp-json\/wp\/v2\/product_brand?post=1724"},{"taxonomy":"product_cat","embeddable":true,"href":"https:\/\/www.hydraulic-cylinders.net\/da\/wp-json\/wp\/v2\/product_cat?post=1724"},{"taxonomy":"product_tag","embeddable":true,"href":"https:\/\/www.hydraulic-cylinders.net\/da\/wp-json\/wp\/v2\/product_tag?post=1724"}],"curies":[{"name":"wp","href":"https:\/\/api.w.org\/{rel}","templated":true}]}}