{"id":17320,"date":"2025-03-06T08:23:45","date_gmt":"2025-03-06T08:23:45","guid":{"rendered":"https:\/\/www.hydraulic-cylinders.net\/?post_type=product&#038;p=17320"},"modified":"2025-04-11T05:27:14","modified_gmt":"2025-04-11T05:27:14","slug":"zg-series-hydraulic-cylinders-for-harvesting-machinery","status":"publish","type":"product","link":"https:\/\/www.hydraulic-cylinders.net\/da\/vare\/zg-series-hydraulic-cylinders-for-harvesting-machinery\/","title":{"rendered":"ZG-serien hydrauliske cylindre til h\u00f8stmaskiner"},"content":{"rendered":"<h1 style=\"text-align: center;\"><strong>ZG-serien hydrauliske cylindre til h\u00f8stmaskiner\u00a0<img loading=\"lazy\" decoding=\"async\" class=\"alignnone wp-image-17302\" src=\"https:\/\/www.hydraulic-cylinders.net\/wp-content\/uploads\/2025\/03\/Zg-And-Hsg-Series-Hydraulic-Cylinders-For-Harvesting-Machinery-2.webp\" alt=\"\" width=\"500\" height=\"500\" \/><br \/>\n<\/strong><\/h1>\n<p>ZG-seriens hydrauliske cylindre er specielt designet til at forbedre effektiviteten og ydeevnen af \u200b\u200bh\u00f8stmaskiner. Disse cylindre spiller en afg\u00f8rende rolle i forskellige landbrugsapplikationer og muligg\u00f8r pr\u00e6cis kontrol og kraftfuld drift, hvilket er afg\u00f8rende for moderne landbrug. Med fokus p\u00e5 p\u00e5lidelighed og holdbarhed opfylder ZG-serien landbrugssektorens kr\u00e6vende behov og sikrer, at h\u00f8stmaskinerne fungerer problemfrit og effektivt.<\/p>\n<p>ZG-seriens hydrauliske cylindre til h\u00f8stmaskiner tilbyder en p\u00e5lidelig og effektiv l\u00f8sning til moderne landbrugsbehov. Med deres h\u00f8je lastekapacitet, robuste konstruktion og avancerede t\u00e6tningsteknologi forbedrer disse cylindre h\u00f8studstyrets ydeevne. Ved at f\u00f8lge de anbefalede brugs- og vedligeholdelsespraksis kan f\u00f8rere sikre, at deres maskiner fungerer optimalt, hvilket bidrager til succesfulde h\u00f8ster og forbedret produktivitet i marken. Investering i ZG-seriens hydrauliske cylindre betyder at v\u00e6lge holdbarhed, effektivitet og pr\u00e6cision til dine landbrugsaktiviteter.<\/p>\n<h2><strong>ZG-seriens hydrauliske cylindre til h\u00f8stmaskiner Parametre:<\/strong><\/h2>\n<h1 style=\"text-align: center;\"><strong><img loading=\"lazy\" decoding=\"async\" class=\"alignnone size-full wp-image-17300\" src=\"https:\/\/www.hydraulic-cylinders.net\/wp-content\/uploads\/2025\/03\/Zg-And-Hsg-Series-Hydraulic-Cylinders-For-Harvesting-Machinery-parameter.webp\" alt=\"\" width=\"2265\" height=\"607\" srcset=\"https:\/\/www.hydraulic-cylinders.net\/wp-content\/uploads\/2025\/03\/Zg-And-Hsg-Series-Hydraulic-Cylinders-For-Harvesting-Machinery-parameter.webp 2265w, https:\/\/www.hydraulic-cylinders.net\/wp-content\/uploads\/2025\/03\/Zg-And-Hsg-Series-Hydraulic-Cylinders-For-Harvesting-Machinery-parameter-1280x343.webp 1280w, https:\/\/www.hydraulic-cylinders.net\/wp-content\/uploads\/2025\/03\/Zg-And-Hsg-Series-Hydraulic-Cylinders-For-Harvesting-Machinery-parameter-980x263.webp 980w, https:\/\/www.hydraulic-cylinders.net\/wp-content\/uploads\/2025\/03\/Zg-And-Hsg-Series-Hydraulic-Cylinders-For-Harvesting-Machinery-parameter-480x129.webp 480w\" sizes=\"(min-width: 0px) and (max-width: 480px) 480px, (min-width: 481px) and (max-width: 980px) 980px, (min-width: 981px) and (max-width: 1280px) 1280px, (min-width: 1281px) 2265px, 100vw\" \/><\/strong><\/h1>\n<h2><strong>ZG-seriens hydrauliske cylindre til h\u00f8stmaskiner. N\u00f8glefunktioner:<\/strong><\/h2>\n<h4><strong>H\u00f8j lasteevne<\/strong><\/h4>\n<p>ZG-seriens hydrauliske cylindre er omhyggeligt konstrueret til at h\u00e5ndtere betydelige belastninger, hvilket g\u00f8r dem uundv\u00e6rlige for h\u00f8stmaskiner. Denne imponerende lastekapacitet g\u00f8r det muligt for f\u00f8rere at l\u00f8fte og man\u00f8vrere tunge komponenter med lethed, hvilket forbedrer driftseffektiviteten betydeligt. Som et resultat kan opgaver, der engang kr\u00e6vede betydelig tid og kr\u00e6fter, nu udf\u00f8res hurtigt og effektivt. Uanset om det drejer sig om store afgr\u00f8der eller omfattende h\u00f8studstyr, giver disse cylindre f\u00f8rere mulighed for at maksimere produktiviteten og str\u00f8mline deres arbejdsgang.<\/p>\n<h4><strong>Robust konstruktion<\/strong><\/h4>\n<p>ZG-seriens cylindre er konstrueret af materialer af h\u00f8j kvalitet og har en exceptionel holdbarhed, der g\u00f8r dem i stand til at modst\u00e5 p\u00e5virkningerne i udfordrende landbrugsmilj\u00f8er. Deres robuste design modst\u00e5r slid og sikrer lang levetid selv under h\u00e5rd brug. Denne robusthed resulterer i reduceret vedligeholdelsesbehov, s\u00e5 f\u00f8reren kan fokusere p\u00e5 deres arbejde i stedet for hyppige reparationer. Ved at investere i disse holdbare cylindre kan brugerne forvente en lang levetid for deres h\u00f8studstyr, hvilket i sidste ende f\u00f8rer til lavere driftsomkostninger og \u00f8get p\u00e5lidelighed i marken.<\/p>\n<h4><strong>Pr\u00e6cisionsteknik<\/strong><\/h4>\n<p>Hver hydraulisk cylinder i ZG-serien gennemg\u00e5r en omhyggelig fremstillingsproces, der prioriterer pr\u00e6cision. Denne sans for detaljer resulterer i n\u00f8jagtige dimensioner og optimal hydraulisk ydeevne, hvilket er afg\u00f8rende for effektiv drift. Med pr\u00e6cis konstruktion muligg\u00f8r disse cylindre j\u00e6vnere bev\u00e6gelser og bedre kontrol under h\u00f8stopgaver. F\u00f8rere kan udf\u00f8re komplicerede man\u00f8vrer med selvtillid, hvilket g\u00f8r h\u00f8stprocessen ikke kun mere effektiv, men ogs\u00e5 mere virkningsfuld. Dette pr\u00e6cisionsniveau forbedrer den samlede produktivitet og sikrer, at hver opgave udf\u00f8res til den h\u00f8jeste standard.<\/p>\n<h4><strong>Alsidig kompatibilitet<\/strong><\/h4>\n<p>ZG-seriens cylindre er designet med alsidighed i tankerne, hvilket g\u00f8r dem tilpas til en bred vifte af h\u00f8stmaskinemodeller. Denne kompatibilitet g\u00f8r integration i eksisterende udstyr problemfri og ligetil. Operat\u00f8rer s\u00e6tter pris p\u00e5 fleksibiliteten til at bruge disse cylindre p\u00e5 tv\u00e6rs af forskellige landbrugsapplikationer uden behov for omfattende \u00e6ndringer. Denne tilpasningsevne forenkler ikke kun driften, men forbedrer ogs\u00e5 h\u00f8stmaskinenes samlede funktionalitet, hvilket g\u00f8r ZG-serien til et ideelt valg til forskellige landbrugsbehov.<\/p>\n<h4><strong>Avanceret forseglingsteknologi<\/strong><\/h4>\n<p>ZG-seriens hydrauliske cylindre er udstyret med den nyeste t\u00e6tningsteknologi og minimerer effektivt l\u00e6kager og risikoen for tab af hydraulisk v\u00e6ske. Denne innovative funktion forbedrer ikke kun effektiviteten, men s\u00e6nker ogs\u00e5 vedligeholdelsesomkostningerne betydeligt. Ved at forhindre l\u00e6kager sikrer disse cylindre, at det hydrauliske system fungerer med maksimal ydeevne, s\u00e5 f\u00f8reren kan fokusere p\u00e5 deres opgaver uden at blive distraheret af potentielle fejl. Den avancerede t\u00e6tningsteknologi bidrager til et mere p\u00e5lideligt og produktivt arbejdsmilj\u00f8, hvilket i sidste ende gavner den samlede landbrugsdrift.<\/p>\n<p>ZG-seriens hydrauliske cylindre skiller sig ud i landbrugssektoren ved at kombinere h\u00f8j lastekapacitet, robust konstruktion, pr\u00e6cisionsteknik, alsidig kompatibilitet og avanceret t\u00e6tningsteknologi. Disse funktioner forbedrer ikke kun h\u00f8stmaskinernes ydeevne, men bidrager ogs\u00e5 til en mere effektiv og p\u00e5lidelig landbrugsoplevelse. Ved at v\u00e6lge ZG-seriens cylindre udstyrer f\u00f8reren sig selv med de v\u00e6rkt\u00f8jer, der er n\u00f8dvendige for succes i nutidens kr\u00e6vende landbrugslandskab.<\/p>\n<h2><strong>ZG-seriens hydrauliske cylindre til h\u00f8stmaskineri Anvendelse:<\/strong><\/h2>\n<h1 style=\"text-align: center;\"><strong><img loading=\"lazy\" decoding=\"async\" class=\"alignnone size-full wp-image-17301\" src=\"https:\/\/www.hydraulic-cylinders.net\/wp-content\/uploads\/2025\/03\/Zg-And-Hsg-Series-Hydraulic-Cylinders-For-Harvesting-Machinery-1.webp\" alt=\"\" width=\"2481\" height=\"685\" srcset=\"https:\/\/www.hydraulic-cylinders.net\/wp-content\/uploads\/2025\/03\/Zg-And-Hsg-Series-Hydraulic-Cylinders-For-Harvesting-Machinery-1.webp 2481w, https:\/\/www.hydraulic-cylinders.net\/wp-content\/uploads\/2025\/03\/Zg-And-Hsg-Series-Hydraulic-Cylinders-For-Harvesting-Machinery-1-1280x353.webp 1280w, https:\/\/www.hydraulic-cylinders.net\/wp-content\/uploads\/2025\/03\/Zg-And-Hsg-Series-Hydraulic-Cylinders-For-Harvesting-Machinery-1-980x271.webp 980w, https:\/\/www.hydraulic-cylinders.net\/wp-content\/uploads\/2025\/03\/Zg-And-Hsg-Series-Hydraulic-Cylinders-For-Harvesting-Machinery-1-480x133.webp 480w\" sizes=\"(min-width: 0px) and (max-width: 480px) 480px, (min-width: 481px) and (max-width: 980px) 980px, (min-width: 981px) and (max-width: 1280px) 1280px, (min-width: 1281px) 2481px, 100vw\" \/><\/strong><\/h1>\n<h2><strong>ZG-seriens hydrauliske cylindre til h\u00f8stmaskiner Brugsmetode:<\/strong><\/h2>\n<p>Brugen af \u200b\u200bHSG-seriens hydrauliske cylindre er en ligetil proces, hvilket g\u00f8r dem tilg\u00e6ngelige og brugervenlige for operat\u00f8rer inden for byggebranchen. Her er et detaljeret overblik over de involverede trin:<\/p>\n<h4><strong>Installation<\/strong><\/h4>\n<p>Installation af HSG-seriens hydrauliske cylindre er designet til at v\u00e6re problemfri. Hver cylinder har standardfittings, der muligg\u00f8r hurtig og sikker installation p\u00e5 forskellige entrepren\u00f8rmaskiner. Operat\u00f8rer kan nemt justere og montere cylindrene uden behov for specialv\u00e6rkt\u00f8j eller omfattende tr\u00e6ning. Denne nemme installation minimerer nedetid, hvilket g\u00f8r det muligt for maskineriet at vende tilbage til arbejdet hurtigt og effektivt.<\/p>\n<h4><strong>Hydraulisk tilslutning<\/strong><\/h4>\n<p>N\u00e5r den er installeret, involverer n\u00e6ste trin tilslutning af hydraulikledningerne til cylinderen. Det er vigtigt at sikre, at hydraulikv\u00e6sken flyder i den rigtige retning for at opn\u00e5 de \u00f8nskede bev\u00e6gelser. Tydelig m\u00e6rkning og farvekodede forbindelser forenkler denne proces, s\u00e5 operat\u00f8rerne kan foretage tilslutningerne med sikkerhed. En korrekt hydraulisk forbindelse maksimerer ydeevnen og sikrer, at cylindrene fungerer j\u00e6vnt og responsivt, hvilket er afg\u00f8rende for pr\u00e6cis kontrol under drift.<\/p>\n<h4><strong>Operation<\/strong><\/h4>\n<p>Med HSG-seriens hydrauliske cylindre sikkert installeret og tilsluttet, kan operat\u00f8rerne nu tage kontrol over maskineriet. Ved at bruge det hydrauliske system kan de udf\u00f8re en bred vifte af bev\u00e6gelser, lige fra at l\u00f8fte tunge belastninger til komplicerede man\u00f8vrer. De intuitive betjeningselementer muligg\u00f8r finjusteringer, hvilket g\u00f8r det muligt for operat\u00f8rerne at udf\u00f8re opgaver med pr\u00e6cision og effektivitet. Uanset om det drejer sig om at h\u00e6ve, s\u00e6nke eller vippe, giver disse cylindre den n\u00f8dvendige respons til effektivt at h\u00e5ndtere udfordringerne ved byggearbejde.<\/p>\n<h4><strong>Overv\u00e5gning<\/strong><\/h4>\n<p>For at sikre optimal ydeevne er regelm\u00e6ssig overv\u00e5gning af det hydrauliske system afg\u00f8rende. Operat\u00f8rer b\u00f8r rutinem\u00e6ssigt kontrollere hydraulikv\u00e6skeniveauer og -tryk. Denne proaktive tilgang hj\u00e6lper med at identificere potentielle problemer, f\u00f8r de eskalerer, hvilket sikrer, at maskineriet fungerer med maksimal effektivitet. At holde \u00f8je med disse parametre forl\u00e6nger ikke kun levetiden for de hydrauliske cylindre, men forbedrer ogs\u00e5 den generelle sikkerhed p\u00e5 arbejdsstedet. Ved at opretholde \u00e5rv\u00e5genhed kan operat\u00f8rer sikre, at deres udstyr forbliver p\u00e5lideligt og klar til brug til enhver tid.<\/p>\n<p>HSG-seriens hydrauliske cylindre tilbyder en brugervenlig oplevelse, fra installation til drift og vedligeholdelse. Deres enkle brugsmetode giver byggefagfolk mulighed for at maksimere produktivitet og effektivitet, hvilket sikrer, at de kan tackle ethvert projekt med selvtillid. Ved at v\u00e6lge HSG investerer operat\u00f8rer i en p\u00e5lidelig hydraulisk l\u00f8sning, der forenkler deres arbejdsgang og leverer enest\u00e5ende ydeevne.<\/p>\n<h2><strong>Testudstyr:<\/strong><\/h2>\n<p><strong><img loading=\"lazy\" decoding=\"async\" class=\"alignnone size-full wp-image-17293\" src=\"https:\/\/www.hydraulic-cylinders.net\/wp-content\/uploads\/2025\/03\/test-equipment.webp-2.webp\" alt=\"\" width=\"1932\" height=\"1741\" srcset=\"https:\/\/www.hydraulic-cylinders.net\/wp-content\/uploads\/2025\/03\/test-equipment.webp-2.webp 1932w, https:\/\/www.hydraulic-cylinders.net\/wp-content\/uploads\/2025\/03\/test-equipment.webp-2-1280x1153.webp 1280w, https:\/\/www.hydraulic-cylinders.net\/wp-content\/uploads\/2025\/03\/test-equipment.webp-2-980x883.webp 980w, https:\/\/www.hydraulic-cylinders.net\/wp-content\/uploads\/2025\/03\/test-equipment.webp-2-480x433.webp 480w\" sizes=\"(min-width: 0px) and (max-width: 480px) 480px, (min-width: 481px) and (max-width: 980px) 980px, (min-width: 981px) and (max-width: 1280px) 1280px, (min-width: 1281px) 1932px, 100vw\" \/><\/strong><\/p>\n<ul>\n<li>1: Saltspraytestkammer<\/li>\n<li>2: Kemisk analyse<\/li>\n<li>3: Tr\u00e6kpr\u00f8vemaskine<\/li>\n<li>4: Rockwell-h\u00e5rdhedsm\u00e5ler<\/li>\n<li>5: Renhedstestmaskine<\/li>\n<li>6: TH110 Rebound-h\u00e5rdhedsm\u00e5ler<\/li>\n<li>7: Lagtykkelsesm\u00e5ler<\/li>\n<li>8: Pendulslagstest<\/li>\n<\/ul>\n<p><img loading=\"lazy\" decoding=\"async\" class=\"alignnone size-full wp-image-17292\" src=\"https:\/\/www.hydraulic-cylinders.net\/wp-content\/uploads\/2025\/03\/test-equipment.webp-1.webp\" alt=\"\" width=\"1600\" height=\"1216\" srcset=\"https:\/\/www.hydraulic-cylinders.net\/wp-content\/uploads\/2025\/03\/test-equipment.webp-1.webp 1600w, https:\/\/www.hydraulic-cylinders.net\/wp-content\/uploads\/2025\/03\/test-equipment.webp-1-1280x973.webp 1280w, https:\/\/www.hydraulic-cylinders.net\/wp-content\/uploads\/2025\/03\/test-equipment.webp-1-980x745.webp 980w, https:\/\/www.hydraulic-cylinders.net\/wp-content\/uploads\/2025\/03\/test-equipment.webp-1-480x365.webp 480w\" sizes=\"(min-width: 0px) and (max-width: 480px) 480px, (min-width: 481px) and (max-width: 980px) 980px, (min-width: 981px) and (max-width: 1280px) 1280px, (min-width: 1281px) 1600px, 100vw\" \/><\/p>\n<p>Vores virksomhed anser kvalitet for at v\u00e6re fundamentet for vores succes. For at opretholde denne forpligtelse har vi investeret i avanceret test- og laboratorieudstyr til hjemmet, st\u00f8ttet af et team af h\u00f8jt kvalificerede fagfolk inden for videnskab og teknologi.<\/p>\n<p>Vi opretholder et strengt kvalitetsstyringssystem, der overholder branchestandarder, og sikrer, at hvert parti af produkter, vi producerer, opfylder de h\u00f8jeste kvalitetskriterier. Ved at standardisere vores drift og l\u00f8bende overv\u00e5ge vores processer sikrer vi, at vores kunder kun modtager det bedste.<\/p>\n<p>Denne standhaftige dedikation til kvalitet forbedrer ikke blot p\u00e5lideligheden af \u200b\u200bvores produkter, men opbygger ogs\u00e5 tillid og tilfredshed blandt vores kunder. Vi tror p\u00e5, at ved at prioritere ekspertise i alle aspekter af vores produktion, bidrager vi til vores partneres og branchens succes som helhed. Sammen sigter vi mod innovation og kvalitet, der varer ved i lang tid.<\/p>\n<h2><strong>Produktionssted for hydrauliske cylindere:<\/strong><\/h2>\n<p>Vores virksomhed er en f\u00f8rende producent, der specialiserer sig i hydrauliske cylindre, og bakkes op af vores egne uafh\u00e6ngige forsknings-, udviklings- og designkapaciteter. Med et topmoderne anl\u00e6g, der huser over 170 generelle v\u00e6rkt\u00f8jsmaskiner, CNC-maskiner, bearbejdningscentre, svejseudstyr og specialiserede test- og inspektionsv\u00e6rkt\u00f8jer, er vi godt rustet til at im\u00f8dekomme forskellige industrielle behov.<\/p>\n<p>Gennem mange \u00e5rs akkumuleret teknologisk ekspertise og procesforfining har vi etableret en moden produktionsproces, der problemfrit integrerer forskning og udvikling med produktion. Denne integration er blevet vores centrale konkurrencefordel, der giver os mulighed for at designe og producere en bred vifte af hydrauliske cylindre, der er skr\u00e6ddersyet til at opfylde specifikke kundekrav.<\/p>\n<p>Vores produkter anvendes i vid udstr\u00e6kning p\u00e5 tv\u00e6rs af forskellige sektorer, herunder landbrugsmaskiner, entrepren\u00f8rudstyr, k\u00f8ret\u00f8jer, vejteknik og specialmaskiner. Vi er stolte af at st\u00f8tte adskillige OEM'er, herunder Bonong Xingda, Bojin Hummer, Jilin Ruifeng, Debang Dawei, Shandong Yineng Heavy Industry, Tai'an Modern Heavy Industry og Shifeng Group, blandt andre.<\/p>\n<p><img loading=\"lazy\" decoding=\"async\" class=\"alignnone size-full wp-image-17290\" src=\"https:\/\/www.hydraulic-cylinders.net\/wp-content\/uploads\/2025\/03\/production-site-1.webp\" alt=\"\" width=\"1971\" height=\"2253\" srcset=\"https:\/\/www.hydraulic-cylinders.net\/wp-content\/uploads\/2025\/03\/production-site-1.webp 1971w, https:\/\/www.hydraulic-cylinders.net\/wp-content\/uploads\/2025\/03\/production-site-1-1280x1463.webp 1280w, https:\/\/www.hydraulic-cylinders.net\/wp-content\/uploads\/2025\/03\/production-site-1-980x1120.webp 980w, https:\/\/www.hydraulic-cylinders.net\/wp-content\/uploads\/2025\/03\/production-site-1-480x549.webp 480w\" sizes=\"(min-width: 0px) and (max-width: 480px) 480px, (min-width: 481px) and (max-width: 980px) 980px, (min-width: 981px) and (max-width: 1280px) 1280px, (min-width: 1281px) 1971px, 100vw\" \/><\/p>\n<p>Vi er dedikeret til at levere exceptionel service gennem en st\u00e6rk kvalitetspolitik, der prioriterer kontinuerlig innovation inden for forskning og udvikling, ledelse, kvalitetskontrol og kundeservice. Vores engagement i kvalitet er blevet anerkendt med ISO\/TS16949-certificering, hvilket sikrer, at vi ikke blot opfylder, men konsekvent overg\u00e5r vores kunders forventninger.<\/p>\n<p>Fremadrettet vil vi forts\u00e6tte med at udvikle vores teknologi og udvide vores kapaciteter, altid med det form\u00e5l at levere produkter og tjenester af h\u00f8jeste kvalitet til vores kunder. Sammen skaber vi en tradition for ekspertise inden for hydrauliske cylinderindustrien.<\/p>\n<p><strong>\u00a0<\/strong><\/p>","protected":false},"excerpt":{"rendered":"<p>ZG Series Hydraulic Cylinders For Harvesting Machinery\u00a0 The ZG Series Hydraulic Cylinders are specifically designed to enhance the efficiency and performance of harvesting machinery. These cylinders play a vital role in various agricultural applications, enabling precise control and powerful operation essential for modern farming. With a focus on reliability and durability, the ZG Series meets [&hellip;]<\/p>","protected":false},"featured_media":17312,"comment_status":"open","ping_status":"closed","template":"","meta":{"_et_pb_use_builder":"","_et_pb_old_content":"","_et_gb_content_width":""},"product_brand":[],"product_cat":[1550,1528,1376],"product_tag":[],"class_list":{"0":"post-17320","1":"product","2":"type-product","3":"status-publish","4":"has-post-thumbnail","6":"product_cat-double-acting-hydraulic-cylinder","7":"product_cat-harvesting-machinery-hydraulic-cylinders","8":"product_cat-hydraulic-cylinder","10":"first","11":"instock","12":"shipping-taxable","13":"product-type-simple"},"amp_enabled":true,"_links":{"self":[{"href":"https:\/\/www.hydraulic-cylinders.net\/da\/wp-json\/wp\/v2\/product\/17320","targetHints":{"allow":["GET"]}}],"collection":[{"href":"https:\/\/www.hydraulic-cylinders.net\/da\/wp-json\/wp\/v2\/product"}],"about":[{"href":"https:\/\/www.hydraulic-cylinders.net\/da\/wp-json\/wp\/v2\/types\/product"}],"replies":[{"embeddable":true,"href":"https:\/\/www.hydraulic-cylinders.net\/da\/wp-json\/wp\/v2\/comments?post=17320"}],"wp:featuredmedia":[{"embeddable":true,"href":"https:\/\/www.hydraulic-cylinders.net\/da\/wp-json\/wp\/v2\/media\/17312"}],"wp:attachment":[{"href":"https:\/\/www.hydraulic-cylinders.net\/da\/wp-json\/wp\/v2\/media?parent=17320"}],"wp:term":[{"taxonomy":"product_brand","embeddable":true,"href":"https:\/\/www.hydraulic-cylinders.net\/da\/wp-json\/wp\/v2\/product_brand?post=17320"},{"taxonomy":"product_cat","embeddable":true,"href":"https:\/\/www.hydraulic-cylinders.net\/da\/wp-json\/wp\/v2\/product_cat?post=17320"},{"taxonomy":"product_tag","embeddable":true,"href":"https:\/\/www.hydraulic-cylinders.net\/da\/wp-json\/wp\/v2\/product_tag?post=17320"}],"curies":[{"name":"wp","href":"https:\/\/api.w.org\/{rel}","templated":true}]}}