{"id":17332,"date":"2025-03-07T07:58:20","date_gmt":"2025-03-07T07:58:20","guid":{"rendered":"https:\/\/www.hydraulic-cylinders.net\/?post_type=product&#038;p=17332"},"modified":"2025-04-11T05:31:12","modified_gmt":"2025-04-11T05:31:12","slug":"bi-directional-scriber-cylinder-for-no-tillage-machines","status":"publish","type":"product","link":"https:\/\/www.hydraulic-cylinders.net\/da\/vare\/bi-directional-scriber-cylinder-for-no-tillage-machines\/","title":{"rendered":"Tovejs afskrabercylinder til maskiner uden jordbearbejdning"},"content":{"rendered":"<h1 style=\"text-align: center;\"><strong>Tovejs afskrabercylinder til maskiner uden jordbearbejdning<br \/>\n<img loading=\"lazy\" decoding=\"async\" class=\"alignnone wp-image-17269\" src=\"https:\/\/www.hydraulic-cylinders.net\/wp-content\/uploads\/2025\/03\/bi-directional-scriber-cylinder-1.webp\" alt=\"\" width=\"500\" height=\"499\" srcset=\"https:\/\/www.hydraulic-cylinders.net\/wp-content\/uploads\/2025\/03\/bi-directional-scriber-cylinder-1.webp 500w, https:\/\/www.hydraulic-cylinders.net\/wp-content\/uploads\/2025\/03\/bi-directional-scriber-cylinder-1-480x479.webp 480w\" sizes=\"(min-width: 0px) and (max-width: 480px) 480px, (min-width: 481px) 500px, 100vw\" \/><br \/>\n<\/strong><\/h1>\n<p>Den tovejs afskrivercylinder er en afg\u00f8rende komponent til maskiner uden jordbearbejdning, der forbedrer deres effektivitet betydeligt i jordforberedelse og plantning. Denne innovative cylinder muligg\u00f8r pr\u00e6cis og alsidig jordh\u00e5ndtering, hvilket g\u00f8r det muligt for landm\u00e6nd at skabe optimale planteforhold, samtidig med at jordstrukturen bevares. Ved at udnytte avanceret hydraulisk teknologi forbedrer den tovejs afskrivercylinder driftseffektiviteten og maksimerer afgr\u00f8deudbyttet.<\/p>\n<p>Som et vigtigt v\u00e6rkt\u00f8j til moderne jordbearbejdning uden jordbearbejdning forbedrer den tovejs afskrivercylinder pr\u00e6cision og effektivitet i jordh\u00e5ndteringen. Dens robuste konstruktion, dobbeltretningsfunktionalitet og nemme installation s\u00e6tter landm\u00e6ndene i stand til at opretholde ideelle planteforhold med minimal jordforstyrrelse. Ved at f\u00f8lge korrekt brugs- og vedligeholdelsesretningslinjer kan brugerne sikre p\u00e5lidelig ydeevne, hvilket resulterer i h\u00f8jere afgr\u00f8deudbytter og succesfulde landbrugsresultater. At investere i en tovejs afskrivercylinder er en smart beslutning for enhver landbrugsvirksomhed, der \u00f8nsker at \u00f8ge produktiviteten og fremme b\u00e6redygtige praksisser.<\/p>\n<h2><strong>Tovejs ridsecylinder til maskiner uden jordbearbejdning Parameter:<\/strong><\/h2>\n<h1 style=\"text-align: center;\"><strong><img loading=\"lazy\" decoding=\"async\" class=\"alignnone size-full wp-image-17283\" src=\"https:\/\/www.hydraulic-cylinders.net\/wp-content\/uploads\/2025\/03\/hydraulic-cylinders-for-no-tillage-machines-parameter-1.webp\" alt=\"\" width=\"2237\" height=\"1271\" srcset=\"https:\/\/www.hydraulic-cylinders.net\/wp-content\/uploads\/2025\/03\/hydraulic-cylinders-for-no-tillage-machines-parameter-1.webp 2237w, https:\/\/www.hydraulic-cylinders.net\/wp-content\/uploads\/2025\/03\/hydraulic-cylinders-for-no-tillage-machines-parameter-1-1280x727.webp 1280w, https:\/\/www.hydraulic-cylinders.net\/wp-content\/uploads\/2025\/03\/hydraulic-cylinders-for-no-tillage-machines-parameter-1-980x557.webp 980w, https:\/\/www.hydraulic-cylinders.net\/wp-content\/uploads\/2025\/03\/hydraulic-cylinders-for-no-tillage-machines-parameter-1-480x273.webp 480w\" sizes=\"(min-width: 0px) and (max-width: 480px) 480px, (min-width: 481px) and (max-width: 980px) 980px, (min-width: 981px) and (max-width: 1280px) 1280px, (min-width: 1281px) 2237px, 100vw\" \/><\/strong><\/h1>\n<h2><strong>Tovejs ridsecylinder til maskiner uden jordbearbejdning Anvendelse:<\/strong><\/h2>\n<p><img loading=\"lazy\" decoding=\"async\" class=\"alignnone size-full wp-image-17282\" src=\"https:\/\/www.hydraulic-cylinders.net\/wp-content\/uploads\/2025\/03\/hydraulic-cylinders-for-no-tillage-machines-application-1.webp\" alt=\"\" width=\"2273\" height=\"976\" srcset=\"https:\/\/www.hydraulic-cylinders.net\/wp-content\/uploads\/2025\/03\/hydraulic-cylinders-for-no-tillage-machines-application-1.webp 2273w, https:\/\/www.hydraulic-cylinders.net\/wp-content\/uploads\/2025\/03\/hydraulic-cylinders-for-no-tillage-machines-application-1-1280x550.webp 1280w, https:\/\/www.hydraulic-cylinders.net\/wp-content\/uploads\/2025\/03\/hydraulic-cylinders-for-no-tillage-machines-application-1-980x421.webp 980w, https:\/\/www.hydraulic-cylinders.net\/wp-content\/uploads\/2025\/03\/hydraulic-cylinders-for-no-tillage-machines-application-1-480x206.webp 480w\" sizes=\"(min-width: 0px) and (max-width: 480px) 480px, (min-width: 481px) and (max-width: 980px) 980px, (min-width: 981px) and (max-width: 1280px) 1280px, (min-width: 1281px) 2273px, 100vw\" \/><\/p>\n<h2><strong>Tovejs afskrabercylinder til maskiner uden jordbearbejdning. N\u00f8glefunktioner:<\/strong><\/h2>\n<h4><strong>Alsidig betjening i to retninger<\/strong><\/h4>\n<p>Den tovejs ridsecylinder er designet til effektiv bev\u00e6gelse i begge retninger, hvilket g\u00f8r det muligt for f\u00f8reren nemt at tilpasse sig forskellige markforhold. Uanset om man navigerer p\u00e5 skr\u00e5ninger, uj\u00e6vnt terr\u00e6n eller trange pladser, forbedrer denne dobbeltvejsfunktion man\u00f8vredygtigheden og den samlede effektivitet. Som et resultat kan landm\u00e6nd d\u00e6kke mere jord p\u00e5 kortere tid og opretholde et h\u00f8jt produktivitetsniveau, selv i udfordrende landbrugsmilj\u00f8er.<\/p>\n<h4><strong>Enest\u00e5ende pr\u00e6cision<\/strong><\/h4>\n<p>Udstyret med et avanceret hydraulisk system giver den tovejs ridsecylinder bem\u00e6rkelsesv\u00e6rdig pr\u00e6cision i styringen af \u200b\u200bb\u00e5de dybde og vinkel. Denne n\u00f8jagtighed er afg\u00f8rende for effektiv placering af fr\u00f8ene og sikrer, at fr\u00f8ene s\u00e5s i den optimale dybde for spiring. Derudover forbedrer pr\u00e6cise justeringer jordluftningen, hvilket er afg\u00f8rende for en sund rodudvikling. Denne sans for detaljer forbedrer den samlede kvalitet af planteprocessen, hvilket f\u00f8rer til bedre afgr\u00f8deresultater og \u00f8get udbytte.<\/p>\n<h4><strong>Holdbar konstruktion<\/strong><\/h4>\n<p>Den BI-Directional Scriber Cylinder er bygget af materialer af h\u00f8j kvalitet og er konstrueret til at modst\u00e5 kravene fra barske landbrugsforhold. Dens robuste design modst\u00e5r slid og leverer p\u00e5lidelig ydeevne gennem hele landbrugss\u00e6sonen. Denne holdbarhed reducerer behovet for hyppige udskiftninger, hvilket sparer landm\u00e6ndene b\u00e5de tid og penge. Med fokus p\u00e5 lang levetid giver cylinderen landm\u00e6ndene mulighed for at koncentrere sig om deres afgr\u00f8der uden bekymringer om udstyrsfejl.<\/p>\n<h4><strong>Brugervenlig installation<\/strong><\/h4>\n<p>Den tovejs ridsecylinder er designet med bekvemmelighed i tankerne og har en ligetil installationsproces. Landm\u00e6nd kan nemt integrere den i deres eksisterende jordbearbejdningsmaskiner uden omfattende \u00e6ndringer. Denne nemme installation minimerer nedetid, s\u00e5 landm\u00e6ndene hurtigt kan genoptage deres arbejde. Med mindre tid brugt p\u00e5 ops\u00e6tning kan landm\u00e6ndene fokusere p\u00e5 at maksimere produktiviteten og overholde deres landbrugsplaner.<\/p>\n<h4><strong>Minimal jordforstyrrelse<\/strong><\/h4>\n<p>Designet af den tovejs ridsecylinder reducerer jordforstyrrelser betydeligt under drift. Ved at bevare jordstrukturen og fugtighedsniveauet fremmer denne funktion bedre rodudvikling og generel afgr\u00f8desundhed. Derudover hj\u00e6lper reduceret jordforstyrrelse med at opretholde gavnlige mikroorganismer, hvilket bidrager til forbedret jordfrugtbarhed. Denne omhyggelige tilgang til jordforvaltning underst\u00f8tter b\u00e6redygtige landbrugspraksisser og sikrer jordens langsigtede levedygtighed.<\/p>\n<p>Kort sagt udm\u00e6rker den tovejs ridsecylinder sig med sin alsidige tovejsbetjening, exceptionelle pr\u00e6cision, holdbare konstruktion, brugervenlige installation og minimale jordforstyrrelse. Hver af disse funktioner forbedrer landbrugsoplevelsen og g\u00f8r den til et uundv\u00e6rligt v\u00e6rkt\u00f8j til moderne landbrugspraksis.<\/p>\n<h2><strong>Tovejs ridsecylinder til maskiner uden jordbearbejdning. G\u00e6ldende model:<\/strong><\/h2>\n<h1 style=\"text-align: center;\"><strong><img loading=\"lazy\" decoding=\"async\" class=\"alignnone size-full wp-image-17284\" src=\"https:\/\/www.hydraulic-cylinders.net\/wp-content\/uploads\/2025\/03\/hydraulic-cylinders-for-no-tillage-machines-2.webp\" alt=\"\" width=\"2312\" height=\"600\" srcset=\"https:\/\/www.hydraulic-cylinders.net\/wp-content\/uploads\/2025\/03\/hydraulic-cylinders-for-no-tillage-machines-2.webp 2312w, https:\/\/www.hydraulic-cylinders.net\/wp-content\/uploads\/2025\/03\/hydraulic-cylinders-for-no-tillage-machines-2-1280x332.webp 1280w, https:\/\/www.hydraulic-cylinders.net\/wp-content\/uploads\/2025\/03\/hydraulic-cylinders-for-no-tillage-machines-2-980x254.webp 980w, https:\/\/www.hydraulic-cylinders.net\/wp-content\/uploads\/2025\/03\/hydraulic-cylinders-for-no-tillage-machines-2-480x125.webp 480w\" sizes=\"(min-width: 0px) and (max-width: 480px) 480px, (min-width: 481px) and (max-width: 980px) 980px, (min-width: 981px) and (max-width: 1280px) 1280px, (min-width: 1281px) 2312px, 100vw\" \/><\/strong><\/h1>\n<h2><strong>Hvordan forbedrer den tovejs betjening af den tovejs ridsecylinder landbrugets effektivitet?<\/strong><\/h2>\n<p>Den tovejsbetjening af den tovejs ridsecylinder forbedrer landbrugets effektivitet betydeligt gennem flere vigtige fordele:<\/p>\n<h4><strong>\u00d8get man\u00f8vredygtighed<\/strong>:<\/h4>\n<p>Muligheden for at bev\u00e6ge sig b\u00e5de fremad og bagud g\u00f8r det muligt for f\u00f8reren at navigere i forskellige terr\u00e6ner med lethed. Denne fleksibilitet er is\u00e6r fordelagtig p\u00e5 marker med skr\u00e5ninger, uj\u00e6vne overflader eller trange pladser, hvor traditionelt udstyr, der kun kan bev\u00e6ge sig i \u00e9n retning, kan have problemer. Ved at reducere behovet for konstant flytning kan landm\u00e6ndene opretholde en stabil arbejdsgang og sikre, at hver en centimeter af marken styres effektivt.<\/p>\n<h4><strong>Tidsbesparelser<\/strong>:<\/h4>\n<p>Med dobbeltretningsfunktion kan landm\u00e6nd d\u00e6kke mere jord p\u00e5 kortere tid. Denne funktion minimerer den tid, der bruges p\u00e5 drejninger og justeringer, hvilket muligg\u00f8r kontinuerlig drift. Som et resultat reduceres den samlede varighed af jordforberedelse og plantningsopgaver betydeligt, hvilket g\u00f8r det muligt for landm\u00e6nd at udf\u00f8re deres arbejde mere effektivt og afs\u00e6tte tid til andre vigtige landbrugsaktiviteter.<\/p>\n<h4><strong>Forbedret produktivitet<\/strong>:<\/h4>\n<p>Den problemfri overgang mellem retninger muligg\u00f8r mere j\u00e6vne arbejdsgange og reducerer afbrydelser. Denne effektivitet er afg\u00f8rende i spidsbelastningsperioder for s\u00e5ning, hvor hvert \u00f8jeblik t\u00e6ller. Ved at maksimere effektiviteten af \u200b\u200bhver gennemk\u00f8rsel gennem marken kan landm\u00e6nd opn\u00e5 h\u00f8jere outputniveauer, hvilket sikrer, at de overholder plantefrister og optimerer afgr\u00f8deudbyttet.<\/p>\n<h4><strong>Forbedret jordh\u00e5ndtering<\/strong>:<\/h4>\n<p>Designet af den tovejs ridsecylinder minimerer jordforstyrrelser under drift, hvilket er afg\u00f8rende for at opretholde jordens sundhed. Ved at bevare jordstrukturen og fugtighedsniveauet fremmer denne funktion bedre rodudvikling og generel afgr\u00f8devitalitet. Derudover hj\u00e6lper reduceret jordforstyrrelse med at opretholde gavnlige mikroorganismer i jorden, hvilket bidrager til forbedret frugtbarhed og b\u00e6redygtige landbrugspraksisser.<\/p>\n<p>Kort sagt str\u00f8mliner den tovejs betjening af den tovejs skriftcylinder ikke kun landbrugsprocesser, men underst\u00f8tter ogs\u00e5 bedre jordh\u00e5ndtering, hvilket f\u00f8rer til forbedret produktivitet og langsigtet b\u00e6redygtighed i landbrugspraksis.<\/p>\n<h2><strong>Testudstyr:<\/strong><\/h2>\n<p><strong><img loading=\"lazy\" decoding=\"async\" class=\"alignnone size-full wp-image-17293\" src=\"https:\/\/www.hydraulic-cylinders.net\/wp-content\/uploads\/2025\/03\/test-equipment.webp-2.webp\" alt=\"\" width=\"1932\" height=\"1741\" srcset=\"https:\/\/www.hydraulic-cylinders.net\/wp-content\/uploads\/2025\/03\/test-equipment.webp-2.webp 1932w, https:\/\/www.hydraulic-cylinders.net\/wp-content\/uploads\/2025\/03\/test-equipment.webp-2-1280x1153.webp 1280w, https:\/\/www.hydraulic-cylinders.net\/wp-content\/uploads\/2025\/03\/test-equipment.webp-2-980x883.webp 980w, https:\/\/www.hydraulic-cylinders.net\/wp-content\/uploads\/2025\/03\/test-equipment.webp-2-480x433.webp 480w\" sizes=\"(min-width: 0px) and (max-width: 480px) 480px, (min-width: 481px) and (max-width: 980px) 980px, (min-width: 981px) and (max-width: 1280px) 1280px, (min-width: 1281px) 1932px, 100vw\" \/><\/strong><\/p>\n<ul>\n<li>1: Saltspraytestkammer<\/li>\n<li>2: Kemisk analyse<\/li>\n<li>3: Tr\u00e6kpr\u00f8vemaskine<\/li>\n<li>4: Rockwell-h\u00e5rdhedsm\u00e5ler<\/li>\n<li>5: Renhedstestmaskine<\/li>\n<li>6: TH110 Rebound-h\u00e5rdhedsm\u00e5ler<\/li>\n<li>7: Lagtykkelsesm\u00e5ler<\/li>\n<li>8: Pendulslagstest<\/li>\n<\/ul>\n<p><img loading=\"lazy\" decoding=\"async\" class=\"alignnone size-full wp-image-17292\" src=\"https:\/\/www.hydraulic-cylinders.net\/wp-content\/uploads\/2025\/03\/test-equipment.webp-1.webp\" alt=\"\" width=\"1600\" height=\"1216\" srcset=\"https:\/\/www.hydraulic-cylinders.net\/wp-content\/uploads\/2025\/03\/test-equipment.webp-1.webp 1600w, https:\/\/www.hydraulic-cylinders.net\/wp-content\/uploads\/2025\/03\/test-equipment.webp-1-1280x973.webp 1280w, https:\/\/www.hydraulic-cylinders.net\/wp-content\/uploads\/2025\/03\/test-equipment.webp-1-980x745.webp 980w, https:\/\/www.hydraulic-cylinders.net\/wp-content\/uploads\/2025\/03\/test-equipment.webp-1-480x365.webp 480w\" sizes=\"(min-width: 0px) and (max-width: 480px) 480px, (min-width: 481px) and (max-width: 980px) 980px, (min-width: 981px) and (max-width: 1280px) 1280px, (min-width: 1281px) 1600px, 100vw\" \/><\/p>\n<p>Vores virksomhed anser kvalitet for at v\u00e6re fundamentet for vores succes. For at opretholde denne forpligtelse har vi investeret i avanceret test- og laboratorieudstyr til hjemmet, st\u00f8ttet af et team af h\u00f8jt kvalificerede fagfolk inden for videnskab og teknologi.<\/p>\n<p>Vi opretholder et strengt kvalitetsstyringssystem, der overholder branchestandarder, og sikrer, at hvert parti af produkter, vi producerer, opfylder de h\u00f8jeste kvalitetskriterier. Ved at standardisere vores drift og l\u00f8bende overv\u00e5ge vores processer sikrer vi, at vores kunder kun modtager det bedste.<\/p>\n<p>Denne standhaftige dedikation til kvalitet forbedrer ikke blot p\u00e5lideligheden af \u200b\u200bvores produkter, men opbygger ogs\u00e5 tillid og tilfredshed blandt vores kunder. Vi tror p\u00e5, at ved at prioritere ekspertise i alle aspekter af vores produktion, bidrager vi til vores partneres og branchens succes som helhed. Sammen sigter vi mod innovation og kvalitet, der varer ved i lang tid.<\/p>\n<h2><strong>Produktionssted for hydrauliske cylindere:<\/strong><\/h2>\n<p>Vores virksomhed er en f\u00f8rende producent, der specialiserer sig i hydrauliske cylindre, og bakkes op af vores egne uafh\u00e6ngige forsknings-, udviklings- og designkapaciteter. Med et topmoderne anl\u00e6g, der huser over 170 generelle v\u00e6rkt\u00f8jsmaskiner, CNC-maskiner, bearbejdningscentre, svejseudstyr og specialiserede test- og inspektionsv\u00e6rkt\u00f8jer, er vi godt rustet til at im\u00f8dekomme forskellige industrielle behov.<\/p>\n<p>Gennem mange \u00e5rs akkumuleret teknologisk ekspertise og procesforfining har vi etableret en moden produktionsproces, der problemfrit integrerer forskning og udvikling med produktion. Denne integration er blevet vores centrale konkurrencefordel, der giver os mulighed for at designe og producere en bred vifte af hydrauliske cylindre, der er skr\u00e6ddersyet til at opfylde specifikke kundekrav.<\/p>\n<p>Vores produkter anvendes i vid udstr\u00e6kning p\u00e5 tv\u00e6rs af forskellige sektorer, herunder landbrugsmaskiner, entrepren\u00f8rudstyr, k\u00f8ret\u00f8jer, vejteknik og specialmaskiner. Vi er stolte af at st\u00f8tte adskillige OEM'er, herunder Bonong Xingda, Bojin Hummer, Jilin Ruifeng, Debang Dawei, Shandong Yineng Heavy Industry, Tai'an Modern Heavy Industry og Shifeng Group, blandt andre.<\/p>\n<p><img loading=\"lazy\" decoding=\"async\" class=\"alignnone size-full wp-image-17290\" src=\"https:\/\/www.hydraulic-cylinders.net\/wp-content\/uploads\/2025\/03\/production-site-1.webp\" alt=\"\" width=\"1971\" height=\"2253\" srcset=\"https:\/\/www.hydraulic-cylinders.net\/wp-content\/uploads\/2025\/03\/production-site-1.webp 1971w, https:\/\/www.hydraulic-cylinders.net\/wp-content\/uploads\/2025\/03\/production-site-1-1280x1463.webp 1280w, https:\/\/www.hydraulic-cylinders.net\/wp-content\/uploads\/2025\/03\/production-site-1-980x1120.webp 980w, https:\/\/www.hydraulic-cylinders.net\/wp-content\/uploads\/2025\/03\/production-site-1-480x549.webp 480w\" sizes=\"(min-width: 0px) and (max-width: 480px) 480px, (min-width: 481px) and (max-width: 980px) 980px, (min-width: 981px) and (max-width: 1280px) 1280px, (min-width: 1281px) 1971px, 100vw\" \/><\/p>\n<p>Vi er dedikeret til at levere exceptionel service gennem en st\u00e6rk kvalitetspolitik, der prioriterer kontinuerlig innovation inden for forskning og udvikling, ledelse, kvalitetskontrol og kundeservice. Vores engagement i kvalitet er blevet anerkendt med ISO\/TS16949-certificering, hvilket sikrer, at vi ikke blot opfylder, men konsekvent overg\u00e5r vores kunders forventninger.<\/p>\n<p>Fremadrettet vil vi forts\u00e6tte med at udvikle vores teknologi og udvide vores kapaciteter, altid med det form\u00e5l at levere produkter og tjenester af h\u00f8jeste kvalitet til vores kunder. Sammen skaber vi en tradition for ekspertise inden for hydrauliske cylinderindustrien.<\/p>\n<p><strong>\u00a0<\/strong><\/p>","protected":false},"excerpt":{"rendered":"<p>BI-Directional Scriber Cylinder For No Tillage Machines The BI-Directional Scriber Cylinder is a crucial component for no-tillage machines, significantly enhancing their effectiveness in soil preparation and planting. This innovative cylinder allows for precise and versatile soil management, enabling farmers to create optimal planting conditions while preserving the soil structure. By leveraging advanced hydraulic technology, the [&hellip;]<\/p>","protected":false},"featured_media":17303,"comment_status":"open","ping_status":"closed","template":"","meta":{"_et_pb_use_builder":"","_et_pb_old_content":"","_et_gb_content_width":""},"product_brand":[],"product_cat":[1550,1530,1376],"product_tag":[],"class_list":{"0":"post-17332","1":"product","2":"type-product","3":"status-publish","4":"has-post-thumbnail","6":"product_cat-double-acting-hydraulic-cylinder","7":"product_cat-no-tillage-machinery-hydraulic-cylinders","8":"product_cat-hydraulic-cylinder","10":"first","11":"instock","12":"shipping-taxable","13":"product-type-simple"},"amp_enabled":true,"_links":{"self":[{"href":"https:\/\/www.hydraulic-cylinders.net\/da\/wp-json\/wp\/v2\/product\/17332","targetHints":{"allow":["GET"]}}],"collection":[{"href":"https:\/\/www.hydraulic-cylinders.net\/da\/wp-json\/wp\/v2\/product"}],"about":[{"href":"https:\/\/www.hydraulic-cylinders.net\/da\/wp-json\/wp\/v2\/types\/product"}],"replies":[{"embeddable":true,"href":"https:\/\/www.hydraulic-cylinders.net\/da\/wp-json\/wp\/v2\/comments?post=17332"}],"wp:featuredmedia":[{"embeddable":true,"href":"https:\/\/www.hydraulic-cylinders.net\/da\/wp-json\/wp\/v2\/media\/17303"}],"wp:attachment":[{"href":"https:\/\/www.hydraulic-cylinders.net\/da\/wp-json\/wp\/v2\/media?parent=17332"}],"wp:term":[{"taxonomy":"product_brand","embeddable":true,"href":"https:\/\/www.hydraulic-cylinders.net\/da\/wp-json\/wp\/v2\/product_brand?post=17332"},{"taxonomy":"product_cat","embeddable":true,"href":"https:\/\/www.hydraulic-cylinders.net\/da\/wp-json\/wp\/v2\/product_cat?post=17332"},{"taxonomy":"product_tag","embeddable":true,"href":"https:\/\/www.hydraulic-cylinders.net\/da\/wp-json\/wp\/v2\/product_tag?post=17332"}],"curies":[{"name":"wp","href":"https:\/\/api.w.org\/{rel}","templated":true}]}}