{"id":17333,"date":"2025-03-07T07:52:56","date_gmt":"2025-03-07T07:52:56","guid":{"rendered":"https:\/\/www.hydraulic-cylinders.net\/?post_type=product&#038;p=17333"},"modified":"2025-04-11T03:04:59","modified_gmt":"2025-04-11T03:04:59","slug":"main-and-auxiliary-lifting-spring-cylinders-for-no-tillage-machines","status":"publish","type":"product","link":"https:\/\/www.hydraulic-cylinders.net\/da\/vare\/main-and-auxiliary-lifting-spring-cylinders-for-no-tillage-machines\/","title":{"rendered":"Hoved- og hj\u00e6lpel\u00f8ftefjedercylindere til maskiner uden jordbearbejdning"},"content":{"rendered":"<h1 style=\"text-align: center;\"><strong>Hoved- og hj\u00e6lpel\u00f8ftefjedercylindere til maskiner uden jordbearbejdning<br \/>\n<img loading=\"lazy\" decoding=\"async\" class=\"alignnone wp-image-17289\" src=\"https:\/\/www.hydraulic-cylinders.net\/wp-content\/uploads\/2025\/03\/main-and-auxiliary-lifting-spring-cylinder-1-1.webp\" alt=\"\" width=\"500\" height=\"500\" srcset=\"https:\/\/www.hydraulic-cylinders.net\/wp-content\/uploads\/2025\/03\/main-and-auxiliary-lifting-spring-cylinder-1-1.webp 500w, https:\/\/www.hydraulic-cylinders.net\/wp-content\/uploads\/2025\/03\/main-and-auxiliary-lifting-spring-cylinder-1-1-480x480.webp 480w\" sizes=\"(min-width: 0px) and (max-width: 480px) 480px, (min-width: 481px) 500px, 100vw\" \/><br \/>\n<\/strong><\/h1>\n<p>Hoved- og hj\u00e6lpel\u00f8ftefjedrecylindre er essentielle komponenter i maskiner til jordbearbejdning, og de er omhyggeligt designet til at forbedre b\u00e5de funktionalitet og effektivitet. Disse hydrauliske cylindre muligg\u00f8r pr\u00e6cis l\u00f8ft og s\u00e6nkning af udstyr, hvilket sikrer problemfri drift under kritiske landbrugsopgaver. Med deres robuste konstruktion og avancerede teknik er de afg\u00f8rende i moderne landbrug og bidrager til bedre jordh\u00e5ndtering og \u00f8get afgr\u00f8deudbytte.<\/p>\n<p>Disse l\u00f8ftefjedercylindre er en integreret del af den effektive ydeevne af maskiner til jordbearbejdning. Deres imponerende lastekapacitet, holdbare design og problemfri drift \u00f8ger landbrugets effektivitet betydeligt. N\u00e5r landm\u00e6nd overholder korrekt brug og vedligeholdelsespraksis, kan de regne med, at disse cylindre fungerer p\u00e5lideligt, hvilket f\u00f8rer til forbedret produktivitet og succesfulde landbrugsresultater. Investering i l\u00f8ftefjedercylindre af h\u00f8j kvalitet er et smart valg til enhver fremsynet landbrugsvirksomhed.<\/p>\n<h2><strong>Hoved- og hj\u00e6lpel\u00f8ftefjedercylindere til maskiner uden jordbearbejdning. Parameter:<\/strong><\/h2>\n<h1 style=\"text-align: center;\"><strong><img loading=\"lazy\" decoding=\"async\" class=\"alignnone size-full wp-image-17283\" src=\"https:\/\/www.hydraulic-cylinders.net\/wp-content\/uploads\/2025\/03\/hydraulic-cylinders-for-no-tillage-machines-parameter-1.webp\" alt=\"\" width=\"2237\" height=\"1271\" srcset=\"https:\/\/www.hydraulic-cylinders.net\/wp-content\/uploads\/2025\/03\/hydraulic-cylinders-for-no-tillage-machines-parameter-1.webp 2237w, https:\/\/www.hydraulic-cylinders.net\/wp-content\/uploads\/2025\/03\/hydraulic-cylinders-for-no-tillage-machines-parameter-1-1280x727.webp 1280w, https:\/\/www.hydraulic-cylinders.net\/wp-content\/uploads\/2025\/03\/hydraulic-cylinders-for-no-tillage-machines-parameter-1-980x557.webp 980w, https:\/\/www.hydraulic-cylinders.net\/wp-content\/uploads\/2025\/03\/hydraulic-cylinders-for-no-tillage-machines-parameter-1-480x273.webp 480w\" sizes=\"(min-width: 0px) and (max-width: 480px) 480px, (min-width: 481px) and (max-width: 980px) 980px, (min-width: 981px) and (max-width: 1280px) 1280px, (min-width: 1281px) 2237px, 100vw\" \/><\/strong><\/h1>\n<h2><strong>Hoved- og hj\u00e6lpel\u00f8ftefjedercylindere til maskiner uden jordbearbejdning:<\/strong><\/h2>\n<p><img loading=\"lazy\" decoding=\"async\" class=\"alignnone size-full wp-image-17282\" src=\"https:\/\/www.hydraulic-cylinders.net\/wp-content\/uploads\/2025\/03\/hydraulic-cylinders-for-no-tillage-machines-application-1.webp\" alt=\"\" width=\"2273\" height=\"976\" srcset=\"https:\/\/www.hydraulic-cylinders.net\/wp-content\/uploads\/2025\/03\/hydraulic-cylinders-for-no-tillage-machines-application-1.webp 2273w, https:\/\/www.hydraulic-cylinders.net\/wp-content\/uploads\/2025\/03\/hydraulic-cylinders-for-no-tillage-machines-application-1-1280x550.webp 1280w, https:\/\/www.hydraulic-cylinders.net\/wp-content\/uploads\/2025\/03\/hydraulic-cylinders-for-no-tillage-machines-application-1-980x421.webp 980w, https:\/\/www.hydraulic-cylinders.net\/wp-content\/uploads\/2025\/03\/hydraulic-cylinders-for-no-tillage-machines-application-1-480x206.webp 480w\" sizes=\"(min-width: 0px) and (max-width: 480px) 480px, (min-width: 481px) and (max-width: 980px) 980px, (min-width: 981px) and (max-width: 1280px) 1280px, (min-width: 1281px) 2273px, 100vw\" \/><\/p>\n<h2><strong>Hoved- og hj\u00e6lpel\u00f8ftefjedercylindere til maskiner uden jordbearbejdning. N\u00f8glefunktioner:<\/strong><\/h2>\n<h4><strong>Enest\u00e5ende lasteevne<\/strong><\/h4>\n<p>Disse l\u00f8ftecylindre er konstrueret til at h\u00e5ndtere betydelige v\u00e6gte og giver den n\u00f8dvendige kraft til at l\u00f8fte tunge landbrugsredskaber ubesv\u00e6ret. Denne imponerende lastekapacitet g\u00f8r det muligt for landm\u00e6nd at h\u00e5ndtere kr\u00e6vende opgaver med selvtillid, hvilket forbedrer effektiviteten og muligg\u00f8r styring af st\u00f8rre marker og mere komplekse operationer.<\/p>\n<h4><strong>Robust alsidighed<\/strong><\/h4>\n<p>Disse cylindre er designet til at v\u00e6re kompatible med en bred vifte af maskiner uden jordbearbejdning og tilbyder bem\u00e6rkelsesv\u00e6rdig alsidighed til forskellige landbrugsm\u00e6ssige applikationer. Deres evne til problemfri integration med eksisterende udstyr betyder, at landm\u00e6nd kan opgradere deres maskiner uden besv\u00e6ret med omfattende \u00e6ndringer. Denne tilpasningsevne fremmer skr\u00e6ddersyede l\u00f8sninger, der opfylder specifikke driftsbehov, hvilket i sidste ende \u00f8ger den samlede produktivitet.<\/p>\n<h4><strong>J\u00e6vn og effektiv drift<\/strong><\/h4>\n<p>Det avancerede hydrauliske design af disse cylindre minimerer friktion, hvilket resulterer i j\u00e6vne og kontrollerede l\u00f8fte- og s\u00e6nkebev\u00e6gelser. Denne funktion forbedrer ikke kun driftseffektiviteten, men giver ogs\u00e5 landm\u00e6ndene mulighed for at udf\u00f8re deres opgaver med st\u00f8rre pr\u00e6cision. Den problemfri drift bidrager til forbedret arbejdsgang, bedre jordh\u00e5ndtering og optimal afgr\u00f8deplacering.<\/p>\n<h4><strong>Holdbar konstruktion<\/strong><\/h4>\n<p>Disse l\u00f8ftefjedercylindre er fremstillet af materialer af h\u00f8j kvalitet og bygget til at modst\u00e5 udfordringerne i barske landbrugsmilj\u00f8er. Deres robuste konstruktion modst\u00e5r slid og sikrer langvarig ydeevne, selv under kr\u00e6vende forhold. Denne holdbarhed reducerer hyppigheden af \u200b\u200budskiftninger, s\u00e5 landm\u00e6ndene kan koncentrere sig om deres arbejde i stedet for vedligeholdelse af udstyret.<\/p>\n<h4><strong>Nem installation<\/strong><\/h4>\n<p>Disse l\u00f8ftecylindre er designet med brugervenlighed i tankerne og muligg\u00f8r nem installation, hvilket minimerer nedetid under ops\u00e6tning. Landm\u00e6nd kan hurtigt og effektivt integrere disse cylindre i deres drift og komme tilbage til arbejdet uden forsinkelser. Denne nemme installation hj\u00e6lper med at optimere produktiviteten lige fra starten.<\/p>\n<p>Ved at v\u00e6lge disse h\u00f8jtydende l\u00f8ftefjedercylindre kan landm\u00e6nd forbedre deres maskiner til jordbearbejdning betydeligt og dermed sikre p\u00e5lidelig drift og forbedret landbrugseffektivitet. Investering i kvalitetskomponenter f\u00f8rer til en mere produktiv og succesfuld landbrugsoplevelse, hvilket baner vejen for en lysere landbrugsm\u00e6ssig fremtid.<\/p>\n<h2><strong>Hoved- og hj\u00e6lpel\u00f8ftefjedercylindere til maskiner uden jordbearbejdning. G\u00e6ldende model:<\/strong><\/h2>\n<h1 style=\"text-align: center;\"><strong><img loading=\"lazy\" decoding=\"async\" class=\"alignnone size-full wp-image-17284\" src=\"https:\/\/www.hydraulic-cylinders.net\/wp-content\/uploads\/2025\/03\/hydraulic-cylinders-for-no-tillage-machines-2.webp\" alt=\"\" width=\"2312\" height=\"600\" srcset=\"https:\/\/www.hydraulic-cylinders.net\/wp-content\/uploads\/2025\/03\/hydraulic-cylinders-for-no-tillage-machines-2.webp 2312w, https:\/\/www.hydraulic-cylinders.net\/wp-content\/uploads\/2025\/03\/hydraulic-cylinders-for-no-tillage-machines-2-1280x332.webp 1280w, https:\/\/www.hydraulic-cylinders.net\/wp-content\/uploads\/2025\/03\/hydraulic-cylinders-for-no-tillage-machines-2-980x254.webp 980w, https:\/\/www.hydraulic-cylinders.net\/wp-content\/uploads\/2025\/03\/hydraulic-cylinders-for-no-tillage-machines-2-480x125.webp 480w\" sizes=\"(min-width: 0px) and (max-width: 480px) 480px, (min-width: 481px) and (max-width: 980px) 980px, (min-width: 981px) and (max-width: 1280px) 1280px, (min-width: 1281px) 2312px, 100vw\" \/><\/strong><\/h1>\n<h2><strong>Hoved- og hj\u00e6lpel\u00f8ftefjedercylindere til maskiner uden jordbearbejdning. Brugsmetode:<\/strong><\/h2>\n<p><img loading=\"lazy\" decoding=\"async\" class=\"aligncenter wp-image-1044961\" src=\"https:\/\/images.hzpt.com\/2025\/03\/main-and-auxiliary-lifting-spring-cylinder-installation-1.webp\" alt=\"\" width=\"500\" height=\"575\" \/><\/p>\n<p>For at maksimere effektiviteten af \u200b\u200bhoved- og hj\u00e6lpel\u00f8ftefjedercylinderne skal du overveje disse vigtige trin:<\/p>\n<h4><strong>1. Installation<\/strong><\/h4>\n<p>Start med at installere l\u00f8ftefjedercylindrene i n\u00f8je overensstemmelse med producentens retningslinjer. Korrekt installation er afg\u00f8rende for at opn\u00e5 optimal ydeevne. Tag dig god tid til at sikre alle forbindelser for at forhindre l\u00e6kager, som kan for\u00e5rsage ineffektivitet og potentiel skade. S\u00f8rg for, at cylindrene er justeret korrekt, s\u00e5 de kan fungere problemfrit i maskinen uden jordbearbejdning. En velinstalleret cylinder forbedrer ikke kun funktionaliteten, men forbedrer ogs\u00e5 udstyrets samlede sikkerhed.<\/p>\n<h4><strong>2. Inspektion af hydraulisk system<\/strong><\/h4>\n<p>F\u00f8r enhver drift p\u00e5begyndes, skal der foretages en grundig inspektion af det hydrauliske system. Kontroller hydraulikv\u00e6skeniveauet for at sikre, at det ligger inden for det anbefalede omr\u00e5de, da utilstr\u00e6kkelig v\u00e6ske kan h\u00e6mme ydeevnen og f\u00f8re til systemfejl. Unders\u00f8g slanger og fittings for tegn p\u00e5 slid, revner eller l\u00e6kager. Det er vigtigt at opretholde korrekt hydraulisk tryk for effektiv l\u00f8ftning og sikrer, at maskinen fungerer optimalt. Regelm\u00e6ssige inspektioner tilr\u00e5des for at opdage potentielle problemer tidligt.<\/p>\n<h4><strong>3. Engagement<\/strong><\/h4>\n<p>Efter installation og inspektion aktiveres hydrauliksystemet for at l\u00f8fte eller s\u00e6nke komponenterne i no-tillage-maskinen. Brug betjeningsgrebene omhyggeligt, s\u00e5 der kan foretages gradvise og pr\u00e6cise bev\u00e6gelser. Denne omhyggelige tilgang muligg\u00f8r pr\u00e6cise justeringer baseret p\u00e5 varierende markforhold, s\u00e5som \u00e6ndringer i terr\u00e6n eller afgr\u00f8deh\u00f8jde. J\u00e6vn indkobling af hydrauliksystemet forbedrer ikke kun effektiviteten, men forbedrer ogs\u00e5 den samlede jordh\u00e5ndteringspraksis.<\/p>\n<h4><strong>4. Pr\u00e6stationsoverv\u00e5gning<\/strong><\/h4>\n<p>Hold n\u00f8je \u00f8je med l\u00f8ftecylindrenes ydeevne under drift. Lyt regelm\u00e6ssigt efter us\u00e6dvanlige lyde, s\u00e5som skurren eller overdreven st\u00f8j, og hold \u00f8je med tegn p\u00e5 modstand under l\u00f8ft og s\u00e6nkning. Disse indikatorer kan indikere vedligeholdelsesbehov eller mekaniske problemer. Tidlig opdagelse af problemer muligg\u00f8r rettidige reparationer, hvilket hj\u00e6lper med at undg\u00e5 dyr nedetid og sikrer, at maskinen forbliver i optimal driftstilstand. Ved at v\u00e6re \u00e5rv\u00e5gne kan landm\u00e6nd forl\u00e6nge levetiden og p\u00e5lideligheden af \u200b\u200bderes l\u00f8ftecylindre.<\/p>\n<p>Ved at f\u00f8lge disse trin kan brugerne sikre, at deres hoved- og hj\u00e6lpel\u00f8ftefjedercylinder fungerer effektivt, hvilket f\u00f8rer til forbedret produktivitet og succesfulde landbrugsresultater.<\/p>\n<h2><strong>Testudstyr:<\/strong><\/h2>\n<p><strong><img loading=\"lazy\" decoding=\"async\" class=\"alignnone size-full wp-image-17293\" src=\"https:\/\/www.hydraulic-cylinders.net\/wp-content\/uploads\/2025\/03\/test-equipment.webp-2.webp\" alt=\"\" width=\"1932\" height=\"1741\" srcset=\"https:\/\/www.hydraulic-cylinders.net\/wp-content\/uploads\/2025\/03\/test-equipment.webp-2.webp 1932w, https:\/\/www.hydraulic-cylinders.net\/wp-content\/uploads\/2025\/03\/test-equipment.webp-2-1280x1153.webp 1280w, https:\/\/www.hydraulic-cylinders.net\/wp-content\/uploads\/2025\/03\/test-equipment.webp-2-980x883.webp 980w, https:\/\/www.hydraulic-cylinders.net\/wp-content\/uploads\/2025\/03\/test-equipment.webp-2-480x433.webp 480w\" sizes=\"(min-width: 0px) and (max-width: 480px) 480px, (min-width: 481px) and (max-width: 980px) 980px, (min-width: 981px) and (max-width: 1280px) 1280px, (min-width: 1281px) 1932px, 100vw\" \/><\/strong><\/p>\n<ul>\n<li>1: Saltspraytestkammer<\/li>\n<li>2: Kemisk analyse<\/li>\n<li>3: Tr\u00e6kpr\u00f8vemaskine<\/li>\n<li>4: Rockwell-h\u00e5rdhedsm\u00e5ler<\/li>\n<li>5: Renhedstestmaskine<\/li>\n<li>6: TH110 Rebound-h\u00e5rdhedsm\u00e5ler<\/li>\n<li>7: Lagtykkelsesm\u00e5ler<\/li>\n<li>8: Pendulslagstest<\/li>\n<\/ul>\n<p><img loading=\"lazy\" decoding=\"async\" class=\"alignnone size-full wp-image-17292\" src=\"https:\/\/www.hydraulic-cylinders.net\/wp-content\/uploads\/2025\/03\/test-equipment.webp-1.webp\" alt=\"\" width=\"1600\" height=\"1216\" srcset=\"https:\/\/www.hydraulic-cylinders.net\/wp-content\/uploads\/2025\/03\/test-equipment.webp-1.webp 1600w, https:\/\/www.hydraulic-cylinders.net\/wp-content\/uploads\/2025\/03\/test-equipment.webp-1-1280x973.webp 1280w, https:\/\/www.hydraulic-cylinders.net\/wp-content\/uploads\/2025\/03\/test-equipment.webp-1-980x745.webp 980w, https:\/\/www.hydraulic-cylinders.net\/wp-content\/uploads\/2025\/03\/test-equipment.webp-1-480x365.webp 480w\" sizes=\"(min-width: 0px) and (max-width: 480px) 480px, (min-width: 481px) and (max-width: 980px) 980px, (min-width: 981px) and (max-width: 1280px) 1280px, (min-width: 1281px) 1600px, 100vw\" \/><\/p>\n<p>Vores virksomhed anser kvalitet for at v\u00e6re fundamentet for vores succes. For at opretholde denne forpligtelse har vi investeret i avanceret test- og laboratorieudstyr til hjemmet, st\u00f8ttet af et team af h\u00f8jt kvalificerede fagfolk inden for videnskab og teknologi.<\/p>\n<p>Vi opretholder et strengt kvalitetsstyringssystem, der overholder branchestandarder, og sikrer, at hvert parti af produkter, vi producerer, opfylder de h\u00f8jeste kvalitetskriterier. Ved at standardisere vores drift og l\u00f8bende overv\u00e5ge vores processer sikrer vi, at vores kunder kun modtager det bedste.<\/p>\n<p>Denne standhaftige dedikation til kvalitet forbedrer ikke blot p\u00e5lideligheden af \u200b\u200bvores produkter, men opbygger ogs\u00e5 tillid og tilfredshed blandt vores kunder. Vi tror p\u00e5, at ved at prioritere ekspertise i alle aspekter af vores produktion, bidrager vi til vores partneres og branchens succes som helhed. Sammen sigter vi mod innovation og kvalitet, der varer ved i lang tid.<\/p>\n<h2><strong>Produktionssted for hydrauliske cylindere:<\/strong><\/h2>\n<p>Vores virksomhed er en f\u00f8rende producent, der specialiserer sig i hydrauliske cylindre, og bakkes op af vores egne uafh\u00e6ngige forsknings-, udviklings- og designkapaciteter. Med et topmoderne anl\u00e6g, der huser over 170 generelle v\u00e6rkt\u00f8jsmaskiner, CNC-maskiner, bearbejdningscentre, svejseudstyr og specialiserede test- og inspektionsv\u00e6rkt\u00f8jer, er vi godt rustet til at im\u00f8dekomme forskellige industrielle behov.<\/p>\n<p>Gennem mange \u00e5rs akkumuleret teknologisk ekspertise og procesforfining har vi etableret en moden produktionsproces, der problemfrit integrerer forskning og udvikling med produktion. Denne integration er blevet vores centrale konkurrencefordel, der giver os mulighed for at designe og producere en bred vifte af hydrauliske cylindre, der er skr\u00e6ddersyet til at opfylde specifikke kundekrav.<\/p>\n<p>Vores produkter anvendes i vid udstr\u00e6kning p\u00e5 tv\u00e6rs af forskellige sektorer, herunder landbrugsmaskiner, entrepren\u00f8rudstyr, k\u00f8ret\u00f8jer, vejteknik og specialmaskiner. Vi er stolte af at st\u00f8tte adskillige OEM'er, herunder Bonong Xingda, Bojin Hummer, Jilin Ruifeng, Debang Dawei, Shandong Yineng Heavy Industry, Tai'an Modern Heavy Industry og Shifeng Group, blandt andre.<\/p>\n<p><img loading=\"lazy\" decoding=\"async\" class=\"alignnone size-full wp-image-17290\" src=\"https:\/\/www.hydraulic-cylinders.net\/wp-content\/uploads\/2025\/03\/production-site-1.webp\" alt=\"\" width=\"1971\" height=\"2253\" srcset=\"https:\/\/www.hydraulic-cylinders.net\/wp-content\/uploads\/2025\/03\/production-site-1.webp 1971w, https:\/\/www.hydraulic-cylinders.net\/wp-content\/uploads\/2025\/03\/production-site-1-1280x1463.webp 1280w, https:\/\/www.hydraulic-cylinders.net\/wp-content\/uploads\/2025\/03\/production-site-1-980x1120.webp 980w, https:\/\/www.hydraulic-cylinders.net\/wp-content\/uploads\/2025\/03\/production-site-1-480x549.webp 480w\" sizes=\"(min-width: 0px) and (max-width: 480px) 480px, (min-width: 481px) and (max-width: 980px) 980px, (min-width: 981px) and (max-width: 1280px) 1280px, (min-width: 1281px) 1971px, 100vw\" \/><\/p>\n<p>Vi er dedikeret til at levere exceptionel service gennem en st\u00e6rk kvalitetspolitik, der prioriterer kontinuerlig innovation inden for forskning og udvikling, ledelse, kvalitetskontrol og kundeservice. Vores engagement i kvalitet er blevet anerkendt med ISO\/TS16949-certificering, hvilket sikrer, at vi ikke blot opfylder, men konsekvent overg\u00e5r vores kunders forventninger.<\/p>\n<p>Fremadrettet vil vi forts\u00e6tte med at udvikle vores teknologi og udvide vores kapaciteter, altid med det form\u00e5l at levere produkter og tjenester af h\u00f8jeste kvalitet til vores kunder. Sammen skaber vi en tradition for ekspertise inden for hydrauliske cylinderindustrien.<\/p>\n<p><strong>\u00a0<\/strong><\/p>","protected":false},"excerpt":{"rendered":"<p>Main And Auxiliary Lifting Spring Cylinders For No Tillage Machines Main and auxiliary lifting spring cylinders are essential components of no-tillage machines, skillfully designed to enhance both functionality and efficiency. These hydraulic cylinders enable precise lifting and lowering of equipment, ensuring seamless operation during critical agricultural tasks. With their robust construction and advanced engineering, they [&hellip;]<\/p>","protected":false},"featured_media":17335,"comment_status":"open","ping_status":"closed","template":"","meta":{"_et_pb_use_builder":"","_et_pb_old_content":"","_et_gb_content_width":""},"product_brand":[],"product_cat":[1530,1549,1376],"product_tag":[],"class_list":{"0":"post-17333","1":"product","2":"type-product","3":"status-publish","4":"has-post-thumbnail","6":"product_cat-no-tillage-machinery-hydraulic-cylinders","7":"product_cat-single-acting-hydraulic-cylinder","8":"product_cat-hydraulic-cylinder","10":"first","11":"instock","12":"shipping-taxable","13":"product-type-simple"},"amp_enabled":true,"_links":{"self":[{"href":"https:\/\/www.hydraulic-cylinders.net\/da\/wp-json\/wp\/v2\/product\/17333","targetHints":{"allow":["GET"]}}],"collection":[{"href":"https:\/\/www.hydraulic-cylinders.net\/da\/wp-json\/wp\/v2\/product"}],"about":[{"href":"https:\/\/www.hydraulic-cylinders.net\/da\/wp-json\/wp\/v2\/types\/product"}],"replies":[{"embeddable":true,"href":"https:\/\/www.hydraulic-cylinders.net\/da\/wp-json\/wp\/v2\/comments?post=17333"}],"wp:featuredmedia":[{"embeddable":true,"href":"https:\/\/www.hydraulic-cylinders.net\/da\/wp-json\/wp\/v2\/media\/17335"}],"wp:attachment":[{"href":"https:\/\/www.hydraulic-cylinders.net\/da\/wp-json\/wp\/v2\/media?parent=17333"}],"wp:term":[{"taxonomy":"product_brand","embeddable":true,"href":"https:\/\/www.hydraulic-cylinders.net\/da\/wp-json\/wp\/v2\/product_brand?post=17333"},{"taxonomy":"product_cat","embeddable":true,"href":"https:\/\/www.hydraulic-cylinders.net\/da\/wp-json\/wp\/v2\/product_cat?post=17333"},{"taxonomy":"product_tag","embeddable":true,"href":"https:\/\/www.hydraulic-cylinders.net\/da\/wp-json\/wp\/v2\/product_tag?post=17333"}],"curies":[{"name":"wp","href":"https:\/\/api.w.org\/{rel}","templated":true}]}}