{"id":17336,"date":"2025-03-07T08:15:05","date_gmt":"2025-03-07T08:15:05","guid":{"rendered":"https:\/\/www.hydraulic-cylinders.net\/?post_type=product&#038;p=17336"},"modified":"2025-04-11T03:04:56","modified_gmt":"2025-04-11T03:04:56","slug":"unidirectional-scriber-cylinder-for-no-tillage-machines","status":"publish","type":"product","link":"https:\/\/www.hydraulic-cylinders.net\/da\/vare\/unidirectional-scriber-cylinder-for-no-tillage-machines\/","title":{"rendered":"Envejsridsecylinder til maskiner uden jordbearbejdning"},"content":{"rendered":"<h1 style=\"text-align: center;\"><strong>Envejsridsecylinder til maskiner uden jordbearbejdning<\/strong><\/h1>\n<h1 style=\"text-align: center;\"><strong><img loading=\"lazy\" decoding=\"async\" class=\"alignnone wp-image-17299\" src=\"https:\/\/www.hydraulic-cylinders.net\/wp-content\/uploads\/2025\/03\/unidirectional-scriber-cylinder-1.webp\" alt=\"\" width=\"500\" height=\"521\" srcset=\"https:\/\/www.hydraulic-cylinders.net\/wp-content\/uploads\/2025\/03\/unidirectional-scriber-cylinder-1.webp 500w, https:\/\/www.hydraulic-cylinders.net\/wp-content\/uploads\/2025\/03\/unidirectional-scriber-cylinder-1-480x500.webp 480w\" sizes=\"(min-width: 0px) and (max-width: 480px) 480px, (min-width: 481px) 500px, 100vw\" \/><br \/>\n<\/strong><\/h1>\n<p>Den unidirektionelle afskrivercylinder er en essentiel komponent, der er specielt udviklet til maskiner uden jordbearbejdning. Dette innovative v\u00e6rkt\u00f8j forbedrer jordforberedelse og plantningsprocesser betydeligt, hvilket g\u00f8r det muligt for landm\u00e6nd at skabe optimale planteforhold med st\u00f8rre effektivitet. Ved at minimere jordforstyrrelser spiller den unidirektionelle afskrivercylinder en afg\u00f8rende rolle i at bevare jordstrukturen og fugtighedsniveauet, hvilket er afg\u00f8rende for at fremme sund afgr\u00f8dev\u00e6kst. Dens avancerede design og funktionalitet g\u00f8r den til et v\u00e6rdifuldt aktiv i moderne landbrugspraksis.<\/p>\n<p>Som et uundv\u00e6rligt v\u00e6rkt\u00f8j til jordbearbejdning uden jordbearbejdning forbedrer den unidirektionelle ridsecylinder b\u00e5de pr\u00e6cision og effektivitet i jordh\u00e5ndteringen. Dens robuste konstruktion sikrer holdbarhed, mens den enkle installationsproces muligg\u00f8r hurtig integration i eksisterende maskiner. Ved at reducere jordforstyrrelser underst\u00f8tter den b\u00e6redygtige landbrugspraksisser og hj\u00e6lper landm\u00e6nd med at opn\u00e5 ideelle planteforhold.<\/p>\n<p>At f\u00f8lge korrekt brugs- og vedligeholdelsesretningslinjer sikrer p\u00e5lidelig ydeevne, hvilket i sidste ende f\u00f8rer til forbedrede afgr\u00f8deudbytter og succesfulde landbrugsresultater. Investering i en envejs-ridsecylinder er en klog beslutning for enhver landbrugsvirksomhed, der sigter mod at \u00f8ge produktiviteten og driftseffektiviteten.<\/p>\n<h2><strong>Envejsridsecylinder til maskiner uden jordbearbejdning Parameter:<\/strong><\/h2>\n<h1 style=\"text-align: center;\"><strong><img loading=\"lazy\" decoding=\"async\" class=\"alignnone size-full wp-image-17283\" src=\"https:\/\/www.hydraulic-cylinders.net\/wp-content\/uploads\/2025\/03\/hydraulic-cylinders-for-no-tillage-machines-parameter-1.webp\" alt=\"\" width=\"2237\" height=\"1271\" srcset=\"https:\/\/www.hydraulic-cylinders.net\/wp-content\/uploads\/2025\/03\/hydraulic-cylinders-for-no-tillage-machines-parameter-1.webp 2237w, https:\/\/www.hydraulic-cylinders.net\/wp-content\/uploads\/2025\/03\/hydraulic-cylinders-for-no-tillage-machines-parameter-1-1280x727.webp 1280w, https:\/\/www.hydraulic-cylinders.net\/wp-content\/uploads\/2025\/03\/hydraulic-cylinders-for-no-tillage-machines-parameter-1-980x557.webp 980w, https:\/\/www.hydraulic-cylinders.net\/wp-content\/uploads\/2025\/03\/hydraulic-cylinders-for-no-tillage-machines-parameter-1-480x273.webp 480w\" sizes=\"(min-width: 0px) and (max-width: 480px) 480px, (min-width: 481px) and (max-width: 980px) 980px, (min-width: 981px) and (max-width: 1280px) 1280px, (min-width: 1281px) 2237px, 100vw\" \/><\/strong><\/h1>\n<h2><strong>Envejsridsecylinder til maskiner uden jordbearbejdning Anvendelse:<\/strong><\/h2>\n<p><img loading=\"lazy\" decoding=\"async\" class=\"alignnone size-full wp-image-17282\" src=\"https:\/\/www.hydraulic-cylinders.net\/wp-content\/uploads\/2025\/03\/hydraulic-cylinders-for-no-tillage-machines-application-1.webp\" alt=\"\" width=\"2273\" height=\"976\" srcset=\"https:\/\/www.hydraulic-cylinders.net\/wp-content\/uploads\/2025\/03\/hydraulic-cylinders-for-no-tillage-machines-application-1.webp 2273w, https:\/\/www.hydraulic-cylinders.net\/wp-content\/uploads\/2025\/03\/hydraulic-cylinders-for-no-tillage-machines-application-1-1280x550.webp 1280w, https:\/\/www.hydraulic-cylinders.net\/wp-content\/uploads\/2025\/03\/hydraulic-cylinders-for-no-tillage-machines-application-1-980x421.webp 980w, https:\/\/www.hydraulic-cylinders.net\/wp-content\/uploads\/2025\/03\/hydraulic-cylinders-for-no-tillage-machines-application-1-480x206.webp 480w\" sizes=\"(min-width: 0px) and (max-width: 480px) 480px, (min-width: 481px) and (max-width: 980px) 980px, (min-width: 981px) and (max-width: 1280px) 1280px, (min-width: 1281px) 2273px, 100vw\" \/><\/p>\n<h2><strong>Envejsridsecylinder til maskiner uden jordbearbejdning. N\u00f8glefunktioner:<\/strong><\/h2>\n<h4><strong>Str\u00f8mlinet drift i \u00e9n retning<\/strong><\/h4>\n<p>Det ensrettede design af ristecylinderen muligg\u00f8r effektiv bev\u00e6gelse i \u00e9n retning, hvilket g\u00f8r den s\u00e6rligt effektiv til simple plantnings- og jordh\u00e5ndteringsopgaver. Denne fokuserede betjening forenkler brugeroplevelsen og giver f\u00f8reren mulighed for at koncentrere sig om at opn\u00e5 ensartede og pr\u00e6cise resultater. Ved at reducere kompleksiteten af \u200b\u200bman\u00f8vrering kan landm\u00e6nd forbedre produktiviteten, opretholde en stabil arbejdsgang og minimere risikoen for driftsfejl.<\/p>\n<h4><strong>Robust og p\u00e5lidelig konstruktion<\/strong><\/h4>\n<p>Den unidirektionelle ridsecylinder er fremstillet af f\u00f8rsteklasses materialer og konstrueret til at modst\u00e5 udfordringerne i barske landbrugsmilj\u00f8er. Dens robuste konstruktion modst\u00e5r slid og sikrer p\u00e5lidelig ydeevne gennem hele landbrugss\u00e6sonen. Denne holdbarhed resulterer i f\u00e6rre reparationer og udskiftninger, hvilket giver landm\u00e6ndene mulighed for at spare b\u00e5de tid og penge, mens de nyder godt af et p\u00e5lideligt v\u00e6rkt\u00f8j. Det langtidsholdbare design indgyder tillid, velvidende at det kan opfylde de daglige krav i landbrugsdriften.<\/p>\n<h4><strong>Forbedret pr\u00e6cision og kontrol<\/strong><\/h4>\n<p>Udstyret med et avanceret hydraulisk system giver den unidirektionelle ridsecylinder enest\u00e5ende pr\u00e6cision i styringen af \u200b\u200bb\u00e5de dybde og vinkel. Denne funktion g\u00f8r det muligt for f\u00f8reren at foretage pr\u00e6cise justeringer, der er skr\u00e6ddersyet til specifikke jordforhold og afgr\u00f8debehov. En s\u00e5dan pr\u00e6cision er afg\u00f8rende for optimal placering af fr\u00f8ene, hvilket sikrer, at fr\u00f8ene s\u00e5s i den ideelle dybde for effektiv spiring. Forbedret jordluftning fra pr\u00e6cise justeringer underst\u00f8tter yderligere en robust afgr\u00f8deudvikling, hvilket f\u00f8rer til sundere planter og \u00f8get udbytte.<\/p>\n<h4><strong>Nem installation<\/strong><\/h4>\n<p>Den unidirektionelle ridsecylinder er designet med brugervenlighed i tankerne og har en ligetil installationsproces. Landm\u00e6nd kan problemfrit integrere den i deres eksisterende jordbearbejdningsmaskiner med minimal indsats eller teknisk ekspertise. Dette brugervenlige aspekt reducerer nedetiden betydeligt, s\u00e5 landbrugsdriften kan genoptages hurtigt uden forsinkelser. Ved at minimere ops\u00e6tningstiden kan landm\u00e6nd fokusere p\u00e5 at maksimere produktiviteten og tilpasse sig de dynamiske krav i deres landbrugsplaner.<\/p>\n<h4><strong>Minimal jordforstyrrelse<\/strong><\/h4>\n<p>Det innovative design af den unidirektionelle ridsecylinder minimerer effektivt jordforstyrrelser under drift. Ved at bevare den essentielle jordstruktur og fugtighedsindhold fremmer denne funktion bedre rodudvikling, hvilket er afg\u00f8rende for afgr\u00f8dernes sundhed. Derudover hj\u00e6lper reduceret jordforstyrrelse med at opretholde gavnlige mikroorganismer i jorden, hvilket forbedrer jordens samlede frugtbarhed. Denne gennemt\u00e6nkte tilgang til jordforvaltning underst\u00f8tter b\u00e6redygtige landbrugspraksisser og forbedrer afgr\u00f8dernes sundhed, hvilket f\u00f8rer til \u00f8get udbytte og langsigtet landbrugsm\u00e6ssig succes.<\/p>\n<p>Kort sagt skiller den unidirektionelle ridsecylinder sig ud med sin str\u00f8mlinede betjening i \u00e9n retning, robuste konstruktion, forbedrede pr\u00e6cision, ubesv\u00e6rede installation og minimale jordforstyrrelse. Disse funktioner g\u00f8r den til et uvurderligt v\u00e6rkt\u00f8j til moderne landbrugspraksis, der giver landm\u00e6nd mulighed for at opn\u00e5 effektiv og virkningsfuld jordforvaltning, hvilket i sidste ende f\u00f8rer til sundere afgr\u00f8der og forbedret produktivitet.<\/p>\n<h2><strong>Envejsridsecylinder til maskiner uden jordbearbejdning Anvendelig model:<\/strong><\/h2>\n<h1 style=\"text-align: center;\"><strong><img loading=\"lazy\" decoding=\"async\" class=\"alignnone size-full wp-image-17284\" src=\"https:\/\/www.hydraulic-cylinders.net\/wp-content\/uploads\/2025\/03\/hydraulic-cylinders-for-no-tillage-machines-2.webp\" alt=\"\" width=\"2312\" height=\"600\" srcset=\"https:\/\/www.hydraulic-cylinders.net\/wp-content\/uploads\/2025\/03\/hydraulic-cylinders-for-no-tillage-machines-2.webp 2312w, https:\/\/www.hydraulic-cylinders.net\/wp-content\/uploads\/2025\/03\/hydraulic-cylinders-for-no-tillage-machines-2-1280x332.webp 1280w, https:\/\/www.hydraulic-cylinders.net\/wp-content\/uploads\/2025\/03\/hydraulic-cylinders-for-no-tillage-machines-2-980x254.webp 980w, https:\/\/www.hydraulic-cylinders.net\/wp-content\/uploads\/2025\/03\/hydraulic-cylinders-for-no-tillage-machines-2-480x125.webp 480w\" sizes=\"(min-width: 0px) and (max-width: 480px) 480px, (min-width: 481px) and (max-width: 980px) 980px, (min-width: 981px) and (max-width: 1280px) 1280px, (min-width: 1281px) 2312px, 100vw\" \/><\/strong><\/h1>\n<h2><strong>Hvordan forbedrer den ensrettede ridsecylinder jordens sundhed under plantning?<\/strong><\/h2>\n<p>Den ensrettede ridsecylinder forbedrer jordens sundhed under plantning gennem flere n\u00f8glemekanismer:<\/p>\n<h4><strong>Reduceret jordforstyrrelse<\/strong>:<\/h4>\n<p>Dens specialiserede design minimerer forstyrrelser i jordstrukturen og bevarer jordlagenes naturlige arrangement. Denne konservering forhindrer komprimering, hvilket g\u00f8r det lettere for r\u00f8dderne at tr\u00e6nge ind. Ved at bevare disse lags integritet sikrer cylinderen, at essentielle n\u00e6ringsstoffer og fugt bevares i jorden, hvilket skaber et mere gunstigt milj\u00f8 for plantev\u00e6kst.<\/p>\n<h4><strong>Fugtretention<\/strong>:<\/h4>\n<p>Ved at begr\u00e6nse jordforstyrrelser hj\u00e6lper den unidirektionelle ridsecylinder med at bevare fugtighedsniveauer, der er afg\u00f8rende for fr\u00f8spiring og tidlig planteudvikling. Dette er is\u00e6r vigtigt under t\u00f8rre forhold, hvor fugttab kan hindre afgr\u00f8deetablering. Evnen til at opretholde fugt underst\u00f8tter ikke kun den indledende v\u00e6kst, men forbedrer ogs\u00e5 plantens modstandsdygtighed over for t\u00f8rkestress senere i v\u00e6ksts\u00e6sonen.<\/p>\n<h4><strong>Forbedret mikrobiel aktivitet<\/strong>:<\/h4>\n<p>Cylinderens design tillader gavnlige mikroorganismer i jorden at trives ved at minimere forstyrrelser i deres levesteder. Sunde mikrobielle populationer spiller en afg\u00f8rende rolle i at nedbryde organisk materiale, cykle n\u00e6ringsstoffer og forbedre jordens frugtbarhed. Ved at fremme et robust mikrobielt samfund bidrager den unidirektionelle ridsecylinder til forbedret n\u00e6ringsstoftilg\u00e6ngelighed, hvilket underst\u00f8tter st\u00e6rkere og sundere afgr\u00f8dev\u00e6kst.<\/p>\n<h4><strong>Fremmer rodudvikling<\/strong>:<\/h4>\n<p>Ved at skabe et stabilt jordmilj\u00f8 fremmer den unidirektionelle ridsecylinder bedre rodv\u00e6kst og -udvikling. Dybe og omfattende rodsystemer er afg\u00f8rende for adgang til vand og n\u00e6ringsstoffer, som er afg\u00f8rende for plantesundhed. Forbedret rodudvikling forbedrer ogs\u00e5 plantens evne til at modst\u00e5 milj\u00f8m\u00e6ssige stressfaktorer, s\u00e5som t\u00f8rke eller n\u00e6ringsstofmangel, hvilket f\u00f8rer til mere robuste afgr\u00f8der.<\/p>\n<h4><strong>Jordluftning<\/strong>:<\/h4>\n<p>Cylinderens pr\u00e6cise justeringer muligg\u00f8r optimal placering af fr\u00f8 og forbedrer jordluftningen. Tilstr\u00e6kkelig luftning er afg\u00f8rende for rod\u00e5nding og jordens \u00f8kosystems generelle sundhed. Ved at fremme bedre luftcirkulation i jorden underst\u00f8tter den unidirektionelle ridsecylinder sund rodv\u00e6kst og forbedrer aktiviteten af \u200b\u200bgavnlige jordorganismer, hvilket yderligere bidrager til et blomstrende landbrugs\u00f8kosystem.<\/p>\n<p>Kort sagt spiller den unidirektionelle ridsecylinder en afg\u00f8rende rolle i at forbedre jordens sundhed under plantning ved at reducere jordforstyrrelser, bevare fugt, fremme mikrobiel aktivitet, fremme rodudvikling og forbedre jordens luftning. Disse kombinerede fordele f\u00f8rer til sundere jorde, forbedrede afgr\u00f8deudbytter og b\u00e6redygtige landbrugspraksisser.<\/p>\n<h2><strong>Testudstyr:<\/strong><\/h2>\n<p><strong><img loading=\"lazy\" decoding=\"async\" class=\"alignnone size-full wp-image-17293\" src=\"https:\/\/www.hydraulic-cylinders.net\/wp-content\/uploads\/2025\/03\/test-equipment.webp-2.webp\" alt=\"\" width=\"1932\" height=\"1741\" srcset=\"https:\/\/www.hydraulic-cylinders.net\/wp-content\/uploads\/2025\/03\/test-equipment.webp-2.webp 1932w, https:\/\/www.hydraulic-cylinders.net\/wp-content\/uploads\/2025\/03\/test-equipment.webp-2-1280x1153.webp 1280w, https:\/\/www.hydraulic-cylinders.net\/wp-content\/uploads\/2025\/03\/test-equipment.webp-2-980x883.webp 980w, https:\/\/www.hydraulic-cylinders.net\/wp-content\/uploads\/2025\/03\/test-equipment.webp-2-480x433.webp 480w\" sizes=\"(min-width: 0px) and (max-width: 480px) 480px, (min-width: 481px) and (max-width: 980px) 980px, (min-width: 981px) and (max-width: 1280px) 1280px, (min-width: 1281px) 1932px, 100vw\" \/><\/strong><\/p>\n<ul>\n<li>1: Saltspraytestkammer<\/li>\n<li>2: Kemisk analyse<\/li>\n<li>3: Tr\u00e6kpr\u00f8vemaskine<\/li>\n<li>4: Rockwell-h\u00e5rdhedsm\u00e5ler<\/li>\n<li>5: Renhedstestmaskine<\/li>\n<li>6: TH110 Rebound-h\u00e5rdhedsm\u00e5ler<\/li>\n<li>7: Lagtykkelsesm\u00e5ler<\/li>\n<li>8: Pendulslagstest<\/li>\n<\/ul>\n<p><img loading=\"lazy\" decoding=\"async\" class=\"alignnone size-full wp-image-17292\" src=\"https:\/\/www.hydraulic-cylinders.net\/wp-content\/uploads\/2025\/03\/test-equipment.webp-1.webp\" alt=\"\" width=\"1600\" height=\"1216\" srcset=\"https:\/\/www.hydraulic-cylinders.net\/wp-content\/uploads\/2025\/03\/test-equipment.webp-1.webp 1600w, https:\/\/www.hydraulic-cylinders.net\/wp-content\/uploads\/2025\/03\/test-equipment.webp-1-1280x973.webp 1280w, https:\/\/www.hydraulic-cylinders.net\/wp-content\/uploads\/2025\/03\/test-equipment.webp-1-980x745.webp 980w, https:\/\/www.hydraulic-cylinders.net\/wp-content\/uploads\/2025\/03\/test-equipment.webp-1-480x365.webp 480w\" sizes=\"(min-width: 0px) and (max-width: 480px) 480px, (min-width: 481px) and (max-width: 980px) 980px, (min-width: 981px) and (max-width: 1280px) 1280px, (min-width: 1281px) 1600px, 100vw\" \/><\/p>\n<p>Vores virksomhed anser kvalitet for at v\u00e6re fundamentet for vores succes. For at opretholde denne forpligtelse har vi investeret i avanceret test- og laboratorieudstyr til hjemmet, st\u00f8ttet af et team af h\u00f8jt kvalificerede fagfolk inden for videnskab og teknologi.<\/p>\n<p>Vi opretholder et strengt kvalitetsstyringssystem, der overholder branchestandarder, og sikrer, at hvert parti af produkter, vi producerer, opfylder de h\u00f8jeste kvalitetskriterier. Ved at standardisere vores drift og l\u00f8bende overv\u00e5ge vores processer sikrer vi, at vores kunder kun modtager det bedste.<\/p>\n<p>Denne standhaftige dedikation til kvalitet forbedrer ikke blot p\u00e5lideligheden af \u200b\u200bvores produkter, men opbygger ogs\u00e5 tillid og tilfredshed blandt vores kunder. Vi tror p\u00e5, at ved at prioritere ekspertise i alle aspekter af vores produktion, bidrager vi til vores partneres og branchens succes som helhed. Sammen sigter vi mod innovation og kvalitet, der varer ved i lang tid.<\/p>\n<h2><strong>Produktionssted for hydrauliske cylindere:<\/strong><\/h2>\n<p>Vores virksomhed er en f\u00f8rende producent, der specialiserer sig i hydrauliske cylindre, og bakkes op af vores egne uafh\u00e6ngige forsknings-, udviklings- og designkapaciteter. Med et topmoderne anl\u00e6g, der huser over 170 generelle v\u00e6rkt\u00f8jsmaskiner, CNC-maskiner, bearbejdningscentre, svejseudstyr og specialiserede test- og inspektionsv\u00e6rkt\u00f8jer, er vi godt rustet til at im\u00f8dekomme forskellige industrielle behov.<\/p>\n<p>Gennem mange \u00e5rs akkumuleret teknologisk ekspertise og procesforfining har vi etableret en moden produktionsproces, der problemfrit integrerer forskning og udvikling med produktion. Denne integration er blevet vores centrale konkurrencefordel, der giver os mulighed for at designe og producere en bred vifte af hydrauliske cylindre, der er skr\u00e6ddersyet til at opfylde specifikke kundekrav.<\/p>\n<p>Vores produkter anvendes i vid udstr\u00e6kning p\u00e5 tv\u00e6rs af forskellige sektorer, herunder landbrugsmaskiner, entrepren\u00f8rudstyr, k\u00f8ret\u00f8jer, vejteknik og specialmaskiner. Vi er stolte af at st\u00f8tte adskillige OEM'er, herunder Bonong Xingda, Bojin Hummer, Jilin Ruifeng, Debang Dawei, Shandong Yineng Heavy Industry, Tai'an Modern Heavy Industry og Shifeng Group, blandt andre.<\/p>\n<p><img loading=\"lazy\" decoding=\"async\" class=\"alignnone size-full wp-image-17290\" src=\"https:\/\/www.hydraulic-cylinders.net\/wp-content\/uploads\/2025\/03\/production-site-1.webp\" alt=\"\" width=\"1971\" height=\"2253\" srcset=\"https:\/\/www.hydraulic-cylinders.net\/wp-content\/uploads\/2025\/03\/production-site-1.webp 1971w, https:\/\/www.hydraulic-cylinders.net\/wp-content\/uploads\/2025\/03\/production-site-1-1280x1463.webp 1280w, https:\/\/www.hydraulic-cylinders.net\/wp-content\/uploads\/2025\/03\/production-site-1-980x1120.webp 980w, https:\/\/www.hydraulic-cylinders.net\/wp-content\/uploads\/2025\/03\/production-site-1-480x549.webp 480w\" sizes=\"(min-width: 0px) and (max-width: 480px) 480px, (min-width: 481px) and (max-width: 980px) 980px, (min-width: 981px) and (max-width: 1280px) 1280px, (min-width: 1281px) 1971px, 100vw\" \/><\/p>\n<p>Vi er dedikeret til at levere exceptionel service gennem en st\u00e6rk kvalitetspolitik, der prioriterer kontinuerlig innovation inden for forskning og udvikling, ledelse, kvalitetskontrol og kundeservice. Vores engagement i kvalitet er blevet anerkendt med ISO\/TS16949-certificering, hvilket sikrer, at vi ikke blot opfylder, men konsekvent overg\u00e5r vores kunders forventninger.<\/p>\n<p>Fremadrettet vil vi forts\u00e6tte med at udvikle vores teknologi og udvide vores kapaciteter, altid med det form\u00e5l at levere produkter og tjenester af h\u00f8jeste kvalitet til vores kunder. Sammen skaber vi en tradition for ekspertise inden for hydrauliske cylinderindustrien.<\/p>","protected":false},"excerpt":{"rendered":"<p>Unidirectional Scriber Cylinder For No Tillage Machines The Unidirectional Scriber Cylinder is an essential component specifically engineered for no-tillage machines. This innovative tool significantly improves soil preparation and planting processes, enabling farmers to create optimal planting conditions with greater efficiency. By minimizing soil disruption, the Unidirectional Scriber Cylinder plays a crucial role in preserving soil [&hellip;]<\/p>","protected":false},"featured_media":17311,"comment_status":"open","ping_status":"closed","template":"","meta":{"_et_pb_use_builder":"","_et_pb_old_content":"","_et_gb_content_width":""},"product_brand":[],"product_cat":[1530,1549,1376],"product_tag":[],"class_list":{"0":"post-17336","1":"product","2":"type-product","3":"status-publish","4":"has-post-thumbnail","6":"product_cat-no-tillage-machinery-hydraulic-cylinders","7":"product_cat-single-acting-hydraulic-cylinder","8":"product_cat-hydraulic-cylinder","10":"first","11":"instock","12":"shipping-taxable","13":"product-type-simple"},"amp_enabled":true,"_links":{"self":[{"href":"https:\/\/www.hydraulic-cylinders.net\/da\/wp-json\/wp\/v2\/product\/17336","targetHints":{"allow":["GET"]}}],"collection":[{"href":"https:\/\/www.hydraulic-cylinders.net\/da\/wp-json\/wp\/v2\/product"}],"about":[{"href":"https:\/\/www.hydraulic-cylinders.net\/da\/wp-json\/wp\/v2\/types\/product"}],"replies":[{"embeddable":true,"href":"https:\/\/www.hydraulic-cylinders.net\/da\/wp-json\/wp\/v2\/comments?post=17336"}],"wp:featuredmedia":[{"embeddable":true,"href":"https:\/\/www.hydraulic-cylinders.net\/da\/wp-json\/wp\/v2\/media\/17311"}],"wp:attachment":[{"href":"https:\/\/www.hydraulic-cylinders.net\/da\/wp-json\/wp\/v2\/media?parent=17336"}],"wp:term":[{"taxonomy":"product_brand","embeddable":true,"href":"https:\/\/www.hydraulic-cylinders.net\/da\/wp-json\/wp\/v2\/product_brand?post=17336"},{"taxonomy":"product_cat","embeddable":true,"href":"https:\/\/www.hydraulic-cylinders.net\/da\/wp-json\/wp\/v2\/product_cat?post=17336"},{"taxonomy":"product_tag","embeddable":true,"href":"https:\/\/www.hydraulic-cylinders.net\/da\/wp-json\/wp\/v2\/product_tag?post=17336"}],"curies":[{"name":"wp","href":"https:\/\/api.w.org\/{rel}","templated":true}]}}