{"id":1735,"date":"2023-10-12T05:49:25","date_gmt":"2023-10-12T05:49:25","guid":{"rendered":"https:\/\/hydraulic-cylinders.net\/?post_type=product&#038;p=1735"},"modified":"2025-04-11T02:53:40","modified_gmt":"2025-04-11T02:53:40","slug":"cement-equipment-feeding-cylinder","status":"publish","type":"product","link":"https:\/\/www.hydraulic-cylinders.net\/da\/vare\/cement-equipment-feeding-cylinder\/","title":{"rendered":"Cementudstyrsfodringscylinder"},"content":{"rendered":"<h1 style=\"text-align: center;\"><strong>Cementudstyrsfodringscylinder<\/strong><\/h1>\n<p><img loading=\"lazy\" decoding=\"async\" class=\"aligncenter wp-image-1738\" src=\"https:\/\/hydraulic-cylinders.net\/wp-content\/uploads\/2023\/10\/feeding-cylinder-1-1-300x300.webp\" alt=\"\" width=\"400\" height=\"400\" \/><\/p>\n<p>Cementudstyrets f\u00f8decylinder er en vigtig komponent i cementproduktion og er specielt designet til at forbedre effektiviteten og pr\u00e6cisionen under f\u00f8deprocessen. Denne specialiserede cylinder spiller en afg\u00f8rende rolle i cementfabrikker og muligg\u00f8r kontrolleret og pr\u00e6cis f\u00f8dering af r\u00e5materialer til cementfremstillingsmaskineriet.<\/p>\n<p>Cementudstyrets f\u00f8decylinder er en uundv\u00e6rlig komponent i cementproduktion, der forbedrer effektiviteten og pr\u00e6cisionen under f\u00f8deprocessen. Med sin robuste konstruktion, pr\u00e6cise styring, justerbare slagl\u00e6ngde og p\u00e5lidelige t\u00e6tningsmekanisme sikrer denne cylinder en n\u00f8jagtig og ensartet materialestr\u00f8m, hvilket bidrager til optimerede cementproduktionsoperationer. Ved at f\u00f8lge de anbefalede brugsmetoder og vedligeholdelsespraksis kan operat\u00f8rer maksimere cementudstyrets f\u00f8decylinders ydeevne og levetid og i sidste ende forbedre effektiviteten, produktiviteten og kvaliteten af \u200b\u200bcementproduktionen.<\/p>\n<p>N\u00f8gleegenskaber for cementudstyrsfodringscylinder:<\/p>\n<ol>\n<li>Robust konstruktion:<\/li>\n<\/ol>\n<ul>\n<li>Cementudstyrets f\u00f8decylinder er konstrueret af materialer af h\u00f8j kvalitet for at sikre holdbarhed og lang levetid i kr\u00e6vende cementfabrikmilj\u00f8er.<\/li>\n<li>Den kan modst\u00e5 tunge belastninger og p\u00e5virkningerne fra kontinuerlig drift uden at g\u00e5 p\u00e5 kompromis med ydeevnen.<\/li>\n<\/ul>\n<ol start=\"2\">\n<li>Pr\u00e6cis kontrol:<\/li>\n<\/ol>\n<ul>\n<li>Denne cylinder er designet til at give pr\u00e6cis kontrol over tilf\u00f8rselsprocessen, hvilket muligg\u00f8r en pr\u00e6cis og ensartet materialestr\u00f8m.<\/li>\n<li>Det g\u00f8r det muligt for operat\u00f8rerne at opretholde optimale foderhastigheder, hvilket forbedrer effektiviteten og produktkvaliteten.<\/li>\n<\/ul>\n<ol start=\"3\">\n<li>Justerbar slagl\u00e6ngde:<\/li>\n<\/ol>\n<ul>\n<li>Cementudstyrets f\u00f8decylinder tilbyder justerbar slagl\u00e6ngde, hvilket giver fleksibilitet i m\u00e6ngden af \u200b\u200b\u200b\u200bmateriale, der leveres under hver f\u00f8decyklus.<\/li>\n<li>Operat\u00f8rer kan finjustere slagl\u00e6ngden baseret p\u00e5 specifikke produktionskrav og materialeegenskaber.<\/li>\n<\/ul>\n<ol start=\"4\">\n<li>P\u00e5lidelig t\u00e6tningsmekanisme:<\/li>\n<\/ol>\n<ul>\n<li>Cylinderen har en p\u00e5lidelig t\u00e6tningsmekanisme, der forhindrer l\u00e6kage og sikrer en ensartet tilf\u00f8rselsproces.<\/li>\n<li>Det minimerer materialespild og fremmer et rent og effektivt produktionsmilj\u00f8.<\/li>\n<\/ul>\n<h2><strong>Parameter for fodercylinder til cementudstyr:<\/strong><\/h2>\n<table border=\"1\" cellspacing=\"0\" cellpadding=\"0\">\n<tbody>\n<tr>\n<td>Produktnavn<\/td>\n<td>Cementudstyrsfodringscylinder<\/td>\n<\/tr>\n<tr>\n<td>Funktioner:<\/td>\n<td>Fremme den frem- og tilbageg\u00e5ende bev\u00e6gelse af ristbunden i ristk\u00f8leren<\/td>\n<\/tr>\n<tr>\n<td>Borediameter:<\/td>\n<td>80 mm ~ 140 mm<\/td>\n<\/tr>\n<tr>\n<td>Stangdiameter:<\/td>\n<td>45 mm ~ 80 mm<br \/>\nSlagl\u00e6ngde: \u22641200 mm<\/td>\n<\/tr>\n<tr>\n<td>Trykkraft:<\/td>\n<td>Maks. 385 kN<br \/>\n(Cylinderdiameter 140 mm\/tryk 25 MPa)<\/td>\n<\/tr>\n<tr>\n<td>Anvendelser af fodercylinder til cementudstyr:<\/td>\n<td>Cementudstyr<\/td>\n<\/tr>\n<\/tbody>\n<\/table>\n<div><\/div>\n<div>\n<div class=\"txtboxL\">\n<div class=\"txtboxL\">\n<div class=\"txtboxL\">Funktioner:<\/div>\n<div class=\"txtboxR\">Fremme den frem- og tilbageg\u00e5ende bev\u00e6gelse af ristbunden i ristk\u00f8leren<\/div>\n<div class=\"txtboxL\">Specifikation:<\/div>\n<div class=\"txtboxR\">Borediameter: 80 mm ~ 140 mm<br \/>\nStangdiameter: 45 mm ~ 80 mm<br \/>\nSlagl\u00e6ngde: \u22641200 mm<\/div>\n<div class=\"txtboxL\">Trykkraft:<\/div>\n<div class=\"txtboxR\">Maks. 385 kN<br \/>\n(Cylinderdiameter 140 mm\/tryk 25 MPa)<\/div>\n<\/div>\n<\/div>\n<\/div>\n<h2><strong>Cementudstyr <\/strong><strong>Cylinderfabrik:<\/strong><\/h2>\n<p><img loading=\"lazy\" decoding=\"async\" class=\"alignnone wp-image-1734 size-full\" src=\"https:\/\/hydraulic-cylinders.net\/wp-content\/uploads\/2023\/10\/cement-equipment-cylinder-1.webp\" alt=\"\" width=\"1418\" height=\"946\" srcset=\"https:\/\/hydraulic-cylinders.net\/wp-content\/uploads\/2023\/10\/cement-equipment-cylinder-1.webp 1418w, https:\/\/hydraulic-cylinders.net\/wp-content\/uploads\/2023\/10\/cement-equipment-cylinder-1-1280x854.webp 1280w, https:\/\/hydraulic-cylinders.net\/wp-content\/uploads\/2023\/10\/cement-equipment-cylinder-1-980x654.webp 980w, https:\/\/hydraulic-cylinders.net\/wp-content\/uploads\/2023\/10\/cement-equipment-cylinder-1-480x320.webp 480w\" sizes=\"(min-width: 0px) and (max-width: 480px) 480px, (min-width: 481px) and (max-width: 980px) 980px, (min-width: 981px) and (max-width: 1280px) 1280px, (min-width: 1281px) 1418px, 100vw\" \/><\/p>\n<h2><strong>Brugsmetode til fodringscylinder til cementudstyr<\/strong><strong>:<\/strong><\/h2>\n<ol>\n<li><strong>Installation:<\/strong><\/li>\n<\/ol>\n<ul>\n<li>F\u00f8lg producentens retningslinjer for at installere cementudstyrets f\u00f8decylinder sikkert i cementproduktionsmaskineriet.<\/li>\n<li>S\u00f8rg for korrekt justering, fastg\u00f8relse og integration med fodringssystemet.<\/li>\n<\/ul>\n<ol start=\"2\">\n<li><strong>Justering:<\/strong><\/li>\n<\/ol>\n<ul>\n<li>Juster cylinderens slagl\u00e6ngde i henhold til den \u00f8nskede tilf\u00f8rselsm\u00e6ngde og -hastighed.<\/li>\n<li>Se producentens anvisninger for specifikke justeringsmekanismer og indstillinger.<\/li>\n<\/ul>\n<ol start=\"3\">\n<li><strong>Materialeindl\u00e6sning:<\/strong><\/li>\n<\/ol>\n<ul>\n<li>L\u00e6g de \u00f8nskede r\u00e5varer i fodringssystemet, og s\u00f8rg for, at de er korrekt placeret for at sikre en j\u00e6vn og uafbrudt fodring.<\/li>\n<li>Undg\u00e5 at overbelaste systemet, da det kan p\u00e5virke cementudstyrets f\u00f8decylinders ydeevne og effektivitet negativt.<\/li>\n<\/ul>\n<ol start=\"4\">\n<li><strong>Aktivering og kontrol:<\/strong><\/li>\n<\/ol>\n<ul>\n<li>Aktiver f\u00f8desystemet, og aktiver cementudstyrets f\u00f8decylinder for at starte materialestr\u00f8mmen.<\/li>\n<li>Brug kontrolpanelet eller gr\u00e6nsefladen til at regulere tilf\u00f8rselsprocessen, og juster slagl\u00e6ngden og hastigheden efter behov.<\/li>\n<\/ul>\n<h2><strong>Hvordan fungerer hydrauliske cylindre?<\/strong><\/h2>\n<p>Hydrauliske cylindre er mekaniske anordninger, der bruger kraften fra hydraulisk v\u00e6ske til at generere kraft og muligg\u00f8re line\u00e6r bev\u00e6gelse. De bruges almindeligvis i forskellige anvendelser, lige fra entrepren\u00f8rudstyr til industrimaskiner. Her er en forenklet forklaring p\u00e5, hvordan hydrauliske cylindre fungerer:<\/p>\n<ol>\n<li><strong>Grundl\u00e6ggende komponenter:<\/strong>\n<ul>\n<li>Cylindercylinder: Det er hoveddelen af \u200b\u200bden hydrauliske cylinder, der huser stemplet og andre interne komponenter.<\/li>\n<li>Stempel: En cylindrisk komponent, der deler cylinderl\u00f8bet i to kamre.<\/li>\n<li>Stempelstang: Forbundet til stemplet, str\u00e6kker den sig uden for cylinderl\u00f8bet og overf\u00f8rer den genererede kraft.<\/li>\n<li>Pakninger: Disse forhindrer l\u00e6kage af hydraulisk v\u00e6ske mellem stempel og cylindercylinder og sikrer effektiv drift.<\/li>\n<\/ul>\n<\/li>\n<li><strong>Hydraulisk system:<\/strong>\n<ul>\n<li>Et hydraulisk system best\u00e5r af en hydraulisk pumpe, kontrolventiler og hydraulisk v\u00e6ske (typisk olie).<\/li>\n<li>Den hydrauliske pumpe s\u00e6tter v\u00e6sken under tryk og skaber hydraulisk energi, der kan bruges til at generere kraft.<\/li>\n<\/ul>\n<\/li>\n<li><strong>To kamre:<\/strong>\n<ul>\n<li>Den hydrauliske cylinder har to kamre: stangsiden (eller tryksiden) og den modsatte side (eller retursiden).<\/li>\n<li>Stangsiden er forbundet til den hydrauliske pumpe, mens den modsatte side er forbundet til et reservoir eller en returledning.<\/li>\n<\/ul>\n<\/li>\n<li><strong>Operation:<\/strong>\n<ul>\n<li>N\u00e5r hydraulisk v\u00e6ske pumpes ind i stangens sidekammer, p\u00e5f\u00f8rer det tryk p\u00e5 stemplet, hvilket f\u00e5r det til at bev\u00e6ge sig udad.<\/li>\n<li>N\u00e5r stemplet bev\u00e6ger sig, skubber det stempelstangen og genererer en line\u00e6r kraft.<\/li>\n<li>Samtidig vender hydraulikv\u00e6sken fra det modsatte sidekammer tilbage til reservoiret eller gennem returledningen.<\/li>\n<\/ul>\n<\/li>\n<li><strong>Retningskontrol:<\/strong>\n<ul>\n<li>Hydraulikcylinderens bev\u00e6gelsesretning kan styres ved hj\u00e6lp af retningsventiler.<\/li>\n<li>Disse ventiler regulerer str\u00f8mmen af \u200b\u200bhydraulisk v\u00e6ske til det relevante kammer og bestemmer dermed stemplets bev\u00e6gelsesretning.<\/li>\n<\/ul>\n<\/li>\n<li><strong>Kraft- og hastighedskontrol:<\/strong>\n<ul>\n<li>Den kraft, der genereres af den hydrauliske cylinder, afh\u00e6nger af det hydrauliske tryk og stemplets effektive areal.<\/li>\n<li>Ved at justere det hydrauliske tryk kan kraftudgangen styres.<\/li>\n<li>Cylinderens bev\u00e6gelseshastighed kan reguleres ved at justere str\u00f8mningshastigheden af \u200b\u200bhydraulisk v\u00e6ske ind i eller ud af cylinderen.<\/li>\n<\/ul>\n<\/li>\n<li><strong>Anvendelser:<\/strong>\n<ul>\n<li>Hydrauliske cylindre anvendes i forskellige applikationer, der kr\u00e6ver line\u00e6r kraft og bev\u00e6gelse, s\u00e5som l\u00f8ft, skub, tr\u00e6k og b\u00f8jning.<\/li>\n<li>De findes almindeligvis i entrepren\u00f8rmaskiner, materialeh\u00e5ndteringsmaskiner, produktionssystemer og bilindustrien.<\/li>\n<\/ul>\n<\/li>\n<\/ol>\n<h2><strong>Fabrikkens kapacitet og kapacitet:<\/strong><\/h2>\n<h3>(1) Samling<\/h3>\n<p>Vi har en f\u00f8rsteklasses uafh\u00e6ngig forsknings- og udviklingsplatform til montering. V\u00e6rkstedet for produktion af hydrauliske cylindre har fire halvautomatiske l\u00f8ftecylindermonteringslinjer og en automatisk vippecylindermonteringslinje med en designm\u00e6ssig \u00e5rlig produktionskapacitet p\u00e5 1 million enheder. Det specielle cylinderv\u00e6rksted er udstyret med forskellige specifikationer for et halvautomatisk reng\u00f8ringsmonteringssystem med en designm\u00e6ssig \u00e5rlig produktionskapacitet p\u00e5 200.000 og udstyret med ber\u00f8mt CNC-bearbejdningsudstyr, et bearbejdningscenter, et specialudstyr til h\u00f8jpr\u00e6cisionscylinderbearbejdning, en robotsvejsemaskine, en automatisk reng\u00f8ringsmaskine, en automatisk cylindermonteringsmaskine og en automatisk malingslinje. Eksisterende kritisk udstyr p\u00e5 mere end 300 s\u00e6t (s\u00e6t). Optimal allokering og effektiv udnyttelse af udstyrsressourcer sikrer produkternes n\u00f8jagtighedskrav og opfylder produkternes h\u00f8je kvalitetsbehov.<\/p>\n<p><img loading=\"lazy\" decoding=\"async\" class=\"alignnone wp-image-626\" src=\"https:\/\/hydraulic-cylinders.net\/wp-content\/uploads\/2023\/08\/hydraulic-cylinder-product-1-300x158.webp\" alt=\"\" width=\"495\" height=\"260\" srcset=\"https:\/\/hydraulic-cylinders.net\/wp-content\/uploads\/2023\/08\/hydraulic-cylinder-product-1-300x158.webp 495w, https:\/\/hydraulic-cylinders.net\/wp-content\/uploads\/2023\/08\/hydraulic-cylinder-product-1-480x252.webp 480w\" sizes=\"(min-width: 0px) and (max-width: 480px) 480px, (min-width: 481px) 495px, 100vw\" \/> <img loading=\"lazy\" decoding=\"async\" class=\"alignnone wp-image-627\" src=\"https:\/\/hydraulic-cylinders.net\/wp-content\/uploads\/2023\/08\/hydraulic-cylinder-product-2-300x189.webp\" alt=\"\" width=\"413\" height=\"260\" \/><\/p>\n<h3>(2) Maskinbearbejdning<\/h3>\n<p>Bearbejdningsv\u00e6rkstedet er udstyret med et specialfremstillet drejecenter til skr\u00e5 skinner, bearbejdningscenter, h\u00f8jhastigheds-honemaskine, svejserobot og andet relateret udstyr, der kan h\u00e5ndtere bearbejdning af cylinderr\u00f8r med en maksimal indre diameter p\u00e5 400 mm og en maksimal l\u00e6ngde p\u00e5 6 meter.<\/p>\n<p><img loading=\"lazy\" decoding=\"async\" class=\"alignnone wp-image-628 size-large\" src=\"https:\/\/hydraulic-cylinders.net\/wp-content\/uploads\/2023\/08\/hydraulic-cylinder-product-3-1024x391.webp\" alt=\"\" width=\"1024\" height=\"391\" srcset=\"https:\/\/hydraulic-cylinders.net\/wp-content\/uploads\/2023\/08\/hydraulic-cylinder-product-3-980x374.webp 980w, https:\/\/hydraulic-cylinders.net\/wp-content\/uploads\/2023\/08\/hydraulic-cylinder-product-3-480x183.webp 480w\" sizes=\"(min-width: 0px) and (max-width: 480px) 480px, (min-width: 481px) and (max-width: 980px) 980px, (min-width: 981px) 1024px, 100vw\" \/><\/p>\n<h3>(3) Svejsning<\/h3>\n<p><img loading=\"lazy\" decoding=\"async\" class=\"alignnone wp-image-629 size-large\" src=\"https:\/\/hydraulic-cylinders.net\/wp-content\/uploads\/2023\/08\/hydraulic-cylinder-product-4-1024x510.webp\" alt=\"\" width=\"1024\" height=\"510\" srcset=\"https:\/\/hydraulic-cylinders.net\/wp-content\/uploads\/2023\/08\/hydraulic-cylinder-product-4-980x488.webp 980w, https:\/\/hydraulic-cylinders.net\/wp-content\/uploads\/2023\/08\/hydraulic-cylinder-product-4-480x239.webp 480w\" sizes=\"(min-width: 0px) and (max-width: 480px) 480px, (min-width: 481px) and (max-width: 980px) 980px, (min-width: 981px) 1024px, 100vw\" \/><\/p>\n<h3>(4) Maling og overfladebehandling<\/h3>\n<p>Med sm\u00e5 og mellemstore cylindriske automatiske vandbaserede malingsbel\u00e6gningslinjer, for at opn\u00e5 automatisk robotp\u00e5fyldning og -afl\u00e6sning samt automatisk spr\u00f8jtning, er den designm\u00e6ssige kapacitet p\u00e5 4000 stykker pr. skift;<br \/>\nVi har ogs\u00e5 en halvautomatisk malingsproduktionslinje til store cylindre drevet af en kabelk\u00e6de med en designkapacitet p\u00e5 60 kasser pr. skift.<\/p>\n<p><img loading=\"lazy\" decoding=\"async\" class=\"alignnone wp-image-630\" src=\"https:\/\/hydraulic-cylinders.net\/wp-content\/uploads\/2023\/08\/hydraulic-cylinder-product-5-300x213.webp\" alt=\"\" width=\"366\" height=\"260\" \/> <img loading=\"lazy\" decoding=\"async\" class=\"alignnone wp-image-631\" src=\"https:\/\/hydraulic-cylinders.net\/wp-content\/uploads\/2023\/08\/hydraulic-cylinder-product-6-300x225.webp\" alt=\"\" width=\"347\" height=\"260\" \/><\/p>\n<h3>(5) Testning<\/h3>\n<p>Vi har f\u00f8rsteklasses inspektionsfaciliteter og testb\u00e6nke for at sikre, at cylinderens ydeevne opfylder kravene.<\/p>\n<p><img loading=\"lazy\" decoding=\"async\" class=\"alignnone wp-image-632\" src=\"https:\/\/hydraulic-cylinders.net\/wp-content\/uploads\/2023\/08\/hydraulic-cylinder-product-8-300x200.webp\" alt=\"\" width=\"389\" height=\"260\" \/><\/p>\n<p>&nbsp;<\/p>\n<p>&nbsp;<\/p>\n<p>Vi er en af \u200b\u200bde bedste producenter af hydrauliske cylindre. Vi kan tilbyde et omfattende udvalg af hydrauliske cylindre. Vi leverer ogs\u00e5 tilsvarende <a href=\"https:\/\/hzpt.com\/agricultural-pto-gearbox\/\" target=\"_blank\" rel=\"noopener\">landbrugsgearkasser<\/a>Vi har eksporteret vores produkter til kunder over hele verden og har opn\u00e5et et godt omd\u00f8mme p\u00e5 grund af vores overlegne produktkvalitet og eftersalgsservice. Vi byder kunder i ind- og udland velkommen til at kontakte os for at forhandle forretninger, udveksle information og <a href=\"https:\/\/www.hydraulic-cylinders.net\/da\/contact-us\/\">samarbejde med os<\/a>!<\/p>","protected":false},"excerpt":{"rendered":"<p>Cement Equipment Feeding Cylinder The cement equipment feeding cylinder is a vital component in cement production, specifically designed to enhance efficiency and precision during the feeding process. This specialized cylinder plays a crucial role in cement plants, enabling controlled and accurate feeding of raw materials into the cement manufacturing machinery. The cement equipment feeding cylinder [&hellip;]<\/p>","protected":false},"featured_media":1736,"comment_status":"open","ping_status":"closed","template":"","meta":{"_et_pb_use_builder":"","_et_pb_old_content":"","_et_gb_content_width":""},"product_brand":[],"product_cat":[1520,1549],"product_tag":[1380],"class_list":{"0":"post-1735","1":"product","2":"type-product","3":"status-publish","4":"has-post-thumbnail","6":"product_cat-concrete-equipment-hydraulic-cylinders","7":"product_cat-single-acting-hydraulic-cylinder","8":"product_tag-hydraulic-cylinder","10":"first","11":"instock","12":"shipping-taxable","13":"product-type-simple"},"amp_enabled":true,"_links":{"self":[{"href":"https:\/\/www.hydraulic-cylinders.net\/da\/wp-json\/wp\/v2\/product\/1735","targetHints":{"allow":["GET"]}}],"collection":[{"href":"https:\/\/www.hydraulic-cylinders.net\/da\/wp-json\/wp\/v2\/product"}],"about":[{"href":"https:\/\/www.hydraulic-cylinders.net\/da\/wp-json\/wp\/v2\/types\/product"}],"replies":[{"embeddable":true,"href":"https:\/\/www.hydraulic-cylinders.net\/da\/wp-json\/wp\/v2\/comments?post=1735"}],"wp:featuredmedia":[{"embeddable":true,"href":"https:\/\/www.hydraulic-cylinders.net\/da\/wp-json\/wp\/v2\/media\/1736"}],"wp:attachment":[{"href":"https:\/\/www.hydraulic-cylinders.net\/da\/wp-json\/wp\/v2\/media?parent=1735"}],"wp:term":[{"taxonomy":"product_brand","embeddable":true,"href":"https:\/\/www.hydraulic-cylinders.net\/da\/wp-json\/wp\/v2\/product_brand?post=1735"},{"taxonomy":"product_cat","embeddable":true,"href":"https:\/\/www.hydraulic-cylinders.net\/da\/wp-json\/wp\/v2\/product_cat?post=1735"},{"taxonomy":"product_tag","embeddable":true,"href":"https:\/\/www.hydraulic-cylinders.net\/da\/wp-json\/wp\/v2\/product_tag?post=1735"}],"curies":[{"name":"wp","href":"https:\/\/api.w.org\/{rel}","templated":true}]}}