{"id":1742,"date":"2023-10-12T07:55:54","date_gmt":"2023-10-12T07:55:54","guid":{"rendered":"https:\/\/hydraulic-cylinders.net\/?post_type=product&#038;p=1742"},"modified":"2025-04-11T02:56:56","modified_gmt":"2025-04-11T02:56:56","slug":"injection-molding-machine-ejection-cylinder","status":"publish","type":"product","link":"https:\/\/www.hydraulic-cylinders.net\/da\/vare\/injection-molding-machine-ejection-cylinder\/","title":{"rendered":"Udst\u00f8dningscylinder til spr\u00f8jtest\u00f8bemaskine"},"content":{"rendered":"<h1 style=\"text-align: center;\"><strong>Udst\u00f8dningscylinder til spr\u00f8jtest\u00f8bemaskine<\/strong><\/h1>\n<p><img loading=\"lazy\" decoding=\"async\" class=\"wp-image-1744 aligncenter\" src=\"https:\/\/hydraulic-cylinders.net\/wp-content\/uploads\/2023\/10\/ejection-cylinder-1-300x300.webp\" alt=\"\" width=\"400\" height=\"400\" \/><\/p>\n<p>Udst\u00f8dningscylinderen p\u00e5 en spr\u00f8jtest\u00f8bemaskine er en vigtig komponent i spr\u00f8jtest\u00f8beprocessen til plast, designet til at forbedre effektivitet og pr\u00e6cision ved at lette udst\u00f8dningen af \u200b\u200bst\u00f8bte dele fra formhulrummet. Denne specialiserede cylinder spiller en afg\u00f8rende rolle i den sidste fase af spr\u00f8jtest\u00f8becyklussen og sikrer en j\u00e6vn og effektiv fjernelse af st\u00f8bte dele fra formen.<\/p>\n<p>Udst\u00f8dningscylinderen til spr\u00f8jtest\u00f8bemaskinen er en essentiel komponent i plastspr\u00f8jtest\u00f8bning, der muligg\u00f8r effektiv og pr\u00e6cis udst\u00f8dning af st\u00f8bte dele fra formhulrummet. Denne cylinder sikrer p\u00e5lidelige og optimerede udst\u00f8dningsprocesser med sin robuste konstruktion, pr\u00e6cise udst\u00f8dningskontrol, hurtige drift og justerbare slagl\u00e6ngde. Ved at f\u00f8lge de anbefalede brugsmetoder og vedligeholdelsespraksis kan producenter maksimere ydelsen og levetiden af \u200b\u200bspr\u00f8jtest\u00f8bemaskinens udst\u00f8dningscylinder, hvilket i sidste ende forbedrer effektiviteten, pr\u00e6cisionen og den samlede kvalitet af plastspr\u00f8jtest\u00f8bningsoperationerne.<\/p>\n<p>N\u00f8gleegenskaber ved udst\u00f8dningscylinder til spr\u00f8jtest\u00f8bemaskine:<\/p>\n<ol>\n<li>Robust konstruktion:<\/li>\n<\/ol>\n<ul>\n<li>Spr\u00f8jtest\u00f8bemaskinens udst\u00f8dningscylinder er bygget af materialer af h\u00f8j kvalitet, hvilket sikrer holdbarhed og lang levetid selv i kr\u00e6vende produktionsmilj\u00f8er.<\/li>\n<li>Den er designet til at modst\u00e5 h\u00f8je udst\u00f8dningskr\u00e6fter og gentagne bev\u00e6gelser og opretholder ensartet ydeevne over l\u00e6ngere tids brug.<\/li>\n<\/ul>\n<ol start=\"2\">\n<li>Pr\u00e6cis udkastningskontrol:<\/li>\n<\/ol>\n<ul>\n<li>Denne cylinder giver pr\u00e6cis kontrol over udst\u00f8dningsprocessen, hvilket muligg\u00f8r pr\u00e6cis og gentagelig udst\u00f8dning af st\u00f8bte dele.<\/li>\n<li>Det muligg\u00f8r tilpasning af udst\u00f8dningshastighed, kraft og slagl\u00e6ngde, hvilket sikrer optimal fjernelse af emner uden at for\u00e5rsage skader.<\/li>\n<\/ul>\n<ol start=\"3\">\n<li>Hurtig og effektiv drift:<\/li>\n<\/ol>\n<ul>\n<li>Spr\u00f8jtest\u00f8bemaskinens udst\u00f8dningscylinder muligg\u00f8r hurtige udst\u00f8dningscyklusser, hvilket minimerer produktionstiden og \u00f8ger den samlede produktivitet.<\/li>\n<li>Det sikrer hurtig og p\u00e5lidelig udst\u00f8dning af st\u00f8bte dele, hvilket reducerer nedetid og muligg\u00f8r hurtigere st\u00f8becyklus.<\/li>\n<\/ul>\n<ol start=\"4\">\n<li>Justerbar slagl\u00e6ngde:<\/li>\n<\/ol>\n<ul>\n<li>Denne cylinder tilbyder justerbar slagl\u00e6ngde for at im\u00f8dekomme formdesign og delst\u00f8rrelser.<\/li>\n<li>Det giver fleksibilitet i udst\u00f8dningen og sikrer, at delene udst\u00f8des med den passende afstand og frigang fra formen.<\/li>\n<\/ul>\n<h2><strong>Parameter for udst\u00f8dningscylinder til spr\u00f8jtest\u00f8bemaskine:<\/strong><\/h2>\n<table border=\"1\" cellspacing=\"0\" cellpadding=\"0\">\n<tbody>\n<tr>\n<td>Produktnavn<\/td>\n<td>Udst\u00f8dningscylinder til spr\u00f8jtest\u00f8bemaskine<\/td>\n<\/tr>\n<tr>\n<td>Funktioner:<\/td>\n<td>Skub det produkt ud, der er dannet i formen<\/td>\n<\/tr>\n<tr>\n<td>Borediameter:<\/td>\n<td>\u00a090 mm ~ 220 mm<\/td>\n<\/tr>\n<tr>\n<td>Stangdiameter:<\/td>\n<td>50 mm ~ 140 mm<br \/>\nSlagl\u00e6ngde\u2264600 mm<\/td>\n<\/tr>\n<tr>\n<td>Trykkraft:<\/td>\n<td>Maksimum 760 kN<br \/>\n(Boringsdiameter: 220 mm\/tryk 10 MPa)<\/td>\n<\/tr>\n<tr>\n<td>Anvendelser:<\/td>\n<td>Spr\u00f8jtest\u00f8bemaskine<\/td>\n<\/tr>\n<\/tbody>\n<\/table>\n<div><\/div>\n<div>\n<div class=\"txtboxL\">\n<div class=\"txtboxL\">\n<div class=\"txtboxL\">\n<div class=\"txtboxL\">\n<div class=\"txtboxL\">Funktioner:<\/div>\n<div class=\"txtboxR\">Skub det produkt ud, der er dannet i formen<\/div>\n<div class=\"txtboxL\">Specifikation:<\/div>\n<div class=\"txtboxR\">Borediameter: 90 mm ~ 220 mm<br \/>\nStangdiameter: 50 mm ~ 140 mm<br \/>\nSlagl\u00e6ngde\u2264600 mm<\/div>\n<div class=\"txtboxL\">Trykkraft:<\/div>\n<div class=\"txtboxR\">Maksimum 760 kN<br \/>\n(Boringsdiameter: 220 mm\/tryk 10 MPa)<\/div>\n<\/div>\n<\/div>\n<\/div>\n<\/div>\n<\/div>\n<h2><strong>Cementudstyr <\/strong><strong>Cylinderfabrik:<\/strong><\/h2>\n<p><img loading=\"lazy\" decoding=\"async\" class=\"alignnone wp-image-1734 size-full\" src=\"https:\/\/hydraulic-cylinders.net\/wp-content\/uploads\/2023\/10\/cement-equipment-cylinder-1.webp\" alt=\"\" width=\"1418\" height=\"946\" srcset=\"https:\/\/hydraulic-cylinders.net\/wp-content\/uploads\/2023\/10\/cement-equipment-cylinder-1.webp 1418w, https:\/\/hydraulic-cylinders.net\/wp-content\/uploads\/2023\/10\/cement-equipment-cylinder-1-1280x854.webp 1280w, https:\/\/hydraulic-cylinders.net\/wp-content\/uploads\/2023\/10\/cement-equipment-cylinder-1-980x654.webp 980w, https:\/\/hydraulic-cylinders.net\/wp-content\/uploads\/2023\/10\/cement-equipment-cylinder-1-480x320.webp 480w\" sizes=\"(min-width: 0px) and (max-width: 480px) 480px, (min-width: 481px) and (max-width: 980px) 980px, (min-width: 981px) and (max-width: 1280px) 1280px, (min-width: 1281px) 1418px, 100vw\" \/><\/p>\n<h2><strong>Brugsmetode til udst\u00f8dningscylinder til spr\u00f8jtest\u00f8bemaskine<\/strong><strong>:<\/strong><\/h2>\n<ol>\n<li><strong>Installation:<\/strong><\/li>\n<\/ol>\n<ul>\n<li>F\u00f8lg producentens anvisninger for at montere spr\u00f8jtest\u00f8bemaskinens udst\u00f8dningscylinder sikkert p\u00e5 spr\u00f8jtest\u00f8bemaskinen.<\/li>\n<li>S\u00f8rg for korrekt justering og fastg\u00f8relse til maskinens udkastningsenhed, s\u00e5 udkastningen fungerer problemfrit.<\/li>\n<\/ul>\n<ol start=\"2\">\n<li><strong>Justering af udkastningsparametre:<\/strong><\/li>\n<\/ol>\n<ul>\n<li>Brug maskinens kontrolpanel eller interface til at justere udkastningsparametre, s\u00e5som hastighed, kraft og slagl\u00e6ngde.<\/li>\n<li>Se maskinens betjeningsvejledning for specifikke retningslinjer for indstilling af de passende parametre baseret p\u00e5 delspecifikationer og formkrav.<\/li>\n<\/ul>\n<ol start=\"3\">\n<li><strong>Forberedelse af formen:<\/strong><\/li>\n<\/ol>\n<ul>\n<li>Ops\u00e6t formen i spr\u00f8jtest\u00f8bemaskinen, og s\u00f8rg for korrekt justering og fastsp\u00e6nding.<\/li>\n<li>Fastg\u00f8r udst\u00f8dningskomponenterne, s\u00e5som udst\u00f8derstifter eller udst\u00f8derplader, til formen for at sikre sikker og p\u00e5lidelig udst\u00f8dning.<\/li>\n<\/ul>\n<ol start=\"4\">\n<li><strong>Udkastningsproces:<\/strong><\/li>\n<\/ol>\n<ul>\n<li>Start udst\u00f8dningsprocessen ved at aktivere spr\u00f8jtest\u00f8bemaskinen.<\/li>\n<li>Spr\u00f8jtest\u00f8bemaskinens udst\u00f8dningscylinder forl\u00e6nger hurtigt udst\u00f8dningskomponenterne og skubber de st\u00f8bte dele ud af formhulrummet.<\/li>\n<li>S\u00f8rg for, at udkastningsslagets l\u00e6ngde er justeret, s\u00e5 delene udkastes med den \u00f8nskede frigang og uden at for\u00e5rsage skader.<\/li>\n<\/ul>\n<h2><strong>Hvordan fungerer en hydraulisk cylinder?<\/strong><\/h2>\n<p>En hydraulisk cylinder er en mekanisk enhed, der bruger hydraulisk v\u00e6ske til at generere kraft og muligg\u00f8re line\u00e6r bev\u00e6gelse. Den fungerer ved at overf\u00f8re tryk gennem en lukket v\u00e6ske for at producere mekanisk output. Her er en forenklet forklaring af, hvordan en hydraulisk cylinder fungerer:<\/p>\n<ol>\n<li><strong>Grundl\u00e6ggende komponenter:<\/strong>\n<ul>\n<li>Cylindercylinder: Hoveddelen af \u200b\u200bden hydrauliske cylinder huser stemplet og andre interne komponenter.<\/li>\n<li>Stempel: En cylindrisk komponent, der deler cylinderl\u00f8bet i to kamre.<\/li>\n<li>Stempelstang: Forbundet med stemplet str\u00e6kker den sig uden for cylinderl\u00f8bet og overf\u00f8rer den genererede kraft.<\/li>\n<li>Pakninger forhindrer l\u00e6kage af hydraulisk v\u00e6ske mellem stempel og cylinder, hvilket sikrer effektiv drift.<\/li>\n<\/ul>\n<\/li>\n<li><strong>Hydraulisk system:<\/strong>\n<ul>\n<li>Det hydrauliske system best\u00e5r af en pumpe, kontrolventiler, hydraulisk v\u00e6ske (typisk olie) og forbindelsesr\u00f8r.<\/li>\n<li>Den hydrauliske pumpe s\u00e6tter v\u00e6sken under tryk og skaber hydraulisk energi, der kan bruges til at generere kraft.<\/li>\n<\/ul>\n<\/li>\n<li><strong>To kamre:<\/strong>\n<ul>\n<li>Den hydrauliske cylinder har to kamre: stangsiden (eller tryksiden) og den modsatte side (eller retursiden).<\/li>\n<li>Stangsiden er forbundet til den hydrauliske pumpe, mens den modsatte er forbundet til et reservoir eller en returledning.<\/li>\n<\/ul>\n<\/li>\n<li><strong>Operation:<\/strong>\n<ul>\n<li>N\u00e5r den hydrauliske v\u00e6ske pumpes ind i stangens sidekammer, ud\u00f8ver den tryk p\u00e5 stemplet, hvilket f\u00e5r det til at bev\u00e6ge sig udad.<\/li>\n<li>N\u00e5r stemplet bev\u00e6ger sig, skubber det stangen og genererer en line\u00e6r kraft.<\/li>\n<li>Samtidig vender hydraulikv\u00e6sken fra det modsatte sidekammer tilbage til reservoiret eller gennem returledningen.<\/li>\n<\/ul>\n<\/li>\n<li><strong>Retningskontrol:<\/strong>\n<ul>\n<li>Hydraulikcylinderens bev\u00e6gelsesretning styres ved hj\u00e6lp af retningsventiler.<\/li>\n<li>Disse ventiler regulerer str\u00f8mmen af \u200b\u200bhydraulisk v\u00e6ske til det relevante kammer og bestemmer dermed stemplets bev\u00e6gelsesretning.<\/li>\n<\/ul>\n<\/li>\n<li><strong>Kraft- og hastighedskontrol:<\/strong>\n<ul>\n<li>Den kraft, der genereres af den hydrauliske cylinder, afh\u00e6nger af det hydrauliske tryk og stemplets effektive areal.<\/li>\n<li>Ved at justere det hydrauliske tryk kan kraftudgangen styres.<\/li>\n<li>Cylinderens bev\u00e6gelseshastighed kan reguleres ved at justere str\u00f8mningshastigheden af \u200b\u200bhydraulisk v\u00e6ske ind i eller ud af cylinderen.<\/li>\n<\/ul>\n<\/li>\n<li><strong>Anvendelser:<\/strong>\n<ul>\n<li>Hydrauliske cylindre anvendes i forskellige applikationer, der kr\u00e6ver line\u00e6r kraft og bev\u00e6gelse, s\u00e5som entrepren\u00f8rudstyr, materialeh\u00e5ndteringsmaskiner, produktionssystemer og k\u00f8ret\u00f8jer.<\/li>\n<li>De bruges almindeligvis til l\u00f8ft, skub, tr\u00e6k, b\u00f8jning og positionering.<\/li>\n<\/ul>\n<\/li>\n<\/ol>\n<h2><strong>Fabrikkens kapacitet og kapacitet:<\/strong><\/h2>\n<h3>(1) Samling<\/h3>\n<p>Vi har en f\u00f8rsteklasses uafh\u00e6ngig forsknings- og udviklingsplatform til montering. V\u00e6rkstedet for produktion af hydrauliske cylindre har fire halvautomatiske l\u00f8ftecylindermonteringslinjer og en automatisk vippecylindermonteringslinje med en designm\u00e6ssig \u00e5rlig produktionskapacitet p\u00e5 1 million enheder. Det specielle cylinderv\u00e6rksted er udstyret med forskellige specifikationer for et halvautomatisk reng\u00f8ringsmonteringssystem med en designm\u00e6ssig \u00e5rlig produktionskapacitet p\u00e5 200.000 og udstyret med ber\u00f8mt CNC-bearbejdningsudstyr, et bearbejdningscenter, et specialudstyr til h\u00f8jpr\u00e6cisionscylinderbearbejdning, en robotsvejsemaskine, en automatisk reng\u00f8ringsmaskine, en automatisk cylindermonteringsmaskine og en automatisk malingslinje. Eksisterende kritisk udstyr p\u00e5 mere end 300 s\u00e6t (s\u00e6t). Optimal allokering og effektiv udnyttelse af udstyrsressourcer sikrer produkternes n\u00f8jagtighedskrav og opfylder produkternes h\u00f8je kvalitetsbehov.<\/p>\n<p><img loading=\"lazy\" decoding=\"async\" class=\"alignnone wp-image-626\" src=\"https:\/\/hydraulic-cylinders.net\/wp-content\/uploads\/2023\/08\/hydraulic-cylinder-product-1-300x158.webp\" alt=\"\" width=\"495\" height=\"260\" srcset=\"https:\/\/hydraulic-cylinders.net\/wp-content\/uploads\/2023\/08\/hydraulic-cylinder-product-1-300x158.webp 495w, https:\/\/hydraulic-cylinders.net\/wp-content\/uploads\/2023\/08\/hydraulic-cylinder-product-1-480x252.webp 480w\" sizes=\"(min-width: 0px) and (max-width: 480px) 480px, (min-width: 481px) 495px, 100vw\" \/> <img loading=\"lazy\" decoding=\"async\" class=\"alignnone wp-image-627\" src=\"https:\/\/hydraulic-cylinders.net\/wp-content\/uploads\/2023\/08\/hydraulic-cylinder-product-2-300x189.webp\" alt=\"\" width=\"413\" height=\"260\" \/><\/p>\n<h3>(2) Maskinbearbejdning<\/h3>\n<p>Bearbejdningsv\u00e6rkstedet er udstyret med et specialfremstillet drejecenter til skr\u00e5 skinner, bearbejdningscenter, h\u00f8jhastigheds-honemaskine, svejserobot og andet relateret udstyr, der kan h\u00e5ndtere bearbejdning af cylinderr\u00f8r med en maksimal indre diameter p\u00e5 400 mm og en maksimal l\u00e6ngde p\u00e5 6 meter.<\/p>\n<p><img loading=\"lazy\" decoding=\"async\" class=\"alignnone wp-image-628 size-large\" src=\"https:\/\/hydraulic-cylinders.net\/wp-content\/uploads\/2023\/08\/hydraulic-cylinder-product-3-1024x391.webp\" alt=\"\" width=\"1024\" height=\"391\" srcset=\"https:\/\/hydraulic-cylinders.net\/wp-content\/uploads\/2023\/08\/hydraulic-cylinder-product-3-980x374.webp 980w, https:\/\/hydraulic-cylinders.net\/wp-content\/uploads\/2023\/08\/hydraulic-cylinder-product-3-480x183.webp 480w\" sizes=\"(min-width: 0px) and (max-width: 480px) 480px, (min-width: 481px) and (max-width: 980px) 980px, (min-width: 981px) 1024px, 100vw\" \/><\/p>\n<h3>(3) Svejsning<\/h3>\n<p><img loading=\"lazy\" decoding=\"async\" class=\"alignnone wp-image-629 size-large\" src=\"https:\/\/hydraulic-cylinders.net\/wp-content\/uploads\/2023\/08\/hydraulic-cylinder-product-4-1024x510.webp\" alt=\"\" width=\"1024\" height=\"510\" srcset=\"https:\/\/hydraulic-cylinders.net\/wp-content\/uploads\/2023\/08\/hydraulic-cylinder-product-4-980x488.webp 980w, https:\/\/hydraulic-cylinders.net\/wp-content\/uploads\/2023\/08\/hydraulic-cylinder-product-4-480x239.webp 480w\" sizes=\"(min-width: 0px) and (max-width: 480px) 480px, (min-width: 481px) and (max-width: 980px) 980px, (min-width: 981px) 1024px, 100vw\" \/><\/p>\n<h3>(4) Maling og overfladebehandling<\/h3>\n<p>Med sm\u00e5 og mellemstore cylindriske automatiske vandbaserede malingsbel\u00e6gningslinjer, for at opn\u00e5 automatisk robotp\u00e5fyldning og -afl\u00e6sning samt automatisk spr\u00f8jtning, er den designm\u00e6ssige kapacitet p\u00e5 4000 stykker pr. skift;<br \/>\nVi har ogs\u00e5 en halvautomatisk malingsproduktionslinje til store cylindre drevet af en kabelk\u00e6de med en designkapacitet p\u00e5 60 kasser pr. skift.<\/p>\n<p><img loading=\"lazy\" decoding=\"async\" class=\"alignnone wp-image-630\" src=\"https:\/\/hydraulic-cylinders.net\/wp-content\/uploads\/2023\/08\/hydraulic-cylinder-product-5-300x213.webp\" alt=\"\" width=\"366\" height=\"260\" \/> <img loading=\"lazy\" decoding=\"async\" class=\"alignnone wp-image-631\" src=\"https:\/\/hydraulic-cylinders.net\/wp-content\/uploads\/2023\/08\/hydraulic-cylinder-product-6-300x225.webp\" alt=\"\" width=\"347\" height=\"260\" \/><\/p>\n<h3>(5) Testning<\/h3>\n<p>Vi har f\u00f8rsteklasses inspektionsfaciliteter og testb\u00e6nke for at sikre, at cylinderens ydeevne opfylder kravene.<\/p>\n<p><img loading=\"lazy\" decoding=\"async\" class=\"alignnone wp-image-632\" src=\"https:\/\/hydraulic-cylinders.net\/wp-content\/uploads\/2023\/08\/hydraulic-cylinder-product-8-300x200.webp\" alt=\"\" width=\"389\" height=\"260\" \/><\/p>\n<p>&nbsp;<\/p>\n<p>&nbsp;<\/p>\n<p>Vi er en af \u200b\u200bde bedste producenter af hydrauliske cylindre. Vi kan tilbyde et omfattende udvalg af hydrauliske cylindre. Vi leverer ogs\u00e5 tilsvarende <a href=\"https:\/\/hzpt.com\/agricultural-pto-gearbox\/\" target=\"_blank\" rel=\"noopener\">landbrugsgearkasser<\/a>Vi har eksporteret vores produkter til kunder over hele verden og har opn\u00e5et et godt omd\u00f8mme p\u00e5 grund af vores overlegne produktkvalitet og eftersalgsservice. Vi byder kunder i ind- og udland velkommen til at kontakte os for at forhandle forretninger, udveksle information og <a href=\"https:\/\/www.hydraulic-cylinders.net\/da\/contact-us\/\">samarbejde med os<\/a>!<\/p>","protected":false},"excerpt":{"rendered":"<p>Injection Molding Machine Ejection Cylinder The injection molding machine ejection cylinder is a vital component in the plastic injection molding process, designed to improve efficiency and precision by facilitating the ejection of molded parts from the mold cavity. This specialized cylinder plays a crucial role in the final stage of the injection molding cycle, ensuring [&hellip;]<\/p>","protected":false},"featured_media":1745,"comment_status":"open","ping_status":"closed","template":"","meta":{"_et_pb_use_builder":"","_et_pb_old_content":"","_et_gb_content_width":""},"product_brand":[],"product_cat":[1523,1549,1376],"product_tag":[1380],"class_list":{"0":"post-1742","1":"product","2":"type-product","3":"status-publish","4":"has-post-thumbnail","6":"product_cat-injection-molding-hydraulic-cylinders","7":"product_cat-single-acting-hydraulic-cylinder","8":"product_cat-hydraulic-cylinder","9":"product_tag-hydraulic-cylinder","11":"first","12":"instock","13":"shipping-taxable","14":"product-type-simple"},"amp_enabled":true,"_links":{"self":[{"href":"https:\/\/www.hydraulic-cylinders.net\/da\/wp-json\/wp\/v2\/product\/1742","targetHints":{"allow":["GET"]}}],"collection":[{"href":"https:\/\/www.hydraulic-cylinders.net\/da\/wp-json\/wp\/v2\/product"}],"about":[{"href":"https:\/\/www.hydraulic-cylinders.net\/da\/wp-json\/wp\/v2\/types\/product"}],"replies":[{"embeddable":true,"href":"https:\/\/www.hydraulic-cylinders.net\/da\/wp-json\/wp\/v2\/comments?post=1742"}],"wp:featuredmedia":[{"embeddable":true,"href":"https:\/\/www.hydraulic-cylinders.net\/da\/wp-json\/wp\/v2\/media\/1745"}],"wp:attachment":[{"href":"https:\/\/www.hydraulic-cylinders.net\/da\/wp-json\/wp\/v2\/media?parent=1742"}],"wp:term":[{"taxonomy":"product_brand","embeddable":true,"href":"https:\/\/www.hydraulic-cylinders.net\/da\/wp-json\/wp\/v2\/product_brand?post=1742"},{"taxonomy":"product_cat","embeddable":true,"href":"https:\/\/www.hydraulic-cylinders.net\/da\/wp-json\/wp\/v2\/product_cat?post=1742"},{"taxonomy":"product_tag","embeddable":true,"href":"https:\/\/www.hydraulic-cylinders.net\/da\/wp-json\/wp\/v2\/product_tag?post=1742"}],"curies":[{"name":"wp","href":"https:\/\/api.w.org\/{rel}","templated":true}]}}