{"id":1752,"date":"2023-10-13T02:41:02","date_gmt":"2023-10-13T02:41:02","guid":{"rendered":"https:\/\/hydraulic-cylinders.net\/?post_type=product&#038;p=1752"},"modified":"2025-04-15T05:55:30","modified_gmt":"2025-04-15T05:55:30","slug":"cutter-suction-dredger-traveling-cylinders","status":"publish","type":"product","link":"https:\/\/www.hydraulic-cylinders.net\/da\/vare\/cutter-suction-dredger-traveling-cylinders\/","title":{"rendered":"Cutter Suction Dredger Rejsecylindre"},"content":{"rendered":"<h1 style=\"text-align: center;\"><strong>Cutter Suction Dredger Rejsecylindre<\/strong><\/h1>\n<p><img loading=\"lazy\" decoding=\"async\" class=\"aligncenter wp-image-1753\" src=\"https:\/\/hydraulic-cylinders.net\/wp-content\/uploads\/2023\/10\/cutter-suction-dredger-the-traveling-cylinders-1-300x300.webp\" alt=\"\" width=\"400\" height=\"400\" \/><\/p>\n<p>Cuttersugeopmudringsfart\u00f8jers bev\u00e6gelige cylindre er essentielle komponenter i moderne opmudringsoperationer. Disse cylindre er designet til at forbedre effektivitet og produktivitet og spiller en afg\u00f8rende rolle i cuttersugeopmudringsprocessen.<\/p>\n<p>Cuttersugeopmudringsfart\u00f8jers bev\u00e6gelige cylindre er uundv\u00e6rlige komponenter til effektive og produktive opmudringsoperationer. Med deres robuste konstruktion, pr\u00e6cise k\u00f8rebev\u00e6gelse, kraftfulde fremdrift og fleksible justeringsmuligheder muligg\u00f8r disse cylindre j\u00e6vn og pr\u00e6cis opmudringsfart\u00f8jets bev\u00e6gelse, hvilket optimerer opmudringsydelsen. Ved at f\u00f8lge de anbefalede brugsmetoder og vedligeholdelsespraksis kan operat\u00f8rer maksimere de bev\u00e6gelige cylindres ydeevne og levetid og i sidste ende forbedre effektiviteten og produktiviteten af \u200b\u200b\u200b\u200bcuttersugeopmudringsprocessen.<\/p>\n<p>Cutter Suction Dredger Traveling Cylinders N\u00f8gleegenskaber:<\/p>\n<ol>\n<li>Robust konstruktion:<\/li>\n<\/ol>\n<ul>\n<li>De bev\u00e6gelige cylindre er konstrueret af materialer af h\u00f8j kvalitet, hvilket sikrer holdbarhed og lang levetid selv under udfordrende opmudringsforhold.<br \/>\nDe er designet til at modst\u00e5 h\u00f8jt tryk, slibende materialer og konstant bev\u00e6gelse, og opretholder dermed ensartet ydeevne under hele opmudringsarbejdet.<\/li>\n<\/ul>\n<ol start=\"2\">\n<li>Pr\u00e6cis rejsebev\u00e6gelse:<\/li>\n<\/ol>\n<ul>\n<li>Disse cylindre giver pr\u00e6cis kontrol over sk\u00e6re-suge-opmudringsfart\u00f8jets bev\u00e6gelse, hvilket sikrer pr\u00e6cis positionering og j\u00e6vn bev\u00e6gelse under opmudringsaktiviteter.<\/li>\n<li>De muligg\u00f8r tilpasning af rejsehastigheden, hvilket giver mulighed for effektiv navigation gennem forskellige terr\u00e6ner og pr\u00e6cis positionering for effektiv opmudring.<\/li>\n<\/ul>\n<ol start=\"3\">\n<li>Kraftig fremdrift:<\/li>\n<\/ol>\n<ul>\n<li>De bev\u00e6gelige cylindre leverer kraftig fremdrift til sk\u00e6re-sugeopmudringsfart\u00f8jet, s\u00e5 det kan bev\u00e6ge sig j\u00e6vnt og effektivt hen over opmudringsomr\u00e5det.<\/li>\n<li>De tilbyder fremragende fremdrift og tr\u00e6kkraft, hvilket sikrer, at muddermaskinen kan overvinde modstand fra sediment og opretholde en stabil fremdrift.<\/li>\n<\/ul>\n<ol start=\"4\">\n<li>Fleksibel justering:<\/li>\n<\/ol>\n<ul>\n<li>Disse cylindre muligg\u00f8r fleksibel justering af sk\u00e6re-sugeopmudderens bev\u00e6gelsesparametre, s\u00e5som hastighed, retning og dybde.<\/li>\n<li>Operat\u00f8rer kan tilpasse muddermaskinens bev\u00e6gelser, s\u00e5 de passer til de specifikke opmudringskrav og optimere effektiviteten af \u200b\u200bden samlede operation.<\/li>\n<\/ul>\n<h2><strong>Parameter for rejsecylindre til opmudringsfart\u00f8jer med sk\u00e6resugning:<\/strong><\/h2>\n<table border=\"1\" cellspacing=\"0\" cellpadding=\"0\">\n<tbody>\n<tr>\n<td>Produktnavn<\/td>\n<td>Cutter Suction Dredger Rejsecylinder<\/td>\n<\/tr>\n<tr>\n<td>Funktioner:<\/td>\n<td>Er det vigtigste ud\u00f8vende element i den bev\u00e6gelige mekanisme p\u00e5 sk\u00e6re-suge-dredgeren<\/td>\n<\/tr>\n<tr>\n<td>Borediameter:<\/td>\n<td>Op til 480 mm<\/td>\n<\/tr>\n<tr>\n<td>Stangdiameter:<\/td>\n<td>Op til 360 mm<br \/>\nSlagl\u00e6ngde op til 9400 mm<\/td>\n<\/tr>\n<tr>\n<td>Tryk:<\/td>\n<td>op til 32 MPa<\/td>\n<\/tr>\n<tr>\n<td>Trykkraft:<\/td>\n<td>Maksimum 2900 kN<\/td>\n<\/tr>\n<tr>\n<td>Anvendelser:<\/td>\n<td>Cutter Suction Dredger<\/td>\n<\/tr>\n<\/tbody>\n<\/table>\n<div><\/div>\n<div>\n<div class=\"txtboxL\">\n<div class=\"txtboxL\">\n<div class=\"txtboxL\">\n<div class=\"txtboxL\">\n<div class=\"txtboxL\">\n<div class=\"txtboxL\">\n<div class=\"txtboxL\">\n<div class=\"txtboxL\">Funktioner:<\/div>\n<div class=\"txtboxR\">Er det vigtigste ud\u00f8vende element i den bev\u00e6gelige mekanisme p\u00e5 sk\u00e6re-suge-dredgeren<\/div>\n<div class=\"txtboxL\">Specifikation:<\/div>\n<div class=\"txtboxR\">Borediameter: op til 480 mm<br \/>\nStangdiameter: op til 360 mm<br \/>\nSlagl\u00e6ngde op til 9400 mm<\/div>\n<div class=\"txtboxL\">Tryk:<\/div>\n<div class=\"txtboxR\">op til 32 MPa<\/div>\n<div class=\"txtboxL\">Trykkraft:<\/div>\n<div class=\"txtboxR\">Maksimum 2900 kN<\/div>\n<\/div>\n<\/div>\n<\/div>\n<\/div>\n<\/div>\n<\/div>\n<\/div>\n<\/div>\n<h2><strong>Anvendelse af Dredger Tank Cutter-Sugecylindre:<\/strong><\/h2>\n<p><img loading=\"lazy\" decoding=\"async\" class=\"alignnone wp-image-1757 size-full\" src=\"https:\/\/hydraulic-cylinders.net\/wp-content\/uploads\/2023\/10\/dredger-tank-cylinder-1.webp\" alt=\"\" width=\"600\" height=\"400\" srcset=\"https:\/\/hydraulic-cylinders.net\/wp-content\/uploads\/2023\/10\/dredger-tank-cylinder-1.webp 600w, https:\/\/hydraulic-cylinders.net\/wp-content\/uploads\/2023\/10\/dredger-tank-cylinder-1-480x320.webp 480w\" sizes=\"(min-width: 0px) and (max-width: 480px) 480px, (min-width: 481px) 600px, 100vw\" \/><\/p>\n<h2><strong>Brugsmetode til cutter sugeopmudder-rejsecylindre<\/strong><strong>:<\/strong><\/h2>\n<ol>\n<li><strong>Installation:<\/strong><\/li>\n<\/ol>\n<ul>\n<li>F\u00f8lg producentens anvisninger for at montere de bev\u00e6gelige cylindre sikkert p\u00e5 sk\u00e6re-sugeopmudringsfart\u00f8jet.<\/li>\n<li>S\u00f8rg for korrekt justering og fastg\u00f8relse til muddermaskinens fremdriftssystem, hvilket muligg\u00f8r en j\u00e6vn og p\u00e5lidelig bev\u00e6gelse.<\/li>\n<\/ul>\n<ol start=\"2\">\n<li><strong>Kontrol og navigation:<\/strong><\/li>\n<\/ol>\n<ul>\n<li>Brug muddermaskinens kontrolpanel eller gr\u00e6nseflade til at styre k\u00f8rselsparametrene, s\u00e5som hastighed, retning og dybde.<\/li>\n<li>Overv\u00e5g muddermaskinens position, og juster k\u00f8rehastigheden i overensstemmelse hermed for at sikre effektiv fremdrift og pr\u00e6cis positionering under opmudringsaktiviteter.<\/li>\n<\/ul>\n<ol start=\"3\">\n<li><strong>Opmudringsoperationer:<\/strong><\/li>\n<\/ol>\n<ul>\n<li>Start opmudringsprocessen ved at aktivere sk\u00e6re-sugeopmudringsfart\u00f8jet og aktivere de bev\u00e6gelige cylindre til fremdrift.<\/li>\n<li>Naviger mudderfart\u00f8jet gennem opmudringsomr\u00e5det, og s\u00f8rg for stabil fremdrift og pr\u00e6cis positionering for effektiv udgravning og materialeudvinding.<\/li>\n<li>Juster muddermaskinens k\u00f8rselsparametre for at optimere mudderydelsen og tilpasse sig skiftende forhold.<\/li>\n<\/ul>\n<h2><strong>Hvordan afmonterer man en hydraulisk cylinder fra en frontl\u00e6sser?<\/strong><\/h2>\n<p>De specifikke trin til afmontering af en hydraulisk cylinder fra en frontl\u00e6sser kan variere afh\u00e6ngigt af l\u00e6sserens m\u00e6rke og model. Jeg kan dog give en generel procedure, der giver dig et godt udgangspunkt. Her er en trin-for-trin vejledning:<\/p>\n<ol>\n<li><strong>Sikkerhed f\u00f8rst:<\/strong> S\u00f8rg for, at l\u00e6sseren er slukket, at motoren fungerer i optimal stand, og at l\u00e6sseren er sikkert underst\u00f8ttet p\u00e5 donkrafte eller blokke.<\/li>\n<li><strong>Find den hydrauliske cylinder:<\/strong> Identific\u00e9r den hydrauliske cylinder, du \u00f8nsker at fjerne. Den vil typisk v\u00e6re forbundet til l\u00e6sserens hydrauliske system og placeret til at styre bev\u00e6gelsen af \u200b\u200ben bestemt funktion, s\u00e5som skovlen eller l\u00f8ftearmene.<\/li>\n<li><strong>Aflast hydraulisk tryk:<\/strong> For at forhindre uventet bev\u00e6gelse og sikre din sikkerhed skal du aflaste det hydrauliske tryk i systemet. Dette involverer typisk at finde l\u00e6sserens hydrauliske styreventil og betjene betjeningselementerne for at frigive eventuelt tryk. Se l\u00e6sserens manual for specifikke instruktioner om, hvordan dette trin udf\u00f8res.<\/li>\n<li><strong>Frakobl hydrauliske slanger:<\/strong> Frakobl forsigtigt de hydrauliske slanger, der er forbundet til cylinderen. Afh\u00e6ngigt af designet kan dette indeb\u00e6re at l\u00f8sne og fjerne hydrauliske fittings eller bruge specialv\u00e6rkt\u00f8j s\u00e5som skruen\u00f8gler eller topn\u00f8gles\u00e6t.<\/li>\n<li><strong>Fjern fastholdelsesstifter:<\/strong> Se efter fastholdelsesstifter eller bolte, der fastg\u00f8r cylinderen til l\u00e6sserens ramme eller andre komponenter. Fjern disse stifter eller bolte for at frig\u00f8re cylinderen.<\/li>\n<li><strong>St\u00f8t cylinderen:<\/strong> Hydrauliske cylindre kan v\u00e6re tunge, s\u00e5 det er vigtigt at have en plan for at underst\u00f8tte cylinderen, n\u00e5r den fjernes. Dette kan g\u00f8res ved at bruge en l\u00f8fteanordning, s\u00e5som en talje eller en donkraft, til at underst\u00f8tte cylinderens v\u00e6gt, mens du fjerner den.<\/li>\n<li><strong>Fjern cylinderen:<\/strong> Fjern fastholdelsesstifterne eller boltene og monter cylinderen korrekt, og skubbe eller man\u00f8vrer forsigtigt cylinderen ud af dens monteringsbeslag eller forbindelser. V\u00e6r forsigtig med eventuel resterende hydraulikv\u00e6ske i cylinderen eller slangerne.<\/li>\n<li><strong>Inspicer og udskift:<\/strong> N\u00e5r cylinderen er fjernet, skal den kontrolleres for tegn p\u00e5 skader eller slid. Udskift eventuelle pakninger, O-ringe eller andre komponenter, f\u00f8r cylinderen monteres igen.<\/li>\n<\/ol>\n<h2><strong>Fabrikkens kapacitet og kapacitet:<\/strong><\/h2>\n<h3>(1) Samling<\/h3>\n<p>Vi har en f\u00f8rsteklasses uafh\u00e6ngig forsknings- og udviklingsplatform til montering. V\u00e6rkstedet for produktion af hydrauliske cylindre har fire halvautomatiske l\u00f8ftecylindermonteringslinjer og en automatisk vippecylindermonteringslinje med en designm\u00e6ssig \u00e5rlig produktionskapacitet p\u00e5 1 million enheder. Det specielle cylinderv\u00e6rksted er udstyret med forskellige specifikationer for et halvautomatisk reng\u00f8ringsmonteringssystem med en designm\u00e6ssig \u00e5rlig produktionskapacitet p\u00e5 200.000 og udstyret med ber\u00f8mt CNC-bearbejdningsudstyr, et bearbejdningscenter, et specialudstyr til h\u00f8jpr\u00e6cisionscylinderbearbejdning, en robotsvejsemaskine, en automatisk reng\u00f8ringsmaskine, en automatisk cylindermonteringsmaskine og en automatisk malingslinje. Eksisterende kritisk udstyr p\u00e5 mere end 300 s\u00e6t (s\u00e6t). Optimal allokering og effektiv udnyttelse af udstyrsressourcer sikrer produkternes n\u00f8jagtighedskrav og opfylder produkternes h\u00f8je kvalitetsbehov.<\/p>\n<p><img loading=\"lazy\" decoding=\"async\" class=\"alignnone wp-image-626\" src=\"https:\/\/hydraulic-cylinders.net\/wp-content\/uploads\/2023\/08\/hydraulic-cylinder-product-1-300x158.webp\" alt=\"\" width=\"495\" height=\"260\" srcset=\"https:\/\/hydraulic-cylinders.net\/wp-content\/uploads\/2023\/08\/hydraulic-cylinder-product-1-300x158.webp 495w, https:\/\/hydraulic-cylinders.net\/wp-content\/uploads\/2023\/08\/hydraulic-cylinder-product-1-480x252.webp 480w\" sizes=\"(min-width: 0px) and (max-width: 480px) 480px, (min-width: 481px) 495px, 100vw\" \/> <img loading=\"lazy\" decoding=\"async\" class=\"alignnone wp-image-627\" src=\"https:\/\/hydraulic-cylinders.net\/wp-content\/uploads\/2023\/08\/hydraulic-cylinder-product-2-300x189.webp\" alt=\"\" width=\"413\" height=\"260\" \/><\/p>\n<h3>(2) Maskinbearbejdning<\/h3>\n<p>Bearbejdningsv\u00e6rkstedet er udstyret med et specialfremstillet drejecenter til skr\u00e5 skinner, bearbejdningscenter, h\u00f8jhastigheds-honemaskine, svejserobot og andet relateret udstyr, der kan h\u00e5ndtere bearbejdning af cylinderr\u00f8r med en maksimal indre diameter p\u00e5 400 mm og en maksimal l\u00e6ngde p\u00e5 6 meter.<\/p>\n<p><img loading=\"lazy\" decoding=\"async\" class=\"alignnone wp-image-628 size-large\" src=\"https:\/\/hydraulic-cylinders.net\/wp-content\/uploads\/2023\/08\/hydraulic-cylinder-product-3-1024x391.webp\" alt=\"\" width=\"1024\" height=\"391\" srcset=\"https:\/\/hydraulic-cylinders.net\/wp-content\/uploads\/2023\/08\/hydraulic-cylinder-product-3-980x374.webp 980w, https:\/\/hydraulic-cylinders.net\/wp-content\/uploads\/2023\/08\/hydraulic-cylinder-product-3-480x183.webp 480w\" sizes=\"(min-width: 0px) and (max-width: 480px) 480px, (min-width: 481px) and (max-width: 980px) 980px, (min-width: 981px) 1024px, 100vw\" \/><\/p>\n<h3>(3) Svejsning<\/h3>\n<p><img loading=\"lazy\" decoding=\"async\" class=\"alignnone wp-image-629 size-large\" src=\"https:\/\/hydraulic-cylinders.net\/wp-content\/uploads\/2023\/08\/hydraulic-cylinder-product-4-1024x510.webp\" alt=\"\" width=\"1024\" height=\"510\" srcset=\"https:\/\/hydraulic-cylinders.net\/wp-content\/uploads\/2023\/08\/hydraulic-cylinder-product-4-980x488.webp 980w, https:\/\/hydraulic-cylinders.net\/wp-content\/uploads\/2023\/08\/hydraulic-cylinder-product-4-480x239.webp 480w\" sizes=\"(min-width: 0px) and (max-width: 480px) 480px, (min-width: 481px) and (max-width: 980px) 980px, (min-width: 981px) 1024px, 100vw\" \/><\/p>\n<h3>(4) Maling og overfladebehandling<\/h3>\n<p>Med sm\u00e5 og mellemstore cylindriske automatiske vandbaserede malingsbel\u00e6gningslinjer, for at opn\u00e5 automatisk robotp\u00e5fyldning og -afl\u00e6sning samt automatisk spr\u00f8jtning, er den designm\u00e6ssige kapacitet p\u00e5 4000 stykker pr. skift;<br \/>\nVi har ogs\u00e5 en halvautomatisk malingsproduktionslinje til store cylindre drevet af en kabelk\u00e6de med en designkapacitet p\u00e5 60 kasser pr. skift.<\/p>\n<p><img loading=\"lazy\" decoding=\"async\" class=\"alignnone wp-image-630\" src=\"https:\/\/hydraulic-cylinders.net\/wp-content\/uploads\/2023\/08\/hydraulic-cylinder-product-5-300x213.webp\" alt=\"\" width=\"366\" height=\"260\" \/> <img loading=\"lazy\" decoding=\"async\" class=\"alignnone wp-image-631\" src=\"https:\/\/hydraulic-cylinders.net\/wp-content\/uploads\/2023\/08\/hydraulic-cylinder-product-6-300x225.webp\" alt=\"\" width=\"347\" height=\"260\" \/><\/p>\n<h3>(5) Testning<\/h3>\n<p>Vi har f\u00f8rsteklasses inspektionsfaciliteter og testb\u00e6nke for at sikre, at cylinderens ydeevne opfylder kravene.<\/p>\n<p><img loading=\"lazy\" decoding=\"async\" class=\"alignnone wp-image-632\" src=\"https:\/\/hydraulic-cylinders.net\/wp-content\/uploads\/2023\/08\/hydraulic-cylinder-product-8-300x200.webp\" alt=\"\" width=\"389\" height=\"260\" \/><\/p>\n<p>&nbsp;<\/p>\n<p>&nbsp;<\/p>\n<p>Vi er en af \u200b\u200bde bedste producenter af hydrauliske cylindre. Vi kan tilbyde et omfattende udvalg af hydrauliske cylindre. Vi leverer ogs\u00e5 tilsvarende <a href=\"https:\/\/hzpt.com\/agricultural-pto-gearbox\/\" target=\"_blank\" rel=\"noopener\">landbrugsgearkasser<\/a>Vi har eksporteret vores produkter til kunder over hele verden og har opn\u00e5et et godt omd\u00f8mme p\u00e5 grund af vores overlegne produktkvalitet og eftersalgsservice. Vi byder kunder i ind- og udland velkommen til at kontakte os for at forhandle forretninger, udveksle information og <a href=\"https:\/\/www.hydraulic-cylinders.net\/da\/contact-us\/\">samarbejde med os<\/a>!<\/p>","protected":false},"excerpt":{"rendered":"<p>Cutter Suction Dredger Traveling Cylinders The cutter suction dredger traveling cylinders are essential components of modern dredging operations. Designed to enhance efficiency and productivity, these cylinders play a vital role in the cutter-suction dredging process. The cutter suction dredger traveling cylinders are indispensable components for efficient and productive dredging operations. With their robust construction, precise [&hellip;]<\/p>","protected":false},"featured_media":1755,"comment_status":"open","ping_status":"closed","template":"","meta":{"_et_pb_use_builder":"","_et_pb_old_content":"","_et_gb_content_width":""},"product_brand":[],"product_cat":[1550,1535,1552,1376],"product_tag":[1380],"class_list":{"0":"post-1752","1":"product","2":"type-product","3":"status-publish","4":"has-post-thumbnail","6":"product_cat-double-acting-hydraulic-cylinder","7":"product_cat-dredger-hydraulic-cylinders","8":"product_cat-stainless-steel-hydraulic-cylinder","9":"product_cat-hydraulic-cylinder","10":"product_tag-hydraulic-cylinder","12":"first","13":"instock","14":"shipping-taxable","15":"product-type-simple"},"amp_enabled":true,"_links":{"self":[{"href":"https:\/\/www.hydraulic-cylinders.net\/da\/wp-json\/wp\/v2\/product\/1752","targetHints":{"allow":["GET"]}}],"collection":[{"href":"https:\/\/www.hydraulic-cylinders.net\/da\/wp-json\/wp\/v2\/product"}],"about":[{"href":"https:\/\/www.hydraulic-cylinders.net\/da\/wp-json\/wp\/v2\/types\/product"}],"replies":[{"embeddable":true,"href":"https:\/\/www.hydraulic-cylinders.net\/da\/wp-json\/wp\/v2\/comments?post=1752"}],"wp:featuredmedia":[{"embeddable":true,"href":"https:\/\/www.hydraulic-cylinders.net\/da\/wp-json\/wp\/v2\/media\/1755"}],"wp:attachment":[{"href":"https:\/\/www.hydraulic-cylinders.net\/da\/wp-json\/wp\/v2\/media?parent=1752"}],"wp:term":[{"taxonomy":"product_brand","embeddable":true,"href":"https:\/\/www.hydraulic-cylinders.net\/da\/wp-json\/wp\/v2\/product_brand?post=1752"},{"taxonomy":"product_cat","embeddable":true,"href":"https:\/\/www.hydraulic-cylinders.net\/da\/wp-json\/wp\/v2\/product_cat?post=1752"},{"taxonomy":"product_tag","embeddable":true,"href":"https:\/\/www.hydraulic-cylinders.net\/da\/wp-json\/wp\/v2\/product_tag?post=1752"}],"curies":[{"name":"wp","href":"https:\/\/api.w.org\/{rel}","templated":true}]}}