{"id":1758,"date":"2023-10-13T03:29:58","date_gmt":"2023-10-13T03:29:58","guid":{"rendered":"https:\/\/hydraulic-cylinders.net\/?post_type=product&#038;p=1758"},"modified":"2025-04-15T05:55:27","modified_gmt":"2025-04-15T05:55:27","slug":"cutter-suction-dredger-piling-cylinder","status":"publish","type":"product","link":"https:\/\/www.hydraulic-cylinders.net\/da\/vare\/cutter-suction-dredger-piling-cylinder\/","title":{"rendered":"Cutter Suction Dredger P\u00e6lecylinder"},"content":{"rendered":"<h1 style=\"text-align: center;\"><strong>Cutter Suction Dredger P\u00e6lecylinder<\/strong><\/h1>\n<p><img loading=\"lazy\" decoding=\"async\" class=\"aligncenter wp-image-1759\" src=\"https:\/\/hydraulic-cylinders.net\/wp-content\/uploads\/2023\/10\/cutter-suction-dredger-piling-cylinder-1-300x300.webp\" alt=\"\" width=\"400\" height=\"400\" \/><\/p>\n<p>Cylinderen til opmudringsfart\u00f8jets p\u00e6le er en kraftfuld og alsidig hydraulisk enhed, der er specielt designet til marinebyggeriprojekter. Med sin robuste konstruktion og h\u00f8jtydende egenskaber er denne p\u00e6le cylinder en n\u00f8glekomponent i moderne opmudringsoperationer.<\/p>\n<p>Cylinderen til opmudringsfart\u00f8jets p\u00e6le er en p\u00e5lidelig og alsidig hydraulisk enhed, der forbedrer maritime byggeprojekter betydeligt. Med sin robuste konstruktion, justerbare slagl\u00e6ngde og kraftfulde hydrauliske system leverer den pr\u00e6cise og effektive p\u00e6leoperationer. Ved at f\u00f8lge korrekte brugsmetoder og udf\u00f8re regelm\u00e6ssig vedligeholdelse kan brugerne maksimere levetiden og ydeevnen af \u200b\u200bdenne vigtige komponent til opmudringsfart\u00f8jer. Invester i cylinderen til opmudringsfart\u00f8jets p\u00e6le, og oplev forbedret produktivitet og pr\u00e6cision i dine maritime byggeprojekter.<\/p>\n<p>Cutter Suction Dredger Piling Cylinder N\u00f8gleegenskaber:<\/p>\n<ol>\n<li>Robust konstruktion: Cylinderen til opmudringsfart\u00f8jets p\u00e6le er bygget til at modst\u00e5 de kr\u00e6vende forhold i havmilj\u00f8er. Den er konstrueret af materialer af h\u00f8j kvalitet og udviser fremragende modstandsdygtighed over for korrosion, slid og st\u00f8d, hvilket sikrer langvarig holdbarhed.<\/li>\n<li>Hydraulisk kraft: Denne p\u00e6lecylinder er udstyret med et h\u00f8jtydende hydraulisk system og leverer imponerende kraft og pr\u00e6cision. Den overf\u00f8rer effektivt hydraulisk energi til at drive p\u00e6leoperationen, hvilket resulterer i forbedret produktivitet og pr\u00e6cision.<\/li>\n<li>Justerbar slagl\u00e6ngde: P\u00e6lecylinderen giver fleksibiliteten til at justere slagl\u00e6ngden i henhold til projektets specifikke krav. Denne tilpasningsevne giver mulighed for pr\u00e6cis kontrol over p\u00e6ledybden og im\u00f8dekommer forskellige behov inden for maritim konstruktion.<\/li>\n<\/ol>\n<h2><strong>Parameter for cuttersugeopmudringsfart\u00f8js p\u00e6lecylinder:<\/strong><\/h2>\n<table border=\"1\" cellspacing=\"0\" cellpadding=\"0\">\n<tbody>\n<tr>\n<td>Produktnavn<\/td>\n<td>Cutter Suction Dredger Rejsecylinder<\/td>\n<\/tr>\n<tr>\n<td>Funktioner:<\/td>\n<td>Er det vigtigste ud\u00f8vende element i den bev\u00e6gelige mekanisme p\u00e5 sk\u00e6re-suge-dredgeren<\/td>\n<\/tr>\n<tr>\n<td>Borediameter:<\/td>\n<td>Op til 480 mm<\/td>\n<\/tr>\n<tr>\n<td>Stangdiameter:<\/td>\n<td>Op til 360 mm<br \/>\nSlagl\u00e6ngde op til 9400 mm<\/td>\n<\/tr>\n<tr>\n<td>Tryk:<\/td>\n<td>op til 32 MPa<\/td>\n<\/tr>\n<tr>\n<td>Trykkraft:<\/td>\n<td>Maksimum 2900 kN<\/td>\n<\/tr>\n<tr>\n<td>Anvendelser:<\/td>\n<td>Cutter Suction Dredger<\/td>\n<\/tr>\n<\/tbody>\n<\/table>\n<div><\/div>\n<div>\n<div class=\"txtboxL\">\n<div class=\"txtboxL\">\n<div class=\"txtboxL\">\n<div class=\"txtboxL\">\n<div class=\"txtboxL\">\n<div class=\"txtboxL\">\n<div class=\"txtboxL\">\n<div class=\"txtboxL\">Funktioner:<\/div>\n<div class=\"txtboxR\">Er det vigtigste ud\u00f8vende element i den bev\u00e6gelige mekanisme p\u00e5 sk\u00e6re-suge-dredgeren<\/div>\n<div class=\"txtboxL\">Specifikation:<\/div>\n<div class=\"txtboxR\">Borediameter: op til 480 mm<br \/>\nStangdiameter: op til 360 mm<br \/>\nSlagl\u00e6ngde op til 9400 mm<\/div>\n<div class=\"txtboxL\">Tryk:<\/div>\n<div class=\"txtboxR\">op til 32 MPa<\/div>\n<div class=\"txtboxL\">Trykkraft:<\/div>\n<div class=\"txtboxR\">Maksimum 2900 kN<\/div>\n<\/div>\n<\/div>\n<\/div>\n<\/div>\n<\/div>\n<\/div>\n<\/div>\n<\/div>\n<h2><strong>Anvendelse af Dredger Tank Cutter-Sugecylindre:<\/strong><\/h2>\n<p><img loading=\"lazy\" decoding=\"async\" class=\"alignnone wp-image-1757 size-full\" src=\"https:\/\/hydraulic-cylinders.net\/wp-content\/uploads\/2023\/10\/dredger-tank-cylinder-1.webp\" alt=\"\" width=\"600\" height=\"400\" srcset=\"https:\/\/hydraulic-cylinders.net\/wp-content\/uploads\/2023\/10\/dredger-tank-cylinder-1.webp 600w, https:\/\/hydraulic-cylinders.net\/wp-content\/uploads\/2023\/10\/dredger-tank-cylinder-1-480x320.webp 480w\" sizes=\"(min-width: 0px) and (max-width: 480px) 480px, (min-width: 481px) 600px, 100vw\" \/><\/p>\n<h2><strong>Brugsmetode til cutter sugeopmudder cylinder<\/strong><strong>:<\/strong><\/h2>\n<ul>\n<li><strong>Forberedelse:<\/strong> F\u00f8r p\u00e5begyndelse af p\u00e6learbejdet skal alle sikkerhedsprotokoller f\u00f8lges. Inspicer p\u00e6lecylinderen, dens forbindelser og det hydrauliske system for tegn p\u00e5 skader eller l\u00e6kage. Bekr\u00e6ft, at den hydrauliske str\u00f8mkilde er tilsluttet korrekt og fungerer.<\/li>\n<li><strong>Positionering:<\/strong> Placer cylinderen til opmudringsfart\u00f8jets p\u00e6le p\u00e5 det \u00f8nskede sted til p\u00e6leudgravning. Juster den med m\u00e5lomr\u00e5det, og s\u00f8rg for korrekt stabilitet og st\u00f8tte.<\/li>\n<li><strong>Forbindelse:<\/strong> Tilslut p\u00e6lecylinderen til den hydrauliske str\u00f8mkilde ved hj\u00e6lp af kompatible fittings og slanger. Bekr\u00e6ft, at forbindelserne er sikre og l\u00e6kagefri.<\/li>\n<li><strong>Justering af slagl\u00e6ngde:<\/strong> Indstil den \u00f8nskede slagl\u00e6ngde p\u00e5 p\u00e6lecylinderen under hensyntagen til den dybde, der kr\u00e6ves til p\u00e6leoperationen. Juster slagl\u00e6ngden ved hj\u00e6lp af de medf\u00f8lgende betjeningselementer eller mekanismer i henhold til producentens anvisninger.<\/li>\n<li><strong>P\u00e6leoperation:<\/strong> Aktiver den hydrauliske kraftkilde for at starte p\u00e6leboringen. Cutter Suction Dredger-p\u00e6leboringscylinderen vil presse p\u00e6lene ned i havbunden eller flodlejet. Overv\u00e5g processen n\u00f8je, og s\u00f8rg for, at den \u00f8nskede dybde og n\u00f8jagtighed opn\u00e5s.<\/li>\n<\/ul>\n<h2><strong>Hvordan ompakker man en hydraulisk cylinder?<\/strong><\/h2>\n<p>Ompakning af en hydraulisk cylinder indeb\u00e6rer udskiftning af pakninger og andre komponenter for at genoprette dens funktionalitet og forhindre l\u00e6kager. Her er en generel vejledning i, hvordan man ompakker en hydraulisk cylinder:<\/p>\n<ol>\n<li><strong>Sikkerhedsforanstaltninger:<\/strong>\n<ul>\n<li>S\u00f8rg for, at det hydrauliske system er trykl\u00f8st, og at cylinderen er helt udstrakt.<\/li>\n<li>F\u00f8lg korrekte procedurer for l\u00e5sning\/m\u00e6rkning for at forhindre utilsigtet aktivering af systemet.<\/li>\n<\/ul>\n<\/li>\n<li><strong>Afmontering af cylinder:<\/strong>\n<ul>\n<li>Frakobl alle hydrauliske slanger eller fittings, der er forbundet til cylinderen.<\/li>\n<li>Fjern eventuelle fastholdelsesstifter eller bolte, der fastg\u00f8r cylinderen til udstyret.<\/li>\n<li>Skub eller man\u00f8vrer forsigtigt cylinderen ud af dens monteringsbeslag eller forbindelser.<\/li>\n<\/ul>\n<\/li>\n<li><strong>Demontering:<\/strong>\n<ul>\n<li>Placer cylinderen p\u00e5 en ren arbejdsflade.<\/li>\n<li>Fjern ended\u00e6kslet(erne) p\u00e5 cylinderen med passende v\u00e6rkt\u00f8j, s\u00e5som skruen\u00f8gler eller topn\u00f8gles\u00e6t.<\/li>\n<li>V\u00e6r opm\u00e6rksom p\u00e5 r\u00e6kkef\u00f8lgen og retningen af \u200b\u200bkomponenterne, n\u00e5r du adskiller dem.<\/li>\n<li>Fjern stemplet, stangen og pakningerne fra cylindercylinderen.<\/li>\n<\/ul>\n<\/li>\n<li><strong>Udskiftning af pakning:<\/strong>\n<ul>\n<li>Unders\u00f8g de gamle pakninger for skader eller slid, og udskift dem med nye af samme st\u00f8rrelse og type.<\/li>\n<li>Sm\u00f8r de nye pakninger med hydraulikolie, inden de monteres.<\/li>\n<li>S\u00e6t forsigtigt de nye pakninger i deres riller, og s\u00f8rg for, at de sidder korrekt.<\/li>\n<\/ul>\n<\/li>\n<li><strong>Komponentinspektion og reng\u00f8ring:<\/strong>\n<ul>\n<li>Unders\u00f8g stempel, stang og andre komponenter for tegn p\u00e5 skader eller slid.<\/li>\n<li>Reng\u00f8r alle dele grundigt med et egnet reng\u00f8ringsmiddel for at fjerne snavs, affald og rester af hydraulikv\u00e6ske.<\/li>\n<li>S\u00f8rg for, at alle overflader er t\u00f8rre, inden de samles igen.<\/li>\n<\/ul>\n<\/li>\n<li><strong>Genmontering:<\/strong>\n<ul>\n<li>Monter stemplet, stangen og pakningerne tilbage i cylinderl\u00f8bet i den korrekte r\u00e6kkef\u00f8lge og retning.<\/li>\n<li>P\u00e5f\u00f8r et tyndt lag hydraulikolie p\u00e5 pakningerne og andre kontaktflader.<\/li>\n<li>S\u00e6t forsigtigt endekappen\/-kapperne p\u00e5 igen, og sp\u00e6nd dem forsvarligt i henhold til producentens specifikationer.<\/li>\n<li>S\u00f8rg for, at alle gevindforbindelser er korrekt justeret og strammet.<\/li>\n<\/ul>\n<\/li>\n<li><strong>Genmontering af cylinder:<\/strong>\n<ul>\n<li>Skub eller man\u00f8vrer den genmonterede cylinder tilbage i dens monteringsbeslag eller forbindelser.<\/li>\n<li>S\u00e6t eventuelle fastholdelsesstifter eller bolte p\u00e5 igen for at fastg\u00f8re cylinderen p\u00e5 plads.<\/li>\n<li>Tilslut de hydrauliske slanger eller fittings til cylinderen igen, og s\u00f8rg for korrekt justering og t\u00e6thed.<\/li>\n<\/ul>\n<\/li>\n<li><strong>Test og inspektion:<\/strong>\n<ul>\n<li>Genopbyg trykket i det hydrauliske system, og kontroller for l\u00e6kager eller unormal drift.<\/li>\n<li>Tr\u00e6k cylinderen helt ud og ind for at sikre j\u00e6vn bev\u00e6gelse og korrekt funktion.<\/li>\n<li>Unders\u00f8g cylinderen og dens forbindelser for l\u00e6kager eller andre problemer.<\/li>\n<\/ul>\n<\/li>\n<\/ol>\n<h2><strong>Fabrikkens kapacitet og kapacitet:<\/strong><\/h2>\n<h3>(1) Samling<\/h3>\n<p>Vi har en f\u00f8rsteklasses uafh\u00e6ngig forsknings- og udviklingsplatform til montering. V\u00e6rkstedet for produktion af hydrauliske cylindre har fire halvautomatiske l\u00f8ftecylindermonteringslinjer og en automatisk vippecylindermonteringslinje med en designm\u00e6ssig \u00e5rlig produktionskapacitet p\u00e5 1 million enheder. Det specielle cylinderv\u00e6rksted er udstyret med forskellige specifikationer for et halvautomatisk reng\u00f8ringsmonteringssystem med en designm\u00e6ssig \u00e5rlig produktionskapacitet p\u00e5 200.000 og udstyret med ber\u00f8mt CNC-bearbejdningsudstyr, et bearbejdningscenter, et specialudstyr til h\u00f8jpr\u00e6cisionscylinderbearbejdning, en robotsvejsemaskine, en automatisk reng\u00f8ringsmaskine, en automatisk cylindermonteringsmaskine og en automatisk malingslinje. Eksisterende kritisk udstyr p\u00e5 mere end 300 s\u00e6t (s\u00e6t). Optimal allokering og effektiv udnyttelse af udstyrsressourcer sikrer produkternes n\u00f8jagtighedskrav og opfylder produkternes h\u00f8je kvalitetsbehov.<\/p>\n<p><img loading=\"lazy\" decoding=\"async\" class=\"alignnone wp-image-626\" src=\"https:\/\/hydraulic-cylinders.net\/wp-content\/uploads\/2023\/08\/hydraulic-cylinder-product-1-300x158.webp\" alt=\"\" width=\"495\" height=\"260\" srcset=\"https:\/\/hydraulic-cylinders.net\/wp-content\/uploads\/2023\/08\/hydraulic-cylinder-product-1-300x158.webp 495w, https:\/\/hydraulic-cylinders.net\/wp-content\/uploads\/2023\/08\/hydraulic-cylinder-product-1-480x252.webp 480w\" sizes=\"(min-width: 0px) and (max-width: 480px) 480px, (min-width: 481px) 495px, 100vw\" \/> <img loading=\"lazy\" decoding=\"async\" class=\"alignnone wp-image-627\" src=\"https:\/\/hydraulic-cylinders.net\/wp-content\/uploads\/2023\/08\/hydraulic-cylinder-product-2-300x189.webp\" alt=\"\" width=\"413\" height=\"260\" \/><\/p>\n<h3>(2) Maskinbearbejdning<\/h3>\n<p>Bearbejdningsv\u00e6rkstedet er udstyret med et specialfremstillet drejecenter til skr\u00e5 skinner, bearbejdningscenter, h\u00f8jhastigheds-honemaskine, svejserobot og andet relateret udstyr, der kan h\u00e5ndtere bearbejdning af cylinderr\u00f8r med en maksimal indre diameter p\u00e5 400 mm og en maksimal l\u00e6ngde p\u00e5 6 meter.<\/p>\n<p><img loading=\"lazy\" decoding=\"async\" class=\"alignnone wp-image-628 size-large\" src=\"https:\/\/hydraulic-cylinders.net\/wp-content\/uploads\/2023\/08\/hydraulic-cylinder-product-3-1024x391.webp\" alt=\"\" width=\"1024\" height=\"391\" srcset=\"https:\/\/hydraulic-cylinders.net\/wp-content\/uploads\/2023\/08\/hydraulic-cylinder-product-3-980x374.webp 980w, https:\/\/hydraulic-cylinders.net\/wp-content\/uploads\/2023\/08\/hydraulic-cylinder-product-3-480x183.webp 480w\" sizes=\"(min-width: 0px) and (max-width: 480px) 480px, (min-width: 481px) and (max-width: 980px) 980px, (min-width: 981px) 1024px, 100vw\" \/><\/p>\n<h3>(3) Svejsning<\/h3>\n<p><img loading=\"lazy\" decoding=\"async\" class=\"alignnone wp-image-629 size-large\" src=\"https:\/\/hydraulic-cylinders.net\/wp-content\/uploads\/2023\/08\/hydraulic-cylinder-product-4-1024x510.webp\" alt=\"\" width=\"1024\" height=\"510\" srcset=\"https:\/\/hydraulic-cylinders.net\/wp-content\/uploads\/2023\/08\/hydraulic-cylinder-product-4-980x488.webp 980w, https:\/\/hydraulic-cylinders.net\/wp-content\/uploads\/2023\/08\/hydraulic-cylinder-product-4-480x239.webp 480w\" sizes=\"(min-width: 0px) and (max-width: 480px) 480px, (min-width: 481px) and (max-width: 980px) 980px, (min-width: 981px) 1024px, 100vw\" \/><\/p>\n<h3>(4) Maling og overfladebehandling<\/h3>\n<p>Med sm\u00e5 og mellemstore cylindriske automatiske vandbaserede malingsbel\u00e6gningslinjer, for at opn\u00e5 automatisk robotp\u00e5fyldning og -afl\u00e6sning samt automatisk spr\u00f8jtning, er den designm\u00e6ssige kapacitet p\u00e5 4000 stykker pr. skift;<br \/>\nVi har ogs\u00e5 en halvautomatisk malingsproduktionslinje til store cylindre drevet af en kabelk\u00e6de med en designkapacitet p\u00e5 60 kasser pr. skift.<\/p>\n<p><img loading=\"lazy\" decoding=\"async\" class=\"alignnone wp-image-630\" src=\"https:\/\/hydraulic-cylinders.net\/wp-content\/uploads\/2023\/08\/hydraulic-cylinder-product-5-300x213.webp\" alt=\"\" width=\"366\" height=\"260\" \/> <img loading=\"lazy\" decoding=\"async\" class=\"alignnone wp-image-631\" src=\"https:\/\/hydraulic-cylinders.net\/wp-content\/uploads\/2023\/08\/hydraulic-cylinder-product-6-300x225.webp\" alt=\"\" width=\"347\" height=\"260\" \/><\/p>\n<h3>(5) Testning<\/h3>\n<p>Vi har f\u00f8rsteklasses inspektionsfaciliteter og testb\u00e6nke for at sikre, at cylinderens ydeevne opfylder kravene.<\/p>\n<p><img loading=\"lazy\" decoding=\"async\" class=\"alignnone wp-image-632\" src=\"https:\/\/hydraulic-cylinders.net\/wp-content\/uploads\/2023\/08\/hydraulic-cylinder-product-8-300x200.webp\" alt=\"\" width=\"389\" height=\"260\" \/><\/p>\n<p>&nbsp;<\/p>\n<p>&nbsp;<\/p>\n<p>Vi er en af \u200b\u200bde bedste producenter af hydrauliske cylindre. Vi kan tilbyde et omfattende udvalg af hydrauliske cylindre. Vi leverer ogs\u00e5 tilsvarende <a href=\"https:\/\/hzpt.com\/agricultural-pto-gearbox\/\" target=\"_blank\" rel=\"noopener\">landbrugsgearkasser<\/a>Vi har eksporteret vores produkter til kunder over hele verden og har opn\u00e5et et godt omd\u00f8mme p\u00e5 grund af vores overlegne produktkvalitet og eftersalgsservice. Vi byder kunder i ind- og udland velkommen til at kontakte os for at forhandle forretninger, udveksle information og <a href=\"https:\/\/www.hydraulic-cylinders.net\/da\/contact-us\/\">samarbejde med os<\/a>!<\/p>","protected":false},"excerpt":{"rendered":"<p>Cutter Suction Dredger Piling Cylinder The cutter suction dredger piling cylinder is a powerful and versatile hydraulic device designed specifically for marine construction projects. With its robust construction and high-performance capabilities, this piling cylinder is a key component in modern dredging operations. The cutter suction dredger piling cylinder is a reliable and versatile hydraulic device [&hellip;]<\/p>","protected":false},"featured_media":1760,"comment_status":"open","ping_status":"closed","template":"","meta":{"_et_pb_use_builder":"","_et_pb_old_content":"","_et_gb_content_width":""},"product_brand":[],"product_cat":[1535,1549,1552,1376],"product_tag":[1380],"class_list":{"0":"post-1758","1":"product","2":"type-product","3":"status-publish","4":"has-post-thumbnail","6":"product_cat-dredger-hydraulic-cylinders","7":"product_cat-single-acting-hydraulic-cylinder","8":"product_cat-stainless-steel-hydraulic-cylinder","9":"product_cat-hydraulic-cylinder","10":"product_tag-hydraulic-cylinder","12":"first","13":"instock","14":"shipping-taxable","15":"product-type-simple"},"amp_enabled":true,"_links":{"self":[{"href":"https:\/\/www.hydraulic-cylinders.net\/da\/wp-json\/wp\/v2\/product\/1758","targetHints":{"allow":["GET"]}}],"collection":[{"href":"https:\/\/www.hydraulic-cylinders.net\/da\/wp-json\/wp\/v2\/product"}],"about":[{"href":"https:\/\/www.hydraulic-cylinders.net\/da\/wp-json\/wp\/v2\/types\/product"}],"replies":[{"embeddable":true,"href":"https:\/\/www.hydraulic-cylinders.net\/da\/wp-json\/wp\/v2\/comments?post=1758"}],"wp:featuredmedia":[{"embeddable":true,"href":"https:\/\/www.hydraulic-cylinders.net\/da\/wp-json\/wp\/v2\/media\/1760"}],"wp:attachment":[{"href":"https:\/\/www.hydraulic-cylinders.net\/da\/wp-json\/wp\/v2\/media?parent=1758"}],"wp:term":[{"taxonomy":"product_brand","embeddable":true,"href":"https:\/\/www.hydraulic-cylinders.net\/da\/wp-json\/wp\/v2\/product_brand?post=1758"},{"taxonomy":"product_cat","embeddable":true,"href":"https:\/\/www.hydraulic-cylinders.net\/da\/wp-json\/wp\/v2\/product_cat?post=1758"},{"taxonomy":"product_tag","embeddable":true,"href":"https:\/\/www.hydraulic-cylinders.net\/da\/wp-json\/wp\/v2\/product_tag?post=1758"}],"curies":[{"name":"wp","href":"https:\/\/api.w.org\/{rel}","templated":true}]}}