{"id":17589,"date":"2025-03-18T06:09:41","date_gmt":"2025-03-18T06:09:41","guid":{"rendered":"https:\/\/www.hydraulic-cylinders.net\/?post_type=product&#038;p=17589"},"modified":"2025-04-11T01:44:55","modified_gmt":"2025-04-11T01:44:55","slug":"lift-hydraulic-cylinders-for-large-forklift","status":"publish","type":"product","link":"https:\/\/www.hydraulic-cylinders.net\/da\/vare\/lift-hydraulic-cylinders-for-large-forklift\/","title":{"rendered":"L\u00f8ft hydrauliske cylindre til stor gaffeltruck"},"content":{"rendered":"<h1 style=\"text-align: center;\"><strong>L\u00f8ft hydrauliske cylindre til stor gaffeltruck<\/strong><\/h1>\n<p>Hydrauliske l\u00f8ftecylindre er afg\u00f8rende komponenter i store gaffeltrucks, da de g\u00f8r det muligt for dem at udf\u00f8re essentielle l\u00f8fte- og s\u00e6nkefunktioner. Disse cylindre leverer den n\u00f8dvendige kraft til at h\u00e5ndtere tunge belastninger effektivt og sikrer problemfri drift i forskellige industrielle milj\u00f8er. Med robust design og h\u00f8j ydeevne forbedrer hydrauliske l\u00f8ftecylindre produktiviteten og sikkerheden i forbindelse med materialeh\u00e5ndtering.<\/p>\n<p>Investering i hydrauliske l\u00f8ftecylindre af h\u00f8j kvalitet til store gaffeltrucks forbedrer driftseffektiviteten og sikkerheden betydeligt. Ved at forst\u00e5 deres funktioner, korrekt brug og vedligeholdelseskrav kan f\u00f8rere sikre, at disse cylindre leverer ensartet ydeevne og levetid. Med de rigtige hydrauliske l\u00f8ftecylindre kan virksomheder optimere deres materialeh\u00e5ndteringsprocesser, hvilket f\u00f8rer til \u00f8get produktivitet og reduceret nedetid.<\/p>\n<h1 style=\"text-align: center;\"><img loading=\"lazy\" decoding=\"async\" class=\"alignnone wp-image-17590\" src=\"https:\/\/www.hydraulic-cylinders.net\/wp-content\/uploads\/2025\/03\/Lift-hydraulic-cylinders-for-large-forklift.jpg\" alt=\"\" width=\"500\" height=\"500\" srcset=\"https:\/\/www.hydraulic-cylinders.net\/wp-content\/uploads\/2025\/03\/Lift-hydraulic-cylinders-for-large-forklift.jpg 500w, https:\/\/www.hydraulic-cylinders.net\/wp-content\/uploads\/2025\/03\/Lift-hydraulic-cylinders-for-large-forklift-480x480.jpg 480w\" sizes=\"(min-width: 0px) and (max-width: 480px) 480px, (min-width: 481px) 500px, 100vw\" \/><\/h1>\n<p style=\"text-align: center;\"><strong>L\u00f8ft hydrauliske cylindre til stor gaffeltruck<\/strong><\/p>\n<h2><strong>Stor gaffeltruck hydraulisk cylinder serie:\u00a0<\/strong><\/h2>\n<h2><img loading=\"lazy\" decoding=\"async\" class=\"alignnone size-full wp-image-17582\" src=\"https:\/\/www.hydraulic-cylinders.net\/wp-content\/uploads\/2025\/03\/large-forklift-hydraulic-cylinder-construction.webp\" alt=\"\" width=\"1100\" height=\"615\" srcset=\"https:\/\/www.hydraulic-cylinders.net\/wp-content\/uploads\/2025\/03\/large-forklift-hydraulic-cylinder-construction.webp 1100w, https:\/\/www.hydraulic-cylinders.net\/wp-content\/uploads\/2025\/03\/large-forklift-hydraulic-cylinder-construction-980x548.webp 980w, https:\/\/www.hydraulic-cylinders.net\/wp-content\/uploads\/2025\/03\/large-forklift-hydraulic-cylinder-construction-480x268.webp 480w\" sizes=\"(min-width: 0px) and (max-width: 480px) 480px, (min-width: 481px) and (max-width: 980px) 980px, (min-width: 981px) 1100px, 100vw\" \/><\/h2>\n<h2><strong>L\u00f8ftehydrauliske cylindre til stor gaffeltruck til stor gaffeltruck <\/strong><strong>Tekniske specifikationer<\/strong><strong>:<\/strong><\/h2>\n<p><strong>Fungere:<\/strong> For at opn\u00e5 l\u00f8fte- og s\u00e6nkefunktionen p\u00e5 gantryen<br \/>\n<strong>Cylinderdiameter:<\/strong> 65 mm-190 mm<br \/>\n<strong>Stangdiameter:<\/strong> 50 mm-160 mm<br \/>\n<strong>Rejse:<\/strong> 100 mm-3490 mm<br \/>\n<strong>Maksimalt tryk:<\/strong> 21 MPa<br \/>\n<strong>Maksimal trykkraft:<\/strong> 596 kn<\/p>\n<h2><strong>N\u00f8glefunktioner ved hydrauliske l\u00f8ftecylindre til store gaffeltrucks<\/strong><strong>:<\/strong><\/h2>\n<ul>\n<li><strong>H\u00f8j lasteevne<\/strong>Disse hydrauliske l\u00f8ftecylindre er konstrueret til at b\u00e6re betydelige v\u00e6gte, hvilket g\u00f8r dem ideelle til tunge opgaver. Deres robuste design sikrer p\u00e5lidelig drift selv under ekstreme belastninger, hvilket g\u00f8r det muligt for gaffeltrucks at h\u00e5ndtere store paller og materialer med sikkerhed. Denne funktion forbedrer arbejdspladsens effektivitet betydeligt ved at minimere risikoen for driftsfejl under kr\u00e6vende opgaver.<\/li>\n<li><strong>Holdbar konstruktion<\/strong>Disse hydrauliske cylindre er fremstillet af materialer af h\u00f8j kvalitet og bygget til at modst\u00e5 barske arbejdsmilj\u00f8er. Deres modstandsdygtighed over for slid, korrosion og udmattelse forl\u00e6nger cylinderens levetid og reducerer behovet for hyppige udskiftninger. Denne holdbarhed resulterer i lavere vedligeholdelsesomkostninger og \u00f8get oppetid, hvilket g\u00f8r dem til en smart investering til enhver industriel drift.<\/li>\n<li><strong>Alsidige st\u00f8rrelser<\/strong>Disse hydrauliske l\u00f8ftecylindre f\u00e5s i en bred vifte af diametre og slagl\u00e6ngder og kan tilpasses de specifikke behov for forskellige gaffeltruckmodeller og anvendelser. Denne alsidighed sikrer, at de problemfrit kan integreres i forskellige systemer, hvilket giver fleksibilitet for virksomheder, der h\u00e5ndterer forskellige belastninger og materialer.<\/li>\n<li><strong>Effektiv ydeevne<\/strong>Disse hydrauliske cylindre er designet til optimal funktionalitet og muligg\u00f8r hurtige l\u00f8fte- og s\u00e6nkehandlinger. Denne effektivitet minimerer cyklustider, hvilket g\u00f8r det muligt for operat\u00f8rer at udf\u00f8re opgaver hurtigere og mere effektivt. Forbedret arbejdsgang \u00f8ger ikke kun produktiviteten, men forbedrer ogs\u00e5 gaffeltruckens samlede driftseffektivitet, hvilket g\u00f8r den til et vigtigt aktiv i materialeh\u00e5ndtering.<\/li>\n<li><strong>H\u00f8jtryksklassificeringer<\/strong>Disse cylindre kan arbejde ved forh\u00f8jet tryk og sikrer effektiv trykkraft og stabilitet under l\u00f8fteoperationer. Deres h\u00f8je trykklassificeringer muligg\u00f8r sikker h\u00e5ndtering af tunge belastninger uden at g\u00e5 p\u00e5 kompromis med ydeevnen. Denne p\u00e5lidelighed er afg\u00f8rende for at opretholde sikkerhedsstandarder p\u00e5 arbejdspladsen og giver operat\u00f8rerne ro i sindet, n\u00e5r de arbejder med tunge materialer.<\/li>\n<\/ul>\n<h2><strong>Brugsscenarier for hydrauliske l\u00f8ftecylindre til store gaffeltrucks:<\/strong><\/h2>\n<h3><strong>1. Lager og distribution<\/strong><\/h3>\n<p>P\u00e5 lagerbygninger er store gaffeltrucks udstyret med hydrauliske l\u00f8ftecylindre afg\u00f8rende for stabling og hentning af tunge paller. Disse cylindre muligg\u00f8r hurtig l\u00f8ft og s\u00e6nkning, hvilket giver operat\u00f8rerne mulighed for effektivt at styre lagerbeholdningen og optimere lagerpladsen. De letter hurtige l\u00e6sse- og losseprocesser, hvilket forbedrer den samlede produktivitet betydeligt.<\/p>\n<h3><strong>2. Byggepladser<\/strong><\/h3>\n<p>P\u00e5 byggepladser spiller hydrauliske l\u00f8ftecylindre en afg\u00f8rende rolle i flytningen af \u200b\u200btunge materialer s\u00e5som st\u00e5lbj\u00e6lker, betonblokke og udstyr. Deres h\u00f8je lastekapacitet g\u00f8r det muligt for gaffeltrucks at l\u00f8fte betydelige v\u00e6gte sikkert og sikre, at materialer leveres til de rigtige steder uden forsinkelse. Denne funktion forbedrer arbejdsgangen og underst\u00f8tter rettidig projektafslutning.<\/p>\n<h3><strong>3. Produktionsfaciliteter<\/strong><\/h3>\n<p>I produktionsmilj\u00f8er hj\u00e6lper store gaffeltrucks med hydrauliske l\u00f8ftecylindre med at transportere r\u00e5materialer og f\u00e6rdige produkter mellem forskellige omr\u00e5der af anl\u00e6gget. Disse cylindre muligg\u00f8r pr\u00e6cis lastpositionering, hvilket er afg\u00f8rende for samleb\u00e5nd og kvalitetskontrolprocesser. Deres effektive ydeevne reducerer cyklustider og \u00f8ger den samlede produktionseffektivitet.<\/p>\n<h3><strong>4. Genbrug og affaldsh\u00e5ndtering<\/strong><\/h3>\n<p>Hydrauliske l\u00f8ftecylindre er afg\u00f8rende i genbrugs- og affaldsh\u00e5ndteringsoperationer, hvor store gaffeltrucks bruges til at h\u00e5ndtere tunge beholdere og containere. Disse cylindre g\u00f8r det muligt for operat\u00f8rer at l\u00f8fte og man\u00f8vrere store affaldsmaterialer sikkert, hvilket str\u00f8mliner sorteringen og behandlingen af \u200b\u200bgenbrugsmaterialer. Denne effektivitet bidrager til et mere organiseret og effektivt affaldsh\u00e5ndteringssystem.<\/p>\n<h3><strong>5. Landbrug<\/strong><\/h3>\n<p>I landbrugssammenh\u00e6nge bruges store gaffeltrucks med hydrauliske l\u00f8ftecylindre til transport af tunge l\u00e6s s\u00e5som h\u00f8baller, foder og udstyr. Muligheden for nemt at l\u00f8fte og s\u00e6nke disse l\u00e6s g\u00f8r det muligt for landm\u00e6nd at styre deres drift mere effektivt, hvilket sikrer rettidige leverancer og effektiv udnyttelse af ressourcer.<\/p>\n<p>Leder du efter kraftige gaffeltruckcylindre? Se vores <a href=\"https:\/\/www.hydraulic-cylinders.net\/da\/forklift-hydraulic-cylinder\/\">Kraftige hydrauliske cylindre<\/a>.<\/p>\n<h2><strong>Produktionsomr\u00e5de for gaffeltruckcylinder:<\/strong><\/h2>\n<h2><img loading=\"lazy\" decoding=\"async\" class=\"alignnone size-full wp-image-16972\" src=\"https:\/\/www.hydraulic-cylinders.net\/wp-content\/uploads\/2025\/01\/hydraulic-cylinder-factory-1-scaled.webp\" sizes=\"(min-width: 0px) and (max-width: 480px) 480px, (min-width: 481px) and (max-width: 980px) 980px, (min-width: 981px) and (max-width: 1280px) 1280px, (min-width: 1281px) 2016px, 100vw\" srcset=\"https:\/\/www.hydraulic-cylinders.net\/wp-content\/uploads\/2025\/01\/hydraulic-cylinder-factory-1-scaled.webp 2016w, https:\/\/www.hydraulic-cylinders.net\/wp-content\/uploads\/2025\/01\/hydraulic-cylinder-factory-1-1280x1625.webp 1280w, https:\/\/www.hydraulic-cylinders.net\/wp-content\/uploads\/2025\/01\/hydraulic-cylinder-factory-1-980x1244.webp 980w, https:\/\/www.hydraulic-cylinders.net\/wp-content\/uploads\/2025\/01\/hydraulic-cylinder-factory-1-480x610.webp 480w\" alt=\"\" width=\"2016\" height=\"2560\" \/><\/h2>\n<p>Vi har en f\u00f8rsteklasses uafh\u00e6ngig R&amp;D-platform til montering. Gaffeltruckcylinderproduktionsv\u00e6rkstedet har fire halvautomatiske l\u00f8ftecylindermonteringslinjer og en fuldautomatisk vippecylindermonteringslinje med en designm\u00e6ssig \u00e5rlig produktionskapacitet p\u00e5 millioner af enheder. Specialcylinderv\u00e6rkstedet har halvautomatiske reng\u00f8rings- og monteringssystemer med forskellige specifikationer med en designm\u00e6ssig \u00e5rlig produktionskapacitet p\u00e5 200.000 enheder. Det er udstyret med CNC-bearbejdningsudstyr fra kendte m\u00e6rker, bearbejdningscentre, specialudstyr til h\u00f8jpr\u00e6cisionscylinderbearbejdning, robotsvejsemaskiner, automatiske reng\u00f8ringsmaskiner, automatiske cylindermonteringsmaskiner og automatiske malingsproduktionslinjer. Vi har mere end 300 s\u00e6t n\u00f8gleudstyr i drift. Den optimerede allokering og effektive udnyttelse af udstyrsressourcer sikrer pr\u00e6cisionskravene til produkterne og opfylder produkternes h\u00f8je kvalitetskrav.<\/p>\n<p>Bearbejdningsv\u00e6rkstedet er udstyret med specialfremstillede drejecentre til tilt-f\u00f8ringsskinne, bearbejdningscentre, h\u00f8jhastigheds-honemaskiner, svejserobotter og andet relevant udstyr, der kan h\u00e5ndtere bearbejdning af cylinderr\u00f8r med en maksimal inderdiameter p\u00e5 400 mm og en maksimal l\u00e6ngde p\u00e5 6 meter.<\/p>\n<h2><img loading=\"lazy\" decoding=\"async\" class=\"alignnone size-full wp-image-16973\" src=\"https:\/\/www.hydraulic-cylinders.net\/wp-content\/uploads\/2025\/01\/hydraulic-cylinder-factory-2-scaled.webp\" sizes=\"(min-width: 0px) and (max-width: 480px) 480px, (min-width: 481px) and (max-width: 980px) 980px, (min-width: 981px) and (max-width: 1280px) 1280px, (min-width: 1281px) 2011px, 100vw\" srcset=\"https:\/\/www.hydraulic-cylinders.net\/wp-content\/uploads\/2025\/01\/hydraulic-cylinder-factory-2-scaled.webp 2011w, https:\/\/www.hydraulic-cylinders.net\/wp-content\/uploads\/2025\/01\/hydraulic-cylinder-factory-2-1280x1629.webp 1280w, https:\/\/www.hydraulic-cylinders.net\/wp-content\/uploads\/2025\/01\/hydraulic-cylinder-factory-2-980x1248.webp 980w, https:\/\/www.hydraulic-cylinders.net\/wp-content\/uploads\/2025\/01\/hydraulic-cylinder-factory-2-480x611.webp 480w\" alt=\"\" width=\"2011\" height=\"2560\" \/><\/h2>\n<p>Vi har en fuldautomatisk vandbaseret malingslinje til sm\u00e5 og mellemstore cylindre, som realiserer automatisk p\u00e5- og afl\u00e6sning samt automatiske spr\u00f8jterobotter med en designkapacitet p\u00e5 4000 pladser pr. skift. Vi har en anden halvautomatisk malelinje til store cylindre, der drives af en kabelk\u00e6de, og den designm\u00e6ssige kapacitet er 60 kasser pr. skift.<\/p>\n<p>For yderligere at forbedre produkternes ydeevne og etablere vores hydrauliske cylindres f\u00f8rende position i branchen, har vores virksomhed og zjimee i f\u00e6llesskab etableret et omfattende ydeevnelaboratorium for hydrauliske cylindre, hydrauliske ventiler og hydrauliske pumper. Laboratoriet udf\u00f8rer computerassisteret test ved hj\u00e6lp af elektrohydraulisk teknologi, og testbetingelserne forudindstilles af en computer, hvilket forbedrer testn\u00f8jagtigheden og systemets alsidighed samt de eksperimentelle data.<\/p>\n<p>Den automatiske indsamling sker ved hj\u00e6lp af sensorer, og outputdataene, s\u00e5som intern l\u00e6kage og belastningseffektivitet for cylinderen eller ventilen, behandles direkte af computeren og konverteres til standardenheder (ml\/min%). Samtidig udf\u00f8res tilstandsoverv\u00e5gningsfunktionen for n\u00f8glepr\u00e6stationsparametre s\u00e5som \"olietemperaturoverv\u00e5gning, v\u00e6skeniveauoverv\u00e5gning, filterenhedsoverv\u00e5gning\" osv. for at sikre det hydrauliske systems driftssikkerhed. Blandt disse kan den hydrauliske cylinders teststand teste ydeevnen af \u200b\u200b\"belastningen\".<br \/>\neffektivitet \"og\" intern l\u00e6kage\" ved afl\u00e6sninger. Samtidig er den udstyret med et gitterlinealm\u00e5leinstrument, der opfylder kravene til alle testelementer af hydrauliske cylinderprodukter i henhold til den nationale standard.<\/p>\n<p>&nbsp;<\/p>","protected":false},"excerpt":{"rendered":"<p>Lift Hydraulic Cylinders For Large Forklift Lift hydraulic cylinders are crucial components in large forklifts, enabling them to perform essential lifting and lowering functions. These cylinders provide the necessary power to handle heavy loads efficiently, ensuring smooth operations in various industrial settings. With robust design and high performance, lift hydraulic cylinders enhance productivity and safety [&hellip;]<\/p>","protected":false},"featured_media":17591,"comment_status":"open","ping_status":"closed","template":"","meta":{"_et_pb_use_builder":"","_et_pb_old_content":"","_et_gb_content_width":""},"product_brand":[],"product_cat":[1484,1549],"product_tag":[],"class_list":{"0":"post-17589","1":"product","2":"type-product","3":"status-publish","4":"has-post-thumbnail","6":"product_cat-forklift-hydraulic-cylinders","7":"product_cat-single-acting-hydraulic-cylinder","9":"first","10":"instock","11":"shipping-taxable","12":"product-type-simple"},"amp_enabled":true,"_links":{"self":[{"href":"https:\/\/www.hydraulic-cylinders.net\/da\/wp-json\/wp\/v2\/product\/17589","targetHints":{"allow":["GET"]}}],"collection":[{"href":"https:\/\/www.hydraulic-cylinders.net\/da\/wp-json\/wp\/v2\/product"}],"about":[{"href":"https:\/\/www.hydraulic-cylinders.net\/da\/wp-json\/wp\/v2\/types\/product"}],"replies":[{"embeddable":true,"href":"https:\/\/www.hydraulic-cylinders.net\/da\/wp-json\/wp\/v2\/comments?post=17589"}],"wp:featuredmedia":[{"embeddable":true,"href":"https:\/\/www.hydraulic-cylinders.net\/da\/wp-json\/wp\/v2\/media\/17591"}],"wp:attachment":[{"href":"https:\/\/www.hydraulic-cylinders.net\/da\/wp-json\/wp\/v2\/media?parent=17589"}],"wp:term":[{"taxonomy":"product_brand","embeddable":true,"href":"https:\/\/www.hydraulic-cylinders.net\/da\/wp-json\/wp\/v2\/product_brand?post=17589"},{"taxonomy":"product_cat","embeddable":true,"href":"https:\/\/www.hydraulic-cylinders.net\/da\/wp-json\/wp\/v2\/product_cat?post=17589"},{"taxonomy":"product_tag","embeddable":true,"href":"https:\/\/www.hydraulic-cylinders.net\/da\/wp-json\/wp\/v2\/product_tag?post=17589"}],"curies":[{"name":"wp","href":"https:\/\/api.w.org\/{rel}","templated":true}]}}