{"id":17593,"date":"2025-03-18T06:19:55","date_gmt":"2025-03-18T06:19:55","guid":{"rendered":"https:\/\/www.hydraulic-cylinders.net\/?post_type=product&#038;p=17593"},"modified":"2025-04-11T03:15:26","modified_gmt":"2025-04-11T03:15:26","slug":"steering-hydraulic-cylinders-for-large-forklift","status":"publish","type":"product","link":"https:\/\/www.hydraulic-cylinders.net\/da\/vare\/steering-hydraulic-cylinders-for-large-forklift\/","title":{"rendered":"Styrehydrauliske cylindre til stor gaffeltruck"},"content":{"rendered":"<h1 style=\"text-align: center;\"><strong>Styrehydrauliske cylindre til stor gaffeltruck<\/strong><\/h1>\n<p>Styringshydrauliske cylindre er vitale komponenter i store gaffeltrucks, da de giver den n\u00f8dvendige kraft og pr\u00e6cision til styring. Disse cylindre muligg\u00f8r j\u00e6vn man\u00f8vrering, hvilket er afg\u00f8rende for at navigere i trange rum og udf\u00f8re komplekse opgaver. Ved at omdanne hydraulisk tryk til mekanisk kraft forbedrer styrehydrauliske cylindre den samlede effektivitet og sikkerhed ved gaffeltruckoperationer.<\/p>\n<p>Styrehydraulikcylindre er afg\u00f8rende for effektiv drift af store gaffeltrucks. Deres robuste design, effektivitet og tilpasningsevne g\u00f8r dem til en kritisk komponent i forskellige industrielle applikationer. Ved at forst\u00e5 deres funktioner, korrekte brugsmetoder og vedligeholdelseskrav kan f\u00f8rere maksimere deres gaffeltrucks ydeevne og sikkerhed og i sidste ende forbedre produktiviteten p\u00e5 arbejdspladsen. Investering i styrehydraulikcylindre af h\u00f8j kvalitet sikrer p\u00e5lidelig og pr\u00e6cis styring, hvilket er afg\u00f8rende for at navigere i udfordrende milj\u00f8er.<\/p>\n<h1 style=\"text-align: center;\"><img loading=\"lazy\" decoding=\"async\" class=\"alignnone wp-image-17590\" src=\"https:\/\/www.hydraulic-cylinders.net\/wp-content\/uploads\/2025\/03\/Lift-hydraulic-cylinders-for-large-forklift.jpg\" alt=\"\" width=\"500\" height=\"500\" srcset=\"https:\/\/www.hydraulic-cylinders.net\/wp-content\/uploads\/2025\/03\/Lift-hydraulic-cylinders-for-large-forklift.jpg 500w, https:\/\/www.hydraulic-cylinders.net\/wp-content\/uploads\/2025\/03\/Lift-hydraulic-cylinders-for-large-forklift-480x480.jpg 480w\" sizes=\"(min-width: 0px) and (max-width: 480px) 480px, (min-width: 481px) 500px, 100vw\" \/><\/h1>\n<p style=\"text-align: center;\"><strong>Styrehydrauliske cylindre til stor gaffeltruck<\/strong><\/p>\n<h2><strong>Styrehydrauliske cylindre til stor gaffeltruck <\/strong><strong>Tekniske specifikationer<\/strong><strong>:<\/strong><\/h2>\n<p><strong>Fungere:<\/strong> Implementer gaffeltruckens styreakselfunktion og aktiver gaffeltruckens d\u00e6kstyring<br \/>\n<strong>Cylinderdiameter:<\/strong> 80 mm-160 mm<br \/>\n<strong>Stangdiameter:<\/strong> 50 mm-110 mm<br \/>\n<strong>Rejse:<\/strong> 71 mm \u00d7 2 \u2013 235 mm \u00d7 2<br \/>\n<strong>Maksimalt tryk:<\/strong> 18 MPa<br \/>\n<strong>Maksimal trykkraft:<\/strong> 362 kn<\/p>\n<h2><strong>Stor gaffeltruck hydraulisk cylinder serie:\u00a0<\/strong><\/h2>\n<h2><img loading=\"lazy\" decoding=\"async\" class=\"alignnone size-full wp-image-17582\" src=\"https:\/\/www.hydraulic-cylinders.net\/wp-content\/uploads\/2025\/03\/large-forklift-hydraulic-cylinder-construction.webp\" alt=\"\" width=\"1100\" height=\"615\" srcset=\"https:\/\/www.hydraulic-cylinders.net\/wp-content\/uploads\/2025\/03\/large-forklift-hydraulic-cylinder-construction.webp 1100w, https:\/\/www.hydraulic-cylinders.net\/wp-content\/uploads\/2025\/03\/large-forklift-hydraulic-cylinder-construction-980x548.webp 980w, https:\/\/www.hydraulic-cylinders.net\/wp-content\/uploads\/2025\/03\/large-forklift-hydraulic-cylinder-construction-480x268.webp 480w\" sizes=\"(min-width: 0px) and (max-width: 480px) 480px, (min-width: 481px) and (max-width: 980px) 980px, (min-width: 981px) 1100px, 100vw\" \/><\/h2>\n<h2><strong>N\u00f8glefunktioner ved styring af hydrauliske cylindre til store gaffeltrucks<\/strong><strong>:<\/strong><\/h2>\n<ul>\n<li><strong>Robust konstruktion:<\/strong> Styrecylindre er fremstillet af st\u00e5l af h\u00f8j kvalitet og forst\u00e6rkede materialer, hvilket sikrer, at de kan modst\u00e5 de kr\u00e6vende forhold i tunge applikationer. Denne holdbarhed resulterer i langvarig ydeevne, hvilket reducerer behovet for hyppige udskiftninger og sparer p\u00e5 vedligeholdelsesomkostninger.<\/li>\n<li><strong>H\u00f8j effektivitet:<\/strong> Disse cylindre er konstrueret til hurtige og responsive styrebev\u00e6gelser. Dette design forbedrer f\u00f8rerens kontrol over gaffeltrucken og muligg\u00f8r pr\u00e6cise man\u00f8vrer. Uanset om man navigerer i trange rum eller udf\u00f8rer skarpe sving, kan f\u00f8rere stole p\u00e5, at det hydrauliske system reagerer \u00f8jeblikkeligt og forbedrer den samlede produktivitet.<\/li>\n<li><strong>Kompakt design:<\/strong> Den kompakte st\u00f8rrelse af de hydrauliske styrecylindre muligg\u00f8r nem installation p\u00e5 tv\u00e6rs af forskellige gaffeltruckmodeller. Denne funktion maksimerer pladseffektiviteten inden for gaffeltruckens design, hvilket g\u00f8r det muligt for producenter at optimere ydeevnen uden at g\u00e5 p\u00e5 kompromis med funktionaliteten. F\u00f8rere drager fordel af en str\u00f8mlinet ops\u00e6tning, der forbedrer smidigheden i trange milj\u00f8er.<\/li>\n<li><strong>Forseglet for beskyttelse:<\/strong> De forseglede hydrauliske systemer i disse cylindre yder afg\u00f8rende beskyttelse mod snavs og fugt. Denne forsegling hj\u00e6lper med at opretholde hydraulikv\u00e6skens integritet og sikrer ensartet ydeevne selv under udfordrende forhold. Ved at forhindre forurenende stoffer i at tr\u00e6nge ind i systemet reducerer disse cylindre slid og forl\u00e6nger dermed deres levetid.<\/li>\n<li><strong>Alsidig kompatibilitet:<\/strong> Styrehydrauliske cylindre er designet til at v\u00e6re kompatible med en bred vifte af gaffeltruckmodeller. Denne alsidighed g\u00f8r dem til et ideelt valg til vedligeholdelse og opgradering af fl\u00e5der, hvilket giver virksomheder mulighed for at standardisere dele p\u00e5 tv\u00e6rs af forskellige maskiner. Operat\u00f8rer kan nemt udskifte eller opgradere cylindre uden at bekymre sig om kompatibilitetsproblemer, hvilket str\u00f8mliner vedligeholdelsesprocesser.<\/li>\n<\/ul>\n<h2><strong>Brugsscenarier til styring af hydrauliske cylindre til store gaffeltrucks:<\/strong><\/h2>\n<p>Styrehydrauliske cylindre spiller en afg\u00f8rende rolle i at forbedre funktionaliteten og effektiviteten af \u200b\u200bstore gaffeltrucks p\u00e5 tv\u00e6rs af forskellige brancher. Her er nogle vigtige anvendelsesmuligheder:<\/p>\n<h4>1. <strong>Lagerdrift<\/strong><\/h4>\n<p>P\u00e5 lagerbygninger navigerer store gaffeltrucks udstyret med hydrauliske styrecylindre smalle gange og man\u00f8vrerer tunge paller. De pr\u00e6cise styrefunktioner g\u00f8r det muligt for operat\u00f8rer effektivt at stable og hente varer, hvilket optimerer pladsen og forbedrer lagerstyringen.<\/p>\n<h4>2. <strong>Byggepladser<\/strong><\/h4>\n<p>P\u00e5 byggepladser giver disse cylindre den n\u00f8dvendige kontrol til at flytte tunge materialer, s\u00e5som st\u00e5lbj\u00e6lker og betonblokke. Operat\u00f8rer kan nemt styre gaffeltrucken i trange rum, hvilket sikrer sikker og pr\u00e6cis placering af materialer, hvilket er afg\u00f8rende for projektets tidslinjer.<\/p>\n<h4>3. <strong>Produktionsfaciliteter<\/strong><\/h4>\n<p>I fremstillingsindustrien letter styring af hydrauliske cylindre transporten af \u200b\u200bdele og komponenter mellem forskellige produktionstrin. Den hurtige og responsive styring g\u00f8r det muligt for operat\u00f8rer at flytte varer effektivt, hvilket reducerer nedetid og forbedrer arbejdsgangen i hele anl\u00e6gget.<\/p>\n<h4>4. <strong>Landbrugsm\u00e6ssige anvendelser<\/strong><\/h4>\n<p>Store gaffeltrucks i landbruget bruger hydrauliske cylindre til at h\u00e5ndtere baller, kasser og andre landbrugsprodukter. Den forbedrede man\u00f8vredygtighed g\u00f8r det muligt for landm\u00e6nd at l\u00e6sse og losse materialer hurtigt, hvilket g\u00f8r driften mere effektiv i h\u00f8js\u00e6sonen.<\/p>\n<h4>5. <strong>Genbrug og affaldsh\u00e5ndtering<\/strong><\/h4>\n<p>P\u00e5 genbrugsanl\u00e6g hj\u00e6lper styrede hydrauliske cylindre gaffeltrucks med at transportere og stable genanvendelige materialer. Deres evne til at navigere gennem rodede milj\u00f8er sikrer, at driften forl\u00f8ber problemfrit, hvilket forbedrer sorteringsprocesserne og den samlede effektivitet.<\/p>\n<h3><span style=\"color: #666666; font-size: 14px;\">Leder du efter kraftige gaffeltruckcylindre? Se vores <\/span><a style=\"font-size: 14px;\" href=\"https:\/\/www.hydraulic-cylinders.net\/da\/forklift-hydraulic-cylinder\/\">Kraftige hydrauliske cylindre<\/a><span style=\"color: #666666; font-size: 14px;\">.<\/span><\/h3>\n<h2><strong>Produktionsomr\u00e5de for gaffeltruckcylinder:<\/strong><\/h2>\n<h2><img loading=\"lazy\" decoding=\"async\" class=\"alignnone size-full wp-image-16972\" src=\"https:\/\/www.hydraulic-cylinders.net\/wp-content\/uploads\/2025\/01\/hydraulic-cylinder-factory-1-scaled.webp\" sizes=\"(min-width: 0px) and (max-width: 480px) 480px, (min-width: 481px) and (max-width: 980px) 980px, (min-width: 981px) and (max-width: 1280px) 1280px, (min-width: 1281px) 2016px, 100vw\" srcset=\"https:\/\/www.hydraulic-cylinders.net\/wp-content\/uploads\/2025\/01\/hydraulic-cylinder-factory-1-scaled.webp 2016w, https:\/\/www.hydraulic-cylinders.net\/wp-content\/uploads\/2025\/01\/hydraulic-cylinder-factory-1-1280x1625.webp 1280w, https:\/\/www.hydraulic-cylinders.net\/wp-content\/uploads\/2025\/01\/hydraulic-cylinder-factory-1-980x1244.webp 980w, https:\/\/www.hydraulic-cylinders.net\/wp-content\/uploads\/2025\/01\/hydraulic-cylinder-factory-1-480x610.webp 480w\" alt=\"\" width=\"2016\" height=\"2560\" \/><\/h2>\n<p>Vi har en f\u00f8rsteklasses uafh\u00e6ngig R&amp;D-platform til montering. Gaffeltruckcylinderproduktionsv\u00e6rkstedet har fire halvautomatiske l\u00f8ftecylindermonteringslinjer og en fuldautomatisk vippecylindermonteringslinje med en designm\u00e6ssig \u00e5rlig produktionskapacitet p\u00e5 millioner af enheder. Specialcylinderv\u00e6rkstedet har halvautomatiske reng\u00f8rings- og monteringssystemer med forskellige specifikationer med en designm\u00e6ssig \u00e5rlig produktionskapacitet p\u00e5 200.000 enheder. Det er udstyret med CNC-bearbejdningsudstyr fra kendte m\u00e6rker, bearbejdningscentre, specialudstyr til h\u00f8jpr\u00e6cisionscylinderbearbejdning, robotsvejsemaskiner, automatiske reng\u00f8ringsmaskiner, automatiske cylindermonteringsmaskiner og automatiske malingsproduktionslinjer. Vi har mere end 300 s\u00e6t n\u00f8gleudstyr i drift. Den optimerede allokering og effektive udnyttelse af udstyrsressourcer sikrer pr\u00e6cisionskravene til produkterne og opfylder produkternes h\u00f8je kvalitetskrav.<\/p>\n<p>Bearbejdningsv\u00e6rkstedet er udstyret med specialfremstillede drejecentre til tilt-f\u00f8ringsskinne, bearbejdningscentre, h\u00f8jhastigheds-honemaskiner, svejserobotter og andet relevant udstyr, der kan h\u00e5ndtere bearbejdning af cylinderr\u00f8r med en maksimal inderdiameter p\u00e5 400 mm og en maksimal l\u00e6ngde p\u00e5 6 meter.<\/p>\n<h2><img loading=\"lazy\" decoding=\"async\" class=\"alignnone size-full wp-image-16973\" src=\"https:\/\/www.hydraulic-cylinders.net\/wp-content\/uploads\/2025\/01\/hydraulic-cylinder-factory-2-scaled.webp\" sizes=\"(min-width: 0px) and (max-width: 480px) 480px, (min-width: 481px) and (max-width: 980px) 980px, (min-width: 981px) and (max-width: 1280px) 1280px, (min-width: 1281px) 2011px, 100vw\" srcset=\"https:\/\/www.hydraulic-cylinders.net\/wp-content\/uploads\/2025\/01\/hydraulic-cylinder-factory-2-scaled.webp 2011w, https:\/\/www.hydraulic-cylinders.net\/wp-content\/uploads\/2025\/01\/hydraulic-cylinder-factory-2-1280x1629.webp 1280w, https:\/\/www.hydraulic-cylinders.net\/wp-content\/uploads\/2025\/01\/hydraulic-cylinder-factory-2-980x1248.webp 980w, https:\/\/www.hydraulic-cylinders.net\/wp-content\/uploads\/2025\/01\/hydraulic-cylinder-factory-2-480x611.webp 480w\" alt=\"\" width=\"2011\" height=\"2560\" \/><\/h2>\n<p>Vi har en fuldautomatisk vandbaseret malingslinje til sm\u00e5 og mellemstore cylindre, som realiserer automatisk p\u00e5- og afl\u00e6sning samt automatiske spr\u00f8jterobotter med en designkapacitet p\u00e5 4000 pladser pr. skift. Vi har en anden halvautomatisk malelinje til store cylindre, der drives af en kabelk\u00e6de, og den designm\u00e6ssige kapacitet er 60 kasser pr. skift.<\/p>\n<p>For yderligere at forbedre produkternes ydeevne og etablere vores hydrauliske cylindres f\u00f8rende position i branchen, har vores virksomhed og zjimee i f\u00e6llesskab etableret et omfattende ydeevnelaboratorium for hydrauliske cylindre, hydrauliske ventiler og hydrauliske pumper. Laboratoriet udf\u00f8rer computerassisteret test ved hj\u00e6lp af elektrohydraulisk teknologi, og testbetingelserne forudindstilles af en computer, hvilket forbedrer testn\u00f8jagtigheden og systemets alsidighed samt de eksperimentelle data.<\/p>\n<p>Den automatiske indsamling sker ved hj\u00e6lp af sensorer, og outputdataene, s\u00e5som intern l\u00e6kage og belastningseffektivitet for cylinderen eller ventilen, behandles direkte af computeren og konverteres til standardenheder (ml\/min%). Samtidig udf\u00f8res tilstandsoverv\u00e5gningsfunktionen for n\u00f8glepr\u00e6stationsparametre s\u00e5som \"olietemperaturoverv\u00e5gning, v\u00e6skeniveauoverv\u00e5gning, filterenhedsoverv\u00e5gning\" osv. for at sikre det hydrauliske systems driftssikkerhed. Blandt disse kan den hydrauliske cylinders teststand teste ydeevnen af \u200b\u200b\"belastningen\".<br \/>\neffektivitet \"og\" intern l\u00e6kage\" ved afl\u00e6sninger. Samtidig er den udstyret med et gitterlinealm\u00e5leinstrument, der opfylder kravene til alle testelementer af hydrauliske cylinderprodukter i henhold til den nationale standard.<\/p>\n<p>&nbsp;<\/p>","protected":false},"excerpt":{"rendered":"<p>Steering Hydraulic Cylinders For Large Forklift Steering hydraulic cylinders are vital components in large forklifts, providing the necessary power and precision for steering control. These cylinders enable smooth maneuverability, essential for navigating tight spaces and performing complex tasks. By converting hydraulic pressure into mechanical force, steering hydraulic cylinders enhance the overall efficiency and safety of [&hellip;]<\/p>","protected":false},"featured_media":17595,"comment_status":"open","ping_status":"closed","template":"","meta":{"_et_pb_use_builder":"","_et_pb_old_content":"","_et_gb_content_width":""},"product_brand":[],"product_cat":[1484,1550],"product_tag":[],"class_list":{"0":"post-17593","1":"product","2":"type-product","3":"status-publish","4":"has-post-thumbnail","6":"product_cat-forklift-hydraulic-cylinders","7":"product_cat-double-acting-hydraulic-cylinder","9":"first","10":"instock","11":"shipping-taxable","12":"product-type-simple"},"amp_enabled":true,"_links":{"self":[{"href":"https:\/\/www.hydraulic-cylinders.net\/da\/wp-json\/wp\/v2\/product\/17593","targetHints":{"allow":["GET"]}}],"collection":[{"href":"https:\/\/www.hydraulic-cylinders.net\/da\/wp-json\/wp\/v2\/product"}],"about":[{"href":"https:\/\/www.hydraulic-cylinders.net\/da\/wp-json\/wp\/v2\/types\/product"}],"replies":[{"embeddable":true,"href":"https:\/\/www.hydraulic-cylinders.net\/da\/wp-json\/wp\/v2\/comments?post=17593"}],"wp:featuredmedia":[{"embeddable":true,"href":"https:\/\/www.hydraulic-cylinders.net\/da\/wp-json\/wp\/v2\/media\/17595"}],"wp:attachment":[{"href":"https:\/\/www.hydraulic-cylinders.net\/da\/wp-json\/wp\/v2\/media?parent=17593"}],"wp:term":[{"taxonomy":"product_brand","embeddable":true,"href":"https:\/\/www.hydraulic-cylinders.net\/da\/wp-json\/wp\/v2\/product_brand?post=17593"},{"taxonomy":"product_cat","embeddable":true,"href":"https:\/\/www.hydraulic-cylinders.net\/da\/wp-json\/wp\/v2\/product_cat?post=17593"},{"taxonomy":"product_tag","embeddable":true,"href":"https:\/\/www.hydraulic-cylinders.net\/da\/wp-json\/wp\/v2\/product_tag?post=17593"}],"curies":[{"name":"wp","href":"https:\/\/api.w.org\/{rel}","templated":true}]}}