{"id":17596,"date":"2025-03-18T06:28:26","date_gmt":"2025-03-18T06:28:26","guid":{"rendered":"https:\/\/www.hydraulic-cylinders.net\/?post_type=product&#038;p=17596"},"modified":"2025-04-11T01:44:52","modified_gmt":"2025-04-11T01:44:52","slug":"lifting-hydraulic-cylinders-storage-handling-vehicles","status":"publish","type":"product","link":"https:\/\/www.hydraulic-cylinders.net\/da\/vare\/lifting-hydraulic-cylinders-storage-handling-vehicles\/","title":{"rendered":"L\u00f8ft af hydrauliske cylindre til opbevaring og h\u00e5ndtering af k\u00f8ret\u00f8jer"},"content":{"rendered":"<h1 style=\"text-align: center;\"><strong>L\u00f8ft af hydrauliske cylindre til opbevaring og h\u00e5ndtering af k\u00f8ret\u00f8jer<\/strong><\/h1>\n<p>Hydrauliske l\u00f8ftecylindre er essentielle komponenter i opbevarings- og h\u00e5ndteringsk\u00f8ret\u00f8jer, der muligg\u00f8r effektiv l\u00f8ftning og s\u00e6nkning af tunge laster. Disse cylindre omdanner hydraulisk tryk til mekanisk kraft, hvilket giver den n\u00f8dvendige kraft til at udf\u00f8re en r\u00e6kke opgaver p\u00e5 lagre, distributionscentre og produktionsfaciliteter. Deres p\u00e5lidelighed og effektivitet g\u00f8r dem afg\u00f8rende for optimering af materialeh\u00e5ndteringsoperationer.<\/p>\n<p>L\u00f8ftehydrauliske cylindre er afg\u00f8rende for effektiv drift af opbevarings- og h\u00e5ndteringsk\u00f8ret\u00f8jer. Deres robuste konstruktion, h\u00f8je lasteevne og problemfri drift g\u00f8r dem uundv\u00e6rlige i forskellige industrielle anvendelser. Ved at forst\u00e5 deres funktioner, korrekte brugsmetoder og vedligeholdelseskrav kan operat\u00f8rer maksimere ydeevnen og sikkerheden af \u200b\u200bderes l\u00f8fteudstyr og i sidste ende forbedre produktiviteten i forbindelse med materialeh\u00e5ndteringsopgaver. Investering i l\u00f8ftehydrauliske cylindre af h\u00f8j kvalitet sikrer p\u00e5lidelig og effektiv drift, hvilket er afg\u00f8rende for succes i enhver virksomhed.<\/p>\n<h1 style=\"text-align: center;\"><img loading=\"lazy\" decoding=\"async\" class=\"alignnone wp-image-17598\" src=\"https:\/\/www.hydraulic-cylinders.net\/wp-content\/uploads\/2025\/03\/Lifting-hydraulic-cylinders-for-Storage-and-handling-vehicle.jpg\" alt=\"\" width=\"500\" height=\"500\" srcset=\"https:\/\/www.hydraulic-cylinders.net\/wp-content\/uploads\/2025\/03\/Lifting-hydraulic-cylinders-for-Storage-and-handling-vehicle.jpg 500w, https:\/\/www.hydraulic-cylinders.net\/wp-content\/uploads\/2025\/03\/Lifting-hydraulic-cylinders-for-Storage-and-handling-vehicle-480x480.jpg 480w\" sizes=\"(min-width: 0px) and (max-width: 480px) 480px, (min-width: 481px) 500px, 100vw\" \/><\/h1>\n<p style=\"text-align: center;\"><strong>L\u00f8ft af hydrauliske cylindre til opbevaring og h\u00e5ndtering af k\u00f8ret\u00f8jer<\/strong><\/p>\n<h2><strong>L\u00f8ft af hydrauliske cylindre til opbevaring og h\u00e5ndtering af k\u00f8ret\u00f8jer <\/strong><strong>Tekniske specifikationer<\/strong><strong>:<\/strong><\/h2>\n<p><strong>Fungere:<\/strong> Bruges til at opn\u00e5 samlet venstre og h\u00f8jre bev\u00e6gelse af gaflen<br \/>\n<strong>Cylinderdiameter:<\/strong> 70 mm-120 mm<br \/>\n<strong>Stangdiameter:<\/strong> 30 mm-60 mm<br \/>\n<strong>Rejse:<\/strong> 300 mm-1025 mm<br \/>\n<strong>Maksimalt tryk:<\/strong> 21 MPa<br \/>\n<strong>Maksimal trykkraft:<\/strong> 238 kn<\/p>\n<h2><strong>Opbevarings- og h\u00e5ndteringsk\u00f8ret\u00f8jer Hydraulisk cylinderserie:\u00a0<\/strong><\/h2>\n<h2><img loading=\"lazy\" decoding=\"async\" class=\"aligncenter wp-image-17600 size-full\" src=\"https:\/\/www.hydraulic-cylinders.net\/wp-content\/uploads\/2025\/03\/Storage-and-handling-vehicle-hydraulic-cylinders-construction.webp\" alt=\"\" width=\"640\" height=\"358\" srcset=\"https:\/\/www.hydraulic-cylinders.net\/wp-content\/uploads\/2025\/03\/Storage-and-handling-vehicle-hydraulic-cylinders-construction.webp 640w, https:\/\/www.hydraulic-cylinders.net\/wp-content\/uploads\/2025\/03\/Storage-and-handling-vehicle-hydraulic-cylinders-construction-480x269.webp 480w\" sizes=\"(min-width: 0px) and (max-width: 480px) 480px, (min-width: 481px) 640px, 100vw\" \/><\/h2>\n<h2><strong>N\u00f8glefunktioner ved l\u00f8ft af hydrauliske cylindre til opbevaring og h\u00e5ndtering af k\u00f8ret\u00f8jer<\/strong><strong>:<\/strong><\/h2>\n<ul>\n<li><strong>H\u00f8j lasteevne:<\/strong> Hydrauliske l\u00f8ftecylindre er konstrueret til at b\u00e6re betydelige v\u00e6gte, hvilket sikrer sikker og effektiv drift selv under de mest udfordrende forhold. Denne evne er afg\u00f8rende for effektiv flytning af store paller, containere og tungt udstyr, hvilket g\u00f8r dem uundv\u00e6rlige p\u00e5 lagre og distributionscentre. Ved at levere p\u00e5lidelig l\u00f8ftekraft forbedrer disse cylindre den samlede produktivitet og sikkerhed p\u00e5 jobbet.<\/li>\n<li><strong>Holdbar konstruktion:<\/strong> Hydrauliske l\u00f8ftecylindre er konstrueret af h\u00f8jstyrkematerialer og er designet til at modst\u00e5 h\u00e5rd brug og slid. Deres robuste konstruktion forl\u00e6nger ikke kun deres levetid, men reducerer ogs\u00e5 behovet for hyppige udskiftninger, hvilket g\u00f8r dem til en omkostningseffektiv l\u00f8sning for virksomheder, der er afh\u00e6ngige af tunge l\u00f8ft. Investering i holdbare cylindre betyder mindre nedetid og lavere vedligeholdelsesomkostninger, hvilket bidrager til en mere effektiv drift.<\/li>\n<li><strong>Glat betjening:<\/strong> Det hydrauliske system i disse cylindre leverer j\u00e6vne og ensartede l\u00f8ftebev\u00e6gelser, hvilket minimerer st\u00f8d og vibrationer betydeligt under drift. Denne j\u00e6vnhed forbedrer sikkerheden ved at give bedre laststabilitet, hvilket reducerer risikoen for ulykker eller skader p\u00e5 varer. Operat\u00f8rer kan stole p\u00e5, at disse cylindre udf\u00f8rer opgaver med pr\u00e6cision og sikrer, at laster h\u00e5ndteres sk\u00e5nsomt og effektivt.<\/li>\n<li><strong>Kompakt design:<\/strong> L\u00f8ftehydrauliske cylindre har et kompakt design, der muligg\u00f8r problemfri integration i forskellige typer opbevarings- og h\u00e5ndteringsk\u00f8ret\u00f8jer. Dette pladsbesparende design maksimerer k\u00f8ret\u00f8jets smidighed og g\u00f8r det muligt at navigere i trange rum med lethed. F\u00f8rere drager fordel af en str\u00f8mlinet ops\u00e6tning, der forbedrer den samlede effektivitet og giver mulighed for hurtigere reaktioner i travle milj\u00f8er.<\/li>\n<li><strong>Alsidige anvendelser:<\/strong> Disse hydrauliske cylindre er kompatible med en bred vifte af k\u00f8ret\u00f8jstyper, herunder gaffeltrucks, pallel\u00f8ftere og hydrauliske lifte. Denne alsidighed g\u00f8r dem velegnede til forskellige brancher, fra logistik og produktion til byggeri og landbrug. Deres evne til at tilpasse sig forskellige udstyrsbehov betyder, at virksomheder kan standardisere deres komponenter, forenkle vedligeholdelsen og forbedre driftseffektiviteten.<\/li>\n<\/ul>\n<h2><strong>Anvendelsesomr\u00e5der for l\u00f8ft af hydrauliske cylindre til opbevaring og h\u00e5ndtering af k\u00f8ret\u00f8jer<\/strong><strong>:<\/strong><\/h2>\n<p>Hydrauliske l\u00f8ftecylindre er en integreret del af effektiv drift af opbevarings- og h\u00e5ndteringsk\u00f8ret\u00f8jer. Deres evne til at l\u00f8fte og s\u00e6nke tunge laster j\u00e6vnt og sikkert g\u00f8r dem uundv\u00e6rlige i forskellige industrielle applikationer. Her er nogle vigtige anvendelsesmuligheder:<\/p>\n<h4>1. <strong>Lagerdrift<\/strong><\/h4>\n<p>P\u00e5 lagerbygninger er hydrauliske l\u00f8ftecylindre afg\u00f8rende for at flytte og stable paller. De g\u00f8r det muligt for gaffeltrucks og pallel\u00f8ftere at l\u00f8fte tunge laster til h\u00f8je hylder, hvilket optimerer den vertikale lagerplads og letter adgangen til lagerbeholdningen.<\/p>\n<h4>2. <strong>Lastning og losning<\/strong><\/h4>\n<p>Ved lastning eller losning af lastbiler leverer disse cylindre den n\u00f8dvendige kraft til effektivt at h\u00e6ve og s\u00e6nke gods. Denne funktion reducerer den tid, der bruges p\u00e5 disse opgaver, og minimerer risikoen for beskadigelse af gods.<\/p>\n<h4>3. <strong>Produktionsfaciliteter<\/strong><\/h4>\n<p>I produktionsmilj\u00f8er hj\u00e6lper l\u00f8ftecylindre med at transportere komponenter mellem forskellige produktionsfaser. De muligg\u00f8r pr\u00e6cis positionering af materialer, hvilket forbedrer arbejdsgangen og produktiviteten p\u00e5 samleb\u00e5nd.<\/p>\n<h4>4. <strong>Byggepladser<\/strong><\/h4>\n<p>P\u00e5 byggepladser er disse cylindre afg\u00f8rende for at l\u00f8fte tunge materialer s\u00e5som bj\u00e6lker, betonblokke og udstyr. De muligg\u00f8r pr\u00e6cis placering af laster, hvilket forbedrer sikkerheden og effektiviteten under byggeopgaver.<\/p>\n<h4>5. <strong>Bilindustrien<\/strong><\/h4>\n<p>Hydrauliske l\u00f8ftecylindre bruges i bilmonteringslinjer til at l\u00f8fte k\u00f8ret\u00f8jer eller komponenter under fremstilling og reparationer. Deres evne til at give stabil l\u00f8ftning g\u00f8r dem ideelle til opgaver, der kr\u00e6ver pr\u00e6cision.<\/p>\n<p>Leder du efter kraftige gaffeltruckcylindre? Se vores <a href=\"https:\/\/www.hydraulic-cylinders.net\/da\/forklift-hydraulic-cylinder\/\">Kraftige hydrauliske cylindre<\/a>.<\/p>\n<h2><strong>Produktionsomr\u00e5de for gaffeltruckcylinder:<\/strong><\/h2>\n<h2><img loading=\"lazy\" decoding=\"async\" class=\"alignnone size-full wp-image-16972\" src=\"https:\/\/www.hydraulic-cylinders.net\/wp-content\/uploads\/2025\/01\/hydraulic-cylinder-factory-1-scaled.webp\" sizes=\"(min-width: 0px) and (max-width: 480px) 480px, (min-width: 481px) and (max-width: 980px) 980px, (min-width: 981px) and (max-width: 1280px) 1280px, (min-width: 1281px) 2016px, 100vw\" srcset=\"https:\/\/www.hydraulic-cylinders.net\/wp-content\/uploads\/2025\/01\/hydraulic-cylinder-factory-1-scaled.webp 2016w, https:\/\/www.hydraulic-cylinders.net\/wp-content\/uploads\/2025\/01\/hydraulic-cylinder-factory-1-1280x1625.webp 1280w, https:\/\/www.hydraulic-cylinders.net\/wp-content\/uploads\/2025\/01\/hydraulic-cylinder-factory-1-980x1244.webp 980w, https:\/\/www.hydraulic-cylinders.net\/wp-content\/uploads\/2025\/01\/hydraulic-cylinder-factory-1-480x610.webp 480w\" alt=\"\" width=\"2016\" height=\"2560\" \/><\/h2>\n<p>Vi har en f\u00f8rsteklasses uafh\u00e6ngig R&amp;D-platform til montering. Gaffeltruckcylinderproduktionsv\u00e6rkstedet har fire halvautomatiske l\u00f8ftecylindermonteringslinjer og en fuldautomatisk vippecylindermonteringslinje med en designm\u00e6ssig \u00e5rlig produktionskapacitet p\u00e5 millioner af enheder. Specialcylinderv\u00e6rkstedet har halvautomatiske reng\u00f8rings- og monteringssystemer med forskellige specifikationer med en designm\u00e6ssig \u00e5rlig produktionskapacitet p\u00e5 200.000 enheder. Det er udstyret med CNC-bearbejdningsudstyr fra kendte m\u00e6rker, bearbejdningscentre, specialudstyr til h\u00f8jpr\u00e6cisionscylinderbearbejdning, robotsvejsemaskiner, automatiske reng\u00f8ringsmaskiner, automatiske cylindermonteringsmaskiner og automatiske malingsproduktionslinjer. Vi har mere end 300 s\u00e6t n\u00f8gleudstyr i drift. Den optimerede allokering og effektive udnyttelse af udstyrsressourcer sikrer pr\u00e6cisionskravene til produkterne og opfylder produkternes h\u00f8je kvalitetskrav.<\/p>\n<p>Bearbejdningsv\u00e6rkstedet er udstyret med specialfremstillede drejecentre til tilt-f\u00f8ringsskinne, bearbejdningscentre, h\u00f8jhastigheds-honemaskiner, svejserobotter og andet relevant udstyr, der kan h\u00e5ndtere bearbejdning af cylinderr\u00f8r med en maksimal inderdiameter p\u00e5 400 mm og en maksimal l\u00e6ngde p\u00e5 6 meter.<\/p>\n<h2><img loading=\"lazy\" decoding=\"async\" class=\"alignnone size-full wp-image-16973\" src=\"https:\/\/www.hydraulic-cylinders.net\/wp-content\/uploads\/2025\/01\/hydraulic-cylinder-factory-2-scaled.webp\" sizes=\"(min-width: 0px) and (max-width: 480px) 480px, (min-width: 481px) and (max-width: 980px) 980px, (min-width: 981px) and (max-width: 1280px) 1280px, (min-width: 1281px) 2011px, 100vw\" srcset=\"https:\/\/www.hydraulic-cylinders.net\/wp-content\/uploads\/2025\/01\/hydraulic-cylinder-factory-2-scaled.webp 2011w, https:\/\/www.hydraulic-cylinders.net\/wp-content\/uploads\/2025\/01\/hydraulic-cylinder-factory-2-1280x1629.webp 1280w, https:\/\/www.hydraulic-cylinders.net\/wp-content\/uploads\/2025\/01\/hydraulic-cylinder-factory-2-980x1248.webp 980w, https:\/\/www.hydraulic-cylinders.net\/wp-content\/uploads\/2025\/01\/hydraulic-cylinder-factory-2-480x611.webp 480w\" alt=\"\" width=\"2011\" height=\"2560\" \/><\/h2>\n<p>Vi har en fuldautomatisk vandbaseret malingslinje til sm\u00e5 og mellemstore cylindre, som realiserer automatisk p\u00e5- og afl\u00e6sning samt automatiske spr\u00f8jterobotter med en designkapacitet p\u00e5 4000 pladser pr. skift. Vi har en anden halvautomatisk malelinje til store cylindre, der drives af en kabelk\u00e6de, og den designm\u00e6ssige kapacitet er 60 kasser pr. skift.<\/p>\n<p>For yderligere at forbedre produkternes ydeevne og etablere vores hydrauliske cylindres f\u00f8rende position i branchen, har vores virksomhed og zjimee i f\u00e6llesskab etableret et omfattende ydeevnelaboratorium for hydrauliske cylindre, hydrauliske ventiler og hydrauliske pumper. Laboratoriet udf\u00f8rer computerassisteret test ved hj\u00e6lp af elektrohydraulisk teknologi, og testbetingelserne forudindstilles af en computer, hvilket forbedrer testn\u00f8jagtigheden og systemets alsidighed samt de eksperimentelle data.<\/p>\n<p>Den automatiske indsamling sker ved hj\u00e6lp af sensorer, og outputdataene, s\u00e5som intern l\u00e6kage og belastningseffektivitet for cylinderen eller ventilen, behandles direkte af computeren og konverteres til standardenheder (ml\/min%). Samtidig udf\u00f8res tilstandsoverv\u00e5gningsfunktionen for n\u00f8glepr\u00e6stationsparametre s\u00e5som \"olietemperaturoverv\u00e5gning, v\u00e6skeniveauoverv\u00e5gning, filterenhedsoverv\u00e5gning\" osv. for at sikre det hydrauliske systems driftssikkerhed. Blandt disse kan den hydrauliske cylinders teststand teste ydeevnen af \u200b\u200b\"belastningen\".<br \/>\neffektivitet \"og\" intern l\u00e6kage\" ved afl\u00e6sninger. Samtidig er den udstyret med et gitterlinealm\u00e5leinstrument, der opfylder kravene til alle testelementer af hydrauliske cylinderprodukter i henhold til den nationale standard.<\/p>\n<p>&nbsp;<\/p>","protected":false},"excerpt":{"rendered":"<p>Lifting Hydraulic Cylinders for Storage and Handling Vehicles Lifting hydraulic cylinders are essential components in storage and handling vehicles, enabling efficient lifting and lowering of heavy loads. These cylinders convert hydraulic pressure into mechanical force, providing the power necessary to perform a variety of tasks in warehouses, distribution centers, and manufacturing facilities. Their reliability and [&hellip;]<\/p>","protected":false},"featured_media":17599,"comment_status":"open","ping_status":"closed","template":"","meta":{"_et_pb_use_builder":"","_et_pb_old_content":"","_et_gb_content_width":""},"product_brand":[],"product_cat":[1484,1549],"product_tag":[],"class_list":{"0":"post-17596","1":"product","2":"type-product","3":"status-publish","4":"has-post-thumbnail","6":"product_cat-forklift-hydraulic-cylinders","7":"product_cat-single-acting-hydraulic-cylinder","9":"first","10":"instock","11":"shipping-taxable","12":"product-type-simple"},"amp_enabled":true,"_links":{"self":[{"href":"https:\/\/www.hydraulic-cylinders.net\/da\/wp-json\/wp\/v2\/product\/17596","targetHints":{"allow":["GET"]}}],"collection":[{"href":"https:\/\/www.hydraulic-cylinders.net\/da\/wp-json\/wp\/v2\/product"}],"about":[{"href":"https:\/\/www.hydraulic-cylinders.net\/da\/wp-json\/wp\/v2\/types\/product"}],"replies":[{"embeddable":true,"href":"https:\/\/www.hydraulic-cylinders.net\/da\/wp-json\/wp\/v2\/comments?post=17596"}],"wp:featuredmedia":[{"embeddable":true,"href":"https:\/\/www.hydraulic-cylinders.net\/da\/wp-json\/wp\/v2\/media\/17599"}],"wp:attachment":[{"href":"https:\/\/www.hydraulic-cylinders.net\/da\/wp-json\/wp\/v2\/media?parent=17596"}],"wp:term":[{"taxonomy":"product_brand","embeddable":true,"href":"https:\/\/www.hydraulic-cylinders.net\/da\/wp-json\/wp\/v2\/product_brand?post=17596"},{"taxonomy":"product_cat","embeddable":true,"href":"https:\/\/www.hydraulic-cylinders.net\/da\/wp-json\/wp\/v2\/product_cat?post=17596"},{"taxonomy":"product_tag","embeddable":true,"href":"https:\/\/www.hydraulic-cylinders.net\/da\/wp-json\/wp\/v2\/product_tag?post=17596"}],"curies":[{"name":"wp","href":"https:\/\/api.w.org\/{rel}","templated":true}]}}