{"id":1762,"date":"2023-10-13T06:07:06","date_gmt":"2023-10-13T06:07:06","guid":{"rendered":"https:\/\/hydraulic-cylinders.net\/?post_type=product&#038;p=1762"},"modified":"2025-04-15T05:55:04","modified_gmt":"2025-04-15T05:55:04","slug":"trailing-suction-dredger-heave-compensation-cylinder","status":"publish","type":"product","link":"https:\/\/www.hydraulic-cylinders.net\/da\/vare\/trailing-suction-dredger-heave-compensation-cylinder\/","title":{"rendered":"Sl\u00e6bepumpe-uddybningskompensationscylinder"},"content":{"rendered":"<h1 style=\"text-align: center;\"><strong> Sl\u00e6bepumpe-uddybningskompensationscylinder<\/strong><\/h1>\n<p><img loading=\"lazy\" decoding=\"async\" class=\"aligncenter wp-image-1766\" src=\"https:\/\/hydraulic-cylinders.net\/wp-content\/uploads\/2023\/10\/trailing-suction-dredger-heave-compensation-cylinder-1-300x300.webp\" alt=\"\" width=\"400\" height=\"400\" \/><\/p>\n<p>Sl\u00e6beopmudringsfart\u00f8jets hivkompensationscylinder er en banebrydende hydraulisk enhed, der har revolutioneret effektiviteten og virkningsfuldheden af \u200b\u200bopmudringsoperationer. Denne cylinder er designet til at give pr\u00e6cis hivkompensation og sikrer optimal opmudringsydelse, selv i udfordrende havmilj\u00f8er.<\/p>\n<p>Den bugserede sugeopmudringsfart\u00f8js hivkompensationscylinder er banebrydende inden for maritim opmudring. Dens kraftige kompensationskapacitet, robuste konstruktion og h\u00f8jpr\u00e6cisionskontrol bidrager til forbedret effektivitet og n\u00f8jagtighed i opmudringsoperationer. Ved at f\u00f8lge korrekte brugsmetoder og anvende en proaktiv vedligeholdelsestilgang kan maritime fagfolk maksimere ydeevnen og levetiden for denne exceptionelle hydrauliske enhed. Omfavn kraften i den bugserede sugeopmudringsfart\u00f8js hivkompensationscylinder, og oplev den forskel, den kan g\u00f8re i dine opmudringsprojekter.<\/p>\n<p>N\u00f8gleegenskaber for bugserende sugeopmudringsfart\u00f8js hivkompensationscylinder:<\/p>\n<ul>\n<li>Hivkompensationsfunktion: Den bugserede sugeopmudringsfart\u00f8js hivkompensationscylinder er specielt konstrueret til at modvirke virkningerne af fart\u00f8jets hiv under opmudringsoperationer. Den kompenserer effektivt for lodrette bev\u00e6gelser, hvilket muligg\u00f8r ensartet og pr\u00e6cis positionering af suger\u00f8ret.<\/li>\n<li>Robust konstruktion: Denne cylinder er bygget med holdbarhed i tankerne og er fremstillet af materialer af h\u00f8j kvalitet, der tilbyder enest\u00e5ende styrke og korrosionsbestandighed. Den kan modst\u00e5 barske maritime forhold, hvilket sikrer langvarig ydeevne og p\u00e5lidelighed.<\/li>\n<li>H\u00f8jpr\u00e6cisionsstyring: Cylinderens avancerede hydrauliske system muligg\u00f8r pr\u00e6cis kontrol over hivkompensationsprocessen. Det muligg\u00f8r hurtige justeringer, der sikrer, at suger\u00f8ret opretholder den \u00f8nskede dybde og position for effektiv opmudring.<\/li>\n<\/ul>\n<h2><strong>Parameter for kompensationscylinder til sl\u00e6beopmudringsfart\u00f8j:<\/strong><\/h2>\n<table border=\"1\" cellspacing=\"0\" cellpadding=\"0\">\n<tbody>\n<tr>\n<td>Produktnavn<\/td>\n<td>Sl\u00e6bepumpe-uddybningskompensationscylinder<\/td>\n<\/tr>\n<tr>\n<td>Funktioner:<\/td>\n<td>Kompenser den relative forskydning af sl\u00e6behovedet og skroget under arbejde<\/td>\n<\/tr>\n<tr>\n<td>Borediameter:<\/td>\n<td>Op til 400 mm<\/td>\n<\/tr>\n<tr>\n<td>Stangdiameter:<\/td>\n<td>Op til 360 mm<br \/>\nSlagl\u00e6ngde op til 4000 mm<\/td>\n<\/tr>\n<tr>\n<td>Tryk:<\/td>\n<td>op til 32 MPa<\/td>\n<\/tr>\n<tr>\n<td>Trykkraft:<\/td>\n<td>Maksimum 1600 kN<\/td>\n<\/tr>\n<tr>\n<td>Anvendelser:<\/td>\n<td>Sl\u00e6beopmudringsfart\u00f8j<\/td>\n<\/tr>\n<\/tbody>\n<\/table>\n<div><\/div>\n<div>\n<div class=\"txtboxL\">Funktioner:<\/div>\n<div class=\"txtboxR\">S\u00f8rg for tryk- og tr\u00e6kkraft til tilbagetr\u00e6kning og udfoldning af st\u00e5lp\u00e6len<\/div>\n<div class=\"txtboxL\">Specifikation:<\/div>\n<div class=\"txtboxR\">Borediameter: op til 620 mm<br \/>\nStangdiameter: op til 360 mm<br \/>\nSlagl\u00e6ngde op til 5200 mm<\/div>\n<div class=\"txtboxL\">Tryk:<\/div>\n<div class=\"txtboxR\">op til 32 MPa<\/div>\n<div class=\"txtboxL\">Trykkraft:<\/div>\n<div class=\"txtboxR\">Maksimum 7500 kN<\/div>\n<div class=\"txtboxL\">Tr\u00e6kkraft:<\/div>\n<div class=\"txtboxR\">Maksimum 5000KN<\/div>\n<\/div>\n<h2><strong>Anvendelse af Dredger Tank Cutter-Sugecylindre:<\/strong><\/h2>\n<p><img loading=\"lazy\" decoding=\"async\" class=\"alignnone wp-image-1757 size-full\" src=\"https:\/\/hydraulic-cylinders.net\/wp-content\/uploads\/2023\/10\/dredger-tank-cylinder-1.webp\" alt=\"\" width=\"600\" height=\"400\" srcset=\"https:\/\/hydraulic-cylinders.net\/wp-content\/uploads\/2023\/10\/dredger-tank-cylinder-1.webp 600w, https:\/\/hydraulic-cylinders.net\/wp-content\/uploads\/2023\/10\/dredger-tank-cylinder-1-480x320.webp 480w\" sizes=\"(min-width: 0px) and (max-width: 480px) 480px, (min-width: 481px) 600px, 100vw\" \/><\/p>\n<h2><strong>Brugsmetode til efterf\u00f8lgende sugeopmudder-l\u00f8ftekompensationscylinder<\/strong><strong>:<\/strong><\/h2>\n<ol>\n<li><strong>Forberedelse: <\/strong>Udf\u00f8r en grundig inspektion, f\u00f8r du bruger den sl\u00e6beopmudringsfart\u00f8js hivkompensationscylinder, for at sikre, at alle komponenter fungerer korrekt. Kontroller for tegn p\u00e5 skader, l\u00e6kager eller slidte pakninger.<\/li>\n<li><strong>Installation:<\/strong> Monter cylinderen sikkert p\u00e5 muddermaskinen eller relateret udstyr, og s\u00f8rg for stabilitet under drift. F\u00f8lg producentens retningslinjer for korrekt installation, herunder justering af hydrauliske forbindelser.<\/li>\n<li><strong>Integration af hydraulisk system:<\/strong> Tilslut cylinderen til den hydrauliske str\u00f8mkilde ved hj\u00e6lp af kompatible slanger eller fittings. Kontroller, at forbindelserne er t\u00e6tte, l\u00e6kagefri og korrekt justeret.<\/li>\n<li><strong>Kalibrering:<\/strong> Kalibrer hivkompensationssystemet i henhold til de specifikke opmudringskrav. Dette kan involvere justering af parametre som slagl\u00e6ngde, hastighed eller tryk. Se producentens instruktioner for pr\u00e6cise kalibreringsmetoder.<\/li>\n<li><strong>Operationel kontrol: <\/strong>Aktiver den hydrauliske kraftkilde for at starte hivkompensationsprocessen. Den bugserende sugeopmudringsfart\u00f8js hivkompensationscylinder reagerer automatisk p\u00e5 fart\u00f8jets hiv og opretholder den \u00f8nskede suger\u00f8rsposition for effektiv opmudring. Overv\u00e5g driften n\u00f8je for optimale resultater.<\/li>\n<\/ol>\n<h2><strong>Hvordan fungerer en dobbeltvirkende hydraulisk cylinder?<\/strong><\/h2>\n<p>En dobbeltvirkende hydraulisk cylinder er en type hydraulisk aktuator, der fungerer i begge retninger og leverer kraft og bev\u00e6gelse i b\u00e5de forl\u00e6ngelses- og tilbagetr\u00e6kningsbev\u00e6gelserne. Den best\u00e5r af en cylindrisk cylinder, et stempel, stempelst\u00e6nger, pakninger og porte til hydraulisk v\u00e6ske.<\/p>\n<p>Her er en trin-for-trin beskrivelse af, hvordan en dobbeltvirkende hydraulisk cylinder fungerer:<\/p>\n<ol>\n<li><strong>V\u00e6skeindtag:<\/strong> Den hydrauliske cylinder er forbundet til en hydraulisk kraftenhed eller pumpe, der leverer hydraulisk v\u00e6ske under tryk. V\u00e6sken er typisk en oliebaseret hydraulisk v\u00e6ske.<\/li>\n<li><strong>Forl\u00e6ngelseslag:<\/strong> N\u00e5r hydraulikv\u00e6ske tilf\u00f8res cylinderens stangendeport, kommer den ind i cylinderens cylinder bag stemplet. V\u00e6skens tryk skubber stemplet og den tilsluttede stempelstang udad, hvilket forl\u00e6nger cylinderen.<\/li>\n<li><strong>Tilbagetr\u00e6kningsslag:<\/strong> For at tr\u00e6kke cylinderen tilbage, tilf\u00f8res hydraulikv\u00e6ske til cylinderens \u00e5bning i kappens ende. V\u00e6sken kommer ind i cylinderen foran stemplet, hvor den ud\u00f8ver tryk og skubber stemplet og stempelstangen tilbage i cylinderen.<\/li>\n<li><strong>Forseglingsmekanisme:<\/strong> Den hydrauliske cylinder er udstyret med t\u00e6tninger, s\u00e5som stempelt\u00e6tninger og stangt\u00e6tninger, som forhindrer l\u00e6kage af hydraulisk v\u00e6ske. Disse t\u00e6tninger sikrer, at v\u00e6sken holdes inde i cylinderen, hvilket opretholder trykket og forhindrer krafttab.<\/li>\n<li><strong>Kontrolventiler:<\/strong> Kontrolventiler bruges til at styre retningen og str\u00f8mmen af \u200b\u200bhydraulisk v\u00e6ske. Disse ventiler leder v\u00e6sken til den passende port p\u00e5 cylinderen, hvilket muligg\u00f8r forl\u00e6ngelse eller tilbagetr\u00e6kning baseret p\u00e5 den \u00f8nskede bev\u00e6gelse.<\/li>\n<li><strong>Stempel- og stangdesign:<\/strong> Stempel og stempelstang er typisk forseglet fra hinanden for at sikre, at trykv\u00e6sken kun virker p\u00e5 den ene side af stemplet ad gangen. Dette design muligg\u00f8r separate forl\u00e6ngelses- og tilbagetr\u00e6kningsslag, hvilket giver tovejsbev\u00e6gelse.<\/li>\n<li><strong>Indl\u00e6s applikation:<\/strong> Stempelstangen p\u00e5 den hydrauliske cylinder er fastgjort til den last eller mekanisme, der kr\u00e6ver kraft eller bev\u00e6gelse. N\u00e5r den hydrauliske v\u00e6ske forl\u00e6nger eller tr\u00e6kker stemplet tilbage, overf\u00f8res den genererede kraft gennem stempelstangen til lasten, hvilket g\u00f8r det muligt for den at bev\u00e6ge sig eller ud\u00f8ve kraft.<\/li>\n<li><strong>Trykaflastning:<\/strong> For at styre hastigheden og kraften p\u00e5 den hydrauliske cylinder kan der anvendes trykaflastningsventiler eller flowreguleringsventiler i det hydrauliske system. Disse ventiler regulerer trykket og str\u00f8mmen af \u200b\u200bhydraulikv\u00e6ske, hvilket forhindrer overdreven trykopbygning og sikrer sikker drift.<\/li>\n<\/ol>\n<h2><strong>Fabrikkens kapacitet og kapacitet:<\/strong><\/h2>\n<h3>(1) Samling<\/h3>\n<p>Vi har en f\u00f8rsteklasses uafh\u00e6ngig forsknings- og udviklingsplatform til montering. V\u00e6rkstedet for produktion af hydrauliske cylindre har fire halvautomatiske l\u00f8ftecylindermonteringslinjer og en automatisk vippecylindermonteringslinje med en designm\u00e6ssig \u00e5rlig produktionskapacitet p\u00e5 1 million enheder. Det specielle cylinderv\u00e6rksted er udstyret med forskellige specifikationer for et halvautomatisk reng\u00f8ringsmonteringssystem med en designm\u00e6ssig \u00e5rlig produktionskapacitet p\u00e5 200.000 og udstyret med ber\u00f8mt CNC-bearbejdningsudstyr, et bearbejdningscenter, et specialudstyr til h\u00f8jpr\u00e6cisionscylinderbearbejdning, en robotsvejsemaskine, en automatisk reng\u00f8ringsmaskine, en automatisk cylindermonteringsmaskine og en automatisk malingslinje. Eksisterende kritisk udstyr p\u00e5 mere end 300 s\u00e6t (s\u00e6t). Optimal allokering og effektiv udnyttelse af udstyrsressourcer sikrer produkternes n\u00f8jagtighedskrav og opfylder produkternes h\u00f8je kvalitetsbehov.<\/p>\n<p><img loading=\"lazy\" decoding=\"async\" class=\"alignnone wp-image-626\" src=\"https:\/\/hydraulic-cylinders.net\/wp-content\/uploads\/2023\/08\/hydraulic-cylinder-product-1-300x158.webp\" alt=\"\" width=\"495\" height=\"260\" srcset=\"https:\/\/hydraulic-cylinders.net\/wp-content\/uploads\/2023\/08\/hydraulic-cylinder-product-1-300x158.webp 495w, https:\/\/hydraulic-cylinders.net\/wp-content\/uploads\/2023\/08\/hydraulic-cylinder-product-1-480x252.webp 480w\" sizes=\"(min-width: 0px) and (max-width: 480px) 480px, (min-width: 481px) 495px, 100vw\" \/> <img loading=\"lazy\" decoding=\"async\" class=\"alignnone wp-image-627\" src=\"https:\/\/hydraulic-cylinders.net\/wp-content\/uploads\/2023\/08\/hydraulic-cylinder-product-2-300x189.webp\" alt=\"\" width=\"413\" height=\"260\" \/><\/p>\n<h3>(2) Maskinbearbejdning<\/h3>\n<p>Bearbejdningsv\u00e6rkstedet er udstyret med et specialfremstillet drejecenter til skr\u00e5 skinner, bearbejdningscenter, h\u00f8jhastigheds-honemaskine, svejserobot og andet relateret udstyr, der kan h\u00e5ndtere bearbejdning af cylinderr\u00f8r med en maksimal indre diameter p\u00e5 400 mm og en maksimal l\u00e6ngde p\u00e5 6 meter.<\/p>\n<p><img loading=\"lazy\" decoding=\"async\" class=\"alignnone wp-image-628 size-large\" src=\"https:\/\/hydraulic-cylinders.net\/wp-content\/uploads\/2023\/08\/hydraulic-cylinder-product-3-1024x391.webp\" alt=\"\" width=\"1024\" height=\"391\" srcset=\"https:\/\/hydraulic-cylinders.net\/wp-content\/uploads\/2023\/08\/hydraulic-cylinder-product-3-980x374.webp 980w, https:\/\/hydraulic-cylinders.net\/wp-content\/uploads\/2023\/08\/hydraulic-cylinder-product-3-480x183.webp 480w\" sizes=\"(min-width: 0px) and (max-width: 480px) 480px, (min-width: 481px) and (max-width: 980px) 980px, (min-width: 981px) 1024px, 100vw\" \/><\/p>\n<h3>(3) Svejsning<\/h3>\n<p><img loading=\"lazy\" decoding=\"async\" class=\"alignnone wp-image-629 size-large\" src=\"https:\/\/hydraulic-cylinders.net\/wp-content\/uploads\/2023\/08\/hydraulic-cylinder-product-4-1024x510.webp\" alt=\"\" width=\"1024\" height=\"510\" srcset=\"https:\/\/hydraulic-cylinders.net\/wp-content\/uploads\/2023\/08\/hydraulic-cylinder-product-4-980x488.webp 980w, https:\/\/hydraulic-cylinders.net\/wp-content\/uploads\/2023\/08\/hydraulic-cylinder-product-4-480x239.webp 480w\" sizes=\"(min-width: 0px) and (max-width: 480px) 480px, (min-width: 481px) and (max-width: 980px) 980px, (min-width: 981px) 1024px, 100vw\" \/><\/p>\n<h3>(4) Maling og overfladebehandling<\/h3>\n<p>Med sm\u00e5 og mellemstore cylindriske automatiske vandbaserede malingsbel\u00e6gningslinjer, for at opn\u00e5 automatisk robotp\u00e5fyldning og -afl\u00e6sning samt automatisk spr\u00f8jtning, er den designm\u00e6ssige kapacitet p\u00e5 4000 stykker pr. skift;<br \/>\nVi har ogs\u00e5 en halvautomatisk malingsproduktionslinje til store cylindre drevet af en kabelk\u00e6de med en designkapacitet p\u00e5 60 kasser pr. skift.<\/p>\n<p><img loading=\"lazy\" decoding=\"async\" class=\"alignnone wp-image-630\" src=\"https:\/\/hydraulic-cylinders.net\/wp-content\/uploads\/2023\/08\/hydraulic-cylinder-product-5-300x213.webp\" alt=\"\" width=\"366\" height=\"260\" \/> <img loading=\"lazy\" decoding=\"async\" class=\"alignnone wp-image-631\" src=\"https:\/\/hydraulic-cylinders.net\/wp-content\/uploads\/2023\/08\/hydraulic-cylinder-product-6-300x225.webp\" alt=\"\" width=\"347\" height=\"260\" \/><\/p>\n<h3>(5) Testning<\/h3>\n<p>Vi har f\u00f8rsteklasses inspektionsfaciliteter og testb\u00e6nke for at sikre, at cylinderens ydeevne opfylder kravene.<\/p>\n<p><img loading=\"lazy\" decoding=\"async\" class=\"alignnone wp-image-632\" src=\"https:\/\/hydraulic-cylinders.net\/wp-content\/uploads\/2023\/08\/hydraulic-cylinder-product-8-300x200.webp\" alt=\"\" width=\"389\" height=\"260\" \/><\/p>\n<p>&nbsp;<\/p>\n<p>&nbsp;<\/p>\n<p>Vi er en af \u200b\u200bde bedste producenter af hydrauliske cylindre. Vi kan tilbyde et omfattende udvalg af hydrauliske cylindre. Vi leverer ogs\u00e5 tilsvarende <a href=\"https:\/\/hzpt.com\/agricultural-pto-gearbox\/\" target=\"_blank\" rel=\"noopener\">landbrugsgearkasser<\/a>Vi har eksporteret vores produkter til kunder over hele verden og har opn\u00e5et et godt omd\u00f8mme p\u00e5 grund af vores overlegne produktkvalitet og eftersalgsservice. Vi byder kunder i ind- og udland velkommen til at kontakte os for at forhandle forretninger, udveksle information og <a href=\"https:\/\/www.hydraulic-cylinders.net\/da\/contact-us\/\">samarbejde med os<\/a>!<\/p>","protected":false},"excerpt":{"rendered":"<p>Trailing Suction Dredger Heave Compensation Cylinder The trailing suction dredger heave compensation cylinder is a cutting-edge hydraulic device that has revolutionized the efficiency and effectiveness of dredging operations. Designed to provide precise heave compensation, this cylinder ensures optimal dredging performance even in challenging marine environments. The trailing suction dredger heave compensation cylinder is a game-changer [&hellip;]<\/p>","protected":false},"featured_media":1767,"comment_status":"open","ping_status":"closed","template":"","meta":{"_et_pb_use_builder":"","_et_pb_old_content":"","_et_gb_content_width":""},"product_brand":[],"product_cat":[1550,1535,1552,1376],"product_tag":[1380],"class_list":{"0":"post-1762","1":"product","2":"type-product","3":"status-publish","4":"has-post-thumbnail","6":"product_cat-double-acting-hydraulic-cylinder","7":"product_cat-dredger-hydraulic-cylinders","8":"product_cat-stainless-steel-hydraulic-cylinder","9":"product_cat-hydraulic-cylinder","10":"product_tag-hydraulic-cylinder","12":"first","13":"instock","14":"shipping-taxable","15":"product-type-simple"},"amp_enabled":true,"_links":{"self":[{"href":"https:\/\/www.hydraulic-cylinders.net\/da\/wp-json\/wp\/v2\/product\/1762","targetHints":{"allow":["GET"]}}],"collection":[{"href":"https:\/\/www.hydraulic-cylinders.net\/da\/wp-json\/wp\/v2\/product"}],"about":[{"href":"https:\/\/www.hydraulic-cylinders.net\/da\/wp-json\/wp\/v2\/types\/product"}],"replies":[{"embeddable":true,"href":"https:\/\/www.hydraulic-cylinders.net\/da\/wp-json\/wp\/v2\/comments?post=1762"}],"wp:featuredmedia":[{"embeddable":true,"href":"https:\/\/www.hydraulic-cylinders.net\/da\/wp-json\/wp\/v2\/media\/1767"}],"wp:attachment":[{"href":"https:\/\/www.hydraulic-cylinders.net\/da\/wp-json\/wp\/v2\/media?parent=1762"}],"wp:term":[{"taxonomy":"product_brand","embeddable":true,"href":"https:\/\/www.hydraulic-cylinders.net\/da\/wp-json\/wp\/v2\/product_brand?post=1762"},{"taxonomy":"product_cat","embeddable":true,"href":"https:\/\/www.hydraulic-cylinders.net\/da\/wp-json\/wp\/v2\/product_cat?post=1762"},{"taxonomy":"product_tag","embeddable":true,"href":"https:\/\/www.hydraulic-cylinders.net\/da\/wp-json\/wp\/v2\/product_tag?post=1762"}],"curies":[{"name":"wp","href":"https:\/\/api.w.org\/{rel}","templated":true}]}}