{"id":1778,"date":"2023-10-13T07:48:25","date_gmt":"2023-10-13T07:48:25","guid":{"rendered":"https:\/\/hydraulic-cylinders.net\/?post_type=product&#038;p=1778"},"modified":"2025-04-15T05:54:51","modified_gmt":"2025-04-15T05:54:51","slug":"barge-split-cylinder","status":"publish","type":"product","link":"https:\/\/www.hydraulic-cylinders.net\/da\/vare\/barge-split-cylinder\/","title":{"rendered":"Pram Split Cylinder"},"content":{"rendered":"<h1 style=\"text-align: center;\"><strong>Pram Split Cylinder<\/strong><\/h1>\n<h1 style=\"text-align: center;\"><img loading=\"lazy\" decoding=\"async\" class=\"alignnone size-medium wp-image-1782\" src=\"https:\/\/hydraulic-cylinders.net\/wp-content\/uploads\/2023\/10\/split-cylinder-1-0-300x300.webp\" alt=\"\" width=\"300\" height=\"300\" \/><\/h1>\n<p>Barge split cylinderen er et revolutionerende produkt designet til at optimere maritim drift, is\u00e6r inden for transport og h\u00e5ndtering af varer og materialer. Denne innovative hydrauliske cylinder tilbyder en r\u00e6kke funktioner og fordele, der forbedrer effektivitet, sikkerhed og produktivitet.<\/p>\n<p>Pram-splitcylinderen tilbyder en r\u00e6kke funktioner og fordele, der forbedrer effektivitet, sikkerhed og produktivitet i maritime operationer. Dens split-design, h\u00f8je lastekapacitet, pr\u00e6cise styring og p\u00e5lidelige hydrauliske system g\u00f8r den v\u00e6rdifuld til lasth\u00e5ndtering, opmudring og offshore-konstruktionsaktiviteter. Ved at f\u00f8lge de anbefalede brugsmetoder og vedligeholdelsespraksis kan operat\u00f8rer maksimere pram-splitcylinderens ydeevne og levetid, hvilket i sidste ende forbedrer effektiviteten og produktiviteten af \u200b\u200bmaritime operationer.<\/p>\n<p>N\u00f8gleegenskaber for splitcylinder til pram:<\/p>\n<ol>\n<li>Splitdesign for alsidighed:<\/li>\n<\/ol>\n<ul>\n<li>Pram-splitcylinderen har et unikt splitdesign, der muligg\u00f8r nem installation og afmontering.<\/li>\n<li>Dette design muligg\u00f8r hurtig og effektiv fastg\u00f8relse eller afmontering af cylinderen, hvilket sikrer fleksibilitet og tilpasningsevne til forskellige marineapplikationer.<\/li>\n<\/ul>\n<ol start=\"2\">\n<li>H\u00f8j lasteevne:<\/li>\n<\/ol>\n<ul>\n<li>Cylinderen har en robust konstruktion, der er i stand til at modst\u00e5 tunge belastninger og barske maritime forhold.<\/li>\n<li>Dens h\u00f8je lasteevne g\u00f8r den velegnet til marineoperationer, herunder godsh\u00e5ndtering, opmudring og offshore-byggeri.<\/li>\n<\/ul>\n<ol start=\"3\">\n<li>Pr\u00e6cis kontrol og positionering:<\/li>\n<\/ol>\n<ul>\n<li>Pram-splitcylinderen tilbyder pr\u00e6cis kontrol og positioneringsfunktioner, hvilket muligg\u00f8r pr\u00e6cis manipulation af laster eller materialer.<\/li>\n<li>Operat\u00f8rer kan opn\u00e5 j\u00e6vne og kontrollerede bev\u00e6gelser, hvilket sikrer pr\u00e6cis placering og justering under godsh\u00e5ndtering eller andre maritime operationer.<\/li>\n<\/ul>\n<ol start=\"4\">\n<li>P\u00e5lideligt hydraulisk system:<\/li>\n<\/ol>\n<ul>\n<li>Cylinderen er udstyret med et p\u00e5lideligt hydraulisk system, der sikrer ensartet ydeevne og j\u00e6vn drift.<\/li>\n<li>Det hydrauliske system leverer tilstr\u00e6kkelig kraft og kontrol, hvilket muligg\u00f8r problemfri og effektiv drift af cylinderen i kr\u00e6vende maritime milj\u00f8er.<\/li>\n<\/ul>\n<h2><strong>Parameter for splitcylinder til pram:<\/strong><\/h2>\n<table border=\"1\" cellspacing=\"0\" cellpadding=\"0\">\n<tbody>\n<tr>\n<td>Produktnavn<\/td>\n<td>Split pram Splitcylinder<\/td>\n<\/tr>\n<tr>\n<td>Funktioner:<\/td>\n<td>Lukket skrog<\/td>\n<\/tr>\n<tr>\n<td>Borediameter:<\/td>\n<td>Op til 550 mm<\/td>\n<\/tr>\n<tr>\n<td>Stangdiameter:<\/td>\n<td>Op til 280 mm<br \/>\nSlagl\u00e6ngde\u22641000 mm<\/td>\n<\/tr>\n<tr>\n<td>Tr\u00e6kkraft:<\/td>\n<td>Op til 6000 kN<\/td>\n<\/tr>\n<tr>\n<td>Tryk:<\/td>\n<td>Op til 38 MPa<\/td>\n<\/tr>\n<tr>\n<td>Anvendelser:<\/td>\n<td>Split pram<\/td>\n<\/tr>\n<\/tbody>\n<\/table>\n<div><\/div>\n<div>\n<div class=\"txtboxL\">\n<div class=\"txtboxL\">\n<div class=\"txtboxL\">\n<div class=\"txtboxL\">\n<div class=\"txtboxL\">Funktioner:<\/div>\n<div class=\"txtboxR\">Lukket skrog<\/div>\n<div class=\"txtboxL\">Specifikation:<\/div>\n<div class=\"txtboxR\">Borediameter: op til 550 mm<br \/>\nStangdiameter: op til 280 mm<br \/>\nSlagl\u00e6ngde\u22641000 mm<\/div>\n<div class=\"txtboxL\">Tr\u00e6kkraft:<\/div>\n<div class=\"txtboxR\">op til 6000 KN<\/div>\n<div class=\"txtboxL\">tryk:<\/div>\n<div class=\"txtboxR\">op til 38 MPa<\/div>\n<\/div>\n<\/div>\n<\/div>\n<\/div>\n<\/div>\n<h2><strong>Anvendelse af splitcylinder til pram:<\/strong><\/h2>\n<p><img loading=\"lazy\" decoding=\"async\" class=\"alignnone wp-image-1780 size-full\" src=\"https:\/\/hydraulic-cylinders.net\/wp-content\/uploads\/2023\/10\/split-barge-cylinder-1.webp\" alt=\"\" width=\"1418\" height=\"946\" srcset=\"https:\/\/hydraulic-cylinders.net\/wp-content\/uploads\/2023\/10\/split-barge-cylinder-1.webp 1418w, https:\/\/hydraulic-cylinders.net\/wp-content\/uploads\/2023\/10\/split-barge-cylinder-1-1280x854.webp 1280w, https:\/\/hydraulic-cylinders.net\/wp-content\/uploads\/2023\/10\/split-barge-cylinder-1-980x654.webp 980w, https:\/\/hydraulic-cylinders.net\/wp-content\/uploads\/2023\/10\/split-barge-cylinder-1-480x320.webp 480w\" sizes=\"(min-width: 0px) and (max-width: 480px) 480px, (min-width: 481px) and (max-width: 980px) 980px, (min-width: 981px) and (max-width: 1280px) 1280px, (min-width: 1281px) 1418px, 100vw\" \/><\/p>\n<h2><strong>Brugsmetode for pramsplitcylinder<\/strong><strong>:<\/strong><\/h2>\n<ol>\n<li><strong>Installation:<\/strong><\/li>\n<\/ol>\n<ul>\n<li>Start med at sikre et sikkert og stabilt fundament for prammen eller fart\u00f8jet.<\/li>\n<li>Placer pramsplitcylinderen p\u00e5 den \u00f8nskede placering p\u00e5 prammen, og s\u00f8rg for korrekt justering i forhold til den last eller det materiale, der skal h\u00e5ndteres.<\/li>\n<li>Fastg\u00f8r cylinderen forsvarligt med det passende monteringsudstyr, og f\u00f8lg producentens retningslinjer for momentspecifikationer.<\/li>\n<\/ul>\n<ol start=\"2\">\n<li><strong>Hydrauliske forbindelser:<\/strong><\/li>\n<\/ol>\n<ul>\n<li>Tilslut de hydrauliske slanger fra prammens system til prammens splitcylinder.<\/li>\n<li>S\u00f8rg for, at forbindelserne er t\u00e6tte og l\u00e6kagefri.<\/li>\n<li>Kontroll\u00e9r det hydrauliske systems tryk- og flowindstillinger for at sikre kompatibilitet med cylinderens krav.<\/li>\n<\/ul>\n<ol start=\"3\">\n<li><strong>Lasth\u00e5ndtering:<\/strong><\/li>\n<\/ol>\n<ul>\n<li>Aktiver prammens hydrauliske system, og betjen betjeningselementerne for at forl\u00e6nge eller tr\u00e6kke prammens splitcylinder ind efter behov.<\/li>\n<li>Brug de pr\u00e6cise kontrolfunktioner til at manipulere lasten eller materialet med pr\u00e6cision og effektivitet.<\/li>\n<li>Overv\u00e5g lasten under h\u00e5ndtering for at sikre sikker drift.<\/li>\n<\/ul>\n<h2><strong>Hvordan fjerner man en hydraulisk cylinder fra en stol?<\/strong><\/h2>\n<p>For at fjerne en hydraulisk cylinder fra en stol skal du bruge et par vigtige v\u00e6rkt\u00f8jer og f\u00f8lge disse trinvise instruktioner:<\/p>\n<ol>\n<li><strong>Saml de n\u00f8dvendige v\u00e6rkt\u00f8jer:<\/strong>\n<ul>\n<li>Justerbar skruen\u00f8gle eller r\u00f8rn\u00f8gle<\/li>\n<li>Gummihammer eller hammer<\/li>\n<li>Skruetr\u00e6kker (hvis n\u00f8dvendigt)<\/li>\n<\/ul>\n<\/li>\n<li><strong>Forbered arbejdsomr\u00e5det:<\/strong>\n<ul>\n<li>S\u00f8rg for at have et rent og godt oplyst omr\u00e5de at arbejde i.<\/li>\n<li>Placer et stykke kl\u00e6de eller et beskyttende lag p\u00e5 gulvet for at forhindre skader p\u00e5 stolen eller det omkringliggende omr\u00e5de.<\/li>\n<\/ul>\n<\/li>\n<li><strong>Find fastg\u00f8relsespunkterne:<\/strong>\n<ul>\n<li>Unders\u00f8g stolen for at identificere fastg\u00f8relsespunkterne for den hydrauliske cylinder. Disse er typisk placeret under stolens s\u00e6dedel.<\/li>\n<li>Se efter eventuelle d\u00e6ksler eller beskyttelsesh\u00e6tter, der kan skjule fastg\u00f8relsespunkterne.<\/li>\n<\/ul>\n<\/li>\n<li><strong>Fjern eventuelle d\u00e6ksler eller h\u00e6tter:<\/strong>\n<ul>\n<li>Hvis der er d\u00e6ksler eller h\u00e6tter over fastg\u00f8relsespunkterne, skal du bruge en skruetr\u00e6kker eller fingrene til at fjerne dem.<\/li>\n<li>L\u00e6g d\u00e6kslerne eller h\u00e6tterne til side et sikkert sted.<\/li>\n<\/ul>\n<\/li>\n<li><strong>L\u00f8sn fastholdelsesm\u00f8trikken:<\/strong>\n<ul>\n<li>Brug en justerbar n\u00f8gle eller r\u00f8rtang til at gribe fat i fastholdelsesm\u00f8trikken \u00f8verst p\u00e5 den hydrauliske cylinder.<\/li>\n<li>Drej skruen\u00f8glen mod uret for at l\u00f8sne m\u00f8trikken.<\/li>\n<li>Bem\u00e6rk at nogle stole kan have en fastholdelsesklips i stedet for en m\u00f8trik. I s\u00e5danne tilf\u00e6lde skal du muligvis fjerne klipsen med en tang eller en skruetr\u00e6kker.<\/li>\n<\/ul>\n<\/li>\n<li><strong>Fjern cylinderen fra stolebasen:<\/strong>\n<ul>\n<li>Efter at have l\u00f8snet fastholdelsesm\u00f8trikken, skal du holde godt fast i stoles\u00e6det med den ene h\u00e5nd for at stabilisere det.<\/li>\n<li>Med den anden h\u00e5nd skal du holde godt fast i den \u00f8verste del af den hydrauliske cylinder.<\/li>\n<li>P\u00e5f\u00f8r en opadg\u00e5ende kraft, mens du drejer og tr\u00e6kker i cylinderen for at adskille den fra stolebasen.<\/li>\n<li>Hvis cylinderen sidder fast, kan du banke forsigtigt p\u00e5 den med en gummihammer eller hammer for at l\u00f8sne den.<\/li>\n<\/ul>\n<\/li>\n<li><strong>Inspicer og reng\u00f8r:<\/strong>\n<ul>\n<li>N\u00e5r den hydrauliske cylinder er fjernet, skal den kontrolleres for tegn p\u00e5 skader eller slid.<\/li>\n<li>Reng\u00f8r cylinderen og stolebasen med en klud eller et mildt reng\u00f8ringsmiddel, hvis det er n\u00f8dvendigt.<\/li>\n<li>Kontroller fastg\u00f8relsespunkterne p\u00e5 stolen for at sikre, at de er rene og fri for snavs.<\/li>\n<\/ul>\n<\/li>\n<li><strong>Udskiftning eller vedligeholdelse:<\/strong>\n<ul>\n<li>Hvis du fjerner den hydrauliske cylinder i forbindelse med vedligeholdelse eller udskiftning, skal du f\u00f8lge producentens anvisninger for den specifikke stolemodel.<\/li>\n<li>Hvis cylinderen er beskadiget eller fungerer forkert, skal du kontakte producenten eller en specialist i stolereparation for at f\u00e5 en passende udskiftning.<\/li>\n<\/ul>\n<\/li>\n<\/ol>\n<h2><strong>Fabrikkens kapacitet og kapacitet:<\/strong><\/h2>\n<h3>(1) Samling<\/h3>\n<p>Vi har en f\u00f8rsteklasses uafh\u00e6ngig forsknings- og udviklingsplatform til montering. V\u00e6rkstedet for produktion af hydrauliske cylindre har fire halvautomatiske l\u00f8ftecylindermonteringslinjer og en automatisk vippecylindermonteringslinje med en designm\u00e6ssig \u00e5rlig produktionskapacitet p\u00e5 1 million enheder. Det specielle cylinderv\u00e6rksted er udstyret med forskellige specifikationer for et halvautomatisk reng\u00f8ringsmonteringssystem med en designm\u00e6ssig \u00e5rlig produktionskapacitet p\u00e5 200.000 og udstyret med ber\u00f8mt CNC-bearbejdningsudstyr, et bearbejdningscenter, et specialudstyr til h\u00f8jpr\u00e6cisionscylinderbearbejdning, en robotsvejsemaskine, en automatisk reng\u00f8ringsmaskine, en automatisk cylindermonteringsmaskine og en automatisk malingslinje. Eksisterende kritisk udstyr p\u00e5 mere end 300 s\u00e6t (s\u00e6t). Optimal allokering og effektiv udnyttelse af udstyrsressourcer sikrer produkternes n\u00f8jagtighedskrav og opfylder produkternes h\u00f8je kvalitetsbehov.<\/p>\n<p><img loading=\"lazy\" decoding=\"async\" class=\"alignnone wp-image-626\" src=\"https:\/\/hydraulic-cylinders.net\/wp-content\/uploads\/2023\/08\/hydraulic-cylinder-product-1-300x158.webp\" alt=\"\" width=\"495\" height=\"260\" srcset=\"https:\/\/hydraulic-cylinders.net\/wp-content\/uploads\/2023\/08\/hydraulic-cylinder-product-1-300x158.webp 495w, https:\/\/hydraulic-cylinders.net\/wp-content\/uploads\/2023\/08\/hydraulic-cylinder-product-1-480x252.webp 480w\" sizes=\"(min-width: 0px) and (max-width: 480px) 480px, (min-width: 481px) 495px, 100vw\" \/> <img loading=\"lazy\" decoding=\"async\" class=\"alignnone wp-image-627\" src=\"https:\/\/hydraulic-cylinders.net\/wp-content\/uploads\/2023\/08\/hydraulic-cylinder-product-2-300x189.webp\" alt=\"\" width=\"413\" height=\"260\" \/><\/p>\n<h3>(2) Maskinbearbejdning<\/h3>\n<p>Bearbejdningsv\u00e6rkstedet er udstyret med et specialfremstillet drejecenter til skr\u00e5 skinner, bearbejdningscenter, h\u00f8jhastigheds-honemaskine, svejserobot og andet relateret udstyr, der kan h\u00e5ndtere bearbejdning af cylinderr\u00f8r med en maksimal indre diameter p\u00e5 400 mm og en maksimal l\u00e6ngde p\u00e5 6 meter.<\/p>\n<p><img loading=\"lazy\" decoding=\"async\" class=\"alignnone wp-image-628 size-large\" src=\"https:\/\/hydraulic-cylinders.net\/wp-content\/uploads\/2023\/08\/hydraulic-cylinder-product-3-1024x391.webp\" alt=\"\" width=\"1024\" height=\"391\" srcset=\"https:\/\/hydraulic-cylinders.net\/wp-content\/uploads\/2023\/08\/hydraulic-cylinder-product-3-980x374.webp 980w, https:\/\/hydraulic-cylinders.net\/wp-content\/uploads\/2023\/08\/hydraulic-cylinder-product-3-480x183.webp 480w\" sizes=\"(min-width: 0px) and (max-width: 480px) 480px, (min-width: 481px) and (max-width: 980px) 980px, (min-width: 981px) 1024px, 100vw\" \/><\/p>\n<h3>(3) Svejsning<\/h3>\n<p><img loading=\"lazy\" decoding=\"async\" class=\"alignnone wp-image-629 size-large\" src=\"https:\/\/hydraulic-cylinders.net\/wp-content\/uploads\/2023\/08\/hydraulic-cylinder-product-4-1024x510.webp\" alt=\"\" width=\"1024\" height=\"510\" srcset=\"https:\/\/hydraulic-cylinders.net\/wp-content\/uploads\/2023\/08\/hydraulic-cylinder-product-4-980x488.webp 980w, https:\/\/hydraulic-cylinders.net\/wp-content\/uploads\/2023\/08\/hydraulic-cylinder-product-4-480x239.webp 480w\" sizes=\"(min-width: 0px) and (max-width: 480px) 480px, (min-width: 481px) and (max-width: 980px) 980px, (min-width: 981px) 1024px, 100vw\" \/><\/p>\n<h3>(4) Maling og overfladebehandling<\/h3>\n<p>Med sm\u00e5 og mellemstore cylindriske automatiske vandbaserede malingsbel\u00e6gningslinjer, for at opn\u00e5 automatisk robotp\u00e5fyldning og -afl\u00e6sning samt automatisk spr\u00f8jtning, er den designm\u00e6ssige kapacitet p\u00e5 4000 stykker pr. skift;<br \/>\nVi har ogs\u00e5 en halvautomatisk malingsproduktionslinje til store cylindre drevet af en kabelk\u00e6de med en designkapacitet p\u00e5 60 kasser pr. skift.<\/p>\n<p><img loading=\"lazy\" decoding=\"async\" class=\"alignnone wp-image-630\" src=\"https:\/\/hydraulic-cylinders.net\/wp-content\/uploads\/2023\/08\/hydraulic-cylinder-product-5-300x213.webp\" alt=\"\" width=\"366\" height=\"260\" \/> <img loading=\"lazy\" decoding=\"async\" class=\"alignnone wp-image-631\" src=\"https:\/\/hydraulic-cylinders.net\/wp-content\/uploads\/2023\/08\/hydraulic-cylinder-product-6-300x225.webp\" alt=\"\" width=\"347\" height=\"260\" \/><\/p>\n<h3>(5) Testning<\/h3>\n<p>Vi har f\u00f8rsteklasses inspektionsfaciliteter og testb\u00e6nke for at sikre, at cylinderens ydeevne opfylder kravene.<\/p>\n<p><img loading=\"lazy\" decoding=\"async\" class=\"alignnone wp-image-632\" src=\"https:\/\/hydraulic-cylinders.net\/wp-content\/uploads\/2023\/08\/hydraulic-cylinder-product-8-300x200.webp\" alt=\"\" width=\"389\" height=\"260\" \/><\/p>\n<p>&nbsp;<\/p>\n<p>&nbsp;<\/p>\n<p>Vi er en af \u200b\u200bde bedste producenter af hydrauliske cylindre. Vi kan tilbyde et omfattende udvalg af hydrauliske cylindre. Vi leverer ogs\u00e5 tilsvarende <a href=\"https:\/\/hzpt.com\/agricultural-pto-gearbox\/\" target=\"_blank\" rel=\"noopener\">landbrugsgearkasser<\/a>Vi har eksporteret vores produkter til kunder over hele verden og har opn\u00e5et et godt omd\u00f8mme p\u00e5 grund af vores overlegne produktkvalitet og eftersalgsservice. Vi byder kunder i ind- og udland velkommen til at kontakte os for at forhandle forretninger, udveksle information og <a href=\"https:\/\/www.hydraulic-cylinders.net\/da\/contact-us\/\">samarbejde med os<\/a>!<\/p>","protected":false},"excerpt":{"rendered":"<p>Barge Split Cylinder The barge split cylinder is a revolutionary product designed to optimize marine operations, particularly in transporting and handling goods and materials. This innovative hydraulic cylinder offers a range of features and benefits that enhance efficiency, safety, and productivity. The barge split cylinder offers a range of features and benefits that enhance efficiency, [&hellip;]<\/p>","protected":false},"featured_media":1783,"comment_status":"open","ping_status":"closed","template":"","meta":{"_et_pb_use_builder":"","_et_pb_old_content":"","_et_gb_content_width":""},"product_brand":[],"product_cat":[1550,1536,1552,1376],"product_tag":[1380],"class_list":{"0":"post-1778","1":"product","2":"type-product","3":"status-publish","4":"has-post-thumbnail","6":"product_cat-double-acting-hydraulic-cylinder","7":"product_cat-offshore-platform-hydraulic-cylinders","8":"product_cat-stainless-steel-hydraulic-cylinder","9":"product_cat-hydraulic-cylinder","10":"product_tag-hydraulic-cylinder","12":"first","13":"instock","14":"shipping-taxable","15":"product-type-simple"},"amp_enabled":true,"_links":{"self":[{"href":"https:\/\/www.hydraulic-cylinders.net\/da\/wp-json\/wp\/v2\/product\/1778","targetHints":{"allow":["GET"]}}],"collection":[{"href":"https:\/\/www.hydraulic-cylinders.net\/da\/wp-json\/wp\/v2\/product"}],"about":[{"href":"https:\/\/www.hydraulic-cylinders.net\/da\/wp-json\/wp\/v2\/types\/product"}],"replies":[{"embeddable":true,"href":"https:\/\/www.hydraulic-cylinders.net\/da\/wp-json\/wp\/v2\/comments?post=1778"}],"wp:featuredmedia":[{"embeddable":true,"href":"https:\/\/www.hydraulic-cylinders.net\/da\/wp-json\/wp\/v2\/media\/1783"}],"wp:attachment":[{"href":"https:\/\/www.hydraulic-cylinders.net\/da\/wp-json\/wp\/v2\/media?parent=1778"}],"wp:term":[{"taxonomy":"product_brand","embeddable":true,"href":"https:\/\/www.hydraulic-cylinders.net\/da\/wp-json\/wp\/v2\/product_brand?post=1778"},{"taxonomy":"product_cat","embeddable":true,"href":"https:\/\/www.hydraulic-cylinders.net\/da\/wp-json\/wp\/v2\/product_cat?post=1778"},{"taxonomy":"product_tag","embeddable":true,"href":"https:\/\/www.hydraulic-cylinders.net\/da\/wp-json\/wp\/v2\/product_tag?post=1778"}],"curies":[{"name":"wp","href":"https:\/\/api.w.org\/{rel}","templated":true}]}}