{"id":1785,"date":"2023-10-13T08:07:17","date_gmt":"2023-10-13T08:07:17","guid":{"rendered":"https:\/\/hydraulic-cylinders.net\/?post_type=product&#038;p=1785"},"modified":"2025-04-15T05:54:48","modified_gmt":"2025-04-15T05:54:48","slug":"jack-up-offshore-platform-lifting-cylinder","status":"publish","type":"product","link":"https:\/\/www.hydraulic-cylinders.net\/da\/vare\/jack-up-offshore-platform-lifting-cylinder\/","title":{"rendered":"L\u00f8ftecylinder til offshore platforme med jack-up"},"content":{"rendered":"<h1 style=\"text-align: center;\"><strong>L\u00f8ftecylinder til offshore platforme med jack-up<\/strong><\/h1>\n<h1 style=\"text-align: center;\"><img loading=\"lazy\" decoding=\"async\" class=\"alignnone wp-image-1786\" src=\"https:\/\/hydraulic-cylinders.net\/wp-content\/uploads\/2023\/10\/lifting-cylinder-1-2-300x300.webp\" alt=\"\" width=\"400\" height=\"400\" \/><\/h1>\n<p>L\u00f8ftecylinderen til offshore platforme med jack-up-funktion er et banebrydende hydraulisk system, der er specielt designet til offshore platforme. Det er afg\u00f8rende for at h\u00e6ve og stabilisere medier og sikre sikker og effektiv drift i udfordrende offshore-milj\u00f8er. Med sine avancerede funktioner og robuste konstruktion er denne l\u00f8ftecylinder den foretrukne l\u00f8sning til offshore-industrier verden over.<\/p>\n<p>L\u00f8ftecylinderen til offshore platforme med jack-up-funktion er et p\u00e5lideligt og effektivt hydraulisk system, der er designet til at h\u00e6ve og stabilisere offshore platforme. Dens robuste konstruktion, h\u00f8je lastekapacitet og justerbare h\u00f8jde sikrer sikker og problemfri drift i udfordrende offshore-milj\u00f8er. Ved at f\u00f8lge de anbefalede brugsmetoder og implementere regelm\u00e6ssig vedligeholdelsespraksis kan operat\u00f8rer maksimere levetiden og ydeevnen af \u200b\u200bdenne essentielle l\u00f8ftel\u00f8sning og dermed bidrage til succesen af \u200b\u200boffshore-projekter.<\/p>\n<p>N\u00f8gleegenskaber ved l\u00f8ftecylinder til offshore platforme med jack-up:<\/p>\n<ul>\n<li>Robust konstruktion: L\u00f8ftecylinderen er bygget til at modst\u00e5 de barske forhold i offshore-milj\u00f8er. Den er konstrueret af korrosionsbestandige materialer af h\u00f8j kvalitet og tilbyder enest\u00e5ende holdbarhed og lang levetid, hvilket minimerer vedligeholdelseskravene.<\/li>\n<li>H\u00f8j lasteevne: L\u00f8ftecylinderen kan prale af en imponerende lasteevne, der g\u00f8r det muligt at h\u00e5ndtere tunge belastninger med lethed. Den giver p\u00e5lidelig st\u00f8tte til hele platformen under h\u00e6vning, hvilket sikrer stabilitet og sikkerhed under drift.<\/li>\n<li>Hydraulisk kraft: L\u00f8ftecylinderen, der drives af et hydraulisk system, bruger den kraft, der genereres af trykv\u00e6sker, til at h\u00e6ve og s\u00e6nke platformen. Denne hydrauliske mekanisme giver pr\u00e6cis kontrol over l\u00f8fteprocessen og sikrer j\u00e6vne og kontrollerede bev\u00e6gelser.<\/li>\n<li>Justerbar h\u00f8jde: L\u00f8ftecylinderen til offshore platformen med jack-up-funktion muligg\u00f8r justerbar platformh\u00f8jde, der im\u00f8dekommer varierende vanddybder og havforhold. Denne tilpasningsevne sikrer optimal positionering af platformen, forbedrer stabiliteten og letter effektiv drift.<\/li>\n<\/ul>\n<h2><strong>Parameter for l\u00f8ftecylinder til offshore platform med jack-up:<\/strong><\/h2>\n<table border=\"1\" cellspacing=\"0\" cellpadding=\"0\">\n<tbody>\n<tr>\n<td>Produktnavn<\/td>\n<td>L\u00f8ftecylinder til offshore platforme med jack-up<\/td>\n<\/tr>\n<tr>\n<td>Funktioner:<\/td>\n<td>Udf\u00f8r l\u00f8ft og s\u00e6nkning af platformen ved at drive ringbj\u00e6lken<\/td>\n<\/tr>\n<tr>\n<td>Borediameter:<\/td>\n<td>Op til 700 mm<\/td>\n<\/tr>\n<tr>\n<td>Stangdiameter:<\/td>\n<td>Op til 420 mm<br \/>\nSlagl\u00e6ngde op til 2150 mm<\/td>\n<\/tr>\n<tr>\n<td>Tryk:<\/td>\n<td>op til 32 MPa<\/td>\n<\/tr>\n<tr>\n<td>Sensor:<\/td>\n<td>En ekstern forskydningssensor kan konfigureres til at opfylde behovene for vedligeholdelse og udskiftning af sensoren uden at skulle skille cylindrene ad.<\/td>\n<\/tr>\n<tr>\n<td>Anvendelser:<\/td>\n<td>Jack-up offshore platform<\/td>\n<\/tr>\n<\/tbody>\n<\/table>\n<div><\/div>\n<div>\n<div class=\"txtboxL\">\n<div class=\"txtboxL\">\n<div class=\"txtboxL\">\n<div class=\"txtboxL\">\n<div class=\"txtboxL\">\n<div class=\"txtboxL\">Funktioner:<\/div>\n<div class=\"txtboxR\">Udf\u00f8r l\u00f8ft og s\u00e6nkning af platformen ved at drive ringbj\u00e6lken<\/div>\n<div class=\"txtboxL\">Specifikation:<\/div>\n<div class=\"txtboxR\">Borediameter: op til 700 mm<br \/>\nStangdiameter: op til 420 mm<br \/>\nSlagl\u00e6ngde op til 2150 mm<\/div>\n<div class=\"txtboxL\">Tryk:<\/div>\n<div class=\"txtboxR\">op til 32 MPa<\/div>\n<div class=\"txtboxL\">Sensor:<\/div>\n<div class=\"txtboxR\">En ekstern forskydningssensor kan konfigureres til at opfylde behovene for vedligeholdelse og udskiftning af sensoren uden at skulle skille cylindrene ad.<\/div>\n<\/div>\n<\/div>\n<\/div>\n<\/div>\n<\/div>\n<\/div>\n<h2><strong>Anvendelse af cylinder til offshore platforme med jack-up-funktion:<\/strong><\/h2>\n<p><img loading=\"lazy\" decoding=\"async\" class=\"alignnone wp-image-1788 size-full\" src=\"https:\/\/hydraulic-cylinders.net\/wp-content\/uploads\/2023\/10\/jack-up-offshore-platform-cylinder-1.webp\" alt=\"\" width=\"1418\" height=\"946\" srcset=\"https:\/\/hydraulic-cylinders.net\/wp-content\/uploads\/2023\/10\/jack-up-offshore-platform-cylinder-1.webp 1418w, https:\/\/hydraulic-cylinders.net\/wp-content\/uploads\/2023\/10\/jack-up-offshore-platform-cylinder-1-1280x854.webp 1280w, https:\/\/hydraulic-cylinders.net\/wp-content\/uploads\/2023\/10\/jack-up-offshore-platform-cylinder-1-980x654.webp 980w, https:\/\/hydraulic-cylinders.net\/wp-content\/uploads\/2023\/10\/jack-up-offshore-platform-cylinder-1-480x320.webp 480w\" sizes=\"(min-width: 0px) and (max-width: 480px) 480px, (min-width: 481px) and (max-width: 980px) 980px, (min-width: 981px) and (max-width: 1280px) 1280px, (min-width: 1281px) 1418px, 100vw\" \/><\/p>\n<h2><strong>Brugsmetode til l\u00f8ftecylinder til offshore platforme med jack-up<\/strong><strong>:<\/strong><\/h2>\n<ol>\n<li>Forberedelse f\u00f8r l\u00f8ft: F\u00f8r l\u00f8fteprocessen p\u00e5begyndes, skal det sikres, at platformen er sikkert placeret, og at alle sikkerhedsforanstaltninger er p\u00e5 plads. Foretag en grundig inspektion af l\u00f8ftecylinderen og tilh\u00f8rende komponenter.<\/li>\n<li>Aktivering af hydraulisk system: Aktiver det hydrauliske system, og s\u00f8rg for korrekt trykniveau og v\u00e6sketilf\u00f8rsel. Dette vil give den n\u00f8dvendige kraft til l\u00f8ftecylinderen for at h\u00e6ve platformen.<\/li>\n<li>Kontrolleret elevation: Aktiver l\u00f8ftecylinderen, og brug de hydrauliske betjeningselementer til gradvist at h\u00e6ve platformen til den \u00f8nskede h\u00f8jde. Overv\u00e5g processen n\u00f8je, og s\u00f8rg for j\u00e6vne og kontrollerede bev\u00e6gelser.<\/li>\n<li>Stabilisering: N\u00e5r den \u00f8nskede h\u00f8jde er opn\u00e5et, aktiveres platformens stabiliseringsmekanisme, s\u00e5 platformen forbliver sikker og i vater under drift.<\/li>\n<\/ol>\n<h2><strong>Hvordan fjerner man hydrauliske cylinderstifter?<\/strong><\/h2>\n<p>Fjernelse af hydrauliske cylinderstifter kr\u00e6ver omhyggelig h\u00e5ndtering og overholdelse af sikkerhedsprocedurer. Her er en trinvis vejledning i, hvordan man fjerner hydrauliske cylinderstifter:<\/p>\n<ol>\n<li><strong>Forbered arbejdsomr\u00e5det:<\/strong> S\u00f8rg for et rent og godt oplyst arbejdsomr\u00e5de. Fjern eventuelle forhindringer omkring den hydrauliske cylinder for at give nem adgang til fjernelse af stiften.<\/li>\n<li><strong>Udl\u00f8s tryk:<\/strong> F\u00f8r du fors\u00f8ger at fjerne stifterne, skal du aflaste det hydrauliske tryk i systemet. Dette trin er afg\u00f8rende for at forhindre pludselig bev\u00e6gelse eller uventet frigivelse af lagret energi. F\u00f8lg producentens anvisninger for sikker trykaflastning af det hydrauliske system.<\/li>\n<li><strong>Identific\u00e9r pintyper:<\/strong> Hydrauliske cylinderstifter findes i forskellige typer, s\u00e5som gaffelstifter, splitter eller l\u00e5seringe. Identificer den specifikke type stift, der bruges i din hydrauliske cylinder, for at bestemme den passende afmonteringsmetode.<\/li>\n<li><strong>Saml v\u00e6rkt\u00f8jer:<\/strong> Afh\u00e6ngigt af stifttypen kan du have brug for specifikke v\u00e6rkt\u00f8jer til fjernelse. Almindelige v\u00e6rkt\u00f8jer inkluderer en hammer, dorn, tang eller et stiftfjerningsv\u00e6rkt\u00f8j designet til hydrauliske cylindre.<\/li>\n<li><strong>Fjern fastholdelsesudstyr:<\/strong> Hvis stiften er fastgjort med fastholdelsesdele, s\u00e5som splitter eller l\u00e5seringe, skal de forsigtigt fjernes med passende v\u00e6rkt\u00f8j. Pas p\u00e5 ikke at beskadige de omgivende komponenter.<\/li>\n<li><strong>P\u00e5f\u00f8r penetrerende olie (hvis n\u00f8dvendigt):<\/strong> Hvis stiften virker fastklemt eller ustabil, kan det hj\u00e6lpe med at l\u00f8sne rust eller snavs p\u00e5 grund af en penetrerende olie. Lad olien tr\u00e6nge ind i et par minutter for at g\u00f8re det nemmere at fjerne den.<\/li>\n<li><strong>Tryk p\u00e5 pinnen:<\/strong> Brug en hammer og en dorn eller et stiftfjerningsv\u00e6rkt\u00f8j til forsigtigt at banke p\u00e5 stiften fra den modsatte side af fastholdelsesbeslagene. Start med lette bank for at undg\u00e5 skader, og \u00f8g gradvist kraften om n\u00f8dvendigt. M\u00e5let er at l\u00f8sne stiften uden at for\u00e5rsage for stor kraft.<\/li>\n<li><strong>Vrik og tr\u00e6k:<\/strong> N\u00e5r stiften begynder at bev\u00e6ge sig, skal du vippe den frem og tilbage, mens du trykker udad for at fjerne den fra den hydrauliske cylinder. V\u00e6r t\u00e5lmodig, og undg\u00e5 at bruge for meget kraft, da dette kan f\u00f8re til skader eller personskade.<\/li>\n<li><strong>Unders\u00f8g stiften:<\/strong> Efter afmontering skal stiften kontrolleres for tegn p\u00e5 beskadigelse eller slid. Hvis stiften er beskadiget, skal den udskiftes med en ny, f\u00f8r den hydrauliske cylinder samles igen.<\/li>\n<li><strong>Reng\u00f8r og sm\u00f8r:<\/strong> Reng\u00f8r grundigt stiften og hullerne i den hydrauliske cylinder. Fjern eventuelt snavs, rust eller gammelt sm\u00f8remiddel. P\u00e5f\u00f8r et passende sm\u00f8remiddel p\u00e5 stiften f\u00f8r genmontering for at sikre problemfri drift.<\/li>\n<\/ol>\n<h2><strong>Fabrikkens kapacitet og kapacitet:<\/strong><\/h2>\n<h3>(1) Samling<\/h3>\n<p>Vi har en f\u00f8rsteklasses uafh\u00e6ngig forsknings- og udviklingsplatform til montering. V\u00e6rkstedet for produktion af hydrauliske cylindre har fire halvautomatiske l\u00f8ftecylindermonteringslinjer og en automatisk vippecylindermonteringslinje med en designm\u00e6ssig \u00e5rlig produktionskapacitet p\u00e5 1 million enheder. Det specielle cylinderv\u00e6rksted er udstyret med forskellige specifikationer for et halvautomatisk reng\u00f8ringsmonteringssystem med en designm\u00e6ssig \u00e5rlig produktionskapacitet p\u00e5 200.000 og udstyret med ber\u00f8mt CNC-bearbejdningsudstyr, et bearbejdningscenter, et specialudstyr til h\u00f8jpr\u00e6cisionscylinderbearbejdning, en robotsvejsemaskine, en automatisk reng\u00f8ringsmaskine, en automatisk cylindermonteringsmaskine og en automatisk malingslinje. Eksisterende kritisk udstyr p\u00e5 mere end 300 s\u00e6t (s\u00e6t). Optimal allokering og effektiv udnyttelse af udstyrsressourcer sikrer produkternes n\u00f8jagtighedskrav og opfylder produkternes h\u00f8je kvalitetsbehov.<\/p>\n<p><img loading=\"lazy\" decoding=\"async\" class=\"alignnone wp-image-626\" src=\"https:\/\/hydraulic-cylinders.net\/wp-content\/uploads\/2023\/08\/hydraulic-cylinder-product-1-300x158.webp\" alt=\"\" width=\"495\" height=\"260\" srcset=\"https:\/\/hydraulic-cylinders.net\/wp-content\/uploads\/2023\/08\/hydraulic-cylinder-product-1-300x158.webp 495w, https:\/\/hydraulic-cylinders.net\/wp-content\/uploads\/2023\/08\/hydraulic-cylinder-product-1-480x252.webp 480w\" sizes=\"(min-width: 0px) and (max-width: 480px) 480px, (min-width: 481px) 495px, 100vw\" \/> <img loading=\"lazy\" decoding=\"async\" class=\"alignnone wp-image-627\" src=\"https:\/\/hydraulic-cylinders.net\/wp-content\/uploads\/2023\/08\/hydraulic-cylinder-product-2-300x189.webp\" alt=\"\" width=\"413\" height=\"260\" \/><\/p>\n<h3>(2) Maskinbearbejdning<\/h3>\n<p>Bearbejdningsv\u00e6rkstedet er udstyret med et specialfremstillet drejecenter til skr\u00e5 skinner, bearbejdningscenter, h\u00f8jhastigheds-honemaskine, svejserobot og andet relateret udstyr, der kan h\u00e5ndtere bearbejdning af cylinderr\u00f8r med en maksimal indre diameter p\u00e5 400 mm og en maksimal l\u00e6ngde p\u00e5 6 meter.<\/p>\n<p><img loading=\"lazy\" decoding=\"async\" class=\"alignnone wp-image-628 size-large\" src=\"https:\/\/hydraulic-cylinders.net\/wp-content\/uploads\/2023\/08\/hydraulic-cylinder-product-3-1024x391.webp\" alt=\"\" width=\"1024\" height=\"391\" srcset=\"https:\/\/hydraulic-cylinders.net\/wp-content\/uploads\/2023\/08\/hydraulic-cylinder-product-3-980x374.webp 980w, https:\/\/hydraulic-cylinders.net\/wp-content\/uploads\/2023\/08\/hydraulic-cylinder-product-3-480x183.webp 480w\" sizes=\"(min-width: 0px) and (max-width: 480px) 480px, (min-width: 481px) and (max-width: 980px) 980px, (min-width: 981px) 1024px, 100vw\" \/><\/p>\n<h3>(3) Svejsning<\/h3>\n<p><img loading=\"lazy\" decoding=\"async\" class=\"alignnone wp-image-629 size-large\" src=\"https:\/\/hydraulic-cylinders.net\/wp-content\/uploads\/2023\/08\/hydraulic-cylinder-product-4-1024x510.webp\" alt=\"\" width=\"1024\" height=\"510\" srcset=\"https:\/\/hydraulic-cylinders.net\/wp-content\/uploads\/2023\/08\/hydraulic-cylinder-product-4-980x488.webp 980w, https:\/\/hydraulic-cylinders.net\/wp-content\/uploads\/2023\/08\/hydraulic-cylinder-product-4-480x239.webp 480w\" sizes=\"(min-width: 0px) and (max-width: 480px) 480px, (min-width: 481px) and (max-width: 980px) 980px, (min-width: 981px) 1024px, 100vw\" \/><\/p>\n<h3>(4) Maling og overfladebehandling<\/h3>\n<p>Med sm\u00e5 og mellemstore cylindriske automatiske vandbaserede malingsbel\u00e6gningslinjer, for at opn\u00e5 automatisk robotp\u00e5fyldning og -afl\u00e6sning samt automatisk spr\u00f8jtning, er den designm\u00e6ssige kapacitet p\u00e5 4000 stykker pr. skift;<br \/>\nVi har ogs\u00e5 en halvautomatisk malingsproduktionslinje til store cylindre drevet af en kabelk\u00e6de med en designkapacitet p\u00e5 60 kasser pr. skift.<\/p>\n<p><img loading=\"lazy\" decoding=\"async\" class=\"alignnone wp-image-630\" src=\"https:\/\/hydraulic-cylinders.net\/wp-content\/uploads\/2023\/08\/hydraulic-cylinder-product-5-300x213.webp\" alt=\"\" width=\"366\" height=\"260\" \/> <img loading=\"lazy\" decoding=\"async\" class=\"alignnone wp-image-631\" src=\"https:\/\/hydraulic-cylinders.net\/wp-content\/uploads\/2023\/08\/hydraulic-cylinder-product-6-300x225.webp\" alt=\"\" width=\"347\" height=\"260\" \/><\/p>\n<h3>(5) Testning<\/h3>\n<p>Vi har f\u00f8rsteklasses inspektionsfaciliteter og testb\u00e6nke for at sikre, at cylinderens ydeevne opfylder kravene.<\/p>\n<p><img loading=\"lazy\" decoding=\"async\" class=\"alignnone wp-image-632\" src=\"https:\/\/hydraulic-cylinders.net\/wp-content\/uploads\/2023\/08\/hydraulic-cylinder-product-8-300x200.webp\" alt=\"\" width=\"389\" height=\"260\" \/><\/p>\n<p>&nbsp;<\/p>\n<p>&nbsp;<\/p>\n<p>Vi er en af \u200b\u200bde bedste producenter af hydrauliske cylindre. Vi kan tilbyde et omfattende udvalg af hydrauliske cylindre. Vi leverer ogs\u00e5 tilsvarende <a href=\"https:\/\/hzpt.com\/agricultural-pto-gearbox\/\" target=\"_blank\" rel=\"noopener\">landbrugsgearkasser<\/a>Vi har eksporteret vores produkter til kunder over hele verden og har opn\u00e5et et godt omd\u00f8mme p\u00e5 grund af vores overlegne produktkvalitet og eftersalgsservice. Vi byder kunder i ind- og udland velkommen til at kontakte os for at forhandle forretninger, udveksle information og <a href=\"https:\/\/www.hydraulic-cylinders.net\/da\/contact-us\/\">samarbejde med os<\/a>!<\/p>","protected":false},"excerpt":{"rendered":"<p>Jack-up Offshore Platform Lifting Cylinder The jack-up offshore platform lifting cylinder is a cutting-edge hydraulic system explicitly designed for offshore platforms. It is crucial in elevating and stabilizing media, ensuring safe and efficient operations in challenging offshore environments. With its advanced features and robust construction, this lifting cylinder is the go-to solution for offshore industries [&hellip;]<\/p>","protected":false},"featured_media":1787,"comment_status":"open","ping_status":"closed","template":"","meta":{"_et_pb_use_builder":"","_et_pb_old_content":"","_et_gb_content_width":""},"product_brand":[],"product_cat":[1536,1549,1552,1376],"product_tag":[1380],"class_list":{"0":"post-1785","1":"product","2":"type-product","3":"status-publish","4":"has-post-thumbnail","6":"product_cat-offshore-platform-hydraulic-cylinders","7":"product_cat-single-acting-hydraulic-cylinder","8":"product_cat-stainless-steel-hydraulic-cylinder","9":"product_cat-hydraulic-cylinder","10":"product_tag-hydraulic-cylinder","12":"first","13":"instock","14":"shipping-taxable","15":"product-type-simple"},"amp_enabled":true,"_links":{"self":[{"href":"https:\/\/www.hydraulic-cylinders.net\/da\/wp-json\/wp\/v2\/product\/1785","targetHints":{"allow":["GET"]}}],"collection":[{"href":"https:\/\/www.hydraulic-cylinders.net\/da\/wp-json\/wp\/v2\/product"}],"about":[{"href":"https:\/\/www.hydraulic-cylinders.net\/da\/wp-json\/wp\/v2\/types\/product"}],"replies":[{"embeddable":true,"href":"https:\/\/www.hydraulic-cylinders.net\/da\/wp-json\/wp\/v2\/comments?post=1785"}],"wp:featuredmedia":[{"embeddable":true,"href":"https:\/\/www.hydraulic-cylinders.net\/da\/wp-json\/wp\/v2\/media\/1787"}],"wp:attachment":[{"href":"https:\/\/www.hydraulic-cylinders.net\/da\/wp-json\/wp\/v2\/media?parent=1785"}],"wp:term":[{"taxonomy":"product_brand","embeddable":true,"href":"https:\/\/www.hydraulic-cylinders.net\/da\/wp-json\/wp\/v2\/product_brand?post=1785"},{"taxonomy":"product_cat","embeddable":true,"href":"https:\/\/www.hydraulic-cylinders.net\/da\/wp-json\/wp\/v2\/product_cat?post=1785"},{"taxonomy":"product_tag","embeddable":true,"href":"https:\/\/www.hydraulic-cylinders.net\/da\/wp-json\/wp\/v2\/product_tag?post=1785"}],"curies":[{"name":"wp","href":"https:\/\/api.w.org\/{rel}","templated":true}]}}