{"id":1799,"date":"2023-10-16T03:12:26","date_gmt":"2023-10-16T03:12:26","guid":{"rendered":"https:\/\/hydraulic-cylinders.net\/?post_type=product&#038;p=1799"},"modified":"2025-04-15T05:54:39","modified_gmt":"2025-04-15T05:54:39","slug":"pile-driving-barge-luffing-cylinder","status":"publish","type":"product","link":"https:\/\/www.hydraulic-cylinders.net\/da\/vare\/pile-driving-barge-luffing-cylinder\/","title":{"rendered":"P\u00e6ledrivning pram luffing cylinder"},"content":{"rendered":"<h1 style=\"text-align: center;\"><strong>P\u00e6ledrivning pram luffing cylinder<\/strong><\/h1>\n<h1 style=\"text-align: center;\"><img loading=\"lazy\" decoding=\"async\" class=\"alignnone wp-image-1801\" src=\"https:\/\/hydraulic-cylinders.net\/wp-content\/uploads\/2023\/10\/luffing-cylinder-1-2-300x300.webp\" alt=\"\" width=\"400\" height=\"400\" \/><\/h1>\n<p>Lufcylinderen til p\u00e6leramning er en vigtig komponent, der er designet til at optimere ydeevnen og effektiviteten af \u200b\u200bp\u00e6leramningsoperationer i maritime byggeprojekter. Denne innovative hydrauliske cylinder spiller en afg\u00f8rende rolle i at kontrollere lufbev\u00e6gelsen af \u200b\u200bprammens bom, hvilket muligg\u00f8r pr\u00e6cis positionering af p\u00e6le. Med sine exceptionelle funktioner og robuste konstruktion er lufcylinderen til p\u00e6leramning den ultimative l\u00f8sning for maritime byggefirmaer, der s\u00f8ger forbedret produktivitet og pr\u00e6cision.<\/p>\n<p>P\u00e6ledrivningscylinderen til luffing af pramme er en p\u00e5lidelig og effektiv hydraulisk komponent, der er designet til at forbedre effektiviteten og n\u00f8jagtigheden af \u200b\u200bp\u00e6ledrivningsoperationer i marine byggeprojekter. Med sin robuste konstruktion, pr\u00e6cise luffingskontrol og nemme integration forbedrer den produktiviteten og giver pr\u00e6cis positionering af p\u00e6le. Ved at f\u00f8lge de anbefalede brugsmetoder og implementere regelm\u00e6ssig vedligeholdelsespraksis kan marine byggefirmaer maksimere levetiden og ydeevnen af \u200b\u200bdenne vigtige komponent og dermed bidrage til deres projekters succes.<\/p>\n<p>Boreplatform st\u00e5lwiresp\u00e6ndercylinderens n\u00f8gleegenskaber:<\/p>\n<ol>\n<li>Robust konstruktion: P\u00e6ledriverens luffingcylinder er bygget med materialer af h\u00f8j kvalitet for at modst\u00e5 det barske havmilj\u00f8. Dens holdbare konstruktion sikrer lang levetid og minimerer vedligeholdelseskrav, selv under kr\u00e6vende forhold.<\/li>\n<li>Pr\u00e6cis lufningskontrol: Denne cylinder giver pr\u00e6cis kontrol over prammens boms lufningsbev\u00e6gelse. Operat\u00f8rer kan justere og opretholde den \u00f8nskede bomvinkel, hvilket sikrer pr\u00e6cis placering af p\u00e6le og optimeret byggeeffektivitet.<\/li>\n<li>Hydraulisk kraft: Drevet af et hydraulisk system bruger luffingscylinderen til p\u00e6ledrivningspram trykv\u00e6sker til at generere den kraft, der kr\u00e6ves til luffingskontrol. Den hydrauliske mekanisme giver en j\u00e6vn og responsiv drift, hvilket muligg\u00f8r pr\u00e6cise justeringer og \u00f8get produktivitet.<\/li>\n<li>Nem installation og integration: Luffingcylinderen til p\u00e6leramning er designet til nem installation og integration i eksisterende p\u00e6leramningssystemer. Dens kompakte st\u00f8rrelse og alsidige monteringsmuligheder muligg\u00f8r problemfri integration, hvilket minimerer nedetid under installationen.<\/li>\n<\/ol>\n<h2><strong>Parameter for luffingcylinder til p\u00e6ledrivning af pram:<\/strong><\/h2>\n<table border=\"1\" cellspacing=\"0\" cellpadding=\"0\">\n<tbody>\n<tr>\n<td>Produktnavn<\/td>\n<td>P\u00e6ledrivning pram luffing cylinder<\/td>\n<\/tr>\n<tr>\n<td>Funktioner:<\/td>\n<td>sving p\u00e6lerammen og b\u00e6r lasten, og den modtagne eksterne kraft er ikke kun stor, men ogs\u00e5 kompleks<\/td>\n<\/tr>\n<tr>\n<td>Borediameter:<\/td>\n<td>Op til 1400 mm<\/td>\n<\/tr>\n<tr>\n<td>Stangdiameter:<\/td>\n<td>Op til 900 mm<br \/>\nSlagl\u00e6ngde op til 15500 mm<\/td>\n<\/tr>\n<tr>\n<td>Trykkraft:<\/td>\n<td>28465KN<br \/>\n(tryk 25 MPa)<\/td>\n<\/tr>\n<tr>\n<td>Anvendelser:<\/td>\n<td>Jack-up offshore platform<\/td>\n<\/tr>\n<\/tbody>\n<\/table>\n<div><\/div>\n<div>\n<div class=\"txtboxL\">\n<div class=\"txtboxL\">\n<div class=\"txtboxL\">\n<div class=\"txtboxL\">\n<div class=\"txtboxL\">\n<div class=\"txtboxL\">\n<div class=\"txtboxL\">\n<div class=\"txtboxL\">\n<div class=\"txtboxL\">Funktioner:<\/div>\n<div class=\"txtboxR\">sving p\u00e6lerammen og b\u00e6r lasten, og den modtagne eksterne kraft er ikke kun stor, men ogs\u00e5 kompleks<\/div>\n<div class=\"txtboxL\">Specifikation:<\/div>\n<div class=\"txtboxR\">Borediameter: op til 1400 mm<br \/>\nStangdiameter: op til 900 mm<br \/>\nSlagl\u00e6ngde op til 15500 mm<\/div>\n<div class=\"txtboxL\">Trykkraft:<\/div>\n<div class=\"txtboxR\">28465KN<br \/>\n(tryk 25 MPa)<\/div>\n<\/div>\n<\/div>\n<\/div>\n<\/div>\n<\/div>\n<\/div>\n<\/div>\n<\/div>\n<\/div>\n<h2><strong>Anvendelse af p\u00e6ledrivningscylinder til pram:<\/strong><\/h2>\n<p><img loading=\"lazy\" decoding=\"async\" class=\"alignnone wp-image-1803 size-full\" src=\"https:\/\/hydraulic-cylinders.net\/wp-content\/uploads\/2023\/10\/pile-driving-barge-cylinder-1.webp\" alt=\"\" width=\"1418\" height=\"946\" srcset=\"https:\/\/hydraulic-cylinders.net\/wp-content\/uploads\/2023\/10\/pile-driving-barge-cylinder-1.webp 1418w, https:\/\/hydraulic-cylinders.net\/wp-content\/uploads\/2023\/10\/pile-driving-barge-cylinder-1-1280x854.webp 1280w, https:\/\/hydraulic-cylinders.net\/wp-content\/uploads\/2023\/10\/pile-driving-barge-cylinder-1-980x654.webp 980w, https:\/\/hydraulic-cylinders.net\/wp-content\/uploads\/2023\/10\/pile-driving-barge-cylinder-1-480x320.webp 480w\" sizes=\"(min-width: 0px) and (max-width: 480px) 480px, (min-width: 481px) and (max-width: 980px) 980px, (min-width: 981px) and (max-width: 1280px) 1280px, (min-width: 1281px) 1418px, 100vw\" \/><\/p>\n<h2><strong>Brugsmetode til p\u00e6lek\u00f8rselspram-lufcylinder<\/strong><strong>:<\/strong><\/h2>\n<ul>\n<li><strong>Inspektion f\u00f8r installation:<\/strong> F\u00f8r montering af luffingcylinderen til p\u00e6ledrivningspram, skal cylinderen og tilh\u00f8rende komponenter grundigt kontrolleres. S\u00f8rg for, at alle dele er i god stand, og verificer, at bommen er korrekt justeret og fastgjort.<\/li>\n<li><strong>Montering og tilslutning:<\/strong> Installer luffingcylinderen p\u00e5 den angivne placering p\u00e5 p\u00e6ledrivningsfart\u00f8jet ved hj\u00e6lp af passende monteringsbeslag og hardware. Tilslut de hydrauliske ledninger til cylinderen, og s\u00f8rg for korrekt justering og sikre forbindelser.<\/li>\n<li><strong>Aktivering af hydraulisk system:<\/strong> Aktiver det hydrauliske system, og s\u00f8rg for korrekt v\u00e6skeniveau og tryk. F\u00f8lg producentens anvisninger for betjening af de hydrauliske betjeningselementer og justering af luffingsbev\u00e6gelsen.<\/li>\n<li><strong>Justering af lufning:<\/strong> Brug de hydrauliske betjeningselementer til at justere prammens boms l\u00f8ftebev\u00e6gelse. Overv\u00e5g bomvinklen n\u00f8je, og foretag pr\u00e6cise justeringer efter behov for at opn\u00e5 den \u00f8nskede placering af p\u00e6le og effektivitet i byggeriet.<\/li>\n<\/ul>\n<h2><strong>Hvordan fremstilles hydrauliske cylindre?<\/strong><\/h2>\n<p>Hydrauliske cylindre fremstilles gennem en r\u00e6kke processer, der involverer pr\u00e6cisionsteknik, bearbejdning og samling. Den n\u00f8jagtige fremstillingsproces kan variere afh\u00e6ngigt af den specifikke type og st\u00f8rrelse af den hydrauliske cylinder, samt producentens teknikker og udstyr. Her er dog en generel oversigt over, hvordan hydrauliske cylindre fremstilles:<\/p>\n<ol>\n<li><strong>Design og teknik:<\/strong> Det f\u00f8rste trin i fremstillingen af \u200b\u200ben hydraulisk cylinder er design- og ingeni\u00f8rfasen. Ingeni\u00f8rer analyserer cylinderens krav og specifikationer og tager hensyn til faktorer som belastningskapacitet, trykklassificeringer, slagl\u00e6ngde og monteringsmuligheder. Computerst\u00f8ttet design (CAD) software bruges ofte til at skabe detaljerede 3D-modeller og tekniske tegninger.<\/li>\n<li><strong>Materialevalg:<\/strong> N\u00e5r designet er f\u00e6rdigt, v\u00e6lges de passende materialer til konstruktionen af \u200b\u200bden hydrauliske cylinder. Almindelige materialer, der anvendes, omfatter h\u00f8jstyrkest\u00e5l til cylindercylinderen og stempelstangen, st\u00f8bejern eller aluminium til endestykker og forskellige t\u00e6tninger og O-ringe lavet af elastomerer eller andre egnede materialer.<\/li>\n<li><strong>Produktion af cylindert\u00f8nder:<\/strong> Cylinderl\u00f8bet fremstilles typisk ved honing. Dette involverer bearbejdning af den indre overflade af et s\u00f8ml\u00f8st st\u00e5lr\u00f8r for at opn\u00e5 den \u00f8nskede glathed og dimensionsn\u00f8jagtighed. Honingprocessen skaber den pr\u00e6cise cylinderboring, hvor stemplet vil bev\u00e6ge sig.<\/li>\n<li><strong>Produktion af stempelstang:<\/strong> Stempelstangen str\u00e6kker sig fra den ene ende af cylinderen og er normalt lavet af en h\u00f8jstyrkest\u00e5lstang. Stangen bearbejdes til de n\u00f8dvendige dimensioner, inklusive pr\u00e6cisionsslibning af overfladefinishen, for at sikre problemfri drift og slidstyrke.<\/li>\n<li><strong>Maskinbearbejdning og komponentfremstilling:<\/strong> Forskellige komponenter i den hydrauliske cylinder, s\u00e5som endestykker, stempelhoveder og monteringsbeslag, fremstilles gennem bearbejdningsprocesser. CNC-maskiner (Computer Numerical Control) bruges almindeligvis til pr\u00e6cist at forme og bore huller i komponenterne i henhold til designspecifikationerne.<\/li>\n<li><strong>Overfladebehandling:<\/strong> Afh\u00e6ngigt af anvendelsen og kravene kan visse overflader p\u00e5 den hydrauliske cylinder gennemg\u00e5 yderligere behandlinger. Disse kan omfatte processer som varmebehandling for at forbedre styrke og holdbarhed, plettering eller bel\u00e6gning for korrosionsbestandighed eller specialiserede overfladebehandlinger s\u00e5som h\u00e5rdforkromning p\u00e5 stempelstangen for \u00f8get slidstyrke.<\/li>\n<li><strong>Forsamling:<\/strong> Den hydrauliske cylinder samles, n\u00e5r alle n\u00f8dvendige komponenter er fremstillet og behandlet. Dette indeb\u00e6rer omhyggelig montering af cylindercylinder, stempel, stempelstang, pakninger og andre dele. Pr\u00e6cis justering og korrekt t\u00e6tning er afg\u00f8rende for at sikre optimal ydeevne og forhindre l\u00e6kager.<\/li>\n<li><strong>Test og kvalitetssikring:<\/strong> F\u00f8r den hydrauliske cylinder er klar til distribution, gennemg\u00e5r den strenge test for at sikre, at den opfylder de kr\u00e6vede standarder og specifikationer. Dette kan omfatte trykpr\u00f8vning, funktionstest og dimensionsinspektioner. Kvalitetssikringsprocedurer implementeres for at opretholde ensartet kvalitet gennem hele fremstillingsprocessen.<\/li>\n<li><strong>Pakning og distribution:<\/strong> De f\u00e6rdige hydrauliske cylindre pakkes forsvarligt for at beskytte dem under transport. De distribueres derefter til kunder eller opbevares p\u00e5 lager til senere brug.<\/li>\n<\/ol>\n<h2><strong>Fabrikkens kapacitet og kapacitet:<\/strong><\/h2>\n<h3>(1) Samling<\/h3>\n<p>Vi har en f\u00f8rsteklasses uafh\u00e6ngig forsknings- og udviklingsplatform til montering. V\u00e6rkstedet for produktion af hydrauliske cylindre har fire halvautomatiske l\u00f8ftecylindermonteringslinjer og en automatisk vippecylindermonteringslinje med en designm\u00e6ssig \u00e5rlig produktionskapacitet p\u00e5 1 million enheder. Det specielle cylinderv\u00e6rksted er udstyret med forskellige specifikationer for et halvautomatisk reng\u00f8ringsmonteringssystem med en designm\u00e6ssig \u00e5rlig produktionskapacitet p\u00e5 200.000 og udstyret med ber\u00f8mt CNC-bearbejdningsudstyr, et bearbejdningscenter, et specialudstyr til h\u00f8jpr\u00e6cisionscylinderbearbejdning, en robotsvejsemaskine, en automatisk reng\u00f8ringsmaskine, en automatisk cylindermonteringsmaskine og en automatisk malingslinje. Eksisterende kritisk udstyr p\u00e5 mere end 300 s\u00e6t (s\u00e6t). Optimal allokering og effektiv udnyttelse af udstyrsressourcer sikrer produkternes n\u00f8jagtighedskrav og opfylder produkternes h\u00f8je kvalitetsbehov.<\/p>\n<p><img loading=\"lazy\" decoding=\"async\" class=\"alignnone wp-image-626\" src=\"https:\/\/hydraulic-cylinders.net\/wp-content\/uploads\/2023\/08\/hydraulic-cylinder-product-1-300x158.webp\" alt=\"\" width=\"495\" height=\"260\" srcset=\"https:\/\/hydraulic-cylinders.net\/wp-content\/uploads\/2023\/08\/hydraulic-cylinder-product-1-300x158.webp 495w, https:\/\/hydraulic-cylinders.net\/wp-content\/uploads\/2023\/08\/hydraulic-cylinder-product-1-480x252.webp 480w\" sizes=\"(min-width: 0px) and (max-width: 480px) 480px, (min-width: 481px) 495px, 100vw\" \/> <img loading=\"lazy\" decoding=\"async\" class=\"alignnone wp-image-627\" src=\"https:\/\/hydraulic-cylinders.net\/wp-content\/uploads\/2023\/08\/hydraulic-cylinder-product-2-300x189.webp\" alt=\"\" width=\"413\" height=\"260\" \/><\/p>\n<h3>(2) Maskinbearbejdning<\/h3>\n<p>Bearbejdningsv\u00e6rkstedet er udstyret med et specialfremstillet drejecenter til skr\u00e5 skinner, bearbejdningscenter, h\u00f8jhastigheds-honemaskine, svejserobot og andet relateret udstyr, der kan h\u00e5ndtere bearbejdning af cylinderr\u00f8r med en maksimal indre diameter p\u00e5 400 mm og en maksimal l\u00e6ngde p\u00e5 6 meter.<\/p>\n<p><img loading=\"lazy\" decoding=\"async\" class=\"alignnone wp-image-628 size-large\" src=\"https:\/\/hydraulic-cylinders.net\/wp-content\/uploads\/2023\/08\/hydraulic-cylinder-product-3-1024x391.webp\" alt=\"\" width=\"1024\" height=\"391\" srcset=\"https:\/\/hydraulic-cylinders.net\/wp-content\/uploads\/2023\/08\/hydraulic-cylinder-product-3-980x374.webp 980w, https:\/\/hydraulic-cylinders.net\/wp-content\/uploads\/2023\/08\/hydraulic-cylinder-product-3-480x183.webp 480w\" sizes=\"(min-width: 0px) and (max-width: 480px) 480px, (min-width: 481px) and (max-width: 980px) 980px, (min-width: 981px) 1024px, 100vw\" \/><\/p>\n<h3>(3) Svejsning<\/h3>\n<p><img loading=\"lazy\" decoding=\"async\" class=\"alignnone wp-image-629 size-large\" src=\"https:\/\/hydraulic-cylinders.net\/wp-content\/uploads\/2023\/08\/hydraulic-cylinder-product-4-1024x510.webp\" alt=\"\" width=\"1024\" height=\"510\" srcset=\"https:\/\/hydraulic-cylinders.net\/wp-content\/uploads\/2023\/08\/hydraulic-cylinder-product-4-980x488.webp 980w, https:\/\/hydraulic-cylinders.net\/wp-content\/uploads\/2023\/08\/hydraulic-cylinder-product-4-480x239.webp 480w\" sizes=\"(min-width: 0px) and (max-width: 480px) 480px, (min-width: 481px) and (max-width: 980px) 980px, (min-width: 981px) 1024px, 100vw\" \/><\/p>\n<h3>(4) Maling og overfladebehandling<\/h3>\n<p>Med sm\u00e5 og mellemstore cylindriske automatiske vandbaserede malingsbel\u00e6gningslinjer, for at opn\u00e5 automatisk robotp\u00e5fyldning og -afl\u00e6sning samt automatisk spr\u00f8jtning, er den designm\u00e6ssige kapacitet p\u00e5 4000 stykker pr. skift;<br \/>\nVi har ogs\u00e5 en halvautomatisk malingsproduktionslinje til store cylindre drevet af en kabelk\u00e6de med en designkapacitet p\u00e5 60 kasser pr. skift.<\/p>\n<p><img loading=\"lazy\" decoding=\"async\" class=\"alignnone wp-image-630\" src=\"https:\/\/hydraulic-cylinders.net\/wp-content\/uploads\/2023\/08\/hydraulic-cylinder-product-5-300x213.webp\" alt=\"\" width=\"366\" height=\"260\" \/> <img loading=\"lazy\" decoding=\"async\" class=\"alignnone wp-image-631\" src=\"https:\/\/hydraulic-cylinders.net\/wp-content\/uploads\/2023\/08\/hydraulic-cylinder-product-6-300x225.webp\" alt=\"\" width=\"347\" height=\"260\" \/><\/p>\n<h3>(5) Testning<\/h3>\n<p>Vi har f\u00f8rsteklasses inspektionsfaciliteter og testb\u00e6nke for at sikre, at cylinderens ydeevne opfylder kravene.<\/p>\n<p><img loading=\"lazy\" decoding=\"async\" class=\"alignnone wp-image-632\" src=\"https:\/\/hydraulic-cylinders.net\/wp-content\/uploads\/2023\/08\/hydraulic-cylinder-product-8-300x200.webp\" alt=\"\" width=\"389\" height=\"260\" \/><\/p>\n<p>&nbsp;<\/p>\n<p>&nbsp;<\/p>\n<p>Vi er en af \u200b\u200bde bedste producenter af hydrauliske cylindre. Vi kan tilbyde et omfattende udvalg af hydrauliske cylindre. Vi leverer ogs\u00e5 tilsvarende <a href=\"https:\/\/hzpt.com\/agricultural-pto-gearbox\/\" target=\"_blank\" rel=\"noopener\">landbrugsgearkasser<\/a>Vi har eksporteret vores produkter til kunder over hele verden og har opn\u00e5et et godt omd\u00f8mme p\u00e5 grund af vores overlegne produktkvalitet og eftersalgsservice. Vi byder kunder i ind- og udland velkommen til at kontakte os for at forhandle forretninger, udveksle information og <a href=\"https:\/\/www.hydraulic-cylinders.net\/da\/contact-us\/\">samarbejde med os<\/a>!<\/p>","protected":false},"excerpt":{"rendered":"<p>Pile Driving Barge Luffing Cylinder The Pile Driving Barge Luffing Cylinder is a vital component designed to optimize the performance and efficiency of pile driving operations in marine construction projects. This innovative hydraulic cylinder plays a crucial role in controlling the luffing motion of the barge&#8217;s boom, allowing for precise positioning of piles. With its [&hellip;]<\/p>","protected":false},"featured_media":1802,"comment_status":"open","ping_status":"closed","template":"","meta":{"_et_pb_use_builder":"","_et_pb_old_content":"","_et_gb_content_width":""},"product_brand":[],"product_cat":[1550,1536,1552,1376],"product_tag":[1380],"class_list":{"0":"post-1799","1":"product","2":"type-product","3":"status-publish","4":"has-post-thumbnail","6":"product_cat-double-acting-hydraulic-cylinder","7":"product_cat-offshore-platform-hydraulic-cylinders","8":"product_cat-stainless-steel-hydraulic-cylinder","9":"product_cat-hydraulic-cylinder","10":"product_tag-hydraulic-cylinder","12":"first","13":"instock","14":"shipping-taxable","15":"product-type-simple"},"amp_enabled":true,"_links":{"self":[{"href":"https:\/\/www.hydraulic-cylinders.net\/da\/wp-json\/wp\/v2\/product\/1799","targetHints":{"allow":["GET"]}}],"collection":[{"href":"https:\/\/www.hydraulic-cylinders.net\/da\/wp-json\/wp\/v2\/product"}],"about":[{"href":"https:\/\/www.hydraulic-cylinders.net\/da\/wp-json\/wp\/v2\/types\/product"}],"replies":[{"embeddable":true,"href":"https:\/\/www.hydraulic-cylinders.net\/da\/wp-json\/wp\/v2\/comments?post=1799"}],"wp:featuredmedia":[{"embeddable":true,"href":"https:\/\/www.hydraulic-cylinders.net\/da\/wp-json\/wp\/v2\/media\/1802"}],"wp:attachment":[{"href":"https:\/\/www.hydraulic-cylinders.net\/da\/wp-json\/wp\/v2\/media?parent=1799"}],"wp:term":[{"taxonomy":"product_brand","embeddable":true,"href":"https:\/\/www.hydraulic-cylinders.net\/da\/wp-json\/wp\/v2\/product_brand?post=1799"},{"taxonomy":"product_cat","embeddable":true,"href":"https:\/\/www.hydraulic-cylinders.net\/da\/wp-json\/wp\/v2\/product_cat?post=1799"},{"taxonomy":"product_tag","embeddable":true,"href":"https:\/\/www.hydraulic-cylinders.net\/da\/wp-json\/wp\/v2\/product_tag?post=1799"}],"curies":[{"name":"wp","href":"https:\/\/api.w.org\/{rel}","templated":true}]}}