{"id":1835,"date":"2023-10-17T05:41:23","date_gmt":"2023-10-17T05:41:23","guid":{"rendered":"https:\/\/hydraulic-cylinders.net\/?post_type=product&#038;p=1835"},"modified":"2025-04-15T05:43:01","modified_gmt":"2025-04-15T05:43:01","slug":"empty-container-stacker-oil-steering-cylinder","status":"publish","type":"product","link":"https:\/\/www.hydraulic-cylinders.net\/da\/vare\/empty-container-stacker-oil-steering-cylinder\/","title":{"rendered":"Tom container stabler oliestyringscylinder"},"content":{"rendered":"<h1 style=\"text-align: center;\"><strong>Tom container stabler oliestyringscylinder<\/strong><\/h1>\n<h1 style=\"text-align: center;\"><img loading=\"lazy\" decoding=\"async\" class=\"alignnone wp-image-1836\" src=\"https:\/\/hydraulic-cylinders.net\/wp-content\/uploads\/2023\/10\/steering-cylinder-1-4-300x300.webp\" alt=\"\" width=\"400\" height=\"400\" \/><\/h1>\n<p>Oliestyringscylinderen til tomcontainerstableren er en kritisk komponent, der er designet til at forbedre man\u00f8vredygtigheden og kontrollen af \u200b\u200btomcontainerstablere. Denne hydrauliske cylinder spiller en afg\u00f8rende rolle i styremekanismen, s\u00e5 operat\u00f8rerne nemt og pr\u00e6cist kan navigere i kr\u00e6vende containerh\u00e5ndteringsmilj\u00f8er. Med sine avancerede funktioner, holdbare konstruktion og pr\u00e6cise kontrolfunktioner er oliestyringscylinderen til tomcontainerstableren afg\u00f8rende for virksomheder, der s\u00f8ger at optimere deres containerh\u00e5ndteringseffektivitet og produktivitet.<\/p>\n<p>Oliestyringscylinderen til tomcontainerstablere er en vigtig komponent til optimering af containerh\u00e5ndteringsoperationer, is\u00e6r i styremekanismen p\u00e5 tomcontainerstablere. Med forbedret man\u00f8vredygtighed, pr\u00e6cis kontrol, holdbar konstruktion og j\u00e6vn betjening g\u00f8r denne cylinder det muligt for operat\u00f8rer at navigere hurtigt og pr\u00e6cist i kr\u00e6vende containerh\u00e5ndteringsmilj\u00f8er. Virksomheder kan maksimere deres containerh\u00e5ndteringsoperationers ydeevne, levetid og sikkerhed ved at f\u00f8lge de anbefalede brugsmetoder og implementere regelm\u00e6ssig vedligeholdelsespraksis. Med oliestyringscylinderen til tomcontainerstablere kan virksomheder forbedre produktiviteten, str\u00f8mline processer og sikre effektiv bev\u00e6gelse af containere i den udfordrende containerh\u00e5ndteringsindustri.<\/p>\n<p>Tom containerstableroliestyringscylinder N\u00f8gleegenskaber:<\/p>\n<ul>\n<li>Forbedret man\u00f8vredygtighed: Oliestyringscylinderen forbedrer man\u00f8vredygtigheden af \u200b\u200btomme containerstablere betydeligt. Den muligg\u00f8r pr\u00e6cis drejning og styring, s\u00e5 f\u00f8reren nemt kan navigere i trange rum, hj\u00f8rner og forhindringer. Denne forbedrede man\u00f8vredygtighed resulterer i \u00f8get driftseffektivitet og reduceret nedetid.<\/li>\n<li>Pr\u00e6cis kontrol: Oliestyringscylinderen p\u00e5 den tomme containerstabler giver pr\u00e6cis kontrol over styremekanismen. Operat\u00f8rerne kan justere styrevinklen pr\u00e6cist, hvilket muligg\u00f8r j\u00e6vne og specifikke retningsskift. Denne pr\u00e6cise kontrol sikrer optimal positionering og justering under containerh\u00e5ndtering.<\/li>\n<li>Holdbar konstruktion: Styrecylinderen er konstrueret med materialer af h\u00f8j kvalitet og robust konstruktion, hvilket sikrer holdbarhed og p\u00e5lidelighed under kr\u00e6vende arbejdsforhold. Den er designet til at modst\u00e5 tunge belastninger, gentagen brug og eksponering for barske milj\u00f8er, hvilket minimerer vedligeholdelseskrav og maksimerer driftstiden.<\/li>\n<li>J\u00e6vn betjening: Cylinderens hydrauliske system giver en j\u00e6vn og ensartet styring. Det minimerer vibrationer, st\u00f8d og rykvise bev\u00e6gelser, hvilket forbedrer f\u00f8rerkomforten og reducerer tr\u00e6thed under l\u00e6ngerevarende processer. Den j\u00e6vne betjening forbedrer ogs\u00e5 sikkerheden og reducerer risikoen for ulykker eller skader p\u00e5 containere.<\/li>\n<\/ul>\n<h2><strong>Parameter for styrecylinder til tom containerstabler:<\/strong><\/h2>\n<table border=\"1\" cellspacing=\"0\" cellpadding=\"0\">\n<tbody>\n<tr>\n<td>Produktnavn<\/td>\n<td>Styrecylinder til tom containerstabler<\/td>\n<\/tr>\n<tr>\n<td>Funktioner:<\/td>\n<td>Juster d\u00e6kkenes retning p\u00e5 stableren<\/td>\n<\/tr>\n<tr>\n<td>Borediameter:<\/td>\n<td>80 mm ~ 200 mm<\/td>\n<\/tr>\n<tr>\n<td>Stangdiameter:<\/td>\n<td>60 mm ~ 100 mm<br \/>\nSlagl\u00e6ngde\u22649500 mm<\/td>\n<\/tr>\n<tr>\n<td>Tryk:<\/td>\n<td>Maksimum 25 MPa<\/td>\n<\/tr>\n<tr>\n<td>Anvendelser:<\/td>\n<td>Tom containerstabler<\/td>\n<\/tr>\n<\/tbody>\n<\/table>\n<h2><strong>Anvendelse af tom containerstabler-oliecylinder:<\/strong><\/h2>\n<p><img loading=\"lazy\" decoding=\"async\" class=\"alignnone wp-image-1831 size-full\" src=\"https:\/\/hydraulic-cylinders.net\/wp-content\/uploads\/2023\/10\/empty-container-stacker-oil-cylinder-1.webp\" alt=\"\" width=\"1418\" height=\"946\" srcset=\"https:\/\/hydraulic-cylinders.net\/wp-content\/uploads\/2023\/10\/empty-container-stacker-oil-cylinder-1.webp 1418w, https:\/\/hydraulic-cylinders.net\/wp-content\/uploads\/2023\/10\/empty-container-stacker-oil-cylinder-1-1280x854.webp 1280w, https:\/\/hydraulic-cylinders.net\/wp-content\/uploads\/2023\/10\/empty-container-stacker-oil-cylinder-1-980x654.webp 980w, https:\/\/hydraulic-cylinders.net\/wp-content\/uploads\/2023\/10\/empty-container-stacker-oil-cylinder-1-480x320.webp 480w\" sizes=\"(min-width: 0px) and (max-width: 480px) 480px, (min-width: 481px) and (max-width: 980px) 980px, (min-width: 981px) and (max-width: 1280px) 1280px, (min-width: 1281px) 1418px, 100vw\" \/><\/p>\n<h2><strong>Brugsmetode for tom containerstableroliestyringscylinder<\/strong><strong>:<\/strong><\/h2>\n<ol>\n<li><strong>Installation:<\/strong>\u00a0 Installer oliestyringscylinderen til den tomme containerstabler p\u00e5 den angivne placering i styremekanismen p\u00e5 den tomme containerstabler. Se producentens retningslinjer og specifikationer for korrekt justering, montering og tilslutningsprocedurer. S\u00f8rg for sikker og solid installation for at garantere optimal ydeevne.<\/li>\n<li><strong>Hydrauliske forbindelser:<\/strong> Tilslut cylinderen til det hydrauliske system p\u00e5 den tomme containerstabler i henhold til producentens anbefalinger. S\u00f8rg for, at de hydrauliske ledninger er korrekt f\u00f8rt, og at forbindelserne er sikre. For at sikre sikker og effektiv drift skal de angivne slangest\u00f8rrelser, fittings og trykklassificeringer overholdes.<\/li>\n<li><strong>Kontrol og drift:<\/strong> Styrecylinderen styres typisk via tomcontainerstablerens eksisterende styresystem. Operat\u00f8rer kan bruge kontrolkonsollen eller kontrolpanelet til at aktivere det hydrauliske kredsl\u00f8b og justere styrevinklen. F\u00f8lg producentens instruktioner og anbefalede styreprocedurer for sikker og pr\u00e6cis styring.<\/li>\n<\/ol>\n<h2><strong>Hvordan fungerer en enkeltvirkende hydraulisk cylinder?<\/strong><\/h2>\n<p>En enkeltvirkende hydraulisk cylinder, ogs\u00e5 kendt som en envejs hydraulisk cylinder, er en type hydraulisk aktuator, der genererer kraft og bev\u00e6gelse i \u00e9n retning. Den er afh\u00e6ngig af hydraulisk tryk for at forl\u00e6nge cylinderen og bruger eksterne kr\u00e6fter, s\u00e5som tyngdekraft eller fjedre, til at tr\u00e6kke den tilbage. S\u00e5dan fungerer en enkeltvirkende hydraulisk cylinder:<\/p>\n<ol>\n<li><strong>Konstruktion:<\/strong> En enkeltvirkende hydraulisk cylinder best\u00e5r af et cylindrisk hus, et stempel, en stang og hydraulisk v\u00e6ske. Stemplet opdeler cylinderen i et tryk- eller arbejdskammer og et returkammer.<\/li>\n<li><strong>Forl\u00e6ngelseslag:<\/strong> N\u00e5r der p\u00e5f\u00f8res hydraulisk tryk p\u00e5 trykkammeret, virker det p\u00e5 stemplet og skubber det i \u00e9n retning. Denne kraft forl\u00e6nger stempelstangen og genererer en line\u00e6r bev\u00e6gelse. Hydraulikv\u00e6sken i returkammeret fortr\u00e6nges og str\u00f8mmer tilbage i hydraulikbeholderen.<\/li>\n<li><strong>Tilbagetr\u00e6kningsslag:<\/strong> I mods\u00e6tning til dobbeltvirkende cylindre, der bruger hydraulisk tryk til ud- og indtr\u00e6kning, er en enkeltvirkende hydraulisk cylinder afh\u00e6ngig af eksterne kr\u00e6fter til tilbagetr\u00e6kning. N\u00e5r det hydrauliske tryk frigives, virker den eksterne kraft, s\u00e5som tyngdekraft eller en fjeder, p\u00e5 stempelstangen, hvilket f\u00e5r den til at tr\u00e6kke sig tilbage i cylinderen.<\/li>\n<li><strong>Kontrol og drift:<\/strong> Det hydrauliske tryk og flowhastigheden styres af ventiler, der betjenes via et styresystem. Ved at justere ventilindstillingerne kan hastigheden og kraften p\u00e5 cylinderens udskydningsslag styres.<\/li>\n<li><strong>Anvendelser:<\/strong> Enkeltvirkende hydrauliske cylindre bruges almindeligvis, hvor der kr\u00e6ves kraft i \u00e9n retning, og hvor eksterne kr\u00e6fter kan opn\u00e5 tilbagetr\u00e6kning. De bruges ofte i scenarier som l\u00f8fteapplikationer, hvor lastens v\u00e6gt eller tyngdekraften hj\u00e6lper med tilbagetr\u00e6kningsprocessen.<\/li>\n<li><strong>Opretholdelse:<\/strong> Regelm\u00e6ssig vedligeholdelse af den enkeltvirkende hydrauliske cylinder omfatter kontrol for l\u00e6kager, inspektion af t\u00e6tninger og pakninger samt sikring af ventilers og styresystemers korrekte funktion. Korrekt filtrering og periodisk v\u00e6skeudskiftning er ogs\u00e5 vigtigt for at opretholde optimal ydeevne og forhindre kontaminering.<\/li>\n<\/ol>\n<h2><strong>Fabrikkens kapacitet og kapacitet:<\/strong><\/h2>\n<h3>(1) Samling<\/h3>\n<p>Vi har en f\u00f8rsteklasses uafh\u00e6ngig forsknings- og udviklingsplatform til montering. V\u00e6rkstedet for produktion af hydrauliske cylindre har fire halvautomatiske l\u00f8ftecylindermonteringslinjer og en automatisk vippecylindermonteringslinje med en designm\u00e6ssig \u00e5rlig produktionskapacitet p\u00e5 1 million enheder. Det specielle cylinderv\u00e6rksted er udstyret med forskellige specifikationer for et halvautomatisk reng\u00f8ringsmonteringssystem med en designm\u00e6ssig \u00e5rlig produktionskapacitet p\u00e5 200.000 og udstyret med ber\u00f8mt CNC-bearbejdningsudstyr, et bearbejdningscenter, et specialudstyr til h\u00f8jpr\u00e6cisionscylinderbearbejdning, en robotsvejsemaskine, en automatisk reng\u00f8ringsmaskine, en automatisk cylindermonteringsmaskine og en automatisk malingslinje. Eksisterende kritisk udstyr p\u00e5 mere end 300 s\u00e6t (s\u00e6t). Optimal allokering og effektiv udnyttelse af udstyrsressourcer sikrer produkternes n\u00f8jagtighedskrav og opfylder produkternes h\u00f8je kvalitetsbehov.<\/p>\n<p><img loading=\"lazy\" decoding=\"async\" class=\"alignnone wp-image-626\" src=\"https:\/\/hydraulic-cylinders.net\/wp-content\/uploads\/2023\/08\/hydraulic-cylinder-product-1-300x158.webp\" alt=\"\" width=\"495\" height=\"260\" srcset=\"https:\/\/hydraulic-cylinders.net\/wp-content\/uploads\/2023\/08\/hydraulic-cylinder-product-1-300x158.webp 495w, https:\/\/hydraulic-cylinders.net\/wp-content\/uploads\/2023\/08\/hydraulic-cylinder-product-1-480x252.webp 480w\" sizes=\"(min-width: 0px) and (max-width: 480px) 480px, (min-width: 481px) 495px, 100vw\" \/> <img loading=\"lazy\" decoding=\"async\" class=\"alignnone wp-image-627\" src=\"https:\/\/hydraulic-cylinders.net\/wp-content\/uploads\/2023\/08\/hydraulic-cylinder-product-2-300x189.webp\" alt=\"\" width=\"413\" height=\"260\" \/><\/p>\n<h3>(2) Maskinbearbejdning<\/h3>\n<p>Bearbejdningsv\u00e6rkstedet er udstyret med et specialfremstillet drejecenter til skr\u00e5 skinner, bearbejdningscenter, h\u00f8jhastigheds-honemaskine, svejserobot og andet relateret udstyr, der kan h\u00e5ndtere bearbejdning af cylinderr\u00f8r med en maksimal indre diameter p\u00e5 400 mm og en maksimal l\u00e6ngde p\u00e5 6 meter.<\/p>\n<p><img loading=\"lazy\" decoding=\"async\" class=\"alignnone wp-image-628 size-large\" src=\"https:\/\/hydraulic-cylinders.net\/wp-content\/uploads\/2023\/08\/hydraulic-cylinder-product-3-1024x391.webp\" alt=\"\" width=\"1024\" height=\"391\" srcset=\"https:\/\/hydraulic-cylinders.net\/wp-content\/uploads\/2023\/08\/hydraulic-cylinder-product-3-980x374.webp 980w, https:\/\/hydraulic-cylinders.net\/wp-content\/uploads\/2023\/08\/hydraulic-cylinder-product-3-480x183.webp 480w\" sizes=\"(min-width: 0px) and (max-width: 480px) 480px, (min-width: 481px) and (max-width: 980px) 980px, (min-width: 981px) 1024px, 100vw\" \/><\/p>\n<h3>(3) Svejsning<\/h3>\n<p><img loading=\"lazy\" decoding=\"async\" class=\"alignnone wp-image-629 size-large\" src=\"https:\/\/hydraulic-cylinders.net\/wp-content\/uploads\/2023\/08\/hydraulic-cylinder-product-4-1024x510.webp\" alt=\"\" width=\"1024\" height=\"510\" srcset=\"https:\/\/hydraulic-cylinders.net\/wp-content\/uploads\/2023\/08\/hydraulic-cylinder-product-4-980x488.webp 980w, https:\/\/hydraulic-cylinders.net\/wp-content\/uploads\/2023\/08\/hydraulic-cylinder-product-4-480x239.webp 480w\" sizes=\"(min-width: 0px) and (max-width: 480px) 480px, (min-width: 481px) and (max-width: 980px) 980px, (min-width: 981px) 1024px, 100vw\" \/><\/p>\n<h3>(4) Maling og overfladebehandling<\/h3>\n<p>Med sm\u00e5 og mellemstore cylindriske automatiske vandbaserede malingsbel\u00e6gningslinjer, for at opn\u00e5 automatisk robotp\u00e5fyldning og -afl\u00e6sning samt automatisk spr\u00f8jtning, er den designm\u00e6ssige kapacitet p\u00e5 4000 stykker pr. skift;<br \/>\nVi har ogs\u00e5 en halvautomatisk malingsproduktionslinje til store cylindre drevet af en kabelk\u00e6de med en designkapacitet p\u00e5 60 kasser pr. skift.<\/p>\n<p><img loading=\"lazy\" decoding=\"async\" class=\"alignnone wp-image-630\" src=\"https:\/\/hydraulic-cylinders.net\/wp-content\/uploads\/2023\/08\/hydraulic-cylinder-product-5-300x213.webp\" alt=\"\" width=\"366\" height=\"260\" \/> <img loading=\"lazy\" decoding=\"async\" class=\"alignnone wp-image-631\" src=\"https:\/\/hydraulic-cylinders.net\/wp-content\/uploads\/2023\/08\/hydraulic-cylinder-product-6-300x225.webp\" alt=\"\" width=\"347\" height=\"260\" \/><\/p>\n<h3>(5) Testning<\/h3>\n<p>Vi har f\u00f8rsteklasses inspektionsfaciliteter og testb\u00e6nke for at sikre, at cylinderens ydeevne opfylder kravene.<\/p>\n<p><img loading=\"lazy\" decoding=\"async\" class=\"alignnone wp-image-632\" src=\"https:\/\/hydraulic-cylinders.net\/wp-content\/uploads\/2023\/08\/hydraulic-cylinder-product-8-300x200.webp\" alt=\"\" width=\"389\" height=\"260\" \/><\/p>\n<p>&nbsp;<\/p>\n<p>&nbsp;<\/p>\n<p>Vi er en af \u200b\u200bde bedste producenter af hydrauliske cylindre. Vi kan tilbyde et omfattende udvalg af hydrauliske cylindre. Vi leverer ogs\u00e5 tilsvarende <a href=\"https:\/\/hzpt.com\/agricultural-pto-gearbox\/\" target=\"_blank\" rel=\"noopener\">landbrugsgearkasser<\/a>Vi har eksporteret vores produkter til kunder over hele verden og har opn\u00e5et et godt omd\u00f8mme p\u00e5 grund af vores overlegne produktkvalitet og eftersalgsservice. Vi byder kunder i ind- og udland velkommen til at kontakte os for at forhandle forretninger, udveksle information og <a href=\"https:\/\/www.hydraulic-cylinders.net\/da\/contact-us\/\">samarbejde med os<\/a>!<\/p>\n<p>&nbsp;<\/p>\n<p>&nbsp;<\/p>","protected":false},"excerpt":{"rendered":"<p>Empty Container Stacker Oil Steering Cylinder The empty container stacker oil steering cylinder is a critical component designed to improve the maneuverability and control of empty container stackers. This hydraulic cylinder plays a crucial role in the steering mechanism, allowing operators to navigate easily and accurately in demanding container handling environments. With its advanced features, [&hellip;]<\/p>","protected":false},"featured_media":1837,"comment_status":"open","ping_status":"closed","template":"","meta":{"_et_pb_use_builder":"","_et_pb_old_content":"","_et_gb_content_width":""},"product_brand":[],"product_cat":[1550,1516,1552],"product_tag":[1380],"class_list":{"0":"post-1835","1":"product","2":"type-product","3":"status-publish","4":"has-post-thumbnail","6":"product_cat-double-acting-hydraulic-cylinder","7":"product_cat-stacker-reclaimer-hydraulic-cylinders","8":"product_cat-stainless-steel-hydraulic-cylinder","9":"product_tag-hydraulic-cylinder","11":"first","12":"instock","13":"shipping-taxable","14":"product-type-simple"},"amp_enabled":true,"_links":{"self":[{"href":"https:\/\/www.hydraulic-cylinders.net\/da\/wp-json\/wp\/v2\/product\/1835","targetHints":{"allow":["GET"]}}],"collection":[{"href":"https:\/\/www.hydraulic-cylinders.net\/da\/wp-json\/wp\/v2\/product"}],"about":[{"href":"https:\/\/www.hydraulic-cylinders.net\/da\/wp-json\/wp\/v2\/types\/product"}],"replies":[{"embeddable":true,"href":"https:\/\/www.hydraulic-cylinders.net\/da\/wp-json\/wp\/v2\/comments?post=1835"}],"wp:featuredmedia":[{"embeddable":true,"href":"https:\/\/www.hydraulic-cylinders.net\/da\/wp-json\/wp\/v2\/media\/1837"}],"wp:attachment":[{"href":"https:\/\/www.hydraulic-cylinders.net\/da\/wp-json\/wp\/v2\/media?parent=1835"}],"wp:term":[{"taxonomy":"product_brand","embeddable":true,"href":"https:\/\/www.hydraulic-cylinders.net\/da\/wp-json\/wp\/v2\/product_brand?post=1835"},{"taxonomy":"product_cat","embeddable":true,"href":"https:\/\/www.hydraulic-cylinders.net\/da\/wp-json\/wp\/v2\/product_cat?post=1835"},{"taxonomy":"product_tag","embeddable":true,"href":"https:\/\/www.hydraulic-cylinders.net\/da\/wp-json\/wp\/v2\/product_tag?post=1835"}],"curies":[{"name":"wp","href":"https:\/\/api.w.org\/{rel}","templated":true}]}}