{"id":1890,"date":"2023-10-19T03:22:23","date_gmt":"2023-10-19T03:22:23","guid":{"rendered":"https:\/\/hydraulic-cylinders.net\/?post_type=product&#038;p=1890"},"modified":"2025-04-11T02:52:03","modified_gmt":"2025-04-11T02:52:03","slug":"shield-machine-crusher-cylinder","status":"publish","type":"product","link":"https:\/\/www.hydraulic-cylinders.net\/da\/vare\/shield-machine-crusher-cylinder\/","title":{"rendered":"Skjoldmaskine knusercylinder"},"content":{"rendered":"<h1 style=\"text-align: center;\"><strong>Skjoldmaskine knusercylinder<\/strong><\/h1>\n<p><img loading=\"lazy\" decoding=\"async\" class=\"aligncenter wp-image-1891\" src=\"https:\/\/hydraulic-cylinders.net\/wp-content\/uploads\/2023\/10\/crusher-cylinder-1-300x300.webp\" alt=\"\" width=\"400\" height=\"400\" \/><\/p>\n<p>Skjoldmaskinens knusercylinder er en banebrydende hydraulisk komponent, der er designet til at forbedre skjoldmaskiners knusningseffektivitet og produktivitet i tunnelboring. Denne specialiserede cylinder spiller en afg\u00f8rende rolle i fragmenteringen og knusningen af \u200b\u200bsten og jord, hvilket muligg\u00f8r j\u00e6vn udgravning og hurtig fremdrift. Denne omfattende artikel vil dykke ned i de vigtigste egenskaber, brugsmetoder og vedligeholdelsesretningslinjer for skjoldmaskinens knusercylinder.<\/p>\n<p>Skjoldmaskinens knusercylinder er en banebrydende hydraulisk komponent, der forbedrer skjoldmaskinernes knusningseffektivitet og produktivitet i tunnelboringsoperationer. Med sine kraftfulde knusningsegenskaber, optimerede ydeevne, hurtige installation og holdbare konstruktion sikrer denne cylinder effektiv fragmentering og hurtige fremskridt i tunneludgravningsprojekter. Ved at f\u00f8lge de anbefalede brugsmetoder og overholde regelm\u00e6ssige vedligeholdelsespraksisser vil skjoldmaskinens knusercylinder fortsat levere enest\u00e5ende ydeevne, hvilket forbedrer effektiviteten og produktiviteten i tunnelboringsoperationer. L\u00f8ft dine tunnelboringsprojekter med knusningskraften og p\u00e5lideligheden af \u200b\u200bskjoldmaskinens knusercylinder.<\/p>\n<p>N\u00f8gleegenskaber for knusercylinder til skjoldmaskine:<\/p>\n<ul>\n<li>Knusekraft: Skjoldmaskinens knusercylinder leverer betydelig knusekraft til at nedbryde sten og jord under tunneludgravning. Dens robuste design og h\u00f8jtrykskapacitet sikrer effektiv fragmentering, hvilket reducerer st\u00f8rrelsen af \u200b\u200bdet udgravede materiale og letter dets fjernelse.<\/li>\n<li>Optimeret ydeevne: Udstyret med avancerede hydrauliske systemer giver denne cylinder pr\u00e6cis kontrol over knusningsprocessen. Operat\u00f8rerne kan justere den kraft og hastighed, der anvendes af knusercylinderen, hvilket optimerer ydeevnen, s\u00e5 den passer til varierende geologiske forhold og opn\u00e5r de \u00f8nskede knusningsresultater.<\/li>\n<li>Hurtig installation: Skjoldmaskinens knusercylinder er designet til nem installation og integration i eksisterende skjoldmaskiner. Dens kompakte st\u00f8rrelse muligg\u00f8r problemfri integration, samtidig med at udstyrets samlede balance og man\u00f8vredygtighed opretholdes, hvilket minimerer nedetid under ops\u00e6tning.<\/li>\n<li>Holdbarhed og p\u00e5lidelighed: Skjoldmaskinens knusercylinder er konstrueret med h\u00f8jstyrkematerialer og er bygget til at modst\u00e5 de kr\u00e6vende forhold, der opst\u00e5r ved tunneludgravning. Dens robuste design sikrer holdbarhed, lang levetid og ensartet ydeevne, selv i barske milj\u00f8er.<\/li>\n<\/ul>\n<h2><strong>Parameter for skjoldmaskineknusercylinder:<\/strong><\/h2>\n<table border=\"1\" cellspacing=\"0\" cellpadding=\"0\">\n<tbody>\n<tr>\n<td>Produktnavn<\/td>\n<td>Skjoldmaskine knusercylinder<\/td>\n<\/tr>\n<tr>\n<td>Funktioner:<\/td>\n<td>Klem knusetangen fast for at sikre, at store stykker grus knuses, f\u00f8r de kommer ind i udl\u00f8bsporten.<\/td>\n<\/tr>\n<tr>\n<td>\n<div class=\"txtboxL\">Specifikation:<\/div>\n<\/td>\n<td>Forskellige specifikationer for knusercylindre kan designes og produceres i henhold til kundens krav<\/td>\n<\/tr>\n<tr>\n<td>Anvendelser:<\/td>\n<td>Skjoldmaskine, tunnelboremaskineri<\/td>\n<\/tr>\n<\/tbody>\n<\/table>\n<h2><strong>Anvendelse af skjoldmaskineknusercylinder:<\/strong><\/h2>\n<p><img loading=\"lazy\" decoding=\"async\" class=\"alignnone wp-image-1875 size-full\" src=\"https:\/\/hydraulic-cylinders.net\/wp-content\/uploads\/2023\/10\/harsh-corrosive-cylinder-1.webp\" alt=\"\" width=\"1418\" height=\"946\" srcset=\"https:\/\/hydraulic-cylinders.net\/wp-content\/uploads\/2023\/10\/harsh-corrosive-cylinder-1.webp 1418w, https:\/\/hydraulic-cylinders.net\/wp-content\/uploads\/2023\/10\/harsh-corrosive-cylinder-1-1280x854.webp 1280w, https:\/\/hydraulic-cylinders.net\/wp-content\/uploads\/2023\/10\/harsh-corrosive-cylinder-1-980x654.webp 980w, https:\/\/hydraulic-cylinders.net\/wp-content\/uploads\/2023\/10\/harsh-corrosive-cylinder-1-480x320.webp 480w\" sizes=\"(min-width: 0px) and (max-width: 480px) 480px, (min-width: 481px) and (max-width: 980px) 980px, (min-width: 981px) and (max-width: 1280px) 1280px, (min-width: 1281px) 1418px, 100vw\" \/><\/p>\n<h2><strong>Brugsmetode til skjoldmaskineknusercylinder<\/strong><strong>:<\/strong><\/h2>\n<ol>\n<li><strong>Cylinderinstallation:<\/strong>\u00a0 Installer afsk\u00e6rmningsmaskinens knusercylinder i overensstemmelse med producentens anvisninger. S\u00f8rg for korrekt justering og sikker fastg\u00f8relse til afsk\u00e6rmningsmaskinens struktur ved hj\u00e6lp af passende monteringsbeslag eller tilbeh\u00f8r.<\/li>\n<li><strong>Integration af hydraulisk system:<\/strong> Tilslut cylinderen til afsk\u00e6rmningsmaskinens hydrauliske system ved hj\u00e6lp af kompatible slanger og fittings. Kontroller, at alle forbindelser er sikre, l\u00e6kagefri og tilstr\u00e6kkeligt strammet for at opretholde optimal hydraulisk ydeevne.<\/li>\n<li><strong>Operationelle kontroller:<\/strong> G\u00f8r dig bekendt med de specifikke betjeningselementer til Shield Machine-knusercylinderen. Forst\u00e5, hvordan man justerer den kraft og hastighed, der p\u00e5f\u00f8res af cylinderen, og \u00f8v dig i at bruge reglerne for at opn\u00e5 pr\u00e6cise og responsive knusningsresultater.<\/li>\n<li><strong>Knusningsproces:<\/strong> Under tunnelboring skal de geologiske forhold overv\u00e5ges, og knusercylinderens kraft- og hastighedsindstillinger skal justeres i overensstemmelse hermed. Optimer knusningsprocessen for at sikre effektiv fragmentering og lette fjernelsen af \u200b\u200budgravet materiale.<\/li>\n<\/ol>\n<h2><strong>Hvordan udlufter man en tovejs hydraulisk cylinder?<\/strong><\/h2>\n<p>Udluftning af en tovejs hydraulisk cylinder er en proces, der involverer at fjerne luft fra systemet for at sikre korrekt drift og forhindre problemer som svampethed eller reduceret ydeevne. En tovejs hydraulisk cylinder er en dobbeltvirkende cylinder, der bruger hydraulisk tryk til at forl\u00e6nge og tr\u00e6kke stemplet tilbage. Her er en trinvis vejledning i, hvordan man udlufter en tovejs hydraulisk cylinder:<\/p>\n<ol>\n<li><strong>Forberedelse:<\/strong>\n<ul>\n<li>S\u00f8rg for, at det hydrauliske system er slukket, og at trykket er udlignet.<\/li>\n<li>Tag personlige v\u00e6rnemidler p\u00e5, herunder handsker og sikkerhedsbriller, for at beskytte dig selv mod hydraulikv\u00e6ske.<\/li>\n<\/ul>\n<\/li>\n<li><strong>Identific\u00e9r udluftningsventilen:<\/strong>\n<ul>\n<li>Find udluftningsventilen p\u00e5 den hydrauliske cylinder. Det er typisk en lille fitting med en st\u00f8vh\u00e6tte. Udluftningsventilen tillader luft, der er fanget i cylinderen, at slippe ud.<\/li>\n<\/ul>\n<\/li>\n<li><strong>Forl\u00e6ng cylinderen:<\/strong>\n<ul>\n<li>Aktiver den hydrauliske pumpe eller ventil, og styr cylinderen for at forl\u00e6nge stemplet helt. Denne bev\u00e6gelse hj\u00e6lper eventuelle luftbobler med at stige op til toppen af \u200b\u200bcylinderen.<\/li>\n<\/ul>\n<\/li>\n<li><strong>Fjern st\u00f8vh\u00e6tten:<\/strong>\n<ul>\n<li>Tag st\u00f8vh\u00e6tten af \u200b\u200budluftningsventilen. L\u00e6g den til side et sikkert sted.<\/li>\n<\/ul>\n<\/li>\n<li><strong>\u00c5bn udluftningsventilen:<\/strong>\n<ul>\n<li>Drej udluftningsventilen mod uret med en passende skruen\u00f8gle eller et passende v\u00e6rkt\u00f8j for at \u00e5bne den. Dette tillader luft og eventuel indesp\u00e6rret v\u00e6ske at slippe ud af cylinderen.<\/li>\n<\/ul>\n<\/li>\n<li><strong>Tr\u00e6k cylinderen tilbage:<\/strong>\n<ul>\n<li>Udl\u00f8s det hydrauliske tryk, og lad cylinderen tr\u00e6kke sig helt tilbage. Dette kan indeb\u00e6re aktivering af en kontrolventil eller udl\u00f8sning af enhver ekstern kraft, der holdt cylinderen udstrakt.<\/li>\n<\/ul>\n<\/li>\n<li><strong>Observer v\u00e6skestr\u00f8mmen:<\/strong>\n<ul>\n<li>Hold \u00f8je med v\u00e6skestr\u00f8mmen fra udluftningsventilen. I starten kan du bem\u00e6rke luftbobler, der kommer ud sammen med v\u00e6sken. Lad v\u00e6sken str\u00f8mme, indtil der ikke er flere bobler, hvilket indikerer, at luften er blevet t\u00f8mt fra cylinderen.<\/li>\n<\/ul>\n<\/li>\n<li><strong>Luk udluftningsventilen:<\/strong>\n<ul>\n<li>N\u00e5r du har fjernet alle luftbobler, skal du lukke udluftningsventilen ved at dreje den med uret. S\u00f8rg for, at den er t\u00e6t lukket for at forhindre v\u00e6skel\u00e6kage.<\/li>\n<\/ul>\n<\/li>\n<li><strong>Udvid og tr\u00e6k cylinderen tilbage:<\/strong>\n<ul>\n<li>Gentag trin 3 til 8, og tr\u00e6k cylinderen ud og ind igen for at sikre, at eventuel resterende luft er udluftet fra systemet. Dette trin er med til at sikre grundig udluftning af den hydrauliske cylinder.<\/li>\n<\/ul>\n<\/li>\n<li><strong>Kontroller v\u00e6skeniveau:<\/strong>\n<ul>\n<li>Efter udluftning af cylinderen skal du kontrollere hydraulikv\u00e6skeniveauet i systemets beholder. Tils\u00e6t v\u00e6ske om n\u00f8dvendigt for at opretholde det anbefalede niveau.<\/li>\n<\/ul>\n<\/li>\n<\/ol>\n<h2><strong>Fabrikkens kapacitet og kapacitet:<\/strong><\/h2>\n<h3>(1) Samling<\/h3>\n<p>Vi har en f\u00f8rsteklasses uafh\u00e6ngig forsknings- og udviklingsplatform til montering. V\u00e6rkstedet for produktion af hydrauliske cylindre har fire halvautomatiske l\u00f8ftecylindermonteringslinjer og en automatisk vippecylindermonteringslinje med en designm\u00e6ssig \u00e5rlig produktionskapacitet p\u00e5 1 million enheder. Det specielle cylinderv\u00e6rksted er udstyret med forskellige specifikationer for et halvautomatisk reng\u00f8ringsmonteringssystem med en designm\u00e6ssig \u00e5rlig produktionskapacitet p\u00e5 200.000 og udstyret med ber\u00f8mt CNC-bearbejdningsudstyr, et bearbejdningscenter, et specialudstyr til h\u00f8jpr\u00e6cisionscylinderbearbejdning, en robotsvejsemaskine, en automatisk reng\u00f8ringsmaskine, en automatisk cylindermonteringsmaskine og en automatisk malingslinje. Eksisterende kritisk udstyr p\u00e5 mere end 300 s\u00e6t (s\u00e6t). Optimal allokering og effektiv udnyttelse af udstyrsressourcer sikrer produkternes n\u00f8jagtighedskrav og opfylder produkternes h\u00f8je kvalitetsbehov.<\/p>\n<p><img loading=\"lazy\" decoding=\"async\" class=\"alignnone wp-image-626\" src=\"https:\/\/hydraulic-cylinders.net\/wp-content\/uploads\/2023\/08\/hydraulic-cylinder-product-1-300x158.webp\" alt=\"\" width=\"495\" height=\"260\" srcset=\"https:\/\/hydraulic-cylinders.net\/wp-content\/uploads\/2023\/08\/hydraulic-cylinder-product-1-300x158.webp 495w, https:\/\/hydraulic-cylinders.net\/wp-content\/uploads\/2023\/08\/hydraulic-cylinder-product-1-480x252.webp 480w\" sizes=\"(min-width: 0px) and (max-width: 480px) 480px, (min-width: 481px) 495px, 100vw\" \/> <img loading=\"lazy\" decoding=\"async\" class=\"alignnone wp-image-627\" src=\"https:\/\/hydraulic-cylinders.net\/wp-content\/uploads\/2023\/08\/hydraulic-cylinder-product-2-300x189.webp\" alt=\"\" width=\"413\" height=\"260\" \/><\/p>\n<h3>(2) Maskinbearbejdning<\/h3>\n<p>Bearbejdningsv\u00e6rkstedet er udstyret med et specialfremstillet drejecenter til skr\u00e5 skinner, bearbejdningscenter, h\u00f8jhastigheds-honemaskine, svejserobot og andet relateret udstyr, der kan h\u00e5ndtere bearbejdning af cylinderr\u00f8r med en maksimal indre diameter p\u00e5 400 mm og en maksimal l\u00e6ngde p\u00e5 6 meter.<\/p>\n<p><img loading=\"lazy\" decoding=\"async\" class=\"alignnone wp-image-628 size-large\" src=\"https:\/\/hydraulic-cylinders.net\/wp-content\/uploads\/2023\/08\/hydraulic-cylinder-product-3-1024x391.webp\" alt=\"\" width=\"1024\" height=\"391\" srcset=\"https:\/\/hydraulic-cylinders.net\/wp-content\/uploads\/2023\/08\/hydraulic-cylinder-product-3-980x374.webp 980w, https:\/\/hydraulic-cylinders.net\/wp-content\/uploads\/2023\/08\/hydraulic-cylinder-product-3-480x183.webp 480w\" sizes=\"(min-width: 0px) and (max-width: 480px) 480px, (min-width: 481px) and (max-width: 980px) 980px, (min-width: 981px) 1024px, 100vw\" \/><\/p>\n<h3>(3) Svejsning<\/h3>\n<p><img loading=\"lazy\" decoding=\"async\" class=\"alignnone wp-image-629 size-large\" src=\"https:\/\/hydraulic-cylinders.net\/wp-content\/uploads\/2023\/08\/hydraulic-cylinder-product-4-1024x510.webp\" alt=\"\" width=\"1024\" height=\"510\" srcset=\"https:\/\/hydraulic-cylinders.net\/wp-content\/uploads\/2023\/08\/hydraulic-cylinder-product-4-980x488.webp 980w, https:\/\/hydraulic-cylinders.net\/wp-content\/uploads\/2023\/08\/hydraulic-cylinder-product-4-480x239.webp 480w\" sizes=\"(min-width: 0px) and (max-width: 480px) 480px, (min-width: 481px) and (max-width: 980px) 980px, (min-width: 981px) 1024px, 100vw\" \/><\/p>\n<h3>(4) Maling og overfladebehandling<\/h3>\n<p>Med sm\u00e5 og mellemstore cylindriske automatiske vandbaserede malingsbel\u00e6gningslinjer, for at opn\u00e5 automatisk robotp\u00e5fyldning og -afl\u00e6sning samt automatisk spr\u00f8jtning, er den designm\u00e6ssige kapacitet p\u00e5 4000 stykker pr. skift;<br \/>\nVi har ogs\u00e5 en halvautomatisk malingsproduktionslinje til store cylindre drevet af en kabelk\u00e6de med en designkapacitet p\u00e5 60 kasser pr. skift.<\/p>\n<p><img loading=\"lazy\" decoding=\"async\" class=\"alignnone wp-image-630\" src=\"https:\/\/hydraulic-cylinders.net\/wp-content\/uploads\/2023\/08\/hydraulic-cylinder-product-5-300x213.webp\" alt=\"\" width=\"366\" height=\"260\" \/> <img loading=\"lazy\" decoding=\"async\" class=\"alignnone wp-image-631\" src=\"https:\/\/hydraulic-cylinders.net\/wp-content\/uploads\/2023\/08\/hydraulic-cylinder-product-6-300x225.webp\" alt=\"\" width=\"347\" height=\"260\" \/><\/p>\n<h3>(5) Testning<\/h3>\n<p>Vi har f\u00f8rsteklasses inspektionsfaciliteter og testb\u00e6nke for at sikre, at cylinderens ydeevne opfylder kravene.<\/p>\n<p><img loading=\"lazy\" decoding=\"async\" class=\"alignnone wp-image-632\" src=\"https:\/\/hydraulic-cylinders.net\/wp-content\/uploads\/2023\/08\/hydraulic-cylinder-product-8-300x200.webp\" alt=\"\" width=\"389\" height=\"260\" \/><\/p>\n<p>&nbsp;<\/p>\n<p>&nbsp;<\/p>\n<p>Vi er en af \u200b\u200bde bedste producenter af hydrauliske cylindre. Vi kan tilbyde et omfattende udvalg af hydrauliske cylindre. Vi leverer ogs\u00e5 tilsvarende <a href=\"https:\/\/hzpt.com\/agricultural-pto-gearbox\/\" target=\"_blank\" rel=\"noopener\">landbrugsgearkasser<\/a>Vi har eksporteret vores produkter til kunder over hele verden og har opn\u00e5et et godt omd\u00f8mme p\u00e5 grund af vores overlegne produktkvalitet og eftersalgsservice. Vi byder kunder i ind- og udland velkommen til at kontakte os for at forhandle forretninger, udveksle information og <a href=\"https:\/\/www.hydraulic-cylinders.net\/da\/contact-us\/\">samarbejde med os<\/a>!<\/p>\n<p>&nbsp;<\/p>","protected":false},"excerpt":{"rendered":"<p>Shield Machine Crusher Cylinder The shield machine crusher cylinder is a cutting-edge hydraulic component designed to enhance shield machines&#8217; crushing efficiency and productivity in tunneling operations. This specialized cylinder plays a vital role in the fragmentation and crushing of rock and soil, enabling smooth excavation and rapid progress. This comprehensive article will delve into the [&hellip;]<\/p>","protected":false},"featured_media":1892,"comment_status":"open","ping_status":"closed","template":"","meta":{"_et_pb_use_builder":"","_et_pb_old_content":"","_et_gb_content_width":""},"product_brand":[],"product_cat":[1519,1549],"product_tag":[1380],"class_list":{"0":"post-1890","1":"product","2":"type-product","3":"status-publish","4":"has-post-thumbnail","6":"product_cat-shield-machine-hydraulic-cylinders","7":"product_cat-single-acting-hydraulic-cylinder","8":"product_tag-hydraulic-cylinder","10":"first","11":"instock","12":"shipping-taxable","13":"product-type-simple"},"amp_enabled":true,"_links":{"self":[{"href":"https:\/\/www.hydraulic-cylinders.net\/da\/wp-json\/wp\/v2\/product\/1890","targetHints":{"allow":["GET"]}}],"collection":[{"href":"https:\/\/www.hydraulic-cylinders.net\/da\/wp-json\/wp\/v2\/product"}],"about":[{"href":"https:\/\/www.hydraulic-cylinders.net\/da\/wp-json\/wp\/v2\/types\/product"}],"replies":[{"embeddable":true,"href":"https:\/\/www.hydraulic-cylinders.net\/da\/wp-json\/wp\/v2\/comments?post=1890"}],"wp:featuredmedia":[{"embeddable":true,"href":"https:\/\/www.hydraulic-cylinders.net\/da\/wp-json\/wp\/v2\/media\/1892"}],"wp:attachment":[{"href":"https:\/\/www.hydraulic-cylinders.net\/da\/wp-json\/wp\/v2\/media?parent=1890"}],"wp:term":[{"taxonomy":"product_brand","embeddable":true,"href":"https:\/\/www.hydraulic-cylinders.net\/da\/wp-json\/wp\/v2\/product_brand?post=1890"},{"taxonomy":"product_cat","embeddable":true,"href":"https:\/\/www.hydraulic-cylinders.net\/da\/wp-json\/wp\/v2\/product_cat?post=1890"},{"taxonomy":"product_tag","embeddable":true,"href":"https:\/\/www.hydraulic-cylinders.net\/da\/wp-json\/wp\/v2\/product_tag?post=1890"}],"curies":[{"name":"wp","href":"https:\/\/api.w.org\/{rel}","templated":true}]}}