{"id":18920,"date":"2025-04-07T06:02:18","date_gmt":"2025-04-07T06:02:18","guid":{"rendered":"https:\/\/www.hydraulic-cylinders.net\/product\/boom-cylinder-for-caterpillar-small-excavator-e305ecr\/"},"modified":"2025-04-07T06:02:21","modified_gmt":"2025-04-07T06:02:21","slug":"boom-cylinder-for-caterpillar-small-excavator-e305ecr","status":"publish","type":"product","link":"https:\/\/www.hydraulic-cylinders.net\/da\/vare\/boom-cylinder-for-caterpillar-small-excavator-e305ecr\/","title":{"rendered":"Bomcylinder til Caterpillar lille gravemaskine E305ECR"},"content":{"rendered":"<h1>Bomcylinder til Caterpillar lille gravemaskine E305ECR<\/h1>\n<h2>Produktoversigt<\/h2>\n<p>Bomcylinderen til Caterpillar Small Excavator E305ECR er en essentiel hydraulisk komponent, der spiller en central rolle i funktionaliteten af \u200b\u200btunge maskiner. Denne type hydraulisk cylinder er specielt designet til at styre bev\u00e6gelserne af gravemaskinens skovle, s\u00e5 f\u00f8reren kan l\u00f8fte, s\u00e6nke og vippe skovlen effektivt. Denne funktion er afg\u00f8rende for forskellige materialeh\u00e5ndteringsopgaver, herunder udgravning, l\u00e6sning og transport af materialer.<\/p>\n<p><img decoding=\"async\" src=\"https:\/\/www.hydraulic-cylinders.net\/wp-content\/uploads\/2025\/04\/songte-company-1.webp\" alt=\"Bomcylinder til gravemaskine\" \/><\/p>\n<h3>Definition og anvendelse af spandcylindre<\/h3>\n<p>Skovlcylindre, ogs\u00e5 kendt som hydrauliske cylindre, er specialiserede enheder, der anvendes i tunge maskiner s\u00e5som gravemaskiner, rendegravere og frontl\u00e6ssere. Disse cylindre letter skovlens bev\u00e6gelse, s\u00e5 den kan udf\u00f8re vigtige funktioner i forbindelse med bygge- og gravearbejde. De bruger hydraulisk v\u00e6sketryk til at skabe en kraft, der forl\u00e6nger eller tr\u00e6kker cylinderen tilbage, s\u00e5 skovlen kan udf\u00f8re forskellige operationer effektivt.<\/p>\n<h2>Produktfunktioner<\/h2>\n<ul>\n<li><strong>H\u00f8j styrke og holdbarhed:<\/strong> Disse cylindre er fremstillet af h\u00f8jstyrkest\u00e5l eller aluminium og kan modst\u00e5 h\u00f8jt tryk og tunge belastninger, hvilket g\u00f8r dem velegnede til barske arbejdsmilj\u00f8er, samtidig med at de sikrer lang levetid.<\/li>\n<li><strong>Effektiv hydraulisk drift:<\/strong> Det hydrauliske olietryk muligg\u00f8r j\u00e6vn og responsiv ud- og indtr\u00e6kning og leverer en kraftig tr\u00e6k- og skubbekraft, der er ideel til h\u00e5ndtering af tunge materialer.<\/li>\n<li><strong>Forskellige typer:<\/strong> Disse cylindre f\u00e5s i enkeltvirkende (virker i \u00e9n retning) og dobbeltvirkende (virker i begge retninger) versioner og kan skr\u00e6ddersys til at opfylde specifikke driftskrav.<\/li>\n<li><strong>Pladsbesparende design:<\/strong> Nogle modeller har teleskopiske designs, der muligg\u00f8r st\u00f8rre udtr\u00e6k uden at \u00f8ge de udvendige dimensioner, hvilket er ideelt til applikationer med pladsmangel.<\/li>\n<\/ul>\n<h3>Vores produktionskapaciteter<\/h3>\n<p>Vi er stolte af at fremstille dette produkt og tilbyder hydrauliske cylindre, der perfekt erstatter de originale enheder. Vores engagement i kvalitet sikrer, at vores produkter opfylder og overg\u00e5r branchestandarder.<\/p>\n<p><img decoding=\"async\" src=\"https:\/\/www.hydraulic-cylinders.net\/wp-content\/uploads\/2025\/04\/songte-cylinder-head-with-all-kinds-excavator-models.webp\" alt=\"Fremstilling af hydrauliske cylindre\" \/><\/p>\n<h2>Applikationsscenarier<\/h2>\n<h3>Entrepren\u00f8rudstyr<\/h3>\n<p>I gravemaskiner er bomcylindre afg\u00f8rende for gravning, lastning og flytning af jord eller affald. De g\u00f8r det muligt for skovlen at tr\u00e6nge effektivt ned i jorden, hvilket muligg\u00f8r hurtige graveopgaver. I rendegravere hj\u00e6lper bomcylinderen med b\u00e5de grave- og l\u00f8fteoperationer, hvilket \u00f8ger produktiviteten p\u00e5 arbejdspladserne.<\/p>\n<h3>Landbrugsmaskiner<\/h3>\n<p>Frontl\u00e6ssere bruger bomcylindre til at skovle, l\u00f8fte og transportere jord, h\u00f8 og andre materialer. Den effektive drift af disse cylindre er afg\u00f8rende for landbrugsopgaver, da det sikrer, at landm\u00e6nd kan h\u00e5ndtere materialer effektivt og med minimal indsats.<\/p>\n<h3>Udgravningsopgaver<\/h3>\n<p>I almindelige gravemaskiner tillader bomcylinderen skovlen at tr\u00e6nge ned i jorden, hvilket muligg\u00f8r effektive gravehandlinger. Denne funktion er afg\u00f8rende for at udf\u00f8re graveopgaver hurtigt og effektivt, hvilket p\u00e5virker projektets tidsfrister betydeligt.<\/p>\n<h3>L\u00e6sseroperationer<\/h3>\n<p>I frontl\u00e6ssere hj\u00e6lper bomcylindre med effektivt at l\u00f8fte og losse materialer. Deres p\u00e5lidelige drift sikrer, at l\u00e6sseren kan h\u00e5ndtere tunge l\u00e6s, hvilket bidrager til effektiviteten af \u200b\u200bl\u00e6sse- og losningsprocesserne.<\/p>\n<h2>Designovervejelser og udv\u00e6lgelseskriterier<\/h2>\n<h3>Lastkapacitet<\/h3>\n<p>N\u00e5r man v\u00e6lger en bomcylinder, er det afg\u00f8rende at forst\u00e5 lastekapaciteten. Cylinderen skal v\u00e6re klassificeret til at h\u00e5ndtere den maksimale v\u00e6gt, den vil blive udsat for under drift. Valg af en cylinder med utilstr\u00e6kkelig lastekapacitet kan f\u00f8re til fejl og sikkerhedsrisici, hvilket kompromitterer b\u00e5de udstyrs- og f\u00f8rersikkerheden. Det er vigtigt at vurdere de maksimale l\u00f8ftekrav baseret p\u00e5 de opgaver, der skal udf\u00f8res.<\/p>\n<h3>Forsegling og holdbarhed<\/h3>\n<p>T\u00e6tning er en anden kritisk designovervejelse. T\u00e6tningernes integritet forhindrer l\u00e6kage af hydraulikv\u00e6ske, hvilket er afg\u00f8rende for at opretholde trykket og sikre effektiv drift. T\u00e6tninger af h\u00f8j kvalitet fremstillet af materialer som polyurethan eller nitrilgummi forbedrer holdbarheden og slidstyrken, hvilket forl\u00e6nger den hydrauliske cylinders levetid. Regelm\u00e6ssig inspektion og vedligeholdelse af t\u00e6tninger er n\u00f8dvendig for at undg\u00e5 ydelsesproblemer.<\/p>\n<h3>Sikkerhedsfunktioner<\/h3>\n<p>Sikkerhedsfunktioner er altafg\u00f8rende ved design af hydrauliske cylindre. De skal indeholde mekanismer, der forhindrer overudstr\u00e6kning og sikrer, at cylinderen kan h\u00e5ndtere uventede belastninger. Implementering af sikkerhedsforanstaltninger, s\u00e5som stopkraver og trykaflastningsventiler, er afg\u00f8rende for at beskytte b\u00e5de maskiner og operat\u00f8rer mod potentielle ulykker.<\/p>\n<h3>Vedligeholdelsestilg\u00e6ngelighed<\/h3>\n<p>Designet b\u00f8r ogs\u00e5 tage hensyn til tilg\u00e6ngelighed til vedligeholdelse. Hydrauliske cylindre, der er nemme at servicere, kan reducere nedetid og vedligeholdelsesomkostninger betydeligt. Funktioner, der muligg\u00f8r hurtig udskiftning af pakninger, sm\u00f8repunkter og inspektionsporte, forbedrer cylinderens samlede brugervenlighed og levetid.<\/p>\n<p><img decoding=\"async\" src=\"https:\/\/www.hydraulic-cylinders.net\/wp-content\/uploads\/2025\/04\/songte-oil-pipes-and-spare-parts.webp\" alt=\"Hydrauliske komponenter\" \/><\/p>\n<h2>T\u00e6tning og sm\u00f8ring<\/h2>\n<p>Hydrauliske cylindres effektivitet afh\u00e6nger i h\u00f8j grad af korrekt t\u00e6tning og sm\u00f8ring. Forskellige t\u00e6tninger, s\u00e5som stempelt\u00e6tninger og stangt\u00e6tninger, anvendes til at opretholde hydraulisk tryk. T\u00e6tninger er typisk lavet af holdbare materialer, herunder polyurethan og nitrilgummi, for at modst\u00e5 slid og forhindre l\u00e6kage. Cylinderhuset og gevindenderne gennemg\u00e5r pr\u00e6cisionsbearbejdning for at forbedre slidstyrken.<\/p>\n<p>Regelm\u00e6ssig sm\u00f8ring er ogs\u00e5 afg\u00f8rende for at sikre problemfri drift. Tilstr\u00e6kkelige m\u00e6ngder hydraulikolie skal indspr\u00f8jtes med j\u00e6vne mellemrum for at opretholde sm\u00f8ringen af \u200b\u200bde indvendige komponenter og forhindre friktion og slid. Det er vigtigt at f\u00f8lge en defineret sm\u00f8replan for at opretholde cylinderens ydeevne og levetid.<\/p>\n<h2>Forebyggende vedligeholdelsesforanstaltninger<\/h2>\n<ul>\n<li><strong>Regelm\u00e6ssige inspektioner:<\/strong> Udf\u00f8relse af rutinem\u00e6ssige inspektioner hj\u00e6lper med at identificere potentielle problemer, f\u00f8r de eskalerer. Kontroller for tegn p\u00e5 slid, l\u00e6kager og komponentslid for at sikre, at cylinderen fungerer optimalt.<\/li>\n<li><strong>Korrekt sm\u00f8ring:<\/strong> S\u00f8rg for, at cylinderen altid er korrekt smurt. Brug den anbefalede hydraulikolie, og f\u00f8lg sm\u00f8reskemaet for at opretholde ydeevnen.<\/li>\n<li><strong>Udskiftning af pakning:<\/strong> Pakninger b\u00f8r udskiftes med j\u00e6vne mellemrum baseret p\u00e5 inspektionsresultater. Slidte pakninger kan f\u00f8re til v\u00e6skel\u00e6kage, hvilket p\u00e5virker hydrauliksystemets effektivitet og potentielt for\u00e5rsager skader.<\/li>\n<\/ul>\n<h2>Installationsvejledning<\/h2>\n<p>Korrekt montering af bomcylinderen er afg\u00f8rende for optimal ydeevne. Start med at sikre, at monteringsbeslagene er rene og fri for snavs. Juster cylinderen n\u00f8jagtigt med monteringspunkterne for at forhindre forkert justering, hvilket kan f\u00f8re til for tidligt slid.<\/p>\n<p>Brug passende monteringsudstyr til at fastg\u00f8re cylinderen, og s\u00f8rg for at sp\u00e6nde boltene i henhold til producentens specifikationer. Efter installation skal cylinderens justering og funktionalitet dobbelttjekkes f\u00f8r brug. Korrekt justering sikrer, at cylinderen fungerer problemfrit og effektivt, hvilket minimerer slid og forl\u00e6nger dens levetid.<\/p>\n<h2>Almindelige vedligeholdelsesopgaver<\/h2>\n<h3>Regelm\u00e6ssige inspektioner<\/h3>\n<p>Det er afg\u00f8rende at udf\u00f8re regelm\u00e6ssige inspektioner for at opretholde bomcylinderens ydeevne og sikkerhed. Se efter tegn p\u00e5 v\u00e6skel\u00e6kager, slid og us\u00e6dvanlige lyde under drift. Regelm\u00e6ssige vurderinger g\u00f8r det muligt for f\u00f8rere at opdage problemer tidligt og forhindre dyre reparationer.<\/p>\n<h3>Korrekt sm\u00f8ring<\/h3>\n<p>Det er vigtigt at sikre, at den hydrauliske cylinder er tilstr\u00e6kkeligt smurt for at forhindre slitage. Regelm\u00e6ssig kontrol af sm\u00f8reniveauer og p\u00e5f\u00f8ring af hydraulikolie efter behov er n\u00f8glen til at opretholde en problemfri drift. Tilstr\u00e6kkelig sm\u00f8ring reducerer friktionen mellem bev\u00e6gelige dele, hvilket kan forl\u00e6nge cylinderens levetid.<\/p>\n<h3>Udskiftning af pakning<\/h3>\n<p>Pakninger er kritiske komponenter, der kr\u00e6ver periodisk udskiftning. Kontroller regelm\u00e6ssigt pakningernes tilstand, og udskift dem, hvis der opdages tegn p\u00e5 slid eller skade. S\u00f8rg for, at pakningerne er i god stand, forhindrer l\u00e6kage af hydraulikv\u00e6ske og opretholder trykket i systemet, hvilket fremmer effektiv drift.<\/p>\n<p><img decoding=\"async\" src=\"https:\/\/www.hydraulic-cylinders.net\/wp-content\/uploads\/2025\/04\/songte-chushion-collar.webp\" alt=\"Hydrauliske cylinderdele\" \/><\/p>\n<h2>Sikkerhedshensyn og milj\u00f8faktorer<\/h2>\n<p>N\u00e5r man arbejder med hydrauliske cylindre, er sikkerhedsforanstaltninger altafg\u00f8rende. Operat\u00f8rer skal v\u00e6re opm\u00e6rksomme p\u00e5 de potentielle farer forbundet med h\u00f8jtrykssystemer. Korrekt tr\u00e6ning i sikker betjening, n\u00f8dprocedurer og overholdelse af sikkerhedsprotokoller er afg\u00f8rende for at minimere risici.<\/p>\n<p>Derudover b\u00f8r milj\u00f8faktorer tages i betragtning. At sikre, at hydrauliske v\u00e6sker h\u00e5ndteres og bortskaffes korrekt, beskytter b\u00e5de milj\u00f8et og medarbejdernes sikkerhed. Implementering af strategier til forebyggelse af spild og overholdelse af milj\u00f8venlige praksisser forbedrer den samlede sikkerhed og b\u00e6redygtighed.<\/p>\n<h2>Fejldiagnose og almindelige problemer<\/h2>\n<ul>\n<li><strong>V\u00e6skel\u00e6kager:<\/strong> V\u00e6skel\u00e6kager er ofte et tegn p\u00e5 slidte pakninger eller beskadigede komponenter. Regelm\u00e6ssig inspektion og rettidig udskiftning af pakninger er afg\u00f8rende for at forhindre driftsproblemer.<\/li>\n<li><strong>Reduceret ydeevne:<\/strong> Hvis cylinderen ikke tr\u00e6kkes j\u00e6vnt ud eller ind, kan det v\u00e6re tegn p\u00e5 lave hydraulikv\u00e6skeniveauer eller intern skade. Det er n\u00f8dvendigt at kontrollere v\u00e6skeniveauerne og udf\u00f8re grundige inspektioner for at identificere og l\u00f8se problemet.<\/li>\n<li><strong>Us\u00e6dvanlige lyde:<\/strong> Eventuelle unormale lyde under drift kan indikere mekaniske problemer. Hurtig unders\u00f8gelse af st\u00f8jkilden kan forhindre yderligere skader og sikre sikkerheden.<\/li>\n<\/ul>\n<h2>Tips til fejlfinding<\/h2>\n<p>For effektivt at diagnosticere og l\u00f8se problemer b\u00f8r operat\u00f8rer f\u00f8lge en systematisk tilgang. Start med en visuel inspektion for at identificere eventuelle synlige problemer, s\u00e5som l\u00e6kager eller forkert justering. Kontroller derefter hydraulikv\u00e6skeniveauet, og fyld om n\u00f8dvendigt p\u00e5 for at opretholde trykket. Ved us\u00e6dvanlige lyde b\u00f8r du overveje at unders\u00f8ge cylinderen for tegn p\u00e5 indvendig slitage eller skade.<\/p>\n<p>Implementering af forebyggende foranstaltninger, s\u00e5som regelm\u00e6ssig vedligeholdelse og inspektioner, kan reducere sandsynligheden for potentielle problemer betydeligt. Etablering af en rutinem\u00e6ssig vedligeholdelsesplan vil hj\u00e6lpe med at holde den hydrauliske cylinder i optimal stand, hvilket minimerer nedetid og reparationsomkostninger.<\/p>\n<p><img decoding=\"async\" src=\"https:\/\/www.hydraulic-cylinders.net\/wp-content\/uploads\/2025\/04\/songte-bushings-with-all-kinds-of-excavator-models.webp\" alt=\"Gravemaskineb\u00f8sninger\" \/><\/p>\n<h2>Om vores virksomhed<\/h2>\n<p>Vi er en f\u00f8rende producent af hydrauliske udskiftningscylindre og tilbyder en bred vifte af produkter, der henvender sig til b\u00e5de indenlandske og internationale markeder. Vores engagement i fremragende kvalitet og pr\u00e6cisionsfremstilling har etableret os som en f\u00f8rende leverand\u00f8r i hydrauliske cylinderindustrien.<\/p>\n<p>Vores topmoderne produktionsfaciliteter anvender avancerede teknologier og dygtige fagfolk for at forbedre vores produktionskapacitet. Vi overholder strenge kvalitetskontrolprocesser og internationale certificeringer for at sikre, at hvert produkt opfylder de h\u00f8jeste branchestandarder. Derudover tilbyder vi skr\u00e6ddersyede l\u00f8sninger, der opfylder vores kunders specifikke behov.<\/p>\n<p>Vores eftersalgsservice er dedikeret til at yde l\u00f8bende support til vores kunder og sikre, at deres behov bliver opfyldt, selv efter k\u00f8bet. Vores professionelle team er altid klar til at hj\u00e6lpe med eventuelle foresp\u00f8rgsler, reparationer eller udskiftninger.<\/p>\n<p><img decoding=\"async\" src=\"https:\/\/www.hydraulic-cylinders.net\/wp-content\/uploads\/2025\/04\/songte-company-4.webp\" alt=\"Virksomhedsoversigt\" \/><br \/>\n<img decoding=\"async\" src=\"https:\/\/www.hydraulic-cylinders.net\/wp-content\/uploads\/2025\/04\/songte-company-3.webp\" alt=\"Produktionsanl\u00e6g\" \/><\/p>\n<p>Forfatter: lyl<\/p>","protected":false},"excerpt":{"rendered":"<p>Boom Cylinder For Caterpillar Small Excavator E305ECR Product Overview The Boom Cylinder for Caterpillar Small Excavator E305ECR is an essential hydraulic component that plays a pivotal role in the functionality of heavy machinery. This type of hydraulic cylinder is specifically designed to control the movements of excavator buckets, allowing operators to lift, lower, and tilt [&hellip;]<\/p>","protected":false},"featured_media":17877,"comment_status":"open","ping_status":"closed","template":"","meta":{"_et_pb_use_builder":"","_et_pb_old_content":"","_et_gb_content_width":""},"product_brand":[],"product_cat":[1546],"product_tag":[1547,1496],"class_list":{"0":"post-18920","1":"product","2":"type-product","3":"status-publish","4":"has-post-thumbnail","6":"product_cat-boom-cylinders","7":"product_tag-boom-cylinders","8":"product_tag-hydraulic-cylinders","10":"first","11":"instock","12":"shipping-taxable","13":"product-type-simple"},"amp_enabled":true,"_links":{"self":[{"href":"https:\/\/www.hydraulic-cylinders.net\/da\/wp-json\/wp\/v2\/product\/18920","targetHints":{"allow":["GET"]}}],"collection":[{"href":"https:\/\/www.hydraulic-cylinders.net\/da\/wp-json\/wp\/v2\/product"}],"about":[{"href":"https:\/\/www.hydraulic-cylinders.net\/da\/wp-json\/wp\/v2\/types\/product"}],"replies":[{"embeddable":true,"href":"https:\/\/www.hydraulic-cylinders.net\/da\/wp-json\/wp\/v2\/comments?post=18920"}],"wp:featuredmedia":[{"embeddable":true,"href":"https:\/\/www.hydraulic-cylinders.net\/da\/wp-json\/wp\/v2\/media\/17877"}],"wp:attachment":[{"href":"https:\/\/www.hydraulic-cylinders.net\/da\/wp-json\/wp\/v2\/media?parent=18920"}],"wp:term":[{"taxonomy":"product_brand","embeddable":true,"href":"https:\/\/www.hydraulic-cylinders.net\/da\/wp-json\/wp\/v2\/product_brand?post=18920"},{"taxonomy":"product_cat","embeddable":true,"href":"https:\/\/www.hydraulic-cylinders.net\/da\/wp-json\/wp\/v2\/product_cat?post=18920"},{"taxonomy":"product_tag","embeddable":true,"href":"https:\/\/www.hydraulic-cylinders.net\/da\/wp-json\/wp\/v2\/product_tag?post=18920"}],"curies":[{"name":"wp","href":"https:\/\/api.w.org\/{rel}","templated":true}]}}