{"id":18924,"date":"2025-04-07T06:02:28","date_gmt":"2025-04-07T06:02:28","guid":{"rendered":"https:\/\/www.hydraulic-cylinders.net\/product\/boom-cylinder-for-caterpillar-small-excavator-e110-110b\/"},"modified":"2025-04-07T06:02:31","modified_gmt":"2025-04-07T06:02:31","slug":"boom-cylinder-for-caterpillar-small-excavator-e110-110b","status":"publish","type":"product","link":"https:\/\/www.hydraulic-cylinders.net\/da\/vare\/boom-cylinder-for-caterpillar-small-excavator-e110-110b\/","title":{"rendered":"Bomcylinder til Caterpillar lille gravemaskine E110\/110B"},"content":{"rendered":"<h1>Bomcylinder til Caterpillar lille gravemaskine E110\/110B<\/h1>\n<h2>Produktoversigt<\/h2>\n<p>Bomcylinderen er en afg\u00f8rende hydraulisk komponent, der er specielt designet til Caterpillar Small Excavator-modellerne E110 og E110B. Den spiller en afg\u00f8rende rolle i at kontrollere bommens bev\u00e6gelse, s\u00e5 f\u00f8reren kan l\u00f8fte, s\u00e6nke og vippe bommen effektivt. Denne hydrauliske cylinder er afg\u00f8rende for forskellige tunge maskinopgaver, hvilket g\u00f8r den integreret i driften af \u200b\u200bgravemaskiner, rendegravere og frontl\u00e6ssere. Den muligg\u00f8r pr\u00e6cis h\u00e5ndtering af materialer, hvilket forbedrer produktiviteten p\u00e5 byggepladser og andre applikationer.<\/p>\n<p><img decoding=\"async\" src=\"https:\/\/www.hydraulic-cylinders.net\/wp-content\/uploads\/2025\/04\/songte-company-1.webp\" alt=\"Billede af bomcylinder\"><\/p>\n<h3>Definition og funktion af spandcylindre<\/h3>\n<p>En skovlcylinder, en type hydraulisk cylinder, bruges specifikt til at styre skovlens bev\u00e6gelser i tunge maskiner som gravemaskiner, rendegravere og frontl\u00e6ssere. Denne hydrauliske komponent giver operat\u00f8rer mulighed for at udf\u00f8re vigtige opgaver s\u00e5som at l\u00f8fte, s\u00e6nke og vippe skovlen, hvilket er afg\u00f8rende for materialeh\u00e5ndteringsoperationer. Skovlcylinderens funktionalitet er altafg\u00f8rende for at opn\u00e5 den \u00f8nskede ydeevne i forskellige applikationer, herunder udgravning og materialetransport, hvilket g\u00f8r den til en uundv\u00e6rlig del af hydrauliske systemer i entrepren\u00f8rmaskiner.<\/p>\n<h2>N\u00f8glefunktioner ved bomcylinderen<\/h2>\n<ul>\n<li><strong>H\u00f8j styrke og holdbarhed:<\/strong> Denne cylinder er konstrueret af h\u00f8jstyrkest\u00e5l eller aluminium og er designet til at modst\u00e5 h\u00f8jt tryk og tunge belastninger, skr\u00e6ddersyet til barske arbejdsmilj\u00f8er, samtidig med at den sikrer slidstyrke og korrosionsbeskyttelse for l\u00e6ngere levetid.<\/li>\n<li><strong>Effektiv hydraulisk drift:<\/strong> Bomcylinderen bruger hydraulisk olietryk til at muligg\u00f8re j\u00e6vne ud- og indtr\u00e6kningsbev\u00e6gelser, hvilket giver hurtige reaktioner p\u00e5 f\u00f8rerens kommandoer og giver betydelige skubbe- og tr\u00e6kfunktioner, der er egnede til h\u00e5ndtering af tunge og komplekse opgaver.<\/li>\n<li><strong>Forskellige typer:<\/strong> Cylinderen f\u00e5s enten som enkeltvirkende (udnytter hydraulisk kraft i \u00e9n retning) eller dobbeltvirkende (udnytter hydraulisk kraft i begge retninger), og kan v\u00e6lges baseret p\u00e5 specifikke driftskrav. Nogle modeller har ogs\u00e5 teleskopiske designs, der muligg\u00f8r st\u00f8rre udtr\u00e6k uden at \u00f8ge de ydre dimensioner, hvilket er ideelt til applikationer med begr\u00e6nset plads.<\/li>\n<li><strong>Specialfremstilling:<\/strong> Vi tilbyder skr\u00e6ddersyede l\u00f8sninger til produktion af hydrauliske udskiftningscylindre, der perfekt matcher specifikationerne for forskellige maskinmodeller, hvilket sikrer problemfri integration og forbedret ydeevne.<\/li>\n<\/ul>\n<p><img decoding=\"async\" src=\"https:\/\/www.hydraulic-cylinders.net\/wp-content\/uploads\/2025\/04\/songte-cylinder-head-with-all-kinds-excavator-models.webp\" alt=\"Gravemaskinemodeller\"><\/p>\n<h2>Anvendelser af bomcylinderen<\/h2>\n<h3>Entrepren\u00f8rudstyr<\/h3>\n<p>I gravemaskiner er bomcylindre afg\u00f8rende for udgravning, lastning og flytning af jord eller affald. De g\u00f8r det muligt for maskinen at udf\u00f8re forskellige opgaver effektivt, lige fra at grave gr\u00f8fter til at l\u00f8fte tunge materialer. Den pr\u00e6cise kontrol, som bomcylinderen giver, forbedrer f\u00f8rerens evne til at udf\u00f8re komplekse man\u00f8vrer, hvilket g\u00f8r den afg\u00f8rende for forberedelse af byggepladsen og byggeaktiviteter.<\/p>\n<h3>Landbrugsmaskiner<\/h3>\n<p>I frontl\u00e6ssere letter bomcylindrene skrabning, l\u00f8ft og transport af jord, h\u00f8 og andre materialer. Deres robuste design sikrer p\u00e5lidelig ydeevne i kr\u00e6vende landbrugsopgaver, hj\u00e6lper med l\u00e6sning og losning, samtidig med at den samlede produktivitet i landbrugsaktiviteter forbedres.<\/p>\n<h3>Udgravningsmaskineri<\/h3>\n<p>I gravemaskiner g\u00f8r bomcylinderen det muligt for skovlen at tr\u00e6nge effektivt ned i jorden, hvilket letter gravearbejdet. Dens pr\u00e6cise styring muligg\u00f8r forskellige gravedybder og -vinkler, hvilket g\u00f8r den velegnet til adskillige graveopgaver p\u00e5 tv\u00e6rs af forskellige terr\u00e6ner.<\/p>\n<h3>L\u00e6ssere<\/h3>\n<p>I frontl\u00e6ssere hj\u00e6lper bomcylinderen med at l\u00f8fte og losse materialer effektivt. Denne funktion er afg\u00f8rende for hurtig flytning af store m\u00e6ngder jord eller affald, hvilket forbedrer l\u00e6sserens driftseffektivitet og produktivitet betydeligt i l\u00e6sse- og losningsscenarier.<\/p>\n<h2>Designovervejelser og udv\u00e6lgelsesstandarder<\/h2>\n<h3>Lastkapacitet<\/h3>\n<p>En bomcylinders lasteevne er en af \u200b\u200bde mest kritiske designhensyn. Den skal v\u00e6re tilstr\u00e6kkeligt klassificeret til at h\u00e5ndtere de maksimale forventede belastninger under drift. Dette sikrer, at cylinderen fungerer sikkert og effektivt under forskellige forhold. N\u00e5r man v\u00e6lger en hydraulisk cylinder, er det vigtigt at vurdere v\u00e6gten af \u200b\u200bde materialer, der h\u00e5ndteres, og de kr\u00e6fter, der ud\u00f8ves p\u00e5 udstyret, for at sikre, at cylinderen kan im\u00f8dekomme disse krav uden at svigte.<\/p>\n<h3>Forseglingsevne<\/h3>\n<p>T\u00e6tningsevne er afg\u00f8rende for at opretholde hydraulisk effektivitet og forhindre l\u00e6kager. T\u00e6tninger af h\u00f8j kvalitet er designet til at modst\u00e5 de tryk, der opleves i hydrauliske systemer, og giver en barriere mod v\u00e6sketab, samtidig med at de sikrer effektiv drift. Valg af de rigtige t\u00e6tningsmaterialer, s\u00e5som polyurethan eller nitrilgummi, er afg\u00f8rende for at sikre langsigtet p\u00e5lidelighed og ydeevne og minimere vedligeholdelsesbehovet.<\/p>\n<h3>Holdbarhed<\/h3>\n<p>Holdbarhed er en vigtig faktor, n\u00e5r man overvejer en bomcylinders levetid. Den skal v\u00e6re konstrueret af materialer, der kan modst\u00e5 slid og korrosion i udfordrende milj\u00f8er. Designfunktioner b\u00f8r prioritere modstand mod erosion og tr\u00e6thed, hvilket sikrer, at cylinderen opretholder sin operationelle integritet over tid, hvilket er is\u00e6r vigtigt i brancher, hvor udstyr uds\u00e6ttes for barske forhold.<\/p>\n<h3>Sikkerhed<\/h3>\n<p>Sikkerhed er altafg\u00f8rende ved design og valg af en bomcylinder. Funktioner som trykaflastningsventiler og robust konstruktion hj\u00e6lper med at mindske risici forbundet med hydrauliske fejl. At sikre, at cylinderen er designet med sikkerhed i tankerne, beskytter b\u00e5de operat\u00f8rer og maskineri og reducerer sandsynligheden for ulykker under drift.<\/p>\n<h3>Opretholdelse<\/h3>\n<p>Nem vedligeholdelse er en afg\u00f8rende designfaktor, der p\u00e5virker en bomcylinders driftseffektivitet. Cylinderen b\u00f8r v\u00e6re designet til tilg\u00e6ngelighed, hvilket muligg\u00f8r regelm\u00e6ssige inspektioner og service uden overdreven adskillelse. Korrekt design letter rutinem\u00e6ssige vedligeholdelsesopgaver, s\u00e5som udskiftning af pakninger og sm\u00f8ring, hvilket sikrer, at cylinderen forbliver i optimal driftstilstand og forl\u00e6nger dens levetid.<\/p>\n<p><img decoding=\"async\" src=\"https:\/\/www.hydraulic-cylinders.net\/wp-content\/uploads\/2025\/04\/songte-oil-pipes-and-spare-parts.webp\" alt=\"Hydrauliske dele\"><\/p>\n<h2>T\u00e6tning og sm\u00f8ring<\/h2>\n<p>Effektiv t\u00e6tning og sm\u00f8ring er afg\u00f8rende for problemfri drift af bomcylindre. Forskellige t\u00e6tningskomponenter, s\u00e5som stempelt\u00e6tninger og stangt\u00e6tninger, anvendes til at opretholde hydraulikv\u00e6skens integritet. T\u00e6tninger lavet af slidst\u00e6rke materialer som polyurethan og nitrilgummi er udvalgt for deres holdbarhed og effektivitet til at forhindre l\u00e6kager. Cylinderhuset og gevindenderne skal gennemg\u00e5 en omhyggelig overfladebehandling for at forbedre slidstyrken og sikre en t\u00e6t forsegling. Derudover er rutinem\u00e6ssig sm\u00f8ring med hydraulikolie n\u00f8dvendig for at sikre problemfri drift og forhindre slid p\u00e5 indvendige komponenter.<\/p>\n<h2>Rutinem\u00e6ssig inspektion og forebyggende vedligeholdelse<\/h2>\n<ul>\n<li><strong>Regelm\u00e6ssige visuelle inspektioner:<\/strong> Udf\u00f8r regelm\u00e6ssige visuelle kontroller for tegn p\u00e5 slid, l\u00e6kager eller skader. Tidlig opdagelse af problemer kan forhindre mere alvorlige problemer senere hen og sikre, at cylinderen fungerer effektivt og sikkert.<\/li>\n<li><strong>Sm\u00f8ring og vedligeholdelse:<\/strong> Sm\u00f8r cylinderen regelm\u00e6ssigt med den specificerede hydraulikolie for at sikre problemfri drift. Korrekt sm\u00f8ring reducerer friktion og slid, hvilket forbedrer cylinderens levetid og ydeevne.<\/li>\n<li><strong>Udskiftning af pakning:<\/strong> Unders\u00f8g pakningerne for tegn p\u00e5 forringelse eller l\u00e6kager under rutinem\u00e6ssige kontroller. Det er afg\u00f8rende at udskifte pakningerne hurtigt for at opretholde den hydrauliske effektivitet og forhindre v\u00e6sketab.<\/li>\n<\/ul>\n<h2>Installationsvejledning<\/h2>\n<p>Korrekt installation af bomcylinderen er afg\u00f8rende for dens ydeevne og levetid. Start med at sikre, at alle komponenter er rene og fri for snavs f\u00f8r installation. Juster cylinderen n\u00f8jagtigt med monteringspunkterne, og brug passende monteringsbeslag til at fastg\u00f8re den. S\u00f8rg for, at alle hydrauliske forbindelser er t\u00e6tte og l\u00e6kagefri. Efter installation er det vigtigt at teste cylinderen under belastning for at bekr\u00e6fte, at den fungerer problemfrit og effektivt. F\u00f8lg producentens specifikationer for momentindstillinger og tilslutningsprocedurer, og se altid installationsmanualen for detaljeret vejledning.<\/p>\n<h2>Almindelige vedligeholdelsesopgaver<\/h2>\n<ul>\n<li><strong>Regelm\u00e6ssige kontroller:<\/strong> Hyppige inspektioner er vigtige for at identificere slitage p\u00e5 bomcylinderen. S\u00f8rg for at se efter tegn p\u00e5 l\u00e6kage og korrosion, hvilket kan indikere problemer, der kr\u00e6ver \u00f8jeblikkelig opm\u00e6rksomhed.<\/li>\n<li><strong>Korrekt sm\u00f8ring:<\/strong> Sm\u00f8r cylinderen regelm\u00e6ssigt for at sikre, at de indvendige komponenter fungerer problemfrit. Korrekt sm\u00f8ring forhindrer overdreven slitage og sikrer effektiv hydraulisk drift, hvilket forl\u00e6nger udstyrets levetid.<\/li>\n<li><strong>Udskiftning af pakning:<\/strong> Kontroller regelm\u00e6ssigt pakningerne for integritet. Hvis der er tegn p\u00e5 slid eller skade, skal de straks udskiftes for at opretholde den hydrauliske effektivitet og forhindre l\u00e6kager. Korrekt vedligeholdelse af pakningerne kan forl\u00e6nge bomcylinderens levetid betydeligt.<\/li>\n<\/ul>\n<p>Korrekt installation, sm\u00f8ring og justeringer er altafg\u00f8rende for driftseffektiviteten. Under installationen skal det sikres, at cylinderen er pr\u00e6cist justeret for at forhindre belastning af komponenterne, og der skal anvendes passende monteringsbeslag til at fastg\u00f8re den. Regelm\u00e6ssige inspektioner, reparationer og udskiftninger af slidte dele b\u00f8r udf\u00f8res for at opretholde optimal ydeevne og p\u00e5lidelighed.<\/p>\n<p><img decoding=\"async\" src=\"https:\/\/www.hydraulic-cylinders.net\/wp-content\/uploads\/2025\/04\/songte-chushion-collar.webp\" alt=\"Pudekrave\"><\/p>\n<h2>Sikkerhedshensyn og milj\u00f8faktorer<\/h2>\n<p>Ved brug af hydrauliske cylindre er sikkerhedsforanstaltninger af st\u00f8rste vigtighed. S\u00f8rg for, at operat\u00f8rerne er tr\u00e6net i at genkende potentielle farer forbundet med hydrauliske systemer. Regelm\u00e6ssige sikkerhedsrevisioner og overholdelse af sikkerhedsprotokoller er afg\u00f8rende for at minimere risici. Derudover skal du overveje milj\u00f8faktorer, s\u00e5som v\u00e6skebortskaffelse og potentielle l\u00e6kager, og implementere strategier til at afb\u00f8de deres indvirkning p\u00e5 det omgivende milj\u00f8.<\/p>\n<h2>Fejldiagnose og almindelige problemer<\/h2>\n<ul>\n<li><strong>L\u00e6kage:<\/strong> L\u00e6kage er et af de mest almindelige problemer med bomcylindre. Det kan skyldes slidte pakninger eller beskadigede komponenter. Regelm\u00e6ssige inspektioner kan hj\u00e6lpe med at identificere l\u00e6kager tidligt, hvilket muligg\u00f8r rettidige reparationer.<\/li>\n<li><strong>Reduceret ydeevne:<\/strong> Hvis cylinderen ikke opn\u00e5r sin forventede ydeevne, kan det skyldes utilstr\u00e6kkelig sm\u00f8ring eller luftfang i det hydrauliske system. Korrekt vedligeholdelse kan afhj\u00e6lpe disse problemer.<\/li>\n<li><strong>Overophedning:<\/strong> Overophedning kan forekomme, hvis hydraulikv\u00e6sken ikke cirkulerer korrekt, eller hvis der er for stor friktion i systemet. Regelm\u00e6ssig kontrol og v\u00e6skep\u00e5fyldning kan hj\u00e6lpe med at forhindre dette problem.<\/li>\n<\/ul>\n<p>For effektivt at kunne diagnosticere fejl er det vigtigt at udf\u00f8re systematiske kontroller af det hydrauliske system. Regelm\u00e6ssig vedligeholdelse kan forhindre mange almindelige problemer og sikre, at bomcylinderen fungerer effektivt. Operat\u00f8rer b\u00f8r tr\u00e6nes i at genkende tidlige advarselstegn p\u00e5 fejl for at muligg\u00f8re hurtig indgriben.<\/p>\n<p><img decoding=\"async\" src=\"https:\/\/www.hydraulic-cylinders.net\/wp-content\/uploads\/2025\/04\/songte-bushings-with-all-kinds-of-excavator-models.webp\" alt=\"Gravemaskineb\u00f8sninger\"><\/p>\n<h2>Virksomhedsintroduktion<\/h2>\n<p>Vi er en producent, der specialiserer os i udskiftningshydrauliske cylindre, og tilbyder en bred vifte af produkter, der opfylder de forskellige behov p\u00e5 det indenlandske og internationale marked. Som en af \u200b\u200bde f\u00f8rende producenter og grossister af hydrauliske cylindre prioriterer vi fremragende kvalitet. Vores produktionsstrategi fokuserer p\u00e5 raffinerede fremstillingsprocesser, udnyttelse af avanceret digitalt produktionsudstyr og avancerede testsystemer for l\u00f8bende at forbedre vores produktionsplatform. Vores st\u00e6rke innovationskapacitet giver os mulighed for at im\u00f8dekomme vores kunders varierede behov med h\u00f8j effektivitet, pr\u00e6cision og kvalitet.<\/p>\n<p><img decoding=\"async\" src=\"https:\/\/www.hydraulic-cylinders.net\/wp-content\/uploads\/2025\/04\/songte-company-4.webp\" alt=\"Virksomhedsoversigt\"><br \/>\n<img decoding=\"async\" src=\"https:\/\/www.hydraulic-cylinders.net\/wp-content\/uploads\/2025\/04\/songte-company-3.webp\" alt=\"Fremstillingsproces\"><\/p>\n<p>Vores engagement i professionelle tjenester, internationale certificeringer, brugerdefinerede l\u00f8sninger, avanceret produktionsudstyr og hurtig eftersalgssupport adskiller os i branchen. Vi str\u00e6ber efter at give vores kunder ikke kun produkter af h\u00f8j kvalitet, men ogs\u00e5 p\u00e5lidelig support gennem hele deres oplevelse hos os.<\/p>\n<p>Forfatter: lyl<\/p>","protected":false},"excerpt":{"rendered":"<p>Boom Cylinder For Caterpillar Small Excavator E110\/110B Product Overview The Boom Cylinder is a crucial hydraulic component specifically designed for the Caterpillar Small Excavator models E110 and E110B. It plays a vital role in controlling the boom&#8217;s movement, allowing the operator to lift, lower, and tilt the boom efficiently. This hydraulic cylinder is essential for [&hellip;]<\/p>","protected":false},"featured_media":17881,"comment_status":"open","ping_status":"closed","template":"","meta":{"_et_pb_use_builder":"","_et_pb_old_content":"","_et_gb_content_width":""},"product_brand":[],"product_cat":[1546],"product_tag":[1547,1496],"class_list":{"0":"post-18924","1":"product","2":"type-product","3":"status-publish","4":"has-post-thumbnail","6":"product_cat-boom-cylinders","7":"product_tag-boom-cylinders","8":"product_tag-hydraulic-cylinders","10":"first","11":"instock","12":"shipping-taxable","13":"product-type-simple"},"amp_enabled":true,"_links":{"self":[{"href":"https:\/\/www.hydraulic-cylinders.net\/da\/wp-json\/wp\/v2\/product\/18924","targetHints":{"allow":["GET"]}}],"collection":[{"href":"https:\/\/www.hydraulic-cylinders.net\/da\/wp-json\/wp\/v2\/product"}],"about":[{"href":"https:\/\/www.hydraulic-cylinders.net\/da\/wp-json\/wp\/v2\/types\/product"}],"replies":[{"embeddable":true,"href":"https:\/\/www.hydraulic-cylinders.net\/da\/wp-json\/wp\/v2\/comments?post=18924"}],"wp:featuredmedia":[{"embeddable":true,"href":"https:\/\/www.hydraulic-cylinders.net\/da\/wp-json\/wp\/v2\/media\/17881"}],"wp:attachment":[{"href":"https:\/\/www.hydraulic-cylinders.net\/da\/wp-json\/wp\/v2\/media?parent=18924"}],"wp:term":[{"taxonomy":"product_brand","embeddable":true,"href":"https:\/\/www.hydraulic-cylinders.net\/da\/wp-json\/wp\/v2\/product_brand?post=18924"},{"taxonomy":"product_cat","embeddable":true,"href":"https:\/\/www.hydraulic-cylinders.net\/da\/wp-json\/wp\/v2\/product_cat?post=18924"},{"taxonomy":"product_tag","embeddable":true,"href":"https:\/\/www.hydraulic-cylinders.net\/da\/wp-json\/wp\/v2\/product_tag?post=18924"}],"curies":[{"name":"wp","href":"https:\/\/api.w.org\/{rel}","templated":true}]}}