{"id":18926,"date":"2025-04-07T06:02:34","date_gmt":"2025-04-07T06:02:34","guid":{"rendered":"https:\/\/www.hydraulic-cylinders.net\/product\/boom-cylinder-for-caterpillar-small-excavator-e306ez\/"},"modified":"2025-04-07T06:02:37","modified_gmt":"2025-04-07T06:02:37","slug":"boom-cylinder-for-caterpillar-small-excavator-e306ez","status":"publish","type":"product","link":"https:\/\/www.hydraulic-cylinders.net\/da\/vare\/boom-cylinder-for-caterpillar-small-excavator-e306ez\/","title":{"rendered":"Bomcylinder til Caterpillar lille gravemaskine E306EZ"},"content":{"rendered":"<h1>Bomcylinder til Caterpillar lille gravemaskine E306EZ<\/h1>\n<h2>Produktoversigt<\/h2>\n<p>Bomcylinderen til Caterpillar Small Excavator E306EZ er en kritisk komponent i hydrauliske systemer, der er specielt designet til at styre bommens bev\u00e6gelse i forskellige tunge maskiner. Disse cylindre g\u00f8r det muligt for en gravemaskines bom at h\u00e6ve, s\u00e6nke og vippe, hvilket letter effektive materialeh\u00e5ndteringsopgaver. Skovlcylinderen er en type hydraulisk cylinder, der spiller en afg\u00f8rende rolle i driften af \u200b\u200bgravemaskiner, rendegravere og frontl\u00e6ssere, hvilket giver mulighed for pr\u00e6cis kontrol over maskinens drift.<\/p>\n<p><img decoding=\"async\" src=\"https:\/\/www.hydraulic-cylinders.net\/wp-content\/uploads\/2025\/04\/songte-company-1.webp\" alt=\"Bomcylinder\"><\/p>\n<h2>N\u00f8glefunktioner<\/h2>\n<ul>\n<li><strong>H\u00f8j styrke og holdbarhed:<\/strong> Disse cylindre, der typisk er fremstillet af h\u00f8jstyrkest\u00e5l eller aluminium, kan modst\u00e5 h\u00f8jt tryk og tunge belastninger. De er designet til at modst\u00e5 barske arbejdsforhold og sikrer lang levetid gennem slidstyrke og korrosionsbeskyttelse.<\/li>\n<li><strong>Effektiv hydraulisk drift:<\/strong> Ved at udnytte hydraulisk olietryk giver bomcylindre j\u00e6vn ud- og indtr\u00e6kning. De reagerer hurtigt p\u00e5 styrekommandoer og tilbyder kraftige skubbe- og tr\u00e6kkr\u00e6fter, hvilket er ideelt til h\u00e5ndtering af tunge materialer og komplekse opgaver.<\/li>\n<li><strong>Forskellige typer:<\/strong> Bomcylindre f\u00e5s i forskellige typer, herunder enkeltvirkende (der fungerer i \u00e9n retning) og dobbeltvirkende (der fungerer i begge retninger). Visse modeller har teleskopiske designs, der muligg\u00f8r st\u00f8rre udtr\u00e6k uden at \u00f8ge de udvendige dimensioner, hvilket er velegnet til pladsbegr\u00e6nsede anvendelser.<\/li>\n<li><strong>Specialfremstilling:<\/strong> Vores produkter er fremstillet med pr\u00e6cision og kan perfekt erstatte eksisterende hydrauliske cylindre, hvilket sikrer problemfri integration og ydeevne.<\/li>\n<li><strong>Kvalitetssikring:<\/strong> Hver cylinder gennemg\u00e5r strenge kvalitetskontroller og overholder branchestandarder, hvilket sikrer p\u00e5lidelighed og optimal ydeevne i forskellige anvendelser.<\/li>\n<\/ul>\n<p><img decoding=\"async\" src=\"https:\/\/www.hydraulic-cylinders.net\/wp-content\/uploads\/2025\/04\/songte-cylinder-head-with-all-kinds-excavator-models.webp\" alt=\"Caterpillar Gravemaskine Modeller\"><\/p>\n<h2>Applikationsscenarier<\/h2>\n<h3>Entrepren\u00f8rudstyr<\/h3>\n<p>I entrepren\u00f8rmaskiner, s\u00e5som gravemaskiner, er bomcylindre afg\u00f8rende for gravning, lastning og flytning af jord eller affald. Deres evne til at lade bommen dreje og n\u00e5 forskellige vinkler forbedrer gravemaskinens operationelle alsidighed. I rendegravere hj\u00e6lper bomcylinderen ikke kun med udgravning, men ogs\u00e5 med at l\u00f8fte tunge l\u00e6s, hvilket g\u00f8r den til en uundv\u00e6rlig del af maskinen.<\/p>\n<h3>Landbrugsmaskiner<\/h3>\n<p>Inden for landbruget bruger frontl\u00e6ssere bomcylindre til at skovle, l\u00f8fte og transportere jord, h\u00f8 og andre materialer. Den pr\u00e6cise kontrol, som disse cylindre tilbyder, g\u00f8r det muligt for landm\u00e6ndene at effektivt styre deres opgaver, lige fra l\u00e6sning af korn til rydning af marker.<\/p>\n<h3>Gravemaskiner<\/h3>\n<p>I gravemaskiner letter bomcylinderen gravearbejdet ved at lade skovlen tr\u00e6nge ned i jorden. Denne funktion er afg\u00f8rende for at opretholde produktiviteten p\u00e5 arbejdspladser, sikre hurtigere f\u00e6rdigg\u00f8relse af graveopgaver og forbedre den samlede driftseffektivitet.<\/p>\n<h3>L\u00e6ssere<\/h3>\n<p>I frontl\u00e6ssere er bomcylindre ansvarlige for effektivt at l\u00f8fte og tippe laster. Denne funktion er afg\u00f8rende for at flytte materialer som grus, sand eller byggeaffald, hvilket g\u00f8r l\u00e6sseren til et alsidigt v\u00e6rkt\u00f8j i bygge- og landskabsprojekter.<\/p>\n<h2>Designovervejelser og udv\u00e6lgelseskriterier<\/h2>\n<h3>Lastkapacitet<\/h3>\n<p>Bomcylinderens lasteevne er en kritisk designfaktor, da den bestemmer den maksimale v\u00e6gt, som cylinderen sikkert kan h\u00e5ndtere. Producenter skal sikre, at cylinderen er klassificeret til den tilsigtede anvendelse, idet der tages h\u00f8jde for b\u00e5de statiske og dynamiske belastninger. Overbelastning kan f\u00f8re til for tidlig svigt, hvilket understreger vigtigheden af \u200b\u200bn\u00f8jagtige belastningsvurderinger under udv\u00e6lgelsesprocessen.<\/p>\n<h3>Forsegling<\/h3>\n<p>Effektiv t\u00e6tning er afg\u00f8rende for hydrauliske cylindre for at forhindre v\u00e6skel\u00e6kage og opretholde ydeevnen. T\u00e6tninger af h\u00f8j kvalitet, s\u00e5som stempelt\u00e6tninger og stangt\u00e6tninger, lavet af holdbare materialer som polyurethan eller nitrilgummi, er afg\u00f8rende for at sikre langvarig funktionalitet. Korrekt t\u00e6tningsdesign minimerer slid og forbedrer den samlede p\u00e5lidelighed af det hydrauliske system.<\/p>\n<h3>Holdbarhed<\/h3>\n<p>Holdbarhed er en altafg\u00f8rende faktor for bomcylindre, is\u00e6r i betragtning af de barske milj\u00f8er, de opererer i. Faktorer som materialevalg, overfladebehandling og designgeometri bidrager alle til en cylinders evne til at modst\u00e5 slid, tr\u00e6thed og milj\u00f8m\u00e6ssige stressfaktorer. Producenter anvender ofte avancerede bel\u00e6gninger og materialer for at forbedre modstandsdygtigheden mod slid og korrosion, hvilket sikrer lang levetid.<\/p>\n<h3>Sikkerhed<\/h3>\n<p>Sikkerhedsfunktioner skal integreres i designet af bomcylindre for at beskytte operat\u00f8rer og maskiner. Dette omfatter designelementer, der forhindrer cylinderfejl under belastning, samt mekanismer, der sikrer korrekt installation og drift. Regelm\u00e6ssig vedligeholdelse og inspektioner er ogs\u00e5 afg\u00f8rende for at identificere potentielle sikkerhedsproblemer, f\u00f8r de eskalerer.<\/p>\n<h3>Vedligeholdelsesevne<\/h3>\n<p>Design med henblik p\u00e5 vedligeholdelse involverer at skabe bomcylindre, der er nemme at servicere og reparere. Dette inkluderer overvejelser om nem adgang til pakninger, lejer og andre komponenter, der kan kr\u00e6ve rutinem\u00e6ssig vedligeholdelse. Klare retningslinjer for vedligeholdelsesprocedurer kan forl\u00e6nge den hydrauliske cylinders levetid betydeligt og sikre ensartet ydeevne.<\/p>\n<p><img decoding=\"async\" src=\"https:\/\/www.hydraulic-cylinders.net\/wp-content\/uploads\/2025\/04\/songte-oil-pipes-and-spare-parts.webp\" alt=\"Hydrauliske dele\"><\/p>\n<h2>T\u00e6tning og sm\u00f8ring<\/h2>\n<p>Korrekt t\u00e6tning og sm\u00f8ring er afg\u00f8rende for bomcylindrenes levetid og effektive drift. Forskellige t\u00e6tningselementer, herunder stempelt\u00e6tninger og stangt\u00e6tninger, bruges til at forhindre l\u00e6kage af hydraulisk v\u00e6ske og til at holde forurenende stoffer ude af cylinderen. T\u00e6tninger lavet af slidst\u00e6rke materialer som polyurethan og nitrilgummi v\u00e6lges ofte p\u00e5 grund af deres holdbarhed. Derudover gennemg\u00e5r cylinderhuset og gevindsk\u00e5rne endeflader en fin forarbejdning for at forbedre slidstyrken.<\/p>\n<p>Regelm\u00e6ssig sm\u00f8ring med hydraulikolie er afg\u00f8rende for at opretholde optimal ydeevne. Korrekt sm\u00f8ring reducerer friktion mellem bev\u00e6gelige dele, hvilket forhindrer for tidligt slid og sikrer problemfri drift. Etablering af en rutine til kontrol og p\u00e5fyldning af hydraulikv\u00e6skeniveauer kan have betydelig indflydelse p\u00e5 cylinderens samlede effektivitet og holdbarhed.<\/p>\n<h2>Forebyggende vedligeholdelsesforanstaltninger<\/h2>\n<ul>\n<li><strong>Regelm\u00e6ssige inspektioner:<\/strong> Udf\u00f8r rutinem\u00e6ssige inspektioner for at identificere tegn p\u00e5 slid, l\u00e6kager eller skader. Se efter us\u00e6dvanlige lyde under drift, som kan indikere interne problemer.<\/li>\n<li><strong>Sm\u00f8rekontrol:<\/strong> S\u00f8rg for tilstr\u00e6kkelig sm\u00f8ring ved regelm\u00e6ssigt at kontrollere hydraulikv\u00e6skeniveauet og efterfylde det efter behov for at forhindre t\u00f8r drift.<\/li>\n<li><strong>Udskiftning af pakninger:<\/strong> Overv\u00e5g pakninger for tegn p\u00e5 slid, og udskift dem omg\u00e5ende for at opretholde effektiviteten og forhindre l\u00e6kager.<\/li>\n<\/ul>\n<h2>Installationsvejledning<\/h2>\n<p>Korrekt installation af bomcylinderen er afg\u00f8rende for optimal ydeevne. Start med at justere cylinderen med monteringsbeslagene, og s\u00f8rg for, at alle komponenter er korrekt justeret for at forhindre un\u00f8dig belastning. Brug passende monteringsbeslag til at fastg\u00f8re cylinderen p\u00e5 plads, da dette vil hj\u00e6lpe med at opretholde dens position under drift.<\/p>\n<p>F\u00f8lg producentens specifikationer for momentindstillinger og fastg\u00f8relseselementer for at sikre en sikker fastg\u00f8relse. Det er ogs\u00e5 vigtigt at kontrollere, at hydraulikledningerne er korrekt tilsluttet og fri for kn\u00e6k eller blokeringer. Efter installation skal systemet testes for korrekt funktion, og der skal kontrolleres for eventuelle l\u00e6kager eller unormaliteter, f\u00f8r det tages i brug fuldt ud.<\/p>\n<h2>Almindelige vedligeholdelsesopgaver<\/h2>\n<ul>\n<li><strong>Regelm\u00e6ssige inspektioner:<\/strong> Udf\u00f8r inspektioner for at identificere slid og skader. Denne proaktive foranstaltning kan hj\u00e6lpe med at forhindre katastrofale fejl.<\/li>\n<li><strong>Korrekt sm\u00f8ring:<\/strong> S\u00f8rg for, at hydraulikolieniveauet opretholdes, og at sm\u00f8ring p\u00e5f\u00f8res regelm\u00e6ssigt for at minimere friktion og slid.<\/li>\n<li><strong>Udskiftning af pakning:<\/strong> Kontroll\u00e9r regelm\u00e6ssigt pakninger for slid, og udskift dem for at forhindre l\u00e6kager og opretholde systemets integritet.<\/li>\n<\/ul>\n<h2>Sikkerhedshensyn og milj\u00f8faktorer<\/h2>\n<p>Sikkerhedsforanstaltninger er altafg\u00f8rende ved brug af hydrauliske cylindre. Operat\u00f8rer b\u00f8r tr\u00e6nes i at genkende potentielle farer og f\u00f8lge sikkerhedsprotokoller under drift og vedligeholdelse. Dette omfatter at sikre, at bomcylinderen ikke overbelastes, og at alle sikkerhedsanordninger fungerer. Derudover b\u00f8r milj\u00f8faktorer s\u00e5som temperaturudsving og eksponering for \u00e6tsende elementer tages i betragtning ved valg af materialer og design af cylindre.<\/p>\n<h2>Fejlfinding af almindelige problemer<\/h2>\n<ul>\n<li><strong>L\u00e6kage:<\/strong> Hvis en hydraulisk cylinder l\u00e6kker, skal pakningerne kontrolleres for slid eller beskadigelse. Udskift pakningerne efter behov, og s\u00f8rg for, at alle forbindelser er t\u00e6tte.<\/li>\n<li><strong>D\u00e5rlig ydeevne:<\/strong> Dette kan skyldes utilstr\u00e6kkelig sm\u00f8ring eller forurening i hydraulikv\u00e6sken. Kontroller regelm\u00e6ssigt v\u00e6skeniveauer, og udskift forurenet v\u00e6ske.<\/li>\n<li><strong>St\u00f8jende drift:<\/strong> Us\u00e6dvanlige lyde kan v\u00e6re tegn p\u00e5 indvendig slitage eller utilstr\u00e6kkelig sm\u00f8ring. Foretag en grundig inspektion for at diagnosticere problemet og tr\u00e6ffe korrigerende foranstaltninger.<\/li>\n<\/ul>\n<h2>Tips til fejlfinding<\/h2>\n<p>For effektivt at diagnosticere og fejlfinde problemer med hydrauliske cylindre er det vigtigt at f\u00f8lge en systematisk tilgang. Start med at identificere symptomer og isolere problemomr\u00e5det. Kontroller v\u00e6skeniveauer og pakningernes tilstand regelm\u00e6ssigt for at forhindre l\u00e6kager og opretholde ydeevnen. Implementer forebyggende foranstaltninger, s\u00e5som rutinem\u00e6ssig vedligeholdelse og inspektioner, for at minimere risikoen for potentielle problemer.<\/p>\n<p><img decoding=\"async\" src=\"https:\/\/www.hydraulic-cylinders.net\/wp-content\/uploads\/2025\/04\/songte-bushings-with-all-kinds-of-excavator-models.webp\" alt=\"Gravemaskineb\u00f8sninger\"><\/p>\n<h2>Virksomhedsoversigt<\/h2>\n<p>Vi er en f\u00f8rende producent og engrosdistribut\u00f8r af hydrauliske udskiftningscylindre og tilbyder en bred vifte af produkter, der opfylder de nationale og internationale markedsbehov. Vores engagement i ekspertise er tydeligt i vores raffinerede produktionsstrategier og produktionsstyring af h\u00f8j kvalitet. Ved at udnytte dygtige teknikere og digitalt produktionsudstyr forbedrer vi l\u00f8bende vores produktionskapaciteter for at im\u00f8dekomme forskellige kunders behov med h\u00f8j effektivitet, pr\u00e6cision og kvalitet.<\/p>\n<p>Vores professionelle tilgang omfatter internationale certificeringer, kundetilpassede tjenester, avanceret produktionsudstyr og omfattende eftersalgssupport, der sikrer, at vores kunder modtager de bedste produkter og tjenester i branchen.<\/p>\n<p><img decoding=\"async\" src=\"https:\/\/www.hydraulic-cylinders.net\/wp-content\/uploads\/2025\/04\/songte-company-4.webp\" alt=\"Virksomhedsoversigt\"><br \/>\n<img decoding=\"async\" src=\"https:\/\/www.hydraulic-cylinders.net\/wp-content\/uploads\/2025\/04\/songte-company-3.webp\" alt=\"Produktionsudstyr\"><\/p>\n<p>Forfatter: lyl<\/p>","protected":false},"excerpt":{"rendered":"<p>Boom Cylinder For Caterpillar Small Excavator E306EZ Product Overview The Boom Cylinder for Caterpillar Small Excavator E306EZ is a critical component in hydraulic systems, specifically designed to control the movement of the boom in various heavy machinery. These cylinders enable the boom of an excavator to raise, lower, and tilt, facilitating efficient material handling tasks. [&hellip;]<\/p>","protected":false},"featured_media":17868,"comment_status":"open","ping_status":"closed","template":"","meta":{"_et_pb_use_builder":"","_et_pb_old_content":"","_et_gb_content_width":""},"product_brand":[],"product_cat":[1546],"product_tag":[1547,1496],"class_list":{"0":"post-18926","1":"product","2":"type-product","3":"status-publish","4":"has-post-thumbnail","6":"product_cat-boom-cylinders","7":"product_tag-boom-cylinders","8":"product_tag-hydraulic-cylinders","10":"first","11":"instock","12":"shipping-taxable","13":"product-type-simple"},"amp_enabled":true,"_links":{"self":[{"href":"https:\/\/www.hydraulic-cylinders.net\/da\/wp-json\/wp\/v2\/product\/18926","targetHints":{"allow":["GET"]}}],"collection":[{"href":"https:\/\/www.hydraulic-cylinders.net\/da\/wp-json\/wp\/v2\/product"}],"about":[{"href":"https:\/\/www.hydraulic-cylinders.net\/da\/wp-json\/wp\/v2\/types\/product"}],"replies":[{"embeddable":true,"href":"https:\/\/www.hydraulic-cylinders.net\/da\/wp-json\/wp\/v2\/comments?post=18926"}],"wp:featuredmedia":[{"embeddable":true,"href":"https:\/\/www.hydraulic-cylinders.net\/da\/wp-json\/wp\/v2\/media\/17868"}],"wp:attachment":[{"href":"https:\/\/www.hydraulic-cylinders.net\/da\/wp-json\/wp\/v2\/media?parent=18926"}],"wp:term":[{"taxonomy":"product_brand","embeddable":true,"href":"https:\/\/www.hydraulic-cylinders.net\/da\/wp-json\/wp\/v2\/product_brand?post=18926"},{"taxonomy":"product_cat","embeddable":true,"href":"https:\/\/www.hydraulic-cylinders.net\/da\/wp-json\/wp\/v2\/product_cat?post=18926"},{"taxonomy":"product_tag","embeddable":true,"href":"https:\/\/www.hydraulic-cylinders.net\/da\/wp-json\/wp\/v2\/product_tag?post=18926"}],"curies":[{"name":"wp","href":"https:\/\/api.w.org\/{rel}","templated":true}]}}