{"id":18982,"date":"2025-04-07T06:05:37","date_gmt":"2025-04-07T06:05:37","guid":{"rendered":"https:\/\/www.hydraulic-cylinders.net\/product\/boom-cylinder-for-caterpillar-wheel-excavator-m315dz\/"},"modified":"2025-04-07T06:05:40","modified_gmt":"2025-04-07T06:05:40","slug":"boom-cylinder-for-caterpillar-wheel-excavator-m315dz","status":"publish","type":"product","link":"https:\/\/www.hydraulic-cylinders.net\/da\/vare\/boom-cylinder-for-caterpillar-wheel-excavator-m315dz\/","title":{"rendered":"Bomcylinder til Caterpillar hjulgraver M315DZ"},"content":{"rendered":"<h1>Bomcylinder til Caterpillar hjulgraver M315DZ<\/h1>\n<h2>Produktoversigt<\/h2>\n<p>Bomcylinderen til Caterpillar hjulgraver M315DZ er en kritisk hydraulisk komponent designet til at forbedre gravemaskiners funktionalitet. Denne hydrauliske cylinder spiller en afg\u00f8rende rolle i at kontrollere bommens bev\u00e6gelse og letter forskellige operationer s\u00e5som at l\u00f8fte, s\u00e6nke og vippe skovlen. Ved at udnytte hydraulisk v\u00e6ske og tryk g\u00f8r bomcylinderen det muligt for tunge maskiner at udf\u00f8re vigtige opgaver inden for byggeri, landbrug og andre industrier.<\/p>\n<p><img decoding=\"async\" src=\"https:\/\/www.hydraulic-cylinders.net\/wp-content\/uploads\/2025\/04\/songte-company-1.webp\" alt=\"Bomcylinder til gravemaskine\" \/><\/p>\n<h2>Funktioner ved bomcylinderen<\/h2>\n<ul>\n<li><strong>H\u00f8j styrke og holdbarhed:<\/strong> Denne cylinder er konstrueret af h\u00f8jstyrkest\u00e5l eller aluminium og kan modst\u00e5 h\u00f8je tryk og tunge belastninger, hvilket g\u00f8r den velegnet til barske arbejdsmilj\u00f8er. Dens design tager ogs\u00e5 h\u00f8jde for slidstyrke og korrosionsforebyggelse, hvilket forl\u00e6nger dens levetid.<\/li>\n<li><strong>Effektiv hydraulisk drift:<\/strong> Bomcylinderen bruger hydraulisk v\u00e6sketryk til j\u00e6vn ud- og indtr\u00e6kning, reagerer hurtigt p\u00e5 kontrolkommandoer og leverer kraftige skubbe- og tr\u00e6kkr\u00e6fter, ideel til h\u00e5ndtering af tunge l\u00e6s og komplekse operationer.<\/li>\n<li><strong>Forskellige typer:<\/strong> F\u00e5s i enkeltvirkende (i \u00e9n retning) eller dobbeltvirkende (i begge retninger) konfigurationer, hvor nogle modeller er teleskopiske for st\u00f8rre r\u00e6kkevidde uden at \u00f8ge de udvendige dimensioner, velegnede til trange pladsforhold.<\/li>\n<li><strong>Kompatibel udskiftning:<\/strong> Vores produkter kan perfekt erstatte eksisterende hydrauliske cylindre og sikre problemfri integration og funktionalitet i dine maskiner.<\/li>\n<\/ul>\n<p><img decoding=\"async\" src=\"https:\/\/www.hydraulic-cylinders.net\/wp-content\/uploads\/2025\/04\/songte-cylinder-head-with-all-kinds-excavator-models.webp\" alt=\"Udskiftning af hydrauliske cylindere\" \/><\/p>\n<h2>Applikationsscenarier<\/h2>\n<h3>Entrepren\u00f8rudstyr<\/h3>\n<p>I gravemaskiner er bomcylindre afg\u00f8rende for gravning, lastning og flytning af jord eller affald. De letter udgravningsprocessen ved at g\u00f8re det muligt for bommen at tr\u00e6nge ned i jorden og l\u00f8fte materialer effektivt ud. I rendegravere hj\u00e6lper de med b\u00e5de grave- og l\u00f8fteoperationer, hvilket \u00f8ger produktiviteten p\u00e5 byggepladser.<\/p>\n<h3>Landbrugsmaskiner<\/h3>\n<p>Bomcylindre, der bruges i frontl\u00e6ssere, er afg\u00f8rende for at opgrave, l\u00f8fte og transportere jord, h\u00f8 og andre materialer. De giver den n\u00f8dvendige styrke til at udf\u00f8re landbrugsopgaver, hvilket sikrer effektiv materialeh\u00e5ndtering og forbedrer den samlede landbrugseffektivitet.<\/p>\n<h3>Gravemaskiner<\/h3>\n<p>I gravemaskiner tillader bomcylinderen skovlen at tr\u00e6nge ned i jorden, hvilket muligg\u00f8r gravehandlinger. Denne hydrauliske styring er afg\u00f8rende for at opn\u00e5 den \u00f8nskede gravedybde og effektivitet, hvilket g\u00f8r gravemaskiner uundv\u00e6rlige i forskellige brancher.<\/p>\n<h3>L\u00e6ssere<\/h3>\n<p>I frontl\u00e6ssere hj\u00e6lper bomcylindre med effektivt at l\u00f8fte og losse laster. De sikrer problemfri drift, s\u00e5 f\u00f8reren nemt kan h\u00e5ndtere forskellige materialer, hvilket forbedrer l\u00e6sse- og losningsprocesserne betydeligt.<\/p>\n<h2>Designovervejelser og udv\u00e6lgelseskriterier<\/h2>\n<h3>Lastkapacitet<\/h3>\n<p>En bomcylinders lasteevne er en kritisk faktor for at sikre, at den kan h\u00e5ndtere de maksimalt forventede belastninger under drift. Dette involverer grundige beregninger og test for at sikre p\u00e5lidelighed og sikkerhed under forskellige arbejdsforhold.<\/p>\n<h3>Forsegling<\/h3>\n<p>Effektiv t\u00e6tning er afg\u00f8rende for at forhindre l\u00e6kager af hydraulikv\u00e6ske, som kan kompromittere cylinderens effektivitet og sikkerhed. Der skal v\u00e6lges t\u00e6tninger af h\u00f8j kvalitet, fremstillet af holdbare materialer, der kan modst\u00e5 de p\u00e5virkede kr\u00e6fter og dermed sikre produktets levetid.<\/p>\n<h3>Holdbarhed<\/h3>\n<p>Bomcylinderens holdbarhed er altafg\u00f8rende, da den fungerer i kr\u00e6vende milj\u00f8er. Materialer og design skal v\u00e6lges omhyggeligt for at modst\u00e5 slid, hvilket sikrer lang levetid og reducerer hyppigheden af \u200b\u200budskiftninger.<\/p>\n<h3>Sikkerhed<\/h3>\n<p>Sikkerhedsfunktioner skal integreres i designet for at forhindre ulykker under drift. Dette omfatter overbelastningsbeskyttelsesmekanismer og sikkerhedsventiler til at styre trykket, hvilket sikrer b\u00e5de udstyr og operat\u00f8rs sikkerhed under brug.<\/p>\n<h3>Opretholdelse<\/h3>\n<p>Nem vedligeholdelse er en anden vigtig overvejelse. Designet b\u00f8r give nem adgang til inspektioner, reparationer og udskiftninger, hvilket letter regelm\u00e6ssig vedligeholdelse og minimerer nedetid.<\/p>\n<p><img decoding=\"async\" src=\"https:\/\/www.hydraulic-cylinders.net\/wp-content\/uploads\/2025\/04\/songte-oil-pipes-and-spare-parts.webp\" alt=\"Hydrauliske komponenter\" \/><\/p>\n<h2>T\u00e6tning og sm\u00f8ring<\/h2>\n<p>Hydrauliske cylindres ydeevne er i h\u00f8j grad afh\u00e6ngig af effektive t\u00e6tnings- og sm\u00f8remekanismer. Forskellige t\u00e6tninger, s\u00e5som stempelt\u00e6tninger og stangt\u00e6tninger, er afg\u00f8rende for at forhindre l\u00e6kager af hydraulisk v\u00e6ske. T\u00e6tninger lavet af polyurethan, nitrilgummi og andre slidst\u00e6rke materialer foretr\u00e6kkes p\u00e5 grund af deres holdbarhed. Desuden skal cylinderhuset og gevindenderne gennemg\u00e5 en fin forarbejdning for at forbedre slidstyrken. Regelm\u00e6ssig sm\u00f8ring med den passende hydrauliske olie er afg\u00f8rende for at reducere friktion og forl\u00e6nge cylinderens levetid.<\/p>\n<h2>Regelm\u00e6ssig inspektion og forebyggende vedligeholdelse<\/h2>\n<ul>\n<li><strong>Rutinem\u00e6ssige kontroller:<\/strong> Regelm\u00e6ssige inspektioner b\u00f8r udf\u00f8res for at identificere tegn p\u00e5 slid eller skader. Hurtig udbedring af mindre problemer kan forhindre st\u00f8rre reparationer i fremtiden.<\/li>\n<li><strong>Passende sm\u00f8ring:<\/strong> Det er vigtigt for optimal cylinderydelse at sikre, at hydraulikoliestanden er tilstr\u00e6kkelig, og at olien er af den korrekte type.<\/li>\n<li><strong>Udskiftning af pakning:<\/strong> Pakninger b\u00f8r udskiftes som en del af den rutinem\u00e6ssige vedligeholdelse for at forhindre l\u00e6kager og sikre, at cylinderen fungerer effektivt.<\/li>\n<\/ul>\n<h2>Installationsvejledning<\/h2>\n<p>Korrekt installation af bomcylinderen er afg\u00f8rende for optimal ydeevne. Start med at sikre, at alle komponenter er rene og fri for snavs. Juster cylinderen korrekt med monteringspunkterne; forkert justering kan f\u00f8re til for tidligt slid og svigt. Brug passende monteringsbeslag til at fastg\u00f8re cylinderen. S\u00f8rg for, at de hydrauliske forbindelser er t\u00e6tte og l\u00e6kagefri. Efter installationen skal alle cylinderens funktioner kontrolleres for at bekr\u00e6fte, at den fungerer problemfrit og som tilsigtet. Gennemg\u00e5 regelm\u00e6ssigt installationen for at sikre, at komponenterne forbliver sikre og i justering.<\/p>\n<h2>Vedligeholdelsesopgaver<\/h2>\n<ul>\n<li><strong>Regelm\u00e6ssige inspektioner:<\/strong> Rutinem\u00e6ssige kontroller hj\u00e6lper med at identificere potentielle problemer tidligt. Kig efter l\u00e6kager, slid p\u00e5 pakninger og eventuelle unormale lyde under drift.<\/li>\n<li><strong>Korrekt sm\u00f8ring:<\/strong> Sm\u00f8r cylinderen regelm\u00e6ssigt med den passende hydraulikolie for at minimere friktion, der kan f\u00f8re til slid.<\/li>\n<li><strong>Udskiftning af pakning:<\/strong> Overv\u00e5g pakningerne for tegn p\u00e5 slid, og udskift dem omg\u00e5ende for at forhindre l\u00e6kager af hydraulikv\u00e6ske og opretholde systemtrykket.<\/li>\n<\/ul>\n<h2>Sikkerhedshensyn og milj\u00f8faktorer<\/h2>\n<p>N\u00e5r man bruger hydrauliske cylindre, er det afg\u00f8rende at implementere sikkerhedsforanstaltninger. Operat\u00f8rer b\u00f8r tr\u00e6nes i korrekt brug og sikkerhedsprotokoller for at undg\u00e5 ulykker. Milj\u00f8hensyn spiller ogs\u00e5 en rolle; at sikre, at hydrauliske v\u00e6sker h\u00e5ndteres korrekt, forhindrer spild og kontaminering.<\/p>\n<h2>Fejlfinding af almindelige problemer<\/h2>\n<ul>\n<li><strong>L\u00e6kage:<\/strong> Unders\u00f8g pakninger og forbindelser for skader eller slid. Udskift eventuelle defekte pakninger, og s\u00f8rg for, at forbindelserne er t\u00e6tte for at udbedre l\u00e6kager.<\/li>\n<li><strong>Inkonsekvent bev\u00e6gelse:<\/strong> Kontroller hydraulikv\u00e6skeniveauet, og se efter luft i systemet. Udluft systemet om n\u00f8dvendigt for at genoprette ensartet drift.<\/li>\n<li><strong>Reduceret effekt:<\/strong> Dette kan indikere et problem med hydraulikpumpen eller filteret. Unders\u00f8g og udskift filtre efter behov, og kontroller pumpens funktionalitet.<\/li>\n<\/ul>\n<h2>Tips til fejlfinding<\/h2>\n<p>For effektivt at diagnosticere og l\u00f8se problemer skal du starte med regelm\u00e6ssig vedligeholdelse for at forhindre problemer, f\u00f8r de opst\u00e5r. Det er vigtigt at holde hydraulikv\u00e6sken ren for at undg\u00e5 forurening, der kan p\u00e5virke ydeevnen. Kontroller regelm\u00e6ssigt for l\u00e6kager, og s\u00f8rg for, at alle komponenter fungerer korrekt. Hvis der opst\u00e5r problemer, skal du konsultere producentens retningslinjer for specifik diagnostik og l\u00f8sninger.<\/p>\n<p><img decoding=\"async\" src=\"https:\/\/www.hydraulic-cylinders.net\/wp-content\/uploads\/2025\/04\/songte-bushings-with-all-kinds-of-excavator-models.webp\" alt=\"Gravemaskinemodeller\" \/><\/p>\n<h2>Om vores virksomhed<\/h2>\n<p>Vi er en f\u00f8rende producent af hydrauliske udskiftningscylindre og tilbyder et omfattende udvalg af produkter. Med en forpligtelse til ekspertise er vi blevet en af \u200b\u200bde f\u00f8rende producenter og grossister af hydrauliske cylindre p\u00e5 b\u00e5de indenlandske og internationale markeder. Vores strategi fokuserer p\u00e5 produktion af h\u00f8j kvalitet, udnyttelse af avancerede produktionsteknologier og strenge kvalitetskontrolsystemer. Vores dygtige arbejdsstyrke kombineret med det nyeste digitale produktionsudstyr sikrer, at vi opfylder forskellige kunders behov med h\u00f8j effektivitet, pr\u00e6cision og kvalitet.<\/p>\n<p><img decoding=\"async\" src=\"https:\/\/www.hydraulic-cylinders.net\/wp-content\/uploads\/2025\/04\/songte-company-4.webp\" alt=\"Vores virksomhed\" \/><br \/>\n<img decoding=\"async\" src=\"https:\/\/www.hydraulic-cylinders.net\/wp-content\/uploads\/2025\/04\/songte-company-3.webp\" alt=\"Vores virksomhed\" \/><\/p>\n<p>Vi er stolte af vores professionelle ekspertise, internationale certificeringer og kundetilpassede service. Vores produktionsfaciliteter er udstyret med den nyeste teknologi, og vi tilbyder exceptionel eftersalgssupport for at sikre kundetilfredshed.<\/p>\n<p>Forfatter: lyl<\/p>","protected":false},"excerpt":{"rendered":"<p>Boom Cylinder For Caterpillar Wheel Excavator M315DZ Product Overview The Boom Cylinder for Caterpillar Wheel Excavator M315DZ is a critical hydraulic component designed to enhance the functionality of excavators. This hydraulic cylinder plays a vital role in controlling the movement of the boom, facilitating various operations such as lifting, lowering, and tilting the bucket. By [&hellip;]<\/p>","protected":false},"featured_media":17879,"comment_status":"open","ping_status":"closed","template":"","meta":{"_et_pb_use_builder":"","_et_pb_old_content":"","_et_gb_content_width":""},"product_brand":[],"product_cat":[1546],"product_tag":[1547,1496],"class_list":{"0":"post-18982","1":"product","2":"type-product","3":"status-publish","4":"has-post-thumbnail","6":"product_cat-boom-cylinders","7":"product_tag-boom-cylinders","8":"product_tag-hydraulic-cylinders","10":"first","11":"instock","12":"shipping-taxable","13":"product-type-simple"},"amp_enabled":true,"_links":{"self":[{"href":"https:\/\/www.hydraulic-cylinders.net\/da\/wp-json\/wp\/v2\/product\/18982","targetHints":{"allow":["GET"]}}],"collection":[{"href":"https:\/\/www.hydraulic-cylinders.net\/da\/wp-json\/wp\/v2\/product"}],"about":[{"href":"https:\/\/www.hydraulic-cylinders.net\/da\/wp-json\/wp\/v2\/types\/product"}],"replies":[{"embeddable":true,"href":"https:\/\/www.hydraulic-cylinders.net\/da\/wp-json\/wp\/v2\/comments?post=18982"}],"wp:featuredmedia":[{"embeddable":true,"href":"https:\/\/www.hydraulic-cylinders.net\/da\/wp-json\/wp\/v2\/media\/17879"}],"wp:attachment":[{"href":"https:\/\/www.hydraulic-cylinders.net\/da\/wp-json\/wp\/v2\/media?parent=18982"}],"wp:term":[{"taxonomy":"product_brand","embeddable":true,"href":"https:\/\/www.hydraulic-cylinders.net\/da\/wp-json\/wp\/v2\/product_brand?post=18982"},{"taxonomy":"product_cat","embeddable":true,"href":"https:\/\/www.hydraulic-cylinders.net\/da\/wp-json\/wp\/v2\/product_cat?post=18982"},{"taxonomy":"product_tag","embeddable":true,"href":"https:\/\/www.hydraulic-cylinders.net\/da\/wp-json\/wp\/v2\/product_tag?post=18982"}],"curies":[{"name":"wp","href":"https:\/\/api.w.org\/{rel}","templated":true}]}}