{"id":18985,"date":"2025-04-07T06:05:46","date_gmt":"2025-04-07T06:05:46","guid":{"rendered":"https:\/\/www.hydraulic-cylinders.net\/product\/boom-cylinder-for-doosan-small-excavator-dh60-7\/"},"modified":"2025-04-07T06:05:49","modified_gmt":"2025-04-07T06:05:49","slug":"boom-cylinder-for-doosan-small-excavator-dh60-7","status":"publish","type":"product","link":"https:\/\/www.hydraulic-cylinders.net\/da\/vare\/boom-cylinder-for-doosan-small-excavator-dh60-7\/","title":{"rendered":"Bomcylinder til Doosan lille gravemaskine DH60-7"},"content":{"rendered":"<h1>Bomcylinder til Doosan lille gravemaskine DH60-7<\/h1>\n<h2>Introduktion til bomcylinder<\/h2>\n<p>Bomcylinderen, der er specielt designet til den lille Doosan-gravemaskine DH60-7, er en afg\u00f8rende komponent i hydrauliske systemer. Denne hydrauliske cylinder er ansvarlig for at styre bomarmens bev\u00e6gelse, hvilket muligg\u00f8r effektiv l\u00f8ftning, s\u00e6nkning og vipning af gravemaskinens skovl. Den spiller en afg\u00f8rende rolle i forskellige tunge maskinoperationer, s\u00e5som gravemaskiner, rendegravere og frontl\u00e6ssere, hvilket letter effektive materialeh\u00e5ndteringsopgaver.<\/p>\n<p>En skovlcylinder er i bund og grund en type hydraulisk cylinder, der bruger hydraulisk olie under tryk til at generere bev\u00e6gelse. Dette giver f\u00f8reren mulighed for at manipulere skovlens position pr\u00e6cist, hvilket g\u00f8r den ideel til opgaver, der involverer gravning, udgravning og transport af materialer. Bomcylinderen forbedrer gravemaskiners driftseffektivitet og bidrager v\u00e6sentligt til deres alsidighed og produktivitet p\u00e5 byggepladser.<\/p>\n<p><img decoding=\"async\" src=\"https:\/\/www.hydraulic-cylinders.net\/wp-content\/uploads\/2025\/04\/songte-company-1.webp\" alt=\"Bomcylinder\" \/><\/p>\n<h2>Funktioner ved bomcylinderen<\/h2>\n<ul>\n<li>\n<h3>H\u00f8j styrke og holdbarhed<\/h3>\n<p>Bomcylinderen er konstrueret af h\u00f8jstyrkest\u00e5l eller aluminium og er designet til at modst\u00e5 h\u00f8jt tryk og tunge belastninger. Dens konstruktion tager h\u00f8jde for slidstyrke og korrosionsbestandighed, hvilket sikrer lang levetid selv i barske arbejdsmilj\u00f8er.<\/p>\n<\/li>\n<li>\n<h3>Effektiv hydraulisk drift<\/h3>\n<p>Bomcylinderen fungerer problemfrit under tryk fra hydraulikolien, hvilket giver mulighed for hurtige reaktioner p\u00e5 styrekommandoer. Den leverer betydelige skubbe- og tr\u00e6kkr\u00e6fter, hvilket g\u00f8r den velegnet til h\u00e5ndtering af tunge genstande og komplekse opgaver.<\/p>\n<\/li>\n<li>\n<h3>Forskellige typer tilg\u00e6ngelige<\/h3>\n<p>Kunderne kan v\u00e6lge mellem enkeltvirkende (hydraulisk anvendt i \u00e9n retning) eller dobbeltvirkende (hydraulisk anvendt i begge retninger) cylindre, skr\u00e6ddersyet til at opfylde specifikke driftskrav. Nogle modeller er teleskopiske, hvilket muligg\u00f8r st\u00f8rre udtr\u00e6k uden at \u00f8ge de udvendige dimensioner, hvilket er ideelt til applikationer med begr\u00e6nset plads.<\/p>\n<\/li>\n<li>\n<h3>Kompatibilitet med forskellige modeller<\/h3>\n<p>Vi fremstiller dette produkt til perfekt at erstatte eksisterende hydrauliske cylindre og sikre kompatibilitet med forskellige gravemaskinemodeller.<\/p>\n<\/li>\n<li>\n<h3>Robust design for sikkerhed<\/h3>\n<p>Designet indeholder sikkerhedsfunktioner for at forhindre fejl under drift og dermed sikre operat\u00f8rens og de omkringliggende personales sikkerhed.<\/p>\n<\/li>\n<\/ul>\n<p><img decoding=\"async\" src=\"https:\/\/www.hydraulic-cylinders.net\/wp-content\/uploads\/2025\/04\/songte-cylinder-head-with-all-kinds-excavator-models.webp\" alt=\"Gravemaskinemodeller\" \/><\/p>\n<h2>Anvendelser af bomcylinder<\/h2>\n<h3>Entrepren\u00f8rudstyr<\/h3>\n<p>I gravemaskiner er bomcylinderen afg\u00f8rende for effektiv gravning, lastning og flytning af jord eller affald. Den giver den n\u00f8dvendige kraft til at forl\u00e6nge bommen og manipulere skovlen til forskellige opgaver, hvilket forbedrer produktiviteten p\u00e5 byggepladser.<\/p>\n<h3>Landbrugsmaskiner<\/h3>\n<p>I frontl\u00e6ssere muligg\u00f8r bomcylindrene opsamling, l\u00f8ft og transport af jord, h\u00f8 og andre materialer. Deres robuste design sikrer, at de kan h\u00e5ndtere de strenge krav fra landbrugsarbejde, hvilket g\u00f8r dem uundv\u00e6rlige i landbrugsdrift.<\/p>\n<h3>Udgravning<\/h3>\n<p>Bomcylinderen g\u00f8r det muligt for skovlen at tr\u00e6nge ned i jorden, hvilket muligg\u00f8r effektiv udgravning. Dette giver f\u00f8reren mulighed for at h\u00e5ndtere jordfjerning effektivt, hvilket er afg\u00f8rende for byggeprojekter, der kr\u00e6ver dyb gravning.<\/p>\n<h3>L\u00e6ssere<\/h3>\n<p>I frontl\u00e6ssere hj\u00e6lper bomcylindre med at l\u00f8fte og losse last effektivt. De leverer den n\u00f8dvendige l\u00f8ftekraft til at l\u00f8fte tunge materialer og muligg\u00f8r nem lossning, hvilket forbedrer driftseffektiviteten betydeligt.<\/p>\n<h2>Designovervejelser og udv\u00e6lgelsesstandarder<\/h2>\n<h3>Lastkapacitet<\/h3>\n<p>N\u00e5r man v\u00e6lger en bomcylinder, er en af \u200b\u200bde prim\u00e6re overvejelser dens lasteevne. Cylinderen skal kunne h\u00e5ndtere v\u00e6gten af \u200b\u200bde laster, der l\u00f8ftes eller flyttes. Der b\u00f8r foretages korrekte beregninger for at bestemme den maksimale belastning, som gravemaskinen vil blive udsat for under drift, og det skal sikres, at cylinderen er tilstr\u00e6kkeligt klassificeret til disse forhold.<\/p>\n<h3>Forseglingsintegritet<\/h3>\n<p>T\u00e6tning er afg\u00f8rende i hydrauliske cylindre for at forhindre v\u00e6skel\u00e6kager og opretholde systemtrykket. Der skal v\u00e6lges t\u00e6tninger af h\u00f8j kvalitet, der kan modst\u00e5 driftsv\u00e6sken og milj\u00f8forholdene. Dette sikrer effektiv drift og minimerer vedligeholdelsesbehovet, da l\u00e6kager kan f\u00f8re til ydelsesproblemer og \u00f8gede driftsomkostninger.<\/p>\n<h3>Holdbarhed og lang levetid<\/h3>\n<p>Bomcylinderens holdbarhed er afg\u00f8rende for dens levetid. Den b\u00f8r v\u00e6re designet til at modst\u00e5 ekstreme forhold, herunder h\u00f8je belastninger, temperaturvariationer og eksponering for elementerne. Valg af materialer og design, der forbedrer modstandsdygtigheden over for slid, vil forl\u00e6nge cylinderens levetid og forbedre den samlede ydeevne.<\/p>\n<h3>Sikkerhedsfunktioner<\/h3>\n<p>Det er altafg\u00f8rende at integrere sikkerhedsfunktioner i designet af bomcylinderen. Dette omfatter mekanismer, der forhindrer overudstr\u00e6kning og andre potentielle fejl, der kan bringe f\u00f8rerens sikkerhed i fare. Regelm\u00e6ssige vurderinger af disse sikkerhedsfunktioner kan forbedre driftssikkerheden.<\/p>\n<h2>T\u00e6tning og sm\u00f8ring af cylinderen<\/h2>\n<p>T\u00e6tning og sm\u00f8ring af bomcylinderen er afg\u00f8rende for dens ydeevne og levetid. Forskellige t\u00e6tningstyper, s\u00e5som stempelt\u00e6tninger og stangt\u00e6tninger, anvendes til at forhindre l\u00e6kager af hydraulisk v\u00e6ske. Valg af t\u00e6tninger lavet af slidst\u00e6rke materialer som polyurethan og nitrilgummi sikrer holdbarhed og effektivitet.<\/p>\n<p>Cylinderhuset og gevindenderne er ofte fint forarbejdet for at \u00f8ge slidstyrken, hvilket yderligere forbedrer ydeevnen. Regelm\u00e6ssig sm\u00f8ring med hydraulikolie er n\u00f8dvendig for at holde systemet i gang med at fungere problemfrit. Korrekt sm\u00f8ring reducerer friktion og slid p\u00e5 t\u00e6tninger og bev\u00e6gelige dele, hvilket fremmer effektiv drift.<\/p>\n<h2>Vedligeholdelses- og forebyggende foranstaltninger<\/h2>\n<ul>\n<li>\n<h3>Regelm\u00e6ssige inspektioner<\/h3>\n<p>Hyppige inspektioner af bomcylinderen er afg\u00f8rende for at identificere potentielle problemer, f\u00f8r de eskalerer. Operat\u00f8rer b\u00f8r kontrollere for l\u00e6kager, us\u00e6dvanlige lyde eller tegn p\u00e5 slid. Tidlig opdagelse er n\u00f8glen til at opretholde cylinderens ydeevne og forhindre dyre reparationer.<\/p>\n<\/li>\n<li>\n<h3>Korrekt sm\u00f8ring<\/h3>\n<p>Det er vigtigt at sikre regelm\u00e6ssig sm\u00f8ring for at reducere friktion og slid p\u00e5 cylinderen. Operat\u00f8rer b\u00f8r overholde planlagte sm\u00f8reintervaller og bruge den anbefalede hydraulikolie for at opretholde optimal ydeevne.<\/p>\n<\/li>\n<li>\n<h3>Udskiftning af pakninger og kalibreringskontroller<\/h3>\n<p>Udskiftning af pakninger ved f\u00f8rste tegn p\u00e5 slid er afg\u00f8rende for at forhindre l\u00e6kager og opretholde trykket. Derudover sikrer regelm\u00e6ssige kalibreringskontroller, at cylinderen fungerer n\u00f8jagtigt i henhold til dens specifikationer, hvilket forbedrer sikkerhed og effektivitet.<\/p>\n<\/li>\n<\/ul>\n<p><img decoding=\"async\" src=\"https:\/\/www.hydraulic-cylinders.net\/wp-content\/uploads\/2025\/04\/songte-chushion-collar.webp\" alt=\"Vedligeholdelse af cylinder\" \/><\/p>\n<h2>Sikkerhedshensyn og milj\u00f8faktorer<\/h2>\n<p>Ved brug af hydrauliske cylindre er det afg\u00f8rende at implementere sikkerhedsforanstaltninger for at beskytte operat\u00f8rer og omgivende personale. Dette omfatter korrekt tr\u00e6ning i h\u00e5ndtering af maskineriet og forst\u00e5else af de hydrauliske systemer, der er i brug. Bevidsthed om milj\u00f8p\u00e5virkningen af \u200b\u200bhydrauliske v\u00e6sker og korrekte bortskaffelsesmetoder b\u00f8r ogs\u00e5 understreges for at forhindre forurening.<\/p>\n<h2>Fejldiagnose og almindelige problemer<\/h2>\n<ul>\n<li>\n<h3>L\u00e6kage af hydraulisk v\u00e6ske<\/h3>\n<p>V\u00e6skel\u00e6kager er ofte et tegn p\u00e5 slidte pakninger. Operat\u00f8rer b\u00f8r straks unders\u00f8ge og udskifte pakningerne for at genoprette funktionaliteten og forhindre yderligere skader.<\/p>\n<\/li>\n<li>\n<h3>Langsom responstid<\/h3>\n<p>En langsom reaktionstid kan indikere lave hydraulikv\u00e6skeniveauer eller luft i systemet. Kontrol af v\u00e6skeniveauer og udluftning af systemet kan l\u00f8se dette problem.<\/p>\n<\/li>\n<li>\n<h3>Overophedning<\/h3>\n<p>Overophedning kan forekomme p\u00e5 grund af for stor arbejdsbyrde eller utilstr\u00e6kkelig sm\u00f8ring. Korrekt driftspraksis og regelm\u00e6ssig sm\u00f8ring kan hj\u00e6lpe med at afb\u00f8de dette problem.<\/p>\n<\/li>\n<\/ul>\n<p>For at minimere potentielle problemer b\u00f8r operat\u00f8rer f\u00f8lge forebyggende foranstaltninger s\u00e5som regelm\u00e6ssig vedligeholdelse og overholdelse af driftsretningslinjer. Denne proaktive tilgang kan reducere sandsynligheden for funktionsfejl betydeligt.<\/p>\n<p><img decoding=\"async\" src=\"https:\/\/www.hydraulic-cylinders.net\/wp-content\/uploads\/2025\/04\/songte-bushings-with-all-kinds-of-excavator-models.webp\" alt=\"Gravemaskineb\u00f8sninger\" \/><\/p>\n<h2>Virksomhedsoversigt<\/h2>\n<p>Vi er en f\u00f8rende producent af hydrauliske udskiftningscylindre med et omfattende udvalg af produkter, der henvender sig til b\u00e5de indenlandske og internationale markeder. Vores engagement i ekspertise afspejles i vores raffinerede produktionsprocesser og kvalitetskontrolforanstaltninger. Ved at bruge dygtige fagfolk og avanceret digitalt produktionsudstyr forbedrer vi l\u00f8bende vores produktionskapaciteter for at im\u00f8dekomme forskellige kunders behov.<\/p>\n<p>Vores virksomhed l\u00e6gger v\u00e6gt p\u00e5 specialisering, internationale certificeringer og tilbyder skr\u00e6ddersyede tjenester. Vi investerer i moderne produktionsudstyr for at sikre effektivitet og pr\u00e6cision i hvert produkt. Vores dedikerede eftersalgsservice forst\u00e6rker yderligere vores engagement i kundetilfredshed og sikrer, at alle kunder modtager support gennem hele produktets livscyklus.<\/p>\n<p><img decoding=\"async\" src=\"https:\/\/www.hydraulic-cylinders.net\/wp-content\/uploads\/2025\/04\/songte-company-4.webp\" alt=\"Firmabillede 1\" \/><br \/>\n<img decoding=\"async\" src=\"https:\/\/www.hydraulic-cylinders.net\/wp-content\/uploads\/2025\/04\/songte-company-3.webp\" alt=\"Virksomhedsbillede 2\" \/><\/p>\n<p>Forfatter: lyl<\/p>","protected":false},"excerpt":{"rendered":"<p>Boom Cylinder For Doosan Small Excavator DH60-7 Introduction to Boom Cylinder The boom cylinder, specifically designed for the Doosan small excavator DH60-7, is a crucial component in hydraulic systems. This hydraulic cylinder is responsible for controlling the movement of the boom arm, enabling effective lifting, lowering, and tilting of the excavator&#8217;s bucket. It plays an [&hellip;]<\/p>","protected":false},"featured_media":17867,"comment_status":"open","ping_status":"closed","template":"","meta":{"_et_pb_use_builder":"","_et_pb_old_content":"","_et_gb_content_width":""},"product_brand":[],"product_cat":[1546],"product_tag":[1547,1496],"class_list":{"0":"post-18985","1":"product","2":"type-product","3":"status-publish","4":"has-post-thumbnail","6":"product_cat-boom-cylinders","7":"product_tag-boom-cylinders","8":"product_tag-hydraulic-cylinders","10":"first","11":"instock","12":"shipping-taxable","13":"product-type-simple"},"amp_enabled":true,"_links":{"self":[{"href":"https:\/\/www.hydraulic-cylinders.net\/da\/wp-json\/wp\/v2\/product\/18985","targetHints":{"allow":["GET"]}}],"collection":[{"href":"https:\/\/www.hydraulic-cylinders.net\/da\/wp-json\/wp\/v2\/product"}],"about":[{"href":"https:\/\/www.hydraulic-cylinders.net\/da\/wp-json\/wp\/v2\/types\/product"}],"replies":[{"embeddable":true,"href":"https:\/\/www.hydraulic-cylinders.net\/da\/wp-json\/wp\/v2\/comments?post=18985"}],"wp:featuredmedia":[{"embeddable":true,"href":"https:\/\/www.hydraulic-cylinders.net\/da\/wp-json\/wp\/v2\/media\/17867"}],"wp:attachment":[{"href":"https:\/\/www.hydraulic-cylinders.net\/da\/wp-json\/wp\/v2\/media?parent=18985"}],"wp:term":[{"taxonomy":"product_brand","embeddable":true,"href":"https:\/\/www.hydraulic-cylinders.net\/da\/wp-json\/wp\/v2\/product_brand?post=18985"},{"taxonomy":"product_cat","embeddable":true,"href":"https:\/\/www.hydraulic-cylinders.net\/da\/wp-json\/wp\/v2\/product_cat?post=18985"},{"taxonomy":"product_tag","embeddable":true,"href":"https:\/\/www.hydraulic-cylinders.net\/da\/wp-json\/wp\/v2\/product_tag?post=18985"}],"curies":[{"name":"wp","href":"https:\/\/api.w.org\/{rel}","templated":true}]}}