{"id":19101,"date":"2025-04-07T06:12:58","date_gmt":"2025-04-07T06:12:58","guid":{"rendered":"https:\/\/www.hydraulic-cylinders.net\/product\/boom-cylinder-for-volvo-small-excavator-ecr50d\/"},"modified":"2025-04-07T06:13:00","modified_gmt":"2025-04-07T06:13:00","slug":"boom-cylinder-for-volvo-small-excavator-ecr50d","status":"publish","type":"product","link":"https:\/\/www.hydraulic-cylinders.net\/da\/vare\/boom-cylinder-for-volvo-small-excavator-ecr50d\/","title":{"rendered":"Bomcylinder til Volvo lille gravemaskine ECR50D"},"content":{"rendered":"<h1>Bomcylinder til Volvo lille gravemaskine ECR50D<\/h1>\n<h2>Introduktion til bomcylindre<\/h2>\n<p>En bomcylinder er en type hydraulisk cylinder, der er specielt designet til at styre bev\u00e6gelsen af \u200b\u200bskovle i forskellige tunge maskiner, s\u00e5som gravemaskiner, rendegravere og frontl\u00e6ssere. Denne vigtige komponent g\u00f8r det muligt for skovlen at l\u00f8fte, s\u00e6nke og vippe, hvilket letter effektive materialeh\u00e5ndteringsopgaver inden for byggeri, landbrug og andre industrier. I hydrauliske systemer spiller bomcylindere en afg\u00f8rende rolle i at omdanne hydraulisk energi til mekanisk kraft, hvilket giver operat\u00f8rer mulighed for at udf\u00f8re komplekse bev\u00e6gelser med pr\u00e6cision og lethed. I bund og grund fungerer bomcylinderen som hjertet i det hydrauliske system og leverer den n\u00f8dvendige kraft til at betjene tunge maskiner effektivt.<\/p>\n<p><img decoding=\"async\" src=\"https:\/\/www.hydraulic-cylinders.net\/wp-content\/uploads\/2025\/04\/songte-company-1.webp\" alt=\"Bomcylinder\" \/><\/p>\n<h2>Funktioner ved bomcylinderen<\/h2>\n<ul>\n<li><strong>H\u00f8j styrke og holdbarhed:<\/strong> Disse cylindre er konstrueret af h\u00f8jstyrkest\u00e5l eller aluminium og er designet til at modst\u00e5 h\u00f8jt tryk og tunge belastninger, hvilket g\u00f8r dem velegnede til barske arbejdsmilj\u00f8er.<\/li>\n<li><strong>Effektiv hydraulisk drift:<\/strong> Ved at udnytte trykket fra hydraulikolien leverer bomcylindrene j\u00e6vn ud- og indtr\u00e6kning, hvilket giver mulighed for hurtig reaktion p\u00e5 f\u00f8rerens kommandoer og en betydelig skubbe- og tr\u00e6kkraft.<\/li>\n<li><strong>Forskellige typer:<\/strong> Bomcylindre f\u00e5s i enkeltvirkende (fungerer i \u00e9n retning) eller dobbeltvirkende (fungerer i begge retninger) variationer for at im\u00f8dekomme forskellige driftsbehov. Visse modeller er teleskopiske, hvilket giver mulighed for st\u00f8rre udtr\u00e6k uden at \u00f8ge de ydre dimensioner.<\/li>\n<li><strong>Specialfremstilling:<\/strong> Vores virksomhed specialiserer sig i produktion af bomcylindre, der perfekt erstatter eksisterende hydrauliske cylindre og sikrer kompatibilitet og ydeevne.<\/li>\n<li><strong>Robust t\u00e6tnings- og vedligeholdelsesdesign:<\/strong> Disse cylindre er designet med avancerede t\u00e6tningsteknikker, minimerer l\u00e6kager og maksimerer levetiden, hvilket sikrer p\u00e5lidelig ydeevne over tid.<\/li>\n<\/ul>\n<p><img decoding=\"async\" src=\"https:\/\/www.hydraulic-cylinders.net\/wp-content\/uploads\/2025\/04\/songte-cylinder-head-with-all-kinds-excavator-models.webp\" alt=\"Gravemaskinemodeller\" \/><\/p>\n<h2>Applikationsscenarier<\/h2>\n<h3>Entrepren\u00f8rudstyr<\/h3>\n<p>I gravemaskiner er bomcylindre afg\u00f8rende for gravning, lastning og flytning af jord eller affald. De letter gravearbejdet ved at lade skovlen tr\u00e6nge effektivt ned i jorden. I rendegravere underst\u00f8tter bomcylindrene b\u00e5de grave- og l\u00f8ftefunktionerne, hvilket g\u00f8r dem til alsidige v\u00e6rkt\u00f8jer i byggeprojekter.<\/p>\n<h3>Landbrugsmaskiner<\/h3>\n<p>I frontl\u00e6ssere er bomcylindre afg\u00f8rende for at opgrave, l\u00f8fte og transportere jord, h\u00f8 og andre materialer. Deres robuste design g\u00f8r det muligt for dem at h\u00e5ndtere tunge l\u00e6s og dermed sikre effektiv drift i landbrugsmilj\u00f8er.<\/p>\n<h3>Gravemaskiner<\/h3>\n<p>I gravemaskiner g\u00f8r bomcylindrene det muligt for skovlen at tr\u00e6nge ned i jorden, hvilket muligg\u00f8r effektiv udgravning. Deres ydeevne p\u00e5virker direkte maskineriets effektivitet og produktivitet, hvilket g\u00f8r dem uundv\u00e6rlige i forskellige udgravningsopgaver.<\/p>\n<h3>L\u00e6ssere<\/h3>\n<p>I frontl\u00e6ssere hj\u00e6lper bomcylindre med effektivt at l\u00f8fte og t\u00f8mme materialer. Deres design sikrer, at laster kan h\u00e5ndteres sikkert og effektivt, hvilket bidrager til optimal produktivitet p\u00e5 arbejdspladsen.<\/p>\n<h2>Designovervejelser og udv\u00e6lgelseskriterier<\/h2>\n<h3>Lastkapacitet<\/h3>\n<p>Bomcylinderens lasteevne er et kritisk designelement, der bestemmer den maksimale v\u00e6gt, den kan l\u00f8fte og man\u00f8vrere. Det er vigtigt for operat\u00f8rer at v\u00e6lge en cylinder med en passende lasteevne for at sikre sikkerhed og funktionalitet under drift. Lastkapaciteten p\u00e5virkes af de anvendte materialer i konstruktionen, cylinderens diameter og dens overordnede design.<\/p>\n<h3>Forsegling<\/h3>\n<p>Effektiv t\u00e6tning er afg\u00f8rende for at forhindre l\u00e6kager af hydraulikv\u00e6ske, som kan kompromittere cylinderens ydeevne og f\u00f8re til driftsfejl. H\u00f8jkvalitetspakninger fremstillet af materialer som polyurethan og nitrilgummi anvendes almindeligvis for at forbedre holdbarheden og slidstyrken. Korrekt t\u00e6tningsdesign kan ogs\u00e5 forbedre den samlede effektivitet af hydrauliske operationer.<\/p>\n<h3>Holdbarhed<\/h3>\n<p>Holdbarhed er en n\u00f8glefaktor, der p\u00e5virker levetiden for en bomcylinder. Cylindre skal konstrueres til at modst\u00e5 barske milj\u00f8er og gentagen belastning. Brugen af \u200b\u200bh\u00f8jstyrkematerialer og beskyttende bel\u00e6gninger kan hj\u00e6lpe med at modst\u00e5 korrosion og slid, hvilket sikrer langvarig ydeevne i kr\u00e6vende applikationer.<\/p>\n<h3>Sikkerhed<\/h3>\n<p>Sikkerhedshensyn er altafg\u00f8rende ved design af hydrauliske cylindre. Funktioner som trykaflastningsventiler og robuste monteringssystemer bidrager til sikker drift af bomcylindre. Valg af en cylinder med indbyggede sikkerhedsfunktioner kan reducere risikoen for ulykker betydeligt og \u00f8ge f\u00f8rerens tillid.<\/p>\n<h3>Vedligeholdelsesevne<\/h3>\n<p>Design af bomcylindre med vedligeholdelse i tankerne kan lette service og reducere nedetid. Funktioner som tilg\u00e6ngelige servicepunkter til sm\u00f8ring og let udskiftelige pakninger kan forbedre cylinderens vedligeholdelsesvenlighed, hvilket fremmer levetid og p\u00e5lidelig ydeevne.<\/p>\n<p><img decoding=\"async\" src=\"https:\/\/www.hydraulic-cylinders.net\/wp-content\/uploads\/2025\/04\/songte-oil-pipes-and-spare-parts.webp\" alt=\"Hydrauliske dele\" \/><\/p>\n<h2>T\u00e6tning og sm\u00f8ring<\/h2>\n<p>Korrekt t\u00e6tning og sm\u00f8ring er afg\u00f8rende for bomcylindrenes levetid og ydeevne. Forskellige t\u00e6tninger, s\u00e5som stempelt\u00e6tninger og stangt\u00e6tninger, anvendes til at forhindre l\u00e6kager af hydraulisk v\u00e6ske. Valget af holdbare materialer som polyurethan og nitrilgummi forbedrer slidstyrken og forl\u00e6nger t\u00e6tningernes levetid. Derudover \u00f8ges holdbarheden mod slid ved at sikre, at cylinderhuset og gevindfladerne er fint forarbejdede. Regelm\u00e6ssig tils\u00e6tning af den passende m\u00e6ngde hydraulikolie til sm\u00f8ring er afg\u00f8rende for at opretholde driftseffektiviteten og forhindre for tidligt slid.<\/p>\n<h2>Regelm\u00e6ssig kontrol og forebyggende vedligeholdelse<\/h2>\n<ul>\n<li><strong>Regelm\u00e6ssige inspektioner:<\/strong> Udf\u00f8relse af rutinem\u00e6ssige inspektioner hj\u00e6lper med at identificere potentielle problemer, f\u00f8r de eskalerer. Se efter tegn p\u00e5 slid, l\u00e6kager eller us\u00e6dvanlige lyde under drift.<\/li>\n<li><strong>Passende sm\u00f8ring:<\/strong> S\u00f8rg for, at det hydrauliske system er tilstr\u00e6kkeligt smurt for at minimere friktion og slid. Brug hydraulikolie af h\u00f8j kvalitet, og f\u00f8lg producentens specifikationer for sm\u00f8reintervaller.<\/li>\n<li><strong>Udskiftning af pakninger og kalibreringskontroller:<\/strong> Udskift regelm\u00e6ssigt pakninger og kalibrer cylinderen for at opretholde optimal ydeevne. Dette er med til at sikre, at det hydrauliske system fungerer problemfrit og effektivt.<\/li>\n<\/ul>\n<h2>Installationsvejledning<\/h2>\n<p>Korrekt installation er afg\u00f8rende for optimal ydeevne af bomcylindre. Start med at sikre, at alle komponenter er rene og fri for snavs. Juster cylinderen n\u00f8jagtigt under installationen for at undg\u00e5 problemer med forkert justering, der kan f\u00f8re til for tidligt slid. Brug passende monteringsbeslag til at fastg\u00f8re cylinderen p\u00e5 plads, s\u00e5 den kan modst\u00e5 driftsbelastningerne uden at forskyde sig. F\u00f8lg producentens retningslinjer for momentspecifikationer og tilslutningsfittings for at opn\u00e5 en p\u00e5lidelig installation. Udf\u00f8r en grundig kontrol efter installationen for at bekr\u00e6fte, at alle forbindelser er t\u00e6tte, og at cylinderen fungerer problemfrit.<\/p>\n<h2>Almindelige vedligeholdelsesopgaver<\/h2>\n<ul>\n<li><strong>Regelm\u00e6ssige inspektioner:<\/strong> Hyppige visuelle kontroller kan hj\u00e6lpe med at opdage potentielle problemer tidligt. Se efter tegn p\u00e5 slid, skader eller l\u00e6kager, der kan indikere underliggende problemer.<\/li>\n<li><strong>Korrekt sm\u00f8ring:<\/strong> Det er afg\u00f8rende at opretholde tilstr\u00e6kkelig sm\u00f8ring for at minimere friktion og forl\u00e6nge levetiden for de hydrauliske komponenter. S\u00f8rg for, at pakningerne er smurte for at forhindre slid og forbedre t\u00e6tningsevnen.<\/li>\n<li><strong>Udskiftning og kalibrering af pakning:<\/strong> Rutinem\u00e6ssig udskiftning af slidte pakninger er afg\u00f8rende for at forhindre l\u00e6kager og opretholde ydeevnen. Kalibreringskontroller b\u00f8r ogs\u00e5 udf\u00f8res med j\u00e6vne mellemrum for at sikre, at cylinderen fungerer inden for de specificerede parametre.<\/li>\n<\/ul>\n<h2>Sikkerhedshensyn og milj\u00f8faktorer<\/h2>\n<p>N\u00e5r man arbejder med hydrauliske cylindre, er sikkerhedsforanstaltninger afg\u00f8rende for at forhindre ulykker og sikre beskyttelse af personale og udstyr. Korrekt tr\u00e6ning af operat\u00f8rer i korrekt brug af bomcylindre er afg\u00f8rende. Derudover kan overholdelse af sikkerhedsforskrifter, herunder brug af personlige v\u00e6rnemidler (PPE), mindske risici. Milj\u00f8faktorer, s\u00e5som eksponering for ekstreme temperaturer eller \u00e6tsende stoffer, b\u00f8r ogs\u00e5 tages i betragtning ved valg af cylindermaterialer og bel\u00e6gninger for at sikre langvarig holdbarhed og sikkerhed.<\/p>\n<h2>Fejlfinding og almindelige problemer<\/h2>\n<ul>\n<li><strong>L\u00e6kage:<\/strong> L\u00e6kage af hydraulikv\u00e6ske kan opst\u00e5 p\u00e5 grund af slidte pakninger eller forbindelser. Unders\u00f8g pakninger og fittings for skader, og udskift dem efter behov.<\/li>\n<li><strong>Langsom drift:<\/strong> Hvis bomcylinderen k\u00f8rer tr\u00e6gt, skal du kontrollere for lave hydraulikv\u00e6skeniveauer eller forurening i systemet.<\/li>\n<li><strong>Us\u00e6dvanlige lyde:<\/strong> St\u00f8j under drift kan v\u00e6re tegn p\u00e5 mekaniske problemer eller utilstr\u00e6kkelig sm\u00f8ring; unders\u00f8g for potentielle problemer.<\/li>\n<\/ul>\n<h2>Tips til fejlfinding<\/h2>\n<p>For effektivt at diagnosticere og l\u00f8se problemer med bomcylindre b\u00f8r man overveje at udf\u00f8re en grundig inspektion af alle hydrauliske komponenter og forbindelser. Se efter tegn p\u00e5 slid, l\u00e6kager eller kontaminering i hydraulikv\u00e6sken. Implementer forebyggende foranstaltninger for at h\u00e5ndtere potentielle problemer proaktivt, s\u00e5som rutinem\u00e6ssige vedligeholdelseskontroller og rettidig udskiftning af slidte dele. Korrekt tr\u00e6ning af operat\u00f8rer i at genkende tegn p\u00e5 fejl kan ogs\u00e5 hj\u00e6lpe med at minimere nedetid og opretholde driftseffektiviteten.<\/p>\n<p><img decoding=\"async\" src=\"https:\/\/www.hydraulic-cylinders.net\/wp-content\/uploads\/2025\/04\/songte-bushings-with-all-kinds-of-excavator-models.webp\" alt=\"Gravemaskineb\u00f8sninger\" \/><\/p>\n<h2>Virksomhedsoversigt<\/h2>\n<p>Vi er en f\u00f8rende producent af hydrauliske udskiftningscylindre og kan prale af et omfattende udvalg af produkter, der henvender sig til b\u00e5de indenlandske og internationale markeder. Vores engagement i ekspertise understreges af vores overholdelse af h\u00f8je kvalitetsstandarder og avancerede produktionsstyringsstrategier. Med fokus p\u00e5 at ans\u00e6tte kvalificeret teknisk personale, avanceret digitalt produktionsudstyr og specialiserede testsystemer forbedrer vi l\u00f8bende vores produktionskapacitet. Vores robuste produktudviklingsprocesser er designet til at im\u00f8dekomme vores kunders forskellige behov og sikre h\u00f8j effektivitet, pr\u00e6cision og kvalitet i alle vores tilbud.<\/p>\n<p><img decoding=\"async\" src=\"https:\/\/www.hydraulic-cylinders.net\/wp-content\/uploads\/2025\/04\/songte-company-4.webp\" alt=\"Virksomhedsoversigt\" \/><br \/>\n<img decoding=\"async\" src=\"https:\/\/www.hydraulic-cylinders.net\/wp-content\/uploads\/2025\/04\/songte-company-3.webp\" alt=\"Produktionsanl\u00e6g\" \/><\/p>\n<p>Vores virksomhed er anerkendt for sin professionalisme og har adskillige internationale certificeringer, der bekr\u00e6fter vores engagement i kvalitet. Vi tilbyder skr\u00e6ddersyede tjenester, der opfylder specifikke kundekrav, og sikrer, at vores kunder modtager produkter, der passer perfekt til deres behov. Vores avancerede produktionsudstyr og dedikerede eftersalgsservice styrker yderligere vores omd\u00f8mme i branchen.<\/p>\n<p>Forfatter: lyl<\/p>","protected":false},"excerpt":{"rendered":"<p>Boom Cylinder For Volvo Small Excavator ECR50D Introduction to Boom Cylinders A boom cylinder is a type of hydraulic cylinder specifically designed to control the movement of buckets in various heavy machinery, such as excavators, backhoe loaders, and front loaders. This vital component enables the bucket to lift, lower, and tilt, facilitating efficient material handling [&hellip;]<\/p>","protected":false},"featured_media":17877,"comment_status":"open","ping_status":"closed","template":"","meta":{"_et_pb_use_builder":"","_et_pb_old_content":"","_et_gb_content_width":""},"product_brand":[],"product_cat":[1546],"product_tag":[1547,1496],"class_list":{"0":"post-19101","1":"product","2":"type-product","3":"status-publish","4":"has-post-thumbnail","6":"product_cat-boom-cylinders","7":"product_tag-boom-cylinders","8":"product_tag-hydraulic-cylinders","10":"first","11":"instock","12":"shipping-taxable","13":"product-type-simple"},"amp_enabled":true,"_links":{"self":[{"href":"https:\/\/www.hydraulic-cylinders.net\/da\/wp-json\/wp\/v2\/product\/19101","targetHints":{"allow":["GET"]}}],"collection":[{"href":"https:\/\/www.hydraulic-cylinders.net\/da\/wp-json\/wp\/v2\/product"}],"about":[{"href":"https:\/\/www.hydraulic-cylinders.net\/da\/wp-json\/wp\/v2\/types\/product"}],"replies":[{"embeddable":true,"href":"https:\/\/www.hydraulic-cylinders.net\/da\/wp-json\/wp\/v2\/comments?post=19101"}],"wp:featuredmedia":[{"embeddable":true,"href":"https:\/\/www.hydraulic-cylinders.net\/da\/wp-json\/wp\/v2\/media\/17877"}],"wp:attachment":[{"href":"https:\/\/www.hydraulic-cylinders.net\/da\/wp-json\/wp\/v2\/media?parent=19101"}],"wp:term":[{"taxonomy":"product_brand","embeddable":true,"href":"https:\/\/www.hydraulic-cylinders.net\/da\/wp-json\/wp\/v2\/product_brand?post=19101"},{"taxonomy":"product_cat","embeddable":true,"href":"https:\/\/www.hydraulic-cylinders.net\/da\/wp-json\/wp\/v2\/product_cat?post=19101"},{"taxonomy":"product_tag","embeddable":true,"href":"https:\/\/www.hydraulic-cylinders.net\/da\/wp-json\/wp\/v2\/product_tag?post=19101"}],"curies":[{"name":"wp","href":"https:\/\/api.w.org\/{rel}","templated":true}]}}