{"id":19138,"date":"2025-04-07T06:14:41","date_gmt":"2025-04-07T06:14:41","guid":{"rendered":"https:\/\/www.hydraulic-cylinders.net\/product\/boom-cylinder-for-sany-small-excavator-sy65-9\/"},"modified":"2025-04-07T06:14:43","modified_gmt":"2025-04-07T06:14:43","slug":"boom-cylinder-for-sany-small-excavator-sy65-9","status":"publish","type":"product","link":"https:\/\/www.hydraulic-cylinders.net\/da\/vare\/boom-cylinder-for-sany-small-excavator-sy65-9\/","title":{"rendered":"Bomcylinder til Sany lille gravemaskine SY65-9"},"content":{"rendered":"<h1>Bomcylinder til Sany lille gravemaskine SY65-9<\/h1>\n<h2>Produktoversigt<\/h2>\n<p>Bomcylinderen til Sany Small Excavator SY65-9 er en hydraulisk cylinder, der er specielt designet til at styre bommens bev\u00e6gelse p\u00e5 gravemaskiner. Disse cylindre spiller en afg\u00f8rende rolle i hydrauliske systemer og leverer den n\u00f8dvendige kraft til at l\u00f8fte, s\u00e6nke og vippe bommen. Denne evne muligg\u00f8r effektiv materialeh\u00e5ndtering i forskellige applikationer, herunder bygge- og graveopgaver. Skovlcylinderen er afg\u00f8rende for tunge maskiner som gravemaskiner, rendegravere og frontl\u00e6ssere. Dens hydrauliske design sikrer j\u00e6vn drift og evnen til at modst\u00e5 h\u00f8je tryk, hvilket g\u00f8r den uundv\u00e6rlig i udf\u00f8relsen af \u200b\u200btunge opgaver.<\/p>\n<p><img decoding=\"async\" src=\"https:\/\/www.hydraulic-cylinders.net\/wp-content\/uploads\/2025\/04\/songte-company-1.webp\" alt=\"Bomcylinder til gravemaskiner\"><\/p>\n<h2>N\u00f8glefunktioner ved bomcylinderen<\/h2>\n<ul>\n<li><strong>H\u00f8j styrke og holdbarhed:<\/strong> Disse cylindre er konstrueret af h\u00f8jstyrkest\u00e5l eller aluminium og kan modst\u00e5 h\u00f8je tryk og tunge belastninger, samtidig med at de tilpasser sig barske arbejdsmilj\u00f8er. Deres design tager h\u00f8jde for slidstyrke og korrosionsbeskyttelse, hvilket forl\u00e6nger deres levetid.<\/li>\n<li><strong>Effektiv hydraulisk drift:<\/strong> Ved at udnytte hydraulisk olietryk muligg\u00f8r bomcylinderen j\u00e6vn ud- og indtr\u00e6kning, reagerer hurtigt p\u00e5 kontrolkommandoer og leverer kraftig skubbe- og tr\u00e6kkraft, ideel til h\u00e5ndtering af tunge og komplekse opgaver.<\/li>\n<li><strong>Forskellige typer:<\/strong> F\u00e5s i b\u00e5de enkeltvirkende (hydraulisk brug i \u00e9n retning) og dobbeltvirkende (hydraulisk brug i begge retninger) design, hvor nogle modeller har teleskopfunktioner for st\u00f8rre udtr\u00e6k uden at \u00f8ge de ydre dimensioner, velegnet til applikationer med begr\u00e6nset plads.<\/li>\n<li><strong>Specialfremstilling:<\/strong> Vi kan fremstille dette produkt og sikre, at det perfekt erstatter eksisterende hydrauliske cylindre i forskellige maskiner, hvilket forbedrer kompatibilitet og ydeevne.<\/li>\n<\/ul>\n<p><img decoding=\"async\" src=\"https:\/\/www.hydraulic-cylinders.net\/wp-content\/uploads\/2025\/04\/songte-cylinder-head-with-all-kinds-excavator-models.webp\" alt=\"Gravemaskine topstykke\"><\/p>\n<h2>Applikationsscenarier<\/h2>\n<h3>Entrepren\u00f8rudstyr<\/h3>\n<p>I gravemaskiner er bomcylindre afg\u00f8rende for gravning, lastning og flytning af jord eller affald. Deres evne til hurtigt at forl\u00e6nge og tr\u00e6kke sig ind g\u00f8r det muligt for f\u00f8rere at udf\u00f8re opgaver effektivt uden forsinkelser. I rendegravere hj\u00e6lper disse cylindre ikke kun med gravning, men ogs\u00e5 med l\u00f8ft, hvilket g\u00f8r dem til alsidige v\u00e6rkt\u00f8jer p\u00e5 byggepladser.<\/p>\n<h3>Landbrugsmaskiner<\/h3>\n<p>I frontl\u00e6ssere anvendes bomcylindre til at opgrave, l\u00f8fte og transportere jord, h\u00f8 og andre materialer. Deres robuste konstruktion og responsive drift g\u00f8r dem uundv\u00e6rlige til forskellige landbrugsopgaver, hvilket forbedrer produktivitet og effektivitet.<\/p>\n<h3>Gravemaskiner<\/h3>\n<p>Gravemaskiner er i h\u00f8j grad afh\u00e6ngige af bomcylindre for at tr\u00e6nge ned i jorden, hvilket letter graveprocessen. Designet af disse cylindre giver pr\u00e6cis kontrol over bommens bev\u00e6gelse, hvilket sikrer, at f\u00f8rere nemt kan navigere i udfordrende terr\u00e6n.<\/p>\n<h3>L\u00e6ssere<\/h3>\n<p>I frontl\u00e6ssere spiller bomcylindre en afg\u00f8rende rolle i effektiv l\u00f8ftning og t\u00f8mning af laster. Deres evne til at h\u00e5ndtere betydelige v\u00e6gte sikrer, at f\u00f8rere kan udf\u00f8re l\u00e6sseopgaver hurtigt og effektivt og maksimere produktiviteten p\u00e5 arbejdsstedet.<\/p>\n<h2>Designovervejelser og udv\u00e6lgelseskriterier<\/h2>\n<h3>Lastkapacitet<\/h3>\n<p>N\u00e5r man v\u00e6lger en bomcylinder, er det altafg\u00f8rende at forst\u00e5 dens lasteevne. Cylinderen skal kunne h\u00e5ndtere den maksimale v\u00e6gt, den uds\u00e6ttes for under drift. Dette indeb\u00e6rer evaluering af b\u00e5de statiske og dynamiske belastninger for at sikre sikkerhed og p\u00e5lidelighed i ydeevne. Overbelastning af en cylinder kan f\u00f8re til svigt, hvilket resulterer i dyr nedetid og reparationer.<\/p>\n<h3>Forsegling<\/h3>\n<p>T\u00e6tning er afg\u00f8rende for effektiv drift af hydrauliske cylindre. T\u00e6tninger af h\u00f8j kvalitet forhindrer l\u00e6kage af hydraulikv\u00e6ske, samtidig med at de sikrer effektiv drift. Valg af t\u00e6tninger lavet af materialer som polyurethan og nitrilgummi forbedrer holdbarheden og modstandsdygtigheden over for slid, hvilket forl\u00e6nger cylinderens levetid.<\/p>\n<h3>Holdbarhed<\/h3>\n<p>Holdbarhed er en vigtig faktor for bomcylindre, is\u00e6r i betragtning af de kr\u00e6vende milj\u00f8er, de opererer i. Valg af cylindre med beskyttende bel\u00e6gninger og robuste materialer kan reducere slid og milj\u00f8skader betydeligt og dermed forl\u00e6nge levetiden og reducere vedligeholdelsesomkostningerne.<\/p>\n<h3>Sikkerhed<\/h3>\n<p>Sikkerhedsfunktioner er afg\u00f8rende i design af hydrauliske cylindre. Integration af sikkerhedsventiler og trykaflastningsmekanismer kan forhindre ulykker og skader p\u00e5 arbejdspladsen. Regelm\u00e6ssige vurderinger af disse funktioner under vedligeholdelse kan sikre, at de fungerer korrekt, n\u00e5r det er n\u00f8dvendigt.<\/p>\n<h3>Vedligeholdelsesevne<\/h3>\n<p>Et design, der letter vedligeholdelse, er afg\u00f8rende for at forl\u00e6nge bomcylindrenes levetid. Funktioner som let udskiftelige pakninger og enkle adgangspunkter til sm\u00f8ring og inspektion kan spare tid og arbejdsomkostninger. Implementering af en forebyggende vedligeholdelsesplan kan forbedre cylinderens ydeevne og p\u00e5lidelighed betydeligt.<\/p>\n<p><img decoding=\"async\" src=\"https:\/\/www.hydraulic-cylinders.net\/wp-content\/uploads\/2025\/04\/songte-oil-pipes-and-spare-parts.webp\" alt=\"Hydrauliske dele og tilbeh\u00f8r\"><\/p>\n<h2>T\u00e6tning og sm\u00f8ring<\/h2>\n<p>Korrekt t\u00e6tning og sm\u00f8ring er afg\u00f8rende for effektiv funktion af bomcylindre. Brug af forskellige t\u00e6tningselementer, s\u00e5som stempelt\u00e6tninger og stangt\u00e6tninger, sikrer, at hydraulikv\u00e6sken forbliver indeholdt og forhindrer l\u00e6kager. Materialer som polyurethan og nitrilgummi foretr\u00e6kkes p\u00e5 grund af deres slidstyrke. Cylinderhuset og gevindfladerne b\u00f8r gennemg\u00e5 en fin forarbejdning for at forbedre holdbarheden. Regelm\u00e6ssig tils\u00e6tning af den passende m\u00e6ngde hydraulikolie til sm\u00f8ring er ogs\u00e5 n\u00f8dvendig for at opretholde optimal ydeevne og forhindre slid.<\/p>\n<h2>Regelm\u00e6ssig inspektion og forebyggende vedligeholdelsesforanstaltninger<\/h2>\n<ul>\n<li><strong>Rutinem\u00e6ssige inspektioner:<\/strong> Udf\u00f8r regelm\u00e6ssige inspektioner af bomcylinderen for tegn p\u00e5 slid, l\u00e6kager eller skader. Tidlig opdagelse af problemer kan forhindre dyre reparationer og forl\u00e6nge cylinderens levetid.<\/li>\n<li><strong>Passende sm\u00f8ring:<\/strong> S\u00f8rg for regelm\u00e6ssig sm\u00f8ring for at opretholde en problemfri drift. Brug den anbefalede hydraulikolie, og f\u00f8lg producentens anvisninger for sm\u00f8reintervaller.<\/li>\n<li><strong>Udskiftning af pakning:<\/strong> Overv\u00e5g pakningernes tilstand, og udskift dem efter behov for at forhindre l\u00e6kager og opretholde effektiviteten. Planl\u00e6gning af pakningsudskiftninger under rutinem\u00e6ssig vedligeholdelse kan forbedre cylinderens ydeevne og p\u00e5lidelighed.<\/li>\n<\/ul>\n<h2>Installationsvejledning<\/h2>\n<p>For korrekt installation af en bomcylinder skal du starte med at justere cylinderen n\u00f8jagtigt med monteringspunkterne p\u00e5 gravemaskinen. Brug af passende monteringsbeslag kan fastg\u00f8re cylinderen p\u00e5 plads. S\u00f8rg for at f\u00f8lge producentens specifikationer for momentindstillinger for at sikre en t\u00e6t montering. Efter placering skal du kontrollere for eventuelle forhindringer, der kan hindre cylinderens bev\u00e6gelse. N\u00e5r den er installeret, er det vigtigt at teste cylinderens funktion under sikre forhold for at sikre, at den fungerer korrekt, f\u00f8r du p\u00e5begynder fuld drift. Se altid den tekniske manual for specifikke instruktioner relateret til din model.<\/p>\n<h2>Almindelige vedligeholdelsesopgaver<\/h2>\n<h3>Regelm\u00e6ssige inspektioner<\/h3>\n<p>Regelm\u00e6ssige inspektioner er afg\u00f8rende for at identificere potentielle problemer, f\u00f8r de eskalerer. Se efter tegn p\u00e5 slitage, v\u00e6skel\u00e6kager eller us\u00e6dvanlige lyde under drift. Detaljerede optegnelser over inspektioner og eventuelle identificerede problemer kan hj\u00e6lpe med at opretholde cylinderens ydeevne og p\u00e5lidelighed.<\/p>\n<h3>Korrekt sm\u00f8ring<\/h3>\n<p>Korrekt sm\u00f8ring er afg\u00f8rende for hydrauliske komponenters levetid. Brug den hydrauliske olie, der anbefales af producenten, og s\u00f8rg for, at den p\u00e5f\u00f8res med specificerede intervaller. Regelm\u00e6ssig sm\u00f8ring hj\u00e6lper med at reducere friktion mellem bev\u00e6gelige dele og forhindrer for tidligt slid, hvilket sikrer problemfri drift.<\/p>\n<h3>Udskiftning af pakninger og kalibreringskontroller<\/h3>\n<p>Periodisk udskiftning af pakninger er n\u00f8dvendig for at opretholde den hydrauliske integritet. Overv\u00e5gning af pakninger for slid og hurtig udskiftning af dem kan forhindre dyre l\u00e6kager. Derudover sikrer kalibreringskontroller, at den hydrauliske cylinder fungerer inden for de specificerede parametre, hvilket forbedrer sikkerhed og effektivitet.\n<\/p>\n<p><img decoding=\"async\" src=\"https:\/\/www.hydraulic-cylinders.net\/wp-content\/uploads\/2025\/04\/songte-chushion-collar.webp\" alt=\"Pudekrave til gravemaskiner\"><\/p>\n<h2>Sikkerhedshensyn og milj\u00f8faktorer<\/h2>\n<p>Ved h\u00e5ndtering af hydrauliske cylindre er implementering af sikkerhedsforanstaltninger afg\u00f8rende. Operat\u00f8rer b\u00f8r tr\u00e6nes i sikre h\u00e5ndteringsprocedurer for at mindske risici s\u00e5som v\u00e6skel\u00e6kager eller udstyrsfejl. Desuden kan brugen af \u200b\u200bmilj\u00f8venlige hydrauliske v\u00e6sker minimere milj\u00f8p\u00e5virkningen og fremme b\u00e6redygtighed i driften.<\/p>\n<h2>Fejlfinding og almindelige problemer<\/h2>\n<ul>\n<li><strong>V\u00e6skel\u00e6kager:<\/strong> Hyppige l\u00e6kager kan opst\u00e5 p\u00e5 grund af slidte pakninger eller beskadigede fittings. Inspicering og udskiftning af pakninger kan ofte l\u00f8se dette problem.<\/li>\n<li><strong>Inkonsekvent ydeevne:<\/strong> Hvis bomcylinderen bev\u00e6ger sig uj\u00e6vnt, skal du kontrollere for luftl\u00e6kager i det hydrauliske system. Det kan v\u00e6re n\u00f8dvendigt at udlufte systemet.<\/li>\n<li><strong>Overdreven st\u00f8j:<\/strong> St\u00f8jende drift kan v\u00e6re tegn p\u00e5 lave hydraulikv\u00e6skeniveauer eller intern skade. Regelm\u00e6ssig vedligeholdelse kan hj\u00e6lpe med at diagnosticere og l\u00f8se disse problemer.<\/li>\n<\/ul>\n<h2>Tips til fejlfinding<\/h2>\n<p>For effektivt at diagnosticere og h\u00e5ndtere problemer med bomcylinderen skal man f\u00f8rst identificere symptomerne og inspicere cylinderen for skader eller l\u00e6kager. Regelm\u00e6ssige vedligeholdelsesprotokoller kan forhindre mange almindelige problemer, s\u00e5som v\u00e6skel\u00e6kager og ustabil drift. Ved at holde n\u00f8je \u00f8je med hydraulikv\u00e6skeniveauerne og sikre, at pakningerne er i god stand, kan man reducere sandsynligheden for, at der opst\u00e5r mere alvorlige problemer betydeligt.<\/p>\n<p><img decoding=\"async\" src=\"https:\/\/www.hydraulic-cylinders.net\/wp-content\/uploads\/2025\/04\/songte-bushings-with-all-kinds-of-excavator-models.webp\" alt=\"B\u00f8sninger til gravemaskiner\"><\/p>\n<h2>Virksomhedsoversigt<\/h2>\n<p>Vi er en f\u00f8rende producent og engrosdistribut\u00f8r af hydrauliske udskiftningscylindre og tilbyder en bred vifte af produkter. Vores engagement i ekspertise afspejles i vores omhyggelige produktionsprocesser og ledelsesstrategier. Ved at udnytte avancerede produktionsteknologier og et robust kvalitetskontrolsystem forbedrer vi l\u00f8bende vores produktionskapacitet. Vores fokus p\u00e5 h\u00f8j effektivitet, pr\u00e6cision og kvalitet g\u00f8r det muligt for os at im\u00f8dekomme forskellige kundebehov effektivt.<\/p>\n<h3>Ekspertise og certificeringer<\/h3>\n<p>Vores virksomhed l\u00e6gger v\u00e6gt p\u00e5 professionalisme og internationale certificeringer, hvilket sikrer, at vores produkter opfylder globale kvalitetsstandarder. Vi tilbyder skr\u00e6ddersyede l\u00f8sninger, der er skr\u00e6ddersyet til vores kunders specifikke behov og forbedrer deres driftseffektivitet.<\/p>\n<h3>Produktionsudstyr<\/h3>\n<p>Ved at anvende det nyeste produktionsudstyr kan vi effektivt producere hydrauliske cylindre af h\u00f8j kvalitet. Vores faciliteter er udstyret med avanceret teknologi, der underst\u00f8tter pr\u00e6cisionsteknik og produktion i store m\u00e6ngder.<\/p>\n<h3>Eftersalgsservice<\/h3>\n<p>Vi er stolte af vores exceptionelle eftersalgsservice, hvor vi leverer l\u00f8bende support og vedligeholdelsesassistance for at sikre, at vores kunder kan stole p\u00e5 vores produkter til deres driftsm\u00e6ssige behov. Vores dedikerede team er altid tilg\u00e6ngeligt for at hj\u00e6lpe med eventuelle foresp\u00f8rgsler eller behov for support.<\/p>\n<p><img decoding=\"async\" src=\"https:\/\/www.hydraulic-cylinders.net\/wp-content\/uploads\/2025\/04\/songte-company-4.webp\" alt=\"Hydrauliske cylinderproduktionsanl\u00e6g\"><br \/>\n<img decoding=\"async\" src=\"https:\/\/www.hydraulic-cylinders.net\/wp-content\/uploads\/2025\/04\/songte-company-3.webp\" alt=\"Produktionslinje for hydrauliske cylindere\"><\/p>\n<p>Forfatter: lyl<\/p>","protected":false},"excerpt":{"rendered":"<p>Boom Cylinder For Sany Small Excavator SY65-9 Product Overview The Boom Cylinder for the Sany Small Excavator SY65-9 is a hydraulic cylinder specifically designed to control the movement of the boom on excavators. These cylinders play a crucial role in hydraulic systems, providing the necessary force to lift, lower, and tilt the boom. This ability [&hellip;]<\/p>","protected":false},"featured_media":17869,"comment_status":"open","ping_status":"closed","template":"","meta":{"_et_pb_use_builder":"","_et_pb_old_content":"","_et_gb_content_width":""},"product_brand":[],"product_cat":[1546],"product_tag":[1547,1496],"class_list":{"0":"post-19138","1":"product","2":"type-product","3":"status-publish","4":"has-post-thumbnail","6":"product_cat-boom-cylinders","7":"product_tag-boom-cylinders","8":"product_tag-hydraulic-cylinders","10":"first","11":"instock","12":"shipping-taxable","13":"product-type-simple"},"amp_enabled":true,"_links":{"self":[{"href":"https:\/\/www.hydraulic-cylinders.net\/da\/wp-json\/wp\/v2\/product\/19138","targetHints":{"allow":["GET"]}}],"collection":[{"href":"https:\/\/www.hydraulic-cylinders.net\/da\/wp-json\/wp\/v2\/product"}],"about":[{"href":"https:\/\/www.hydraulic-cylinders.net\/da\/wp-json\/wp\/v2\/types\/product"}],"replies":[{"embeddable":true,"href":"https:\/\/www.hydraulic-cylinders.net\/da\/wp-json\/wp\/v2\/comments?post=19138"}],"wp:featuredmedia":[{"embeddable":true,"href":"https:\/\/www.hydraulic-cylinders.net\/da\/wp-json\/wp\/v2\/media\/17869"}],"wp:attachment":[{"href":"https:\/\/www.hydraulic-cylinders.net\/da\/wp-json\/wp\/v2\/media?parent=19138"}],"wp:term":[{"taxonomy":"product_brand","embeddable":true,"href":"https:\/\/www.hydraulic-cylinders.net\/da\/wp-json\/wp\/v2\/product_brand?post=19138"},{"taxonomy":"product_cat","embeddable":true,"href":"https:\/\/www.hydraulic-cylinders.net\/da\/wp-json\/wp\/v2\/product_cat?post=19138"},{"taxonomy":"product_tag","embeddable":true,"href":"https:\/\/www.hydraulic-cylinders.net\/da\/wp-json\/wp\/v2\/product_tag?post=19138"}],"curies":[{"name":"wp","href":"https:\/\/api.w.org\/{rel}","templated":true}]}}