{"id":19180,"date":"2025-04-07T06:16:46","date_gmt":"2025-04-07T06:16:46","guid":{"rendered":"https:\/\/www.hydraulic-cylinders.net\/product\/boom-cylinder-for-xcmg-small-excavator-xe75\/"},"modified":"2025-04-07T06:16:48","modified_gmt":"2025-04-07T06:16:48","slug":"boom-cylinder-for-xcmg-small-excavator-xe75","status":"publish","type":"product","link":"https:\/\/www.hydraulic-cylinders.net\/da\/vare\/boom-cylinder-for-xcmg-small-excavator-xe75\/","title":{"rendered":"Bomcylinder til XCMG lille gravemaskine XE75"},"content":{"rendered":"<h1>Bomcylinder til XCMG lille gravemaskine XE75<\/h1>\n<h2>Forst\u00e5else af bomcylinderen<\/h2>\n<p>Bomcylinderen er en afg\u00f8rende komponent i forskellige tunge maskiner, is\u00e6r i gravemaskiner, rendegravere og frontl\u00e6ssere. Det er en type hydraulisk cylinder, der er specielt designet til at styre skovlens bev\u00e6gelse, s\u00e5 den kan l\u00f8fte, s\u00e6nke og vippe effektivt. Denne funktionalitet er afg\u00f8rende for materialeh\u00e5ndteringsopgaver, da den g\u00f8r det muligt for operat\u00f8rer at udf\u00f8re grave-, l\u00e6sse- og flytteoperationer med pr\u00e6cision.<\/p>\n<p><img decoding=\"async\" src=\"https:\/\/www.hydraulic-cylinders.net\/wp-content\/uploads\/2025\/04\/songte-company-1.webp\" alt=\"Hydraulisk cylinder\"><\/p>\n<h3>Rolle og anvendelse i hydrauliske systemer<\/h3>\n<p>I hydrauliske systemer spiller bomcylinderen en afg\u00f8rende rolle ved at omdanne hydraulisk energi til mekanisk energi. N\u00e5r hydraulisk v\u00e6ske pumpes ind i cylinderen, skaber den tryk, der forl\u00e6nger eller tr\u00e6kker cylinderen tilbage, hvilket resulterer i den \u00f8nskede bev\u00e6gelse af skovlen. Denne mekanisme er ikke kun effektiv, men muligg\u00f8r ogs\u00e5 j\u00e6vn og kontrolleret drift, hvilket g\u00f8r den til en uundv\u00e6rlig del af moderne gravemaskiner.<\/p>\n<h2>Funktioner ved bomcylinderen<\/h2>\n<ul>\n<li><strong>H\u00f8j styrke og holdbarhed:<\/strong> De er typisk konstrueret af h\u00f8jstyrkest\u00e5l eller aluminium og kan modst\u00e5 h\u00f8jt tryk og tunge belastninger. De er designet til at modst\u00e5 barske arbejdsmilj\u00f8er med slidst\u00e6rke og korrosionsbestandige egenskaber, der forl\u00e6nger deres levetid.<\/li>\n<li><strong>Effektiv hydraulisk drift:<\/strong> Bomcylinderen bruger hydraulisk olietryk til j\u00e6vn ud- og indtr\u00e6kning, hvilket muligg\u00f8r en hurtig reaktion p\u00e5 f\u00f8rerens kommandoer og giver en kraftig skubbe- og tr\u00e6kkraft, der er egnet til h\u00e5ndtering af tunge materialer og komplekse opgaver.<\/li>\n<li><strong>Forskellige typer:<\/strong> Disse cylindre f\u00e5s i enkeltvirkende (hydraulisk virkning i \u00e9n retning) eller dobbeltvirkende (hydraulisk virkning i begge retninger) konfigurationer for at opfylde forskellige driftskrav, hvor nogle modeller er designet til at v\u00e6re teleskopiske, hvilket muligg\u00f8r st\u00f8rre udtr\u00e6k uden at \u00f8ge de udvendige dimensioner, ideelt til applikationer med begr\u00e6nset plads.<\/li>\n<li><strong>Kompatibilitet:<\/strong> Vores produkter kan perfekt erstatte eksisterende hydrauliske cylindre og sikre problemfri integration med forskellige gravemaskinemodeller.<\/li>\n<\/ul>\n<p><img decoding=\"async\" src=\"https:\/\/www.hydraulic-cylinders.net\/wp-content\/uploads\/2025\/04\/songte-cylinder-head-with-all-kinds-excavator-models.webp\" alt=\"Gravemaskinemodeller\"><\/p>\n<h2>Anvendelser af bomcylindre<\/h2>\n<ul>\n<li><strong>Entrepren\u00f8rudstyr:<\/strong> I gravemaskiner er bomcylindre afg\u00f8rende for gravning, lastning og flytning af jord eller affald. Deres pr\u00e6cise styring muligg\u00f8r effektiv udgravning og materialeh\u00e5ndtering, hvilket er afg\u00f8rende for enhver byggeplads.<\/li>\n<li><strong>Landbrugsmaskiner:<\/strong> Bomcylindre, der bruges i frontl\u00e6ssere, letter opsamling, l\u00f8ft og transport af jord, h\u00f8 og andre materialer, hvilket g\u00f8r dem uvurderlige i landbruget.<\/li>\n<li><strong>Gravemaskiner:<\/strong> Disse cylindre g\u00f8r det muligt for skovlen at tr\u00e6nge effektivt ned i jorden, hvilket forbedrer udgravningsprocessen og \u00f8ger produktiviteten p\u00e5 arbejdspladserne.<\/li>\n<li><strong>L\u00e6ssere:<\/strong> I frontl\u00e6ssere hj\u00e6lper bomcylindre med effektivt at l\u00f8fte og t\u00f8mme materialer, hvilket demonstrerer deres alsidighed p\u00e5 tv\u00e6rs af forskellige maskintyper.<\/li>\n<\/ul>\n<h2>Designovervejelser og udv\u00e6lgelseskriterier<\/h2>\n<ul>\n<li><strong>Belastningskapacitet:<\/strong> Designet skal tage h\u00f8jde for den maksimale lastekapacitet for at forhindre fejl under drift. Korrekt konstruktion sikrer, at cylinderen kan h\u00e5ndtere v\u00e6gten af \u200b\u200bde materialer, der flyttes, uden at g\u00e5 p\u00e5 kompromis med sikkerhed eller ydeevne.<\/li>\n<li><strong>Forseglingsintegritet:<\/strong> Effektiv t\u00e6tning er afg\u00f8rende for at forhindre l\u00e6kage af hydraulikv\u00e6ske, hvilket kan f\u00f8re til ydelsesproblemer og milj\u00f8hensyn. Brug af t\u00e6tninger af h\u00f8j kvalitet, der modst\u00e5r tryk og slid, er afg\u00f8rende for at opretholde cylinderens funktionalitet.<\/li>\n<li><strong>Holdbarhed:<\/strong> Materialer, der anvendes i byggeri, skal modst\u00e5 slid og korrosion, is\u00e6r i kr\u00e6vende milj\u00f8er. Dette g\u00e6lder ogs\u00e5 overfladebehandlinger, der forl\u00e6nger levetiden og minimerer vedligeholdelsesbehovet.<\/li>\n<li><strong>Sikkerhedsfunktioner:<\/strong> Sikkerhedsmekanismer, s\u00e5som trykaflastningsventiler, er afg\u00f8rende for at beskytte systemet mod for h\u00f8jt tryk og sikre sikker drift selv under tunge belastninger.<\/li>\n<li><strong>Vedligeholdelsestilg\u00e6ngelighed:<\/strong> Designet skal muligg\u00f8re nem vedligeholdelse og reparation, s\u00e5 operat\u00f8rerne kan udf\u00f8re rutinem\u00e6ssige kontroller og service uden omfattende nedetid.<\/li>\n<\/ul>\n<p><img decoding=\"async\" src=\"https:\/\/www.hydraulic-cylinders.net\/wp-content\/uploads\/2025\/04\/songte-oil-pipes-and-spare-parts.webp\" alt=\"Olier\u00f8r og reservedele\"><\/p>\n<h2>T\u00e6tning og sm\u00f8ring<\/h2>\n<p>Korrekt t\u00e6tning og sm\u00f8ring er afg\u00f8rende for bomcylindrenes ydeevne og levetid. En r\u00e6kke forskellige t\u00e6tninger, s\u00e5som stempelt\u00e6tninger og stangt\u00e6tninger, bruges til at sikre, at hydraulikv\u00e6sken forbliver inde i cylinderen. T\u00e6tninger er ofte lavet af holdbare materialer som polyurethan og nitrilgummi, som modst\u00e5r slid og milj\u00f8skader.<\/p>\n<p>Derudover gennemg\u00e5r cylinderhuset og gevindfladerne pr\u00e6cis bearbejdning for at forbedre slidstyrken. Regelm\u00e6ssig sm\u00f8ring med hydraulikolie er n\u00f8dvendig for at opretholde en j\u00e6vn drift og forhindre friktionsrelateret slid og skader. Planlagt vedligeholdelse b\u00f8r omfatte kontrol af olieniveauer og pakningers integritet.<\/p>\n<h2>Regelm\u00e6ssig inspektion og forebyggende vedligeholdelsesforanstaltninger<\/h2>\n<ul>\n<li><strong>Rutinem\u00e6ssige kontroller:<\/strong> Regelm\u00e6ssige inspektioner af bomcylinderen b\u00f8r planl\u00e6gges for at identificere tegn p\u00e5 slid, l\u00e6kager eller skader. Tidlig opdagelse af problemer kan forhindre dyre reparationer og nedetid.<\/li>\n<li><strong>Sm\u00f8ring:<\/strong> Tilstr\u00e6kkelig sm\u00f8ring er afg\u00f8rende for problemfri drift og for at forhindre slid. Operat\u00f8rer b\u00f8r sikre, at hydraulikolien er p\u00e5 de anbefalede niveauer og efterfylde efter behov baseret p\u00e5 brug.<\/li>\n<li><strong>Udskiftning af pakning:<\/strong> Med tiden kan pakninger slides op og f\u00f8re til l\u00e6kager. Implementering af en tidsplan for pakningsinspektioner og udskiftninger vil opretholde cylinderens integritet og ydeevne.<\/li>\n<\/ul>\n<h2>Installationsvejledning<\/h2>\n<p>Korrekt installation af bomcylinderen er afg\u00f8rende for optimal ydeevne. Start med at justere cylinderen korrekt med monteringsbeslagene, og s\u00f8rg for, at den er monteret sikkert. Brug passende monteringsst\u00f8tter til at holde cylinderen p\u00e5 plads under installationen.<\/p>\n<p>Before securing the cylinder, check that all hydraulic lines are free of kinks or damage. After installation, test the cylinder&#8217;s operation by cycling it through its full range of motion, checking for leaks or unusual noises. Adjustments may be necessary to ensure proper alignment and functionality.<\/p>\n<h2>Almindelige vedligeholdelsesopgaver<\/h2>\n<ul>\n<li><strong>Regelm\u00e6ssige inspektioner:<\/strong> Udf\u00f8r hyppige kontroller for slid, l\u00e6kager og cylinderens generelle tilstand for at opdage sm\u00e5 problemer, f\u00f8r de bliver til st\u00f8rre problemer.<\/li>\n<li><strong>Korrekt sm\u00f8ring:<\/strong> S\u00f8rg for, at hydraulikolien genopfyldes og vedligeholdes p\u00e5 de korrekte niveauer for optimal ydeevne.<\/li>\n<li><strong>Udskiftning af pakning:<\/strong> Overv\u00e5g pakningerne for tegn p\u00e5 slid, og planl\u00e6g udskiftning for at forhindre v\u00e6skel\u00e6kager og opretholde effektiviteten.<\/li>\n<\/ul>\n<p>Under installationsprocessen er det vigtigt at justere cylinderen korrekt for at undg\u00e5 un\u00f8dig belastning og potentiel fejl. Brug af de korrekte installationsbeslag og hardware vil sikre stabilitet. Anbefalede procedurer for inspektion, reparation og udskiftning vil bidrage til at forl\u00e6nge bomcylinderens levetid.<\/p>\n<p><img decoding=\"async\" src=\"https:\/\/www.hydraulic-cylinders.net\/wp-content\/uploads\/2025\/04\/songte-chushion-collar.webp\" alt=\"Pudekrave\"><\/p>\n<h2>Sikkerhedshensyn og milj\u00f8faktorer<\/h2>\n<p>Sikkerhedsforanstaltninger er altafg\u00f8rende, n\u00e5r man arbejder med bomcylindre. Operat\u00f8rer b\u00f8r altid f\u00f8lge de anbefalede sikkerhedsprotokoller, herunder at b\u00e6re passende personlige v\u00e6rnemidler (PPE) og sikre, at arbejdsomr\u00e5det er fri for farer. Korrekt tr\u00e6ning i betjening og vedligeholdelse af hydrauliske cylindre er afg\u00f8rende for at forhindre ulykker.<\/p>\n<p>Milj\u00f8hensyn spiller ogs\u00e5 en rolle. Hydraulikv\u00e6sker skal h\u00e5ndteres med forsigtighed for at undg\u00e5 spild, og eventuel spildolie skal bortskaffes i henhold til lokale regler for at minimere milj\u00f8p\u00e5virkningen.<\/p>\n<h2>Fejldiagnose og almindelige problemer<\/h2>\n<ul>\n<li><strong>L\u00e6kage:<\/strong> Et almindeligt problem er v\u00e6skel\u00e6kage fra pakningerne, ofte for\u00e5rsaget af slid eller skader. Det er afg\u00f8rende at identificere kilden til l\u00e6kagen for rettidig reparation.<\/li>\n<li><strong>Reduceret ydeevne:<\/strong> Hvis cylinderen ikke tr\u00e6kkes j\u00e6vnt ud eller ind, kan det v\u00e6re tegn p\u00e5 lave hydraulikv\u00e6skeniveauer eller intern skade.<\/li>\n<li><strong>St\u00f8j under drift:<\/strong> Us\u00e6dvanlige lyde kan tyde p\u00e5 problemer med sm\u00f8ring eller mekanisk slitage, hvilket n\u00f8dvendigg\u00f8r \u00f8jeblikkelig unders\u00f8gelse.<\/li>\n<\/ul>\n<h2>Tips til fejlfinding<\/h2>\n<p>For effektivt at diagnosticere og l\u00f8se problemer med bomcylindre b\u00f8r operat\u00f8rer regelm\u00e6ssigt overv\u00e5ge ydeevnen og v\u00e6re proaktive i at h\u00e5ndtere eventuelle uregelm\u00e6ssigheder. Implementer forebyggende foranstaltninger s\u00e5som planlagt vedligeholdelse for at reducere sandsynligheden for problemer. At f\u00f8re en detaljeret vedligeholdelseslog kan hj\u00e6lpe med at spore cylindrenes ydeevne og identificere m\u00f8nstre, der kan indikere nye problemer.<\/p>\n<p><img decoding=\"async\" src=\"https:\/\/www.hydraulic-cylinders.net\/wp-content\/uploads\/2025\/04\/songte-bushings-with-all-kinds-of-excavator-models.webp\" alt=\"B\u00f8sninger med gravemaskinemodeller\"><\/p>\n<h2>Om vores virksomhed<\/h2>\n<p>Vi er en f\u00f8rende producent og grossist af alternative hydrauliske cylindre, kendt for vores omfattende produktsortiment. Vores engagement i ekspertise er styret af en sofistikeret produktionsstyringsstrategi, der l\u00e6gger v\u00e6gt p\u00e5 pr\u00e6cision og kvalitet. Med fokus p\u00e5 teknologiske fremskridt udnytter vi avanceret produktionsudstyr og professionelle testsystemer til at forbedre vores produktionskapacitet.<\/p>\n<p>Vores virksomhed er stolt af sin st\u00e6rke innovationskapacitet, der g\u00f8r det muligt for os at im\u00f8dekomme forskellige kundebehov gennem skr\u00e6ddersyede tjenester. Vi er internationalt certificeret, hvilket sikrer, at vores produkter lever op til globale kvalitetsstandarder. Vores dedikerede eftersalgsservice styrker yderligere vores engagement i kundetilfredshed.<\/p>\n<p><img decoding=\"async\" src=\"https:\/\/www.hydraulic-cylinders.net\/wp-content\/uploads\/2025\/04\/songte-company-4.webp\" alt=\"Virksomhedsoversigt\"><br \/>\n<img decoding=\"async\" src=\"https:\/\/www.hydraulic-cylinders.net\/wp-content\/uploads\/2025\/04\/songte-company-3.webp\" alt=\"Virksomhedens produktionsanl\u00e6g\"><\/p>\n<p>Forfatter: lyl<\/p>","protected":false},"excerpt":{"rendered":"<p>Boom Cylinder For XCMG Small Excavator XE75 Understanding the Boom Cylinder The boom cylinder is a crucial component in various heavy machinery, particularly in excavators, backhoe loaders, and front loaders. It is a type of hydraulic cylinder designed specifically to control the movement of the bucket, allowing it to lift, lower, and tilt efficiently. This [&hellip;]<\/p>","protected":false},"featured_media":17881,"comment_status":"open","ping_status":"closed","template":"","meta":{"_et_pb_use_builder":"","_et_pb_old_content":"","_et_gb_content_width":""},"product_brand":[],"product_cat":[1546],"product_tag":[1547,1496],"class_list":{"0":"post-19180","1":"product","2":"type-product","3":"status-publish","4":"has-post-thumbnail","6":"product_cat-boom-cylinders","7":"product_tag-boom-cylinders","8":"product_tag-hydraulic-cylinders","10":"first","11":"instock","12":"shipping-taxable","13":"product-type-simple"},"amp_enabled":true,"_links":{"self":[{"href":"https:\/\/www.hydraulic-cylinders.net\/da\/wp-json\/wp\/v2\/product\/19180","targetHints":{"allow":["GET"]}}],"collection":[{"href":"https:\/\/www.hydraulic-cylinders.net\/da\/wp-json\/wp\/v2\/product"}],"about":[{"href":"https:\/\/www.hydraulic-cylinders.net\/da\/wp-json\/wp\/v2\/types\/product"}],"replies":[{"embeddable":true,"href":"https:\/\/www.hydraulic-cylinders.net\/da\/wp-json\/wp\/v2\/comments?post=19180"}],"wp:featuredmedia":[{"embeddable":true,"href":"https:\/\/www.hydraulic-cylinders.net\/da\/wp-json\/wp\/v2\/media\/17881"}],"wp:attachment":[{"href":"https:\/\/www.hydraulic-cylinders.net\/da\/wp-json\/wp\/v2\/media?parent=19180"}],"wp:term":[{"taxonomy":"product_brand","embeddable":true,"href":"https:\/\/www.hydraulic-cylinders.net\/da\/wp-json\/wp\/v2\/product_brand?post=19180"},{"taxonomy":"product_cat","embeddable":true,"href":"https:\/\/www.hydraulic-cylinders.net\/da\/wp-json\/wp\/v2\/product_cat?post=19180"},{"taxonomy":"product_tag","embeddable":true,"href":"https:\/\/www.hydraulic-cylinders.net\/da\/wp-json\/wp\/v2\/product_tag?post=19180"}],"curies":[{"name":"wp","href":"https:\/\/api.w.org\/{rel}","templated":true}]}}