{"id":1919,"date":"2023-10-20T02:18:26","date_gmt":"2023-10-20T02:18:26","guid":{"rendered":"https:\/\/hydraulic-cylinders.net\/?post_type=product&#038;p=1919"},"modified":"2023-10-20T02:30:27","modified_gmt":"2023-10-20T02:30:27","slug":"hp5v-series-axial-piston-variable-displacement-hydraulic-pump","status":"publish","type":"product","link":"https:\/\/www.hydraulic-cylinders.net\/da\/vare\/hp5v-series-axial-piston-variable-displacement-hydraulic-pump\/","title":{"rendered":"HP5V-serien aksial stempel hydraulisk pumpe med variabel forskydning"},"content":{"rendered":"<h1 style=\"text-align: center;\"><strong>HP5V-serien aksial stempel hydraulisk pumpe med variabel forskydning<\/strong><\/h1>\n<p><img loading=\"lazy\" decoding=\"async\" class=\"aligncenter wp-image-1927\" src=\"https:\/\/hydraulic-cylinders.net\/wp-content\/uploads\/2023\/10\/hp5v-series-axial-piston-variable-displacement-hydraulic-pump-1-300x300.webp\" alt=\"\" width=\"400\" height=\"400\" \/><\/p>\n<p>HP5V-seriens aksiale stempelhydrauliske pumpe med variabel forskydning er en banebrydende hydraulisk komponent, der tilbyder uovertruffen effektivitet og ydeevne i forskellige industrielle applikationer. Denne pumpe er designet med pr\u00e6cisionsteknik og avanceret teknologi og leverer p\u00e5lidelig og pr\u00e6cis hydraulisk kraft, hvilket g\u00f8r den til et uundv\u00e6rligt valg til kr\u00e6vende hydrauliske systemer. Denne omfattende artikel vil dykke ned i de vigtigste egenskaber, brugsmetoder og vedligeholdelsesretningslinjer for HP5V-seriens aksiale stempelhydrauliske pumpe med variabel forskydning.<\/p>\n<p>HP5V-seriens aksiale stempelhydraulikpumpe med variabel forskydning er en h\u00f8jtydende og effektiv l\u00f8sning til hydrauliske systemer. Med sin variable forskydningsteknologi, kompakte design og st\u00f8jsvage drift leverer denne pumpe p\u00e5lidelig og pr\u00e6cis hydraulisk kraft. Ved at f\u00f8lge de anbefalede brugsmetoder og regelm\u00e6ssig vedligeholdelsespraksis vil HP5V-seriens pumper fortsat levere enest\u00e5ende ydeevne og bidrage til succesen i en bred vifte af industrielle applikationer. Omfavn effektiviteten og ydeevnen af \u200b\u200bhp5v-seriens aksiale stempelhydraulikpumpe med variabel forskydning, og frig\u00f8r det fulde potentiale af dit hydrauliske system.<\/p>\n<p>HP5V-serien aksialstempel-hydraulisk pumpe med variabel slagvolumen N\u00f8gleegenskaber:<\/p>\n<ul>\n<li>Variabel fortr\u00e6ngningsteknologi: HP5V-seriens pumper har variabel fortr\u00e6ngningsteknologi, der g\u00f8r det muligt at justere outputvolumenet baseret p\u00e5 systemkravene. Denne funktion maksimerer energieffektiviteten, reducerer varmeudviklingen og optimerer den samlede systemydelse.<\/li>\n<li>H\u00f8j effektivitet og ydeevne: HP5V-serien af \u200b\u200bpumper leverer enest\u00e5ende effektivitet og ydeevne med sit avancerede aksiale stempeldesign. Den leverer pr\u00e6cis og p\u00e5lidelig hydraulisk kraft, hvilket sikrer j\u00e6vn drift og nem h\u00e5ndtering af h\u00f8jtryksapplikationer.<\/li>\n<li>Kompakt og pladsbesparende design: Pumpens kompakte design optimerer pladsudnyttelsen i hydrauliske systemer. Dens lille st\u00f8rrelse muligg\u00f8r nem integration, selv i trange rum, samtidig med at den opretholder fremragende ydeevne og funktionalitet.<\/li>\n<li>St\u00f8jsvag drift: HP5V-seriens pumper er konstrueret med st\u00f8jreducerende funktioner, der sikrer st\u00f8jsvag drift i forskellige industrielle milj\u00f8er. Denne egenskab er v\u00e6rdifuld i applikationer, der kr\u00e6ver lave st\u00f8jniveauer, hvilket fremmer et komfortabelt og produktivt arbejdsmilj\u00f8.<\/li>\n<\/ul>\n<h2><strong>HP5V-serien aksialstempel hydraulisk pumpe med variabel forskydning Parameter:<\/strong><\/h2>\n<table class=\"table table-bordered table-hover table-colored\" data-sort=\"sortDisabled\">\n<tbody>\n<tr class=\"firstRow\">\n<td colspan=\"2\" align=\"left\" valign=\"middle\">St\u00f8rrelse<\/td>\n<td align=\"center\" valign=\"middle\">HP5VS28<\/td>\n<td align=\"center\" valign=\"middle\">HP5V28<\/td>\n<td align=\"center\" valign=\"middle\">HP5V45<\/td>\n<td align=\"center\" valign=\"middle\">HP5V60<\/td>\n<td align=\"center\" valign=\"middle\">HP5V76<\/td>\n<td align=\"center\" valign=\"middle\">HP5V85<\/td>\n<td align=\"center\" valign=\"middle\">HP5V105<\/td>\n<\/tr>\n<tr>\n<td colspan=\"2\" align=\"left\" valign=\"middle\">Slagvolumen (cc\/omdr.)<\/td>\n<td align=\"center\" valign=\"middle\">28<\/td>\n<td align=\"center\" valign=\"middle\">28<\/td>\n<td align=\"center\" valign=\"middle\">45<\/td>\n<td align=\"center\" valign=\"middle\">60<\/td>\n<td align=\"center\" valign=\"middle\">76<\/td>\n<td align=\"center\" valign=\"middle\">85<\/td>\n<td align=\"center\" valign=\"middle\">104.3<\/td>\n<\/tr>\n<tr>\n<td rowspan=\"2\" align=\"left\" valign=\"middle\">Tryk<\/td>\n<td align=\"center\" valign=\"middle\">Nominelt tryk (bar)<\/td>\n<td align=\"center\" valign=\"middle\">250<\/td>\n<td align=\"center\" valign=\"middle\">320<\/td>\n<td align=\"center\" valign=\"middle\">320<\/td>\n<td align=\"center\" valign=\"middle\">250<\/td>\n<td align=\"center\" valign=\"middle\">320<\/td>\n<td align=\"center\" valign=\"middle\">280<\/td>\n<td align=\"center\" valign=\"middle\">350<\/td>\n<\/tr>\n<tr>\n<td align=\"left\" valign=\"middle\">Spidstryk (bar)<\/td>\n<td align=\"center\" valign=\"middle\">315<\/td>\n<td align=\"center\" valign=\"middle\">350<\/td>\n<td align=\"center\" valign=\"middle\">350<\/td>\n<td align=\"center\" valign=\"middle\">280<\/td>\n<td align=\"center\" valign=\"middle\">350<\/td>\n<td align=\"center\" valign=\"middle\">320<\/td>\n<td align=\"center\" valign=\"middle\">400<\/td>\n<\/tr>\n<tr>\n<td rowspan=\"2\" align=\"left\" valign=\"middle\">Rotationshastighed o\/min<\/td>\n<td align=\"center\" valign=\"middle\">Maks. for selvansugning\u00a0<sup>*1<\/sup>\u00a0(bar)<\/td>\n<td align=\"center\" valign=\"middle\">3000<\/td>\n<td align=\"center\" valign=\"middle\">3000<\/td>\n<td align=\"center\" valign=\"middle\">2700<\/td>\n<td align=\"center\" valign=\"middle\">2400<\/td>\n<td align=\"center\" valign=\"middle\">2400<\/td>\n<td align=\"center\" valign=\"middle\">2400<\/td>\n<td align=\"center\" valign=\"middle\">2200<\/td>\n<\/tr>\n<tr>\n<td align=\"center\" valign=\"middle\">Maks.<sup>*2\u00a0<\/sup>\u00a0(bar)<\/td>\n<td align=\"center\" valign=\"middle\">3600<\/td>\n<td align=\"center\" valign=\"middle\">3600<\/td>\n<td align=\"center\" valign=\"middle\">3250<\/td>\n<td align=\"center\" valign=\"middle\">3000<\/td>\n<td align=\"center\" valign=\"middle\">3000<\/td>\n<td align=\"center\" valign=\"middle\">3000<\/td>\n<td align=\"center\" valign=\"middle\">2600<\/td>\n<\/tr>\n<tr>\n<td colspan=\"2\" align=\"left\" valign=\"middle\">V\u00e6gt (kg)<\/td>\n<td align=\"center\" valign=\"middle\">17.2<\/td>\n<td align=\"center\" valign=\"middle\">20<\/td>\n<td align=\"center\" valign=\"middle\">24<\/td>\n<td align=\"center\" valign=\"middle\">24<\/td>\n<td align=\"center\" valign=\"middle\">28<\/td>\n<td align=\"center\" valign=\"middle\">28<\/td>\n<td align=\"center\" valign=\"middle\">45<\/td>\n<\/tr>\n<tr>\n<td colspan=\"2\" align=\"left\" valign=\"middle\">M\u00e6ngde olie til p\u00e5fyldning af pumpehus (L)<\/td>\n<td align=\"center\" valign=\"middle\">0.55<\/td>\n<td align=\"center\" valign=\"middle\">0.6<\/td>\n<td align=\"center\" valign=\"middle\">0.6<\/td>\n<td align=\"center\" valign=\"middle\">0.6<\/td>\n<td align=\"center\" valign=\"middle\">0.8<\/td>\n<td align=\"center\" valign=\"middle\">0.8<\/td>\n<td align=\"center\" valign=\"middle\">1<\/td>\n<\/tr>\n<tr>\n<td colspan=\"2\" align=\"left\" valign=\"middle\">Temperaturomr\u00e5de (\u2103)<\/td>\n<td colspan=\"7\" align=\"center\" valign=\"middle\">-20~95<\/td>\n<\/tr>\n<tr>\n<td colspan=\"2\" rowspan=\"1\" align=\"left\" valign=\"middle\">Temperaturomr\u00e5de (mm<sup>2<\/sup>\/s)<\/td>\n<td colspan=\"7\" align=\"center\" valign=\"middle\">10-1000<sup>*3<\/sup>(Den bedste udnyttelse af viskositetsomr\u00e5det 16~36 mm<sup>2<\/sup>\/s)<\/td>\n<\/tr>\n<\/tbody>\n<\/table>\n<h2><strong>Fordele ved HP5V-seriens aksiale stempelhydrauliske pumpe med variabel slagvolumen:<\/strong><\/h2>\n<p>\u2022 Variabel pumpe i swash-plate-design til \u00e5bent kredsl\u00f8b.<br \/>\n\u2022 Sammenlignet med produkter p\u00e5 det eksisterende marked anvendes der forst\u00e6rket drivaksel og h\u00f8jstyrke cylindermateriale, hvilket f\u00f8rer til en ydeevne ved et kontinuerligt tryk p\u00e5 mere end 320 bar.<br \/>\n\u2022 Kraftige lejer, s\u00e5som cylindriske ruller, er anvendt for at forbedre b\u00e6reevnen og forl\u00e6nge levetiden.<br \/>\n\u2022 H\u00f8jt effekt-til-v\u00e6gt-forhold.<br \/>\n\u2022 F\u00e5s med amerikanske (SAE) og japanske (JIS) monteringsflanger og aksler.<br \/>\n\u2022 Fremragende p\u00e5lidelighed og lang levetid.<br \/>\n\u2022 Forskellige kontrolmuligheder.<br \/>\n\u2022 Valgfrit gennemg\u00e5ende drev.<br \/>\n\u2022 Hurtig kontrolrespons.<br \/>\n\u2022 Lavtrykspulsering og lav st\u00f8j.<br \/>\n\u2022 Udviklet til ingeni\u00f8rarbejde, mobile k\u00f8ret\u00f8jer, industri, andre industrielle anvendelser og landbrugsmaskiner.<\/p>\n<h2><strong>HP5V-serien aksial stempel hydraulisk pumpe med variabel forskydning <\/strong><strong>Anvendelse:<\/strong><\/h2>\n<p><img loading=\"lazy\" decoding=\"async\" class=\"alignnone wp-image-1930 size-full\" src=\"https:\/\/hydraulic-cylinders.net\/wp-content\/uploads\/2023\/10\/hp5v-series-axial-piston-variable-displacement-hydraulic-pump-2.webp\" alt=\"\" width=\"1147\" height=\"586\" srcset=\"https:\/\/hydraulic-cylinders.net\/wp-content\/uploads\/2023\/10\/hp5v-series-axial-piston-variable-displacement-hydraulic-pump-2.webp 1147w, https:\/\/hydraulic-cylinders.net\/wp-content\/uploads\/2023\/10\/hp5v-series-axial-piston-variable-displacement-hydraulic-pump-2-980x501.webp 980w, https:\/\/hydraulic-cylinders.net\/wp-content\/uploads\/2023\/10\/hp5v-series-axial-piston-variable-displacement-hydraulic-pump-2-480x245.webp 480w\" sizes=\"(min-width: 0px) and (max-width: 480px) 480px, (min-width: 481px) and (max-width: 980px) 980px, (min-width: 981px) 1147px, 100vw\" \/><\/p>\n<h2><strong>Brugsmetode for <\/strong><strong>HP5V-serien aksial stempel hydraulisk pumpe med variabel forskydning<\/strong><strong>:<\/strong><\/h2>\n<ul>\n<li><strong>Pumpeinstallation:<\/strong>\u00a0 Installer HP5V-seriens aksiale stempelhydraulikpumpe med variabel forskydning p\u00e5 den angivne placering i hydrauliksystemet. Se producentens retningslinjer og specifikationer for korrekt justering og sikker fastg\u00f8relse til systemets struktur ved hj\u00e6lp af passende monteringsbeslag eller tilbeh\u00f8r.<\/li>\n<li><strong>Integration af hydraulisk system:<\/strong> Tilslut pumpen til det hydrauliske system ved hj\u00e6lp af kompatible slanger, fittings og ventiler. S\u00f8rg for, at alle forbindelser er sikre, l\u00e6kagefri og korrekt strammet for at garantere optimal hydraulisk ydeevne.<\/li>\n<li><strong>V\u00e6skekompatibilitet:<\/strong> Kontroller, at den hydrauliske v\u00e6ske, der anvendes i systemet, er kompatibel med HP5V-serien af \u200b\u200bpumper. Se producentens anbefalinger for den passende v\u00e6sketype, viskositet og temperaturomr\u00e5de. Overv\u00e5g og vedligehold regelm\u00e6ssigt den hydrauliske v\u00e6ske for at sikre korrekt pumpens drift og levetid.<\/li>\n<li><strong>Operationelle parametre:<\/strong> G\u00f8r dig bekendt med pumpens styremuligheder, og juster driftsparametrene i henhold til de specifikke krav i det hydrauliske system. Overv\u00e5g og juster pumpens slagvolumenindstillinger for at optimere ydeevne og energieffektivitet.<\/li>\n<\/ul>\n<h2><strong>Hvordan skifter man pakning p\u00e5 en hydraulisk cylinder?<\/strong><\/h2>\n<p>Udskiftning af en pakning p\u00e5 en hydraulisk cylinder kr\u00e6ver omhyggelig opm\u00e6rksomhed p\u00e5 detaljer og at f\u00f8lge de korrekte procedurer. Her er en trinvis vejledning, der hj\u00e6lper dig gennem processen:<\/p>\n<ol>\n<li><strong>Forberedelse og sikkerhed:<\/strong>\n<ul>\n<li>S\u00f8rg for, at den hydrauliske cylinder er trykl\u00f8s og frakoblet systemet.<\/li>\n<li>Reng\u00f8r cylinderens yderside for at forhindre snavs eller affald i at tr\u00e6nge ind under processen.<\/li>\n<li>Placer cylinderen p\u00e5 en stabil arbejdsflade og fastg\u00f8r den med klemmer eller en skruestik.<\/li>\n<\/ul>\n<\/li>\n<li><strong>Identific\u00e9r seglet:<\/strong>\n<ul>\n<li>Bestem, hvilken type pakning der skal udskiftes (f.eks. stangpakning, stempelpakning, viskerpakning).<\/li>\n<li>Se cylinderens tekniske dokumentation, eller kontakt producenten for at f\u00e5 de korrekte t\u00e6tningsspecifikationer.<\/li>\n<\/ul>\n<\/li>\n<li><strong>Demontering:<\/strong>\n<ul>\n<li>Fjern alle fastholdelseskomponenter s\u00e5som bolte, l\u00e5seringe eller fastholdelsesringe, der fastg\u00f8r cylinderhovedet eller h\u00e6tten.<\/li>\n<li>Fjern forsigtigt cylinderhovedet eller h\u00e6tten, s\u00e5 stemplet, stangen og den gamle pakning kommer til syne.<\/li>\n<\/ul>\n<\/li>\n<li><strong>Fjern den gamle forsegling:<\/strong>\n<ul>\n<li>Brug et passende v\u00e6rkt\u00f8j som en t\u00e6tningspinde, krog eller lille skruetr\u00e6kker til forsigtigt at lirke den gamle t\u00e6tning ud.<\/li>\n<li>Pas p\u00e5 ikke at beskadige cylinderoverfladerne under denne proces.<\/li>\n<li>Unders\u00f8g cylinderboring og stang for tegn p\u00e5 skader eller slid. Overvej en professionel inspektion eller udskiftning af hele cylinderen, hvis der er betydelig skade.<\/li>\n<\/ul>\n<\/li>\n<li><strong>Reng\u00f8r og sm\u00f8r:<\/strong>\n<ul>\n<li>Reng\u00f8r cylinderboring, stang og omgivende komponenter grundigt med en fnugfri klud eller et egnet opl\u00f8sningsmiddel.<\/li>\n<li>P\u00e5f\u00f8r et tyndt lag hydraulikolie eller t\u00e6tningssm\u00f8remiddel p\u00e5 den nye t\u00e6tning for at lette monteringen og sikre korrekt t\u00e6tning.<\/li>\n<\/ul>\n<\/li>\n<li><strong>Installer den nye t\u00e6tning:<\/strong>\n<ul>\n<li>Placer forsigtigt den nye t\u00e6tning i dens rille, og s\u00f8rg for, at den er vendt korrekt.<\/li>\n<li>Brug et t\u00e6tningsinstallationsv\u00e6rkt\u00f8j eller en bl\u00f8d hammer til forsigtigt at trykke t\u00e6tningen p\u00e5 plads, og tryk j\u00e6vnt rundt om dens omkreds.<\/li>\n<li>S\u00f8rg for, at t\u00e6tningen sidder korrekt og er helt indsat i rillen.<\/li>\n<\/ul>\n<\/li>\n<li><strong>Genmontering:<\/strong>\n<ul>\n<li>Geninstaller alle resterende komponenter, der blev fjernet under adskillelsen, s\u00e5som bolte, l\u00e5seringe eller fastholdelsesringe.<\/li>\n<li>F\u00f8lg producentens momentv\u00e6rdier og specifikationer for tilsp\u00e6ndingsr\u00e6kkef\u00f8lge for at sikre korrekt t\u00e6tning og justering.<\/li>\n<\/ul>\n<\/li>\n<li><strong>Test og inspektion:<\/strong>\n<ul>\n<li>Tilslut den hydrauliske cylinder til systemet igen, og s\u00f8rg for, at alle forbindelser er sikre.<\/li>\n<li>Genopret gradvist systemtrykket, og kontroll\u00e9r for l\u00e6kager eller unormal adf\u00e6rd.<\/li>\n<li>K\u00f8r den hydrauliske cylinder gennem hele sit bev\u00e6gelsesomr\u00e5de for at kontrollere, at t\u00e6tningen fungerer korrekt.<\/li>\n<\/ul>\n<\/li>\n<\/ol>\n<h2><strong>Fabrikkens kapacitet og kapacitet:<\/strong><\/h2>\n<h3>(1) Samling<\/h3>\n<p>Vi har en f\u00f8rsteklasses uafh\u00e6ngig forsknings- og udviklingsplatform til montering. V\u00e6rkstedet for produktion af hydrauliske cylindre har fire halvautomatiske l\u00f8ftecylindermonteringslinjer og en automatisk vippecylindermonteringslinje med en designm\u00e6ssig \u00e5rlig produktionskapacitet p\u00e5 1 million enheder. Det specielle cylinderv\u00e6rksted er udstyret med forskellige specifikationer for et halvautomatisk reng\u00f8ringsmonteringssystem med en designm\u00e6ssig \u00e5rlig produktionskapacitet p\u00e5 200.000 og udstyret med ber\u00f8mt CNC-bearbejdningsudstyr, et bearbejdningscenter, et specialudstyr til h\u00f8jpr\u00e6cisionscylinderbearbejdning, en robotsvejsemaskine, en automatisk reng\u00f8ringsmaskine, en automatisk cylindermonteringsmaskine og en automatisk malingslinje. Eksisterende kritisk udstyr p\u00e5 mere end 300 s\u00e6t (s\u00e6t). Optimal allokering og effektiv udnyttelse af udstyrsressourcer sikrer produkternes n\u00f8jagtighedskrav og opfylder produkternes h\u00f8je kvalitetsbehov.<\/p>\n<p><img loading=\"lazy\" decoding=\"async\" class=\"alignnone wp-image-626\" src=\"https:\/\/hydraulic-cylinders.net\/wp-content\/uploads\/2023\/08\/hydraulic-cylinder-product-1-300x158.webp\" alt=\"\" width=\"495\" height=\"260\" srcset=\"https:\/\/hydraulic-cylinders.net\/wp-content\/uploads\/2023\/08\/hydraulic-cylinder-product-1-300x158.webp 495w, https:\/\/hydraulic-cylinders.net\/wp-content\/uploads\/2023\/08\/hydraulic-cylinder-product-1-480x252.webp 480w\" sizes=\"(min-width: 0px) and (max-width: 480px) 480px, (min-width: 481px) 495px, 100vw\" \/> <img loading=\"lazy\" decoding=\"async\" class=\"alignnone wp-image-627\" src=\"https:\/\/hydraulic-cylinders.net\/wp-content\/uploads\/2023\/08\/hydraulic-cylinder-product-2-300x189.webp\" alt=\"\" width=\"413\" height=\"260\" \/><\/p>\n<h3>(2) Maskinbearbejdning<\/h3>\n<p>Bearbejdningsv\u00e6rkstedet er udstyret med et specialfremstillet drejecenter til skr\u00e5 skinner, bearbejdningscenter, h\u00f8jhastigheds-honemaskine, svejserobot og andet relateret udstyr, der kan h\u00e5ndtere bearbejdning af cylinderr\u00f8r med en maksimal indre diameter p\u00e5 400 mm og en maksimal l\u00e6ngde p\u00e5 6 meter.<\/p>\n<p><img loading=\"lazy\" decoding=\"async\" class=\"alignnone wp-image-628 size-large\" src=\"https:\/\/hydraulic-cylinders.net\/wp-content\/uploads\/2023\/08\/hydraulic-cylinder-product-3-1024x391.webp\" alt=\"\" width=\"1024\" height=\"391\" srcset=\"https:\/\/hydraulic-cylinders.net\/wp-content\/uploads\/2023\/08\/hydraulic-cylinder-product-3-980x374.webp 980w, https:\/\/hydraulic-cylinders.net\/wp-content\/uploads\/2023\/08\/hydraulic-cylinder-product-3-480x183.webp 480w\" sizes=\"(min-width: 0px) and (max-width: 480px) 480px, (min-width: 481px) and (max-width: 980px) 980px, (min-width: 981px) 1024px, 100vw\" \/><\/p>\n<h3>(3) Svejsning<\/h3>\n<p><img loading=\"lazy\" decoding=\"async\" class=\"alignnone wp-image-629 size-large\" src=\"https:\/\/hydraulic-cylinders.net\/wp-content\/uploads\/2023\/08\/hydraulic-cylinder-product-4-1024x510.webp\" alt=\"\" width=\"1024\" height=\"510\" srcset=\"https:\/\/hydraulic-cylinders.net\/wp-content\/uploads\/2023\/08\/hydraulic-cylinder-product-4-980x488.webp 980w, https:\/\/hydraulic-cylinders.net\/wp-content\/uploads\/2023\/08\/hydraulic-cylinder-product-4-480x239.webp 480w\" sizes=\"(min-width: 0px) and (max-width: 480px) 480px, (min-width: 481px) and (max-width: 980px) 980px, (min-width: 981px) 1024px, 100vw\" \/><\/p>\n<h3>(4) Maling og overfladebehandling<\/h3>\n<p>Med sm\u00e5 og mellemstore cylindriske automatiske vandbaserede malingsbel\u00e6gningslinjer, for at opn\u00e5 automatisk robotp\u00e5fyldning og -afl\u00e6sning samt automatisk spr\u00f8jtning, er den designm\u00e6ssige kapacitet p\u00e5 4000 stykker pr. skift;<br \/>\nVi har ogs\u00e5 en halvautomatisk malingsproduktionslinje til store cylindre drevet af en kabelk\u00e6de med en designkapacitet p\u00e5 60 kasser pr. skift.<\/p>\n<p><img loading=\"lazy\" decoding=\"async\" class=\"alignnone wp-image-630\" src=\"https:\/\/hydraulic-cylinders.net\/wp-content\/uploads\/2023\/08\/hydraulic-cylinder-product-5-300x213.webp\" alt=\"\" width=\"366\" height=\"260\" \/> <img loading=\"lazy\" decoding=\"async\" class=\"alignnone wp-image-631\" src=\"https:\/\/hydraulic-cylinders.net\/wp-content\/uploads\/2023\/08\/hydraulic-cylinder-product-6-300x225.webp\" alt=\"\" width=\"347\" height=\"260\" \/><\/p>\n<h3>(5) Testning<\/h3>\n<p>Vi har f\u00f8rsteklasses inspektionsfaciliteter og testb\u00e6nke for at sikre, at cylinderens ydeevne opfylder kravene.<\/p>\n<p><img loading=\"lazy\" decoding=\"async\" class=\"alignnone wp-image-632\" src=\"https:\/\/hydraulic-cylinders.net\/wp-content\/uploads\/2023\/08\/hydraulic-cylinder-product-8-300x200.webp\" alt=\"\" width=\"389\" height=\"260\" \/><\/p>\n<p>&nbsp;<\/p>\n<p>&nbsp;<\/p>\n<p>Vi er en af \u200b\u200bde bedste producenter af hydrauliske cylindre. Vi kan tilbyde et omfattende udvalg af hydrauliske cylindre. Vi leverer ogs\u00e5 tilsvarende <a href=\"https:\/\/hzpt.com\/agricultural-pto-gearbox\/\" target=\"_blank\" rel=\"noopener\">landbrugsgearkasser<\/a>Vi har eksporteret vores produkter til kunder over hele verden og har opn\u00e5et et godt omd\u00f8mme p\u00e5 grund af vores overlegne produktkvalitet og eftersalgsservice. Vi byder kunder i ind- og udland velkommen til at kontakte os for at forhandle forretninger, udveksle information og <a href=\"https:\/\/www.hydraulic-cylinders.net\/da\/contact-us\/\">samarbejde med os<\/a>!<\/p>\n<p>&nbsp;<\/p>","protected":false},"excerpt":{"rendered":"<p>HP5V Series Axial Piston Variable Displacement Hydraulic Pump The HP5V series axial piston variable displacement hydraulic pump is a cutting-edge hydraulic component that offers unmatched efficiency and performance in various industrial applications. Designed with precision engineering and advanced technology, this pump delivers reliable and precise hydraulic power, making it an essential choice for demanding hydraulic [&hellip;]<\/p>","protected":false},"featured_media":1928,"comment_status":"open","ping_status":"closed","template":"","meta":{"_et_pb_use_builder":"","_et_pb_old_content":"","_et_gb_content_width":""},"product_brand":[],"product_cat":[1425],"product_tag":[1380],"class_list":{"0":"post-1919","1":"product","2":"type-product","3":"status-publish","4":"has-post-thumbnail","6":"product_cat-piston-pump","7":"product_tag-hydraulic-cylinder","9":"first","10":"instock","11":"shipping-taxable","12":"product-type-simple"},"amp_enabled":true,"_links":{"self":[{"href":"https:\/\/www.hydraulic-cylinders.net\/da\/wp-json\/wp\/v2\/product\/1919","targetHints":{"allow":["GET"]}}],"collection":[{"href":"https:\/\/www.hydraulic-cylinders.net\/da\/wp-json\/wp\/v2\/product"}],"about":[{"href":"https:\/\/www.hydraulic-cylinders.net\/da\/wp-json\/wp\/v2\/types\/product"}],"replies":[{"embeddable":true,"href":"https:\/\/www.hydraulic-cylinders.net\/da\/wp-json\/wp\/v2\/comments?post=1919"}],"wp:featuredmedia":[{"embeddable":true,"href":"https:\/\/www.hydraulic-cylinders.net\/da\/wp-json\/wp\/v2\/media\/1928"}],"wp:attachment":[{"href":"https:\/\/www.hydraulic-cylinders.net\/da\/wp-json\/wp\/v2\/media?parent=1919"}],"wp:term":[{"taxonomy":"product_brand","embeddable":true,"href":"https:\/\/www.hydraulic-cylinders.net\/da\/wp-json\/wp\/v2\/product_brand?post=1919"},{"taxonomy":"product_cat","embeddable":true,"href":"https:\/\/www.hydraulic-cylinders.net\/da\/wp-json\/wp\/v2\/product_cat?post=1919"},{"taxonomy":"product_tag","embeddable":true,"href":"https:\/\/www.hydraulic-cylinders.net\/da\/wp-json\/wp\/v2\/product_tag?post=1919"}],"curies":[{"name":"wp","href":"https:\/\/api.w.org\/{rel}","templated":true}]}}