{"id":19216,"date":"2025-04-07T06:18:34","date_gmt":"2025-04-07T06:18:34","guid":{"rendered":"https:\/\/www.hydraulic-cylinders.net\/product\/boom-cylinder-for-zoomlion-middle-excavator-ze210e\/"},"modified":"2025-04-07T06:18:36","modified_gmt":"2025-04-07T06:18:36","slug":"boom-cylinder-for-zoomlion-middle-excavator-ze210e","status":"publish","type":"product","link":"https:\/\/www.hydraulic-cylinders.net\/da\/vare\/boom-cylinder-for-zoomlion-middle-excavator-ze210e\/","title":{"rendered":"Bomcylinder til Zoomlion mellemgraver ZE210E"},"content":{"rendered":"<h1>Bomcylinder til Zoomlion mellemgraver ZE210E<\/h1>\n<h2>Introduktion til bomcylindre<\/h2>\n<p>Bomcylinderen er en afg\u00f8rende hydraulisk komponent, der er specielt designet til tunge maskiner s\u00e5som gravemaskiner, rendegravere og frontl\u00e6ssere. Den styrer skovlens bev\u00e6gelse, s\u00e5 den kan l\u00f8ftes, s\u00e6nkes og vippes, hvilket er afg\u00f8rende for forskellige materialeh\u00e5ndteringsopgaver. Bomcylinderens funktion r\u00e6kker ud over blot at l\u00f8fte; den spiller en v\u00e6sentlig rolle i at forbedre maskinens driftseffektivitet og produktivitet. N\u00e5r de er integreret i et hydraulisk system, bruger bomcylindre hydraulisk v\u00e6ske til at generere kraft, hvilket g\u00f8r dem afg\u00f8rende for opgaver, der kr\u00e6ver betydelig kraft og pr\u00e6cision. Disse cylindre er konstrueret til at modst\u00e5 h\u00f8je tryk og varierede arbejdsforhold, hvilket sikrer lang levetid og p\u00e5lidelighed.<\/p>\n<p><img decoding=\"async\" src=\"https:\/\/www.hydraulic-cylinders.net\/wp-content\/uploads\/2025\/04\/songte-company-1.webp\" alt=\"Billede af bomcylinder\" \/><\/p>\n<h2>N\u00f8glefunktioner ved bomcylinderen<\/h2>\n<ul>\n<li><strong>H\u00f8j styrke og holdbarhed:<\/strong> Disse cylindre, der typisk er lavet af h\u00f8jstyrkest\u00e5l eller aluminium, er designet til at modst\u00e5 h\u00f8je tryk og tunge belastninger, hvilket g\u00f8r dem velegnede til barske arbejdsmilj\u00f8er.<\/li>\n<li><strong>Effektiv hydraulisk drift:<\/strong> Bomcylinderen fungerer j\u00e6vnt ved hj\u00e6lp af hydraulikolietrykket, hvilket muligg\u00f8r hurtig reaktion p\u00e5 kontrolkommandoer og yder betydelige skubbe- og tr\u00e6kkr\u00e6fter, der er n\u00f8dvendige for tunge l\u00e6s.<\/li>\n<li><strong>Forskellige typer tilg\u00e6ngelige:<\/strong> Mulighederne omfatter enkeltvirkende (der fungerer i \u00e9n retning) eller dobbeltvirkende (der fungerer i begge retninger) cylindre, der im\u00f8dekommer forskellige driftsbehov, hvor nogle modeller er teleskopiske for l\u00e6ngere r\u00e6kkevidde i trange rum.<\/li>\n<li><strong>Forbedret slidstyrke:<\/strong> Designet med hensyntagen til slid- og korrosionsbestandighed, hvilket forl\u00e6nger cylinderens levetid og sikrer p\u00e5lidelig ydeevne over tid.<\/li>\n<li><strong>Adaptivt design:<\/strong> Konstruktionen af \u200b\u200bbomcylinderen tager h\u00f8jde for de specifikke krav fra forskellige maskiner, hvilket muligg\u00f8r optimal funktionalitet i forskellige anvendelser.<\/li>\n<\/ul>\n<h2>Produktionskapaciteter<\/h2>\n<p>Vi fremstiller dette produkt med pr\u00e6cision, hvilket sikrer, at vores bomcylindre perfekt kan erstatte eksisterende hydrauliske cylindre i forskellige udstyr. Vores produktionsproces anvender avanceret teknologi og strenge kvalitetskontrolforanstaltninger for at garantere, at hver cylinder opfylder branchestandarder.<\/p>\n<p><img decoding=\"async\" src=\"https:\/\/www.hydraulic-cylinders.net\/wp-content\/uploads\/2025\/04\/songte-cylinder-head-with-all-kinds-excavator-models.webp\" alt=\"Billede af gravemaskinemodeller\" \/><\/p>\n<h2>Anvendelser af bomcylindre<\/h2>\n<h3>Entrepren\u00f8rudstyr<\/h3>\n<p>I gravemaskiner er bomcylindre afg\u00f8rende for gravning, l\u00e6sning og flytning af jord eller affald. De g\u00f8r det muligt for skovlen at tr\u00e6nge effektivt ned i jorden, hvilket forbedrer maskinens gravekapacitet. N\u00e5r bomcylinderen bruges i rendegravere, letter den ikke kun gravning, men hj\u00e6lper ogs\u00e5 med at l\u00f8fte tunge l\u00e6s, hvilket giver alsidighed i entrepren\u00f8ropgaver.<\/p>\n<h3>Landbrugsmaskiner<\/h3>\n<p>I frontl\u00e6ssere er bomcylindre afg\u00f8rende for at opgrave, l\u00f8fte og transportere materialer som jord, h\u00f8 og andre landbrugsprodukter. Effektiviteten af \u200b\u200bdisse cylindre p\u00e5virker direkte produktiviteten i landbrugsdriften, hvilket g\u00f8r det muligt for landm\u00e6nd at styre deres opgaver mere effektivt.<\/p>\n<h3>Gravemaskiner<\/h3>\n<p>For gravemaskiner tillader bomcylinderen skovlen at grave ned i jorden, hvilket g\u00f8r den til en uundv\u00e6rlig del af maskinen. Dens design optimerer gravefunktionen, hvilket g\u00f8r det muligt for f\u00f8rere at opn\u00e5 st\u00f8rre dybde og effektivitet i graveopgaver.<\/p>\n<h3>L\u00e6ssere<\/h3>\n<p>I frontl\u00e6ssere bidrager bomcylindre til effektiv l\u00f8ftning og t\u00f8mning af laster. Styrken og responsiviteten af \u200b\u200bdisse cylindre sikrer, at tunge materialer kan flyttes hurtigt og sikkert, hvilket forbedrer den samlede driftsproduktivitet.<\/p>\n<h2>Designovervejelser og udv\u00e6lgelseskriterier<\/h2>\n<h3>Lastkapacitet<\/h3>\n<p>Bomcylinderens lasteevne er en kritisk designovervejelse. Den skal v\u00e6re i stand til at h\u00e5ndtere den maksimale v\u00e6gt af de materialer, der flyttes. Ingeni\u00f8rer skal vurdere v\u00e6gten og de forhold, som cylinderen vil fungere under, og sikre, at den kan h\u00e5ndtere spidsbelastninger uden fejl. Korrekte beregninger og sikkerhedsfaktorer er afg\u00f8rende i designprocessen for at garantere maskineriets p\u00e5lidelighed og sikkerhed.<\/p>\n<h3>Forseglingsintegritet<\/h3>\n<p>T\u00e6tning er et andet vigtigt aspekt af bomcylinderens design. T\u00e6tninger af h\u00f8j kvalitet forhindrer l\u00e6kage af hydraulisk v\u00e6ske, hvilket kan f\u00f8re til ydeevneproblemer og skader. Brugen af \u200b\u200bholdbare t\u00e6tningsmaterialer, s\u00e5som polyurethan og nitrilgummi, sikrer, at t\u00e6tningerne kan modst\u00e5 det tryk og den friktion, der er forbundet med hydrauliske operationer. Et veldesignet t\u00e6tningssystem forbedrer cylinderens levetid og reducerer hyppigheden af \u200b\u200bvedligeholdelsesindgreb.<\/p>\n<h3>Holdbarhed<\/h3>\n<p>Holdbarhed er altafg\u00f8rende i designet af bomcylindre. De anvendte materialer skal kunne modst\u00e5 slid og korrosion fra milj\u00f8faktorer og selve hydraulikv\u00e6sken. Producenter uds\u00e6tter ofte disse cylindre for strenge test for at simulere virkelige forhold og sikre, at de kan modst\u00e5 langvarig brug uden betydelig forringelse.<\/p>\n<h3>Sikkerhedsfunktioner<\/h3>\n<p>Sikkerhedsfunktioner er afg\u00f8rende for designet af bomcylindre. Dette omfatter mekanismer til at forhindre overudstr\u00e6kning og overbelastning, hvilket kan f\u00f8re til katastrofale fejl. Producenter skal implementere sikkerhedsprotokoller og standarder for at beskytte operat\u00f8rer og udstyr under drift.<\/p>\n<h3>Vedligeholdelse og servicevenlighed<\/h3>\n<p>Det er vigtigt at designe bomcylindre med vedligeholdelse i tankerne for at sikre langsigtet funktionalitet. Funktioner som let tilg\u00e6ngelige sm\u00f8renipler, udskiftelige pakninger og standardiserede komponenter letter rutinem\u00e6ssige inspektioner og reparationer. En veldesignet cylinder muligg\u00f8r nem vedligeholdelse, reducerer nedetid og \u00f8ger produktiviteten.<\/p>\n<p><img decoding=\"async\" src=\"https:\/\/www.hydraulic-cylinders.net\/wp-content\/uploads\/2025\/04\/songte-oil-pipes-and-spare-parts.webp\" alt=\"Billede af hydrauliske dele\" \/><\/p>\n<h2>T\u00e6tning og sm\u00f8ring<\/h2>\n<p>Effektiv t\u00e6tning og sm\u00f8ring er afg\u00f8rende for bomcylindrenes ydeevne. Forskellige t\u00e6tningskomponenter, herunder stempelt\u00e6tninger og stangt\u00e6tninger, anvendes for at forhindre l\u00e6kage af hydraulisk v\u00e6ske. De materialer, der er valgt til disse t\u00e6tninger, s\u00e5som polyurethan og nitrilgummi, er kendt for deres slidstyrke og holdbarhed. Cylinderhuset og gevindfladerne er fint behandlet for at forbedre slidstyrken. Regelm\u00e6ssig sm\u00f8ring med passende hydraulikolie er afg\u00f8rende for at opretholde optimal ydeevne og forhindre overdreven slitage over tid.<\/p>\n<h2>Forebyggende vedligeholdelsesforanstaltninger<\/h2>\n<ul>\n<li><strong>Regelm\u00e6ssige inspektioner:<\/strong> Periodisk kontrol for l\u00e6kager, skader og slid p\u00e5 cylinderen er afg\u00f8rende for at sikre, at den fungerer effektivt og sikkert. Operat\u00f8rer b\u00f8r tr\u00e6nes til at identificere tegn p\u00e5 potentielle problemer tidligt.<\/li>\n<li><strong>Passende sm\u00f8ring:<\/strong> Det er afg\u00f8rende at sikre, at cylinderen sm\u00f8res regelm\u00e6ssigt med den rigtige hydraulikolie for at opretholde dens funktionalitet. Operat\u00f8rer b\u00f8r f\u00f8lge en sm\u00f8replan baseret p\u00e5 brug og producentens anbefalinger.<\/li>\n<li><strong>Udskiftning af pakninger:<\/strong> Med tiden kan pakninger slides op og kr\u00e6ve udskiftning. Regelm\u00e6ssig kontrol af pakningernes tilstand og udskiftning af dem, n\u00e5r det er n\u00f8dvendigt, kan forhindre l\u00e6kager og driftsfejl.<\/li>\n<\/ul>\n<h2>Installationsvejledning<\/h2>\n<p>Korrekt installation af bomcylindre er afg\u00f8rende for optimal ydeevne. Start med at sikre, at cylinderen er kompatibel med den specifikke udstyrsmodel. Juster cylinderen korrekt med monteringspunkterne, og brug passende monteringsbeslag til at fastg\u00f8re den forsvarligt. V\u00e6r opm\u00e6rksom p\u00e5 de hydrauliske forbindelser, og s\u00f8rg for, at de er t\u00e6tte og l\u00e6kagefri. F\u00f8r maskinen tages i brug, skal du udf\u00f8re en funktionstest for at kontrollere, at cylinderen fungerer problemfrit uden us\u00e6dvanlige lyde eller modstand. Ved at f\u00f8lge disse retningslinjer kan du forhindre for tidligt slid og svigt, hvilket sikrer komponentens levetid.<\/p>\n<h2>Almindelige vedligeholdelsesopgaver<\/h2>\n<ul>\n<li><strong>Regelm\u00e6ssige inspektioner:<\/strong> Det er afg\u00f8rende at udf\u00f8re grundige inspektioner med faste intervaller for at kontrollere for tegn p\u00e5 slid, skader eller l\u00e6kage for at opretholde bomcylinderens funktionalitet.<\/li>\n<li><strong>Passende sm\u00f8ring:<\/strong> S\u00f8rg for, at den hydrauliske cylinder er tilstr\u00e6kkeligt smurt med den korrekte type hydraulikolie, hvilket er afg\u00f8rende for problemfri drift og levetid.<\/li>\n<li><strong>Udskiftning af pakning:<\/strong> Rettidig udskiftning af pakninger er afg\u00f8rende for at forhindre l\u00e6kager og sikre effektiv drift af bomcylinderen. Operat\u00f8rer b\u00f8r v\u00e6re opm\u00e6rksomme p\u00e5 tegnene, der indikerer, at pakninger skal udskiftes.<\/li>\n<\/ul>\n<h2>Sikkerhedshensyn og milj\u00f8faktorer<\/h2>\n<p>N\u00e5r man bruger bomcylindre, er sikkerhedsforanstaltninger altafg\u00f8rende. Operat\u00f8rer b\u00f8r tr\u00e6nes i de korrekte procedurer for h\u00e5ndtering af hydraulisk udstyr, herunder forst\u00e5else af de risici, der er forbundet med h\u00f8jtrykssystemer. Der b\u00f8r b\u00e6res tilstr\u00e6kkeligt sikkerhedsudstyr, og maskineri b\u00f8r betjenes i henhold til producentens retningslinjer for at forhindre ulykker. Milj\u00f8faktorer, s\u00e5som uds\u00e6ttelse for barske vejrforhold, kan ogs\u00e5 p\u00e5virke bomcylindrenes ydeevne og levetid, hvilket g\u00f8r det vigtigt at overveje beskyttelsesforanstaltninger under drift.<\/p>\n<h2>Fejlfinding og almindelige problemer<\/h2>\n<ul>\n<li><strong>Tab af str\u00f8m:<\/strong> Hvis bomcylinderen viser tab af driftskraft, kan det skyldes lave hydraulikv\u00e6skeniveauer eller l\u00e6kager i systemet. Kontroller v\u00e6skeniveauerne, og inspicer for synlige l\u00e6kager.<\/li>\n<li><strong>Us\u00e6dvanlige lyde:<\/strong> Lyde som skurren eller banken kan v\u00e6re tegn p\u00e5 slid eller beskadigelse af indvendige komponenter. Stop straks driften, og inspicer cylinderen for tegn p\u00e5 skader.<\/li>\n<li><strong>Inkonsekvent bev\u00e6gelse:<\/strong> Hvis bomcylinderen ikke tr\u00e6kker sig j\u00e6vnt ud eller ind, kan det skyldes en blokering eller luft i det hydrauliske system. Udluft systemet, og fjern eventuelle blokeringer for at genoprette funktionen.<\/li>\n<\/ul>\n<h2>Tips til fejlfinding<\/h2>\n<p>For effektivt at kunne fejlfinde problemer med bomcylindre b\u00f8r operat\u00f8rer f\u00f8re en detaljeret log over ydeevne og eventuelle afvigelser. Regelm\u00e6ssig tr\u00e6ning i almindelige problemer og deres l\u00f8sninger kan s\u00e6tte operat\u00f8rerne i stand til at h\u00e5ndtere mindre problemer, f\u00f8r de eskalerer. Implementering af en forebyggende vedligeholdelsesplan reducerer risikoen for fejl og forl\u00e6nger udstyrets levetid. Regelm\u00e6ssig kommunikation med producenten eller leverand\u00f8ren kan ogs\u00e5 give v\u00e6rdifuld indsigt i at opretholde optimal ydeevne.<\/p>\n<p><img decoding=\"async\" src=\"https:\/\/www.hydraulic-cylinders.net\/wp-content\/uploads\/2025\/04\/songte-bushings-with-all-kinds-of-excavator-models.webp\" alt=\"Billede af gravemaskineb\u00f8sninger\" \/><\/p>\n<h2>Om vores virksomhed<\/h2>\n<p>Vi er en f\u00f8rende producent af hydrauliske cylindre, der specialiserer os i produktion af udskiftningscylindre af h\u00f8j kvalitet til forskellige anvendelser. Med et omfattende produktsortiment har vi etableret os som en af \u200b\u200bde f\u00f8rende producenter og grossister p\u00e5 b\u00e5de indenlandske og internationale markeder. Vores engagement i ekspertise afspejles i vores raffinerede produktionsstyringsstrategier, bakket op af avanceret produktionsteknologi og en dygtig arbejdsstyrke. Vi forbedrer l\u00f8bende vores produktionskapaciteter og sikrer, at hvert produkt opfylder de h\u00f8jeste standarder for kvalitet og ydeevne.<\/p>\n<p><img decoding=\"async\" src=\"https:\/\/www.hydraulic-cylinders.net\/wp-content\/uploads\/2025\/04\/songte-company-4.webp\" alt=\"Firmabillede 1\" \/><br \/>\n<img decoding=\"async\" src=\"https:\/\/www.hydraulic-cylinders.net\/wp-content\/uploads\/2025\/04\/songte-company-3.webp\" alt=\"Virksomhedsbillede 2\" \/><\/p>\n<p>Vores dedikation til professionalisme er tydelig gennem vores internationale certificeringer, brugerdefinerede tjenester, topmoderne produktionsudstyr og exceptionelle eftersalgssupport. Vi str\u00e6ber efter at im\u00f8dekomme vores kunders forskellige behov, samtidig med at vi fastholder fokus p\u00e5 kvalitet og effektivitet.<\/p>\n<p>Forfatter: lyl<\/p>","protected":false},"excerpt":{"rendered":"<p>Boom Cylinder For Zoomlion Middle Excavator ZE210E Introduction to Boom Cylinders The Boom Cylinder is a crucial hydraulic component designed specifically for heavy machinery such as excavators, backhoe loaders, and front loaders. It controls the movement of the bucket, allowing it to lift, lower, and tilt, which is essential for various material handling tasks. The [&hellip;]<\/p>","protected":false},"featured_media":17872,"comment_status":"open","ping_status":"closed","template":"","meta":{"_et_pb_use_builder":"","_et_pb_old_content":"","_et_gb_content_width":""},"product_brand":[],"product_cat":[1546],"product_tag":[1547,1496],"class_list":{"0":"post-19216","1":"product","2":"type-product","3":"status-publish","4":"has-post-thumbnail","6":"product_cat-boom-cylinders","7":"product_tag-boom-cylinders","8":"product_tag-hydraulic-cylinders","10":"first","11":"instock","12":"shipping-taxable","13":"product-type-simple"},"amp_enabled":true,"_links":{"self":[{"href":"https:\/\/www.hydraulic-cylinders.net\/da\/wp-json\/wp\/v2\/product\/19216","targetHints":{"allow":["GET"]}}],"collection":[{"href":"https:\/\/www.hydraulic-cylinders.net\/da\/wp-json\/wp\/v2\/product"}],"about":[{"href":"https:\/\/www.hydraulic-cylinders.net\/da\/wp-json\/wp\/v2\/types\/product"}],"replies":[{"embeddable":true,"href":"https:\/\/www.hydraulic-cylinders.net\/da\/wp-json\/wp\/v2\/comments?post=19216"}],"wp:featuredmedia":[{"embeddable":true,"href":"https:\/\/www.hydraulic-cylinders.net\/da\/wp-json\/wp\/v2\/media\/17872"}],"wp:attachment":[{"href":"https:\/\/www.hydraulic-cylinders.net\/da\/wp-json\/wp\/v2\/media?parent=19216"}],"wp:term":[{"taxonomy":"product_brand","embeddable":true,"href":"https:\/\/www.hydraulic-cylinders.net\/da\/wp-json\/wp\/v2\/product_brand?post=19216"},{"taxonomy":"product_cat","embeddable":true,"href":"https:\/\/www.hydraulic-cylinders.net\/da\/wp-json\/wp\/v2\/product_cat?post=19216"},{"taxonomy":"product_tag","embeddable":true,"href":"https:\/\/www.hydraulic-cylinders.net\/da\/wp-json\/wp\/v2\/product_tag?post=19216"}],"curies":[{"name":"wp","href":"https:\/\/api.w.org\/{rel}","templated":true}]}}