{"id":19226,"date":"2025-04-07T06:19:05","date_gmt":"2025-04-07T06:19:05","guid":{"rendered":"https:\/\/www.hydraulic-cylinders.net\/product\/boom-cylinder-for-zoomlion-large-excavator-ze480esp\/"},"modified":"2025-04-07T06:19:07","modified_gmt":"2025-04-07T06:19:07","slug":"boom-cylinder-for-zoomlion-large-excavator-ze480esp","status":"publish","type":"product","link":"https:\/\/www.hydraulic-cylinders.net\/da\/vare\/boom-cylinder-for-zoomlion-large-excavator-ze480esp\/","title":{"rendered":"Bomcylinder til Zoomlion stor gravemaskine ZE480ESP"},"content":{"rendered":"<h1>Bomcylinder til Zoomlion stor gravemaskine ZE480ESP<\/h1>\n<h2>Introduktion til bomcylinder<\/h2>\n<p>Bomcylinderen er en vigtig komponent i store gravemaskiner og er specielt designet til Zoomlion ZE480ESP-modellen. Denne hydrauliske cylinder spiller en afg\u00f8rende rolle i at kontrollere bev\u00e6gelsen af \u200b\u200bgravemaskinens bom, s\u00e5 den kan l\u00f8fte, s\u00e6nke og vippe effektivt. Ved at udnytte hydraulisk tryk muligg\u00f8r bomcylinderen pr\u00e6cis h\u00e5ndtering af tunge l\u00e6s, hvilket g\u00f8r den til en essentiel del af materialeh\u00e5ndteringsopgaver inden for byggeri og udgravning.<\/p>\n<p><img decoding=\"async\" src=\"https:\/\/www.hydraulic-cylinders.net\/wp-content\/uploads\/2025\/04\/songte-company-1.webp\" alt=\"Billede af bomcylinder\"><\/p>\n<h2>Funktioner ved bomcylinderen<\/h2>\n<ul>\n<li><strong>H\u00f8j styrke og holdbarhed:<\/strong> Bomcylinderen er fremstillet af h\u00f8jstyrkest\u00e5l eller aluminium og er konstrueret til at modst\u00e5 h\u00f8jt tryk og tunge belastninger. Den er designet til at modst\u00e5 barske arbejdsmilj\u00f8er, samtidig med at den er modstandsdygtig over for slid og korrosion, hvilket forl\u00e6nger dens levetid.<\/li>\n<li><strong>Effektiv hydraulisk drift:<\/strong> Denne cylinder bruger hydraulisk olietryk til j\u00e6vn ud- og indtr\u00e6kning. Den reagerer hurtigt p\u00e5 styrekommandoer og giver robuste skubbe- og tr\u00e6kfunktioner, ideel til h\u00e5ndtering af tunge genstande og komplekse opgaver.<\/li>\n<li><strong>Forskellige typer:<\/strong> Bomcylinderen f\u00e5s i enkeltvirkende (fungerer i \u00e9n retning) eller dobbeltvirkende (fungerer i begge retninger). Nogle modeller er teleskopiske, hvilket giver mulighed for st\u00f8rre udtr\u00e6k uden at \u00f8ge de udvendige dimensioner, perfekt til applikationer med begr\u00e6nset plads.<\/li>\n<li><strong>Pr\u00e6cisionsteknik:<\/strong> Hver cylinder er fremstillet med omhyggelig opm\u00e6rksomhed p\u00e5 detaljer, hvilket sikrer kompatibilitet med forskellige gravemaskinemodeller og driftseffektivitet.<\/li>\n<li><strong>Tilpasset produktion:<\/strong> Vi specialiserer os i fremstilling af bomcylindre, der perfekt erstatter eksisterende hydrauliske cylindre og sikrer problemfri integration i dit maskineri.<\/li>\n<\/ul>\n<p><img decoding=\"async\" src=\"https:\/\/www.hydraulic-cylinders.net\/wp-content\/uploads\/2025\/04\/songte-cylinder-head-with-all-kinds-excavator-models.webp\" alt=\"Billede af udskiftning af bomcylinder\"><\/p>\n<h2>Applikationsscenarier<\/h2>\n<h3>Entrepren\u00f8rudstyr<\/h3>\n<p>P\u00e5 byggepladser findes bomcylindre i gravemaskiner, hvor de er afg\u00f8rende for gravning, lastning og flytning af jord eller affald. I rendegravere hj\u00e6lper skovlcylinderen med b\u00e5de udgravnings- og l\u00f8fteopgaver og giver den n\u00f8dvendige kraft til at udf\u00f8re projekter effektivt.<\/p>\n<h3>Landbrugsmaskiner<\/h3>\n<p>For frontl\u00e6ssere letter bomcylindre opsamling, l\u00f8ft og transport af jord, h\u00f8 og andre materialer. Deres effektivitet sikrer, at landbrugsopgaver udf\u00f8res hurtigt og effektivt, hvilket \u00f8ger produktiviteten p\u00e5 g\u00e5rdene.<\/p>\n<h3>Gravemaskiner<\/h3>\n<p>Bomcylinderen g\u00f8r det muligt for gravemaskiner at tr\u00e6nge effektivt ned i jorden og udf\u00f8re dybe gravehandlinger, der er afg\u00f8rende for forskellige byggeprojekter. Deres design sikrer optimal ydeevne under udgravningsopgaver, s\u00e5 operat\u00f8rerne kan maksimere deres kapacitet.<\/p>\n<h3>L\u00e6ssere<\/h3>\n<p>I l\u00e6ssere er bomcylindre ansvarlige for effektiv l\u00f8ftning og t\u00f8mning af laster. Deres robuste design sikrer, at tunge materialer kan h\u00e5ndteres med lethed, hvilket muligg\u00f8r effektiv transport og bortskaffelse af materialer p\u00e5 stedet.<\/p>\n<h2>Designovervejelser og udv\u00e6lgelseskriterier<\/h2>\n<h3>Lastkapacitet<\/h3>\n<p>N\u00e5r man v\u00e6lger en bomcylinder, skal man overveje dens lasteevne. Det er vigtigt, at cylinderen kan modst\u00e5 den maksimale belastning, den vil blive udsat for under drift. Dette sikrer ikke kun sikkerheden, men forbedrer ogs\u00e5 udstyrets effektivitet og levetid. En veldesignet cylinder kan h\u00e5ndtere dynamiske belastninger og giver stabilitet under hele driften.<\/p>\n<h3>Forsegling<\/h3>\n<p>Effektiv t\u00e6tning er afg\u00f8rende for at opretholde det hydrauliske tryk i cylinderen. Valg af t\u00e6tninger af h\u00f8j kvalitet, s\u00e5som stempel- og stangt\u00e6tninger, der bruger materialer som polyurethan eller nitrilgummi, kan forbedre ydeevne og p\u00e5lidelighed betydeligt. Korrekt t\u00e6tning forhindrer v\u00e6skel\u00e6kage og kontaminering og sikrer optimal funktionalitet.<\/p>\n<h3>Holdbarhed<\/h3>\n<p>Holdbarhed er en faktor i designet, der sikrer, at cylinderen kan modst\u00e5 barske milj\u00f8er. Funktioner som korrosionsbestandighed og slidstyrke er afg\u00f8rende for at forl\u00e6nge udstyrets levetid. Producenter b\u00f8r prioritere at bruge materialer og bel\u00e6gninger, der kan modst\u00e5 ekstreme forhold.<\/p>\n<h3>Sikkerhed<\/h3>\n<p>Sikkerhedsfunktioner er altafg\u00f8rende i designet af hydrauliske cylindre. Cylinderen b\u00f8r have sikkerhedssystemer og overbelastningsbeskyttelsessystemer for at forhindre katastrofale fejl under drift. Regelm\u00e6ssige sikkerhedsvurderinger kan mindske risici forbundet med hydrauliske operationer.<\/p>\n<h3>Vedligeholdelsesevne<\/h3>\n<p>Nem vedligeholdelse er en anden vigtig faktor. En veldesignet bomcylinder b\u00f8r muligg\u00f8re hurtige inspektioner og reparationer, hvilket minimerer nedetid. Funktioner som nemme adgangspunkter til sm\u00f8ring og inspektion kan forbedre effektiviteten af \u200b\u200brutinem\u00e6ssige vedligeholdelsesopgaver betydeligt.<\/p>\n<p><img decoding=\"async\" src=\"https:\/\/www.hydraulic-cylinders.net\/wp-content\/uploads\/2025\/04\/songte-oil-pipes-and-spare-parts.webp\" alt=\"Billede af dele af bomcylinder\"><\/p>\n<h2>T\u00e6tning og sm\u00f8ring<\/h2>\n<p>Korrekt t\u00e6tning og sm\u00f8ring er afg\u00f8rende for bomcylindrenes ydeevne. Forskellige t\u00e6tninger, s\u00e5som stempelt\u00e6tninger og stangt\u00e6tninger, er afg\u00f8rende for at opretholde den hydrauliske integritet. Valget af holdbare materialer som polyurethan og nitril kan give effektiv t\u00e6tning mod slid. Desuden b\u00f8r cylinderhuset og gevindenderne v\u00e6re fint bearbejdet for at forbedre slidstyrken.<\/p>\n<p>Regelm\u00e6ssig sm\u00f8ring med hydraulikolie er afg\u00f8rende og kr\u00e6ver periodiske kontroller for at sikre tilstr\u00e6kkelige olieniveauer. Korrekt sm\u00f8ring reducerer friktion, forl\u00e6nger cylinderens levetid og sikrer problemfri drift. Manglende vedligeholdelse af korrekt sm\u00f8ring kan f\u00f8re til \u00f8get slid og potentielle fejl.<\/p>\n<h2>Forebyggende vedligeholdelsesforanstaltninger<\/h2>\n<ul>\n<li><strong>Regelm\u00e6ssige inspektioner:<\/strong> Udf\u00f8r rutinem\u00e6ssige kontroller for at identificere tegn p\u00e5 slid eller skader. Denne proaktive tilgang hj\u00e6lper med tidlig opdagelse af potentielle problemer og forhindrer st\u00f8rre nedbrud.<\/li>\n<li><strong>Passende sm\u00f8ring:<\/strong> S\u00f8rg for, at sm\u00f8remidler p\u00e5f\u00f8res korrekt og rettidigt for at opretholde optimal cylinderfunktion og forhindre for tidligt slid.<\/li>\n<li><strong>Udskiftning af pakning:<\/strong> Kontroller og udskift t\u00e6tninger regelm\u00e6ssigt efter behov for at opretholde hydraulisk integritet. Slidte t\u00e6tninger kan f\u00f8re til l\u00e6kager og reduceret effektivitet.<\/li>\n<\/ul>\n<h2>Installationsvejledning<\/h2>\n<p>Korrekt installation af en bomcylinder er afg\u00f8rende for dens ydeevne. F\u00f8rst skal du s\u00f8rge for, at du har det rette v\u00e6rkt\u00f8j og udstyr til installationsprocessen. Start med at justere cylinderen korrekt i forhold til monteringspunkterne p\u00e5 gravemaskinen. Det er vigtigt at bruge passende monteringsbeslag til at fastg\u00f8re cylinderen p\u00e5 plads og forhindre enhver fejljustering, der kan f\u00f8re til driftsproblemer.<\/p>\n<p>N\u00e5r cylinderen er justeret, skal boltene strammes j\u00e6vnt for at undg\u00e5 belastning af cylinderen. Efter montering skal justeringen kontrolleres igen, f\u00f8r det hydrauliske system testes. Dette trin sikrer, at cylinderen fungerer problemfrit uden nogen blokeringer.<\/p>\n<p>Derudover skal du konsultere producentens specifikationer for momentindstillinger og monteringskonfigurationer for at sikre overholdelse af sikkerhedsstandarder og driftseffektivitet.<\/p>\n<h2>Almindelige vedligeholdelsesopgaver<\/h2>\n<ul>\n<li><strong>Regelm\u00e6ssige inspektioner:<\/strong> Inspicer bomcylinderen regelm\u00e6ssigt for tegn p\u00e5 skader eller slid. Denne praksis hj\u00e6lper med at opdage potentielle problemer tidligt og sikrer sikkerhed og p\u00e5lidelighed.<\/li>\n<li><strong>Passende sm\u00f8ring:<\/strong> Det er vigtigt at cylinderen er tilstr\u00e6kkeligt smurt for problemfri drift. Brug den anbefalede hydraulikolie, og f\u00f8lg vedligeholdelsesplanen.<\/li>\n<li><strong>Udskiftning af pakning:<\/strong> Pakninger b\u00f8r kontrolleres regelm\u00e6ssigt og udskiftes, n\u00e5r de er slidte eller beskadigede. Denne opgave er afg\u00f8rende for at forhindre l\u00e6kager og opretholde systemtrykket.<\/li>\n<\/ul>\n<p>Korrekt installation, sm\u00f8ring og justering er afg\u00f8rende for bomcylinderens levetid. Korrekt justering under installationen forhindrer un\u00f8dig belastning af cylinderen, mens effektiv sm\u00f8ring reducerer slid og opretholder ydeevnen. Det anbefales ogs\u00e5 at f\u00f8lge korrekte inspektions- og reparationsprotokoller for at forbedre udstyrets samlede levetid og p\u00e5lidelighed.<\/p>\n<p><img decoding=\"async\" src=\"https:\/\/www.hydraulic-cylinders.net\/wp-content\/uploads\/2025\/04\/songte-chushion-collar.webp\" alt=\"Billede af cylinderinstallation\"><\/p>\n<h2>Sikkerhedshensyn og milj\u00f8faktorer<\/h2>\n<p>N\u00e5r man arbejder med hydrauliske cylindre, er sikkerhedsforanstaltninger altafg\u00f8rende. Operat\u00f8rer b\u00f8r tr\u00e6nes i korrekt h\u00e5ndtering og betjening af hydrauliske systemer for at minimere risikoen for ulykker. Derudover skal alle sikkerhedsprotokoller f\u00f8lges, herunder brug af passende personlige v\u00e6rnemidler (PPE) og sikring af, at maskineriet er godt vedligeholdt for at undg\u00e5 funktionsfejl.<\/p>\n<h2>Fejlfinding og almindelige problemer<\/h2>\n<h3>Almindelige problemer<\/h3>\n<ul>\n<li><strong>L\u00e6kage:<\/strong> Et af de hyppigste problemer med hydrauliske cylindre er l\u00e6kage, ofte for\u00e5rsaget af slidte pakninger eller forkert installation.<\/li>\n<li><strong>Reduceret ydeevne:<\/strong> Dette kan forekomme p\u00e5 grund af lave niveauer af hydraulisk v\u00e6ske eller forurening i systemet.<\/li>\n<li><strong>St\u00f8j under drift:<\/strong> Us\u00e6dvanlige lyde kan v\u00e6re tegn p\u00e5 indre skader eller problemer med sm\u00f8ring.<\/li>\n<\/ul>\n<h3>Tips til fejlfinding<\/h3>\n<p>For effektivt at diagnosticere og l\u00f8se problemer er det vigtigt at udf\u00f8re grundige kontroller af det hydrauliske system. Start med at identificere eventuelle l\u00e6kager og udskifte defekte pakninger. Hvis ydeevnen er reduceret, skal du kontrollere v\u00e6skeniveauer og kvalitet og sikre, at hydraulikolien er ren og p\u00e5 det korrekte niveau. Ved st\u00f8jproblemer skal du unders\u00f8ge cylinderen for tegn p\u00e5 slid eller utilstr\u00e6kkelig sm\u00f8ring, og eventuelle problemer skal straks afhj\u00e6lpes for at opretholde funktionaliteten.<\/p>\n<p>Implementering af forebyggende foranstaltninger, s\u00e5som regelm\u00e6ssig vedligeholdelse og inspektioner, kan reducere sandsynligheden for at st\u00f8de p\u00e5 disse almindelige problemer betydeligt og dermed forbedre p\u00e5lideligheden af \u200b\u200bhydrauliske systemer.<\/p>\n<p><img decoding=\"async\" src=\"https:\/\/www.hydraulic-cylinders.net\/wp-content\/uploads\/2025\/04\/songte-bushings-with-all-kinds-of-excavator-models.webp\" alt=\"Billede af almindelige problemer\"><\/p>\n<h2>Om vores virksomhed<\/h2>\n<p>Vi er en f\u00f8rende producent af hydrauliske udskiftningscylindre og tilbyder en bred vifte af produkter, der opfylder b\u00e5de indenlandske og internationale markeder. Vores engagement i ekspertise driver os til at anvende raffinerede produktionsstrategier sammen med avanceret teknologi inden for produktionsstyring.<\/p>\n<p>Vores faciliteter er udstyret med avanceret produktionsudstyr og et professionelt testsystem, der g\u00f8r det muligt for os l\u00f8bende at forbedre vores produktionskapacitet. Vi er stolte af at levere h\u00f8j effektivitet, pr\u00e6cision og kvalitet, der im\u00f8dekommer forskellige kunders behov.<\/p>\n<p>Derudover tilbyder vi skr\u00e6ddersyede tjenester, internationale certificeringer og robust eftersalgssupport, hvilket sikrer kundetilfredshed og tillid til vores produkter.<\/p>\n<p><img decoding=\"async\" src=\"https:\/\/www.hydraulic-cylinders.net\/wp-content\/uploads\/2025\/04\/songte-company-4.webp\" alt=\"Virksomhedsoversigtsbillede\"><br \/>\n<img decoding=\"async\" src=\"https:\/\/www.hydraulic-cylinders.net\/wp-content\/uploads\/2025\/04\/songte-company-3.webp\" alt=\"Billede af produktionsfacilitet\"><\/p>\n<p>Forfatter lyl<\/p>","protected":false},"excerpt":{"rendered":"<p>Boom Cylinder For Zoomlion Large Excavator ZE480ESP Introduction to Boom Cylinder The Boom Cylinder is a vital component in large excavators, specifically designed for the Zoomlion ZE480ESP model. This hydraulic cylinder plays a crucial role in controlling the movement of the excavator&#8217;s boom, enabling it to lift, lower, and tilt effectively. By utilizing hydraulic pressure, [&hellip;]<\/p>","protected":false},"featured_media":17867,"comment_status":"open","ping_status":"closed","template":"","meta":{"_et_pb_use_builder":"","_et_pb_old_content":"","_et_gb_content_width":""},"product_brand":[],"product_cat":[1546],"product_tag":[1547,1496],"class_list":{"0":"post-19226","1":"product","2":"type-product","3":"status-publish","4":"has-post-thumbnail","6":"product_cat-boom-cylinders","7":"product_tag-boom-cylinders","8":"product_tag-hydraulic-cylinders","10":"first","11":"instock","12":"shipping-taxable","13":"product-type-simple"},"amp_enabled":true,"_links":{"self":[{"href":"https:\/\/www.hydraulic-cylinders.net\/da\/wp-json\/wp\/v2\/product\/19226","targetHints":{"allow":["GET"]}}],"collection":[{"href":"https:\/\/www.hydraulic-cylinders.net\/da\/wp-json\/wp\/v2\/product"}],"about":[{"href":"https:\/\/www.hydraulic-cylinders.net\/da\/wp-json\/wp\/v2\/types\/product"}],"replies":[{"embeddable":true,"href":"https:\/\/www.hydraulic-cylinders.net\/da\/wp-json\/wp\/v2\/comments?post=19226"}],"wp:featuredmedia":[{"embeddable":true,"href":"https:\/\/www.hydraulic-cylinders.net\/da\/wp-json\/wp\/v2\/media\/17867"}],"wp:attachment":[{"href":"https:\/\/www.hydraulic-cylinders.net\/da\/wp-json\/wp\/v2\/media?parent=19226"}],"wp:term":[{"taxonomy":"product_brand","embeddable":true,"href":"https:\/\/www.hydraulic-cylinders.net\/da\/wp-json\/wp\/v2\/product_brand?post=19226"},{"taxonomy":"product_cat","embeddable":true,"href":"https:\/\/www.hydraulic-cylinders.net\/da\/wp-json\/wp\/v2\/product_cat?post=19226"},{"taxonomy":"product_tag","embeddable":true,"href":"https:\/\/www.hydraulic-cylinders.net\/da\/wp-json\/wp\/v2\/product_tag?post=19226"}],"curies":[{"name":"wp","href":"https:\/\/api.w.org\/{rel}","templated":true}]}}