{"id":19287,"date":"2025-04-07T06:24:59","date_gmt":"2025-04-07T06:24:59","guid":{"rendered":"https:\/\/www.hydraulic-cylinders.net\/product\/boom-cylinder-for-liugong-small-excavator-clg908c-908d\/"},"modified":"2025-04-07T06:25:01","modified_gmt":"2025-04-07T06:25:01","slug":"boom-cylinder-for-liugong-small-excavator-clg908c-908d","status":"publish","type":"product","link":"https:\/\/www.hydraulic-cylinders.net\/da\/vare\/boom-cylinder-for-liugong-small-excavator-clg908c-908d\/","title":{"rendered":"Bomcylinder til Liugong lille gravemaskine CLG908C\/908D"},"content":{"rendered":"<h1>Bomcylinder til Liugong lille gravemaskine CLG908C\/908D<\/h1>\n<h2>Produktdefinition og oversigt<\/h2>\n<p>Bomcylinderen er en afg\u00f8rende hydraulisk komponent, der er specielt designet til bev\u00e6gelse af gravemaskiners skovle i tunge maskiner, s\u00e5som gravemaskiner, rendegravere og frontl\u00e6ssere. Den muligg\u00f8r l\u00f8ft, s\u00e6nkning og vipning af skovlen, hvilket g\u00f8r den afg\u00f8rende for effektive materialeh\u00e5ndteringsopgaver. I et hydraulisk system omdanner disse cylindre hydraulisk tryk til mekanisk kraft, hvilket muligg\u00f8r pr\u00e6cis kontrol og kraftfulde bev\u00e6gelser, der er n\u00f8dvendige for forskellige graveoperationer.<\/p>\n<p>Som en type hydraulisk cylinder spiller bomcylinderen en afg\u00f8rende rolle i at sikre maskineriets effektive funktion. N\u00e5r hydraulisk v\u00e6ske pumpes ind i cylinderen, skaber den et tryk, der bev\u00e6ger stemplet indeni, hvilket resulterer i en forl\u00e6ngelse eller tilbagetr\u00e6kning af bommen. Denne funktionalitet er altafg\u00f8rende i bygge- og nedrivningsprojekter, hvor den n\u00f8jagtige positionering af skovlen kan have betydelig indflydelse p\u00e5 den samlede effektivitet af den aktuelle opgave.<\/p>\n<p><img decoding=\"async\" src=\"https:\/\/www.hydraulic-cylinders.net\/wp-content\/uploads\/2025\/04\/songte-company-1.webp\" alt=\"Billede af bomcylinder\"><\/p>\n<h2>Produktfunktioner<\/h2>\n<ul>\n<li>\n<h3>H\u00f8j styrke og holdbarhed<\/h3>\n<p>Vores bomcylindre er typisk fremstillet af h\u00f8jstyrkest\u00e5l eller aluminium og er bygget til at modst\u00e5 h\u00f8jt tryk og tunge belastninger. De er designet til at modst\u00e5 barske arbejdsmilj\u00f8er med v\u00e6gt p\u00e5 slidstyrke og korrosionsbeskyttelse for at forl\u00e6nge deres levetid.<\/p>\n<\/li>\n<li>\n<h3>Effektiv hydraulisk drift<\/h3>\n<p>Disse cylindre udnytter trykket fra hydraulikv\u00e6sken til at opn\u00e5 j\u00e6vne tilbage- og udtr\u00e6ksbev\u00e6gelser. Dette muligg\u00f8r hurtig respons p\u00e5 f\u00f8rerkommandoer og giver kraftige skubbe- og tr\u00e6kkr\u00e6fter, der er velegnede til h\u00e5ndtering af tunge materialer og komplekse opgaver.<\/p>\n<\/li>\n<li>\n<h3>Forskellige konfigurationer<\/h3>\n<p>Vores bomcylindre kan skr\u00e6ddersys til specifikke behov og tilbyder muligheder for enkeltvirkende (hydraulik i \u00e9n retning) eller dobbeltvirkende (i begge retninger) design. Nogle modeller har teleskopfunktioner, hvilket giver mulighed for st\u00f8rre udtr\u00e6k uden at \u00f8ge de udvendige dimensioner, hvilket er ideelt til trange pladsforhold.<\/p>\n<\/li>\n<li>\n<h3>Pr\u00e6cisionsteknik<\/h3>\n<p>Hver bomcylinder er konstrueret med pr\u00e6cision for at opfylde branchestandarder, hvilket sikrer p\u00e5lidelig ydeevne og minimal nedetid under drift.<\/p>\n<\/li>\n<li>\n<h3>Kompatibilitet og udskiftning<\/h3>\n<p>Vi fremstiller disse produkter til perfekt at erstatte eksisterende hydrauliske cylindre og sikre problemfri integration med forskellige modeller af gravemaskiner og tunge maskiner.<\/p>\n<\/li>\n<\/ul>\n<p><img decoding=\"async\" src=\"https:\/\/www.hydraulic-cylinders.net\/wp-content\/uploads\/2025\/04\/songte-cylinder-head-with-all-kinds-excavator-models.webp\" alt=\"Billede af topstykke\"><\/p>\n<h2>Applikationsscenarier<\/h2>\n<ul>\n<li>\n<h3>Entrepren\u00f8rudstyr<\/h3>\n<p>I gravemaskiner er bomcylindre en integreret del af gravning, lastning og flytning af jord eller affald. Deres pr\u00e6cision og kraft muligg\u00f8r effektiv udgravning og materialeh\u00e5ndtering, hvilket \u00f8ger produktiviteten p\u00e5 byggepladser.<\/p>\n<\/li>\n<li>\n<h3>Landbrugsmaskiner<\/h3>\n<p>Bomcylindre, der bruges i frontl\u00e6ssere, muligg\u00f8r opgravning, l\u00f8ft og transport af jord, h\u00f8 og forskellige materialer. Deres robuste design sikrer p\u00e5lidelig ydeevne, selv i kr\u00e6vende landbrugsmilj\u00f8er.<\/p>\n<\/li>\n<li>\n<h3>Gravemaskiner<\/h3>\n<p>Med evnen til at tr\u00e6nge ned i jorden letter bomcylinderen gravemaskinernes gravefunktion, hvilket g\u00f8r den til en vital komponent til effektive jordflytningsopgaver.<\/p>\n<\/li>\n<li>\n<h3>L\u00e6ssere<\/h3>\n<p>I frontl\u00e6ssere hj\u00e6lper bomcylindre med effektivt at l\u00f8fte og losse laster, hvilket sikrer driftseffektivitet under materialeh\u00e5ndteringsopgaver.<\/p>\n<\/li>\n<\/ul>\n<h2>Designovervejelser og udv\u00e6lgelseskriterier<\/h2>\n<ul>\n<li>\n<h3>Lastkapacitet<\/h3>\n<p>En kritisk faktor i designet af bomcylindre er deres lasteevne. De skal konstrueres til at h\u00e5ndtere de maksimalt forventede belastninger uden at g\u00e5 p\u00e5 kompromis med sikkerhed eller ydeevne. Dette involverer valg af passende materialer og design af cylinderst\u00f8rrelse og -konfiguration for at opfylde specifikke driftskrav.<\/p>\n<\/li>\n<li>\n<h3>T\u00e6tningsmekanismer<\/h3>\n<p>Effektiv t\u00e6tning er afg\u00f8rende for at forhindre l\u00e6kager af hydraulikv\u00e6ske og opretholde optimalt tryk i cylinderen. H\u00f8jkvalitetspakninger fremstillet af holdbare materialer som polyurethan og nitrilgummi er afg\u00f8rende for at sikre det hydrauliske systems levetid og effektivitet.<\/p>\n<\/li>\n<li>\n<h3>Holdbarhed<\/h3>\n<p>Holdbarhed er altafg\u00f8rende i design af hydrauliske cylindre. Brugen af \u200b\u200bh\u00f8jstyrkematerialer kombineret med overfladebehandlinger kan forbedre slidstyrken og korrosionsbeskyttelsen, hvilket sikrer, at cylinderen fungerer godt over tid, selv i udfordrende milj\u00f8er.<\/p>\n<\/li>\n<li>\n<h3>Sikkerhedsfunktioner<\/h3>\n<p>Sikkerhedshensyn er afg\u00f8rende ved design af bomcylindre. Integrering af funktioner som trykaflastningsventiler og n\u00f8dstop kan forhindre katastrofale fejl og forbedre f\u00f8rersikkerheden under udstyrets drift.<\/p>\n<\/li>\n<li>\n<h3>Vedligeholdelsesevne<\/h3>\n<p>Design med henblik p\u00e5 vedligeholdelse indeb\u00e6rer at sikre, at komponenter er let tilg\u00e6ngelige for inspektion og reparation. Dette omfatter at give fri adgang til pakninger, sm\u00f8remidler og andre kritiske dele for at lette rutinem\u00e6ssig vedligeholdelse og forl\u00e6nge cylinderens levetid.<\/p>\n<\/li>\n<\/ul>\n<p><img decoding=\"async\" src=\"https:\/\/www.hydraulic-cylinders.net\/wp-content\/uploads\/2025\/04\/songte-oil-pipes-and-spare-parts.webp\" alt=\"Billede af olier\u00f8r og reservedele\"><\/p>\n<h2>T\u00e6tning og sm\u00f8ring<\/h2>\n<p>Hydrauliske cylindres ydeevne p\u00e5virkes betydeligt af deres t\u00e6tnings- og sm\u00f8resystemer. Forskellige t\u00e6tningskomponenter, herunder stempelt\u00e6tninger og stangt\u00e6tninger, anvendes for at sikre optimal ydeevne. T\u00e6tninger lavet af slidst\u00e6rke materialer som polyurethan og nitrilgummi forhindrer l\u00e6kager af hydraulisk v\u00e6ske, samtidig med at de opretholder det indre tryk.<\/p>\n<p>Derudover er overfladerne p\u00e5 cylinderhuset og gevindenderne omhyggeligt bearbejdet for at forbedre slidstyrken. Regelm\u00e6ssig sm\u00f8ring med den passende hydraulikolie er n\u00f8dvendig for at reducere friktion og slid og sikre en problemfri drift af cylinderen. Korrekt sm\u00f8ring forl\u00e6nger den samlede levetid for de hydrauliske komponenter og forbedrer deres ydeevne.<\/p>\n<h2>Forebyggende vedligeholdelsesforanstaltninger<\/h2>\n<ul>\n<li>\n<h3>Regelm\u00e6ssige inspektioner<\/h3>\n<p>Rutinem\u00e6ssige inspektioner af bomcylinderen hj\u00e6lper med at identificere potentielle problemer, f\u00f8r de eskalerer. Kig efter tegn p\u00e5 slid, l\u00e6kage eller us\u00e6dvanlige lyde, og h\u00e5ndter eventuelle problemer omg\u00e5ende for at forhindre yderligere skader.<\/p>\n<\/li>\n<li>\n<h3>Passende sm\u00f8ring<\/h3>\n<p>Det er afg\u00f8rende at opretholde det rette niveau af hydraulikolie for optimal ydeevne. S\u00f8rg for, at den anvendte olie er egnet til det specifikke hydrauliske system, og at den udskiftes regelm\u00e6ssigt for at forhindre kontaminering og nedbrud.<\/p>\n<\/li>\n<li>\n<h3>Udskiftning af pakning<\/h3>\n<p>Pakninger er udsat for slid og b\u00f8r kontrolleres ofte. Udskift pakninger, der viser tegn p\u00e5 skader eller slid, for at undg\u00e5 l\u00e6kager og opretholde hydrauliksystemets effektivitet.<\/p>\n<\/li>\n<\/ul>\n<h2>Installationsvejledning<\/h2>\n<p>Installation af en bomcylinder kr\u00e6ver omhyggelig opm\u00e6rksomhed p\u00e5 detaljerne. Start med at sikre, at arbejdsomr\u00e5det er rent og fri for snavs. Juster cylinderen korrekt i forhold til monteringspunkterne, og brug passende beslag til at fastg\u00f8re positionen. Det er afg\u00f8rende at kontrollere, at cylinderen er korrekt justeret for at forhindre un\u00f8dig belastning af cylinderen under drift.<\/p>\n<p>Tilslut derefter hydraulikledningerne til cylinderen, og s\u00f8rg for, at forbindelserne er t\u00e6tte og l\u00e6kagefri. N\u00e5r de er tilsluttet, fyldes hydrauliksystemet med den anbefalede hydraulikv\u00e6ske, og eventuel luft udluftes for at sikre problemfri drift. Efter installationen skal der udf\u00f8res en funktionstest for at sikre, at cylinderen fungerer som tilsigtet.<\/p>\n<h2>Almindelige vedligeholdelsesopgaver<\/h2>\n<ul>\n<li>\n<h3>Regelm\u00e6ssige inspektioner<\/h3>\n<p>Planl\u00e6g regelm\u00e6ssige inspektioner for at vurdere bomcylinderens tilstand. Dette inkluderer kontrol for l\u00e6kager, slid og generel funktionalitet. Tidlig identifikation af problemer kan forhindre dyre reparationer og nedetid.<\/p>\n<\/li>\n<li>\n<h3>Passende sm\u00f8ring<\/h3>\n<p>S\u00f8rg for, at den hydrauliske cylinder er smurt i henhold til producentens specifikationer. Korrekt sm\u00f8ring minimerer friktion og slid, hvilket forl\u00e6nger cylinderens levetid og ydeevne.<\/p>\n<\/li>\n<li>\n<h3>Udskiftning af pakninger og kalibreringskontroller<\/h3>\n<p>Pakninger b\u00f8r udskiftes efter behov for at opretholde effektiv t\u00e6tning og forhindre l\u00e6kager. Derudover er periodiske kalibreringskontroller afg\u00f8rende for at sikre, at det hydrauliske system fungerer inden for de angivne parametre, hvilket maksimerer effektivitet og sikkerhed.<\/p>\n<\/li>\n<\/ul>\n<p><img decoding=\"async\" src=\"https:\/\/www.hydraulic-cylinders.net\/wp-content\/uploads\/2025\/04\/songte-chushion-collar.webp\" alt=\"Billede af pudekrave\"><\/p>\n<h2>Sikkerhedshensyn og milj\u00f8faktorer<\/h2>\n<p>Sikkerhedsforanstaltninger er altafg\u00f8rende ved brug af hydrauliske cylindre. Operat\u00f8rer b\u00f8r tr\u00e6nes i at forst\u00e5 de risici, der er forbundet med hydrauliske maskiner, og f\u00f8lge sikkerhedsprotokoller for at minimere ulykker og skader. Regelm\u00e6ssige sikkerhedsrevisioner og overholdelse af branchestandarder kan mindske potentielle farer og sikre et sikkert arbejdsmilj\u00f8.<\/p>\n<h2>Fejldiagnose og almindelige problemer<\/h2>\n<ul>\n<li>\n<h3>Hydraulisk v\u00e6skel\u00e6kage<\/h3>\n<p>L\u00e6kager kan ofte spores tilbage til slidte pakninger eller beskadigede slanger. Regelm\u00e6ssige inspektioner b\u00f8r fokusere p\u00e5 at identificere tegn p\u00e5 l\u00e6kage, som kan kompromittere systemets ydeevne og f\u00f8re til yderligere skader.<\/p>\n<\/li>\n<li>\n<h3>Reduceret effekt<\/h3>\n<p>Et fald i effekten kan v\u00e6re tegn p\u00e5 problemer som lave hydraulikv\u00e6skeniveauer, forurening eller indvendige cylinderskader. Grundige kontroller af det hydrauliske system kan hj\u00e6lpe med at finde den n\u00f8jagtige \u00e5rsag og muligg\u00f8re rettidige reparationer.<\/p>\n<\/li>\n<li>\n<h3>Us\u00e6dvanlige lyde<\/h3>\n<p>M\u00e6rkelige lyde under drift kan indikere mekaniske problemer s\u00e5som forkert justering eller indvendig slitage. Operat\u00f8rer b\u00f8r straks unders\u00f8ge eventuelle us\u00e6dvanlige lyde for at forhindre yderligere komplikationer.<\/p>\n<\/li>\n<\/ul>\n<p>For effektivt at diagnosticere og l\u00f8se disse problemer b\u00f8r operat\u00f8rer f\u00f8re en vedligeholdelseslog og f\u00f8lge en fejlfindingsvejledning. Implementering af forebyggende foranstaltninger, s\u00e5som regelm\u00e6ssig vedligeholdelse og overv\u00e5gning, kan reducere sandsynligheden for at st\u00f8de p\u00e5 st\u00f8rre problemer betydeligt.<\/p>\n<p><img decoding=\"async\" src=\"https:\/\/www.hydraulic-cylinders.net\/wp-content\/uploads\/2025\/04\/songte-bushings-with-all-kinds-of-excavator-models.webp\" alt=\"B\u00f8sninger Billede\"><\/p>\n<h2>Om vores virksomhed<\/h2>\n<p>Vi er en f\u00f8rende producent af hydrauliske udskiftningscylindre og tilbyder en bred vifte af produkter, der henvender sig til b\u00e5de indenlandske og internationale markeder. Vores engagement i ekspertise afspejles i vores avancerede produktionsstrategier, som omfatter en h\u00f8jt kvalificeret arbejdsstyrke, topmoderne digitalt produktionsudstyr og professionelle testsystemer.<\/p>\n<p>Vores fokus p\u00e5 kvalitetsproduktionsruter har gjort det muligt for os at forbedre vores produktionskapaciteter og sikre, at vi opfylder forskellige kundebehov med h\u00f8j effektivitet, pr\u00e6cision og kvalitet. Vi tilbyder ogs\u00e5 specialiserede tilpasningstjenester, der sikrer, at vores produkter opfylder specifikke driftskrav. Vores dedikation til kundetilfredshed er tydelig i vores omfattende eftersalgssupport, der sikrer, at kunderne modtager den n\u00f8dvendige assistance efter k\u00f8bet.<\/p>\n<p><img decoding=\"async\" src=\"https:\/\/www.hydraulic-cylinders.net\/wp-content\/uploads\/2025\/04\/songte-company-4.webp\" alt=\"Virksomhedsbillede 4\"><br \/>\n<img decoding=\"async\" src=\"https:\/\/www.hydraulic-cylinders.net\/wp-content\/uploads\/2025\/04\/songte-company-3.webp\" alt=\"Virksomhedsbillede 3\"><\/p>\n<p>Forfatter: lyl<\/p>","protected":false},"excerpt":{"rendered":"<p>Boom Cylinder For Liugong Small Excavator CLG908C\/908D Product Definition and Overview The boom cylinder is a crucial hydraulic component specifically designed for the movement of excavator buckets in heavy machinery, such as excavators, backhoe diggers, and front loaders. It enables the lifting, lowering, and tilting of the bucket, making it essential for efficient material handling [&hellip;]<\/p>","protected":false},"featured_media":17867,"comment_status":"open","ping_status":"closed","template":"","meta":{"_et_pb_use_builder":"","_et_pb_old_content":"","_et_gb_content_width":""},"product_brand":[],"product_cat":[1546],"product_tag":[1547,1496],"class_list":{"0":"post-19287","1":"product","2":"type-product","3":"status-publish","4":"has-post-thumbnail","6":"product_cat-boom-cylinders","7":"product_tag-boom-cylinders","8":"product_tag-hydraulic-cylinders","10":"first","11":"instock","12":"shipping-taxable","13":"product-type-simple"},"amp_enabled":true,"_links":{"self":[{"href":"https:\/\/www.hydraulic-cylinders.net\/da\/wp-json\/wp\/v2\/product\/19287","targetHints":{"allow":["GET"]}}],"collection":[{"href":"https:\/\/www.hydraulic-cylinders.net\/da\/wp-json\/wp\/v2\/product"}],"about":[{"href":"https:\/\/www.hydraulic-cylinders.net\/da\/wp-json\/wp\/v2\/types\/product"}],"replies":[{"embeddable":true,"href":"https:\/\/www.hydraulic-cylinders.net\/da\/wp-json\/wp\/v2\/comments?post=19287"}],"wp:featuredmedia":[{"embeddable":true,"href":"https:\/\/www.hydraulic-cylinders.net\/da\/wp-json\/wp\/v2\/media\/17867"}],"wp:attachment":[{"href":"https:\/\/www.hydraulic-cylinders.net\/da\/wp-json\/wp\/v2\/media?parent=19287"}],"wp:term":[{"taxonomy":"product_brand","embeddable":true,"href":"https:\/\/www.hydraulic-cylinders.net\/da\/wp-json\/wp\/v2\/product_brand?post=19287"},{"taxonomy":"product_cat","embeddable":true,"href":"https:\/\/www.hydraulic-cylinders.net\/da\/wp-json\/wp\/v2\/product_cat?post=19287"},{"taxonomy":"product_tag","embeddable":true,"href":"https:\/\/www.hydraulic-cylinders.net\/da\/wp-json\/wp\/v2\/product_tag?post=19287"}],"curies":[{"name":"wp","href":"https:\/\/api.w.org\/{rel}","templated":true}]}}