{"id":19310,"date":"2025-04-07T06:26:13","date_gmt":"2025-04-07T06:26:13","guid":{"rendered":"https:\/\/www.hydraulic-cylinders.net\/product\/boom-cylinder-for-xgma-small-excavator-xg806\/"},"modified":"2025-04-07T06:26:15","modified_gmt":"2025-04-07T06:26:15","slug":"boom-cylinder-for-xgma-small-excavator-xg806","status":"publish","type":"product","link":"https:\/\/www.hydraulic-cylinders.net\/da\/vare\/boom-cylinder-for-xgma-small-excavator-xg806\/","title":{"rendered":"Bomcylinder til XGMA lille gravemaskine XG806"},"content":{"rendered":"<h1>Bomcylinder til XGMA lille gravemaskine XG806<\/h1>\n<h2>Produktoversigt<\/h2>\n<p>Bomcylinderen til XGMA lille gravemaskine XG806 er en afg\u00f8rende komponent i hydrauliske systemer, der er specielt designet til at styre bev\u00e6gelsen af \u200b\u200bskovle i forskellige tunge maskiner, herunder gravemaskiner, rendegravere og frontl\u00e6ssere. Denne hydrauliske cylinder letter l\u00f8ft, s\u00e6nkning og vipning af skovlen, hvilket forbedrer effektiviteten af \u200b\u200bmaterialeh\u00e5ndteringsopgaver.<\/p>\n<p>I bund og grund er skovlcylindre specialiserede hydrauliske cylindre, der muligg\u00f8r pr\u00e6cis kontrol over udgravnings- og l\u00e6sseprocesserne. De fungerer ved at omdanne hydraulisk tryk til mekanisk kraft, hvilket g\u00f8r det muligt for operat\u00f8rer effektivt at udf\u00f8re opgaver som gravning, l\u00f8ft og transport af materialer. Designet af disse cylindre sikrer p\u00e5lidelighed og ydeevne under kr\u00e6vende forhold, hvilket g\u00f8r dem uundv\u00e6rlige i bygge- og landbrugssektoren.<\/p>\n<p><img decoding=\"async\" src=\"https:\/\/www.hydraulic-cylinders.net\/wp-content\/uploads\/2025\/04\/songte-company-1.webp\" alt=\"Billede af bomcylinder\"\/><\/p>\n<h2>Funktioner ved bomcylinderen<\/h2>\n<ul>\n<li><strong>H\u00f8j styrke og holdbarhed:<\/strong> Bomcylinderen er fremstillet af h\u00f8jstyrkest\u00e5l eller aluminium og kan modst\u00e5 h\u00f8jt tryk og tunge belastninger, hvilket g\u00f8r den velegnet til barske arbejdsmilj\u00f8er. Dens design tager h\u00f8jde for slidstyrke og korrosionsbestandighed, hvilket i sidste ende forl\u00e6nger dens levetid.<\/li>\n<li><strong>Effektiv hydraulisk drift:<\/strong> Cylinderen bruger hydraulisk olietryk til j\u00e6vn ud- og indtr\u00e6kning, hvilket giver mulighed for hurtig reaktion p\u00e5 driftskommandoer, samtidig med at den yder en betydelig skubbe- og tr\u00e6kkraft, ideel til h\u00e5ndtering af tunge genstande og komplekse opgaver.<\/li>\n<li><strong>Forskellige typer:<\/strong> Bomcylinderen f\u00e5s i enkeltvirkende (hydraulisk aktivering i \u00e9n retning) eller dobbeltvirkende (hydraulisk aktivering i begge retninger) konfigurationer og opfylder forskellige driftsbehov. Nogle modeller er teleskopiske, hvilket giver mulighed for st\u00f8rre udtr\u00e6k uden at \u00f8ge de udvendige dimensioner, hvilket er perfekt til applikationer med begr\u00e6nset plads.<\/li>\n<li><strong>Specialfremstilling:<\/strong> Vores virksomhed specialiserer sig i produktion af bomcylindre, der perfekt erstatter eksisterende hydrauliske cylindre, hvilket sikrer problemfri pasform og funktion til forskellige maskinmodeller.<\/li>\n<li><strong>Kvalitetssikring:<\/strong> Hver cylinder gennemg\u00e5r strenge tests for at opfylde branchestandarder, hvilket sikrer p\u00e5lidelighed og ydeevne i marken.<\/li>\n<\/ul>\n<p><img decoding=\"async\" src=\"https:\/\/www.hydraulic-cylinders.net\/wp-content\/uploads\/2025\/04\/songte-cylinder-head-with-all-kinds-excavator-models.webp\" alt=\"Billede af topstykke\"\/><\/p>\n<h2>Applikationsscenarier<\/h2>\n<h3>1. Entrepren\u00f8rudstyr<\/h3>\n<p>I gravemaskiner er bomcylindre afg\u00f8rende for gravning, lastning og flytning af jord eller affald. Den hydrauliske funktion g\u00f8r det muligt for f\u00f8reren at man\u00f8vrere skovlen med pr\u00e6cision, hvilket er afg\u00f8rende for byggeopgaver, der kr\u00e6ver pr\u00e6cision i dybde og materialeplacering. Muligheden for at l\u00f8fte og s\u00e6nke skovlen effektivt g\u00f8r arbejdsprocesserne hurtigere, hvilket f\u00f8rer til \u00f8get produktivitet p\u00e5 byggepladser.<\/p>\n<h3>2. Landbrugsmaskiner<\/h3>\n<p>Bomcylindre, der bruges i frontl\u00e6ssere, letter opgravning, l\u00f8ft og transport af jord, h\u00f8 og andre materialer. Deres robuste design muligg\u00f8r tunge l\u00f8ft uden at g\u00e5 p\u00e5 kompromis med maskinens integritet. Det hydrauliske system sikrer, at f\u00f8rere nemt kan h\u00e5ndtere store m\u00e6ngder materialer, hvilket optimerer driftseffektiviteten i landbrugsopgaver.<\/p>\n<h3>3. Gravemaskiner<\/h3>\n<p>I gravemaskiner g\u00f8r bomcylinderen det muligt for skovlen at tr\u00e6nge effektivt ned i jorden og opn\u00e5 den \u00f8nskede udgravningsdybde. Denne funktionalitet er afg\u00f8rende for forskellige byggeopgaver, da den muligg\u00f8r effektiv fjernelse af jord og affald, hvilket forbedrer udgravningsprocessen betydeligt.<\/p>\n<h3>4. L\u00e6ssere<\/h3>\n<p>I frontl\u00e6ssere hj\u00e6lper bomcylinderen med effektivt at l\u00f8fte og t\u00f8mme materialer. Denne funktion er afg\u00f8rende for opgaver som l\u00e6sning af lastbiler eller overf\u00f8rsel af materialer til forskellige steder p\u00e5 stedet, hvilket sikrer, at driften forl\u00f8ber gnidningsl\u00f8st og effektivt.<\/p>\n<h2>Designovervejelser og udv\u00e6lgelsesstandarder<\/h2>\n<h3>Lastkapacitet<\/h3>\n<p>N\u00e5r man v\u00e6lger en bomcylinder, er en af \u200b\u200bde prim\u00e6re overvejelser dens lasteevne. Cylinderen skal kunne h\u00e5ndtere den maksimale v\u00e6gt, den vil blive udsat for under drift. Dette kr\u00e6ver en omhyggelig vurdering af arbejdsforholdene og den type materialer, der h\u00e5ndteres. Producenter angiver typisk belastningsklassificeringer, som b\u00f8r matches med driftskravene for at forhindre fejl.<\/p>\n<h3>Forseglingsevne<\/h3>\n<p>T\u00e6tning er afg\u00f8rende i hydrauliske systemer for at forhindre l\u00e6kager og opretholde trykket. Valget af t\u00e6tninger \u2013 s\u00e5som stempelt\u00e6tninger og stangt\u00e6tninger \u2013 skal tr\u00e6ffes ud fra arbejdsmilj\u00f8et. T\u00e6tninger lavet af materialer som polyurethan og nitrilgummi tilbyder fremragende slidstyrke og bruges almindeligvis i h\u00f8jtydende hydrauliske applikationer. Sikring af korrekt t\u00e6tning vil forl\u00e6nge cylinderens levetid og opretholde driftseffektiviteten.<\/p>\n<h3>Holdbarhed<\/h3>\n<p>Holdbarhed er altafg\u00f8rende i design af hydrauliske cylindre. Faktorer som materialevalg, overfladebehandling og designintegritet bidrager til produktets samlede levetid. Materialer og overfladebel\u00e6gninger af h\u00f8j kvalitet kan forhindre korrosion og slid og dermed sikre p\u00e5lidelig ydeevne over tid. Regelm\u00e6ssig vedligeholdelse og inspektioner kan yderligere forbedre cylinderens holdbarhed og reducere behovet for udskiftninger.<\/p>\n<h3>Sikkerhedsfunktioner<\/h3>\n<p>Sikkerhed er en topprioritet i design af hydrauliske cylindre. Funktioner som trykaflastningsventiler og sikkerhedsl\u00e5se kan forhindre ulykker for\u00e5rsaget af for h\u00f8jt tryk eller mekaniske fejl. Operat\u00f8rer b\u00f8r tr\u00e6nes i at forst\u00e5 disse sikkerhedsmekanismer, sikre korrekt brug af udstyret og reducere risikoen for skader p\u00e5 arbejdspladsen.<\/p>\n<h3>Vedligeholdelsestilg\u00e6ngelighed<\/h3>\n<p>Bomcylinderens design skal give nem adgang under vedligeholdelse. Regelm\u00e6ssige inspektioner og service er afg\u00f8rende for at sikre, at det hydrauliske system fungerer effektivt. Muligheden for hurtigt at udskifte pakninger eller kontrollere v\u00e6skeniveauer kan spare tid og reducere nedetid under drift. Producenter b\u00f8r overveje vedligeholdelseskrav i deres design, hvilket g\u00f8r det nemt for operat\u00f8rerne.<\/p>\n<p><img decoding=\"async\" src=\"https:\/\/www.hydraulic-cylinders.net\/wp-content\/uploads\/2025\/04\/songte-oil-pipes-and-spare-parts.webp\" alt=\"Billede af olier\u00f8r og reservedele\"\/><\/p>\n<h2>T\u00e6tning og sm\u00f8ring<\/h2>\n<p>Effektiv t\u00e6tning og sm\u00f8ring er afg\u00f8rende for hydrauliske cylindres ydeevne. Forskellige t\u00e6tningskomponenter, s\u00e5som stempelt\u00e6tninger og stangt\u00e6tninger, anvendes til at opretholde hydraulisk tryk og forhindre v\u00e6skel\u00e6kage. Valget af t\u00e6tninger lavet af holdbare materialer som polyurethan og nitrilgummi forbedrer slidstyrken betydeligt.<\/p>\n<p>Cylinderhuset og gevindfladerne er omhyggeligt forarbejdet for at forbedre slidstyrken og dermed sikre lang levetid. Regelm\u00e6ssig sm\u00f8ring er afg\u00f8rende; operat\u00f8rer b\u00f8r regelm\u00e6ssigt p\u00e5fylde hydraulikolie for at opretholde optimal ydeevne og reducere friktion i cylinderen. Dette beskytter ikke kun de interne komponenter, men sikrer ogs\u00e5 problemfri drift under belastning.<\/p>\n<h2>Regelm\u00e6ssig inspektion og forebyggende vedligeholdelsesforanstaltninger<\/h2>\n<ul>\n<li><strong>Hyppige inspektioner:<\/strong> Kontroll\u00e9r regelm\u00e6ssigt for tegn p\u00e5 slid eller skader p\u00e5 cylinderen og de omkringliggende komponenter. Se efter oliel\u00e6kager, som kan indikere en t\u00e6tningsfejl, og vurder den generelle tilstand af de hydrauliske ledninger.<\/li>\n<li><strong>Korrekt sm\u00f8ring:<\/strong> S\u00f8rg for, at cylinderen er tilstr\u00e6kkeligt smurt. Brug den anbefalede type hydraulikolie, og p\u00e5f\u00f8r den i henhold til producentens anvisninger for at opretholde optimal ydeevne.<\/li>\n<li><strong>Udskiftning af pakning:<\/strong> Overv\u00e5g pakningernes tilstand, og udskift dem efter behov. Nedbrudte pakninger kan f\u00f8re til v\u00e6skel\u00e6kager og forringet ydeevne, s\u00e5 rettidig udskiftning er afg\u00f8rende for at opretholde cylinderens integritet.<\/li>\n<\/ul>\n<h2>Installationsvejledning<\/h2>\n<p>Korrekt installation af bomcylinderen er afg\u00f8rende for at sikre dens funktionalitet og levetid. Start med at sikre, at arbejdsomr\u00e5det er rent og fri for snavs. Juster cylinderen korrekt med monteringsbeslagene, og fastg\u00f8r den med passende installationsv\u00e6rkt\u00f8j for at forhindre forkert justering.<\/p>\n<p>Brug de anbefalede momentspecifikationer for monteringsbolte for at sikre en sikker montering. Kontroller de hydrauliske forbindelser for at undg\u00e5 l\u00e6kager; s\u00f8rg for, at alle fittings er t\u00e6tte og korrekt monteret. Efter installation skal systemet inspiceres for tegn p\u00e5 l\u00e6kager eller unormal drift, f\u00f8r udstyret tages i brug.<\/p>\n<h2>Almindelige vedligeholdelsesopgaver<\/h2>\n<h3>1. Regelm\u00e6ssige inspektioner<\/h3>\n<p>Udf\u00f8r regelm\u00e6ssige inspektioner for at identificere slid eller skader tidligt. Se efter tegn p\u00e5 l\u00e6kager omkring t\u00e6tninger og forbindelser, og vurder den generelle tilstand af cylinderen og det hydrauliske system. Tidlig opdagelse af problemer kan forhindre mere alvorlige problemer senere hen.<\/p>\n<h3>2. Passende sm\u00f8ring<\/h3>\n<p>S\u00f8rg for, at cylinderen er smurt i henhold til producentens specifikationer. Korrekt sm\u00f8ring reducerer friktion og slid p\u00e5 bev\u00e6gelige dele, hvilket forl\u00e6nger den hydrauliske cylinders levetid. Brug hydraulikolie af h\u00f8j kvalitet, og f\u00f8lg de planlagte vedligeholdelsesintervaller for sm\u00f8ring.<\/p>\n<h3>3. Udskiftning af pakninger og kalibreringskontroller<\/h3>\n<p>Kontroller regelm\u00e6ssigt pakningernes tilstand, og udskift dem efter behov for at forhindre l\u00e6kager. Kalibreringstjek sikrer, at cylinderen fungerer inden for de designede specifikationer, hvilket forhindrer driftsm\u00e6ssig ineffektivitet. Korrekt justering under installationen er afg\u00f8rende; overvej at bruge passende monteringsbeslag til at montere cylinderen sikkert p\u00e5 plads.<\/p>\n<p><img decoding=\"async\" src=\"https:\/\/www.hydraulic-cylinders.net\/wp-content\/uploads\/2025\/04\/songte-chushion-collar.webp\" alt=\"Billede af pudekrave\"\/><\/p>\n<h2>Sikkerhedshensyn og milj\u00f8faktorer<\/h2>\n<p>N\u00e5r man arbejder med hydrauliske cylindre, er det afg\u00f8rende at overholde sikkerhedsforanstaltningerne. Operat\u00f8rer b\u00f8r v\u00e6re opl\u00e6rt i sikker h\u00e5ndtering og betjening af hydraulisk udstyr. S\u00f8rg for, at alle sikkerhedsanordninger fungerer, herunder trykaflastningsventiler, for at forhindre ulykker for\u00e5rsaget af uventede trykstigninger. Derudover skal man opretholde et rent og sikkert arbejdsmilj\u00f8 for at minimere farer forbundet med spild eller l\u00e6kager af hydraulisk v\u00e6ske.<\/p>\n<h2>Fejlfinding og almindelige problemer<\/h2>\n<ul>\n<li><strong>L\u00e6kage:<\/strong> Hvis du bem\u00e6rker l\u00e6kage af hydraulikv\u00e6ske, kan det v\u00e6re tegn p\u00e5 slidte pakninger eller l\u00f8se forbindelser. Unders\u00f8g pakninger og fittings for skader, og udskift dem efter behov.<\/li>\n<li><strong>Reduceret ydeevne:<\/strong> Hvis bomcylinderen ikke reagerer som forventet, skal du kontrollere for lave hydraulikv\u00e6skeniveauer eller luft i systemet. Det kan v\u00e6re n\u00f8dvendigt at udlufte systemet for at fjerne luft i systemet.<\/li>\n<li><strong>Us\u00e6dvanlige lyde:<\/strong> Hvis der opst\u00e5r m\u00e6rkelige lyde under drift, kan det v\u00e6re tegn p\u00e5 indvendig slitage eller skade. Der b\u00f8r udf\u00f8res en grundig inspektion for at identificere og afhj\u00e6lpe problemet.<\/li>\n<\/ul>\n<h2>Tips til h\u00e5ndtering af fejl<\/h2>\n<p>For effektivt at diagnosticere og l\u00f8se problemer med bomcylinderen b\u00f8r operat\u00f8rer regelm\u00e6ssigt gennemg\u00e5 ydelsesdata og udf\u00f8re inspektioner. Udvikle en forebyggende vedligeholdelsesplan for at identificere potentielle problemer, f\u00f8r de f\u00f8rer til betydelige fejl. Tr\u00e6ning af personale i almindelige fejl og deres l\u00f8sninger kan ogs\u00e5 forbedre driftseffektiviteten og sikkerheden.<\/p>\n<p><img decoding=\"async\" src=\"https:\/\/www.hydraulic-cylinders.net\/wp-content\/uploads\/2025\/04\/songte-bushings-with-all-kinds-of-excavator-models.webp\" alt=\"B\u00f8sninger Billede\"\/><\/p>\n<h2>Virksomhedsoversigt<\/h2>\n<p>Vi er en producent, der specialiserer os i udskiftningshydrauliske cylindre, og tilbyder et omfattende udvalg af produkter for at blive en af \u200b\u200bde f\u00f8rende producenter og grossistdistribut\u00f8rer p\u00e5 det indenlandske og internationale marked. Vores engagement i exceptionel kvalitet underst\u00f8ttes af en sofistikeret produktionsstyringsstrategi, der udnytter kvalificeret teknisk personale, avanceret digitalt produktionsudstyr og professionelle testsystemer.<\/p>\n<p>Ved l\u00f8bende at forbedre vores produktionsplatform sikrer vi, at vores produkter lever op til h\u00f8je produktionsstandarder. Vores robuste kreative evner g\u00f8r det muligt for os at levere effektive, pr\u00e6cise og h\u00f8jkvalitetsl\u00f8sninger, der er skr\u00e6ddersyet til at im\u00f8dekomme vores kunders forskellige behov.<\/p>\n<p><img decoding=\"async\" src=\"https:\/\/www.hydraulic-cylinders.net\/wp-content\/uploads\/2025\/04\/songte-company-4.webp\" alt=\"Firmabillede 1\"\/><br \/>\n<img decoding=\"async\" src=\"https:\/\/www.hydraulic-cylinders.net\/wp-content\/uploads\/2025\/04\/songte-company-3.webp\" alt=\"Virksomhedsbillede 2\"\/><\/p>\n<p>Forfatter: lyl<\/p>","protected":false},"excerpt":{"rendered":"<p>Boom Cylinder For XGMA Small Excavator XG806 Product Overview The Boom Cylinder for XGMA Small Excavator XG806 is a crucial component in hydraulic systems, specifically designed to control the movement of buckets in various heavy machinery including excavators, backhoe loaders, and front loaders. This hydraulic cylinder facilitates the lifting, lowering, and tilting of the bucket, [&hellip;]<\/p>","protected":false},"featured_media":17875,"comment_status":"open","ping_status":"closed","template":"","meta":{"_et_pb_use_builder":"","_et_pb_old_content":"","_et_gb_content_width":""},"product_brand":[],"product_cat":[1546],"product_tag":[1547,1496],"class_list":{"0":"post-19310","1":"product","2":"type-product","3":"status-publish","4":"has-post-thumbnail","6":"product_cat-boom-cylinders","7":"product_tag-boom-cylinders","8":"product_tag-hydraulic-cylinders","10":"first","11":"instock","12":"shipping-taxable","13":"product-type-simple"},"amp_enabled":true,"_links":{"self":[{"href":"https:\/\/www.hydraulic-cylinders.net\/da\/wp-json\/wp\/v2\/product\/19310","targetHints":{"allow":["GET"]}}],"collection":[{"href":"https:\/\/www.hydraulic-cylinders.net\/da\/wp-json\/wp\/v2\/product"}],"about":[{"href":"https:\/\/www.hydraulic-cylinders.net\/da\/wp-json\/wp\/v2\/types\/product"}],"replies":[{"embeddable":true,"href":"https:\/\/www.hydraulic-cylinders.net\/da\/wp-json\/wp\/v2\/comments?post=19310"}],"wp:featuredmedia":[{"embeddable":true,"href":"https:\/\/www.hydraulic-cylinders.net\/da\/wp-json\/wp\/v2\/media\/17875"}],"wp:attachment":[{"href":"https:\/\/www.hydraulic-cylinders.net\/da\/wp-json\/wp\/v2\/media?parent=19310"}],"wp:term":[{"taxonomy":"product_brand","embeddable":true,"href":"https:\/\/www.hydraulic-cylinders.net\/da\/wp-json\/wp\/v2\/product_brand?post=19310"},{"taxonomy":"product_cat","embeddable":true,"href":"https:\/\/www.hydraulic-cylinders.net\/da\/wp-json\/wp\/v2\/product_cat?post=19310"},{"taxonomy":"product_tag","embeddable":true,"href":"https:\/\/www.hydraulic-cylinders.net\/da\/wp-json\/wp\/v2\/product_tag?post=19310"}],"curies":[{"name":"wp","href":"https:\/\/api.w.org\/{rel}","templated":true}]}}