{"id":19317,"date":"2025-04-07T06:26:41","date_gmt":"2025-04-07T06:26:41","guid":{"rendered":"https:\/\/www.hydraulic-cylinders.net\/product\/boom-cylinder-for-xgma-middle-excavator-xg822fl\/"},"modified":"2025-04-07T06:26:43","modified_gmt":"2025-04-07T06:26:43","slug":"boom-cylinder-for-xgma-middle-excavator-xg822fl","status":"publish","type":"product","link":"https:\/\/www.hydraulic-cylinders.net\/da\/vare\/boom-cylinder-for-xgma-middle-excavator-xg822fl\/","title":{"rendered":"Bomcylinder til XGMA mellemgraver XG822FL"},"content":{"rendered":"<h1>Bomcylinder til XGMA mellemgraver XG822FL<\/h1>\n<h2>Introduktion til bomcylinder<\/h2>\n<p>Bomcylinderen er en kritisk komponent i tungt maskineri, specielt designet til XGMA-mellemgravemaskinen XG822FL. Denne hydrauliske cylinder styrer bommens bev\u00e6gelse, hvilket g\u00f8r det muligt for f\u00f8reren at udf\u00f8re forskellige opgaver s\u00e5som at l\u00f8fte, s\u00e6nke og vippe bommen effektivt. Funktionaliteten af \u200b\u200ben bomcylinder er afg\u00f8rende for effektiv drift i bygge- og graveprojekter. Den fungerer i et hydraulisk system, der bruger tryksat v\u00e6ske til at skabe bev\u00e6gelse og kraft. Dette g\u00f8r det muligt for tungt maskineri at udf\u00f8re opgaver, der ellers ville kr\u00e6ve betydelig manuel indsats, hvilket forbedrer produktiviteten og sikkerheden p\u00e5 arbejdspladserne.<\/p>\n<p><img decoding=\"async\" src=\"https:\/\/www.hydraulic-cylinders.net\/wp-content\/uploads\/2025\/04\/songte-company-1.webp\" alt=\"Billede af bomcylinder\"><\/p>\n<h2>Funktioner ved bomcylinderen<\/h2>\n<ul>\n<li><strong>H\u00f8j styrke og holdbarhed:<\/strong> Bomcylinderen er konstrueret af h\u00f8jstyrkest\u00e5l eller aluminium og er designet til at modst\u00e5 h\u00f8je tryk og tunge belastninger, hvilket g\u00f8r den velegnet til barske arbejdsmilj\u00f8er. Den er konstrueret til slidstyrke og korrosionsbeskyttelse, hvilket resulterer i en forl\u00e6nget levetid.<\/li>\n<li><strong>Effektiv hydraulisk drift:<\/strong> Cylinderen bruger hydraulisk v\u00e6sketryk til j\u00e6vn ud- og indtr\u00e6kning, hvilket giver mulighed for hurtig reaktion p\u00e5 f\u00f8rerens kommandoer, samtidig med at den leverer betydelige skubbe- og tr\u00e6kkr\u00e6fter, der er egnede til h\u00e5ndtering af tunge materialer og komplekse opgaver.<\/li>\n<li><strong>Forskellige typer:<\/strong> Mulighederne omfatter enkeltvirkende cylindre (der fungerer i \u00e9n retning) og dobbeltvirkende cylindre (der fungerer i begge retninger) for at im\u00f8dekomme forskellige driftsbehov. Nogle modeller er teleskopiske, hvilket muligg\u00f8r st\u00f8rre udtr\u00e6k uden at \u00f8ge de udvendige dimensioner, hvilket er ideelt til applikationer med begr\u00e6nset plads.<\/li>\n<li><strong>Alsidige anvendelser:<\/strong> Bomcylinderen kan bruges i forskellige maskiner, hvilket forbedrer dens anvendelighed p\u00e5 tv\u00e6rs af forskellige sektorer.<\/li>\n<li><strong>Specialfremstilling:<\/strong> Vores produkter kan perfekt erstatte eksisterende hydrauliske cylindre med tilsvarende eller bedre ydeevne, hvilket sikrer kompatibilitet og p\u00e5lidelighed.<\/li>\n<\/ul>\n<p><img decoding=\"async\" src=\"https:\/\/www.hydraulic-cylinders.net\/wp-content\/uploads\/2025\/04\/songte-cylinder-head-with-all-kinds-excavator-models.webp\" alt=\"Hydraulisk cylinder til gravemaskiner\"><\/p>\n<h2>Anvendelser af bomcylinder<\/h2>\n<h3>Entrepren\u00f8rudstyr<\/h3>\n<p>I gravemaskiner er bomcylindre afg\u00f8rende for gravning, lastning og flytning af jord eller affald. Deres design muligg\u00f8r pr\u00e6cis kraftp\u00e5f\u00f8ring, hvilket g\u00f8r det muligt for f\u00f8rere at h\u00e5ndtere store m\u00e6ngder materiale effektivt. I rendegravere hj\u00e6lper bomcylinderen ikke kun med udgravning, men ogs\u00e5 med l\u00f8fteoperationer, hvilket forbedrer produktiviteten p\u00e5 byggepladser.<\/p>\n<h3>Landbrugsmaskiner<\/h3>\n<p>I frontl\u00e6ssere er bomcylindre afg\u00f8rende for at opgrave, l\u00f8fte og transportere jord, h\u00f8 og andre materialer. Den hydrauliske kraft, som disse cylindre leverer, muligg\u00f8r problemfri drift, hvilket g\u00f8r dem uundv\u00e6rlige i landbrugsarbejdsgange, hvor tid og effektivitet er altafg\u00f8rende.<\/p>\n<h3>Gravemaskiner<\/h3>\n<p>I gravemaskiner g\u00f8r bomcylinderen det muligt for skovlen at tr\u00e6nge effektivt ned i jorden, hvilket letter graveprocessen. Den hydrauliske mekanisme giver mulighed for pr\u00e6cis kontrol over udgravningsdybden og -vinklen, hvilket er afg\u00f8rende for forskellige forhold p\u00e5 stedet og projektkrav.<\/p>\n<h3>L\u00e6ssere<\/h3>\n<p>Frontl\u00e6ssere bruger bomcylindre til at hj\u00e6lpe med at l\u00f8fte og losse last effektivt. Bomcylinderens design sikrer, at tunge materialer kan h\u00e5ndteres pr\u00e6cist, hvilket forbedrer driftseffektiviteten betydeligt og reducerer den fysiske belastning af f\u00f8reren.<\/p>\n<h2>Designovervejelser og udv\u00e6lgelseskriterier<\/h2>\n<ul>\n<li><strong>Belastningskapacitet:<\/strong> Designet af en bomcylinder skal tage h\u00f8jde for den maksimale belastning, den kan b\u00e6re. Dette indeb\u00e6rer at analysere materialernes v\u00e6gt og sikre, at cylinderen kan h\u00e5ndtere de tilsvarende tryk og kr\u00e6fter uden at svigte.<\/li>\n<li><strong>Forseglingsevne:<\/strong> Effektiv t\u00e6tning er afg\u00f8rende for hydrauliske cylindres levetid og effektivitet. Kvalitetst\u00e6tninger forhindrer v\u00e6skel\u00e6kage og kontaminering, hvilket kan f\u00f8re til systemfejl. Valget af t\u00e6tningsmaterialer, s\u00e5som polyurethan og nitrilgummi, spiller en v\u00e6sentlig rolle i cylinderens ydeevne.<\/li>\n<li><strong>Holdbarhed:<\/strong> Bomcylindre b\u00f8r konstrueres til at modst\u00e5 barske driftsforhold. Dette inkluderer modstandsdygtighed over for slid, korrosion og udmattelse over tid. Materialer af h\u00f8j kvalitet og avancerede fremstillingsprocesser bidrager til produktets holdbarhed.<\/li>\n<li><strong>Sikkerhedsfunktioner:<\/strong> Sikkerhedshensyn er altafg\u00f8rende i hydrauliske systemer. Bomcylindre b\u00f8r v\u00e6re udstyret med sikkerhedsmekanismer, der forhindrer utilsigtet aktivering og giver sikkerhedsforanstaltninger i tilf\u00e6lde af tryktab eller mekanisk svigt.<\/li>\n<li><strong>Vedligeholdelsestilg\u00e6ngelighed:<\/strong> Et design, der muligg\u00f8r nem vedligeholdelse og inspektion, kan forl\u00e6nge bomcylinderens levetid betydeligt. Komponenterne skal v\u00e6re tilg\u00e6ngelige for rutinem\u00e6ssige kontroller og reparationer uden omfattende demontering.<\/li>\n<\/ul>\n<p><img decoding=\"async\" src=\"https:\/\/www.hydraulic-cylinders.net\/wp-content\/uploads\/2025\/04\/songte-oil-pipes-and-spare-parts.webp\" alt=\"Hydrauliske dele\"><\/p>\n<h2>T\u00e6tning og sm\u00f8ring af cylinderen<\/h2>\n<p>For at sikre optimal ydeevne anvendes forskellige t\u00e6tningskomponenter i bomcylindre, herunder stempelt\u00e6tninger og stangt\u00e6tninger. Valget af t\u00e6tningsmaterialer, s\u00e5som polyurethan eller nitrilgummi af h\u00f8j kvalitet, er afg\u00f8rende for at opretholde hydraulisk integritet og forhindre l\u00e6kager. Cylinderhuset og gevindfladerne gennemg\u00e5r fine bearbejdningsprocesser for at forbedre slidstyrken og den samlede holdbarhed. Regelm\u00e6ssig sm\u00f8ring med hydraulikolie er n\u00f8dvendig for at opretholde cylinderens problemfri drift og forhindre for tidligt slid p\u00e5 de indvendige komponenter. Korrekt sm\u00f8ring hj\u00e6lper ogs\u00e5 med at afk\u00f8le det hydrauliske system, hvilket yderligere forl\u00e6nger dets levetid.<\/p>\n<h2>Forebyggende vedligeholdelsesforanstaltninger<\/h2>\n<ul>\n<li><strong>Regelm\u00e6ssige inspektioner:<\/strong> Hyppige kontroller for slid, l\u00e6kager eller tegn p\u00e5 funktionsfejl kan hj\u00e6lpe med at identificere problemer, f\u00f8r de bliver alvorlige. Dette omfatter unders\u00f8gelse af t\u00e6tninger, stangintegritet og hydrauliske forbindelser.<\/li>\n<li><strong>Passende sm\u00f8ring:<\/strong> Det er afg\u00f8rende at sikre, at cylinderen er tilstr\u00e6kkeligt smurt med den rigtige hydraulikolie. Regelm\u00e6ssige olieskift og kontrol for snavs kan forbedre ydeevne og holdbarhed.<\/li>\n<li><strong>Udskiftning af pakning:<\/strong> Pakninger b\u00f8r udskiftes med j\u00e6vne mellemrum afh\u00e6ngigt af driftsmilj\u00f8et og brugshyppigheden. Slidte pakninger kan f\u00f8re til betydeligt tab af hydraulisk v\u00e6ske, hvilket p\u00e5virker systemets samlede effektivitet.<\/li>\n<\/ul>\n<h2>Installationsvejledning<\/h2>\n<p>Korrekt installation af bomcylinderen er afg\u00f8rende for optimal ydeevne og levetid. Under installationen skal det sikres, at cylinderen er korrekt justeret i forhold til maskineriet for at forhindre un\u00f8dig belastning p\u00e5 cylinderen og dens beslag. Brug passende monteringsbeslag til at fastg\u00f8re cylinderen forsvarligt p\u00e5 plads og undg\u00e5 bev\u00e6gelse, der kan f\u00f8re til forkert justering. Det er ogs\u00e5 vigtigt at f\u00f8lge producentens specifikationer vedr\u00f8rende hydrauliske forbindelser og momentindstillinger for at sikre en l\u00e6kagefri ops\u00e6tning. Efter installationen skal du udf\u00f8re en grundig kontrol for tegn p\u00e5 l\u00e6kage og teste det hydrauliske system for at bekr\u00e6fte korrekt drift.<\/p>\n<h2>Vedligeholdelsesopgaver<\/h2>\n<ul>\n<li><strong>Regelm\u00e6ssige kontroller:<\/strong> Udf\u00f8r rutinem\u00e6ssige inspektioner for at identificere potentielle problemer tidligt. Se efter l\u00e6kager, us\u00e6dvanlige lyde og tegn p\u00e5 slid p\u00e5 pakninger og st\u00e6nger.<\/li>\n<li><strong>Korrekt sm\u00f8ring:<\/strong> S\u00f8rg for, at hydraulikolien er p\u00e5 det korrekte niveau, og udskift den efter behov for at opretholde optimale sm\u00f8reforhold.<\/li>\n<li><strong>Udskiftning og kalibrering af pakning:<\/strong> Udskift regelm\u00e6ssigt pakninger, der viser tegn p\u00e5 slid, og kontroller kalibreringen af \u200b\u200bdet hydrauliske system for at sikre, at det fungerer korrekt. Et forkert kalibreret system kan f\u00f8re til ineffektivitet og potentiel skade.<\/li>\n<\/ul>\n<h2>Sikkerhedshensyn og milj\u00f8faktorer<\/h2>\n<p>Ved brug af bomcylindre er sikkerhedsforanstaltninger afg\u00f8rende for at forhindre ulykker og sikre et sikkert arbejdsmilj\u00f8. Operat\u00f8rer b\u00f8r tr\u00e6nes i korrekt brug af hydrauliske systemer og de potentielle farer, der er forbundet med dem. Derudover skal der udvises omhu med at overholde milj\u00f8forskrifterne og sikre, at hydrauliske v\u00e6sker h\u00e5ndteres ansvarligt for at forhindre forurening af jord og vandkilder. Der b\u00f8r v\u00e6re passende indd\u00e6mningsforanstaltninger p\u00e5 plads til at h\u00e5ndtere eventuelle l\u00e6kager eller spild, der m\u00e5tte opst\u00e5 under drift eller vedligeholdelse.<\/p>\n<h2>Fejldiagnose og almindelige problemer<\/h2>\n<ul>\n<li><strong>L\u00e6kage:<\/strong> Et af de mest almindelige problemer med hydrauliske cylindre er l\u00e6kage fra pakninger eller fittings. Dette kan f\u00f8re til reduceret ydeevne og effektivitet. Regelm\u00e6ssig inspektion af pakninger og forbindelser er n\u00f8dvendig for at identificere og afhj\u00e6lpe l\u00e6kager hurtigt.<\/li>\n<li><strong>Uresponsiv bev\u00e6gelse:<\/strong> Hvis bomcylinderen ikke reagerer som forventet, kan det v\u00e6re tegn p\u00e5 problemer med hydraulisk tryk eller intern skade. Diagnosticering af hydrauliksystemet og kontrol af forhindringer eller blokeringer kan hj\u00e6lpe med at afhj\u00e6lpe problemet.<\/li>\n<li><strong>Overdreven st\u00f8j:<\/strong> Us\u00e6dvanlige lyde under drift kan v\u00e6re tegn p\u00e5 slid eller skade i cylinderen eller det hydrauliske system. Unders\u00f8gelse af kilden til st\u00f8jen og udskiftning af slidte komponenter kan forhindre yderligere skader.<\/li>\n<\/ul>\n<h2>Tips til fejlfinding<\/h2>\n<p>For effektivt at diagnosticere og l\u00f8se problemer med bomcylinderen skal du overveje f\u00f8lgende fejlfindingstips: F\u00f8rst skal du regelm\u00e6ssigt kontrollere for tegn p\u00e5 l\u00e6kager eller skader. Afhj\u00e6lp eventuelle l\u00e6kager, s\u00e5 snart de identificeres, for at forhindre tab af hydraulikv\u00e6ske. For det andet skal du s\u00f8rge for, at det hydrauliske tryk er inden for det anbefalede omr\u00e5de for optimal ydeevne. Hvis trykket er lavt, skal du unders\u00f8ge mulige \u00e5rsager, s\u00e5som blokerede ledninger eller slidte komponenter. Endelig skal du opretholde et rent arbejdsmilj\u00f8 for at forhindre forurenende stoffer i at tr\u00e6nge ind i det hydrauliske system, hvilket kan f\u00f8re til slid og funktionsfejl over tid.<\/p>\n<p><img decoding=\"async\" src=\"https:\/\/www.hydraulic-cylinders.net\/wp-content\/uploads\/2025\/04\/songte-bushings-with-all-kinds-of-excavator-models.webp\" alt=\"Gravemaskineb\u00f8sninger\"><\/p>\n<h2>Om vores virksomhed<\/h2>\n<p>Vi er en f\u00f8rende producent af hydrauliske udskiftningscylindre og tilbyder en bred vifte af produkter, der henvender sig til b\u00e5de indenlandske og internationale markeder. Vores engagement i ekspertise afspejles i vores omhyggelige fremstillingsprocesser og fokus p\u00e5 produktion af h\u00f8j kvalitet. Ved at udnytte avanceret teknologi, dygtigt personale og robuste produktionsstyringsstrategier forbedrer vi l\u00f8bende vores produktionskapaciteter for at im\u00f8dekomme vores kunders forskellige behov. Vores produkter er designet med pr\u00e6cision og konstrueret til p\u00e5lidelighed, hvilket sikrer, at vi leverer l\u00f8sninger i topklasse.<\/p>\n<p><img decoding=\"async\" src=\"https:\/\/www.hydraulic-cylinders.net\/wp-content\/uploads\/2025\/04\/songte-company-4.webp\" alt=\"Virksomhedens image\"><br \/>\n<img decoding=\"async\" src=\"https:\/\/www.hydraulic-cylinders.net\/wp-content\/uploads\/2025\/04\/songte-company-3.webp\" alt=\"Virksomhedens image\"><\/p>\n<h2>Konklusion<\/h2>\n<p>Med et omfattende udvalg af hydrauliske cylindre og fokus p\u00e5 kvalitet er vi forpligtet til at levere p\u00e5lidelige produkter, der opfylder vores kunders behov. Vores internationale certificeringer, kundetilpassede tjenester, avancerede produktionsudstyr og dedikerede eftersalgssupport understreger vores position som en betroet partner i hydraulikcylinderindustrien.<\/p>\n<p>Forfatter: lyl<\/p>","protected":false},"excerpt":{"rendered":"<p>Boom Cylinder For XGMA Middle Excavator XG822FL Introduction to Boom Cylinder The Boom Cylinder is a critical component of heavy machinery, specifically designed for the XGMA Middle Excavator XG822FL. This hydraulic cylinder controls the movement of the boom, enabling the operator to perform various tasks such as lifting, lowering, and tilting the boom effectively. The [&hellip;]<\/p>","protected":false},"featured_media":17867,"comment_status":"open","ping_status":"closed","template":"","meta":{"_et_pb_use_builder":"","_et_pb_old_content":"","_et_gb_content_width":""},"product_brand":[],"product_cat":[1546],"product_tag":[1547,1496],"class_list":{"0":"post-19317","1":"product","2":"type-product","3":"status-publish","4":"has-post-thumbnail","6":"product_cat-boom-cylinders","7":"product_tag-boom-cylinders","8":"product_tag-hydraulic-cylinders","10":"first","11":"instock","12":"shipping-taxable","13":"product-type-simple"},"amp_enabled":true,"_links":{"self":[{"href":"https:\/\/www.hydraulic-cylinders.net\/da\/wp-json\/wp\/v2\/product\/19317","targetHints":{"allow":["GET"]}}],"collection":[{"href":"https:\/\/www.hydraulic-cylinders.net\/da\/wp-json\/wp\/v2\/product"}],"about":[{"href":"https:\/\/www.hydraulic-cylinders.net\/da\/wp-json\/wp\/v2\/types\/product"}],"replies":[{"embeddable":true,"href":"https:\/\/www.hydraulic-cylinders.net\/da\/wp-json\/wp\/v2\/comments?post=19317"}],"wp:featuredmedia":[{"embeddable":true,"href":"https:\/\/www.hydraulic-cylinders.net\/da\/wp-json\/wp\/v2\/media\/17867"}],"wp:attachment":[{"href":"https:\/\/www.hydraulic-cylinders.net\/da\/wp-json\/wp\/v2\/media?parent=19317"}],"wp:term":[{"taxonomy":"product_brand","embeddable":true,"href":"https:\/\/www.hydraulic-cylinders.net\/da\/wp-json\/wp\/v2\/product_brand?post=19317"},{"taxonomy":"product_cat","embeddable":true,"href":"https:\/\/www.hydraulic-cylinders.net\/da\/wp-json\/wp\/v2\/product_cat?post=19317"},{"taxonomy":"product_tag","embeddable":true,"href":"https:\/\/www.hydraulic-cylinders.net\/da\/wp-json\/wp\/v2\/product_tag?post=19317"}],"curies":[{"name":"wp","href":"https:\/\/api.w.org\/{rel}","templated":true}]}}