{"id":19376,"date":"2025-04-07T06:31:08","date_gmt":"2025-04-07T06:31:08","guid":{"rendered":"https:\/\/www.hydraulic-cylinders.net\/product\/boom-cylinder-for-sdlg-large-excavator-lg6300\/"},"modified":"2025-04-07T06:31:11","modified_gmt":"2025-04-07T06:31:11","slug":"boom-cylinder-for-sdlg-large-excavator-lg6300","status":"publish","type":"product","link":"https:\/\/www.hydraulic-cylinders.net\/da\/vare\/boom-cylinder-for-sdlg-large-excavator-lg6300\/","title":{"rendered":"Bomcylinder til SDLG stor gravemaskine LG6300"},"content":{"rendered":"<h1>Bomcylinder til SDLG stor gravemaskine LG6300<\/h1>\n<h2>Introduktion til bomcylinder<\/h2>\n<p>Bomcylinderen til SDLG-gravemaskinen LG6300 er en afg\u00f8rende komponent i det hydrauliske system i tunge maskiner. Denne hydrauliske cylinder er specielt designet til at styre bev\u00e6gelsen af \u200b\u200bgravemaskinens bom, s\u00e5 den kan forl\u00e6nges, tr\u00e6kkes tilbage og drejes, hvilket letter effektive materialeh\u00e5ndteringsopgaver. Med evnen til at betjene forskellige redskaber spiller bomcylinderen en afg\u00f8rende rolle i at forbedre effektiviteten og produktiviteten af \u200b\u200bgravearbejdet.<\/p>\n<p><img decoding=\"async\" src=\"https:\/\/www.hydraulic-cylinders.net\/wp-content\/uploads\/2025\/04\/songte-company-1.webp\" alt=\"Bomcylinder\"><\/p>\n<h3>Definition og oversigt<\/h3>\n<p>Bomcylinderen er en type hydraulisk cylinder, der bruges til at styre bev\u00e6gelsen af \u200b\u200bbomarmen p\u00e5 tunge maskiner s\u00e5som gravemaskiner, rendegravere og frontl\u00e6ssere. Den g\u00f8r det muligt for bommen at l\u00f8fte, s\u00e6nke og vippe, hvilket g\u00f8r den uundv\u00e6rlig til forskellige materialeh\u00e5ndteringsoperationer. Disse cylindre er konstrueret til at modst\u00e5 h\u00f8je tryk og belastninger, hvilket sikrer p\u00e5lidelig ydeevne i kr\u00e6vende milj\u00f8er. Deres evne til at lette komplekse bev\u00e6gelser er afg\u00f8rende for opgaver som gravning, l\u00f8ft og transport af materialer.<\/p>\n<h2>Funktioner ved bomcylinderen<\/h2>\n<ul>\n<li><strong>H\u00f8j styrke og holdbarhed:<\/strong> Disse cylindre er konstrueret af h\u00f8jstyrkest\u00e5l eller aluminium og er designet til at modst\u00e5 h\u00f8jt tryk og tunge belastninger, samtidig med at de er modstandsdygtige over for barske arbejdsforhold, hvilket forl\u00e6nger deres levetid.<\/li>\n<li><strong>Effektiv hydraulisk drift:<\/strong> Ved at udnytte hydraulisk olietryk muligg\u00f8r bomcylinderen j\u00e6vn ud- og indtr\u00e6kning, reagerer hurtigt p\u00e5 f\u00f8rerens kommandoer og yder en betydelig skubbe- og tr\u00e6kkraft, der er n\u00f8dvendig for at h\u00e5ndtere tunge belastninger.<\/li>\n<li><strong>Forskellige typer:<\/strong> Disse cylindre f\u00e5s i enkeltvirkende (hydraulisk drift i \u00e9n retning) eller dobbeltvirkende (i begge retninger) konfigurationer og kan opfylde forskellige driftsbehov. Nogle modeller har teleskopiske designs for udvidet r\u00e6kkevidde uden at \u00f8ge de udvendige dimensioner.<\/li>\n<li><strong>Tilpassede muligheder:<\/strong> Forskellige specifikationer kan skr\u00e6ddersys for at opfylde de unikke krav for specifikke udstyrstyper, hvilket sikrer optimal ydeevne p\u00e5 tv\u00e6rs af forskellige applikationer.<\/li>\n<li><strong>Forbedrede sikkerhedsfunktioner:<\/strong> Udstyret med avancerede sikkerhedsmekanismer for at forhindre hydrauliske fejl og sikre f\u00f8rerens sikkerhed under drift.<\/li>\n<\/ul>\n<h3>Vores produktionskapaciteter<\/h3>\n<p>Vi specialiserer os i at producere bomcylindre af h\u00f8j kvalitet, der kan tjene som perfekte erstatninger for eksisterende hydrauliske cylindre. Vores produkter er konstrueret til at opfylde og overg\u00e5 branchestandarder, hvilket sikrer optimal ydeevne og p\u00e5lidelighed.<\/p>\n<p><img decoding=\"async\" src=\"https:\/\/www.hydraulic-cylinders.net\/wp-content\/uploads\/2025\/04\/songte-cylinder-head-with-all-kinds-excavator-models.webp\" alt=\"Gravemaskinemodeller\"><\/p>\n<h2>Applikationsscenarier<\/h2>\n<h3>Entrepren\u00f8rudstyr<\/h3>\n<p>I gravemaskiner er bomcylindre afg\u00f8rende for gravning, lastning og flytning af jord eller affald. Den pr\u00e6cise bev\u00e6gelse, der muligg\u00f8res af disse cylindre, g\u00f8r det muligt for operat\u00f8rer at udf\u00f8re komplekse opgaver effektivt. I rendegravere hj\u00e6lper bomcylinderen med b\u00e5de udgravning og l\u00f8ft, hvilket giver \u00f8get alsidighed i byggeprojekter.<\/p>\n<h3>Landbrugsmaskiner<\/h3>\n<p>Bomcylindre, der bruges i frontl\u00e6ssere, er afg\u00f8rende for at opsamle, l\u00f8fte og transportere jord, h\u00f8 og andre materialer. Deres robuste design sikrer p\u00e5lidelig ydeevne, selv under barske landbrugsforhold, hvilket g\u00f8r dem uundv\u00e6rlige for landbrugsdrift.<\/p>\n<h3>Gravemaskiner<\/h3>\n<p>I gravemaskiner tillader bomcylinderen skovlen at tr\u00e6nge ned i jorden, hvilket muligg\u00f8r effektive gravehandlinger. Den hydrauliske kraft g\u00f8r det muligt for f\u00f8reren at h\u00e5ndtere forskellige jordtyper og dybder, hvilket forbedrer produktiviteten p\u00e5 arbejdsstedet.<\/p>\n<h3>L\u00e6ssere<\/h3>\n<p>I frontl\u00e6ssere bidrager bomcylindre til effektiv l\u00f8ftning og t\u00f8mning af laster. Deres design muligg\u00f8r j\u00e6vne overgange mellem l\u00f8fte- og t\u00f8mningspositioner, hvilket g\u00f8r dem afg\u00f8rende for materialeh\u00e5ndteringsopgaver.<\/p>\n<h2>Designovervejelser og udv\u00e6lgelseskriterier<\/h2>\n<h3>Lastkapacitet<\/h3>\n<p>N\u00e5r man v\u00e6lger en bomcylinder, er det vigtigt at overveje dens lasteevne. Cylinderen skal kunne h\u00e5ndtere den maksimale belastning, den vil blive udsat for under drift, uden risiko for svigt. Dette inkluderer evaluering af v\u00e6gten af \u200b\u200b\u200b\u200bredskaber og de materialer, der h\u00e5ndteres. Overbelastning kan f\u00f8re til alvorlig skade eller funktionsfejl, hvilket g\u00f8r det afg\u00f8rende at overholde de specificerede belastningsgr\u00e6nser.<\/p>\n<h3>Forseglingsevne<\/h3>\n<p>T\u00e6tningsevne er en anden kritisk designfaktor. T\u00e6tningernes integritet p\u00e5virker hydrauliksystemets effektivitet. T\u00e6tninger af h\u00f8j kvalitet minimerer l\u00e6kage af hydraulisk v\u00e6ske, opretholder trykket og sikrer problemfri drift. Regelm\u00e6ssig inspektion og vedligeholdelse af t\u00e6tninger kan forhindre for tidligt slid og forl\u00e6nge cylinderens levetid.<\/p>\n<h3>Holdbarhed<\/h3>\n<p>Holdbarhed er afg\u00f8rende for bomcylindre, da de ofte uds\u00e6ttes for barske arbejdsforhold. Materialer, der anvendes i konstruktionen, skal v\u00e6re modstandsdygtige over for slid, korrosion og udmattelse. Designet skal tage h\u00f8jde for milj\u00f8faktorer og sikre, at cylinderen kan modst\u00e5 udfordringerne ved tunge applikationer.<\/p>\n<h3>Sikkerhedsfunktioner<\/h3>\n<p>Sikkerhed er altafg\u00f8rende i hydrauliske systemer. Bomcylindre b\u00f8r have funktioner, der forhindrer fejl, s\u00e5som trykaflastningsventiler og gr\u00e6nseafbrydere. Disse komponenter hj\u00e6lper med at beskytte b\u00e5de udstyret og f\u00f8reren og reducerer dermed risikoen for ulykker under drift.<\/p>\n<h3>Vedligeholdelsestilg\u00e6ngelighed<\/h3>\n<p>Design med henblik p\u00e5 vedligeholdelsesadgang sikrer, at operat\u00f8rer nemt kan udf\u00f8re rutinem\u00e6ssige kontroller og service. Dette inkluderer overvejelser om placering af sm\u00f8renipler, inspektionspunkter og det overordnede layout af det hydrauliske system. Nem adgang fremmer regelm\u00e6ssig vedligeholdelse, hvilket er afg\u00f8rende for at forl\u00e6nge cylinderens levetid.<\/p>\n<p><img decoding=\"async\" src=\"https:\/\/www.hydraulic-cylinders.net\/wp-content\/uploads\/2025\/04\/songte-oil-pipes-and-spare-parts.webp\" alt=\"Olier\u00f8r og reservedele\"><\/p>\n<h2>T\u00e6tning og sm\u00f8ring<\/h2>\n<p>Effektiv t\u00e6tning og sm\u00f8ring er afg\u00f8rende for bomcylindrenes ydeevne. Forskellige t\u00e6tninger, s\u00e5som stempelt\u00e6tninger og stangt\u00e6tninger, bruges til at forhindre l\u00e6kage af hydraulisk v\u00e6ske. Materialer som polyurethan og nitrilgummi er foretrukne p\u00e5 grund af deres holdbarhed og slidstyrke. Korrekt overfladebehandling af cylinderhuset og gevindenderne forbedrer slidstyrken og forst\u00e6rker t\u00e6tningsevnen. Regelm\u00e6ssig sm\u00f8ring med hydraulikolie er n\u00f8dvendig for at sikre problemfri drift og forhindre slid.<\/p>\n<h2>Forebyggende vedligeholdelsesforanstaltninger<\/h2>\n<ul>\n<li><strong>Regelm\u00e6ssige inspektioner:<\/strong> Udf\u00f8r hyppige inspektioner af det hydrauliske system og bomcylinderen for at identificere tegn p\u00e5 slid eller skader. Tidlig opdagelse kan forhindre st\u00f8rre fejl.<\/li>\n<li><strong>Korrekt sm\u00f8ring:<\/strong> S\u00f8rg for, at bomcylinderen er tilstr\u00e6kkeligt smurt med den passende hydraulikolie. Dette reducerer friktion og slid, hvilket forl\u00e6nger cylinderens levetid.<\/li>\n<li><strong>Udskiftning af t\u00e6tning:<\/strong> Kontroll\u00e9r regelm\u00e6ssigt pakningerne for slid, og udskift dem efter behov. Slidte pakninger kan f\u00f8re til l\u00e6kager af hydraulikv\u00e6ske, hvilket forringer systemets ydeevne.<\/li>\n<\/ul>\n<h2>Installationsvejledning<\/h2>\n<p>Korrekt installation af bomcylinderen er afg\u00f8rende for optimal ydeevne. F\u00f8rst skal du s\u00f8rge for, at arbejdsomr\u00e5det er rent og fri for snavs. Juster cylinderen korrekt med monteringsbeslagene, og brug passende installationsv\u00e6rkt\u00f8jer, n\u00e5r det er n\u00f8dvendigt. Fastg\u00f8r cylinderen med de rigtige fastg\u00f8relseselementer, og s\u00f8rg for, at de er sp\u00e6ndt i henhold til producentens specifikationer. Det er afg\u00f8rende at dobbelttjekke justeringen under installationen for at forhindre problemer med forkert justering, der kan f\u00f8re til for tidligt slid eller svigt. Efter installationen skal cylinderen testes uden belastning for at bekr\u00e6fte korrekt drift, f\u00f8r du p\u00e5begynder arbejde i fuld skala.<\/p>\n<h2>Vedligeholdelsesopgaver<\/h2>\n<ul>\n<li><strong>Regelm\u00e6ssige inspektioner:<\/strong> Planl\u00e6g rutinem\u00e6ssige kontroller for at identificere potentielle problemer tidligt. Dette omfatter visuelle inspektioner for l\u00e6kager, slid eller skader.<\/li>\n<li><strong>Korrekt sm\u00f8ring:<\/strong> Etabler en regelm\u00e6ssig sm\u00f8replan med den anbefalede hydraulikolie for at sikre problemfri drift og minimere slid.<\/li>\n<li><strong>Udskiftning af pakning:<\/strong> Overv\u00e5g pakningerne for slid, og planl\u00e6g rettidige udskiftninger for at opretholde den hydrauliske effektivitet og forhindre l\u00e6kager.<\/li>\n<\/ul>\n<p>Korrekt installation, sm\u00f8ring og justering er afg\u00f8rende for bomcylinderens ydeevne. Under installationen skal du s\u00f8rge for, at cylinderen er korrekt justeret, ved hj\u00e6lp af passende beslag til sikker montering. Anbefal regelm\u00e6ssigt kontroller for reparationer og udskiftninger, hvilket kan forl\u00e6nge cylinderens levetid.<\/p>\n<p><img decoding=\"async\" src=\"https:\/\/www.hydraulic-cylinders.net\/wp-content\/uploads\/2025\/04\/songte-chushion-collar.webp\" alt=\"Pudekrave\"><\/p>\n<h2>Sikkerhedshensyn og milj\u00f8faktorer<\/h2>\n<p>N\u00e5r man arbejder med hydrauliske systemer, er sikkerhedsforanstaltninger altafg\u00f8rende. Operat\u00f8rer skal v\u00e6re opl\u00e6rt i korrekt h\u00e5ndtering af hydraulisk udstyr for at undg\u00e5 ulykker. Regelm\u00e6ssige sikkerhedsrevisioner og overholdelse af sikkerhedsprotokoller er afg\u00f8rende for at mindske risici forbundet med betjening af hydrauliske cylindre.<\/p>\n<h2>Fejlfinding og almindelige problemer<\/h2>\n<ul>\n<li><strong>L\u00e6kage:<\/strong> Et af de mest almindelige problemer er l\u00e6kage af hydraulikv\u00e6ske, som kan skyldes slidte pakninger eller forkert installation. Regelm\u00e6ssige kontroller kan hj\u00e6lpe med at identificere og afhj\u00e6lpe dette problem.<\/li>\n<li><strong>Inkonsekvent drift:<\/strong> Hvis bomcylinderen ikke fungerer j\u00e6vnt, kan det v\u00e6re tegn p\u00e5 behov for sm\u00f8ring eller potentiel forurening af hydraulikv\u00e6sken.<\/li>\n<li><strong>Overdreven slid:<\/strong> Hvis der er tegn p\u00e5 overdreven slitage, kan det skyldes forkert justering eller utilstr\u00e6kkelig sm\u00f8ring. Hurtig afhj\u00e6lpning af disse problemer kan forhindre yderligere skader.<\/li>\n<\/ul>\n<p>For effektivt at diagnosticere og h\u00e5ndtere disse problemer er det afg\u00f8rende at f\u00f8lge en systematisk fejlfindingsmetode. Start med at identificere symptomerne, kontrollere v\u00e6skeniveauer, inspicere pakninger og sikre korrekt justering. Forebyggende foranstaltninger s\u00e5som regelm\u00e6ssig vedligeholdelse og overholdelse af driftsretningslinjer kan minimere forekomsten af \u200b\u200bdisse problemer.<\/p>\n<p><img decoding=\"async\" src=\"https:\/\/www.hydraulic-cylinders.net\/wp-content\/uploads\/2025\/04\/songte-bushings-with-all-kinds-of-excavator-models.webp\" alt=\"B\u00f8sninger med gravemaskinemodeller\"><\/p>\n<h2>Virksomhedsoversigt<\/h2>\n<p>Vi er en f\u00f8rende producent af hydrauliske udskiftningscylindre og specialiserer os i et omfattende udvalg af produkter. Vores engagement i ekspertise har positioneret os som en fremtr\u00e6dende akt\u00f8r p\u00e5 b\u00e5de indenlandske og internationale markeder. Vi overholder h\u00f8je kvalitetsstandarder og udnytter avancerede produktionsstrategier og dygtigt teknisk personale til at forbedre vores produktudbud. Vores topmoderne produktionsfaciliteter kombineret med strenge testsystemer sikrer, at vi opfylder vores kunders forskellige behov med effektivitet, pr\u00e6cision og kvalitet.<\/p>\n<p>Med fokus p\u00e5 professionalisme, internationale certificeringer, kundetilpassede tjenester, avanceret produktionsudstyr og dedikeret eftersalgssupport, str\u00e6ber vi efter at levere enest\u00e5ende v\u00e6rdi til vores kunder. Vores st\u00e6rke kompetencer g\u00f8r os i stand til at tilpasse os skiftende markedskrav og levere innovative l\u00f8sninger.<\/p>\n<p><img decoding=\"async\" src=\"https:\/\/www.hydraulic-cylinders.net\/wp-content\/uploads\/2025\/04\/songte-company-4.webp\" alt=\"Virksomhedsoversigt 1\"><\/p>\n<p><img decoding=\"async\" src=\"https:\/\/www.hydraulic-cylinders.net\/wp-content\/uploads\/2025\/04\/songte-company-3.webp\" alt=\"Virksomhedsoversigt 2\"><\/p>\n<p>Forfatter: lyl<\/p>","protected":false},"excerpt":{"rendered":"<p>Boom Cylinder For SDLG Large Excavator LG6300 Introduction to Boom Cylinder The Boom Cylinder for the SDLG Large Excavator LG6300 is a crucial component in the hydraulic system of heavy machinery. This hydraulic cylinder is specifically designed to control the movement of the excavator&#8217;s boom, allowing it to extend, retract, and pivot, thereby facilitating effective [&hellip;]<\/p>","protected":false},"featured_media":17881,"comment_status":"open","ping_status":"closed","template":"","meta":{"_et_pb_use_builder":"","_et_pb_old_content":"","_et_gb_content_width":""},"product_brand":[],"product_cat":[1546],"product_tag":[1547,1496],"class_list":{"0":"post-19376","1":"product","2":"type-product","3":"status-publish","4":"has-post-thumbnail","6":"product_cat-boom-cylinders","7":"product_tag-boom-cylinders","8":"product_tag-hydraulic-cylinders","10":"first","11":"instock","12":"shipping-taxable","13":"product-type-simple"},"amp_enabled":true,"_links":{"self":[{"href":"https:\/\/www.hydraulic-cylinders.net\/da\/wp-json\/wp\/v2\/product\/19376","targetHints":{"allow":["GET"]}}],"collection":[{"href":"https:\/\/www.hydraulic-cylinders.net\/da\/wp-json\/wp\/v2\/product"}],"about":[{"href":"https:\/\/www.hydraulic-cylinders.net\/da\/wp-json\/wp\/v2\/types\/product"}],"replies":[{"embeddable":true,"href":"https:\/\/www.hydraulic-cylinders.net\/da\/wp-json\/wp\/v2\/comments?post=19376"}],"wp:featuredmedia":[{"embeddable":true,"href":"https:\/\/www.hydraulic-cylinders.net\/da\/wp-json\/wp\/v2\/media\/17881"}],"wp:attachment":[{"href":"https:\/\/www.hydraulic-cylinders.net\/da\/wp-json\/wp\/v2\/media?parent=19376"}],"wp:term":[{"taxonomy":"product_brand","embeddable":true,"href":"https:\/\/www.hydraulic-cylinders.net\/da\/wp-json\/wp\/v2\/product_brand?post=19376"},{"taxonomy":"product_cat","embeddable":true,"href":"https:\/\/www.hydraulic-cylinders.net\/da\/wp-json\/wp\/v2\/product_cat?post=19376"},{"taxonomy":"product_tag","embeddable":true,"href":"https:\/\/www.hydraulic-cylinders.net\/da\/wp-json\/wp\/v2\/product_tag?post=19376"}],"curies":[{"name":"wp","href":"https:\/\/api.w.org\/{rel}","templated":true}]}}