{"id":19407,"date":"2025-04-07T06:32:57","date_gmt":"2025-04-07T06:32:57","guid":{"rendered":"https:\/\/www.hydraulic-cylinders.net\/product\/boom-cylinder-for-bobcat-small-excavator-e42\/"},"modified":"2025-04-07T06:33:03","modified_gmt":"2025-04-07T06:33:03","slug":"boom-cylinder-for-bobcat-small-excavator-e42","status":"publish","type":"product","link":"https:\/\/www.hydraulic-cylinders.net\/da\/vare\/boom-cylinder-for-bobcat-small-excavator-e42\/","title":{"rendered":"Bomcylinder til Bobcat lille gravemaskine E42"},"content":{"rendered":"<h1>Bomcylinder til Bobcat lille gravemaskine E42<\/h1>\n<h2>Produktoversigt<\/h2>\n<p>Bomcylinderen til Bobcat lille gravemaskine E42 er en afg\u00f8rende komponent i det hydrauliske system i tunge maskiner, is\u00e6r i gravemaskiner, rendegravere og frontl\u00e6ssere. Denne hydrauliske cylinder er specielt designet til at styre skovlens bev\u00e6gelse, s\u00e5 den kan l\u00f8fte, s\u00e6nke og vippe effektivt. En s\u00e5dan funktionalitet er afg\u00f8rende for materialeh\u00e5ndteringsopgaver, da den sikrer, at operat\u00f8rer kan udf\u00f8re grave-, l\u00f8fte- og transportoperationer med lethed og pr\u00e6cision.<\/p>\n<p><img decoding=\"async\" src=\"https:\/\/www.hydraulic-cylinders.net\/wp-content\/uploads\/2025\/04\/songte-company-1.webp\" alt=\"Bomcylinder til gravemaskiner\" \/><\/p>\n<h3>Funktion og anvendelser af spandcylindre<\/h3>\n<p>En skovlcylinder er en type hydraulisk cylinder, der spiller en central rolle i de hydrauliske systemer i forskellige tunge maskiner. Den g\u00f8r det muligt for skovlen at udf\u00f8re flere handlinger, herunder:<\/p>\n<ul>\n<li><strong>L\u00f8ftning:<\/strong> Skovlcylinderen g\u00f8r det muligt for skovlen at h\u00e6ve sig, hvilket letter lastning af materialer p\u00e5 lastbiler eller andet udstyr.<\/li>\n<li><strong>S\u00e6nkning:<\/strong> Det giver kontrol over skovlens nedstigning og sikrer pr\u00e6cision ved placering af materialer.<\/li>\n<li><strong>Vipning:<\/strong> Muligheden for at vippe skovlen forbedrer kontrollen under udgravning og t\u00f8mning.<\/li>\n<\/ul>\n<p>Disse funktioner er afg\u00f8rende for byggeri, minedrift og landbrug, hvor tunge l\u00f8ft og pr\u00e6cis materialeh\u00e5ndtering er p\u00e5kr\u00e6vet.<\/p>\n<h2>Funktioner ved bomcylinderen<\/h2>\n<p>Bomcylinderen til Bobcat E42 kan prale af adskillige funktioner, der forbedrer dens ydeevne og holdbarhed:<\/p>\n<ul>\n<li><strong>H\u00f8j styrke og holdbarhed:<\/strong> Denne cylinder er konstrueret af h\u00f8jstyrkest\u00e5l eller aluminium og kan modst\u00e5 h\u00f8je tryk og tunge belastninger, hvilket g\u00f8r den velegnet til barske arbejdsmilj\u00f8er.<\/li>\n<li><strong>Effektiv hydraulisk drift:<\/strong> Den bruger hydraulisk olietryk til j\u00e6vne teleskopbev\u00e6gelser, hvilket giver hurtig respons p\u00e5 f\u00f8rerkommandoer og leverer kraftfulde skubbe- og tr\u00e6kfunktioner.<\/li>\n<li><strong>Forskellige typer:<\/strong> Afh\u00e6ngigt af driftsbehov kan brugerne v\u00e6lge mellem enkeltvirkende (der fungerer i \u00e9n retning) eller dobbeltvirkende (der fungerer i to retninger) cylindre, hvor visse modeller tilbyder teleskopfunktioner for forbedret r\u00e6kkevidde.<\/li>\n<li><strong>Korrosions- og slidstyrke:<\/strong> Designet med materialer, der modst\u00e5r slid og korrosion, hvilket sikrer en l\u00e6ngere levetid, selv under udfordrende forhold.<\/li>\n<li><strong>Nem udskiftning:<\/strong> Vores produkter er konstrueret til perfekt at erstatte eksisterende hydrauliske cylindre og sikre problemfri integration i dit maskineri.<\/li>\n<\/ul>\n<p><img decoding=\"async\" src=\"https:\/\/www.hydraulic-cylinders.net\/wp-content\/uploads\/2025\/04\/songte-cylinder-head-with-all-kinds-excavator-models.webp\" alt=\"Udskiftning af hydrauliske cylindere\" \/><\/p>\n<h2>Applikationsscenarier<\/h2>\n<h3>Entrepren\u00f8rudstyr<\/h3>\n<p>I gravemaskiner er bomcylinderen afg\u00f8rende for gravning, lastning og flytning af jord eller affald. Den genererede hydrauliske kraft g\u00f8r det muligt for f\u00f8rere effektivt at udgrave h\u00e5rd jord og transportere materialer. Rendegravere drager fordel af skovlcylinderens evne til at hj\u00e6lpe med b\u00e5de gravning og l\u00f8ft, hvilket g\u00f8r den alsidig til forskellige opgaver p\u00e5 en arbejdsplads.<\/p>\n<h3>Landbrugsmaskiner<\/h3>\n<p>Frontl\u00e6ssere bruger bomcylinderen til at udgrave, l\u00f8fte og transportere jord, h\u00f8 og andre materialer. Denne funktion er afg\u00f8rende i landbrugsdrift, da den muligg\u00f8r hurtig og effektiv materialeh\u00e5ndtering, der forbedrer produktiviteten.<\/p>\n<h3>Gravemaskiner<\/h3>\n<p>Skovlcylinderen muligg\u00f8r gravemaskinernes gravefunktion ved at lade skovlen tr\u00e6nge effektivt ned i jorden. Denne funktion er afg\u00f8rende for forskellige byggeprojekter, hvor pr\u00e6cis udgravning er p\u00e5kr\u00e6vet.<\/p>\n<h3>L\u00e6ssere<\/h3>\n<p>I frontl\u00e6ssere hj\u00e6lper bomcylinderen med at l\u00f8fte og t\u00f8mme last effektivt. Denne funktion er afg\u00f8rende i materialeh\u00e5ndteringsoperationer, hvor hurtige ekspeditionstider er gavnlige for produktiviteten.<\/p>\n<h2>Designovervejelser<\/h2>\n<p>Designet af bomcylinderen inkorporerer flere vigtige overvejelser:<\/p>\n<ul>\n<li><strong>Belastningskapacitet:<\/strong> Det er altafg\u00f8rende at sikre, at cylinderen kan h\u00e5ndtere de forventede belastninger uden at svigte. Beregning af den n\u00f8dvendige lasteevne indeb\u00e6rer at forst\u00e5 den maksimale v\u00e6gt, som cylinderen vil blive udsat for under drift.<\/li>\n<li><strong>Forsegling:<\/strong> Effektiv t\u00e6tning er afg\u00f8rende for at forhindre l\u00e6kager af hydraulikv\u00e6ske og opretholde systemtrykket. Der anvendes t\u00e6tninger af h\u00f8j kvalitet fremstillet af holdbare materialer for at sikre lang levetid.<\/li>\n<li><strong>Holdbarhed:<\/strong> Designet l\u00e6gger v\u00e6gt p\u00e5 materialer og konstruktion, der kan modst\u00e5 p\u00e5virkningerne fra feltbrug. Dette inkluderer modstandsdygtighed over for slid og korrosion.<\/li>\n<li><strong>Sikkerhed:<\/strong> Sikkerhedsfunktioner, herunder trykaflastningsventiler, er integreret for at forhindre overbelastning og potentielle ulykker under drift.<\/li>\n<li><strong>Opretholdelse:<\/strong> Designhensyn fokuserer ogs\u00e5 p\u00e5 nem vedligeholdelse, hvilket muligg\u00f8r enkle kontroller og reparationer, samtidig med at det sikres, at cylinderen forbliver funktionsdygtig.<\/li>\n<\/ul>\n<p><img decoding=\"async\" src=\"https:\/\/www.hydraulic-cylinders.net\/wp-content\/uploads\/2025\/04\/songte-oil-pipes-and-spare-parts.webp\" alt=\"Hydrauliske cylinderdele\" \/><\/p>\n<h2>T\u00e6tning og sm\u00f8ring<\/h2>\n<p>Korrekt t\u00e6tning og sm\u00f8ring er afg\u00f8rende for effektiv drift af hydrauliske cylindre. Brugen af \u200b\u200bforskellige t\u00e6tningskomponenter, s\u00e5som stempelt\u00e6tninger og stangt\u00e6tninger, sikrer, at hydraulikv\u00e6sken forbliver inde i cylinderen. T\u00e6tninger lavet af polyurethan eller nitrilgummi giver fremragende slidstyrke. Cylinderhuset og gevindenderne gennemg\u00e5r pr\u00e6cisionsbehandlinger for at forbedre holdbarheden. Regelm\u00e6ssig sm\u00f8ring med hydraulikolie er afg\u00f8rende for at minimere friktion og slid, hvilket sikrer problemfri drift og forl\u00e6nger cylinderens levetid.<\/p>\n<h2>Forebyggende vedligeholdelsesforanstaltninger<\/h2>\n<p>Regelm\u00e6ssig vedligeholdelse er afg\u00f8rende for bomcylinderens levetid og effektivitet. Her er nogle vigtige foranstaltninger:<\/p>\n<ul>\n<li><strong>Regelm\u00e6ssige inspektioner:<\/strong> Udf\u00f8r periodiske inspektioner for at identificere slid eller skader tidligt. Kontroller for l\u00e6kager, b\u00f8jede st\u00e6nger og andre tegn p\u00e5 slid.<\/li>\n<li><strong>Passende sm\u00f8ring:<\/strong> S\u00f8rg for, at cylinderen er korrekt smurt med hydraulikolie for at reducere friktion og forhindre overophedning.<\/li>\n<li><strong>Udskiftning af pakning:<\/strong> Udskift pakningerne efter behov for at opretholde effektiviteten og forhindre l\u00e6kager. Regelm\u00e6ssige kontroller kan hj\u00e6lpe med at identificere, hvorn\u00e5r pakningerne er slidte.<\/li>\n<\/ul>\n<h2>Installationsvejledning<\/h2>\n<p>Korrekt installation af bomcylinderen er afg\u00f8rende for optimal ydeevne. F\u00f8lg disse trin for at sikre korrekt installation:<\/p>\n<ul>\n<li><strong>Justering:<\/strong> S\u00f8rg for, at cylinderen er korrekt justeret i forhold til monteringspunkterne. Forkert justering kan f\u00f8re til for tidligt slid og potentielt svigt.<\/li>\n<li><strong>Brug passende st\u00f8tter:<\/strong> Brug passende monteringsbeslag til at fastg\u00f8re cylinderen forsvarligt p\u00e5 plads. Dette forhindrer bev\u00e6gelse under drift.<\/li>\n<li><strong>Tjek forbindelser:<\/strong> Kontroller, at alle hydrauliske forbindelser er sikre og fri for l\u00e6kager, f\u00f8r maskinen tages i brug.<\/li>\n<li><strong>Testfunktionalitet:<\/strong> Efter installationen skal det hydrauliske system testes for at sikre, at cylinderen fungerer j\u00e6vnt og effektivt.<\/li>\n<\/ul>\n<p><img decoding=\"async\" src=\"https:\/\/www.hydraulic-cylinders.net\/wp-content\/uploads\/2025\/04\/songte-chushion-collar.webp\" alt=\"Cylinderinstallation\" \/><\/p>\n<h2>Sikkerhedshensyn<\/h2>\n<p>N\u00e5r man arbejder med hydrauliske cylindre, er det vigtigt at prioritere sikkerhed. Operat\u00f8rer skal b\u00e6re passende personlige v\u00e6rnemidler (PPE) og sikre, at alle sikkerhedsforanstaltninger f\u00f8lges under driften. Tr\u00e6ning i korrekt h\u00e5ndtering og betjening af hydrauliske systemer er afg\u00f8rende for at forhindre ulykker og skader.<\/p>\n<h2>Fejlfinding af almindelige problemer<\/h2>\n<p>Almindelige problemer med hydrauliske cylindre kan ofte diagnosticeres med f\u00f8lgende punkter:<\/p>\n<ul>\n<li><strong>L\u00e6kage:<\/strong> Identific\u00e9r kilden til l\u00e6kager, ofte for\u00e5rsaget af slidte pakninger. Det er vigtigt at udbedre l\u00e6kager hurtigt for at opretholde trykket i systemet.<\/li>\n<li><strong>Langsom drift:<\/strong> Hvis cylinderen er langsom til at k\u00f8re, skal du kontrollere hydraulikv\u00e6skeniveauet og sikre dig, at der ikke er blokeringer i hydraulikslangerne.<\/li>\n<li><strong>Overophedning:<\/strong> Overophedning kan v\u00e6re et tegn p\u00e5 utilstr\u00e6kkelig sm\u00f8ring eller for stor belastning. Regelm\u00e6ssige kontroller kan forhindre, at disse problemer eskalerer.<\/li>\n<\/ul>\n<p>For effektiv fejlfinding skal du f\u00f8re en detaljeret log over eventuelle problemer og udf\u00f8rt vedligeholdelse for at hj\u00e6lpe med at diagnosticere tilbagevendende problemer.<\/p>\n<p><img decoding=\"async\" src=\"https:\/\/www.hydraulic-cylinders.net\/wp-content\/uploads\/2025\/04\/songte-bushings-with-all-kinds-of-excavator-models.webp\" alt=\"Almindelige problemer i hydrauliske cylindre\" \/><\/p>\n<h2>Virksomhedsoversigt<\/h2>\n<p>Vi er en producent af hydrauliske udskiftningscylindre med et omfattende produktsortiment, der g\u00f8r os til en f\u00f8rende producent og grossist p\u00e5 b\u00e5de indenlandske og internationale markeder. Vores engagement i ekspertise afspejles i vores raffinerede produktionsstyringsstrategier, der udnytter avanceret teknologi og dygtigt personale. Vores st\u00e6rke kapaciteter g\u00f8r os i stand til at im\u00f8dekomme forskellige kundebehov med h\u00f8j effektivitet, pr\u00e6cision og kvalitet.<\/p>\n<p><strong>Specialisering:<\/strong> Vores team best\u00e5r af eksperter i hydrauliske systemer, der sikrer, at vores produkter opfylder og overg\u00e5r branchestandarder.<\/p>\n<p><strong>International certificering:<\/strong> Vores produkter er certificeret til at opfylde globale kvalitetsstandarder, hvilket sikrer p\u00e5lidelighed og sikkerhed.<\/p>\n<p><strong>Tilpassede l\u00f8sninger:<\/strong> Vi tilbyder skr\u00e6ddersyede l\u00f8sninger, der opfylder specifikke driftsbehov, og giver kunderne fleksible muligheder for deres maskiner.<\/p>\n<p><strong>Avanceret produktionsudstyr:<\/strong> Ved at anvende den nyeste produktionsteknologi sikrer vi en produktion af h\u00f8j kvalitet.<\/p>\n<p><strong>Eftersalgsservice:<\/strong> Vores dedikerede kundeserviceteam er forpligtet til at yde support og assistance for at sikre kundetilfredshed og produkteffektivitet.<\/p>\n<p><img decoding=\"async\" src=\"https:\/\/www.hydraulic-cylinders.net\/wp-content\/uploads\/2025\/04\/songte-company-4.webp\" alt=\"Virksomhedsproduktion\" \/><br \/>\n<img decoding=\"async\" src=\"https:\/\/www.hydraulic-cylinders.net\/wp-content\/uploads\/2025\/04\/songte-company-3.webp\" alt=\"Virksomhedens produkter\" \/><\/p>\n<p>Forfatter: lyl<\/p>","protected":false},"excerpt":{"rendered":"<p>Boom Cylinder For Bobcat Small Excavator E42 Product Overview The Boom Cylinder for Bobcat Small Excavator E42 is a crucial component in the hydraulic system of heavy machinery, particularly in excavators, backhoes, and front loaders. This hydraulic cylinder is specifically designed to control the movement of the bucket, allowing it to lift, lower, and tilt [&hellip;]<\/p>","protected":false},"featured_media":17867,"comment_status":"open","ping_status":"closed","template":"","meta":{"_et_pb_use_builder":"","_et_pb_old_content":"","_et_gb_content_width":""},"product_brand":[],"product_cat":[1546],"product_tag":[1547,1496],"class_list":{"0":"post-19407","1":"product","2":"type-product","3":"status-publish","4":"has-post-thumbnail","6":"product_cat-boom-cylinders","7":"product_tag-boom-cylinders","8":"product_tag-hydraulic-cylinders","10":"first","11":"instock","12":"shipping-taxable","13":"product-type-simple"},"amp_enabled":true,"_links":{"self":[{"href":"https:\/\/www.hydraulic-cylinders.net\/da\/wp-json\/wp\/v2\/product\/19407","targetHints":{"allow":["GET"]}}],"collection":[{"href":"https:\/\/www.hydraulic-cylinders.net\/da\/wp-json\/wp\/v2\/product"}],"about":[{"href":"https:\/\/www.hydraulic-cylinders.net\/da\/wp-json\/wp\/v2\/types\/product"}],"replies":[{"embeddable":true,"href":"https:\/\/www.hydraulic-cylinders.net\/da\/wp-json\/wp\/v2\/comments?post=19407"}],"wp:featuredmedia":[{"embeddable":true,"href":"https:\/\/www.hydraulic-cylinders.net\/da\/wp-json\/wp\/v2\/media\/17867"}],"wp:attachment":[{"href":"https:\/\/www.hydraulic-cylinders.net\/da\/wp-json\/wp\/v2\/media?parent=19407"}],"wp:term":[{"taxonomy":"product_brand","embeddable":true,"href":"https:\/\/www.hydraulic-cylinders.net\/da\/wp-json\/wp\/v2\/product_brand?post=19407"},{"taxonomy":"product_cat","embeddable":true,"href":"https:\/\/www.hydraulic-cylinders.net\/da\/wp-json\/wp\/v2\/product_cat?post=19407"},{"taxonomy":"product_tag","embeddable":true,"href":"https:\/\/www.hydraulic-cylinders.net\/da\/wp-json\/wp\/v2\/product_tag?post=19407"}],"curies":[{"name":"wp","href":"https:\/\/api.w.org\/{rel}","templated":true}]}}