{"id":19412,"date":"2025-04-07T06:33:15","date_gmt":"2025-04-07T06:33:15","guid":{"rendered":"https:\/\/www.hydraulic-cylinders.net\/product\/boom-cylinder-for-bobcat-small-excavator-e35i\/"},"modified":"2025-04-07T06:33:17","modified_gmt":"2025-04-07T06:33:17","slug":"boom-cylinder-for-bobcat-small-excavator-e35i","status":"publish","type":"product","link":"https:\/\/www.hydraulic-cylinders.net\/da\/vare\/boom-cylinder-for-bobcat-small-excavator-e35i\/","title":{"rendered":"Bomcylinder til Bobcat lille gravemaskine E35i"},"content":{"rendered":"<h1>Bomcylinder til Bobcat lille gravemaskine E35i<\/h1>\n<h2>Introduktion til bomcylinder<\/h2>\n<p>De <strong>Bomcylinder<\/strong> er en afg\u00f8rende komponent i hydrauliske systemer, is\u00e6r i tunge maskiner som gravemaskiner, rendegravere og frontl\u00e6ssere. Denne hydrauliske cylinder styrer skovlens bev\u00e6gelse, s\u00e5 den kan l\u00f8ftes, s\u00e6nkes og vippes, hvilket letter forskellige materialeh\u00e5ndteringsopgaver. Skovlcylinderen, der er specielt designet til at forbedre driftseffektiviteten, spiller en v\u00e6sentlig rolle i disse maskiners funktionalitet. Dens design sikrer, at den kan modst\u00e5 h\u00f8jt tryk og tunge belastninger, hvilket g\u00f8r den velegnet til barske arbejdsmilj\u00f8er.<\/p>\n<p><img decoding=\"async\" src=\"https:\/\/www.hydraulic-cylinders.net\/wp-content\/uploads\/2025\/04\/songte-company-1.webp\" alt=\"Bomcylinder\"><\/p>\n<h2>Funktioner ved bomcylinderen<\/h2>\n<ul>\n<li><strong>H\u00f8j styrke og holdbarhed:<\/strong> Fremstillet af h\u00f8jstyrkest\u00e5l eller aluminium, kan den modst\u00e5 h\u00f8jt tryk og tunge belastninger, er egnet til barske arbejdsforhold og sikrer samtidig forl\u00e6nget levetid.<\/li>\n<li><strong>Effektiv hydraulisk drift:<\/strong> Udnytter hydraulisk olietryk til j\u00e6vn ud- og indtr\u00e6kning, hvilket giver hurtig respons p\u00e5 kontrolkommandoer og kraftig skubbe- og tr\u00e6kkraft, ideel til tunge og komplekse opgaver.<\/li>\n<li><strong>Forskellige typer:<\/strong> F\u00e5s som enkeltvirkende (fungerer i \u00e9n retning) eller dobbeltvirkende (fungerer i begge retninger) cylindre for at im\u00f8dekomme forskellige driftsbehov. Visse modeller er designet til teleskopisk funktion for at muligg\u00f8re st\u00f8rre udtr\u00e6k uden at \u00f8ge de udvendige dimensioner, perfekt til pladsbegr\u00e6nsede applikationer.<\/li>\n<li><strong>Specialfremstilling:<\/strong> Vores produktionskapaciteter g\u00f8r det muligt for os at skabe cylindre, der perfekt erstatter eksisterende hydrauliske cylindre, hvilket sikrer kompatibilitet og ydeevne.<\/li>\n<\/ul>\n<p><img decoding=\"async\" src=\"https:\/\/www.hydraulic-cylinders.net\/wp-content\/uploads\/2025\/04\/songte-cylinder-head-with-all-kinds-excavator-models.webp\" alt=\"Specialfremstilling af bomcylinder\"><\/p>\n<h2>Applikationsscenarier<\/h2>\n<h3>Entrepren\u00f8rudstyr<\/h3>\n<p>I gravemaskiner er bomcylinderen afg\u00f8rende for gravning, lastning og flytning af jord eller affald. Den muligg\u00f8r pr\u00e6cis kontrol under udgravning, s\u00e5 operat\u00f8rerne kan udf\u00f8re opgaver effektivt. I rendegravere bidrager cylinderen v\u00e6sentligt til b\u00e5de gravning og l\u00f8ft, hvilket forbedrer maskinens alsidighed i forskellige entrepren\u00f8ropgaver.<\/p>\n<h3>Landbrugsmaskiner<\/h3>\n<p>I frontl\u00e6ssere bruges bomcylindrene til at skovle, l\u00f8fte og transportere jord, h\u00f8 og andre materialer. De letter flytningen af \u200b\u200btunge l\u00e6s og forbedrer produktiviteten i landbrugsaktiviteter, hvor tid og effektivitet er afg\u00f8rende.<\/p>\n<h3>Gravemaskiner<\/h3>\n<p>Bomcylinderen g\u00f8r det muligt for gravemaskiner at tr\u00e6nge effektivt ned i jorden. Dette g\u00f8r den afg\u00f8rende for forskellige graveopgaver, da den sikrer, at skovlen kan n\u00e5 den \u00f8nskede dybde, samtidig med at stabilitet og kontrol opretholdes under hele processen.<\/p>\n<h3>L\u00e6ssere<\/h3>\n<p>I frontl\u00e6ssere hj\u00e6lper bomcylindre med at l\u00f8fte og t\u00f8mme materialer, hvilket spiller en afg\u00f8rende rolle i materialeh\u00e5ndteringen. De sikrer, at maskinen kan udf\u00f8re disse opgaver problemfrit og dermed forbedre den samlede driftseffektivitet.<\/p>\n<h2>Designovervejelser og udv\u00e6lgelseskriterier<\/h2>\n<h3>Lastkapacitet<\/h3>\n<p>N\u00e5r man v\u00e6lger en bomcylinder, er lasteevnen et grundl\u00e6ggende aspekt at overveje. Det refererer til den maksimale v\u00e6gt, cylinderen kan h\u00e5ndtere uden at g\u00e5 p\u00e5 kompromis med dens integritet eller driftseffektivitet. En korrekt nominel lasteevne sikrer, at cylinderen fungerer optimalt under reelle arbejdsforhold, hvilket forhindrer fejl, der kan f\u00f8re til driftsstop eller sikkerhedsfarer.<\/p>\n<h3>Forseglingsevne<\/h3>\n<p>T\u00e6tningssystemer i hydrauliske cylindre er afg\u00f8rende for at forhindre v\u00e6skel\u00e6kager og sikre effektiv drift. Brugen af \u200b\u200bt\u00e6tninger af h\u00f8j kvalitet, s\u00e5som stempel- og stangt\u00e6tninger lavet af holdbare materialer, er afg\u00f8rende. Disse t\u00e6tninger skal v\u00e6re designet til at modst\u00e5 h\u00f8je tryk og forhindre kontaminering, hvilket kan p\u00e5virke ydeevne og levetid betydeligt.<\/p>\n<h3>Holdbarhed<\/h3>\n<p>Holdbarhed er afg\u00f8rende for hydrauliske cylindre, is\u00e6r i kr\u00e6vende milj\u00f8er. Det er vigtigt at v\u00e6lge materialer, der er modstandsdygtige over for slid, korrosion og h\u00f8jt tryk. Dette omfatter bel\u00e6gninger, der giver ekstra beskyttelse mod milj\u00f8faktorer, hvilket forl\u00e6nger cylinderens levetid og reducerer vedligeholdelsesbehovet.<\/p>\n<h3>Sikkerhedsfunktioner<\/h3>\n<p>Sikkerhed er altafg\u00f8rende ved design af hydrauliske cylindre. Funktioner som trykaflastningsventiler og sikkerhedsmekanismer er afg\u00f8rende for at forhindre uforudsete fejl. Disse sikkerhedsforanstaltninger beskytter b\u00e5de operat\u00f8ren og udstyret og sikrer, at systemet fungerer inden for sikre parametre til enhver tid.<\/p>\n<h3>Vedligeholdelsestilg\u00e6ngelighed<\/h3>\n<p>Nem vedligeholdelse b\u00f8r ogs\u00e5 v\u00e6re en overvejelse, n\u00e5r man v\u00e6lger en cylinder. Design, der giver nem adgang til komponenter til inspektion, sm\u00f8ring og reparationer, kan spare tid og omkostninger i det lange l\u00f8b. Dette inkluderer funktioner, der letter nem demontering og genmontering, hvilket sikrer, at rutinem\u00e6ssig vedligeholdelse kan udf\u00f8res effektivt.<\/p>\n<p><img decoding=\"async\" src=\"https:\/\/www.hydraulic-cylinders.net\/wp-content\/uploads\/2025\/04\/songte-oil-pipes-and-spare-parts.webp\" alt=\"Hydrauliske komponenter\"><\/p>\n<h2>T\u00e6tning og sm\u00f8ring<\/h2>\n<p>Effektiv t\u00e6tning og sm\u00f8ring er afg\u00f8rende for driften af \u200b\u200bhydrauliske cylindre. Forskellige t\u00e6tningselementer, s\u00e5som stempelt\u00e6tninger og stangt\u00e6tninger, anvendes for at forhindre l\u00e6kage og sikre effektiv trykfastholdelse. T\u00e6tninger lavet af materialer som polyurethan og nitrilgummi anvendes ofte p\u00e5 grund af deres slidstyrke og holdbarhed. Derudover er cylinderhuset og gevindfladerne fint polerede for at forbedre slidstyrken. Regelm\u00e6ssig sm\u00f8ring med tilstr\u00e6kkelig hydraulikolie er afg\u00f8rende for at opretholde en j\u00e6vn drift og forhindre slid.<\/p>\n<h2>Regelm\u00e6ssig inspektion og forebyggende vedligeholdelse<\/h2>\n<ul>\n<li><strong>Rutinem\u00e6ssige inspektioner:<\/strong> Udf\u00f8r regelm\u00e6ssige inspektioner for at identificere tegn p\u00e5 slid eller skader tidligt. Se efter l\u00e6kager, us\u00e6dvanlige lyde eller ydeevneproblemer, der kan indikere underliggende problemer.<\/li>\n<li><strong>Korrekt sm\u00f8ring:<\/strong> S\u00f8rg for, at hydraulikolien er p\u00e5 optimalt niveau, og at sm\u00f8ringen p\u00e5f\u00f8res korrekt p\u00e5 alle bev\u00e6gelige dele. Dette forhindrer overdreven friktion og slid, hvilket forl\u00e6nger cylinderens levetid.<\/li>\n<li><strong>Udskiftning af pakning:<\/strong> Kontroller regelm\u00e6ssigt pakningernes tilstand, og udskift dem efter behov. Slidte pakninger kan f\u00f8re til v\u00e6skel\u00e6kager, hvilket reducerer systemets effektivitet og \u00f8ger risikoen for fejl.<\/li>\n<\/ul>\n<h2>Installationsvejledning<\/h2>\n<p>Korrekt installation af bomcylinderen er afg\u00f8rende for optimal ydeevne. Start med at sikre, at alle komponenter er rene og fri for snavs. Juster cylinderen n\u00f8jagtigt med monteringspunkterne, og brug passende beslag til st\u00f8tte. Sp\u00e6nd alle bolte i henhold til producentens specifikationer for at sikre stabilitet. Efter installationen skal du kontrollere justeringen for at sikre, at cylinderen fungerer problemfrit. Det er ogs\u00e5 vigtigt at fylde systemet med hydraulikolie og udf\u00f8re en funktionstest, f\u00f8r udstyret tages i fuld drift.<\/p>\n<h2>Vedligeholdelsesopgaver<\/h2>\n<ul>\n<li><strong>Regelm\u00e6ssige inspektioner:<\/strong> Regelm\u00e6ssige kontroller for tegn p\u00e5 slid eller skader kan forhindre st\u00f8rre problemer senere hen. Kig efter l\u00e6kager eller us\u00e6dvanlige lyde under drift.<\/li>\n<li><strong>Passende sm\u00f8ring:<\/strong> Brug den anbefalede hydraulikolie, og s\u00f8rg for, at niveauet opretholdes for at forhindre overdreven slitage p\u00e5 komponenterne.<\/li>\n<li><strong>Udskiftning og kalibrering af pakning:<\/strong> Udskift regelm\u00e6ssigt slidte pakninger og kalibrer systemet for at sikre, at det fungerer som designet. Dette er afg\u00f8rende for at opretholde sikkerhed og effektivitet.<\/li>\n<\/ul>\n<h2>Sikkerhedshensyn og milj\u00f8faktorer<\/h2>\n<p>Ved h\u00e5ndtering af hydrauliske cylindre er det vigtigt at implementere sikkerhedsforanstaltninger. Operat\u00f8rer skal b\u00e6re passende personlige v\u00e6rnemidler (PPE) og f\u00f8lge etablerede sikkerhedsprotokoller for at minimere risici. Regelm\u00e6ssig sikkerhedstr\u00e6ning kan hj\u00e6lpe med at forhindre ulykker og sikre, at alt personale er opm\u00e6rksomme p\u00e5 de potentielle farer forbundet med hydrauliske systemer.<\/p>\n<h2>Fejlfinding og almindelige problemer<\/h2>\n<ul>\n<li><strong>L\u00e6kage:<\/strong> Hvis der l\u00e6kker olie fra cylinderen, skal pakningerne kontrolleres for slid eller beskadigelse. Udskiftning af pakningerne kan muligvis l\u00f8se problemet.<\/li>\n<li><strong>Langsom drift:<\/strong> Hvis cylinderen k\u00f8rer langsomt, skal du kontrollere hydraulikv\u00e6skeniveauer og potentielle blokeringer i r\u00f8rene. Luft i det hydrauliske system kan ogs\u00e5 for\u00e5rsage langsom ydeevne.<\/li>\n<li><strong>Us\u00e6dvanlige lyde:<\/strong> St\u00f8j under drift kan indikere slid eller forkert justering. Unders\u00f8g cylinderen og de omkringliggende komponenter for problemer, der skal l\u00f8ses.<\/li>\n<\/ul>\n<h2>Tips til fejlfinding<\/h2>\n<p>For effektivt at diagnosticere og l\u00f8se problemer er det vigtigt at f\u00f8re en log over eventuelle problemer og deres l\u00f8sninger. Regelm\u00e6ssig gennemgang af disse logfiler kan hj\u00e6lpe med at identificere m\u00f8nstre og forhindre fremtidige problemer. Derudover kan planl\u00e6gning af rutinem\u00e6ssig vedligeholdelse og inspektioner opdage problemer tidligt, hvilket reducerer sandsynligheden for katastrofale fejl og \u00f8ger udstyrets levetid.<\/p>\n<p><img decoding=\"async\" src=\"https:\/\/www.hydraulic-cylinders.net\/wp-content\/uploads\/2025\/04\/songte-bushings-with-all-kinds-of-excavator-models.webp\" alt=\"Hydrauliske dele\"><\/p>\n<h2>Om vores virksomhed<\/h2>\n<p>Vi specialiserer os i fremstilling af hydrauliske udskiftningscylindre og er blevet en af \u200b\u200bde f\u00f8rende producenter og grossister p\u00e5 det nationale og internationale marked. Vores engagement i ekspertise underst\u00f8ttes af en sofistikeret produktionsstrategi, som inkluderer brug af h\u00f8jt kvalificeret teknisk personale, digitalt avanceret produktionsudstyr og professionelle testsystemer. Vi forbedrer l\u00f8bende vores produktionsplatform for at forbedre produktkvaliteten og sikrer, at vi opfylder forskellige kunders behov med effektivitet, pr\u00e6cision og h\u00f8j kvalitet.<\/p>\n<p><img decoding=\"async\" src=\"https:\/\/www.hydraulic-cylinders.net\/wp-content\/uploads\/2025\/04\/songte-company-4.webp\" alt=\"Virksomhedsoversigt\"><br \/>\n<img decoding=\"async\" src=\"https:\/\/www.hydraulic-cylinders.net\/wp-content\/uploads\/2025\/04\/songte-company-3.webp\" alt=\"Produktionsfaciliteter\"><\/p>\n<p>Vores virksomhed er stolt af professionalisme, internationale certificeringer, skr\u00e6ddersyede tjenester, avanceret produktionsudstyr og exceptionel eftersalgssupport. Vi er dedikeret til at levere f\u00f8rsteklasses produkter og tjenester, der skiller sig ud i branchen for hydrauliske cylindre.<\/p>\n<p>Forfatter: lyl<\/p>","protected":false},"excerpt":{"rendered":"<p>Boom Cylinder For Bobcat Small Excavator E35i Introduction to Boom Cylinder The Boom Cylinder is a crucial component in hydraulic systems, particularly in heavy machinery like excavators, backhoes, and front loaders. This hydraulic cylinder controls the movement of the bucket, allowing it to lift, lower, and tilt, thus facilitating various material handling tasks. The bucket [&hellip;]<\/p>","protected":false},"featured_media":17872,"comment_status":"open","ping_status":"closed","template":"","meta":{"_et_pb_use_builder":"","_et_pb_old_content":"","_et_gb_content_width":""},"product_brand":[],"product_cat":[1546],"product_tag":[1547,1496],"class_list":{"0":"post-19412","1":"product","2":"type-product","3":"status-publish","4":"has-post-thumbnail","6":"product_cat-boom-cylinders","7":"product_tag-boom-cylinders","8":"product_tag-hydraulic-cylinders","10":"first","11":"instock","12":"shipping-taxable","13":"product-type-simple"},"amp_enabled":true,"_links":{"self":[{"href":"https:\/\/www.hydraulic-cylinders.net\/da\/wp-json\/wp\/v2\/product\/19412","targetHints":{"allow":["GET"]}}],"collection":[{"href":"https:\/\/www.hydraulic-cylinders.net\/da\/wp-json\/wp\/v2\/product"}],"about":[{"href":"https:\/\/www.hydraulic-cylinders.net\/da\/wp-json\/wp\/v2\/types\/product"}],"replies":[{"embeddable":true,"href":"https:\/\/www.hydraulic-cylinders.net\/da\/wp-json\/wp\/v2\/comments?post=19412"}],"wp:featuredmedia":[{"embeddable":true,"href":"https:\/\/www.hydraulic-cylinders.net\/da\/wp-json\/wp\/v2\/media\/17872"}],"wp:attachment":[{"href":"https:\/\/www.hydraulic-cylinders.net\/da\/wp-json\/wp\/v2\/media?parent=19412"}],"wp:term":[{"taxonomy":"product_brand","embeddable":true,"href":"https:\/\/www.hydraulic-cylinders.net\/da\/wp-json\/wp\/v2\/product_brand?post=19412"},{"taxonomy":"product_cat","embeddable":true,"href":"https:\/\/www.hydraulic-cylinders.net\/da\/wp-json\/wp\/v2\/product_cat?post=19412"},{"taxonomy":"product_tag","embeddable":true,"href":"https:\/\/www.hydraulic-cylinders.net\/da\/wp-json\/wp\/v2\/product_tag?post=19412"}],"curies":[{"name":"wp","href":"https:\/\/api.w.org\/{rel}","templated":true}]}}