{"id":19460,"date":"2025-04-07T06:48:47","date_gmt":"2025-04-07T06:48:47","guid":{"rendered":"https:\/\/www.hydraulic-cylinders.net\/product\/boom-cylinder-for-world-small-excavator-w265e-8\/"},"modified":"2025-04-07T06:48:50","modified_gmt":"2025-04-07T06:48:50","slug":"boom-cylinder-for-world-small-excavator-w265e-8","status":"publish","type":"product","link":"https:\/\/www.hydraulic-cylinders.net\/da\/vare\/boom-cylinder-for-world-small-excavator-w265e-8\/","title":{"rendered":"Bomcylinder til verdens lille gravemaskine W265E-8"},"content":{"rendered":"<h1>Bomcylinder til verdens lille gravemaskine W265E-8<\/h1>\n<h2>Definition og oversigt over spandcylinder<\/h2>\n<p>Bomcylinderen til World Small Excavator W265E-8 er en afg\u00f8rende komponent i hydrauliske systemer, is\u00e6r i forbindelse med betjening af tunge maskiner som gravemaskiner, rendegravere og frontl\u00e6ssere. Denne hydrauliske cylinder er specielt designet til at styre skovlens bev\u00e6gelse, s\u00e5 den kan l\u00f8ftes, s\u00e6nkes og vippes ubesv\u00e6ret. Skovlcylinderen spiller en afg\u00f8rende rolle i materialeh\u00e5ndteringsopgaver og muligg\u00f8r effektiv gravning, l\u00e6sning og transport af materialer.<\/p>\n<p>Hydrauliske cylindre, s\u00e5som skovlcylinderen, fungerer ved at omdanne hydraulisk energi til mekanisk energi ved at bruge trykv\u00e6sker til at skabe bev\u00e6gelse. Denne mekanisme er afg\u00f8rende i bygge- og landbrugssektoren, hvor pr\u00e6cis styring af maskiner er n\u00f8dvendig for effektiv drift.<\/p>\n<p><img decoding=\"async\" src=\"https:\/\/www.hydraulic-cylinders.net\/wp-content\/uploads\/2025\/04\/songte-company-1.webp\" alt=\"Bomcylinder til gravemaskiner\"><\/p>\n<h2>Funktioner ved bomcylinderen<\/h2>\n<ul>\n<li><strong>H\u00f8j styrke og holdbarhed:<\/strong> Bomcylinderen er fremstillet af h\u00f8jstyrkest\u00e5l eller aluminium og kan modst\u00e5 h\u00f8je tryk og tunge belastninger, hvilket g\u00f8r den velegnet til barske arbejdsmilj\u00f8er.<\/li>\n<li><strong>Effektiv hydraulisk drift:<\/strong> Cylinderen bruger hydraulisk olietryk til j\u00e6vn ud- og indtr\u00e6kning, hvilket giver hurtig respons p\u00e5 driftskommandoer med betydelig tryk- og tr\u00e6kkraft.<\/li>\n<li><strong>Forskellige typer:<\/strong> F\u00e5s i enkeltvirkende (i \u00e9n retning) eller dobbeltvirkende (i begge retninger) varianter, der im\u00f8dekommer forskellige driftskrav.<\/li>\n<li><strong>Pladsbesparende design:<\/strong> Nogle modeller har teleskopiske designs, der giver mulighed for st\u00f8rre udtr\u00e6k uden at \u00f8ge de udvendige dimensioner, hvilket er ideelt til applikationer med begr\u00e6nset plads.<\/li>\n<\/ul>\n<p>Vores produkter kan perfekt erstatte eksisterende hydrauliske cylindre og sikre kompatibilitet og ydeevne.<\/p>\n<p><img decoding=\"async\" src=\"https:\/\/www.hydraulic-cylinders.net\/wp-content\/uploads\/2025\/04\/songte-cylinder-head-with-all-kinds-excavator-models.webp\" alt=\"Hydraulisk cylinder til gravemaskiner\"><\/p>\n<h2>Applikationsscenarier<\/h2>\n<h3>Entrepren\u00f8rudstyr<\/h3>\n<p>I gravemaskiner er bomcylindre afg\u00f8rende for gravning, lastning og flytning af jord eller affald. De muligg\u00f8r pr\u00e6cis kontrol af skovlens bev\u00e6gelse og sikrer effektiv drift under graveopgaver. Muligheden for at l\u00f8fte og s\u00e6nke skovlen giver operat\u00f8rer mulighed for effektivt at styre materialeoverf\u00f8rsel og dermed \u00f8ge produktiviteten p\u00e5 byggepladser.<\/p>\n<h3>Landbrugsmaskiner<\/h3>\n<p>Frontl\u00e6ssere bruger bomcylindre til at skovle, l\u00f8fte og transportere jord, h\u00f8 og andre materialer. Deres rolle i landbrugsmaskiner er afg\u00f8rende for effektiv landbrugsdrift, da de hj\u00e6lper landm\u00e6nd med hurtigt at flytte materialer uden behov for manuel arbejdskraft.<\/p>\n<h3>Gravemaskiner<\/h3>\n<p>I gravemaskiner letter skovlcylinderen gravearbejdet ved at lade skovlen tr\u00e6nge ned i jorden. Denne evne er afg\u00f8rende for udgravningsprojekter, uanset om de involverer gravning af fundamenter eller nedgravning af gr\u00f8fter.<\/p>\n<h3>L\u00e6ssere<\/h3>\n<p>I frontl\u00e6ssere hj\u00e6lper bomcylindre med at l\u00f8fte og losse last effektivt. Deres robuste design sikrer p\u00e5lidelighed, selv ved h\u00e5ndtering af tunge materialer, hvilket er afg\u00f8rende for effektiv materialeh\u00e5ndtering p\u00e5 forskellige arbejdspladser.<\/p>\n<h2>Designovervejelser og udv\u00e6lgelseskriterier<\/h2>\n<h3>Lastkapacitet<\/h3>\n<p>Bomcylinderens lasteevne er en prim\u00e6r overvejelse i dens design. Den skal kunne h\u00e5ndtere den maksimale forventede belastning under drift uden risiko for svigt. Dette involverer omhyggeligt valg af materialer og konstruktion for at sikre, at cylinderen kan modst\u00e5 de kr\u00e6fter, der ud\u00f8ves under brug.<\/p>\n<h3>Forsegling og holdbarhed<\/h3>\n<p>Effektiv t\u00e6tning er afg\u00f8rende for hydrauliske cylindre for at forhindre v\u00e6skel\u00e6kage og kontaminering. H\u00f8jkvalitets t\u00e6tninger fremstillet af holdbare materialer skal anvendes for at sikre lang levetid og p\u00e5lidelig ydeevne, is\u00e6r i kr\u00e6vende milj\u00f8er.<\/p>\n<h3>Sikkerhedsfunktioner<\/h3>\n<p>Sikkerhed er altafg\u00f8rende ved design af hydrauliske cylindre. Funktioner som trykaflastningsventiler og sikkerhedsl\u00e5se hj\u00e6lper med at forhindre ulykker og udstyrsfejl under drift. Disse sikkerhedsforanstaltninger er afg\u00f8rende for at beskytte b\u00e5de operat\u00f8ren og maskinen.<\/p>\n<h3>Vedligeholdelsestilg\u00e6ngelighed<\/h3>\n<p>Det er afg\u00f8rende at designe til nem vedligeholdelse. Cylinderen skal muligg\u00f8re nem inspektion og service for at sikre optimal ydeevne i hele dens levetid. Dette inkluderer tilg\u00e6ngelige sm\u00f8repunkter og udskiftelige pakninger.<\/p>\n<p><img decoding=\"async\" src=\"https:\/\/www.hydraulic-cylinders.net\/wp-content\/uploads\/2025\/04\/songte-oil-pipes-and-spare-parts.webp\" alt=\"Hydrauliske dele\"><\/p>\n<h2>T\u00e6tning og sm\u00f8ring<\/h2>\n<p>Effektiv t\u00e6tning og sm\u00f8ring er afg\u00f8rende for hydrauliske cylindres levetid og ydeevne. Forskellige t\u00e6tningstyper, s\u00e5som stempelt\u00e6tninger og stangt\u00e6tninger, anvendes til at forhindre v\u00e6skel\u00e6kager og opretholde trykket. Materialer af h\u00f8j kvalitet som polyurethan og nitrilgummi anvendes almindeligvis for at forbedre slidstyrken. Derudover gennemg\u00e5r cylinderens hus og gevindender en pr\u00e6cis behandling for at forbedre holdbarheden.<\/p>\n<p>Regelm\u00e6ssig sm\u00f8ring med hydraulikolie er ogs\u00e5 afg\u00f8rende for at minimere friktion og slid, hvilket sikrer problemfri drift og forl\u00e6nget levetid. Korrekte vedligeholdelsesrutiner b\u00f8r omfatte kontrol og p\u00e5fyldning af sm\u00f8reniveauer for at opretholde optimal funktion.<\/p>\n<h2>Forebyggende vedligeholdelsesforanstaltninger<\/h2>\n<ul>\n<li><strong>Regelm\u00e6ssige inspektioner:<\/strong> Udf\u00f8r rutinem\u00e6ssige inspektioner for at identificere tegn p\u00e5 slid eller skader p\u00e5 den hydrauliske cylinder og tilh\u00f8rende komponenter.<\/li>\n<li><strong>Passende sm\u00f8ring:<\/strong> S\u00f8rg for, at hydraulikolien har det korrekte niveau og den korrekte tilstand, og p\u00e5f\u00f8r sm\u00f8remiddel efter behov for at forhindre slid.<\/li>\n<li><strong>Udskiftning af pakning:<\/strong> Kontroll\u00e9r regelm\u00e6ssigt pakninger for tegn p\u00e5 nedbrydning, og udskift dem omg\u00e5ende for at forhindre l\u00e6kager.<\/li>\n<\/ul>\n<h2>Installationsvejledning<\/h2>\n<p>Korrekt installation af bomcylinderen er afg\u00f8rende for dens ydeevne. Start med at justere cylinderen med de tilsvarende monteringspunkter p\u00e5 maskinen. Det er vigtigt at bruge passende monteringsbeslag til at fastg\u00f8re cylinderen p\u00e5 plads, og s\u00f8rg for at den er korrekt justeret for at forhindre belastning p\u00e5 komponenterne.<\/p>\n<p>N\u00e5r cylinderen er justeret, skal den fastg\u00f8res med det specificerede hardware i henhold til producentens momentspecifikationer. Efter installationen skal du kontrollere, at den bev\u00e6ger sig korrekt, og foretage de n\u00f8dvendige justeringer for at sikre optimal drift. Regelm\u00e6ssig gennemgang af installationen efter brug vil bidrage til at opretholde cylinderens integritet og ydeevne over tid.<\/p>\n<h2>Almindelige vedligeholdelsesopgaver<\/h2>\n<h3>Regelm\u00e6ssige kontroller<\/h3>\n<p>Rutinem\u00e6ssige kontroller er afg\u00f8rende for at opretholde bomcylinderens funktionalitet. Unders\u00f8g for l\u00e6kager, slid og tegn p\u00e5 skader. Tidlig opdagelse af problemer kan forhindre mere alvorlige problemer, hvilket g\u00f8r regelm\u00e6ssige inspektioner til en vigtig opgave.<\/p>\n<h3>Passende sm\u00f8ring<\/h3>\n<p>Det er afg\u00f8rende at anvende det korrekte sm\u00f8remiddel med passende intervaller for at forhindre slid og sikre problemfri drift. Sm\u00f8ringen b\u00f8r tilpasses cylinderens driftsforhold under hensyntagen til faktorer som temperatur og belastning.<\/p>\n<h3>Udskiftning og kalibrering af pakning<\/h3>\n<p>Pakninger b\u00f8r udskiftes som en del af en regelm\u00e6ssig vedligeholdelsesplan for at forhindre l\u00e6kager. Derudover sikrer en omkalibrering af cylinderen, at den fungerer inden for de angivne parametre, hvilket opretholder effektivitet og sikkerhed under drift.<\/p>\n<p><img decoding=\"async\" src=\"https:\/\/www.hydraulic-cylinders.net\/wp-content\/uploads\/2025\/04\/songte-chushion-collar.webp\" alt=\"Hydraulisk cylinderpudekrave\"><\/p>\n<h2>Sikkerhedshensyn og milj\u00f8faktorer<\/h2>\n<p>Ved brug af hydrauliske cylindre er det afg\u00f8rende at prioritere sikkerhedsforanstaltninger. Operat\u00f8rer skal tr\u00e6nes i at forst\u00e5 de risici, der er forbundet med hydrauliske systemer, herunder potentialet for v\u00e6skeudslip under h\u00f8jt tryk. Beskyttelsesudstyr skal b\u00e6res, og korrekte procedurer skal f\u00f8lges for at minimere ulykker.<\/p>\n<p>Milj\u00f8hensyn er ogs\u00e5 vigtige. Brugen af \u200b\u200bmilj\u00f8venlige hydrauliske v\u00e6sker og korrekte bortskaffelsesmetoder ved udskiftning af gamle v\u00e6sker kan reducere den \u00f8kologiske p\u00e5virkning af hydrauliske maskiner.<\/p>\n<h2>Fejldiagnose og almindelige problemer<\/h2>\n<ul>\n<li><strong>L\u00e6kage:<\/strong> Et af de mest almindelige problemer med hydrauliske cylindre er l\u00e6kage, ofte for\u00e5rsaget af slidte pakninger eller skader p\u00e5 cylinderhuset. Regelm\u00e6ssige inspektioner kan hj\u00e6lpe med at identificere l\u00e6kager tidligt.<\/li>\n<li><strong>Tab af str\u00f8m:<\/strong> Et pludseligt fald i effekten kan v\u00e6re tegn p\u00e5 intern skade eller v\u00e6skeforurening, hvilket kr\u00e6ver \u00f8jeblikkelig opm\u00e6rksomhed for at forhindre yderligere skade.<\/li>\n<li><strong>Us\u00e6dvanlige lyde:<\/strong> M\u00e6rkelige lyde under drift kan v\u00e6re tegn p\u00e5 mekaniske problemer eller utilstr\u00e6kkelig sm\u00f8ring, hvilket berettiger til hurtig unders\u00f8gelse.<\/li>\n<\/ul>\n<p>For effektivt at kunne diagnosticere og l\u00f8se disse problemer b\u00f8r operat\u00f8rer g\u00f8re sig bekendt med de potentielle \u00e5rsager og s\u00f8ge professionel hj\u00e6lp, n\u00e5r det er n\u00f8dvendigt. Implementering af forebyggende foranstaltninger kan reducere sandsynligheden for, at disse problemer opst\u00e5r, betydeligt.<\/p>\n<p><img decoding=\"async\" src=\"https:\/\/www.hydraulic-cylinders.net\/wp-content\/uploads\/2025\/04\/songte-bushings-with-all-kinds-of-excavator-models.webp\" alt=\"Hydrauliske b\u00f8sninger til gravemaskiner\"><\/p>\n<h2>Virksomhedsoversigt<\/h2>\n<p>Vi er en f\u00f8rende producent og grossist af hydrauliske udskiftningscylindre og tilbyder en bred vifte af produkter, der betjener b\u00e5de indenlandske og internationale markeder. Vores engagement i ekspertise afspejles i vores fine fremstillingsprocesser og strategier for industrielle produktionsstyring.<\/p>\n<p>Ved at udnytte banebrydende teknologi og dygtige teknikere forbedrer vi l\u00f8bende vores produktionskapaciteter for at im\u00f8dekomme forskellige kunders behov. Vores fokus p\u00e5 h\u00f8j effektivitet, pr\u00e6cision og kvalitet sikrer, at vi leverer overlegne produkter, der modst\u00e5r kravene fra forskellige brancher.<\/p>\n<p>Vores professionelle certificeringer og kundetilpassede tjenester understreger yderligere vores engagement i kvalitet og kundetilfredshed. Vi er stolte af vores omfattende produktionsudstyr og robuste eftersalgssupport, der sikrer, at vores kunder f\u00e5r den bedst mulige service.<\/p>\n<p><img decoding=\"async\" src=\"https:\/\/www.hydraulic-cylinders.net\/wp-content\/uploads\/2025\/04\/songte-company-4.webp\" alt=\"Virksomhedsoversigt\"><br \/>\n<img decoding=\"async\" src=\"https:\/\/www.hydraulic-cylinders.net\/wp-content\/uploads\/2025\/04\/songte-company-3.webp\" alt=\"Virksomhedens produktionsanl\u00e6g\"><\/p>\n<p>Forfatter: lyl<\/p>","protected":false},"excerpt":{"rendered":"<p>Boom Cylinder For World Small Excavator W265E-8 Definition and Overview of Bucket Cylinder The Boom Cylinder for the World Small Excavator W265E-8 is a crucial component in hydraulic systems, particularly in the operation of heavy machinery like excavators, backhoe loaders, and front loaders. This hydraulic cylinder is specifically designed to control the motion of the [&hellip;]<\/p>","protected":false},"featured_media":17874,"comment_status":"open","ping_status":"closed","template":"","meta":{"_et_pb_use_builder":"","_et_pb_old_content":"","_et_gb_content_width":""},"product_brand":[],"product_cat":[1546],"product_tag":[1547,1496],"class_list":{"0":"post-19460","1":"product","2":"type-product","3":"status-publish","4":"has-post-thumbnail","6":"product_cat-boom-cylinders","7":"product_tag-boom-cylinders","8":"product_tag-hydraulic-cylinders","10":"first","11":"instock","12":"shipping-taxable","13":"product-type-simple"},"amp_enabled":true,"_links":{"self":[{"href":"https:\/\/www.hydraulic-cylinders.net\/da\/wp-json\/wp\/v2\/product\/19460","targetHints":{"allow":["GET"]}}],"collection":[{"href":"https:\/\/www.hydraulic-cylinders.net\/da\/wp-json\/wp\/v2\/product"}],"about":[{"href":"https:\/\/www.hydraulic-cylinders.net\/da\/wp-json\/wp\/v2\/types\/product"}],"replies":[{"embeddable":true,"href":"https:\/\/www.hydraulic-cylinders.net\/da\/wp-json\/wp\/v2\/comments?post=19460"}],"wp:featuredmedia":[{"embeddable":true,"href":"https:\/\/www.hydraulic-cylinders.net\/da\/wp-json\/wp\/v2\/media\/17874"}],"wp:attachment":[{"href":"https:\/\/www.hydraulic-cylinders.net\/da\/wp-json\/wp\/v2\/media?parent=19460"}],"wp:term":[{"taxonomy":"product_brand","embeddable":true,"href":"https:\/\/www.hydraulic-cylinders.net\/da\/wp-json\/wp\/v2\/product_brand?post=19460"},{"taxonomy":"product_cat","embeddable":true,"href":"https:\/\/www.hydraulic-cylinders.net\/da\/wp-json\/wp\/v2\/product_cat?post=19460"},{"taxonomy":"product_tag","embeddable":true,"href":"https:\/\/www.hydraulic-cylinders.net\/da\/wp-json\/wp\/v2\/product_tag?post=19460"}],"curies":[{"name":"wp","href":"https:\/\/api.w.org\/{rel}","templated":true}]}}