{"id":19496,"date":"2025-04-07T06:50:52","date_gmt":"2025-04-07T06:50:52","guid":{"rendered":"https:\/\/www.hydraulic-cylinders.net\/product\/boom-cylinder-for-jove-jv235lc\/"},"modified":"2025-04-07T06:50:54","modified_gmt":"2025-04-07T06:50:54","slug":"boom-cylinder-for-jove-jv235lc","status":"publish","type":"product","link":"https:\/\/www.hydraulic-cylinders.net\/da\/vare\/boom-cylinder-for-jove-jv235lc\/","title":{"rendered":"Bomcylinder til Jove JV235LC"},"content":{"rendered":"<h1>Bomcylinder til Jove JV235LC<\/h1>\n<h2>Produktoversigt<\/h2>\n<p>Bomcylinderen til Jove JV235LC er en specialiseret hydraulisk cylinder designet til at styre bev\u00e6gelsen af \u200b\u200b\u200b\u200bforskellige skovle til tunge maskiner. Denne essentielle komponent spiller en afg\u00f8rende rolle i hydrauliske systemer, is\u00e6r i gravemaskiner, rendegravere og frontl\u00e6ssere. Den g\u00f8r det muligt for skovlen at l\u00f8fte, s\u00e6nke og vippe, hvilket letter effektive materialeh\u00e5ndteringsopgaver. Skovlcylinderen er specielt konstrueret til at modst\u00e5 de strenge krav fra tunge operationer og sikrer optimal funktionalitet i udfordrende milj\u00f8er.<\/p>\n<p><img decoding=\"async\" src=\"https:\/\/www.hydraulic-cylinders.net\/wp-content\/uploads\/2025\/04\/songte-company-1.webp\" alt=\"Hydraulisk cylinder\"><\/p>\n<h2>Funktioner ved bomcylinderen<\/h2>\n<ul>\n<li>\n<h3>H\u00f8j styrke og holdbarhed<\/h3>\n<p>    Bomcylinderen, der typisk er fremstillet af h\u00f8jstyrkest\u00e5l eller aluminium, kan modst\u00e5 h\u00f8jt tryk og tunge belastninger, hvilket g\u00f8r den velegnet til barske arbejdsforhold. Dens design tager h\u00f8jde for slidstyrke og korrosionsbestandighed, hvilket sikrer en forl\u00e6nget levetid.<\/li>\n<li>\n<h3>Effektiv hydraulisk drift<\/h3>\n<p>    Ved at udnytte hydraulisk olietryk opn\u00e5r cylinderen j\u00e6vne forl\u00e6ngelses- og tilbagetr\u00e6kningsbev\u00e6gelser, der reagerer hurtigt p\u00e5 kontrolkommandoer, hvilket giver kraftfulde skubbe- og tr\u00e6kfunktioner, der er ideelle til h\u00e5ndtering af tunge genstande og komplekse opgaver.<\/li>\n<li>\n<h3>Forskellige typer<\/h3>\n<p>    Kunderne kan v\u00e6lge mellem enkeltvirkende (hydraulisk virkning i \u00e9n retning) og dobbeltvirkende cylindre (hydraulisk virkning i begge retninger) for at im\u00f8dekomme forskellige driftsbehov. Visse modeller har teleskopiske designs, der muligg\u00f8r st\u00f8rre udtr\u00e6k uden at \u00f8ge de udvendige dimensioner, hvilket er perfekt til pladsbegr\u00e6nsede applikationer.<\/li>\n<li>\n<h3>Kompatibilitet<\/h3>\n<p>    Vores produkter er designet til perfekt at erstatte disse hydrauliske cylindre og sikre problemfri integration og funktionalitet med eksisterende maskiner.<\/li>\n<li>\n<h3>Kvalitetssikring<\/h3>\n<p>    Vores fremstillingsprocesser f\u00f8lger strenge kvalitetssikringsprotokoller for at sikre, at hver bomcylinder opfylder branchestandarder for ydeevne og p\u00e5lidelighed.<\/li>\n<\/ul>\n<p><img decoding=\"async\" src=\"https:\/\/www.hydraulic-cylinders.net\/wp-content\/uploads\/2025\/04\/songte-cylinder-head-with-all-kinds-excavator-models.webp\" alt=\"Gravemaskinemodeller\"><\/p>\n<h2>Applikationsscenarier<\/h2>\n<ul>\n<li>\n<h3>Entrepren\u00f8rudstyr<\/h3>\n<p>    I gravemaskiner er bomcylinderen afg\u00f8rende for gravning, lastning og flytning af jord eller affald. Den sikrer, at skovlen kan tr\u00e6nge effektivt ned i jorden, samtidig med at den yder den n\u00f8dvendige l\u00f8ftekraft til at l\u00f8fte materialer. I rendegravere hj\u00e6lper skovlcylinderen ikke kun med at grave, men ogs\u00e5 med at l\u00f8fte materialer under byggeprojekter.<\/h3>\n<\/li>\n<li>\n<h3>Landbrugsmaskiner<\/h3>\n<p>    Bomcylinderen, der bruges i frontl\u00e6ssere, er afg\u00f8rende for at opgrave, l\u00f8fte og transportere jord, h\u00f8 og andre materialer. Den sikrer, at udstyret kan fungere effektivt, s\u00e5 landm\u00e6ndene nemt kan h\u00e5ndtere store m\u00e6ngder materialer.<\/h3>\n<\/li>\n<li>\n<h3>Gravemaskiner<\/h3>\n<p>    I gravemaskiner letter bomcylinderen gravearbejdet ved at lade skovlen tr\u00e6nge effektivt ned i jorden, hvilket g\u00f8r det muligt for operat\u00f8rerne at udf\u00f8re graveopgaver hurtigt og effektivt. Dens robuste design sikrer, at den kan h\u00e5ndtere belastningerne ved kontinuerlig drift under forskellige jordforhold.<\/h3>\n<\/li>\n<li>\n<h3>L\u00e6ssere<\/h3>\n<p>    I frontl\u00e6ssere spiller bomcylinderen en afg\u00f8rende rolle i effektiv l\u00f8ftning og t\u00f8mning af laster, hvilket \u00f8ger produktiviteten ved at muligg\u00f8re hurtige cyklustider i materialeh\u00e5ndteringsapplikationer.<\/h3>\n<\/li>\n<\/ul>\n<h2>Designovervejelser og udv\u00e6lgelsesstandarder<\/h2>\n<ul>\n<li>\n<h3>Lastkapacitet<\/h3>\n<p>    Lastkapaciteten er en prim\u00e6r overvejelse ved valg af en bomcylinder. Den skal v\u00e6re i stand til at h\u00e5ndtere den maksimale v\u00e6gt, der vil blive p\u00e5f\u00f8rt under driften, uden at g\u00e5 p\u00e5 kompromis med sikkerhed eller ydeevne. Dette involverer grundig testning og analyse for at sikre, at cylinderen kan modst\u00e5 dynamiske belastninger og uventede belastninger.<\/h3>\n<\/li>\n<li>\n<h3>Forseglingsevne<\/h3>\n<p>    Effektiv t\u00e6tning er afg\u00f8rende for at forhindre l\u00e6kager af hydraulikv\u00e6ske og opretholde optimalt tryk i cylinderen. H\u00f8jkvalitetspakninger fremstillet af materialer som polyurethan og nitrilgummi er afg\u00f8rende for at modst\u00e5 det hydrauliske milj\u00f8s p\u00e5virkninger, samtidig med at de sikrer lang levetid og p\u00e5lidelighed.<\/h3>\n<\/li>\n<li>\n<h3>Holdbarhed<\/h3>\n<p>    Materialerne, der anvendes i konstruktionen af \u200b\u200bbomcylinderen, skal v\u00e6re modstandsdygtige over for slid og korrosion. Valg af h\u00f8jstyrkest\u00e5l eller aluminium kombineret med beskyttende bel\u00e6gninger forbedrer holdbarheden og forl\u00e6nger levetiden under barske arbejdsforhold.<\/h3>\n<\/li>\n<li>\n<h3>Sikkerhedsfunktioner<\/h3>\n<p>    Sikkerhed er altafg\u00f8rende i hydrauliske systemer. Designet b\u00f8r omfatte funktioner, der forhindrer overudstr\u00e6kning eller kollaps. Derudover er sikkerhedsventiler, der aflaster trykket i tilf\u00e6lde af funktionsfejl, afg\u00f8rende for at sikre operat\u00f8rens beskyttelse under brug.<\/h3>\n<\/li>\n<li>\n<h3>Vedligeholdelsestilg\u00e6ngelighed<\/h3>\n<p>    Design af bomcylinderen til nem vedligeholdelse sikrer, at operat\u00f8rer kan udf\u00f8re rutinem\u00e6ssige kontroller og reparationer med minimal nedetid. Dette inkluderer hensyn til adgang til pakninger, sm\u00f8repunkter og nem demontering i forbindelse med reparationer.<\/h3>\n<\/li>\n<\/ul>\n<p><img decoding=\"async\" src=\"https:\/\/www.hydraulic-cylinders.net\/wp-content\/uploads\/2025\/04\/songte-oil-pipes-and-spare-parts.webp\" alt=\"Olier\u00f8r og reservedele\"><\/p>\n<h2>T\u00e6tning og sm\u00f8ring<\/h2>\n<p>Hydrauliske cylindres integritet er i h\u00f8j grad afh\u00e6ngig af effektiv t\u00e6tning og sm\u00f8ring. Forskellige t\u00e6tninger, s\u00e5som stempelt\u00e6tninger og stangt\u00e6tninger, anvendes til at forhindre l\u00e6kager og kontaminering af hydraulisk v\u00e6ske. T\u00e6tninger lavet af slidst\u00e6rke materialer, herunder polyurethan og nitrilgummi, anvendes almindeligvis for at sikre holdbarhed. Derudover gennemg\u00e5r cylinderhuse og gevindsk\u00e5rne endeflader pr\u00e6cisionsbearbejdning for at forbedre slidstyrken. Regelm\u00e6ssig sm\u00f8ring med hydraulikolie er n\u00f8dvendig for at minimere friktion mellem bev\u00e6gelige dele, hvilket sikrer j\u00e6vn drift og forl\u00e6nger komponentens levetid.<\/p>\n<h2>Forebyggende vedligeholdelsesforanstaltninger<\/h2>\n<ul>\n<li>\n<h3>Regelm\u00e6ssige inspektioner<\/h3>\n<p>    Hyppige inspektioner hj\u00e6lper med at identificere slid og potentielle problemer, f\u00f8r de eskalerer. Operat\u00f8rer b\u00f8r kontrollere for v\u00e6skel\u00e6kager, inspicere t\u00e6tninger og fittings og vurdere den hydrauliske cylinders generelle tilstand.<\/h3>\n<\/li>\n<li>\n<h3>Passende sm\u00f8ring<\/h3>\n<p>    Det er afg\u00f8rende at holde den hydrauliske cylinder tilstr\u00e6kkeligt smurt for at forhindre slid og sikre effektiv drift. Operat\u00f8rer b\u00f8r regelm\u00e6ssigt kontrollere og efterfylde hydraulikv\u00e6skeniveauet efter behov.<\/h3>\n<\/li>\n<li>\n<h3>Udskiftning af pakning<\/h3>\n<p>    Med tiden kan pakninger slides op og kr\u00e6ve udskiftning. Regelm\u00e6ssig overv\u00e5gning af pakningernes tilstand og rettidig udskiftning er afg\u00f8rende for at opretholde hydraulisk integritet og ydeevne.<\/h3>\n<\/li>\n<\/ul>\n<h2>Installationsvejledning<\/h2>\n<p>Korrekt installation af bomcylinderen er afg\u00f8rende for optimal ydeevne og sikkerhed. Start med at sikre, at alle komponenter er rene og fri for snavs. Juster cylinderen n\u00f8jagtigt med monteringspunkterne for at forhindre forkert justering, hvilket kan f\u00f8re til for tidligt slid eller svigt. Brug passende monteringsbeslag til at fastg\u00f8re cylinderen p\u00e5 plads, og s\u00f8rg for, at den er fastgjort og stabil. Efter installation skal du dobbelttjekke, at de hydrauliske forbindelser er t\u00e6tte og fri for l\u00e6kager. F\u00f8r du betjener maskinen, skal du udf\u00f8re en testk\u00f8rsel for at sikre, at cylinderen fungerer korrekt og reagerer p\u00e5 kontrolinput uden problemer.<\/p>\n<h2>Almindelige vedligeholdelsesopgaver<\/h2>\n<ul>\n<li>\n<h3>Regelm\u00e6ssige inspektioner<\/h3>\n<p>    Periodiske inspektioner hj\u00e6lper med at identificere tidlige tegn p\u00e5 slid eller forest\u00e5ende svigt. Det er afg\u00f8rende at udvikle en rutinem\u00e6ssig inspektionsplan for at opretholde optimal ydeevne og forhindre uventet nedetid.<\/h3>\n<\/li>\n<li>\n<h3>Korrekt sm\u00f8ring<\/h3>\n<p>    Ved at sikre, at den hydrauliske cylinder er velsmurt, minimeres friktion og slid. Operat\u00f8rer b\u00f8r overholde producentens anbefalinger vedr\u00f8rende sm\u00f8reintervaller og v\u00e6sketyper for at opretholde systemets integritet.<\/h3>\n<\/li>\n<li>\n<h3>Udskiftning af pakninger og kalibreringskontroller<\/h3>\n<p>    Rettidig udskiftning af pakninger er n\u00f8dvendig for at forhindre l\u00e6kager og opretholde hydraulisk effektivitet. Regelm\u00e6ssige kalibreringskontroller sikrer, at cylinderen fungerer inden for de specificerede parametre, og kan hj\u00e6lpe med at undg\u00e5 driftsproblemer.<\/h3>\n<\/li>\n<\/ul>\n<p><img decoding=\"async\" src=\"https:\/\/www.hydraulic-cylinders.net\/wp-content\/uploads\/2025\/04\/songte-chushion-collar.webp\" alt=\"Pudekrave\"><\/p>\n<h2>Sikkerhedshensyn og milj\u00f8faktorer<\/h2>\n<p>N\u00e5r man arbejder med hydrauliske systemer, er sikkerhedsforanstaltninger altafg\u00f8rende. Operat\u00f8rer b\u00f8r tr\u00e6nes i korrekt h\u00e5ndtering og betjening af hydrauliske maskiner for at minimere risici forbundet med tryksystemer. Implementering af sikkerhedsprotokoller, s\u00e5som at b\u00e6re beskyttelsesudstyr og sikre korrekte l\u00e5se-\/m\u00e6rkningsprocedurer under vedligeholdelse, er afg\u00f8rende. Derudover er det afg\u00f8rende at tage hensyn til milj\u00f8faktorer, s\u00e5som indd\u00e6mning af hydrauliske v\u00e6sker og korrekt bortskaffelse af forurenede materialer, for at minimere den \u00f8kologiske p\u00e5virkning af hydrauliske operationer.<\/p>\n<h2>Fejlfinding og almindelige problemer<\/h2>\n<ul>\n<li>\n<h3>Hydrauliske l\u00e6kager<\/h3>\n<p>    L\u00e6kager kan opst\u00e5 p\u00e5 grund af slidte pakninger eller beskadigede fittings. Det er afg\u00f8rende at identificere kilden til l\u00e6kagen for effektiv reparation. Operat\u00f8rer b\u00f8r inspicere pakninger og forbindelser regelm\u00e6ssigt og udskifte slidte dele omg\u00e5ende for at forhindre tab af hydraulisk tryk.<\/h3>\n<\/li>\n<li>\n<h3>Langsom eller uj\u00e6vn bev\u00e6gelse<\/h3>\n<p>    Hvis cylinderen ikke tr\u00e6kkes j\u00e6vnt ud eller ind, kan det v\u00e6re tegn p\u00e5 problemer med hydraulikv\u00e6skeniveauer eller intern skade. Operat\u00f8rer b\u00f8r kontrollere v\u00e6skeniveauer og inspicere cylinderen for eventuelle forhindringer eller skader, der kan hindre bev\u00e6gelsen.<\/h3>\n<\/li>\n<li>\n<h3>Overdreven st\u00f8j<\/h3>\n<p>    Us\u00e6dvanlige lyde under drift kan v\u00e6re tegn p\u00e5 indvendig slitage eller utilstr\u00e6kkelig sm\u00f8ring. Operat\u00f8rer b\u00f8r straks afhj\u00e6lpe eventuelle st\u00f8jproblemer ved at inspicere cylinderen og sikre, at den er tilstr\u00e6kkeligt smurt.<\/h3>\n<\/li>\n<\/ul>\n<h2>Tips til fejlfinding<\/h2>\n<p>For effektivt at diagnosticere og l\u00f8se problemer b\u00f8r operat\u00f8rer f\u00f8lge systematiske fejlfindingstrin. Start med at kontrollere hydraulikv\u00e6skeniveauer og efterfylde efter behov. Inspicer alle t\u00e6tninger og forbindelser for tegn p\u00e5 slid eller l\u00e6kager. Lyt efter eventuelle us\u00e6dvanlige lyde under drift, som kan indikere interne problemer. Implementer forebyggende foranstaltninger, s\u00e5som regelm\u00e6ssig vedligeholdelse og rettidige reparationer, for at reducere sandsynligheden for tilbagevendende problemer. At f\u00f8re en detaljeret vedligeholdelseslog kan ogs\u00e5 hj\u00e6lpe med at identificere m\u00f8nstre, der kan f\u00f8re til fejl.<\/p>\n<p><img decoding=\"async\" src=\"https:\/\/www.hydraulic-cylinders.net\/wp-content\/uploads\/2025\/04\/songte-bushings-with-all-kinds-of-excavator-models.webp\" alt=\"B\u00f8sninger med gravemaskinemodeller\"><\/p>\n<h2>Om vores virksomhed<\/h2>\n<p>Vi er en f\u00f8rende producent af hydrauliske udskiftningscylindre og tilbyder et omfattende udvalg af produkter, der har etableret os som en af \u200b\u200bde f\u00f8rende producenter og grossister p\u00e5 b\u00e5de indenlandske og internationale markeder. Vores engagement i ekspertise afspejles i vores finjusterede produktionsstrategier, der udnytter avanceret teknologisk talent, avanceret digitalt produktionsudstyr og robuste testsystemer. Vi forbedrer l\u00f8bende vores produktionsplatform og forbedrer produktkvaliteten gennem omhyggelige produktionsprocesser. Vores evner g\u00f8r det muligt for os effektivt at im\u00f8dekomme forskellige kundebehov med h\u00f8j pr\u00e6cision og kvalitet.<\/p>\n<p><img decoding=\"async\" src=\"https:\/\/www.hydraulic-cylinders.net\/wp-content\/uploads\/2025\/04\/songte-company-4.webp\" alt=\"Virksomhedens image\"><br \/>\n<img decoding=\"async\" src=\"https:\/\/www.hydraulic-cylinders.net\/wp-content\/uploads\/2025\/04\/songte-company-3.webp\" alt=\"Virksomhedens image\"><\/p>\n<p>Forfatter: lyl<\/p>","protected":false},"excerpt":{"rendered":"<p>Boom Cylinder For Jove JV235LC Product Overview The Boom Cylinder for Jove JV235LC is a specialized hydraulic cylinder designed to control the movement of various heavy machinery buckets. This essential component plays a critical role in hydraulic systems, particularly in excavators, backhoe loaders, and front-end loaders. It enables the bucket to lift, lower, and tilt, [&hellip;]<\/p>","protected":false},"featured_media":17880,"comment_status":"open","ping_status":"closed","template":"","meta":{"_et_pb_use_builder":"","_et_pb_old_content":"","_et_gb_content_width":""},"product_brand":[],"product_cat":[1546],"product_tag":[1547,1496],"class_list":{"0":"post-19496","1":"product","2":"type-product","3":"status-publish","4":"has-post-thumbnail","6":"product_cat-boom-cylinders","7":"product_tag-boom-cylinders","8":"product_tag-hydraulic-cylinders","10":"first","11":"instock","12":"shipping-taxable","13":"product-type-simple"},"amp_enabled":true,"_links":{"self":[{"href":"https:\/\/www.hydraulic-cylinders.net\/da\/wp-json\/wp\/v2\/product\/19496","targetHints":{"allow":["GET"]}}],"collection":[{"href":"https:\/\/www.hydraulic-cylinders.net\/da\/wp-json\/wp\/v2\/product"}],"about":[{"href":"https:\/\/www.hydraulic-cylinders.net\/da\/wp-json\/wp\/v2\/types\/product"}],"replies":[{"embeddable":true,"href":"https:\/\/www.hydraulic-cylinders.net\/da\/wp-json\/wp\/v2\/comments?post=19496"}],"wp:featuredmedia":[{"embeddable":true,"href":"https:\/\/www.hydraulic-cylinders.net\/da\/wp-json\/wp\/v2\/media\/17880"}],"wp:attachment":[{"href":"https:\/\/www.hydraulic-cylinders.net\/da\/wp-json\/wp\/v2\/media?parent=19496"}],"wp:term":[{"taxonomy":"product_brand","embeddable":true,"href":"https:\/\/www.hydraulic-cylinders.net\/da\/wp-json\/wp\/v2\/product_brand?post=19496"},{"taxonomy":"product_cat","embeddable":true,"href":"https:\/\/www.hydraulic-cylinders.net\/da\/wp-json\/wp\/v2\/product_cat?post=19496"},{"taxonomy":"product_tag","embeddable":true,"href":"https:\/\/www.hydraulic-cylinders.net\/da\/wp-json\/wp\/v2\/product_tag?post=19496"}],"curies":[{"name":"wp","href":"https:\/\/api.w.org\/{rel}","templated":true}]}}