{"id":19521,"date":"2025-04-07T06:52:03","date_gmt":"2025-04-07T06:52:03","guid":{"rendered":"https:\/\/www.hydraulic-cylinders.net\/product\/boom-cylinder-for-carter-ct85-8a-8b\/"},"modified":"2025-04-07T06:52:06","modified_gmt":"2025-04-07T06:52:06","slug":"boom-cylinder-for-carter-ct85-8a-8b","status":"publish","type":"product","link":"https:\/\/www.hydraulic-cylinders.net\/da\/vare\/boom-cylinder-for-carter-ct85-8a-8b\/","title":{"rendered":"Bomcylinder til Carter CT85-8A-8B"},"content":{"rendered":"<h1>Bomcylinder til Carter CT85-8A-8B<\/h1>\n<h2>Introduktion til bomcylindre<\/h2>\n<p>De <strong>Bomcylinder<\/strong> er en afg\u00f8rende komponent i hydrauliske systemer, specielt designet til at styre bev\u00e6gelsen af \u200b\u200bskovle i forskellige tunge maskiner, s\u00e5som gravemaskiner, rendegravere og frontl\u00e6ssere. Disse cylindre g\u00f8r det muligt for skovlen at l\u00f8fte, s\u00e6nke og vippe, hvilket letter materialeh\u00e5ndteringsopgaver. Funktionaliteten af \u200b\u200bbomcylindre er afg\u00f8rende for effektiv drift i bygge- og graveprojekter.<\/p>\n<p><img decoding=\"async\" src=\"https:\/\/www.hydraulic-cylinders.net\/wp-content\/uploads\/2025\/04\/songte-company-1.webp\" alt=\"Bomcylinder\" \/><\/p>\n<h3>Hvad er en bomcylinder?<\/h3>\n<p>En bomcylinder er en type hydraulisk cylinder, der bruges til at styre de lodrette og vandrette bev\u00e6gelser af en bom eller arm i tungt udstyr. Ved at omdanne hydraulisk tryk til line\u00e6r bev\u00e6gelse giver disse cylindre den n\u00f8dvendige kraft til at udf\u00f8re l\u00f8fte- og graveoperationer. Design og konstruktion af bomcylindre involverer h\u00f8jstyrkematerialer for at modst\u00e5 ekstreme driftsforhold, samtidig med at holdbarhed og p\u00e5lidelighed sikres.<\/p>\n<h2>Funktioner ved bomcylinderen<\/h2>\n<ul>\n<li><strong>H\u00f8j styrke og holdbarhed:<\/strong> Disse cylindre er fremstillet af h\u00f8jstyrkest\u00e5l eller aluminium og kan modst\u00e5 h\u00f8jt tryk og tunge belastninger, hvilket g\u00f8r dem velegnede til barske arbejdsmilj\u00f8er.<\/li>\n<li><strong>Effektiv hydraulisk drift:<\/strong> Bomcylinderen fungerer j\u00e6vnt og bruger hydraulikolietrykket til at opn\u00e5 hurtig ud- og indtr\u00e6kning, hvilket giver robust tr\u00e6k-skubbekraft til h\u00e5ndtering af tunge materialer.<\/li>\n<li><strong>Forskellige typer:<\/strong> Cylindre f\u00e5s i enkeltvirkende og dobbeltvirkende varianter for at opfylde forskellige driftskrav, hvor nogle modeller tilbyder teleskopiske designs for udvidet r\u00e6kkevidde uden at \u00f8ge de udvendige dimensioner.<\/li>\n<li><strong>Tilpasseligt design:<\/strong> Bomcylindre kan skr\u00e6ddersys til specifikke maskinkrav, hvilket sikrer optimal ydeevne i forskellige anvendelser.<\/li>\n<li><strong>Vedligeholdelsesvenlig:<\/strong> Disse cylindre er designet til nem vedligeholdelse og muligg\u00f8r enkle inspektioner og reparationer for at sikre lang levetid.<\/li>\n<\/ul>\n<h2>Vores produktionskapaciteter<\/h2>\n<p>Vi specialiserer os i produktion af bomcylindre af h\u00f8j kvalitet og kan tilbyde perfekte erstatninger for eksisterende hydrauliske cylindre p\u00e5 markedet.<\/p>\n<p><img decoding=\"async\" src=\"https:\/\/www.hydraulic-cylinders.net\/wp-content\/uploads\/2025\/04\/songte-cylinder-head-with-all-kinds-excavator-models.webp\" alt=\"Fremstilling af hydrauliske cylindre\" \/><\/p>\n<h2>Anvendelser af bomcylinderen<\/h2>\n<h3>Entrepren\u00f8rudstyr<\/h3>\n<p>I gravemaskiner er bomcylindre afg\u00f8rende for gravning, lastning og flytning af jord eller affald. De giver den n\u00f8dvendige kraft, s\u00e5 skovlen kan tr\u00e6nge ned i jorden og l\u00f8fte tunge l\u00e6s effektivt. Den pr\u00e6cisionskontrol, som disse cylindre tilbyder, g\u00f8r det muligt for operat\u00f8rer at udf\u00f8re komplicerede bev\u00e6gelser, hvilket g\u00f8r dem uvurderlige i forbindelse med entrepren\u00f8ropgaver.<\/p>\n<h3>Landbrugsmaskiner<\/h3>\n<p>I frontl\u00e6ssere er bomcylindrene ansvarlige for at opsamle, l\u00f8fte og transportere jord, h\u00f8 og andre materialer. Evnen til at kontrollere skovlens vinkel og h\u00f8jde sikrer effektiv l\u00e6sning og losning, hvilket er afg\u00f8rende i landbrugsdrift, hvor tid og effektivitet er afg\u00f8rende.<\/p>\n<h3>Gravemaskiner<\/h3>\n<p>Bomcylinderen g\u00f8r det muligt for gravemaskiner at tr\u00e6nge ned i jorden med skovlen, hvilket g\u00f8r gravearbejdet hurtigt og effektivt. Det hydrauliske systems responsivitet muligg\u00f8r detaljeret gravearbejde, hvilket sikrer, at projekterne udf\u00f8res i henhold til specifikationerne og inden for deadlines.<\/p>\n<h3>L\u00e6ssere<\/h3>\n<p>I frontl\u00e6ssere hj\u00e6lper bomcylindre med effektivt at l\u00f8fte og t\u00f8mme materialer. Den hydrauliske kraft, som disse cylindre leverer, sikrer, at tunge materialer kan h\u00e5ndteres med lethed, hvilket forbedrer produktiviteten p\u00e5 arbejdspladsen.<\/p>\n<h2>Designovervejelser og udv\u00e6lgelseskriterier<\/h2>\n<h3>Lastkapacitet<\/h3>\n<p>N\u00e5r man v\u00e6lger en bomcylinder, er det vigtigt at overveje dens lasteevne. Cylinderen skal kunne l\u00f8fte og underst\u00f8tte den maksimale v\u00e6gt af de materialer, den h\u00e5ndterer, uden at risikere svigt. Dette involverer ikke kun materialernes v\u00e6gt, men ogs\u00e5 de dynamiske kr\u00e6fter, der opst\u00e5r under drift.<\/p>\n<h3>Forsegling og holdbarhed<\/h3>\n<p>Effektiv t\u00e6tning er afg\u00f8rende for at forhindre l\u00e6kager af hydraulikv\u00e6ske, hvilket kan f\u00f8re til reduceret ydeevne og \u00f8get vedligeholdelsesbehov. T\u00e6tninger af h\u00f8j kvalitet skal anvendes for at sikre holdbarhed, og materialerne skal kunne modst\u00e5 slid i driftsmilj\u00f8et.<\/p>\n<h3>Sikkerhedsfunktioner<\/h3>\n<p>Sikkerhed er altafg\u00f8rende ved design af bomcylindre. Funktioner som overbelastningsbeskyttelse og passende sikkerhedsventiler b\u00f8r integreres for at forhindre ulykker som f\u00f8lge af hydraulisk svigt.<\/p>\n<h3>Vedligeholdelse og reparationsmuligheder<\/h3>\n<p>En veldesignet cylinder skal muligg\u00f8re nem vedligeholdelse og reparation. Adgangspunkter til inspektioner og udskiftning af pakninger og fittings skal v\u00e6re let tilg\u00e6ngelige for at minimere nedetid og holde driften k\u00f8rende problemfrit.<\/p>\n<p><img decoding=\"async\" src=\"https:\/\/www.hydraulic-cylinders.net\/wp-content\/uploads\/2025\/04\/songte-oil-pipes-and-spare-parts.webp\" alt=\"Hydrauliske cylinderdele\" \/><\/p>\n<h2>T\u00e6tning og sm\u00f8ring<\/h2>\n<p>Korrekt t\u00e6tning og sm\u00f8ring er afg\u00f8rende for bomcylindrenes levetid og effektivitet. Forskellige t\u00e6tninger, s\u00e5som stempelt\u00e6tninger og stangt\u00e6tninger, anvendes for at minimere l\u00e6kage. T\u00e6tninger lavet af materialer som polyurethan og nitrilgummi anvendes almindeligvis p\u00e5 grund af deres slidstyrke. Derudover er cylinderhuset og gevindfladerne fint forarbejdet for at forbedre slidstyrken. Regelm\u00e6ssig sm\u00f8ring med hydraulikolie er n\u00f8dvendig for at sikre problemfri drift og forhindre slid.<\/p>\n<h2>Forebyggende vedligeholdelsesforanstaltninger<\/h2>\n<ul>\n<li><strong>Regelm\u00e6ssige inspektioner:<\/strong> Kontroller for tegn p\u00e5 slid, l\u00e6kage eller skader p\u00e5 cylinderen og dens komponenter. Tidlig opdagelse kan forhindre st\u00f8rre fejl.<\/li>\n<li><strong>Passende sm\u00f8ring:<\/strong> S\u00f8rg for, at hydraulikolie fyldes regelm\u00e6ssigt p\u00e5, og at den korrekte type olie anvendes for at opretholde driftseffektiviteten.<\/li>\n<li><strong>Udskiftning af pakning:<\/strong> Overv\u00e5g pakningerne for slid, og udskift dem efter behov for at forhindre l\u00e6kager af hydraulikv\u00e6ske og opretholde ydeevnen.<\/li>\n<\/ul>\n<h2>Installationsvejledning<\/h2>\n<p>Korrekt installation af bomcylinderen er afg\u00f8rende for optimal ydeevne. Start med at sikre, at monteringsfladerne p\u00e5 b\u00e5de cylinderen og maskinen er rene og fri for snavs. Brug passende monteringsbeslag til at fastg\u00f8re cylinderen p\u00e5 plads, og s\u00f8rg for, at den er korrekt justeret i forhold til de hydrauliske ledninger. Kontroller, at alle hydrauliske forbindelser er t\u00e6tte og fri for l\u00e6kager f\u00f8r brug. Efter installation er det vigtigt at teste systemet for at verificere, at cylinderen fungerer problemfrit og effektivt.<\/p>\n<h2>Almindelige vedligeholdelsesopgaver<\/h2>\n<h3>Regelm\u00e6ssige inspektioner<\/h3>\n<p>Rutinem\u00e6ssige inspektioner er afg\u00f8rende for at identificere potentielle problemer tidligt. Kontroller for tegn p\u00e5 slid eller skader, og s\u00f8rg for, at det hydrauliske system fungerer korrekt. Tidlig opdagelse kan forhindre dyre reparationer og sikre sikkerheden.<\/p>\n<h3>Korrekt sm\u00f8ring<\/h3>\n<p>Det er afg\u00f8rende at opretholde korrekt sm\u00f8ring for en problemfri drift af bomcylinderen. Kontroller regelm\u00e6ssigt hydraulikolieniveauet, og s\u00f8rg for, at den korrekte type olie anvendes, da dette vil forbedre cylinderens ydeevne og levetid betydeligt.<\/p>\n<h3>Udskiftning af pakninger og kalibreringskontroller<\/h3>\n<p>Udskiftning af slidte pakninger er afg\u00f8rende for at forhindre l\u00e6kager af hydraulikv\u00e6ske. Derudover sikrer kalibreringskontroller, at cylinderen fungerer optimalt, hvilket opretholder effektivitet og sikkerhed under drift.<\/p>\n<p><img decoding=\"async\" src=\"https:\/\/www.hydraulic-cylinders.net\/wp-content\/uploads\/2025\/04\/songte-chushion-collar.webp\" alt=\"Pudekrave\" \/><\/p>\n<h2>Sikkerhedshensyn og milj\u00f8faktorer<\/h2>\n<p>Det er afg\u00f8rende at implementere sikkerhedsforanstaltninger under brug af bomcylindre. Operat\u00f8rer b\u00f8r tr\u00e6nes i korrekt brug for at minimere ulykker. Milj\u00f8faktorer, s\u00e5som ekstreme temperaturer og fugt, kan p\u00e5virke hydrauliske systemers ydeevne, og der b\u00f8r tr\u00e6ffes beskyttelsesforanstaltninger for at sikre holdbarhed.<\/p>\n<h2>Fejlfinding og almindelige problemer<\/h2>\n<ul>\n<li><strong>L\u00e6kage af hydraulisk v\u00e6ske:<\/strong> Dette kan skyldes slidte pakninger eller beskadigede slanger. Unders\u00f8g og udskift pakningerne efter behov.<\/li>\n<li><strong>Langsom drift:<\/strong> Hvis cylinderen k\u00f8rer langsomt, skal du kontrollere hydraulikoliestanden og sikre dig, at der ikke er blokeringer i systemet.<\/li>\n<li><strong>Us\u00e6dvanlige lyde:<\/strong> St\u00f8j under drift kan v\u00e6re tegn p\u00e5 intern skade eller manglende sm\u00f8ring. Unders\u00f8g og ret eventuelle uregelm\u00e6ssigheder omg\u00e5ende.<\/li>\n<\/ul>\n<h2>Tips til fejlfinding<\/h2>\n<p>For effektivt at diagnosticere problemer med din bomcylinder skal du starte med at unders\u00f8ge hydraulikv\u00e6skeniveauerne og kontrollere for l\u00e6kager. Regelm\u00e6ssig vedligeholdelse kan forhindre mange problemer. Hvis problemerne forts\u00e6tter, skal du kontakte en professionel for omfattende diagnosticering og reparationer.<\/p>\n<p><img decoding=\"async\" src=\"https:\/\/www.hydraulic-cylinders.net\/wp-content\/uploads\/2025\/04\/songte-bushings-with-all-kinds-of-excavator-models.webp\" alt=\"Gravemaskineb\u00f8sninger\" \/><\/p>\n<h2>Virksomhedsoversigt<\/h2>\n<p>Vi er en f\u00f8rende producent af hydrauliske udskiftningscylindre, veletablerede p\u00e5 b\u00e5de indenlandske og internationale markeder. Vores engagement i ekspertise afspejles i vores brede produktsortiment. Vi anvender en finjusteret produktionsstrategi med v\u00e6gt p\u00e5 kvalitet og pr\u00e6cision. Vores dygtige teknikere og avancerede digitale produktionsudstyr forbedrer vores produktionskapacitet og sikrer, at vi effektivt im\u00f8dekommer forskellige kundebehov.<\/p>\n<h3>Professionalisme og international certificering<\/h3>\n<p>Vores produkter opfylder internationale standarder, hvilket giver vores kunder ro i sindet. Vi tilbyder skr\u00e6ddersyede tjenester, der opfylder specifikke behov, og sikrer kvalitetskontrol i alle produktionsfaser.<\/p>\n<h3>Produktionsudstyr<\/h3>\n<p>Vores topmoderne produktionsudstyr sikrer h\u00f8j effektivitet og pr\u00e6cision i fremstillingen. Dette g\u00f8r det muligt for os at opretholde en h\u00f8j produktkvalitet, samtidig med at vi overholder produktionsfristerne.<\/p>\n<h3>Eftersalgsservice<\/h3>\n<p>Vi er stolte af vores solide eftersalgssupport, der sikrer kundetilfredshed gennem p\u00e5lidelig service og vejledning efter k\u00f8bet. Vores team er altid tilg\u00e6ngeligt for at besvare eventuelle sp\u00f8rgsm\u00e5l eller bekymringer.<\/p>\n<p><img decoding=\"async\" src=\"https:\/\/www.hydraulic-cylinders.net\/wp-content\/uploads\/2025\/04\/songte-company-4.webp\" alt=\"Hydraulisk cylinderfirma\" \/><br \/>\n<img decoding=\"async\" src=\"https:\/\/www.hydraulic-cylinders.net\/wp-content\/uploads\/2025\/04\/songte-company-3.webp\" alt=\"Virksomhedsoversigt\" \/><\/p>\n<p>Forfatter: lyl<\/p>","protected":false},"excerpt":{"rendered":"<p>Boom Cylinder For Carter CT85-8A-8B Introduction to Boom Cylinders The Boom Cylinder is a crucial component in hydraulic systems, specifically designed to control the motion of buckets in various heavy machinery, such as excavators, backhoe loaders, and front loaders. These cylinders enable the bucket to lift, lower, and tilt, which facilitates material handling tasks. The [&hellip;]<\/p>","protected":false},"featured_media":17874,"comment_status":"open","ping_status":"closed","template":"","meta":{"_et_pb_use_builder":"","_et_pb_old_content":"","_et_gb_content_width":""},"product_brand":[],"product_cat":[1546],"product_tag":[1547,1496],"class_list":{"0":"post-19521","1":"product","2":"type-product","3":"status-publish","4":"has-post-thumbnail","6":"product_cat-boom-cylinders","7":"product_tag-boom-cylinders","8":"product_tag-hydraulic-cylinders","10":"first","11":"instock","12":"shipping-taxable","13":"product-type-simple"},"amp_enabled":true,"_links":{"self":[{"href":"https:\/\/www.hydraulic-cylinders.net\/da\/wp-json\/wp\/v2\/product\/19521","targetHints":{"allow":["GET"]}}],"collection":[{"href":"https:\/\/www.hydraulic-cylinders.net\/da\/wp-json\/wp\/v2\/product"}],"about":[{"href":"https:\/\/www.hydraulic-cylinders.net\/da\/wp-json\/wp\/v2\/types\/product"}],"replies":[{"embeddable":true,"href":"https:\/\/www.hydraulic-cylinders.net\/da\/wp-json\/wp\/v2\/comments?post=19521"}],"wp:featuredmedia":[{"embeddable":true,"href":"https:\/\/www.hydraulic-cylinders.net\/da\/wp-json\/wp\/v2\/media\/17874"}],"wp:attachment":[{"href":"https:\/\/www.hydraulic-cylinders.net\/da\/wp-json\/wp\/v2\/media?parent=19521"}],"wp:term":[{"taxonomy":"product_brand","embeddable":true,"href":"https:\/\/www.hydraulic-cylinders.net\/da\/wp-json\/wp\/v2\/product_brand?post=19521"},{"taxonomy":"product_cat","embeddable":true,"href":"https:\/\/www.hydraulic-cylinders.net\/da\/wp-json\/wp\/v2\/product_cat?post=19521"},{"taxonomy":"product_tag","embeddable":true,"href":"https:\/\/www.hydraulic-cylinders.net\/da\/wp-json\/wp\/v2\/product_tag?post=19521"}],"curies":[{"name":"wp","href":"https:\/\/api.w.org\/{rel}","templated":true}]}}