{"id":19564,"date":"2025-04-07T06:54:50","date_gmt":"2025-04-07T06:54:50","guid":{"rendered":"https:\/\/www.hydraulic-cylinders.net\/product\/boom-cylinder-for-yishan-ys70\/"},"modified":"2025-04-07T06:54:52","modified_gmt":"2025-04-07T06:54:52","slug":"boom-cylinder-for-yishan-ys70","status":"publish","type":"product","link":"https:\/\/www.hydraulic-cylinders.net\/da\/vare\/boom-cylinder-for-yishan-ys70\/","title":{"rendered":"Bomcylinder til Yishan YS70"},"content":{"rendered":"<h1>Bomcylinder til Yishan YS70<\/h1>\n<h2>Introduktion til bomcylinder<\/h2>\n<p>Bomcylinderen er en afg\u00f8rende komponent i hydrauliske systemer, specielt designet til at styre bev\u00e6gelsen af \u200b\u200bskovle i tunge maskiner s\u00e5som gravemaskiner, rendegravere og frontl\u00e6ssere. Den muligg\u00f8r l\u00f8ft, s\u00e6nkning og vipning af skovlen, hvilket letter effektive materialeh\u00e5ndteringsopgaver. Denne type hydraulisk cylinder spiller en v\u00e6sentlig rolle i at forbedre ydeevnen og alsidigheden af \u200b\u200bentrepren\u00f8rudstyr.<\/p>\n<p>Som en hydraulisk cylinder bruger bomcylinderen hydraulisk v\u00e6ske til at producere line\u00e6r bev\u00e6gelse. Ved at manipulere trykket i hydraulikv\u00e6sken kan operat\u00f8rer opn\u00e5 pr\u00e6cise bev\u00e6gelser, som er afg\u00f8rende for opgaver som gravning, lastning og transport af materialer.<\/p>\n<p><img decoding=\"async\" src=\"https:\/\/www.hydraulic-cylinders.net\/wp-content\/uploads\/2025\/04\/songte-company-1.webp\" alt=\"Billede af bomcylinder\" \/><\/p>\n<h2>Funktioner ved bomcylinder<\/h2>\n<ul>\n<li>\n<h3>H\u00f8j styrke og holdbarhed<\/h3>\n<p>Bomcylinderen, der typisk er fremstillet af h\u00f8jstyrkest\u00e5l eller aluminium, er konstrueret til at modst\u00e5 h\u00f8jt tryk og tunge belastninger, hvilket g\u00f8r den velegnet til barske arbejdsmilj\u00f8er. Designet tager h\u00f8jde for slidstyrke og korrosionsbeskyttelse, hvilket forl\u00e6nger dens levetid.<\/li>\n<li>\n<h3>Effektiv hydraulisk drift<\/h3>\n<p>Bomcylinderen bruger hydraulisk olietryk til j\u00e6vn ud- og indtr\u00e6kning, hvilket muligg\u00f8r hurtig reaktion p\u00e5 f\u00f8rerkommandoer og leverer kraftige skubbe- og tr\u00e6kkr\u00e6fter, som er ideelle til h\u00e5ndtering af tunge genstande og komplekse opgaver.<\/li>\n<li>\n<h3>Forskellige cylindertyper<\/h3>\n<p>Bomcylinderen f\u00e5s i forskellige typer, herunder enkeltvirkende (fungerer i \u00e9n retning) og dobbeltvirkende (fungerer i begge retninger) cylindre. Visse modeller er teleskopiske, hvilket giver mulighed for st\u00f8rre udtr\u00e6k uden at \u00f8ge de udvendige dimensioner, hvilket g\u00f8r dem velegnede til trange rum.<\/li>\n<\/ul>\n<p>Vores produkter kan perfekt erstatte eksisterende hydrauliske cylindre, hvilket sikrer kompatibilitet og p\u00e5lidelighed.<\/p>\n<p><img decoding=\"async\" src=\"https:\/\/www.hydraulic-cylinders.net\/wp-content\/uploads\/2025\/04\/songte-cylinder-head-with-all-kinds-excavator-models.webp\" alt=\"Gravemaskinemodeller\" \/><\/p>\n<h2>Anvendelser af bomcylinder<\/h2>\n<h3>Entrepren\u00f8rudstyr<\/h3>\n<p>I gravemaskiner er bomcylindre afg\u00f8rende for gravning, lastning og flytning af jord eller affald. Det hydrauliske system muligg\u00f8r pr\u00e6cis kontrol over skovlens bev\u00e6gelse, s\u00e5 f\u00f8reren kan udf\u00f8re forskellige opgaver effektivt. I rendegravere hj\u00e6lper bomcylinderen med b\u00e5de udgravnings- og l\u00f8fteoperationer, hvilket forbedrer maskinens alsidighed.<\/p>\n<h3>Landbrugsmaskiner<\/h3>\n<p>I frontl\u00e6ssere bruges bomcylindre til at udgrave, l\u00f8fte og transportere jord, h\u00f8 og andre materialer. Ved at muligg\u00f8re effektive l\u00f8fte- og t\u00f8mningshandlinger forbedrer disse cylindre produktiviteten betydeligt p\u00e5 g\u00e5rde og i landbrugsmilj\u00f8er.<\/p>\n<h3>Gravemaskiner<\/h3>\n<p>Bomcylindre g\u00f8r det muligt for skovlen at tr\u00e6nge effektivt ned i jorden, hvilket letter gravearbejdet. Den hydrauliske kraft g\u00f8r det muligt for skovlen at ud\u00f8ve den n\u00f8dvendige kraft til at bryde igennem vanskelige overflader, hvilket g\u00f8r den til et vigtigt element i byggeri og jordudvikling.<\/p>\n<h3>L\u00e6ssere<\/h3>\n<p>I frontl\u00e6ssere hj\u00e6lper bomcylindre med at l\u00f8fte og losse last effektivt. Deres design muligg\u00f8r j\u00e6vn artikulation og kontrol, hvilket forbedrer l\u00e6sserens driftskapacitet i forskellige applikationer.<\/p>\n<h2>Designovervejelser og udv\u00e6lgelseskriterier<\/h2>\n<h3>Lastkapacitet<\/h3>\n<p>N\u00e5r man v\u00e6lger en bomcylinder, er lasteevnen en af \u200b\u200bde mest kritiske faktorer. Den bestemmer den maksimale v\u00e6gt, cylinderen kan h\u00e5ndtere uden at g\u00e5 p\u00e5 kompromis med den strukturelle integritet. En cylinder, der er designet til applikationer med h\u00f8j belastning, skal gennemg\u00e5 strenge tests for at sikre p\u00e5lidelighed og sikkerhed under ekstreme forhold.<\/p>\n<h3>Forseglingsintegritet<\/h3>\n<p>T\u00e6tning spiller en afg\u00f8rende rolle i hydrauliksystemets effektivitet. Valg af de rigtige t\u00e6tninger hj\u00e6lper med at forhindre l\u00e6kager af hydraulikv\u00e6ske, hvilket sikrer optimal ydeevne og minimerer vedligeholdelsesomkostninger. Brugen af \u200b\u200bt\u00e6tningsmaterialer af h\u00f8j kvalitet som polyurethan og nitrilgummi forbedrer holdbarheden og slidstyrken.<\/p>\n<h3>Holdbarhed<\/h3>\n<p>Holdbarhed er afg\u00f8rende for hydrauliske cylindre, der uds\u00e6ttes for barske milj\u00f8er. Materialer og bel\u00e6gninger, der modst\u00e5r korrosion og slid, forl\u00e6nger bomcylinderens levetid, hvilket g\u00f8r den til en mere omkostningseffektiv investering for f\u00f8rere.<\/p>\n<h3>Sikkerhedsstandarder<\/h3>\n<p>Overholdelse af sikkerhedsstandarder i designet af bomcylindre er afg\u00f8rende for at sikre f\u00f8rersikkerhed og udstyrets levetid. Overholdelse af branchebestemmelser \u00f8ger produktets trov\u00e6rdighed p\u00e5 markedet.<\/p>\n<h3>Vedligeholdelsestilg\u00e6ngelighed<\/h3>\n<p>Det er afg\u00f8rende at designe bomcylindre til nem vedligeholdelse for at minimere nedetid. Funktioner, der muligg\u00f8r nem inspektion, sm\u00f8ring og udskiftning af dele, bidrager til den samlede driftseffektivitet.<\/p>\n<p><img decoding=\"async\" src=\"https:\/\/www.hydraulic-cylinders.net\/wp-content\/uploads\/2025\/04\/songte-oil-pipes-and-spare-parts.webp\" alt=\"Olier\u00f8r og reservedele\" \/><\/p>\n<h2>T\u00e6tning og sm\u00f8ring<\/h2>\n<p>Effektiv t\u00e6tning er altafg\u00f8rende for at sikre problemfri drift af bomcylindre. Der anvendes forskellige t\u00e6tninger, herunder stempelt\u00e6tninger og stangt\u00e6tninger, som ofte er lavet af slidst\u00e6rke materialer som polyurethan og nitrilgummi. Cylinderhuset og gevindenderne gennemg\u00e5r finbearbejdning for at forbedre slidstyrken, hvilket sikrer langvarig ydeevne. Regelm\u00e6ssig sm\u00f8ring med den passende hydrauliske olie er n\u00f8dvendig for at opretholde t\u00e6tningernes og selve cylinderens funktionalitet, forhindre driftsproblemer og forl\u00e6nge produktets levetid.<\/p>\n<h2>Forebyggende vedligeholdelsesforanstaltninger<\/h2>\n<ul>\n<li>\n<h3>Regelm\u00e6ssige inspektioner<\/h3>\n<p>Det er vigtigt at udf\u00f8re hyppige inspektioner af bomcylinderen for tegn p\u00e5 slid, l\u00e6kager eller skader. Tidlig opdagelse af problemer muligg\u00f8r rettidige reparationer og forhindrer dermed mere alvorlige problemer, der kan f\u00f8re til dyr nedetid.<\/h3>\n<\/li>\n<li>\n<h3>Korrekt sm\u00f8ring<\/h3>\n<p>Det er afg\u00f8rende at sikre tilstr\u00e6kkelig sm\u00f8ring af bev\u00e6gelige dele for at reducere friktion og slid. Regelm\u00e6ssig kontrol og genopfyldning af hydraulikv\u00e6skeniveauer vil bidrage til at opretholde optimal driftseffektivitet.<\/h3>\n<\/li>\n<li>\n<h3>Udskiftning af pakning<\/h3>\n<p>Med tiden kan pakninger nedbrydes og kr\u00e6ve udskiftning. At identificere det rette tidspunkt for pakningsudskiftning kan forhindre l\u00e6kager og opretholde systemets integritet.<\/h3>\n<\/li>\n<\/ul>\n<h2>Installationsvejledning<\/h2>\n<p>Korrekt installation af bomcylinderen er afg\u00f8rende for dens ydeevne og levetid. F\u00f8rst skal du s\u00f8rge for, at cylinderen er korrekt justeret i forhold til maskineriet for at forhindre un\u00f8dig belastning af komponenterne. Brug passende monteringsbeslag til at fastg\u00f8re cylinderen p\u00e5 plads, hvilket hj\u00e6lper med at opretholde justeringen og reducere vibrationer under drift. F\u00f8lg producentens specifikationer for tilslutning af hydrauliske ledninger, og s\u00f8rg for at undg\u00e5 kn\u00e6k eller skarpe b\u00f8jninger, der kan begr\u00e6nse v\u00e6skestr\u00f8mmen. Endelig, efter installationen, skal du teste det hydrauliske system for at bekr\u00e6fte, at bomcylinderen fungerer problemfrit og uden l\u00e6kager.<\/p>\n<h2>Almindelige vedligeholdelsesopgaver<\/h2>\n<h3>Regelm\u00e6ssige kontroller<\/h3>\n<p>Regelm\u00e6ssige inspektioner hj\u00e6lper med at identificere potentielle problemer, f\u00f8r de eskalerer. Kig efter tegn p\u00e5 slid, l\u00e6kager eller skader under inspektioner. At f\u00f8re en vedligeholdelseslog kan hj\u00e6lpe med at spore ydeevnen og opdage m\u00f8nstre over tid.<\/p>\n<h3>Passende sm\u00f8ring<\/h3>\n<p>Det er afg\u00f8rende at opretholde korrekt sm\u00f8reniveau for en problemfri drift af bomcylinderen. S\u00f8rg for, at sm\u00f8remidler p\u00e5f\u00f8res i henhold til producentens anbefalinger for at undg\u00e5 nedbrydning af pakninger og andre komponenter.<\/p>\n<h3>Udskiftning af pakninger og kalibreringskontroller<\/h3>\n<p>Rutinem\u00e6ssige kalibreringskontroller sikrer, at bomcylinderen yder optimal effektivitet. Hvis kalibreringen viser uoverensstemmelser i driften, kan det v\u00e6re n\u00f8dvendigt at udskifte pakninger eller foretage justeringer af hydrauliksystemet for at genoprette korrekt funktion.<\/p>\n<p><img decoding=\"async\" src=\"https:\/\/www.hydraulic-cylinders.net\/wp-content\/uploads\/2025\/04\/songte-chushion-collar.webp\" alt=\"Pudekrave\" \/><\/p>\n<h2>Sikkerhedshensyn og milj\u00f8faktorer<\/h2>\n<p>N\u00e5r man arbejder med hydrauliske systemer, er implementering af sikkerhedsforanstaltninger altafg\u00f8rende. S\u00f8rg altid for, at operat\u00f8rer er tr\u00e6net i sikker brug af bomcylindre. Udstyr b\u00f8r inspiceres regelm\u00e6ssigt for at forhindre ulykker relateret til udstyrsfejl. Derudover skal man overveje milj\u00f8p\u00e5virkningen af \u200b\u200bhydrauliske v\u00e6sker, og v\u00e6lge biologisk nedbrydelige muligheder, n\u00e5r det er muligt, for at minimere milj\u00f8skader.<\/p>\n<h2>Fejlfinding og almindelige problemer<\/h2>\n<ul>\n<li>\n<h3>L\u00e6kage<\/h3>\n<p>L\u00e6kager kan opst\u00e5 p\u00e5 grund af slidte pakninger eller beskadigede komponenter. For at afhj\u00e6lpe dette skal pakningerne inspiceres for slid og udskiftes efter behov, og det skal sikres, at alle beslag er t\u00e6tte og sikre.<\/h3>\n<\/li>\n<li>\n<h3>Inkonsekvent ydeevne<\/h3>\n<p>Hvis bomcylinderen fungerer uregelm\u00e6ssigt, skal du kontrollere hydraulikv\u00e6skeniveauet og inspicere for luft i systemet. Det kan v\u00e6re n\u00f8dvendigt at udlufte systemet for at sikre ensartet tryktilf\u00f8rsel.<\/h3>\n<\/li>\n<li>\n<h3>Overophedning<\/h3>\n<p>Overophedning af hydraulikv\u00e6sken kan v\u00e6re tegn p\u00e5 et problem med systemets k\u00f8ling. At sikre korrekte v\u00e6skeniveauer og kontrollere k\u00f8lesystemet for blokeringer kan hj\u00e6lpe med at afhj\u00e6lpe dette problem.<\/h3>\n<\/li>\n<\/ul>\n<p>Implementering af forebyggende foranstaltninger kan reducere sandsynligheden for, at disse problemer opst\u00e5r, betydeligt og derved forbedre bomcylinderens samlede p\u00e5lidelighed.<\/p>\n<p><img decoding=\"async\" src=\"https:\/\/www.hydraulic-cylinders.net\/wp-content\/uploads\/2025\/04\/songte-bushings-with-all-kinds-of-excavator-models.webp\" alt=\"B\u00f8sninger med gravemaskinemodeller\" \/><\/p>\n<h2>Om vores virksomhed<\/h2>\n<p>Vi er en f\u00f8rende producent og grossist af hydrauliske cylindre, der er dedikeret til at levere alternativer af h\u00f8j kvalitet til forskellige anvendelser. Vores omfattende produktsortiment og engagement i ekspertise har gjort os til en fremtr\u00e6dende akt\u00f8r p\u00e5 b\u00e5de indenlandske og internationale markeder. Vi overholder strenge kvalitetsstandarder og anvender avancerede produktionsteknikker, der sikrer, at vores produkter opfylder vores kunders forskellige behov.<\/p>\n<p>Vores ekspertise underst\u00f8ttes af en dygtig arbejdsstyrke, topmoderne digitalt produktionsudstyr og robuste testsystemer, der forbedrer vores produktionskapacitet. Vi prioriterer kvalitet, effektivitet og pr\u00e6cision, hvilket g\u00f8r os i stand til effektivt at opfylde vores kunders unikke krav. Vores omd\u00f8mme er bygget p\u00e5 p\u00e5lidelighed, innovative l\u00f8sninger og enest\u00e5ende eftersalgsservice.<\/p>\n<p><img decoding=\"async\" src=\"https:\/\/www.hydraulic-cylinders.net\/wp-content\/uploads\/2025\/04\/songte-company-4.webp\" alt=\"Firmabillede 1\" \/><br \/>\n<img decoding=\"async\" src=\"https:\/\/www.hydraulic-cylinders.net\/wp-content\/uploads\/2025\/04\/songte-company-3.webp\" alt=\"Virksomhedsbillede 2\" \/><\/p>\n<p>Forfatter: lyl<\/p>","protected":false},"excerpt":{"rendered":"<p>Boom Cylinder For Yishan YS70 Introduction to Boom Cylinder The Boom Cylinder is a crucial component in hydraulic systems, specifically designed for controlling the movement of buckets in heavy machinery such as excavators, backhoe loaders, and front loaders. It allows for the lifting, lowering, and tilting of the bucket, facilitating efficient material handling tasks. This [&hellip;]<\/p>","protected":false},"featured_media":17872,"comment_status":"open","ping_status":"closed","template":"","meta":{"_et_pb_use_builder":"","_et_pb_old_content":"","_et_gb_content_width":""},"product_brand":[],"product_cat":[1546],"product_tag":[1547,1496],"class_list":{"0":"post-19564","1":"product","2":"type-product","3":"status-publish","4":"has-post-thumbnail","6":"product_cat-boom-cylinders","7":"product_tag-boom-cylinders","8":"product_tag-hydraulic-cylinders","10":"first","11":"instock","12":"shipping-taxable","13":"product-type-simple"},"amp_enabled":true,"_links":{"self":[{"href":"https:\/\/www.hydraulic-cylinders.net\/da\/wp-json\/wp\/v2\/product\/19564","targetHints":{"allow":["GET"]}}],"collection":[{"href":"https:\/\/www.hydraulic-cylinders.net\/da\/wp-json\/wp\/v2\/product"}],"about":[{"href":"https:\/\/www.hydraulic-cylinders.net\/da\/wp-json\/wp\/v2\/types\/product"}],"replies":[{"embeddable":true,"href":"https:\/\/www.hydraulic-cylinders.net\/da\/wp-json\/wp\/v2\/comments?post=19564"}],"wp:featuredmedia":[{"embeddable":true,"href":"https:\/\/www.hydraulic-cylinders.net\/da\/wp-json\/wp\/v2\/media\/17872"}],"wp:attachment":[{"href":"https:\/\/www.hydraulic-cylinders.net\/da\/wp-json\/wp\/v2\/media?parent=19564"}],"wp:term":[{"taxonomy":"product_brand","embeddable":true,"href":"https:\/\/www.hydraulic-cylinders.net\/da\/wp-json\/wp\/v2\/product_brand?post=19564"},{"taxonomy":"product_cat","embeddable":true,"href":"https:\/\/www.hydraulic-cylinders.net\/da\/wp-json\/wp\/v2\/product_cat?post=19564"},{"taxonomy":"product_tag","embeddable":true,"href":"https:\/\/www.hydraulic-cylinders.net\/da\/wp-json\/wp\/v2\/product_tag?post=19564"}],"curies":[{"name":"wp","href":"https:\/\/api.w.org\/{rel}","templated":true}]}}